{"id":20710,"date":"2025-05-27T06:21:58","date_gmt":"2025-05-27T06:21:58","guid":{"rendered":"https:\/\/www.hydraulic-cylinders.net\/product\/sanitation-vehicle-locking-hook-hydraulic-cylinder\/"},"modified":"2025-05-27T06:22:00","modified_gmt":"2025-05-27T06:22:00","slug":"sanitation-vehicle-locking-hook-hydraulic-cylinder","status":"publish","type":"product","link":"https:\/\/www.hydraulic-cylinders.net\/fi\/tuote\/sanitation-vehicle-locking-hook-hydraulic-cylinder\/","title":{"rendered":"Sanitaatioajoneuvon lukituskoukun hydraulisylinteri"},"content":{"rendered":"<h1>Sanitaatioajoneuvon lukituskoukun hydraulisylinteri<\/h1>\n<h2>Johdatus hydrauliseen sylinteriin<\/h2>\n<p>Sanitaatioajoneuvon lukituskoukun hydraulisylinteri on t\u00e4rke\u00e4 komponentti, joka on suunniteltu parantamaan sanitaatioajoneuvojen toimivuutta. T\u00e4m\u00e4 hydraulisylinteri toimii muuntamalla nesteen paineen mekaaniseksi voimaksi, mik\u00e4 mahdollistaa lukitus- ja avausmekanismit tehokkaaseen kuorman hallintaan. Sylinterill\u00e4 on t\u00e4rke\u00e4 rooli laitteiden ja lis\u00e4laitteiden kiinnitt\u00e4misess\u00e4, mik\u00e4 varmistaa turvallisuuden ja luotettavuuden k\u00e4yt\u00f6n aikana. Sylinterin halkaisijan ollessa 40 mm ja tangon halkaisijan ollessa 22 mm, t\u00e4m\u00e4n hydrauliyksik\u00f6n liikepituus on 50 mm, joten se sopii erinomaisesti erilaisiin sanitaatioajoneuvojen sovelluksiin. 305 mm:n asennuset\u00e4isyys mahdollistaa monipuolisen integroinnin olemassa oleviin j\u00e4rjestelmiin ja varmistaa, ett\u00e4 se t\u00e4ytt\u00e4\u00e4 nykyaikaisten sanitaatiotoimintojen vaatimukset.<\/p>\n<h2>Tuotteen tekniset tiedot<\/h2>\n<h3>Keskeiset parametrit<\/h3>\n<ul>\n<li><strong>Sylinterin halkaisija:<\/strong> 40 mm<\/li>\n<li><strong>Tangon halkaisija:<\/strong> 22 mm<\/li>\n<li><strong>Matkan pituus:<\/strong> 50 mm<\/li>\n<li><strong>Asennuset\u00e4isyys:<\/strong> 305 mm<\/li>\n<\/ul>\n<p>N\u00e4m\u00e4 eritelm\u00e4t korostavat hydraulisylinterin mittoja ja ominaisuuksia, tarjoten vankan ratkaisun erilaisiin lukitusmekanismeihin saniteettiajoneuvoissa.<\/p>\n<h2>Hydraulisylinterin ominaisuudet<\/h2>\n<ul>\n<li>Korkea kest\u00e4vyys: Suunniteltu kest\u00e4m\u00e4\u00e4n vaativia k\u00e4ytt\u00f6olosuhteita.<\/li>\n<li>Tarkkuustekniikka: Varmistaa tasaisen suorituskyvyn ja luotettavuuden.<\/li>\n<li>Helppo asennus: Yhteensopiva vakioasennuskokoonpanojen kanssa.<\/li>\n<li>Erinomainen tiivistys: Est\u00e4\u00e4 nestevuodon ja parantaa tehokkuutta.<\/li>\n<li>Mukautettavat vaihtoehdot: R\u00e4\u00e4t\u00e4l\u00f6id\u00e4\u00e4n vastaamaan asiakkaan erityisvaatimuksia.<\/li>\n<\/ul>\n<p>Olemme erikoistuneet korkealaatuisten hydraulisylintereiden valmistukseen, jotka korvaavat t\u00e4ydellisesti olemassa olevat mallit varmistaen saumattoman integroinnin ja optimaalisen suorituskyvyn.<\/p>\n<h2>Hydraulisylinterin sovellukset<\/h2>\n<h3>1. Puhdistusajoneuvojen toiminta<\/h3>\n<p>T\u00e4t\u00e4 hydraulisylinteri\u00e4 k\u00e4ytet\u00e4\u00e4n p\u00e4\u00e4asiassa saniteettiajoneuvoissa j\u00e4teastioiden lukitsemiseen tarkoitettujen lukituskoukkujen k\u00e4ytt\u00e4miseen. Se varmistaa, ett\u00e4 astiat lukitaan turvallisesti kuljetuksen aikana, est\u00e4en roiskumisen ja parantaen sek\u00e4 kuljettajien ett\u00e4 jalankulkijoiden turvallisuutta. Helpottamalla astioiden nopeaa irrottamista ja lukitsemista se lis\u00e4\u00e4 j\u00e4tteenker\u00e4ysprosessien toiminnan tehokkuutta.<\/p>\n<h3>2. J\u00e4tteenker\u00e4ysj\u00e4rjestelm\u00e4t<\/h3>\n<p>J\u00e4tteenker\u00e4ysj\u00e4rjestelmiss\u00e4 hydraulisylinteri auttaa mekanismia, joka nostaa ja kippaa kontit ker\u00e4ysajoneuvoon. Sen luotettava toiminta varmistaa, ett\u00e4 nostoprosessi on sujuva, mik\u00e4 v\u00e4hent\u00e4\u00e4 sek\u00e4 ajoneuvon ett\u00e4 kontin kulumista. T\u00e4m\u00e4 edist\u00e4\u00e4 ymp\u00e4rist\u00f6yst\u00e4v\u00e4llisemp\u00e4\u00e4 toimintaa minimoimalla roiskeet ja varmistamalla, ett\u00e4 kaikki j\u00e4te ker\u00e4t\u00e4\u00e4n tehokkaasti.<\/p>\n<h3>3. Kierr\u00e4tysohjelmat<\/h3>\n<p>Kierr\u00e4tysohjelmissa hydraulisylinteri\u00e4 k\u00e4ytet\u00e4\u00e4n kierr\u00e4tett\u00e4vien materiaalien lajittelu- ja kuljetusmekanismien k\u00e4ytt\u00e4miseen. Sen tarkkuus ja luotettavuus auttavat materiaalivirran hallinnassa varmistaen, ett\u00e4 kierr\u00e4tysprosessi pysyy tehokkaana ja toimivana, mik\u00e4 edist\u00e4\u00e4 kest\u00e4v\u00e4\u00e4 j\u00e4tehuoltoa.<\/p>\n<h2>Suunnittelun\u00e4k\u00f6kohdat ja valintakriteerit<\/h2>\n<h3>1. Kantavuus<\/h3>\n<p>Hydraulisylinterin kuormituskapasiteetti on kriittinen tekij\u00e4, joka m\u00e4\u00e4ritt\u00e4\u00e4, kuinka paljon painoa se kest\u00e4\u00e4 turvallisesti vikaantumatta. T\u00e4h\u00e4n sis\u00e4ltyy k\u00e4yt\u00f6n aikana kohdistuvan enimm\u00e4iskuormituksen huomioon ottaminen ja sen varmistaminen, ett\u00e4 sylinteri on riitt\u00e4v\u00e4n kest\u00e4v\u00e4 kest\u00e4m\u00e4\u00e4n siihen liittyv\u00e4t rasitukset. Asianmukaiset kuormituslaskelmat est\u00e4v\u00e4t ennenaikaisen kulumisen ja pident\u00e4v\u00e4t sylinterin k\u00e4ytt\u00f6ik\u00e4\u00e4.<\/p>\n<h3>2. Tiivistyskyky<\/h3>\n<p>Tehokas tiivistys on v\u00e4ltt\u00e4m\u00e4t\u00f6nt\u00e4 hydraulisylintereille paineen yll\u00e4pit\u00e4miseksi ja vuotojen est\u00e4miseksi. Tiivistemateriaalien, kuten polyuretaanin tai nitriilikumin, valinnalla on merkitt\u00e4v\u00e4 rooli pitk\u00e4aikaisen suorituskyvyn varmistamisessa. N\u00e4m\u00e4 materiaalit tarjoavat erinomaisen kulumiskest\u00e4vyyden ja s\u00e4ilytt\u00e4v\u00e4t tiiviin tiivistyksen k\u00e4ytt\u00f6paineissa.<\/p>\n<h3>3. Kest\u00e4vyys ja pitk\u00e4ik\u00e4isyys<\/h3>\n<p>Kest\u00e4vyyteen liittyviin n\u00e4k\u00f6kohtiin kuuluu korkealaatuisten materiaalien ja suojapinnoitteiden valinta, jotka kest\u00e4v\u00e4t ankaria ymp\u00e4rist\u00f6olosuhteita. T\u00e4m\u00e4 on erityisen t\u00e4rke\u00e4\u00e4 sanitaatiosovelluksissa, joissa altistuminen sy\u00f6vytt\u00e4ville aineille on yleist\u00e4. Hyvin suunnitellussa sylinteriss\u00e4 on kest\u00e4v\u00e4 rakenne, joka maksimoi k\u00e4ytt\u00f6i\u00e4n ja v\u00e4hent\u00e4\u00e4 tarvetta usein vaihdettaville sylinterille.<\/p>\n<h3>4. Turvaominaisuudet<\/h3>\n<p>Turvallisuus on hydraulij\u00e4rjestelmiss\u00e4 ensiarvoisen t\u00e4rke\u00e4\u00e4. Suunnittelussa on oltava ominaisuuksia, jotka minimoivat vikaantumisriskin, kuten paineenalennusventtiilit ja vikasietomekanismit. N\u00e4m\u00e4 komponentit varmistavat, ett\u00e4 toimintah\u00e4iri\u00f6n sattuessa j\u00e4rjestelm\u00e4 voi vapauttaa paineen turvallisesti ja est\u00e4\u00e4 onnettomuudet k\u00e4yt\u00f6n aikana.<\/p>\n<h3>5. Huolto- ja korjausn\u00e4k\u00f6kohdat<\/h3>\n<p>Huolto on ratkaisevan t\u00e4rke\u00e4\u00e4 hydraulisylintereiden pitk\u00e4ik\u00e4isyyden kannalta. Suunnittelussa tulisi ottaa huomioon, ett\u00e4 komponentteihin, kuten tiivisteisiin ja voitelupisteisiin, on helppo p\u00e4\u00e4st\u00e4 k\u00e4siksi tarkastusta ja huoltoa varten. Modulaaristen komponenttien sis\u00e4llytt\u00e4minen voi yksinkertaistaa korjauksia ja v\u00e4hent\u00e4\u00e4 seisokkiaikoja varmistaen, ett\u00e4 j\u00e4rjestelm\u00e4 pysyy toimintakunnossa.<\/p>\n<h2>Tiivistys ja voitelu<\/h2>\n<p>Asianmukainen tiivistys ja voitelu ovat elint\u00e4rkeit\u00e4 hydraulisylinterien tehokkaalle toiminnalle. Sylinterin tiiviin tiivistyksen varmistamiseksi k\u00e4ytet\u00e4\u00e4n erilaisia \u200b\u200btiivistyskomponentteja, kuten m\u00e4nn\u00e4n ja varren tiivisteit\u00e4. Kulutusta kest\u00e4vist\u00e4 materiaaleista, kuten polyuretaanista ja nitriilikumista, valmistetut tiivisteet tarjoavat erinomaisen kest\u00e4vyyden hankausta ja ymp\u00e4rist\u00f6tekij\u00f6it\u00e4 vastaan.<\/p>\n<p>Sylinterin runko ja kierteitetyt p\u00e4\u00e4typinnat on k\u00e4sitelty huolellisesti kulutuskest\u00e4vyyden parantamiseksi. S\u00e4\u00e4nn\u00f6llinen huolto vaatii s\u00e4\u00e4nn\u00f6llist\u00e4 voitelua hydrauliikka\u00f6ljyll\u00e4 kitkan minimoimiseksi ja tasaisen toiminnan edist\u00e4miseksi. T\u00e4m\u00e4 ei ainoastaan \u200b\u200bpidenn\u00e4 tiivisteiden k\u00e4ytt\u00f6ik\u00e4\u00e4, vaan my\u00f6s parantaa j\u00e4rjestelm\u00e4n kokonaissuorituskyky\u00e4.<\/p>\n<h2>S\u00e4\u00e4nn\u00f6llinen tarkastus ja ennaltaehk\u00e4isev\u00e4 huolto<\/h2>\n<ul>\n<li><strong>Rutiinitarkastukset:<\/strong> Tee s\u00e4\u00e4nn\u00f6llisi\u00e4 silm\u00e4m\u00e4\u00e4r\u00e4isi\u00e4 tarkastuksia kulumisen, vuotojen tai vaurioiden varalta. Ongelmien varhainen havaitseminen voi est\u00e4\u00e4 vakavia vikoja.<\/li>\n<li><strong>Voiteluohjelma:<\/strong> Laadi voiteluaikataulu varmistaaksesi, ett\u00e4 tiivisteet ja liikkuvat osat on voideltu riitt\u00e4v\u00e4sti, mik\u00e4 parantaa suorituskyky\u00e4 ja v\u00e4hent\u00e4\u00e4 kulumista.<\/li>\n<li><strong>Tiivisteen vaihto:<\/strong> Tarkista tiivisteet s\u00e4\u00e4nn\u00f6llisesti kulumisen varalta ja vaihda ne tarvittaessa optimaalisen tiivistystehon yll\u00e4pit\u00e4miseksi ja nesteh\u00e4vi\u00f6iden est\u00e4miseksi.<\/li>\n<\/ul>\n<p>Ennaltaehk\u00e4isev\u00e4t huoltotoimenpiteet ovat v\u00e4ltt\u00e4m\u00e4tt\u00f6mi\u00e4 sen varmistamiseksi, ett\u00e4 hydraulisylinteri toimii tehokkaasti ja turvallisesti, ja minimoivat odottamattomien vikojen riskin.<\/p>\n<h2>Asennusohjeet<\/h2>\n<p>Hydraulisylinterin oikea asennus on ratkaisevan t\u00e4rke\u00e4\u00e4 optimaalisen suorituskyvyn kannalta. Aloita varmistamalla, ett\u00e4 kiinnityspinnat ovat puhtaat ja roskattomat. Kohdista sylinteri tarkasti kiinnityskiinnikkeisiin ja kiinnit\u00e4 se suositelluilla pulteilla ja kiinnikkeill\u00e4. On t\u00e4rke\u00e4\u00e4 k\u00e4ytt\u00e4\u00e4 sopivia asennuskiinnikkeit\u00e4 virhekohdistuksen est\u00e4miseksi, joka voi johtaa ennenaikaiseen kulumiseen tai rikkoutumiseen.<\/p>\n<p>Noudata valmistajan ohjeita kiristysmomenttien suhteen asennuksen aikana varmistaaksesi oikean kireyden puristamatta komponentteja liikaa. Asennuksen j\u00e4lkeen tarkista oikea kohdistus ja s\u00e4\u00e4d\u00e4 tarvittaessa. Lopuksi asennuksen j\u00e4lkeen suorita toimintatesti varmistaaksesi, ett\u00e4 sylinteri toimii sujuvasti ja tehokkaasti j\u00e4rjestelm\u00e4ss\u00e4.<\/p>\n<h2>Yleiset huoltoteht\u00e4v\u00e4t<\/h2>\n<h3>1. S\u00e4\u00e4nn\u00f6lliset tarkastukset<\/h3>\n<p>S\u00e4\u00e4nn\u00f6llisten tarkastusten suorittaminen on elint\u00e4rke\u00e4\u00e4 mahdollisten ongelmien tunnistamiseksi ennen niiden pahenemista. Tarkista tiivisteiden ymp\u00e4rill\u00e4 olevat vuotojen merkit, varmista, ett\u00e4 liikkuvat osat toimivat sujuvasti, ja arvioi sylinterin yleinen kunto. Varhainen puuttuminen voi est\u00e4\u00e4 kalliita korjauksia ja seisokkeja.<\/p>\n<h3>2. Oikea voitelu<\/h3>\n<p>Hydraulisylinterin riitt\u00e4v\u00e4 voitelu on v\u00e4ltt\u00e4m\u00e4t\u00f6nt\u00e4 optimaalisen suorituskyvyn yll\u00e4pit\u00e4miseksi. K\u00e4yt\u00e4 suositeltuja hydrauli\u00f6ljyj\u00e4 ja levit\u00e4 niit\u00e4 oikeisiin tiivisteisiin ja liikkuviin osiin. Oikea voitelu v\u00e4hent\u00e4\u00e4 kitkaa ja kulumista, mik\u00e4 pident\u00e4\u00e4 sylinterin k\u00e4ytt\u00f6ik\u00e4\u00e4.<\/p>\n<h3>3. Tiivisteiden vaihto ja kalibrointitarkastukset<\/h3>\n<p>Vaihda tiivisteet s\u00e4\u00e4nn\u00f6llisesti osana huoltorutiinia vuotojen est\u00e4miseksi ja paineen yll\u00e4pit\u00e4miseksi j\u00e4rjestelm\u00e4ss\u00e4. Kalibrointitarkastukset ovat yht\u00e4 t\u00e4rkeit\u00e4 sen varmistamiseksi, ett\u00e4 sylinteri toimii m\u00e4\u00e4ritettyjen parametrien mukaisesti, tarjoaa tarkan suorituskyvyn ja est\u00e4\u00e4 vikoja.<\/p>\n<h2>Turvallisuusn\u00e4k\u00f6kohdat ja ymp\u00e4rist\u00f6tekij\u00e4t<\/h2>\n<p>Hydraulisylinterien kanssa ty\u00f6skennelt\u00e4ess\u00e4 turvatoimenpiteet ovat ratkaisevan t\u00e4rkeit\u00e4. Varmista, ett\u00e4 kaikki henkil\u00f6st\u00f6 on koulutettu hydraulisten j\u00e4rjestelmien turvalliseen k\u00e4sittelyyn ja k\u00e4ytt\u00f6\u00f6n. K\u00e4yt\u00e4 asianmukaisia \u200b\u200blukitusmekanismeja, kuten hydraulisylinterin lukituskoukkua, est\u00e4\u00e4ksesi vahingossa tapahtuvat irtoamiset huollon tai k\u00e4yt\u00f6n aikana. Lis\u00e4ksi ota huomioon ymp\u00e4rist\u00f6tekij\u00e4t varmistamalla, ett\u00e4 hydraulinestett\u00e4 k\u00e4sitell\u00e4\u00e4n vastuullisesti roiskeiden ja saastumisen est\u00e4miseksi.<\/p>\n<h2>Vianm\u00e4\u00e4ritys ja yleiset ongelmat<\/h2>\n<ul>\n<li><strong>Vuoto:<\/strong> Jos huomaat hydraulinestett\u00e4 vuotavan sylinterist\u00e4, tarkista tiivisteiden kuluminen ja vaihda ne tarvittaessa.<\/li>\n<li><strong>Paineh\u00e4vi\u00f6:<\/strong> Paineen lasku voi viitata tukoksiin tai vuotoihin j\u00e4rjestelm\u00e4ss\u00e4. Tarkista putket ja liit\u00e4nn\u00e4t mahdollisten vaurioiden varalta.<\/li>\n<li><strong>Jumiutuminen tai jumiutuminen:<\/strong> Jos sylinteri ei liiku tasaisesti, tarkista j\u00e4rjestelm\u00e4n roskat ja varmista, ett\u00e4 se on asianmukaisesti voideltu.<\/li>\n<\/ul>\n<p>N\u00e4iden yleisten ongelmien nopea ratkaiseminen voi auttaa yll\u00e4pit\u00e4m\u00e4\u00e4n hydraulisten toimintojen tehokkuutta ja turvallisuutta.<\/p>\n<p>Tehokkaan vianm\u00e4\u00e4rityksen varmistamiseksi noudata aina valmistajan ohjeita ja pid\u00e4 kirjaa toistuvista ongelmista tunnistaaksesi kaavat, jotka saattavat vaatia lis\u00e4toimenpiteit\u00e4.<\/p>\n<p><img decoding=\"async\" src=\"https:\/\/www.hydraulic-cylinders.net\/wp-content\/uploads\/2025\/05\/hydraulic-cylinder-all-2.webp\" alt=\"Hydraulinen sylinteri\" \/><\/p>\n<h2>Tietoa yrityksest\u00e4mme<\/h2>\n<p>Olemme johtava hydraulisylintereiden valmistaja, joka tarjoaa laajan valikoiman korkealaatuisia tuotteita erilaisiin k\u00e4ytt\u00f6tarkoituksiin. Sitoutumisemme huippuosaamiseen on asettanut meid\u00e4t edell\u00e4k\u00e4vij\u00e4ksi sek\u00e4 kotimaisilla ett\u00e4 kansainv\u00e4lisill\u00e4 markkinoilla. Olemme ylpeit\u00e4 voidessamme toimittaa ammattitason hydrauliikkaratkaisuja, joilla on kansainv\u00e4liset sertifikaatit, jotka takaavat luotettavuuden ja turvallisuuden.<\/p>\n<p>Tuotantolaitoksemme on varustettu huippuluokan koneilla, joiden ansiosta voimme tarjota r\u00e4\u00e4t\u00e4l\u00f6ityj\u00e4 ratkaisuja, jotka on r\u00e4\u00e4t\u00e4l\u00f6ity vastaamaan asiakkaiden erityisvaatimuksia. Lis\u00e4ksi tarjoamme kattavaa j\u00e4lkimarkkinointitukea varmistaen, ett\u00e4 asiakkaamme saavat tarvitsemaansa apua tuotteidemme koko elinkaaren ajan.<\/p>\n<p><img decoding=\"async\" src=\"https:\/\/www.hydraulic-cylinders.net\/wp-content\/uploads\/2025\/05\/xinxin-hydraulic-cylinder-factory-1.webp\" alt=\"Hydraulisylinteritehdas\" \/><\/p>\n<p>Kirjoittaja: lyl<\/p>","protected":false},"excerpt":{"rendered":"<p>Sanitation Vehicle Locking Hook Hydraulic Cylinder Introduction to the Hydraulic Cylinder The Sanitation Vehicle Locking Hook Hydraulic Cylinder is a crucial component designed to enhance the functionality of sanitation vehicles. This hydraulic cylinder operates by converting fluid pressure into mechanical force, enabling the locking and unlocking mechanisms for effective load management. The cylinder plays a [&hellip;]<\/p>","protected":false},"featured_media":20625,"comment_status":"open","ping_status":"closed","template":"","meta":{"_et_pb_use_builder":"","_et_pb_old_content":"","_et_gb_content_width":""},"product_brand":[],"product_cat":[1483,1558],"product_tag":[],"class_list":{"0":"post-20710","1":"product","2":"type-product","3":"status-publish","4":"has-post-thumbnail","6":"product_cat-construction-machinery-hydraulic-cylinders","7":"product_cat-sanitation-machinery-hydraulic-cylinders-2","9":"first","10":"instock","11":"shipping-taxable","12":"product-type-simple"},"amp_enabled":true,"_links":{"self":[{"href":"https:\/\/www.hydraulic-cylinders.net\/fi\/wp-json\/wp\/v2\/product\/20710","targetHints":{"allow":["GET"]}}],"collection":[{"href":"https:\/\/www.hydraulic-cylinders.net\/fi\/wp-json\/wp\/v2\/product"}],"about":[{"href":"https:\/\/www.hydraulic-cylinders.net\/fi\/wp-json\/wp\/v2\/types\/product"}],"replies":[{"embeddable":true,"href":"https:\/\/www.hydraulic-cylinders.net\/fi\/wp-json\/wp\/v2\/comments?post=20710"}],"wp:featuredmedia":[{"embeddable":true,"href":"https:\/\/www.hydraulic-cylinders.net\/fi\/wp-json\/wp\/v2\/media\/20625"}],"wp:attachment":[{"href":"https:\/\/www.hydraulic-cylinders.net\/fi\/wp-json\/wp\/v2\/media?parent=20710"}],"wp:term":[{"taxonomy":"product_brand","embeddable":true,"href":"https:\/\/www.hydraulic-cylinders.net\/fi\/wp-json\/wp\/v2\/product_brand?post=20710"},{"taxonomy":"product_cat","embeddable":true,"href":"https:\/\/www.hydraulic-cylinders.net\/fi\/wp-json\/wp\/v2\/product_cat?post=20710"},{"taxonomy":"product_tag","embeddable":true,"href":"https:\/\/www.hydraulic-cylinders.net\/fi\/wp-json\/wp\/v2\/product_tag?post=20710"}],"curies":[{"name":"wp","href":"https:\/\/api.w.org\/{rel}","templated":true}]}}