{"id":20711,"date":"2025-05-27T06:22:00","date_gmt":"2025-05-27T06:22:00","guid":{"rendered":"https:\/\/www.hydraulic-cylinders.net\/product\/sanitation-vehicle-top-cover-hydraulic-cylinder\/"},"modified":"2025-05-27T06:22:02","modified_gmt":"2025-05-27T06:22:02","slug":"sanitation-vehicle-top-cover-hydraulic-cylinder","status":"publish","type":"product","link":"https:\/\/www.hydraulic-cylinders.net\/fi\/tuote\/sanitation-vehicle-top-cover-hydraulic-cylinder\/","title":{"rendered":"Sanitaatioajoneuvon yl\u00e4kannen hydraulisylinteri"},"content":{"rendered":"<h1>Sanitaatioajoneuvon yl\u00e4kannen hydraulisylinteri<\/h1>\n<h2>Tuotteen yleiskatsaus<\/h2>\n<p>Sanitaatioajoneuvon yl\u00e4kannen hydraulisylinteri on olennainen osa sanitaatioajoneuvojen tehokasta toimintaa varten. T\u00e4m\u00e4 hydraulisylinteri vastaa yl\u00e4kannen nostamisesta ja laskemisesta varmistaen, ett\u00e4 j\u00e4tteenk\u00e4sittelyprosessit suoritetaan saumattomasti. Korkealaatuisista materiaaleista valmistettu sylinteri tarjoaa luotettavan ratkaisun erilaisiin sanitaatioalan sovelluksiin. Hydraulisylinteri toimii muuntamalla nesteenergiaa mekaaniseksi energiaksi, mik\u00e4 mahdollistaa sujuvan liikkeen ja hallinnan. Sen kest\u00e4v\u00e4 rakenne takaa kest\u00e4vyyden, joten se sopii raskaisiin teht\u00e4viin. 63 mm:n halkaisijan ja 35 mm:n tangon halkaisijan ansiosta sen liikematka on 140 mm ja asennusmatka 405 mm, joten se sopii monipuolisesti erilaisiin sanitaatioajoneuvomalleihin.<\/p>\n<h2>Tuotteen tekniset tiedot<\/h2>\n<h3>Teknisten tietojen yleiskatsaus<\/h3>\n<ul>\n<li>Sylinterin halkaisija: 63 mm<\/li>\n<li>Tangon halkaisija: 35 mm<\/li>\n<li>Matka: 140 mm<\/li>\n<li>Asennuset\u00e4isyys: 405 mm<\/li>\n<\/ul>\n<p>N\u00e4m\u00e4 tiedot korostavat hydraulisylinterin kyky\u00e4 k\u00e4sitell\u00e4 huomattavia kuormia tehokkuudesta tinkim\u00e4tt\u00e4. Tarkat mitat takaavat yhteensopivuuden erilaisten saniteettiajoneuvomallien kanssa ja tarjoavat tarkan sovituksen optimaalista suorituskyky\u00e4 varten.<\/p>\n<h2>T\u00e4rkeimm\u00e4t ominaisuudet<\/h2>\n<ul>\n<li>Suuri kuormituskapasiteetti raskaisiin puhtaanapitoteht\u00e4viin.<\/li>\n<li>Tehokas tiivistysj\u00e4rjestelm\u00e4 vuotojen est\u00e4miseksi.<\/li>\n<li>Kest\u00e4v\u00e4 rakenne pitk\u00e4aikaiseen suorituskykyyn.<\/li>\n<li>Reagoiva toiminta auttaa nopeassa peitteen liikkeess\u00e4.<\/li>\n<li>Mukautettavia vaihtoehtoja saatavilla erityistarpeisiin.<\/li>\n<\/ul>\n<p>Valmistuskykymme ansiosta voimme valmistaa t\u00e4t\u00e4 hydraulisylinteri\u00e4, mik\u00e4 varmistaa, ett\u00e4 se korvaa t\u00e4ydellisesti olemassa olevat yksik\u00f6t parannetulla suorituskyvyll\u00e4 ja luotettavuudella.<\/p>\n<h2>Sovellusskenaariot<\/h2>\n<h3>J\u00e4tehuoltoajoneuvot<\/h3>\n<p>T\u00e4t\u00e4 hydraulisylinteri\u00e4 k\u00e4ytet\u00e4\u00e4n p\u00e4\u00e4asiassa j\u00e4tehuoltoajoneuvoissa, ja se helpottaa yl\u00e4kannen nostamista ja laskemista. Sylinterin tehokas toiminta on ratkaisevan t\u00e4rke\u00e4\u00e4 sen varmistamiseksi, ett\u00e4 j\u00e4te voidaan pit\u00e4\u00e4 turvallisesti kuljetuksen aikana, mik\u00e4 minimoi roiskeet ja hajun. N\u00e4m\u00e4 ajoneuvot luottavat hydraulisylinteriin, jotta j\u00e4teastiaan p\u00e4\u00e4see nopeasti k\u00e4siksi, mik\u00e4 helpottaa k\u00e4ytt\u00e4jien tehokasta j\u00e4tteenk\u00e4sittely\u00e4. Sylinterin luotettava toiminta edist\u00e4\u00e4 j\u00e4tteenker\u00e4ysprosessien kokonaistehokkuutta.<\/p>\n<h3>Kierr\u00e4tysautot<\/h3>\n<p>Kierr\u00e4tystoiminnoissa hydraulisylinterill\u00e4 on t\u00e4rke\u00e4 rooli kierr\u00e4tysautojen kansien avaamisessa ja sulkemisessa. T\u00e4m\u00e4 varmistaa, ett\u00e4 eri materiaalit voidaan erotella ja k\u00e4sitell\u00e4 asianmukaisesti kuljetuksen aikana. Kyky toimia sujuvasti erilaisissa olosuhteissa on v\u00e4ltt\u00e4m\u00e4t\u00f6nt\u00e4 kierr\u00e4tett\u00e4vien materiaalien eheyden s\u00e4ilytt\u00e4miseksi. Ymp\u00e4rist\u00f6huolien kasvaessa n\u00e4ist\u00e4 sovelluksista on tulossa yh\u00e4 t\u00e4rke\u00e4mpi\u00e4 kest\u00e4vien k\u00e4yt\u00e4nt\u00f6jen edist\u00e4misess\u00e4 kaupunkiymp\u00e4rist\u00f6ss\u00e4.<\/p>\n<h3>Puristuskuorma-autot<\/h3>\n<p>My\u00f6s puristusautot hy\u00f6tyv\u00e4t hydraulisylinterin toiminnasta. Mekanismi on ratkaisevan t\u00e4rke\u00e4 j\u00e4tteen tehokkaan puristamisen kannalta, mik\u00e4 mahdollistaa kuorma-auton tilan optimaalisen k\u00e4yt\u00f6n. Sylinterin rakenne mahdollistaa vankan suorituskyvyn my\u00f6s raskaita kuormia k\u00e4sitelt\u00e4ess\u00e4, mik\u00e4 varmistaa puristusprosessin tehokkuuden. T\u00e4m\u00e4 tehokkuus ei ainoastaan \u200b\u200bparanna j\u00e4tteenker\u00e4yst\u00e4, vaan my\u00f6s parantaa polttoainetaloutta maksimoimalla kuormakapasiteetin.<\/p>\n<h2>Suunnittelun\u00e4k\u00f6kohdat<\/h2>\n<h3>Kantavuus<\/h3>\n<p>Hydraulisylintereit\u00e4 suunniteltaessa kuormituskapasiteetti on ensisijainen huomioitava seikka. Sylinterin on kestett\u00e4v\u00e4 merkitt\u00e4vi\u00e4 voimia vaarantamatta sen rakenteellista eheytt\u00e4. Hyvin suunniteltu sylinteri on luotettava ja varmistaa, ett\u00e4 se toimii saniteettiajoneuvoissa yleisesti esiintyvien rasitusten alaisena.<\/p>\n<h3>Tiivistystehokkuus<\/h3>\n<p>Tehokas tiivistys on ratkaisevan t\u00e4rke\u00e4\u00e4 hydraulinesteen vuotojen est\u00e4miseksi. Korkealaatuisia tiivistemateriaaleja, kuten polyuretaania ja nitriilikumia, k\u00e4ytet\u00e4\u00e4n sylinterin suorituskyvyn ja k\u00e4ytt\u00f6i\u00e4n parantamiseksi. N\u00e4m\u00e4 tiivisteet on suunniteltu kest\u00e4m\u00e4\u00e4n hydraulij\u00e4rjestelmille tyypillisi\u00e4 korkeita paineita ja vaihtelevia l\u00e4mp\u00f6tiloja varmistaen toiminnan tehokkuuden.<\/p>\n<h3>Kest\u00e4vyys<\/h3>\n<p>Hydraulisylinterin kest\u00e4vyys on ensiarvoisen t\u00e4rke\u00e4\u00e4, erityisesti vaativissa sovelluksissa. Korkealaatuisten materiaalien ja tarkkuustekniikan k\u00e4ytt\u00f6 pident\u00e4\u00e4 tuotteen k\u00e4ytt\u00f6ik\u00e4\u00e4. Kest\u00e4vyys varmistaa, ett\u00e4 sylinteri toimii tasaisesti ajan kuluessa, mik\u00e4 v\u00e4hent\u00e4\u00e4 vaihtojen ja huollon tarvetta.<\/p>\n<h3>Turvaominaisuudet<\/h3>\n<p>Turvaominaisuuksien sis\u00e4llytt\u00e4minen hydraulisylinterien suunnitteluun on olennaista k\u00e4ytt\u00e4jien ja laitteiden suojaamiseksi. Paineenalennusventtiilien ja ylikuormitussuojamekanismien kaltaiset ominaisuudet ovat elint\u00e4rkeit\u00e4 onnettomuuksien ehk\u00e4isemiseksi ja turvallisen k\u00e4yt\u00f6n varmistamiseksi. T\u00e4m\u00e4 on erityisen t\u00e4rke\u00e4\u00e4 ymp\u00e4rist\u00f6iss\u00e4, joissa suuret kuormat ja hydrauliset paineet ovat yleisi\u00e4.<\/p>\n<h3>Huolto ja huollettavuus<\/h3>\n<p>Hydraulisylinterien suunnittelu helpoksi huollettaviksi on ratkaisevan t\u00e4rke\u00e4\u00e4 seisokkiaikojen minimoimiseksi. Helposti saavutettavat tiivisteet ja voitelukohdat mahdollistavat suoraviivaisen huollon. T\u00e4m\u00e4 suunnittelustrategia varmistaa, ett\u00e4 s\u00e4\u00e4nn\u00f6llinen huolto voidaan suorittaa ilman erikoisty\u00f6kaluja tai liiallista purkamista.<\/p>\n<h2>Tiivistys ja voitelu<\/h2>\n<p>Hydraulisylinterien tiivistys ja voitelu ovat kriittisi\u00e4 niiden suorituskyvyn ja pitk\u00e4ik\u00e4isyyden kannalta. K\u00e4ytet\u00e4\u00e4n erilaisia \u200b\u200btiivisteit\u00e4, mukaan lukien m\u00e4nn\u00e4ntiivisteet ja varren tiivisteet, jotka ovat v\u00e4ltt\u00e4m\u00e4tt\u00f6mi\u00e4 j\u00e4rjestelm\u00e4n paineen yll\u00e4pit\u00e4miseksi. Tiivistemateriaalien, kuten polyuretaanin ja nitriilikumin, valinta parantaa kulutuskest\u00e4vyytt\u00e4 ja kest\u00e4vyytt\u00e4 varmistaen, ett\u00e4 tiivisteet kest\u00e4v\u00e4t ankaria k\u00e4ytt\u00f6olosuhteita.<\/p>\n<p>Sylinterin runko ja kierteitetyt p\u00e4\u00e4typinnat k\u00e4sitell\u00e4\u00e4n huolellisesti kulutuskest\u00e4vyyden parantamiseksi. T\u00e4m\u00e4 k\u00e4sittely on elint\u00e4rke\u00e4\u00e4, koska se v\u00e4hent\u00e4\u00e4 tiivisteiden vaihtotarvetta ja parantaa kokonaissuorituskyky\u00e4. S\u00e4\u00e4nn\u00f6llinen voitelu sopivalla hydrauliikka\u00f6ljyll\u00e4 on v\u00e4ltt\u00e4m\u00e4t\u00f6nt\u00e4 kitkan ja kulumisen minimoimiseksi, mik\u00e4 varmistaa sujuvan toiminnan ja pident\u00e4\u00e4 sylinterin k\u00e4ytt\u00f6ik\u00e4\u00e4.<\/p>\n<h2>Ennaltaehk\u00e4isev\u00e4t huoltotoimenpiteet<\/h2>\n<ul>\n<li>Tee s\u00e4\u00e4nn\u00f6llisi\u00e4 tarkastuksia vuotojen ja kulumisen varalta.<\/li>\n<li>Varmista liikkuvien osien asianmukainen voitelu.<\/li>\n<li>Tarkista tiivisteet s\u00e4\u00e4nn\u00f6llisesti vaurioiden tai kulumisen varalta.<\/li>\n<\/ul>\n<p>N\u00e4iden ennaltaehk\u00e4isevien toimenpiteiden toteuttaminen auttaa yll\u00e4pit\u00e4m\u00e4\u00e4n optimaalista suorituskyky\u00e4 ja pident\u00e4\u00e4 hydraulisylinterin k\u00e4ytt\u00f6ik\u00e4\u00e4. S\u00e4\u00e4nn\u00f6lliset tarkastukset voivat tunnistaa mahdolliset ongelmat ennen kuin ne pahenevat, mik\u00e4 s\u00e4\u00e4st\u00e4\u00e4 aikaa ja kustannuksia, jotka liittyv\u00e4t suuriin korjauksiin.<\/p>\n<h2>Asennusohjeet<\/h2>\n<p>Hydraulisylinterin oikea asennus on ratkaisevan t\u00e4rke\u00e4\u00e4 sen suorituskyvyn kannalta. Aloita varmistamalla, ett\u00e4 kaikki komponentit ovat puhtaita ja roskista vapaita. Kohdista sylinteri tarkasti asennuskiinnikkeisiin ja kiinnit\u00e4 se paikalleen sopivilla kiinnikkeill\u00e4. On eritt\u00e4in t\u00e4rke\u00e4\u00e4 tarkistaa, ett\u00e4 kaikki hydrauliset liit\u00e4nn\u00e4t ovat tiukat ja vuotamattomat.<\/p>\n<p>Asennuksen aikana noudata valmistajan ohjeita v\u00e4\u00e4nt\u00f6momenttien ja muiden parametrien osalta. Asennuksen j\u00e4lkeen suorita perusteellinen tarkastus varmistaaksesi, ett\u00e4 sylinteri toimii sujuvasti koko liikeradallaan. Tarkista s\u00e4\u00e4nn\u00f6llisesti kaikki kiinnityspisteet ja liitokset, sill\u00e4 t\u00e4rin\u00e4t ja muut tekij\u00e4t voivat ajan my\u00f6t\u00e4 johtaa l\u00f6ystymiseen.<\/p>\n<h2>Huoltoteht\u00e4v\u00e4t<\/h2>\n<h3>S\u00e4\u00e4nn\u00f6lliset tarkastukset<\/h3>\n<p>S\u00e4\u00e4nn\u00f6llisten tarkastusten suorittaminen on elint\u00e4rke\u00e4\u00e4 mahdollisten ongelmien tunnistamiseksi varhaisessa vaiheessa. Etsi kulumisen, korroosion ja nestevuotojen merkkej\u00e4, jotka voivat viitata korjausten tai osien vaihtotarpeeseen. Tarkastukset tulisi suorittaa s\u00e4\u00e4nn\u00f6llisin v\u00e4liajoin, erityisesti merkitt\u00e4vien k\u00e4ytt\u00f6jaksojen j\u00e4lkeen.<\/p>\n<h3>Oikea voitelu<\/h3>\n<p>Voitelu on ratkaisevan t\u00e4rke\u00e4\u00e4 liikkuvien osien kulumisen est\u00e4misess\u00e4. Varmista, ett\u00e4 k\u00e4ytetty hydrauliikka\u00f6ljy on yhteensopivaa sylinterin kanssa ja lis\u00e4\u00e4 sit\u00e4 tarvittaessa oikean \u00f6ljytason yll\u00e4pit\u00e4miseksi. Hyvin voideltu sylinteri toimii tehokkaammin ja sen k\u00e4ytt\u00f6ik\u00e4 on pidempi.<\/p>\n<h3>Tiivisteen vaihto ja kalibrointi<\/h3>\n<p>Kuluneiden tiivisteiden vaihtaminen on ratkaisevan t\u00e4rke\u00e4\u00e4 sylinterin suorituskyvyn yll\u00e4pit\u00e4miseksi. Tarkista tiivisteet s\u00e4\u00e4nn\u00f6llisesti kulumisen varalta ja vaihda ne tarvittaessa hydraulinesteen vuotojen est\u00e4miseksi. Kalibrointitarkastukset on my\u00f6s suoritettava sen varmistamiseksi, ett\u00e4 sylinteri toimii m\u00e4\u00e4ritettyjen parametrien puitteissa ja yll\u00e4pit\u00e4\u00e4 optimaalista suorituskyky\u00e4.<\/p>\n<h2>Turvallisuusn\u00e4k\u00f6kohdat ja ymp\u00e4rist\u00f6tekij\u00e4t<\/h2>\n<p>Hydraulisylintereit\u00e4 k\u00e4ytett\u00e4ess\u00e4 on noudatettava tarkasti turvatoimenpiteit\u00e4. K\u00e4ytt\u00e4j\u00e4t on koulutettava oikeisiin k\u00e4sittelymenetelmiin riskien minimoimiseksi. T\u00e4h\u00e4n sis\u00e4ltyy paineistetun hydraulinesteen mahdollisten vaarojen ymm\u00e4rt\u00e4minen ja asianmukaisten henkil\u00f6nsuojainten (PPE) t\u00e4rkeys. Kaikkien turvamekanismien oikean toiminnan varmistaminen on v\u00e4ltt\u00e4m\u00e4t\u00f6nt\u00e4 turvallisen k\u00e4yt\u00f6n kannalta.<\/p>\n<h2>Vianm\u00e4\u00e4ritys ja yleiset ongelmat<\/h2>\n<ul>\n<li>Suorituskykyongelmien tunnistaminen<\/li>\n<li>Vuotojen havaitsemistekniikat<\/li>\n<li>Yleisi\u00e4 tiivisteongelmia<\/li>\n<\/ul>\n<p>Hydraulisylinterien vikojen diagnosointi vaatii menetelm\u00e4llist\u00e4 l\u00e4hestymistapaa. Aloita tarkkailemalla suorituskykyongelmia, kuten alentunutta nostokapasiteettia tai ep\u00e4s\u00e4\u00e4nn\u00f6llisi\u00e4 liikkeit\u00e4. Jos vuotoja havaitaan, arvioi tiivisteet ja liitokset kulumisen tai vaurioiden varalta. Yleiset tiivisteviat johtuvat usein virheellisest\u00e4 asennuksesta tai yhteensopimattomien materiaalien k\u00e4yt\u00f6st\u00e4, mik\u00e4 edellytt\u00e4\u00e4 huolellista valintaa ja s\u00e4\u00e4nn\u00f6llist\u00e4 huoltoa.<\/p>\n<h2>Vianm\u00e4\u00e4ritysvinkkej\u00e4<\/h2>\n<p>Hydraulisylinterien ongelmien tehokkaaksi vianm\u00e4\u00e4ritykseksi pid\u00e4 kirjaa kaikista huoltoteht\u00e4vist\u00e4 ja suorituskyvyn muutoksista. N\u00e4m\u00e4 tiedot voivat auttaa tunnistamaan taustalla olevia ongelmia kuvaavia kaavoja. S\u00e4\u00e4nn\u00f6llinen k\u00e4ytt\u00e4jien koulutus vikojen varhaisten merkkien tunnistamisessa voi johtaa oikea-aikaisiin toimenpiteisiin ja est\u00e4\u00e4 lis\u00e4ongelmia.<\/p>\n<p><img decoding=\"async\" src=\"https:\/\/www.hydraulic-cylinders.net\/wp-content\/uploads\/2025\/05\/hydraulic-cylinder-all-2.webp\" alt=\"Hydraulisylinterin kuva\"><\/p>\n<h2>Tietoa yrityksest\u00e4mme<\/h2>\n<p>Johtavana hydraulisylintereiden valmistajana yrityksemme tarjoaa kattavan valikoiman tuotteita, jotka on r\u00e4\u00e4t\u00e4l\u00f6ity vastaamaan sek\u00e4 kotimaisten ett\u00e4 kansainv\u00e4listen markkinoiden tarpeisiin. Hydrauliikkaj\u00e4rjestelmien asiantuntemuksemme varmistaa, ett\u00e4 toimitamme korkealaatuisia ratkaisuja, jotka t\u00e4ytt\u00e4v\u00e4t alan standardit.<\/p>\n<p>Olemme ylpeit\u00e4 ammattimaisesta l\u00e4hestymistavastamme, ja kansainv\u00e4liset sertifikaatit vahvistavat laadunvarmistusprosessimme. R\u00e4\u00e4t\u00e4l\u00f6idyt palvelumme vastaavat asiakkaiden erityisvaatimuksiin varmistaen, ett\u00e4 jokainen tuote on suunniteltu vastaamaan ainutlaatuisia toiminnallisia tarpeita.<\/p>\n<p>Edistyksellisill\u00e4 tuotantolaitoksillamme hy\u00f6dynn\u00e4mme huipputeknologiaa valmistaaksemme aikaa kest\u00e4vi\u00e4 hydraulisylintereit\u00e4. Omistautunut huoltotiimimme on aina valmiina auttamaan asiakkaita hydraulij\u00e4rjestelmiens\u00e4 vianm\u00e4\u00e4rityksess\u00e4 ja optimoinnissa.<\/p>\n<p><img decoding=\"async\" src=\"https:\/\/www.hydraulic-cylinders.net\/wp-content\/uploads\/2025\/05\/xinxin-hydraulic-cylinder-factory-1.webp\" alt=\"Yrityksen tehdaskuva\"><\/p>\n<p>Kirjoittaja: lyl<\/p>","protected":false},"excerpt":{"rendered":"<p>Sanitation Vehicle Top Cover Hydraulic Cylinder Product Overview The Sanitation Vehicle Top Cover Hydraulic Cylinder is an essential component designed for the efficient operation of sanitation vehicles. This hydraulic cylinder is responsible for the lifting and lowering of the top cover, ensuring that waste management processes are carried out seamlessly. Made with high-quality materials, it [&hellip;]<\/p>","protected":false},"featured_media":20663,"comment_status":"open","ping_status":"closed","template":"","meta":{"_et_pb_use_builder":"","_et_pb_old_content":"","_et_gb_content_width":""},"product_brand":[],"product_cat":[1483,1558],"product_tag":[],"class_list":{"0":"post-20711","1":"product","2":"type-product","3":"status-publish","4":"has-post-thumbnail","6":"product_cat-construction-machinery-hydraulic-cylinders","7":"product_cat-sanitation-machinery-hydraulic-cylinders-2","9":"first","10":"instock","11":"shipping-taxable","12":"product-type-simple"},"amp_enabled":true,"_links":{"self":[{"href":"https:\/\/www.hydraulic-cylinders.net\/fi\/wp-json\/wp\/v2\/product\/20711","targetHints":{"allow":["GET"]}}],"collection":[{"href":"https:\/\/www.hydraulic-cylinders.net\/fi\/wp-json\/wp\/v2\/product"}],"about":[{"href":"https:\/\/www.hydraulic-cylinders.net\/fi\/wp-json\/wp\/v2\/types\/product"}],"replies":[{"embeddable":true,"href":"https:\/\/www.hydraulic-cylinders.net\/fi\/wp-json\/wp\/v2\/comments?post=20711"}],"wp:featuredmedia":[{"embeddable":true,"href":"https:\/\/www.hydraulic-cylinders.net\/fi\/wp-json\/wp\/v2\/media\/20663"}],"wp:attachment":[{"href":"https:\/\/www.hydraulic-cylinders.net\/fi\/wp-json\/wp\/v2\/media?parent=20711"}],"wp:term":[{"taxonomy":"product_brand","embeddable":true,"href":"https:\/\/www.hydraulic-cylinders.net\/fi\/wp-json\/wp\/v2\/product_brand?post=20711"},{"taxonomy":"product_cat","embeddable":true,"href":"https:\/\/www.hydraulic-cylinders.net\/fi\/wp-json\/wp\/v2\/product_cat?post=20711"},{"taxonomy":"product_tag","embeddable":true,"href":"https:\/\/www.hydraulic-cylinders.net\/fi\/wp-json\/wp\/v2\/product_tag?post=20711"}],"curies":[{"name":"wp","href":"https:\/\/api.w.org\/{rel}","templated":true}]}}