{"id":20712,"date":"2025-05-27T06:22:02","date_gmt":"2025-05-27T06:22:02","guid":{"rendered":"https:\/\/www.hydraulic-cylinders.net\/product\/sanitation-vehicle-front-sweep-disc-hydraulic-cylinder\/"},"modified":"2025-05-27T06:22:05","modified_gmt":"2025-05-27T06:22:05","slug":"sanitation-vehicle-front-sweep-disc-hydraulic-cylinder","status":"publish","type":"product","link":"https:\/\/www.hydraulic-cylinders.net\/fi\/tuote\/sanitation-vehicle-front-sweep-disc-hydraulic-cylinder\/","title":{"rendered":"Sanitaatioajoneuvon etulakaisulevyn hydraulisylinteri"},"content":{"rendered":"<h1>Sanitaatioajoneuvon etulakaisulevyn hydraulisylinteri<\/h1>\n<h2>Johdatus hydrauliseen sylinteriin<\/h2>\n<p>Sanitaatioajoneuvon etulakaisulevyn hydraulisylinteri on olennainen osa, joka on suunniteltu erityisesti sanitaatioajoneuvoihin ja helpottaa etulakaisuj\u00e4rjestelmien tehokasta toimintaa. T\u00e4ll\u00e4 hydraulisylinterill\u00e4 on keskeinen rooli lakaisumekanismin ohjauksessa, mik\u00e4 mahdollistaa optimaalisen katujen puhdistuksen edellytt\u00e4m\u00e4t sujuvat ja tarkat liikkeet. Kest\u00e4v\u00e4n rakenteensa ja tehokkaan suorituskykyns\u00e4 ansiosta t\u00e4m\u00e4 hydraulisylinteri varmistaa, ett\u00e4 sanitaatioajoneuvot voivat toimia tehokkaasti ja pit\u00e4\u00e4 kaupunkiymp\u00e4rist\u00f6t puhtaina ja turvallisina. Hydraulij\u00e4rjestelm\u00e4 muuntaa hydraulisen energian mekaaniseksi energiaksi, mik\u00e4 tarjoaa tarvittavan voiman lakaisulevyn nostamiseen, laskemiseen ja ohjaamiseen, mik\u00e4 tekee siit\u00e4 ratkaisevan osan sanitaatioprosessia.<\/p>\n<h2>Teknisten tietojen yleiskatsaus<\/h2>\n<p>Sanitaatioajoneuvon etuosan lakaisulevyhydraulisen sylinterin teknisten tietojen ymm\u00e4rt\u00e4minen on avainasemassa sen toimivuuden arvioinnissa. Alla on yksityiskohtaiset tekniset tiedot:<\/p>\n<ul>\n<li><strong>Sylinterin halkaisija:<\/strong> 40 mm<\/li>\n<li><strong>Tangon halkaisija:<\/strong> 22 mm<\/li>\n<li><strong>Matkustaa:<\/strong> 60 mm<\/li>\n<li><strong>Asennuset\u00e4isyys:<\/strong> 260 mm<\/li>\n<\/ul>\n<h3>Laajennetut tekniset tiedot<\/h3>\n<p>Sylinterin 40 mm:n halkaisija tarjoaa tasapainon lujuuden ja koon v\u00e4lill\u00e4, mahdollistaen merkitt\u00e4v\u00e4n voimank\u00e4yt\u00f6n ilman liiallista massaa. Tangon 22 mm:n halkaisija varmistaa kest\u00e4vyyden ja taivutuksenkeston kuormituksen aikana. 60 mm:n liikematkan ansiosta sylinteri mahdollistaa riitt\u00e4v\u00e4n liikkeen erilaisten k\u00e4ytt\u00f6vaatimusten t\u00e4ytt\u00e4miseksi. Lopuksi, 260 mm:n asennusmatka tarjoaa joustavuutta asennuksessa ja yhteensopivuuden eri ajoneuvomallien kanssa.<\/p>\n<h2>Hydraulisylinterin ominaisuudet<\/h2>\n<p>Sanitaatioajoneuvon etuosan lakaisulevyhydraulisessa sylinteriss\u00e4 on useita erinomaisia \u200b\u200bominaisuuksia:<\/p>\n<ul>\n<li>Korkea kest\u00e4vyys rakennusmateriaalien ansiosta.<\/li>\n<li>Tehokas suorituskyky minimaalisella energiankulutuksella.<\/li>\n<li>Mukautettava muotoilu sopii erilaisiin saniteettiajoneuvomalleihin.<\/li>\n<li>Helppo asennus ja huolto.<\/li>\n<li>Kest\u00e4v\u00e4 tiivistystekniikka, joka est\u00e4\u00e4 vuodot ja varmistaa pitk\u00e4n k\u00e4ytt\u00f6i\u00e4n.<\/li>\n<\/ul>\n<h2>Sovellusskenaariot<\/h2>\n<p>Sanitaatioajoneuvon etulakaisulevyn hydraulisylinterin k\u00e4ytt\u00f6kohteet ovat monipuoliset:<\/p>\n<ul>\n<li><strong>Kaupunkien katujen puhdistus:<\/strong> T\u00e4m\u00e4 hydraulisylinteri on olennainen osa katujen puhdistusta, ja se mahdollistaa lakaisumekanismin tehokkaan toiminnan. Kaupunkiymp\u00e4rist\u00f6iss\u00e4 puhtauden yll\u00e4pit\u00e4minen on kriittist\u00e4 kansanterveyden kannalta. Hydraulisylinteri tarjoaa tarvittavan tehon perusteelliseen puhdistukseen ja poistaa tehokkaasti roskat ja ep\u00e4puhtaudet teilt\u00e4.<\/li>\n<li><strong>Pys\u00e4k\u00f6intialueen huolto:<\/strong> Pys\u00e4k\u00f6intitiloissa sylinteri mahdollistaa laajojen alueiden puhdistamisen varmistaen, ett\u00e4 roskat ja lehdet saadaan tehokkaasti pois. Pys\u00e4k\u00f6intialueiden s\u00e4\u00e4nn\u00f6llinen huolto parantaa yleist\u00e4 estetiikkaa ja turvallisuutta, mik\u00e4 tekee hydraulisylinterist\u00e4 t\u00e4rke\u00e4n ty\u00f6kalun kiinteist\u00f6nhallinnassa.<\/li>\n<li><strong>Tapahtuman siivous:<\/strong> Tapahtumissa, joissa kokoontuu suuria v\u00e4kijoukkoja, n\u00e4ill\u00e4 kaasupulloilla varustetut siivousautot voivat siivota nopeasti tapahtumien j\u00e4lkeen varmistaen, ett\u00e4 paikat pysyv\u00e4t tahrattomina. Nopea reagointi ja tehokas siivous ovat ensiarvoisen t\u00e4rkeit\u00e4 yhteis\u00f6n standardien ja turvallisuuden yll\u00e4pit\u00e4miseksi.<\/li>\n<li><strong>Rakennusty\u00f6maan siivous:<\/strong> Hydraulisylinteri helpottaa roskien poistamista rakennusty\u00f6mailta, mik\u00e4 auttaa pit\u00e4m\u00e4\u00e4n ty\u00f6maat turvallisina ja j\u00e4rjestyksess\u00e4. T\u00e4m\u00e4 sovellus on olennainen sen varmistamiseksi, ett\u00e4 rakennusty\u00f6t voivat jatkua vaaratta.<\/li>\n<li><strong>Lumenauraustoiminnot:<\/strong> Talvikunnossapidossa sylinteri\u00e4 voidaan soveltaa my\u00f6s lumenauraukseen, mik\u00e4 varmistaa, ett\u00e4 tiet pysyv\u00e4t puhtaina ja turvallisina liikenteelle. T\u00e4m\u00e4 monipuolisuus on ratkaisevan t\u00e4rke\u00e4\u00e4 alueilla, joilla sataa paljon lunta.<\/li>\n<\/ul>\n<h2>Suunnittelun\u00e4k\u00f6kohdat ja valintakriteerit<\/h2>\n<p>Hydraulisylinteri\u00e4 valittaessa on otettava huomioon useita suunnitteluperusteita:<\/p>\n<ul>\n<li><strong>Kantavuus:<\/strong> Hydraulisylinterin kuormituskapasiteetin on vastattava sen palveleman ajoneuvon k\u00e4ytt\u00f6vaatimuksia. On t\u00e4rke\u00e4\u00e4 arvioida k\u00e4sitelt\u00e4vien materiaalien paino ja tyyppi turvallisen ja tehokkaan toiminnan varmistamiseksi. Sylinteri, joka pystyy k\u00e4sittelem\u00e4\u00e4n suurempia kuormia, pident\u00e4\u00e4 sen k\u00e4ytt\u00f6ik\u00e4\u00e4 ja v\u00e4hent\u00e4\u00e4 vikaantumisriski\u00e4, \u200b\u200bmik\u00e4 tekee siit\u00e4 v\u00e4ltt\u00e4m\u00e4tt\u00f6m\u00e4n vaativissa ymp\u00e4rist\u00f6iss\u00e4.<\/li>\n<li><strong>Tiivistyskyky:<\/strong> Tehokas tiivistys on ratkaisevan t\u00e4rke\u00e4\u00e4 hydraulinesteen vuotojen est\u00e4miseksi, jotka voivat heikent\u00e4\u00e4 tehokkuutta ja vahingoittaa komponentteja. Kest\u00e4vist\u00e4 materiaaleista valmistetut korkealaatuiset tiivisteet on valittava kest\u00e4m\u00e4\u00e4n ankaria olosuhteita ja s\u00e4ilytt\u00e4m\u00e4\u00e4n suorituskykyns\u00e4 ajan kuluessa. Suunnittelun on varmistettava, ett\u00e4 tiivisteet ovat helposti vaihdettavissa huollon helpottamiseksi.<\/li>\n<li><strong>Kest\u00e4vyys:<\/strong> Hydraulisylinterin rakennusmateriaalien tulee kest\u00e4\u00e4 kulumista ja korroosiota. T\u00e4m\u00e4 kest\u00e4vyys on elint\u00e4rke\u00e4\u00e4 erilaisissa ymp\u00e4rist\u00f6iss\u00e4, aina kaupunkien kaduilta rakennusty\u00f6maille. Korkean lujuuden omaavien materiaalien k\u00e4yt\u00f6n painottaminen pident\u00e4\u00e4 sylinterin k\u00e4ytt\u00f6ik\u00e4\u00e4 ja v\u00e4hent\u00e4\u00e4 tarvetta usein vaihdettaville osille.<\/li>\n<li><strong>Turvaominaisuudet:<\/strong> Turvallisuus on hydraulij\u00e4rjestelmiss\u00e4 ensiarvoisen t\u00e4rke\u00e4\u00e4. Suunnittelun tulisi sis\u00e4lt\u00e4\u00e4 ominaisuuksia, jotka est\u00e4v\u00e4t tahattoman k\u00e4yt\u00f6n ja mahdollistavat hallitun sammutuksen h\u00e4t\u00e4tilanteissa. N\u00e4ihin voivat kuulua paineenalennusventtiilit ja kest\u00e4v\u00e4t kiinnitysj\u00e4rjestelm\u00e4t, jotka pit\u00e4v\u00e4t sylinterin paikallaan k\u00e4yt\u00f6n aikana.<\/li>\n<li><strong>Huoltomahdollisuus:<\/strong> Hyvin suunnitellun hydraulisylinterin tulisi mahdollistaa helppo huolto ja korjaus. T\u00e4m\u00e4 sis\u00e4lt\u00e4\u00e4 tiivisteiden ja voitelupisteiden saatavuuden, jotka paitsi parantavat suorituskyky\u00e4 my\u00f6s lis\u00e4\u00e4v\u00e4t hydraulij\u00e4rjestelm\u00e4n turvallisuutta ja luotettavuutta.<\/li>\n<\/ul>\n<h2>Tiivistys ja voitelu<\/h2>\n<p>Tiivistyksell\u00e4 ja voitelulla on ratkaiseva rooli hydraulisylinterien suorituskyvyss\u00e4 ja pitk\u00e4ik\u00e4isyydess\u00e4:<\/p>\n<ul>\n<li>Erilaisten tiivistyskomponenttien, kuten m\u00e4nn\u00e4ntiivisteiden ja varren tiivisteiden, k\u00e4ytt\u00f6 on v\u00e4ltt\u00e4m\u00e4t\u00f6nt\u00e4 hydraulisen paineen yll\u00e4pit\u00e4miseksi ja nestevuotojen est\u00e4miseksi. Polyuretaanista ja nitriilikumista valmistettujen tiivisteiden valinta varmistaa kulumiskest\u00e4vyyden ja ymp\u00e4rist\u00f6n aiheuttaman pilaantumisen kest\u00e4vyyden.<\/li>\n<li>Sylinterin rungon ja kierteitettyjen p\u00e4iden pinnan viimeistely vaikuttaa merkitt\u00e4v\u00e4sti tiivisteiden ja pintojen v\u00e4liseen vuorovaikutukseen. Tarkkuusty\u00f6st\u00f6 ja kiillotus v\u00e4hent\u00e4v\u00e4t kitkaa, parantavat tiivistystehoa ja pident\u00e4v\u00e4t sylinterin k\u00e4ytt\u00f6ik\u00e4\u00e4.<\/li>\n<li>S\u00e4\u00e4nn\u00f6llinen voitelu sopivalla hydrauliikka\u00f6ljyll\u00e4 on elint\u00e4rke\u00e4\u00e4 sujuvan toiminnan varmistamiseksi ja kulumisen est\u00e4miseksi. K\u00e4ytt\u00e4j\u00e4n tulisi luoda rutiini hydrauliikka\u00f6ljyn m\u00e4\u00e4r\u00e4n tarkistamiseksi ja lis\u00e4\u00e4miseksi varmistaakseen, ett\u00e4 sylinteri toimii optimaalisesti.<\/li>\n<\/ul>\n<h2>S\u00e4\u00e4nn\u00f6llinen tarkastus ja ennaltaehk\u00e4isev\u00e4 huolto<\/h2>\n<p>Hydraulisylinterin toiminnan yll\u00e4pit\u00e4miseksi s\u00e4\u00e4nn\u00f6lliset tarkastukset ja ennakoiva huolto ovat v\u00e4ltt\u00e4m\u00e4tt\u00f6mi\u00e4:<\/p>\n<ul>\n<li>Suorita sylinterin rutiininomaiset silm\u00e4m\u00e4\u00e4r\u00e4iset tarkastukset kulumisen tai vaurioiden varalta. Kaikkiin vuotoihin tai ep\u00e4tavallisiin \u00e4\u00e4niin on puututtava v\u00e4litt\u00f6m\u00e4sti lis\u00e4vaurioiden est\u00e4miseksi. S\u00e4\u00e4nn\u00f6lliset tarkastukset voivat auttaa tunnistamaan ongelmat ennen kuin niist\u00e4 tulee vakavia, mik\u00e4 varmistaa toiminnan eheyden.<\/li>\n<li>Varmista, ett\u00e4 voitelu tehd\u00e4\u00e4n valmistajan ohjeiden mukaisesti. Liiallinen tai alivoitelu voi johtaa ongelmiin sylinterin suorituskyvyss\u00e4. Selke\u00e4n voiteluaikataulun laatiminen auttaa yll\u00e4pit\u00e4m\u00e4\u00e4n sylinterin tehokkuutta ja pitk\u00e4ik\u00e4isyytt\u00e4.<\/li>\n<li>Tarkista tiivisteet s\u00e4\u00e4nn\u00f6llisesti kulumisen tai heikkenemisen varalta. Tiivisteiden vaihtaminen s\u00e4\u00e4nn\u00f6llisin v\u00e4liajoin est\u00e4\u00e4 vuodot ja yll\u00e4pit\u00e4\u00e4 hydraulipainetta, mik\u00e4 on ratkaisevan t\u00e4rke\u00e4\u00e4 optimaalisen suorituskyvyn kannalta. K\u00e4ytt\u00f6\u00f6n perustuvan tiivisteiden vaihtoaikataulun laatiminen voi v\u00e4hent\u00e4\u00e4 mahdollisia vikoja.<\/li>\n<\/ul>\n<h2>Asennusohjeet<\/h2>\n<p>Hydraulisylinterin oikea asennus on ratkaisevan t\u00e4rke\u00e4\u00e4 optimaalisen suorituskyvyn saavuttamiseksi:<\/p>\n<ul>\n<li>Aloita varmistamalla, ett\u00e4 kaikki osat ovat puhtaita ja roskista vapaita. Ep\u00e4puhtaudet voivat aiheuttaa vaurioita asennuksen aikana ja vaikuttaa sylinterin suorituskykyyn.<\/li>\n<li>Kohdista sylinteri oikein kiinnityskiinnikkeisiin varmistaaksesi sujuvan toiminnan. V\u00e4\u00e4r\u00e4 kohdistus voi johtaa ennenaikaiseen kulumiseen ja rikkoutumiseen. K\u00e4yt\u00e4 tarvittaessa kohdistusty\u00f6kaluja tarkan asemoinnin saavuttamiseksi.<\/li>\n<li>Kiinnit\u00e4 hydraulisylinteri sopivilla kiinnityskiinnikkeill\u00e4. On suositeltavaa k\u00e4ytt\u00e4\u00e4 kiinnikkeit\u00e4, jotka sopivat sylinterin mittoihin ja tarjoavat riitt\u00e4v\u00e4n tuen k\u00e4yt\u00f6n aikana. Varmista, ett\u00e4 kaikki kiinnikkeet on kiristetty valmistajan ohjeiden mukaisesti.<\/li>\n<li>Liit\u00e4 hydrauliikkaletkut valmistajan toimittaman kaavion mukaisesti. Varmista, ett\u00e4 liittimet ovat tiukasti kiinni eiv\u00e4tk\u00e4 vuoda, sill\u00e4 virheelliset liit\u00e4nn\u00e4t voivat johtaa hydrauliikkanesteen h\u00e4vikkiin ja mahdolliseen j\u00e4rjestelm\u00e4n vikaantumiseen.<\/li>\n<li>Asennuksen j\u00e4lkeen suorita koek\u00e4ytt\u00f6 varmistaaksesi, ett\u00e4 sylinteri toimii sujuvasti ilman ep\u00e4tavallisia \u00e4\u00e4ni\u00e4 tai t\u00e4rin\u00e4\u00e4. Tarkkaile j\u00e4rjestelm\u00e4\u00e4 vuotojen varalta ja varmista, ett\u00e4 kaikki turvalaitteet toimivat oikein.<\/li>\n<\/ul>\n<h2>Yleiset huoltoteht\u00e4v\u00e4t<\/h2>\n<p>Useat huoltotoimenpiteet ovat v\u00e4ltt\u00e4m\u00e4tt\u00f6mi\u00e4 hydraulisylinterin pit\u00e4miseksi hyv\u00e4ss\u00e4 kunnossa:<\/p>\n<ul>\n<li><strong>S\u00e4\u00e4nn\u00f6lliset tarkastukset:<\/strong> Hydraulisylinterin kunto tulisi arvioida rutiinitarkastuksin, mukaan lukien silm\u00e4m\u00e4\u00e4r\u00e4iset tarkastukset vuotojen, kulumisen tai vaurioiden varalta. Ongelmien varhainen havaitseminen voi v\u00e4hent\u00e4\u00e4 merkitt\u00e4v\u00e4sti korjauskustannuksia ja seisokkiaikoja.<\/li>\n<li><strong>Asianmukainen voitelu:<\/strong> Valmistajan voiteluohjeiden noudattaminen on olennaista. Tarkista \u00f6ljym\u00e4\u00e4r\u00e4t ja laatu s\u00e4\u00e4nn\u00f6llisesti ja vaihda \u00f6ljy tarvittaessa optimaalisen suorituskyvyn varmistamiseksi. Oikea voitelu minimoi liikkuvien osien kitkan ja kulumisen.<\/li>\n<li><strong>Tiivisteen vaihto:<\/strong> Vaihda tiivisteet s\u00e4\u00e4nn\u00f6llisesti vuotojen est\u00e4miseksi ja hydraulisen paineen yll\u00e4pit\u00e4miseksi. Tarkista tiivisteet kulumisen varalta ja vaihda ne k\u00e4ytt\u00f6ymp\u00e4rist\u00f6n ja k\u00e4ytt\u00f6tiheyden mukaan.<\/li>\n<\/ul>\n<p>Asennuksen aikana on ensiarvoisen t\u00e4rke\u00e4\u00e4 varmistaa sylinterin oikea kohdistus. K\u00e4yt\u00e4 kiinnitystelineit\u00e4, jotka tarjoavat vakautta ja tukea, ja noudata aina valmistajan suosituksia turvallisesta kiinnityksest\u00e4. S\u00e4\u00e4nn\u00f6lliset tarkastukset, korjaukset ja vaihdot pident\u00e4v\u00e4t merkitt\u00e4v\u00e4sti hydraulisylinterin k\u00e4ytt\u00f6ik\u00e4\u00e4.<\/p>\n<h2>Turvallisuusn\u00e4k\u00f6kohdat ja ymp\u00e4rist\u00f6tekij\u00e4t<\/h2>\n<p>Hydraulisylintereit\u00e4 k\u00e4ytett\u00e4ess\u00e4 turvatoimenpiteet ovat kriittisi\u00e4:<\/p>\n<ul>\n<li>Ota k\u00e4ytt\u00f6\u00f6n turvallisuusprotokollat, jotka suojaavat k\u00e4ytt\u00e4ji\u00e4 asennuksen ja huollon aikana. T\u00e4h\u00e4n sis\u00e4ltyy henkil\u00f6st\u00f6n kouluttaminen turvalliseen k\u00e4sittelyyn ja h\u00e4t\u00e4tilannemenettelyihin.<\/li>\n<li>Varmista, ett\u00e4 turvasuojukset ja -esteet ovat paikoillaan onnettomuuksien est\u00e4miseksi k\u00e4yt\u00f6n aikana. Asianmukaiset merkinn\u00e4t ja tietoisuus voivat auttaa lievent\u00e4m\u00e4\u00e4n hydraulij\u00e4rjestelmiin liittyvi\u00e4 riskej\u00e4.<\/li>\n<li>Arvioi s\u00e4\u00e4nn\u00f6llisesti hydraulinesteiden ymp\u00e4rist\u00f6vaikutuksia ja varmista, ett\u00e4 asianmukaiset h\u00e4vitysmenetelm\u00e4t ovat k\u00e4yt\u00f6ss\u00e4. Biohajoavien hydraulinesteiden k\u00e4ytt\u00f6 voi minimoida ekologiset vahingot ja samalla s\u00e4ilytt\u00e4\u00e4 suorituskyvyn.<\/li>\n<\/ul>\n<h2>Vianm\u00e4\u00e4ritys ja yleiset ongelmat<\/h2>\n<p>Tehokas vianm\u00e4\u00e4ritys on elint\u00e4rke\u00e4\u00e4 hydraulisylinterin kunnossapidossa:<\/p>\n<ul>\n<li>Tunnista toimintah\u00e4iri\u00f6n oireet, kuten ep\u00e4normaalit \u00e4\u00e4net, vuodot tai ep\u00e4johdonmukainen toiminta. N\u00e4iden oireiden dokumentointi voi auttaa paikantamaan taustalla olevan ongelman.<\/li>\n<li>Yleisi\u00e4 ongelmia ovat tiivisteiden pett\u00e4miset, jotka voivat johtaa vuotoihin. Tiivisteiden tarkastaminen rutiinihuollon aikana voi auttaa havaitsemaan kulumisen ennen kuin siit\u00e4 tulee merkitt\u00e4v\u00e4 ongelma.<\/li>\n<li>Tarkista hydraulinesteen m\u00e4\u00e4r\u00e4 ja laatu s\u00e4\u00e4nn\u00f6llisesti. Liian alhainen tai likainen neste voi aiheuttaa suorituskykyongelmia, ja ne on korjattava viipym\u00e4tt\u00e4.<\/li>\n<\/ul>\n<p>Ongelmien tehokkaaseen ratkaisemiseen tarvitaan systemaattinen l\u00e4hestymistapa diagnoosin tekemiseen. Analysoi oireita, tutustu vianetsint\u00e4oppaisiin ja noudata vakiintuneita korjausmenettelyj\u00e4. Ennaltaehk\u00e4isev\u00e4t toimenpiteet, kuten s\u00e4\u00e4nn\u00f6lliset tarkastukset ja huolto, voivat merkitt\u00e4v\u00e4sti v\u00e4hent\u00e4\u00e4 ongelmien esiintymist\u00e4 ja pident\u00e4\u00e4 hydraulisylinterin k\u00e4ytt\u00f6ik\u00e4\u00e4.<\/p>\n<p><img decoding=\"async\" src=\"https:\/\/www.hydraulic-cylinders.net\/wp-content\/uploads\/2025\/05\/hydraulic-cylinder-all-2.webp\" alt=\"Hydraulisylinterin kuva\"><\/p>\n<h2>Tietoa yrityksest\u00e4mme<\/h2>\n<p>Olemme johtava hydraulisylinterien valmistaja, jolla on kattava valikoima tuotteita sek\u00e4 kotimaisille ett\u00e4 kansainv\u00e4lisille markkinoille. Hydrauliikkateknologian asiantuntemuksemme on asettanut meid\u00e4t alan merkitt\u00e4v\u00e4ksi toimijaksi, joka tunnetaan korkealaatuisista valmistusstandardeistamme ja innovatiivisista malleistamme. Olemme erikoistuneet r\u00e4\u00e4t\u00e4l\u00f6ityihin hydraulisylinteriratkaisuihin ja tarjoamme r\u00e4\u00e4t\u00e4l\u00f6ityj\u00e4 tuotteita vastaamaan asiakkaiden erityisvaatimuksia.<\/p>\n<p>Tuotantotilamme on varustettu huippuluokan koneilla, jotka takaavat tarkkuuden ja tehokkuuden jokaisessa valmistamassamme sylinteriss\u00e4. Noudatamme kansainv\u00e4lisi\u00e4 laatusertifikaatteja, mik\u00e4 heijastaa sitoutumistamme huippuosaamiseen ja turvallisuuteen. Omistautunut asiakaspalvelutiimimme on aina valmiina auttamaan tiedusteluissa ja tarjoamaan tukea varmistaen saumattoman kokemuksen tilauksesta toimitukseen.<\/p>\n<p><img decoding=\"async\" src=\"https:\/\/www.hydraulic-cylinders.net\/wp-content\/uploads\/2025\/05\/xinxin-hydraulic-cylinder-factory-1.webp\" alt=\"Hydraulisylinterin tehdaskuva\"><\/p>\n<p>Kirjoittaja: lyl<\/p>","protected":false},"excerpt":{"rendered":"<p>Sanitation Vehicle Front Sweep Disc Hydraulic Cylinder Introduction to the Hydraulic Cylinder The Sanitation Vehicle Front Sweep Disc Hydraulic Cylinder is an essential component designed specifically for sanitation vehicles, facilitating the effective operation of front sweeping systems. This hydraulic cylinder plays a pivotal role in controlling the sweeping mechanism, allowing for smooth and precise movements [&hellip;]<\/p>","protected":false},"featured_media":20612,"comment_status":"open","ping_status":"closed","template":"","meta":{"_et_pb_use_builder":"","_et_pb_old_content":"","_et_gb_content_width":""},"product_brand":[],"product_cat":[1483,1558],"product_tag":[],"class_list":{"0":"post-20712","1":"product","2":"type-product","3":"status-publish","4":"has-post-thumbnail","6":"product_cat-construction-machinery-hydraulic-cylinders","7":"product_cat-sanitation-machinery-hydraulic-cylinders-2","9":"first","10":"instock","11":"shipping-taxable","12":"product-type-simple"},"amp_enabled":true,"_links":{"self":[{"href":"https:\/\/www.hydraulic-cylinders.net\/fi\/wp-json\/wp\/v2\/product\/20712","targetHints":{"allow":["GET"]}}],"collection":[{"href":"https:\/\/www.hydraulic-cylinders.net\/fi\/wp-json\/wp\/v2\/product"}],"about":[{"href":"https:\/\/www.hydraulic-cylinders.net\/fi\/wp-json\/wp\/v2\/types\/product"}],"replies":[{"embeddable":true,"href":"https:\/\/www.hydraulic-cylinders.net\/fi\/wp-json\/wp\/v2\/comments?post=20712"}],"wp:featuredmedia":[{"embeddable":true,"href":"https:\/\/www.hydraulic-cylinders.net\/fi\/wp-json\/wp\/v2\/media\/20612"}],"wp:attachment":[{"href":"https:\/\/www.hydraulic-cylinders.net\/fi\/wp-json\/wp\/v2\/media?parent=20712"}],"wp:term":[{"taxonomy":"product_brand","embeddable":true,"href":"https:\/\/www.hydraulic-cylinders.net\/fi\/wp-json\/wp\/v2\/product_brand?post=20712"},{"taxonomy":"product_cat","embeddable":true,"href":"https:\/\/www.hydraulic-cylinders.net\/fi\/wp-json\/wp\/v2\/product_cat?post=20712"},{"taxonomy":"product_tag","embeddable":true,"href":"https:\/\/www.hydraulic-cylinders.net\/fi\/wp-json\/wp\/v2\/product_tag?post=20712"}],"curies":[{"name":"wp","href":"https:\/\/api.w.org\/{rel}","templated":true}]}}