{"id":20767,"date":"2025-05-28T05:31:45","date_gmt":"2025-05-28T05:31:45","guid":{"rendered":"https:\/\/www.hydraulic-cylinders.net\/product\/zy254-31f-019a-steering-cylinder\/"},"modified":"2025-05-28T05:31:55","modified_gmt":"2025-05-28T05:31:55","slug":"zy254-31f-019a-steering-cylinder","status":"publish","type":"product","link":"https:\/\/www.hydraulic-cylinders.net\/fi\/tuote\/zy254-31f-019a-steering-cylinder\/","title":{"rendered":"ZY254 31F 019A Ohjaussylinteri"},"content":{"rendered":"<h1>ZY254 31F 019A Ohjaussylinteri<\/h1>\n<p><img decoding=\"async\" src=\"https:\/\/www.hydraulic-cylinders.net\/wp-content\/uploads\/2025\/05\/zy254-31f-019a-hydraulic-cylinder-1.webp\" alt=\"ZY254 31F 019A Ohjaussylinteri\" \/><\/p>\n<h2><strong>Ohjaussylinterin esittely<\/strong><\/h2>\n<p>ZY254 31F 019A -ohjaussylinteri on olennainen osa hydraulisia ohjausj\u00e4rjestelmi\u00e4, ja se on suunniteltu parantamaan ajoneuvojen tehokkuutta ja reagointikyky\u00e4. T\u00e4m\u00e4 hydraulinen ohjaussylinteri tarjoaa luotettavan ratkaisun autojen ohjausmekanismeihin ja tarjoaa erinomaisen hallinnan ja tarkkuuden. Sylinterin halkaisija on 40 mm, tangon halkaisija 25 mm, liikematka 140 mm ja asennusmatka 385 mm, joten se varmistaa optimaalisen suorituskyvyn erilaisissa sovelluksissa. T\u00e4m\u00e4n ohjaussylinterin k\u00e4yt\u00f6n etuihin kuuluvat parempi ohjattavuus, pienempi ohjausvoima ja kuljettajan turvallisuuden paraneminen, mik\u00e4 tekee siit\u00e4 t\u00e4rke\u00e4n osan mit\u00e4 tahansa ohjausj\u00e4rjestelm\u00e4\u00e4.<\/p>\n<h2><strong>ZY254 31F 019A -ohjaussylinterin ominaisuudet<\/strong><\/h2>\n<ul>\n<li><strong>Korkea hy\u00f6tysuhde:<\/strong> T\u00e4m\u00e4 hydraulinen ohjaussylinteri optimoi ohjausvasteen, mik\u00e4 tekee ajoneuvon k\u00e4sittelyst\u00e4 sujuvampaa ja tarkempaa.<\/li>\n<li><strong>Kest\u00e4v\u00e4 rakenne:<\/strong> Korkealaatuisista materiaaleista valmistettu, se takaa pitk\u00e4ik\u00e4isen suorituskyvyn vaativissa olosuhteissa.<\/li>\n<li><strong>Kompakti muotoilu:<\/strong> Kompaktin asennuset\u00e4isyyden ansiosta se sopii t\u00e4ydellisesti erilaisiin autoteollisuuden malleihin ja s\u00e4ilytt\u00e4\u00e4 tilank\u00e4yt\u00f6n tehokkuuden.<\/li>\n<li><strong>Monipuoliset sovellukset:<\/strong> Ihanteellinen autojen ohjausj\u00e4rjestelmiin, maatalouskoneisiin ja teollisuuslaitteisiin.<\/li>\n<li><strong>Parannettu turvallisuus:<\/strong> Tarjoaa luotettavan ohjauksen hallinnan ja v\u00e4hent\u00e4\u00e4 merkitt\u00e4v\u00e4sti ohjausvikojen aiheuttamien onnettomuuksien riski\u00e4.<\/li>\n<\/ul>\n<h2><strong>Sovellukset eri toimialoilla<\/strong><\/h2>\n<p>ZY254 31F 019A -ohjaussylinteri\u00e4 k\u00e4ytet\u00e4\u00e4n useilla eri aloilla, mukaan lukien:<\/p>\n<ul>\n<li><strong>Maatalous:<\/strong> Traktoreissa ja muissa koneissa k\u00e4ytettyn\u00e4 se mahdollistaa tarkan ohjauksen ja paremman ohjattavuuden pellolla.<\/li>\n<li><strong>Autoteollisuus:<\/strong> Olennainen autoissa ja kuorma-autoissa tehokkaiden ohjausj\u00e4rjestelmien kannalta ja parantaa ajoneuvon yleist\u00e4 toimivuutta.<\/li>\n<li><strong>Teollisuuskoneet:<\/strong> Tukee erityyppisi\u00e4 koneita, joissa tarvitaan tarkkaa ohjausta ja tehoa.<\/li>\n<\/ul>\n<p><img decoding=\"async\" src=\"https:\/\/www.hydraulic-cylinders.net\/wp-content\/uploads\/2025\/05\/steering-cylinder-application.webp\" alt=\"Ohjaussylinterin k\u00e4ytt\u00f6kohde\" \/><\/p>\n<h2><strong>Suunnittelun\u00e4k\u00f6kohdat ja valintakriteerit<\/strong><\/h2>\n<h3>Kantavuus<\/h3>\n<p>Ohjaushydrauliikan sylinteri\u00e4 valittaessa on ratkaisevan t\u00e4rke\u00e4\u00e4 ymm\u00e4rt\u00e4\u00e4 kuormituskapasiteetti. ZY254 31F 019A on suunniteltu kest\u00e4m\u00e4\u00e4n merkitt\u00e4vi\u00e4 kuormia, mik\u00e4 varmistaa, ett\u00e4 se pystyy k\u00e4sittelem\u00e4\u00e4n k\u00e4yt\u00f6n aikana aiheutuvia voimia suorituskyky\u00e4 vaarantamatta. Kest\u00e4v\u00e4 rakenne mahdollistaa turvallisen k\u00e4yt\u00f6n suurissa kuormitusolosuhteissa, joten se sopii raskaisiin sovelluksiin.<\/p>\n<h3>Tiivistysmekanismit<\/h3>\n<p>Tehokas tiivistys on elint\u00e4rke\u00e4\u00e4 hydraulinesteen vuotojen est\u00e4miseksi, jotka voivat johtaa suorituskyvyn heikkenemiseen ja mahdollisiin vikoihin. ZY254:ss\u00e4 on edistyneit\u00e4 tiivistystekniikoita, joissa k\u00e4ytet\u00e4\u00e4n materiaaleja, kuten polyuretaania ja nitriilikumia, mik\u00e4 varmistaa kest\u00e4vyyden ja kulumisenkest\u00e4vyyden. T\u00e4m\u00e4 suunnittelun\u00e4k\u00f6kohta pident\u00e4\u00e4 sylinterin k\u00e4ytt\u00f6ik\u00e4\u00e4 ja v\u00e4hent\u00e4\u00e4 yll\u00e4pitokustannuksia.<\/p>\n<h3>Kest\u00e4vyys<\/h3>\n<p>Ohjaussylinterin kest\u00e4vyys on merkitt\u00e4v\u00e4 tekij\u00e4 sen suunnittelussa. ZY254 on valmistettu eritt\u00e4in lujista materiaaleista, jotka kest\u00e4v\u00e4t ymp\u00e4rist\u00f6haasteita, kuten l\u00e4mp\u00f6tilanvaihteluita, kosteutta ja p\u00f6ly\u00e4. T\u00e4m\u00e4 joustavuus on t\u00e4rke\u00e4\u00e4 tasaisen suorituskyvyn yll\u00e4pit\u00e4miseksi erilaisissa k\u00e4ytt\u00f6olosuhteissa.<\/p>\n<h3>Turvaominaisuudet<\/h3>\n<p>Turvallisuus on hydraulij\u00e4rjestelmiss\u00e4 ensiarvoisen t\u00e4rke\u00e4\u00e4. ZY254-ohjaussylinteri on varustettu turvaominaisuuksilla, jotka est\u00e4v\u00e4t ylipaineistuksen ja takaavat luotettavan toiminnan. T\u00e4m\u00e4 suunnitteluhuomio varmistaa, ett\u00e4 j\u00e4rjestelm\u00e4 pysyy turvallisena p\u00e4ivitt\u00e4isess\u00e4 k\u00e4yt\u00f6ss\u00e4 ja v\u00e4hent\u00e4\u00e4 hydraulisiin vikoihin liittyvi\u00e4 mahdollisia vaaroja.<\/p>\n<h3>Huolto ja korjattavuus<\/h3>\n<p>Lopuksi, huolto on ratkaisevan t\u00e4rke\u00e4\u00e4 ohjaussylinterin pitk\u00e4aikaisen toiminnan kannalta. ZY254 on suunniteltu siten, ett\u00e4 rutiinitarkastuksia tai -korjauksia vaativiin komponentteihin on helppo p\u00e4\u00e4st\u00e4 k\u00e4siksi, mik\u00e4 helpottaa tehokkaita huoltotoimenpiteit\u00e4 ja minimoi seisokkiajat.<\/p>\n<h2><strong>Ohjaussylinterin tiivistys ja voitelu<\/strong><\/h2>\n<p>Tiivistys ja voitelu ovat v\u00e4ltt\u00e4m\u00e4tt\u00f6mi\u00e4 ZY254 31F 019A -ohjaussylinterin optimaalisen suorituskyvyn kannalta. Erilaisten tiivistyskomponenttien, kuten m\u00e4nn\u00e4ntiivisteiden ja varren tiivisteiden, k\u00e4ytt\u00f6 varmistaa, ett\u00e4 hydraulineste pysyy sylinterin sis\u00e4ll\u00e4 est\u00e4en vuodot. Korkealaatuisten materiaalien, kuten polyuretaanin ja nitriilikumin, valinta parantaa n\u00e4iden tiivisteiden kest\u00e4vyytt\u00e4, jolloin ne kest\u00e4v\u00e4t hydraulisen paineen ja ymp\u00e4rist\u00f6n rasitukset.<\/p>\n<p>Sylinterin rungon ja kierteitettyjen p\u00e4iden pintak\u00e4sittely on tehty huolellisesti kulumiskest\u00e4vyyden parantamiseksi. S\u00e4\u00e4nn\u00f6llinen voitelu sopivalla hydraulinesteell\u00e4 on v\u00e4ltt\u00e4m\u00e4t\u00f6nt\u00e4 tiivisteiden suorituskyvyn ja sylinterin sujuvan toiminnan yll\u00e4pit\u00e4miseksi. T\u00e4m\u00e4 huoltok\u00e4yt\u00e4nt\u00f6 auttaa v\u00e4hent\u00e4m\u00e4\u00e4n kitkaa ja kulumista, mik\u00e4 pident\u00e4\u00e4 ohjaussylinterin k\u00e4ytt\u00f6ik\u00e4\u00e4.<\/p>\n<h2><strong>Ennaltaehk\u00e4isev\u00e4t huoltotoimenpiteet<\/strong><\/h2>\n<ul>\n<li><strong>S\u00e4\u00e4nn\u00f6lliset tarkastukset:<\/strong> Suorita rutiinitarkastuksia kulumisen tai vaurioiden varalta. T\u00e4h\u00e4n sis\u00e4ltyy vuotojen etsiminen tiivisteiden ymp\u00e4rilt\u00e4 ja kaikkien liitosten tiukan pit\u00e4vyyden varmistaminen.<\/li>\n<li><strong>Voitelu:<\/strong> Varmista, ett\u00e4 sylinteri on riitt\u00e4v\u00e4sti voideltu suositellulla hydrauliikka\u00f6ljyll\u00e4. S\u00e4\u00e4nn\u00f6llinen voitelu on ratkaisevan t\u00e4rke\u00e4\u00e4 sis\u00e4isen kitkan ja kulumisen est\u00e4miseksi.<\/li>\n<li><strong>Tiivisteen vaihto:<\/strong> Vaihda tiivisteet tarvittaessa hydraulisen eheyden yll\u00e4pit\u00e4miseksi. S\u00e4\u00e4nn\u00f6lliset tarkastukset voivat auttaa havaitsemaan tiivisteiden heikkenemisen varhaisessa vaiheessa ja est\u00e4m\u00e4\u00e4n nestevuodot.<\/li>\n<\/ul>\n<h2><strong>ZY254 31F 019A -ohjaussylinterin asennusohjeet<\/strong><\/h2>\n<p>ZY254 31F 019A -ohjaussylinterin oikea asennus on elint\u00e4rke\u00e4\u00e4 sen toiminnan ja pitk\u00e4n k\u00e4ytt\u00f6i\u00e4n varmistamiseksi. Aloita varmistamalla, ett\u00e4 kiinnityspinnat ovat puhtaat ja roskattomat. Kohdista sylinteri oikein ohjausj\u00e4rjestelm\u00e4\u00e4n ja varmista, ett\u00e4 se on oikeassa kulmassa rasituksen v\u00e4ltt\u00e4miseksi k\u00e4yt\u00f6n aikana. K\u00e4yt\u00e4 sopivia kiinnityskorvakkeita sylinterin kiinnitt\u00e4miseksi paikalleen.<\/p>\n<p>Kun kiinnikkeet on kohdistettu, kirist\u00e4 ne valmistajan ohjeiden mukaisesti varmistaaksesi tukevan liitoksen. On eritt\u00e4in t\u00e4rke\u00e4\u00e4 v\u00e4ltt\u00e4\u00e4 ylikirist\u00e4mist\u00e4, sill\u00e4 se voi johtaa vaurioihin. Asennuksen j\u00e4lkeen tarkista mahdolliset vuodot testaamalla j\u00e4rjestelm\u00e4\u00e4 paineen alla. Lopuksi tarkista sylinterin liike ja reagointikyky varmistaaksesi, ett\u00e4 se toimii sujuvasti j\u00e4rjestelm\u00e4ss\u00e4.<\/p>\n<h2><strong>Ohjaussylinterin huoltoteht\u00e4v\u00e4t<\/strong><\/h2>\n<ul>\n<li><strong>S\u00e4\u00e4nn\u00f6lliset tarkastukset:<\/strong> S\u00e4\u00e4nn\u00f6llisten tarkastusten suorittaminen on ratkaisevan t\u00e4rke\u00e4\u00e4 mahdollisten ongelmien tunnistamiseksi ennen niiden pahenemista. Tarkista vuodot, kuluminen ja liitosten lujuus optimaalisen suorituskyvyn yll\u00e4pit\u00e4miseksi.<\/li>\n<li><strong>Oikea voitelu:<\/strong> Ohjaussylinterin riitt\u00e4v\u00e4 voitelu est\u00e4\u00e4 kulumisen. K\u00e4yt\u00e4 valmistajan ohjeiden mukaista hydrauliikka\u00f6ljy\u00e4 ja noudata s\u00e4\u00e4nn\u00f6llist\u00e4 voiteluaikataulua.<\/li>\n<li><strong>Tiivisteen vaihto:<\/strong> Ajan my\u00f6t\u00e4 tiivisteet voivat kulua, mik\u00e4 johtaa nestevuotoihin. Tarkista tiivisteet s\u00e4\u00e4nn\u00f6llisesti ja vaihda ne tarvittaessa sylinterin eheyden yll\u00e4pit\u00e4miseksi.<\/li>\n<\/ul>\n<h2><strong>Turvallisuusn\u00e4k\u00f6kohdat ja ymp\u00e4rist\u00f6tekij\u00e4t<\/strong><\/h2>\n<p>Turvatoimenpiteet ovat ensiarvoisen t\u00e4rkeit\u00e4 hydraulisia ohjausj\u00e4rjestelmi\u00e4 k\u00e4ytett\u00e4ess\u00e4. K\u00e4ytt\u00e4jien tulee aina noudattaa turvallisuusprotokollia riskien minimoimiseksi. T\u00e4h\u00e4n kuuluu kaikkien komponenttien hyv\u00e4ss\u00e4 kunnossa pit\u00e4minen ja j\u00e4rjestelm\u00e4n s\u00e4\u00e4nn\u00f6llinen huolto. Ymp\u00e4rist\u00f6tekij\u00e4t, kuten l\u00e4mp\u00f6tilan vaihtelut ja altistuminen ankarille olosuhteille, voivat vaikuttaa ohjaussylinterin suorituskykyyn. On t\u00e4rke\u00e4\u00e4 ottaa n\u00e4m\u00e4 tekij\u00e4t huomioon k\u00e4yt\u00f6n ja huollon aikana, jotta sylinteri toimii optimaalisesti ja turvallisesti.<\/p>\n<h2><strong>Vianm\u00e4\u00e4ritys ja yleiset ongelmat<\/strong><\/h2>\n<ul>\n<li><strong>Vuotavat tiivisteet:<\/strong> Yksi yleinen ongelma hydraulisylintereiss\u00e4 on vuotavat tiivisteet. Jos huomaat hydraulinesteen tason laskua, tarkista tiivisteet vaurioiden tai kulumisen varalta. Monissa tapauksissa tiivisteiden vaihtaminen voi ratkaista t\u00e4m\u00e4n ongelman.<\/li>\n<li><strong>Heikentynyt suorituskyky:<\/strong> Jos ohjausvaste tuntuu hitaalta, se voi viitata sis\u00e4iseen kulumiseen tai riitt\u00e4m\u00e4tt\u00f6m\u00e4\u00e4n voiteluun. Tarkista voitelutasot ja harkitse perusteellisen tarkastuksen suorittamista mahdollisten sis\u00e4isten vaurioiden havaitsemiseksi.<\/li>\n<li><strong>V\u00e4\u00e4rin kohdistus:<\/strong> Asennuksen aikainen virheellinen kohdistus voi johtaa ep\u00e4tasaiseen kulumiseen ja mahdollisiin vikoihin. Varmista, ett\u00e4 sylinteri on oikein kohdistettu ja tukevasti kiinnitetty, jotta t\u00e4t\u00e4 ongelmaa ei ilmene.<\/li>\n<\/ul>\n<h2><strong>Vianm\u00e4\u00e4ritysvinkkej\u00e4<\/strong><\/h2>\n<p>ZY254-ohjaussylinterin ongelmien tehokkaaseen diagnosointiin ja ratkaisemiseen noudata n\u00e4it\u00e4 vianetsint\u00e4vinkkej\u00e4: Ensinn\u00e4kin, tarkkaile j\u00e4rjestelm\u00e4\u00e4 s\u00e4\u00e4nn\u00f6llisesti mahdollisten vuotojen tai suorituskykyongelmien varalta. N\u00e4iden korjaaminen nopeasti voi est\u00e4\u00e4 merkitt\u00e4v\u00e4mpi\u00e4 ongelmia. Toiseksi, pid\u00e4 yll\u00e4 selke\u00e4\u00e4 dokumentaatiota huollosta ja korjauksista, sill\u00e4 t\u00e4m\u00e4 voi auttaa tunnistamaan toistuviin ongelmiin viittaavia kaavoja. Lopuksi, jos ongelmat jatkuvat, ota yhteytt\u00e4 ammattilaiseen sylinterin arvioimiseksi ja sopivien korjausten tai vaihtojen suosittelemiseksi.<\/p>\n<h2><strong>Tietoa yrityksest\u00e4mme<\/strong><\/h2>\n<p>Olemme johtava vaihtoehtoisten hydraulisylintereiden valmistaja ja tukkumyyj\u00e4, joka tarjoaa laajan valikoiman tuotteita sek\u00e4 kotimaisten ett\u00e4 kansainv\u00e4listen markkinoiden tarpeisiin. Sitoutumisemme huippuosaamiseen n\u00e4kyy huippuluokan valmistusprosesseissamme, jotka hy\u00f6dynt\u00e4v\u00e4t edistynytt\u00e4 teknologiaa ja tarkkuustekniikkaa.<\/p>\n<p>Tehtaamme on varustettu huippuluokan digitaalisilla valmistuslaitteilla ja ammattimaisella testausj\u00e4rjestelm\u00e4ll\u00e4, mik\u00e4 varmistaa, ett\u00e4 tuotamme jatkuvasti korkealaatuisia hydraulisylintereit\u00e4. Keskittyen vahvasti innovaatioihin, parannamme jatkuvasti tuotantokapasiteettiamme vastataksemme asiakkaidemme monipuolisiin tarpeisiin.<\/p>\n<p>Asiakastyytyv\u00e4isyys on meille t\u00e4rke\u00e4\u00e4, ja tarjoamme r\u00e4\u00e4t\u00e4l\u00f6ityj\u00e4 palveluita ja kansainv\u00e4lisi\u00e4 sertifiointeja varmistaaksemme, ett\u00e4 tuotteemme t\u00e4ytt\u00e4v\u00e4t maailmanlaajuiset standardit. Omistautunut myynninj\u00e4lkeinen palvelutiimimme on aina valmiina auttamaan asiakkaita tarjoamalla tukea ja ohjausta tuotteiden k\u00e4ytt\u00f6i\u00e4n ja suorituskyvyn maksimoimiseksi.<\/p>\n<p><img decoding=\"async\" src=\"https:\/\/www.hydraulic-cylinders.net\/wp-content\/uploads\/2025\/05\/xinxin-hydraulic-cylinder-factory-1.webp\" alt=\"Hydraulisylinteritehdas\" \/><\/p>","protected":false},"excerpt":{"rendered":"<p>ZY254 31F 019A Steering Cylinder Introduction to the Steering Cylinder The ZY254 31F 019A steering cylinder is an essential component in hydraulic steering systems, designed to enhance the efficiency and responsiveness of vehicles. This hydraulic steering cylinder provides a reliable solution for automotive steering mechanisms, offering superior control and precision. With a cylinder diameter of [&hellip;]<\/p>","protected":false},"featured_media":20676,"comment_status":"open","ping_status":"closed","template":"","meta":{"_et_pb_use_builder":"","_et_pb_old_content":"","_et_gb_content_width":""},"product_brand":[],"product_cat":[1561],"product_tag":[1563,1562],"class_list":{"0":"post-20767","1":"product","2":"type-product","3":"status-publish","4":"has-post-thumbnail","6":"product_cat-steering-hydraulic-cylinders","7":"product_tag-steering-cylinders","8":"product_tag-steering-hydraulic-cylinders","10":"first","11":"instock","12":"shipping-taxable","13":"product-type-simple"},"amp_enabled":true,"_links":{"self":[{"href":"https:\/\/www.hydraulic-cylinders.net\/fi\/wp-json\/wp\/v2\/product\/20767","targetHints":{"allow":["GET"]}}],"collection":[{"href":"https:\/\/www.hydraulic-cylinders.net\/fi\/wp-json\/wp\/v2\/product"}],"about":[{"href":"https:\/\/www.hydraulic-cylinders.net\/fi\/wp-json\/wp\/v2\/types\/product"}],"replies":[{"embeddable":true,"href":"https:\/\/www.hydraulic-cylinders.net\/fi\/wp-json\/wp\/v2\/comments?post=20767"}],"wp:featuredmedia":[{"embeddable":true,"href":"https:\/\/www.hydraulic-cylinders.net\/fi\/wp-json\/wp\/v2\/media\/20676"}],"wp:attachment":[{"href":"https:\/\/www.hydraulic-cylinders.net\/fi\/wp-json\/wp\/v2\/media?parent=20767"}],"wp:term":[{"taxonomy":"product_brand","embeddable":true,"href":"https:\/\/www.hydraulic-cylinders.net\/fi\/wp-json\/wp\/v2\/product_brand?post=20767"},{"taxonomy":"product_cat","embeddable":true,"href":"https:\/\/www.hydraulic-cylinders.net\/fi\/wp-json\/wp\/v2\/product_cat?post=20767"},{"taxonomy":"product_tag","embeddable":true,"href":"https:\/\/www.hydraulic-cylinders.net\/fi\/wp-json\/wp\/v2\/product_tag?post=20767"}],"curies":[{"name":"wp","href":"https:\/\/api.w.org\/{rel}","templated":true}]}}