{"id":652,"date":"2023-08-21T02:56:38","date_gmt":"2023-08-21T02:56:38","guid":{"rendered":"https:\/\/hydraulic-cylinders.net\/?post_type=product&#038;p=652"},"modified":"2025-04-11T01:45:01","modified_gmt":"2025-04-11T01:45:01","slug":"forklift-short-lifting-hydraulic-cylinder","status":"publish","type":"product","link":"https:\/\/www.hydraulic-cylinders.net\/fi\/tuote\/forklift-short-lifting-hydraulic-cylinder\/","title":{"rendered":"Haarukkatrukin lyhyt nostava hydraulisylinteri"},"content":{"rendered":"<h1 style=\"text-align: center;\"><strong>Haarukkatrukin lyhyt nostava hydraulisylinteri<\/strong><\/h1>\n<p><img loading=\"lazy\" decoding=\"async\" class=\"aligncenter wp-image-653\" src=\"https:\/\/hydraulic-cylinders.net\/wp-content\/uploads\/2023\/08\/short-lifting-hydraulic-cylinder-product-2-300x300.webp\" alt=\"lyhytnostoinen hydraulisylinterituote\" width=\"400\" height=\"400\" \/><\/p>\n<p>The <strong>Lyhyt trukin nostosylinteri<\/strong> on suunniteltu selviytym\u00e4\u00e4n lyhyist\u00e4 nostoteht\u00e4vist\u00e4 vaivattomasti ja tarjoaa tehoa ja tarkkuutta, joita tarvitaan materiaalink\u00e4sittelytoimintojesi optimointiin.<\/p>\n<p>Kest\u00e4v\u00e4n rakenteensa ansiosta t\u00e4m\u00e4 hydraulisylinteri kest\u00e4\u00e4 raskaita kuormia, toistuvaa k\u00e4ytt\u00f6\u00e4 ja haastavia k\u00e4ytt\u00f6olosuhteita. Kest\u00e4v\u00e4ksi rakennettu se varmistaa luotettavan suorituskyvyn ja minimoi samalla huoltoon tai korjauksiin liittyv\u00e4t seisokkiajat.<\/p>\n<p>Poikkeuksellisen kest\u00e4v\u00e4 kulumista, korroosiota ja likaantumista vastaan, <strong>Lyhyt trukin nostosylinteri<\/strong> S\u00e4ilytt\u00e4\u00e4 huippusuorituskyvyn koko k\u00e4ytt\u00f6ik\u00e4ns\u00e4 ajan. Se on suunniteltu kest\u00e4m\u00e4\u00e4n ankaria olosuhteita ja suojaa tehokkaasti kosteudelta, roskilta ja muilta ep\u00e4puhtauksilta, jotka voisivat vaarantaa sen toimivuuden.<\/p>\n<p>Luotettavaa nostoratkaisua etsiville t\u00e4m\u00e4 hydraulisylinteri on ihanteellinen valinta, sill\u00e4 se varmistaa tehokkuuden ja pitk\u00e4n k\u00e4ytt\u00f6i\u00e4n jokaisessa toiminnossa.<\/p>\n<h2><strong>Trukin lyhyt nosto hydraulisylinterin parametri:<\/strong><\/h2>\n<table>\n<tbody>\n<tr>\n<td><img loading=\"lazy\" decoding=\"async\" class=\"alignnone wp-image-654 size-full\" src=\"https:\/\/hydraulic-cylinders.net\/wp-content\/uploads\/2023\/08\/short-lifting-hydraulic-cylinder-product-1.png\" alt=\"\" width=\"457\" height=\"315\" srcset=\"https:\/\/www.hydraulic-cylinders.net\/wp-content\/uploads\/2023\/08\/short-lifting-hydraulic-cylinder-product-1.png 457w, https:\/\/www.hydraulic-cylinders.net\/wp-content\/uploads\/2023\/08\/short-lifting-hydraulic-cylinder-product-1-300x207.png 300w\" sizes=\"(max-width: 457px) 100vw, 457px\" \/><\/td>\n<td><img loading=\"lazy\" decoding=\"async\" class=\"alignnone wp-image-655 size-full\" src=\"https:\/\/hydraulic-cylinders.net\/wp-content\/uploads\/2023\/08\/short-lifting-hydraulic-cylinder-product-1-1.png\" alt=\"\" width=\"475\" height=\"137\" srcset=\"https:\/\/www.hydraulic-cylinders.net\/wp-content\/uploads\/2023\/08\/short-lifting-hydraulic-cylinder-product-1-1.png 475w, https:\/\/www.hydraulic-cylinders.net\/wp-content\/uploads\/2023\/08\/short-lifting-hydraulic-cylinder-product-1-1-300x87.png 300w\" sizes=\"(max-width: 475px) 100vw, 475px\" \/><\/td>\n<\/tr>\n<\/tbody>\n<\/table>\n<table style=\"height: 95px; width: 931px;\" border=\"1\" cellspacing=\"0\" cellpadding=\"0\">\n<tbody>\n<tr style=\"height: 47px;\">\n<td style=\"height: 47px; width: 124.137px;\">Sylinterin nimi<\/td>\n<td style=\"height: 47px; width: 182.712px;\">piirustusnumero<\/td>\n<td style=\"height: 47px; width: 74.2125px;\">rei\u00e4n halkaisija (D)<\/td>\n<td style=\"height: 47px; width: 63.6375px;\">tangon halkaisija (d)<\/td>\n<td style=\"height: 47px; width: 69.75px;\">aivohalvaus (S)<\/td>\n<td style=\"height: 47px; width: 90.0875px;\">Asennuset\u00e4isyys (L)<\/td>\n<td style=\"height: 47px; width: 92.5625px;\">ty\u00f6paine<\/td>\n<td style=\"height: 47px; width: 148.925px;\">Liit\u00e4nn\u00e4n mitat (M)<\/td>\n<td style=\"height: 47px; width: 68.975px;\">paino<\/td>\n<\/tr>\n<tr style=\"height: 48px;\">\n<td class=\"et3\" style=\"height: 48px; width: 124.137px;\" height=\"325\">Lyhyt nostosylinteri<\/td>\n<td style=\"width: 182.712px;\">RC25N480-800000-000A<\/td>\n<td style=\"width: 74.2125px;\">\u03a675<\/td>\n<td style=\"width: 63.6375px;\">\u03a660<\/td>\n<td style=\"width: 69.75px;\">800<\/td>\n<td style=\"width: 90.0875px;\">1065<\/td>\n<td style=\"width: 92.5625px;\">18,1 MPa<\/td>\n<td style=\"width: 148.925px;\">M22*1.5<\/td>\n<td style=\"width: 68.975px;\">36 kg<\/td>\n<\/tr>\n<tr>\n<td style=\"width: 124.137px;\">Lyhyt nostosylinteri<\/td>\n<td style=\"width: 182.712px;\">X35N480-800000-001A<\/td>\n<td style=\"width: 74.2125px;\">\u03a695<\/td>\n<td style=\"width: 63.6375px;\">\u03a680<\/td>\n<td style=\"width: 69.75px;\">800<\/td>\n<td style=\"width: 90.0875px;\">1065<\/td>\n<td style=\"width: 92.5625px;\">18,1 MPa<\/td>\n<td style=\"width: 148.925px;\">M22*1.5<\/td>\n<td style=\"width: 68.975px;\">48,7 kg<\/td>\n<\/tr>\n<\/tbody>\n<\/table>\n<table>\n<tbody>\n<tr>\n<td><img loading=\"lazy\" decoding=\"async\" class=\"alignnone wp-image-656 size-full\" src=\"https:\/\/hydraulic-cylinders.net\/wp-content\/uploads\/2023\/08\/short-lifting-hydraulic-cylinder-product-2-1.webp\" alt=\"\" width=\"451\" height=\"358\" srcset=\"https:\/\/www.hydraulic-cylinders.net\/wp-content\/uploads\/2023\/08\/short-lifting-hydraulic-cylinder-product-2-1.webp 451w, https:\/\/www.hydraulic-cylinders.net\/wp-content\/uploads\/2023\/08\/short-lifting-hydraulic-cylinder-product-2-1-300x238.webp 300w\" sizes=\"(max-width: 451px) 100vw, 451px\" \/><\/td>\n<td><img loading=\"lazy\" decoding=\"async\" class=\"alignnone wp-image-657 size-full\" src=\"https:\/\/hydraulic-cylinders.net\/wp-content\/uploads\/2023\/08\/short-lifting-hydraulic-cylinder-product-2-1-1.webp\" alt=\"\" width=\"475\" height=\"223\" srcset=\"https:\/\/www.hydraulic-cylinders.net\/wp-content\/uploads\/2023\/08\/short-lifting-hydraulic-cylinder-product-2-1-1.webp 475w, https:\/\/www.hydraulic-cylinders.net\/wp-content\/uploads\/2023\/08\/short-lifting-hydraulic-cylinder-product-2-1-1-300x141.webp 300w\" sizes=\"(max-width: 475px) 100vw, 475px\" \/><\/td>\n<\/tr>\n<\/tbody>\n<\/table>\n<table style=\"height: 101px; width: 938px;\" border=\"1\" cellspacing=\"0\" cellpadding=\"0\">\n<tbody>\n<tr style=\"height: 47px;\">\n<td style=\"height: 47px; width: 122px;\">Sylinterin nimi<\/td>\n<td style=\"height: 47px; width: 155px;\">piirustusnumero<\/td>\n<td style=\"height: 47px; width: 80px;\">rei\u00e4n halkaisija (D)<\/td>\n<td style=\"height: 47px; width: 79px;\">tangon halkaisija (d)<\/td>\n<td style=\"height: 47px; width: 65px;\">aivohalvaus (S)<\/td>\n<td style=\"height: 47px; width: 104px;\">Asennuset\u00e4isyys (L)<\/td>\n<td style=\"height: 47px; width: 96px;\">ty\u00f6paine<\/td>\n<td style=\"height: 47px; width: 177px;\">Liit\u00e4nn\u00e4n mitat (M)<\/td>\n<td style=\"height: 47px; width: 60px;\">paino<\/td>\n<\/tr>\n<tr style=\"height: 54px;\">\n<td class=\"et3\" style=\"height: 54px; width: 122px;\" height=\"325\">Lyhyt nostosylinteri<\/td>\n<td style=\"width: 155px;\" width=\"270\">N30N450-800000-002A<\/td>\n<td style=\"width: 80px;\" width=\"102\">\u03a685<\/td>\n<td style=\"width: 79px;\" width=\"99\">\u03a670<\/td>\n<td style=\"width: 65px;\" width=\"91\">777<\/td>\n<td style=\"width: 104px;\" width=\"136\">1015<\/td>\n<td style=\"width: 96px;\" width=\"138\">18,1 MPa<\/td>\n<td style=\"width: 177px;\" width=\"294\">M22*1.5<\/td>\n<td style=\"width: 60px;\" width=\"78\">45,5 kg<\/td>\n<\/tr>\n<tr>\n<td style=\"width: 122px;\">Lyhyt nostosylinteri<\/td>\n<td style=\"width: 155px;\">3U3H-800000-001A<\/td>\n<td style=\"width: 80px;\">\u03a685<\/td>\n<td style=\"width: 79px;\">\u03a670<\/td>\n<td style=\"width: 65px;\">777<\/td>\n<td style=\"width: 104px;\">1015<\/td>\n<td style=\"width: 96px;\">18,1 MPa<\/td>\n<td style=\"width: 177px;\">M22*1.5<\/td>\n<td style=\"width: 60px;\">45,5 kg<\/td>\n<\/tr>\n<tr>\n<td style=\"width: 122px;\">Lyhyt nostosylinteri<\/td>\n<td style=\"width: 155px;\">N35N450-800000-003A<\/td>\n<td style=\"width: 80px;\">\u03a695<\/td>\n<td style=\"width: 79px;\">\u03a680<\/td>\n<td style=\"width: 65px;\">775<\/td>\n<td style=\"width: 104px;\">1013<\/td>\n<td style=\"width: 96px;\">18,1 MPa<\/td>\n<td style=\"width: 177px;\">M22*1.5<\/td>\n<td style=\"width: 60px;\">54 kg<\/td>\n<\/tr>\n<\/tbody>\n<\/table>\n<h2><strong>Vapauta tehokkuus ja tarkkuus hydraulisylinterin avulla:<\/strong><\/h2>\n<p>Koe hydrauliteknologian todellinen teho hydraulisylinterin avulla. T\u00e4m\u00e4 merkitt\u00e4v\u00e4 laite on suunniteltu tarjoamaan tarkkuutta ja luotettavuutta monenlaisissa sovelluksissa. Teollisuuskoneista rakennuslaitteisiin, hydraulisylinteri on avain suorituskyvyn optimointiin ja erinomaisten tulosten saavuttamiseen. Tutustu siihen, kuinka t\u00e4m\u00e4 tehokas ty\u00f6kalu voi mullistaa toimintasi.<\/p>\n<ul>\n<li><strong>Tarkkuustekniikka<\/strong>Hydraulisylinteri on huolellisesti suunniteltu tarjoamaan tarkkaa liikkeen ja voiman hallintaa. Edistyksellisen suunnittelunsa ja korkealaatuisen rakenteensa ansiosta se varmistaa tarkan ja toistettavan suorituskyvyn, jolloin saavutat halutut tulokset poikkeuksellisen tarkasti.<\/li>\n<li><strong>Tehostettu tehokkuus<\/strong>Sano hyv\u00e4stit tehottomuuksille ja ep\u00e4tasaiselle suorituskyvylle. Hydraulisylinteri optimoi hydraulitehon hy\u00f6dynt\u00e4misen maksimoiden tehokkuuden ja tuottavuuden. Koe sujuvat ja hallitut liikkeet, jotka v\u00e4hent\u00e4v\u00e4t energianhukkaa ja parantavat j\u00e4rjestelm\u00e4n kokonaissuorituskyky\u00e4.<\/li>\n<\/ul>\n<h2><strong>Tehtaan kapasiteetti ja kapasiteetti:<\/strong><\/h2>\n<h3><strong>(1) Kokoonpano<\/strong><\/h3>\n<p>Laitoksellamme on huippuluokan itsen\u00e4inen tutkimus- ja kehitysty\u00f6n kokoonpanoalusta, joka on omistettu hydraulisten sylinterien tuotannolle. Meill\u00e4 on nelj\u00e4 puoliautomaattista nostosylinterien kokoonpanolinjaa ja yksi t\u00e4ysautomaattinen kallistussylinterien kokoonpanolinja, joiden vaikuttava vuotuinen tuotantokapasiteetti on miljoona sylinteri\u00e4.<img loading=\"lazy\" decoding=\"async\" class=\"aligncenter wp-image-626\" src=\"https:\/\/hydraulic-cylinders.net\/wp-content\/uploads\/2023\/08\/hydraulic-cylinder-product-1-300x158.webp\" alt=\"\" width=\"500\" height=\"263\" srcset=\"https:\/\/hydraulic-cylinders.net\/wp-content\/uploads\/2023\/08\/hydraulic-cylinder-product-1-300x158.webp 500w, https:\/\/hydraulic-cylinders.net\/wp-content\/uploads\/2023\/08\/hydraulic-cylinder-product-1-480x252.webp 480w\" sizes=\"(min-width: 0px) and (max-width: 480px) 480px, (min-width: 481px) 500px, 100vw\" \/><\/p>\n<p>Erikoistuneessa sylinteriverstaassamme k\u00e4yt\u00e4mme erilaisiin tarpeisiin suunniteltua puoliautomaattista puhdistuskokoonpanoj\u00e4rjestelm\u00e4\u00e4, joka pystyy tuottamaan 200 000 sylinteri\u00e4 vuodessa. Verstaassamme on edistyneet CNC-ty\u00f6st\u00f6laitteet, ty\u00f6st\u00f6keskus, tarkat sylinterien ty\u00f6st\u00f6ty\u00f6kalut, robottihitsauskoneet, automaattiset puhdistusj\u00e4rjestelm\u00e4t ja automatisoitu sylinterien kokoonpanolinja. Lis\u00e4ksi meill\u00e4 on t\u00e4ysin automatisoitu maalauslinja.<\/p>\n<p>Yli 300 kriittisen laitteen ansiosta optimaalinen resurssien kohdentaminen varmistaa, ett\u00e4 t\u00e4yt\u00e4mme asiakkaidemme vaatimat tiukat tarkkuus- ja laatustandardit. T\u00e4m\u00e4 sitoutuminen tehokkuuteen ja t\u00e4sm\u00e4llisyyteen asettaa meid\u00e4t hydraulisylinteriteollisuuden johtajaksi.<\/p>\n<p><img loading=\"lazy\" decoding=\"async\" class=\"aligncenter wp-image-627\" src=\"https:\/\/hydraulic-cylinders.net\/wp-content\/uploads\/2023\/08\/hydraulic-cylinder-product-2-300x189.webp\" alt=\"\" width=\"500\" height=\"315\" srcset=\"https:\/\/hydraulic-cylinders.net\/wp-content\/uploads\/2023\/08\/hydraulic-cylinder-product-2-300x189.webp 500w, https:\/\/hydraulic-cylinders.net\/wp-content\/uploads\/2023\/08\/hydraulic-cylinder-product-2-480x302.webp 480w\" sizes=\"(min-width: 0px) and (max-width: 480px) 480px, (min-width: 481px) 500px, 100vw\" \/><\/p>\n<h3><strong>(2) Koneistus<\/strong><\/h3>\n<p>Koneistamomme on varustettu huippuluokan laitteilla, kuten r\u00e4\u00e4t\u00e4l\u00f6idyll\u00e4 vinokiskosorvauskeskuksella, tarkkuusty\u00f6st\u00f6keskuksella, nopealla hoonauskoneella ja edistyneill\u00e4 hitsausroboteilla. T\u00e4m\u00e4 hienostunut laitteisto mahdollistaa sylinteriputkien tehokkaan ty\u00f6st\u00e4misen, joiden sis\u00e4halkaisija on enint\u00e4\u00e4n 400 mm ja pituus jopa 6 metri\u00e4.<\/p>\n<p><img loading=\"lazy\" decoding=\"async\" class=\"wp-image-628 size-large aligncenter\" src=\"https:\/\/hydraulic-cylinders.net\/wp-content\/uploads\/2023\/08\/hydraulic-cylinder-product-3-1024x391.webp\" alt=\"\" width=\"1024\" height=\"391\" srcset=\"https:\/\/hydraulic-cylinders.net\/wp-content\/uploads\/2023\/08\/hydraulic-cylinder-product-3-980x374.webp 980w, https:\/\/hydraulic-cylinders.net\/wp-content\/uploads\/2023\/08\/hydraulic-cylinder-product-3-480x183.webp 480w\" sizes=\"(min-width: 0px) and (max-width: 480px) 480px, (min-width: 481px) and (max-width: 980px) 980px, (min-width: 981px) 1024px, 100vw\" \/><\/p>\n<p>Huipputeknologiamme avulla varmistamme korkealaatuisen koneistuksen, joka vastaa hydraulisylinterien tuotannon monipuolisiin tarpeisiin.<\/p>\n<h3><strong>(3) Hitsaus<\/strong><\/h3>\n<p><img loading=\"lazy\" decoding=\"async\" class=\"wp-image-629 size-large aligncenter\" src=\"https:\/\/hydraulic-cylinders.net\/wp-content\/uploads\/2023\/08\/hydraulic-cylinder-product-4-1024x510.webp\" alt=\"\" width=\"1024\" height=\"510\" srcset=\"https:\/\/hydraulic-cylinders.net\/wp-content\/uploads\/2023\/08\/hydraulic-cylinder-product-4-980x488.webp 980w, https:\/\/hydraulic-cylinders.net\/wp-content\/uploads\/2023\/08\/hydraulic-cylinder-product-4-480x239.webp 480w\" sizes=\"(min-width: 0px) and (max-width: 480px) 480px, (min-width: 481px) and (max-width: 980px) 980px, (min-width: 981px) 1024px, 100vw\" \/><\/p>\n<h3><strong>(4) Maalaus ja pinnoitus<\/strong><\/h3>\n<p><img loading=\"lazy\" decoding=\"async\" class=\"wp-image-630 aligncenter\" src=\"https:\/\/hydraulic-cylinders.net\/wp-content\/uploads\/2023\/08\/hydraulic-cylinder-product-5-300x213.webp\" alt=\"\" width=\"500\" height=\"355\" \/><\/p>\n<p>Laitoksellamme on k\u00e4yt\u00f6ss\u00e4 edistykselliset automaattiset vesiohenteisten maalien pinnoituslinjat, jotka on erityisesti suunniteltu pienille ja keskisuurille sylintereille. N\u00e4m\u00e4 linjat hy\u00f6dynt\u00e4v\u00e4t robottiteknologiaa tehokkaaseen lastaukseen, purkamiseen ja ruiskutukseen, ja niiden tuotantokapasiteetti on huomattava, 4 000 kappaletta vuorossa.<\/p>\n<p><img loading=\"lazy\" decoding=\"async\" class=\"wp-image-631 aligncenter\" src=\"https:\/\/hydraulic-cylinders.net\/wp-content\/uploads\/2023\/08\/hydraulic-cylinder-product-6-300x225.webp\" alt=\"\" width=\"500\" height=\"375\" srcset=\"https:\/\/hydraulic-cylinders.net\/wp-content\/uploads\/2023\/08\/hydraulic-cylinder-product-6-300x225.webp 500w, https:\/\/hydraulic-cylinders.net\/wp-content\/uploads\/2023\/08\/hydraulic-cylinder-product-6-480x360.webp 480w\" sizes=\"(min-width: 0px) and (max-width: 480px) 480px, (min-width: 481px) 500px, 100vw\" \/><\/p>\n<p>Lis\u00e4ksi meill\u00e4 on puoliautomaattinen maalintuotantolinja suurille sylintereille, jota k\u00e4ytt\u00e4\u00e4 vankka voimansiirtoketju ja jonka suunniteltu kapasiteetti on 60 laatikkoa vuorossa. T\u00e4m\u00e4 automaation ja tehokkuuden yhdistelm\u00e4 takaa korkealaatuisen lopputuloksen kaikille hydraulisylintereillemme.<\/p>\n<h3><strong>(5) Testaus<\/strong><\/h3>\n<p>Meill\u00e4 on ensiluokkaiset tarkastustilat ja testialustat, joilla varmistetaan, ett\u00e4 sylinterin suorituskyky t\u00e4ytt\u00e4\u00e4 vaatimukset.<\/p>\n<p><img loading=\"lazy\" decoding=\"async\" class=\"wp-image-632 aligncenter\" src=\"https:\/\/hydraulic-cylinders.net\/wp-content\/uploads\/2023\/08\/hydraulic-cylinder-product-8-300x200.webp\" alt=\"\" width=\"389\" height=\"260\" \/><\/p>\n<p>Olemme tunnettu valmistaja, joka valmistaa mm. <a href=\"https:\/\/hzpt.com\/mobile-machinery-hydraulic-cylinder\/\" target=\"_blank\" rel=\"noopener\">hydraulisylinterit<\/a>, joka on tunnustettu yhdeksi alan parhaista. Laaja tuotevalikoimamme sis\u00e4lt\u00e4\u00e4 laajan valikoiman hydraulisylintereit\u00e4, jotka on r\u00e4\u00e4t\u00e4l\u00f6ity erilaisiin k\u00e4ytt\u00f6tarkoituksiin. Hydraulisylinterien lis\u00e4ksi tarjoamme my\u00f6s korkealaatuisia maatalousvaihteistoja, mik\u00e4 varmistaa, ett\u00e4 asiakkaillamme on k\u00e4yt\u00f6ss\u00e4\u00e4n kattavat ratkaisut koneisiinsa.<\/p>\n<p>Sitoutumisella huippuosaamiseen olemme onnistuneesti vieneet tuotteitamme asiakkaille maailmanlaajuisesti ja ansainneet vahvan maineen erinomaisesta tuotelaadusta ja poikkeuksellisesta huoltopalvelusta. Omistautumisemme asiakastyytyv\u00e4isyyteen on tehnyt meist\u00e4 luotettavan kumppanin sek\u00e4 kotimaisilla ett\u00e4 kansainv\u00e4lisill\u00e4 markkinoilla.<\/p>\n<h2><strong>Miksi valita meid\u00e4t?<\/strong><\/h2>\n<p><img loading=\"lazy\" decoding=\"async\" class=\"size-full wp-image-7201 aligncenter\" src=\"https:\/\/www.hydraulic-cylinders.net\/wp-content\/uploads\/2024\/09\/mining-dump-steering-cylinder-hydraulics-on-trucks-8.webp\" alt=\"\" width=\"1110\" height=\"735\" srcset=\"https:\/\/www.hydraulic-cylinders.net\/wp-content\/uploads\/2024\/09\/mining-dump-steering-cylinder-hydraulics-on-trucks-8.webp 1110w, https:\/\/www.hydraulic-cylinders.net\/wp-content\/uploads\/2024\/09\/mining-dump-steering-cylinder-hydraulics-on-trucks-8-980x649.webp 980w, https:\/\/www.hydraulic-cylinders.net\/wp-content\/uploads\/2024\/09\/mining-dump-steering-cylinder-hydraulics-on-trucks-8-480x318.webp 480w\" sizes=\"(min-width: 0px) and (max-width: 480px) 480px, (min-width: 481px) and (max-width: 980px) 980px, (min-width: 981px) 1110px, 100vw\" \/><\/p>\n<p><strong>Ammattitaito:<\/strong> Tiimimme koostuu alan ammattilaisista, joilla on laaja tiet\u00e4mys ja kokemus hydrauliikkaj\u00e4rjestelmist\u00e4, mik\u00e4 varmistaa huippuluokan tuotteiden ja palveluiden toimittamisen.<\/p>\n<p><strong>Kansainv\u00e4liset sertifikaatit:<\/strong> Noudatamme tiukkoja laatustandardeja ja meill\u00e4 on useita kansainv\u00e4lisi\u00e4 sertifikaatteja, mik\u00e4 osoittaa sitoutumisemme luotettavien ja turvallisten hydrauliikkaratkaisujen toimittamiseen.<\/p>\n<p><strong>Mukautetut ratkaisut:<\/strong> Ymm\u00e4rr\u00e4mme, ett\u00e4 jokaisen asiakkaan tarpeet ovat ainutlaatuiset. Siksi tarjoamme r\u00e4\u00e4t\u00e4l\u00f6ityj\u00e4 hydraulisylintereit\u00e4 ja vaihteistoja, jotka on r\u00e4\u00e4t\u00e4l\u00f6ity vastaamaan erityisvaatimuksia.<\/p>\n<p><strong>Edistyneet tuotantolaitteet:<\/strong> Huippumodernit tuotantolaitoksemme hy\u00f6dynt\u00e4v\u00e4t uusinta teknologiaa ja laitteita, joiden avulla pystymme tuottamaan korkealaatuisia tuotteita tehokkaasti.<\/p>\n<p><strong>Kattava myynnin j\u00e4lkeinen tuki:<\/strong> Sitoutumisemme asiakkaisiimme ulottuu myynnin ulkopuolelle. Tarjoamme jatkuvia tuki- ja yll\u00e4pitopalveluita varmistaaksemme tuotteidemme optimaalisen suorituskyvyn.<\/p>\n<p>Kutsumme asiakkaita ymp\u00e4ri maailmaa ottamaan meihin yhteytt\u00e4 liikeneuvotteluja, tiedonvaihtoa ja yhteisty\u00f6mahdollisuuksia varten. Yhdess\u00e4 voimme saavuttaa suurempaa menestyst\u00e4 hydrauliikkateollisuudessa!<\/p>","protected":false},"excerpt":{"rendered":"<p>Forklift Short Lifting Hydraulic Cylinder The Short Forklift Lift Cylinder is designed to tackle short lifting tasks effortlessly, delivering the power and precision needed to optimize your material handling operations. Featuring a robust design, this hydraulic cylinder can withstand heavy loads, frequent use, and challenging operating conditions. Built for durability, it ensures reliable performance while [&hellip;]<\/p>","protected":false},"featured_media":658,"comment_status":"open","ping_status":"closed","template":"","meta":{"_et_pb_use_builder":"","_et_pb_old_content":"","_et_gb_content_width":""},"product_brand":[],"product_cat":[1484,1549],"product_tag":[1380],"class_list":{"0":"post-652","1":"product","2":"type-product","3":"status-publish","4":"has-post-thumbnail","6":"product_cat-forklift-hydraulic-cylinders","7":"product_cat-single-acting-hydraulic-cylinder","8":"product_tag-hydraulic-cylinder","10":"first","11":"instock","12":"shipping-taxable","13":"product-type-simple"},"amp_enabled":true,"_links":{"self":[{"href":"https:\/\/www.hydraulic-cylinders.net\/fi\/wp-json\/wp\/v2\/product\/652","targetHints":{"allow":["GET"]}}],"collection":[{"href":"https:\/\/www.hydraulic-cylinders.net\/fi\/wp-json\/wp\/v2\/product"}],"about":[{"href":"https:\/\/www.hydraulic-cylinders.net\/fi\/wp-json\/wp\/v2\/types\/product"}],"replies":[{"embeddable":true,"href":"https:\/\/www.hydraulic-cylinders.net\/fi\/wp-json\/wp\/v2\/comments?post=652"}],"wp:featuredmedia":[{"embeddable":true,"href":"https:\/\/www.hydraulic-cylinders.net\/fi\/wp-json\/wp\/v2\/media\/658"}],"wp:attachment":[{"href":"https:\/\/www.hydraulic-cylinders.net\/fi\/wp-json\/wp\/v2\/media?parent=652"}],"wp:term":[{"taxonomy":"product_brand","embeddable":true,"href":"https:\/\/www.hydraulic-cylinders.net\/fi\/wp-json\/wp\/v2\/product_brand?post=652"},{"taxonomy":"product_cat","embeddable":true,"href":"https:\/\/www.hydraulic-cylinders.net\/fi\/wp-json\/wp\/v2\/product_cat?post=652"},{"taxonomy":"product_tag","embeddable":true,"href":"https:\/\/www.hydraulic-cylinders.net\/fi\/wp-json\/wp\/v2\/product_tag?post=652"}],"curies":[{"name":"wp","href":"https:\/\/api.w.org\/{rel}","templated":true}]}}