{"id":769,"date":"2023-08-23T02:12:14","date_gmt":"2023-08-23T02:12:14","guid":{"rendered":"https:\/\/hydraulic-cylinders.net\/?post_type=product&#038;p=769"},"modified":"2025-03-27T01:13:00","modified_gmt":"2025-03-27T01:13:00","slug":"low-pressure-hydraulic-cylinder-rear-pin","status":"publish","type":"product","link":"https:\/\/www.hydraulic-cylinders.net\/fi\/tuote\/low-pressure-hydraulic-cylinder-rear-pin\/","title":{"rendered":"Matalapaineinen hydraulisylinteri Taka-tappi"},"content":{"rendered":"<h1 style=\"text-align: center;\"><strong>Matalapaineinen hydraulisylinteri Taka-tappi<\/strong><\/h1>\n<p><img loading=\"lazy\" decoding=\"async\" class=\"aligncenter wp-image-770 size-full\" src=\"https:\/\/hydraulic-cylinders.net\/wp-content\/uploads\/2023\/08\/low-pressure-pull-rod-hydraulic-cylinder-rear-pin-hole-1.webp\" alt=\"\" width=\"485\" height=\"206\" srcset=\"https:\/\/hydraulic-cylinders.net\/wp-content\/uploads\/2023\/08\/low-pressure-pull-rod-hydraulic-cylinder-rear-pin-hole-1.webp 485w, https:\/\/hydraulic-cylinders.net\/wp-content\/uploads\/2023\/08\/low-pressure-pull-rod-hydraulic-cylinder-rear-pin-hole-1-480x204.webp 480w\" sizes=\"(min-width: 0px) and (max-width: 480px) 480px, (min-width: 481px) 485px, 100vw\" \/><\/p>\n<p>Matalapaineisissa hydraulisylintereiss\u00e4 takatappi tarkoittaa sylinterin takap\u00e4\u00e4ss\u00e4 sijaitsevaa tappi tai akseli. T\u00e4m\u00e4 tappi on liitoskohta tai k\u00e4\u00e4nt\u00f6piste sylinterin kiinnitt\u00e4miseksi tai asentamiseksi muihin komponentteihin tai laitteisiin. Seuraavassa on joitakin tietoja matalapaineisen hydraulisylinterin takatapista:<\/p>\n<p>Matalapaineisen hydraulisylinterin suunnittelu ja rakenne<\/p>\n<p>Takatappi: Takatappi on yleens\u00e4 tukeva metallinen tappi tai akseli, joka ulottuu hydraulisylinterin takap\u00e4\u00e4n l\u00e4pi. Sen tarkoituksena on tarjota sylinterille turvallinen liitos ja k\u00e4\u00e4nt\u00f6piste.<br \/>\nKiinnitysreik\u00e4: Takatappi ty\u00f6nnet\u00e4\u00e4n sylinterikotelon tai takalaipan kiinnitysrei\u00e4n tai kiinnikkeen l\u00e4pi. N\u00e4m\u00e4 kiinnitysrei\u00e4t ovat linjassa sylinteriin kiinnitetyn laitteen tai rakenteen vastaavien reikien tai kiinnikkeiden kanssa.<br \/>\nKiinnitysmekanismi: Takatappi voidaan kiinnitt\u00e4\u00e4 pidikkeill\u00e4, pulteilla tai muilla kiinnikkeill\u00e4 vahingossa tapahtuvan irtoamisen tai liikkumisen est\u00e4miseksi.<\/p>\n<h2><strong>Matalapaineisen hydraulisylinterin takatapin parametri:<\/strong><\/h2>\n<p><img loading=\"lazy\" decoding=\"async\" class=\"alignnone wp-image-771 size-full\" src=\"https:\/\/hydraulic-cylinders.net\/wp-content\/uploads\/2023\/08\/low-pressure-pull-rod-hydraulic-cylinder-rear-pin-hole-2.webp\" alt=\"\" width=\"690\" height=\"333\" srcset=\"https:\/\/hydraulic-cylinders.net\/wp-content\/uploads\/2023\/08\/low-pressure-pull-rod-hydraulic-cylinder-rear-pin-hole-2.webp 690w, https:\/\/hydraulic-cylinders.net\/wp-content\/uploads\/2023\/08\/low-pressure-pull-rod-hydraulic-cylinder-rear-pin-hole-2-480x232.webp 480w\" sizes=\"(min-width: 0px) and (max-width: 480px) 480px, (min-width: 481px) 690px, 100vw\" \/><\/p>\n<h2><strong>Sovellukset <\/strong><strong>Matalapaineinen hydraulisylinteri\u00a0<\/strong><strong>Takatappi<\/strong><strong>:<\/strong><\/h2>\n<ul>\n<li>Matalapaineisia hydraulisylintereit\u00e4, joissa on takatapit, k\u00e4ytet\u00e4\u00e4n useilla eri teollisuudenaloilla ja sovelluksissa, erityisesti j\u00e4rjestelmiss\u00e4, jotka toimivat alhaisemmilla hydraulisilla paineilla.<\/li>\n<li>Niit\u00e4 k\u00e4ytet\u00e4\u00e4n yleisesti teollisuuskoneissa, mobiililaitteissa ja muissa j\u00e4rjestelmiss\u00e4, joissa on tilarajoituksia tai erityisi\u00e4 asennusvaatimuksia.<\/li>\n<li>N\u00e4m\u00e4 sylinterit soveltuvat materiaalink\u00e4sittelyyn, nostomekanismeihin, kuljetusj\u00e4rjestelmiin ja muihin laitteisiin, jotka vaativat lineaarista voimaa tai liikett\u00e4.<\/li>\n<\/ul>\n<h2><strong>Asennus ja kytkent\u00e4 <\/strong><strong>Matalapaineinen hydraulisylinteri Taka-tappi<\/strong><strong>:<\/strong><\/h2>\n<ul>\n<li>Sylinterin asennus: Takatappi mahdollistaa hydraulisylinterin suoran kiinnitt\u00e4misen muihin laitteisiin tai rakenneosiin. Tappi ty\u00f6nnet\u00e4\u00e4n sylinterin kiinnitysreikien tai kiinnikkeiden ja laitteen tai rakenteen vastinreikien tai kiinnikkeiden l\u00e4pi.<\/li>\n<li>Takatapin kiinnitys: Kun takatappi on ty\u00f6nnetty kiinnityspisteiden l\u00e4pi, se kiinnitet\u00e4\u00e4n tyypillisesti paikalleen pidikkeill\u00e4, pulteilla tai muilla kiinnittimill\u00e4. N\u00e4m\u00e4 kiinnittimet varmistavat vakaan ja j\u00e4yk\u00e4n liitoksen sylinterin ja vastapinnan v\u00e4lille.<\/li>\n<\/ul>\n<h2><strong>Kuinka hydraulisylinteri kunnostetaan?<\/strong><\/h2>\n<p>Hydraulisylinterin uudelleenrakentaminen sis\u00e4lt\u00e4\u00e4 sylinterin irrottamisen, kuluneiden tai vaurioituneiden osien tarkastamisen ja vaihtamisen, sylinterin kokoamisen uudelleen uusilla osilla ja sen toiminnan testaamisen. T\u00e4ss\u00e4 on yleinen yleiskatsaus prosessista:<\/p>\n<ol>\n<li><strong>Ker\u00e4\u00e4 tarvittavat ty\u00f6kalut ja osat<\/strong>Ennen uudelleenrakennusprosessin aloittamista ker\u00e4\u00e4 tarvittavat ty\u00f6kalut ja varaosat, mukaan lukien tiivisteet, o-renkaat, laakeripes\u00e4t ja kaikki muut hydraulisylinterimallillesi ominaiset komponentit.<\/li>\n<li><strong>Sylinterin poisto<\/strong>Irrota hydraulisylinteri j\u00e4rjestelm\u00e4st\u00e4 tai laitteesta, johon se on asennettu. Noudata asianmukaisia \u200b\u200bturvallisuusmenetelmi\u00e4 ja k\u00e4yt\u00e4 tarvittaessa asianmukaisia \u200b\u200bnostolaitteita.<\/li>\n<li><strong>Sylinterin purkaminen<\/strong>Pura sylinteri varovasti ja kiinnit\u00e4 huomiota osien j\u00e4rjestykseen ja suuntaukseen niit\u00e4 irrottaessasi. T\u00e4m\u00e4 voi tarkoittaa p\u00e4\u00e4tykansien, m\u00e4nn\u00e4n, m\u00e4nn\u00e4nvarren, tiivisteiden ja muiden sis\u00e4isten osien irrottamista.<\/li>\n<li><strong>Komponenttien tarkastus<\/strong>Tarkasta jokainen osa kulumisen, vaurioiden tai heikkenemisen varalta. Kiinnit\u00e4 erityist\u00e4 huomiota tiivisteisiin, o-renkaisiin ja muihin kumikomponentteihin, sill\u00e4 ne yleens\u00e4 vaihdetaan kunnostuksen yhteydess\u00e4. Vaihda kaikki kuluneet tai vaurioituneet osat uusiin.<\/li>\n<li><strong>Sylinterin puhdistus<\/strong>Puhdista kaikki komponentit huolellisesti liasta, roskista ja hydraulinesteen j\u00e4\u00e4mist\u00e4 sopivalla puhdistusaineella. Varmista, ett\u00e4 kaikki osat ovat kuivuneet ennen kokoamista.<\/li>\n<li><strong>Tiivisteen asennus<\/strong>Asenna uudet tiivisteet, o-renkaat ja tiivisterenkaat oikeille paikoilleen sylinteriss\u00e4. Varmista oikea kohdistus ja suunta valmistajan ohjeiden mukaisesti.<\/li>\n<li><strong>Kokoaminen<\/strong>Aloita sylinterin kokoaminen purkamisen k\u00e4\u00e4nteisess\u00e4 j\u00e4rjestyksess\u00e4. Voitele tiivisteet ja o-renkaat yhteensopivalla hydraulinesteell\u00e4 tai kokoonpanovoiteluaineella kokoamisen aikana.<\/li>\n<li><strong>V\u00e4\u00e4nt\u00f6momentti ja kirist\u00e4<\/strong>Kirist\u00e4 pultit, mutterit ja liittimet valmistajan suosittelemilla kiristysmomenteilla oikeisiin spesifikaatioihin. Varmista, ett\u00e4 kaikki liit\u00e4nn\u00e4t ovat tiukasti kiinni, mutta v\u00e4lt\u00e4 ylikirist\u00e4mist\u00e4, joka voi vahingoittaa komponentteja.<\/li>\n<li><strong>Testaus<\/strong>Liit\u00e4 sylinteri takaisin hydraulij\u00e4rjestelm\u00e4\u00e4n tai laitteeseen, kun sylinteri on koottu uudelleen. Testaa sylinterin asianmukainen toiminta, mukaan lukien sen pidennys, sis\u00e4\u00e4nveto ja paineenpitokyky. Tarkista mahdolliset vuodot ja korjaa ne tarvittaessa.<\/li>\n<li><strong>J\u00e4rjestelm\u00e4nesteen vaihto<\/strong>Vaihda j\u00e4rjestelm\u00e4n hydraulineste tarvittaessa puhtaaseen, yhteensopivaan nesteeseen valmistajan ohjeiden mukaisesti.<\/li>\n<\/ol>\n<h2><strong>Tehtaan kapasiteetti ja kapasiteetti:<\/strong><\/h2>\n<h3>(1) Kokoonpano<\/h3>\n<p>Meill\u00e4 on ensiluokkainen itsen\u00e4inen tutkimus- ja kehityskokoonpanoalusta. Trukkien sylinterien tuotantopajassa on nelj\u00e4 puoliautomaattista nostosylinterien kokoonpanolinjaa ja yksi automaattinen kallistussylinterien kokoonpanolinja, joiden suunniteltu vuotuinen tuotantokapasiteetti on 1 miljoona kappaletta. Erikoissylinterien ty\u00f6paja on varustettu erilaisilla puoliautomaattisilla puhdistuskokoonpanoj\u00e4rjestelmill\u00e4, joiden suunniteltu vuotuinen tuotantokapasiteetti on 200 000 kappaletta. Varustettu tunnetuilla CNC-koneistuslaitteilla, ty\u00f6st\u00f6keskuksella, tarkkojen sylinterien k\u00e4sittelyn erikoislaitteilla, robottihitsauskoneella, automaattisella puhdistuskoneella, automaattisella sylinterien kokoonpanokoneella ja automaattisella maalaustuotantolinjalla. Olemassa on yli 300 avainlaitteistoa. Laitteiden optimaalinen kohdentaminen ja tehokas k\u00e4ytt\u00f6 varmistavat tuotteiden tarkkuusvaatimukset ja tuotteiden korkeat laatuvaatimukset.<\/p>\n<p><img loading=\"lazy\" decoding=\"async\" class=\"alignnone wp-image-626\" src=\"https:\/\/hydraulic-cylinders.net\/wp-content\/uploads\/2023\/08\/hydraulic-cylinder-product-1-300x158.webp\" alt=\"\" width=\"495\" height=\"260\" srcset=\"https:\/\/hydraulic-cylinders.net\/wp-content\/uploads\/2023\/08\/hydraulic-cylinder-product-1-300x158.webp 495w, https:\/\/hydraulic-cylinders.net\/wp-content\/uploads\/2023\/08\/hydraulic-cylinder-product-1-480x252.webp 480w\" sizes=\"(min-width: 0px) and (max-width: 480px) 480px, (min-width: 481px) 495px, 100vw\" \/> <img loading=\"lazy\" decoding=\"async\" class=\"alignnone wp-image-627\" src=\"https:\/\/hydraulic-cylinders.net\/wp-content\/uploads\/2023\/08\/hydraulic-cylinder-product-2-300x189.webp\" alt=\"\" width=\"413\" height=\"260\" \/><\/p>\n<h3>(2) Koneistus<\/h3>\n<p>Koneistamo on varustettu r\u00e4\u00e4t\u00e4l\u00f6idyll\u00e4 vinokiskosorvauskeskuksella, ty\u00f6st\u00f6keskuksella, nopealla hoonauskoneella, hitsausrobotilla ja muilla niihin liittyvill\u00e4 laitteilla, jotka pystyv\u00e4t k\u00e4sittelem\u00e4\u00e4n enint\u00e4\u00e4n 400 mm:n sis\u00e4halkaisijan ja enint\u00e4\u00e4n 6 metrin pituisia sylinteriputkia.<\/p>\n<p><img loading=\"lazy\" decoding=\"async\" class=\"alignnone wp-image-628 size-large\" src=\"https:\/\/hydraulic-cylinders.net\/wp-content\/uploads\/2023\/08\/hydraulic-cylinder-product-3-1024x391.webp\" alt=\"\" width=\"1024\" height=\"391\" srcset=\"https:\/\/hydraulic-cylinders.net\/wp-content\/uploads\/2023\/08\/hydraulic-cylinder-product-3-980x374.webp 980w, https:\/\/hydraulic-cylinders.net\/wp-content\/uploads\/2023\/08\/hydraulic-cylinder-product-3-480x183.webp 480w\" sizes=\"(min-width: 0px) and (max-width: 480px) 480px, (min-width: 481px) and (max-width: 980px) 980px, (min-width: 981px) 1024px, 100vw\" \/><\/p>\n<h3>(3) Hitsaus<\/h3>\n<p><img loading=\"lazy\" decoding=\"async\" class=\"alignnone wp-image-629 size-large\" src=\"https:\/\/hydraulic-cylinders.net\/wp-content\/uploads\/2023\/08\/hydraulic-cylinder-product-4-1024x510.webp\" alt=\"\" width=\"1024\" height=\"510\" srcset=\"https:\/\/hydraulic-cylinders.net\/wp-content\/uploads\/2023\/08\/hydraulic-cylinder-product-4-980x488.webp 980w, https:\/\/hydraulic-cylinders.net\/wp-content\/uploads\/2023\/08\/hydraulic-cylinder-product-4-480x239.webp 480w\" sizes=\"(min-width: 0px) and (max-width: 480px) 480px, (min-width: 481px) and (max-width: 980px) 980px, (min-width: 981px) 1024px, 100vw\" \/><\/p>\n<h3>(4) Maalaus ja pinnoitus<\/h3>\n<p>Pienell\u00e4 ja keskisuurella sylinterim\u00e4isell\u00e4 automaattisella vesipohjaisella maalipinnoituslinjalla automaattisen robotin lastauksen ja purkamisen sek\u00e4 automaattisen ruiskutuksen saavuttamiseksi suunnittelukapasiteetti on 4000 kappaletta vuorossa;<br \/>\nMeill\u00e4 on my\u00f6s puoliautomaattinen maalintuotantolinja suurille sylintereille, jota k\u00e4ytt\u00e4\u00e4 voimansiirtoketju ja jonka suunnittelukapasiteetti on 60 laatikkoa vuorossa.<\/p>\n<p><img loading=\"lazy\" decoding=\"async\" class=\"alignnone wp-image-630\" src=\"https:\/\/hydraulic-cylinders.net\/wp-content\/uploads\/2023\/08\/hydraulic-cylinder-product-5-300x213.webp\" alt=\"\" width=\"366\" height=\"260\" \/> <img loading=\"lazy\" decoding=\"async\" class=\"alignnone wp-image-631\" src=\"https:\/\/hydraulic-cylinders.net\/wp-content\/uploads\/2023\/08\/hydraulic-cylinder-product-6-300x225.webp\" alt=\"\" width=\"347\" height=\"260\" \/><\/p>\n<h3>(5) Testaus<\/h3>\n<p>Meill\u00e4 on ensiluokkaiset tarkastustilat ja testialustat, joilla varmistetaan, ett\u00e4 sylinterin suorituskyky t\u00e4ytt\u00e4\u00e4 vaatimukset.<\/p>\n<p><img loading=\"lazy\" decoding=\"async\" class=\"alignnone wp-image-632\" src=\"https:\/\/hydraulic-cylinders.net\/wp-content\/uploads\/2023\/08\/hydraulic-cylinder-product-8-300x200.webp\" alt=\"\" width=\"389\" height=\"260\" \/><\/p>\n<p>&nbsp;<\/p>\n<p>&nbsp;<\/p>\n<p>Olemme yksi parhaista matalapaineisten hydraulisylinterien valmistajista. Voimme tarjota laajan matalapaineisten hydraulisylinterien varaston. Tarjoamme my\u00f6s vastaavia <a href=\"https:\/\/hzpt.com\/agricultural-pto-gearbox\/\" target=\"_blank\" rel=\"noopener\">maatalousvaihteistot<\/a>. Olemme vieneet tuotteitamme asiakkaillemme ymp\u00e4ri maailmaa ja ansainneet hyv\u00e4n maineen ylivoimaisen tuotteidemme laadun ja myynnin j\u00e4lkeisen palvelun ansiosta. Toivotamme l\u00e4mpim\u00e4sti tervetulleeksi asiakkaat sek\u00e4 kotimaassa ett\u00e4 ulkomailla ottamaan yhteytt\u00e4 meihin neuvottelemaan liiketoiminnasta, vaihtamaan tietoja ja\u00a0<a href=\"https:\/\/www.hydraulic-cylinders.net\/fi\/contact-us\/\">tehd\u00e4 yhteisty\u00f6t\u00e4 kanssamme<\/a>!<\/p>\n<p>&nbsp;<\/p>","protected":false},"excerpt":{"rendered":"<p>Low-Pressure Hydraulic Cylinder Rear Pin In low-pressure hydraulic cylinders, the back pin refers to the pin or shaft located at the back end of the cylinder. This pin is a connection point or pivot for attaching or mounting the cylinder to other components or equipment. The following is some information about the low-pressure hydraulic cylinder [&hellip;]<\/p>","protected":false},"featured_media":772,"comment_status":"open","ping_status":"closed","template":"","meta":{"_et_pb_use_builder":"","_et_pb_old_content":"","_et_gb_content_width":""},"product_brand":[],"product_cat":[1376,1388],"product_tag":[1380],"class_list":{"0":"post-769","1":"product","2":"type-product","3":"status-publish","4":"has-post-thumbnail","6":"product_cat-hydraulic-cylinder","7":"product_cat-low-pressure-hydraulic-cylinder","8":"product_tag-hydraulic-cylinder","10":"first","11":"instock","12":"shipping-taxable","13":"product-type-simple"},"amp_enabled":true,"_links":{"self":[{"href":"https:\/\/www.hydraulic-cylinders.net\/fi\/wp-json\/wp\/v2\/product\/769","targetHints":{"allow":["GET"]}}],"collection":[{"href":"https:\/\/www.hydraulic-cylinders.net\/fi\/wp-json\/wp\/v2\/product"}],"about":[{"href":"https:\/\/www.hydraulic-cylinders.net\/fi\/wp-json\/wp\/v2\/types\/product"}],"replies":[{"embeddable":true,"href":"https:\/\/www.hydraulic-cylinders.net\/fi\/wp-json\/wp\/v2\/comments?post=769"}],"wp:featuredmedia":[{"embeddable":true,"href":"https:\/\/www.hydraulic-cylinders.net\/fi\/wp-json\/wp\/v2\/media\/772"}],"wp:attachment":[{"href":"https:\/\/www.hydraulic-cylinders.net\/fi\/wp-json\/wp\/v2\/media?parent=769"}],"wp:term":[{"taxonomy":"product_brand","embeddable":true,"href":"https:\/\/www.hydraulic-cylinders.net\/fi\/wp-json\/wp\/v2\/product_brand?post=769"},{"taxonomy":"product_cat","embeddable":true,"href":"https:\/\/www.hydraulic-cylinders.net\/fi\/wp-json\/wp\/v2\/product_cat?post=769"},{"taxonomy":"product_tag","embeddable":true,"href":"https:\/\/www.hydraulic-cylinders.net\/fi\/wp-json\/wp\/v2\/product_tag?post=769"}],"curies":[{"name":"wp","href":"https:\/\/api.w.org\/{rel}","templated":true}]}}