{"id":773,"date":"2023-08-23T02:33:49","date_gmt":"2023-08-23T02:33:49","guid":{"rendered":"https:\/\/hydraulic-cylinders.net\/?post_type=product&#038;p=773"},"modified":"2025-03-27T01:12:58","modified_gmt":"2025-03-27T01:12:58","slug":"low-pressure-hydraulic-cylinder-intermediate-pin","status":"publish","type":"product","link":"https:\/\/www.hydraulic-cylinders.net\/fi\/tuote\/low-pressure-hydraulic-cylinder-intermediate-pin\/","title":{"rendered":"Matalapaineinen hydraulisylinteri V\u00e4litappi"},"content":{"rendered":"<h1 style=\"text-align: center;\"><strong>Matalapaineinen hydraulisylinteri V\u00e4litappi<\/strong><\/h1>\n<p><img loading=\"lazy\" decoding=\"async\" class=\"aligncenter wp-image-774 size-full\" src=\"https:\/\/hydraulic-cylinders.net\/wp-content\/uploads\/2023\/08\/low-pressure-pull-rod-hydraulic-cylinder-middle-hinge-pin-1.webp\" alt=\"\" width=\"375\" height=\"175\" srcset=\"https:\/\/www.hydraulic-cylinders.net\/wp-content\/uploads\/2023\/08\/low-pressure-pull-rod-hydraulic-cylinder-middle-hinge-pin-1.webp 375w, https:\/\/www.hydraulic-cylinders.net\/wp-content\/uploads\/2023\/08\/low-pressure-pull-rod-hydraulic-cylinder-middle-hinge-pin-1-300x140.webp 300w\" sizes=\"(max-width: 375px) 100vw, 375px\" \/><\/p>\n<p>Matalapaineisessa hydraulisylinteriss\u00e4 v\u00e4litappi tarkoittaa m\u00e4nn\u00e4n ja m\u00e4nn\u00e4nvarren v\u00e4list\u00e4 naulaa tai akselia. Yhdist\u00e4v\u00e4 elementti siirt\u00e4\u00e4 voiman m\u00e4nn\u00e4st\u00e4 tankoon, mik\u00e4 mahdollistaa lineaarisen liikkeen.<\/p>\n<p>Matalapaineisen hydraulisylinterin suunnittelu ja rakenne<\/p>\n<p>V\u00e4litapit ovat yleens\u00e4 umpinaisia \u200b\u200bmetallitappeja tai akseleita sylinterin sis\u00e4ll\u00e4.<br \/>\nSe yhdist\u00e4\u00e4 kaksi osaa m\u00e4nn\u00e4n ja kiertokangen v\u00e4lill\u00e4.<br \/>\nV\u00e4litapin teht\u00e4v\u00e4n\u00e4 on siirt\u00e4\u00e4 m\u00e4nn\u00e4n tuottama nestepaine m\u00e4nn\u00e4nvarteen, jolloin saavutetaan sylinterin vaatima lineaarinen liike.<\/p>\n<h2><strong>Matalapaineisen hydraulisylinterin v\u00e4litapin parametri:<\/strong><\/h2>\n<p><img loading=\"lazy\" decoding=\"async\" class=\"alignnone wp-image-775 size-full\" src=\"https:\/\/hydraulic-cylinders.net\/wp-content\/uploads\/2023\/08\/low-pressure-pull-rod-hydraulic-cylinder-intermediate-pin-2.webp\" alt=\"\" width=\"690\" height=\"315\" srcset=\"https:\/\/hydraulic-cylinders.net\/wp-content\/uploads\/2023\/08\/low-pressure-pull-rod-hydraulic-cylinder-intermediate-pin-2.webp 690w, https:\/\/hydraulic-cylinders.net\/wp-content\/uploads\/2023\/08\/low-pressure-pull-rod-hydraulic-cylinder-intermediate-pin-2-480x219.webp 480w\" sizes=\"(min-width: 0px) and (max-width: 480px) 480px, (min-width: 481px) 690px, 100vw\" \/><\/p>\n<h2><strong>Toiminta ja toiminta <\/strong><strong>Matalapaineinen hydraulisylinteri V\u00e4litappi<\/strong><strong>:<\/strong><\/h2>\n<ul>\n<li>Kun m\u00e4nt\u00e4\u00e4n kohdistetaan hydraulinen paine, se kohdistaa voiman keskimm\u00e4iseen tappiin, jolloin se liikkuu.<\/li>\n<li>V\u00e4litapin liike siirt\u00e4\u00e4 voimaa m\u00e4nn\u00e4nvarteen, mik\u00e4 aiheuttaa hydraulisylinterin venymisen tai supistumisen.<\/li>\n<li>V\u00e4litappi varmistaa, ett\u00e4 hydraulisesti tuotettu voima v\u00e4littyy tehokkaasti m\u00e4nn\u00e4nvarteen, jolloin sylinteri saavuttaa halutun liikkeen.<\/li>\n<\/ul>\n<h2><strong>Matalapaineisen hydraulisylinterin v\u00e4lisokan huolto ja vaihto<\/strong><strong>:<\/strong><\/h2>\n<ul>\n<li>Matalapainehydraulisylinteri\u00e4 korjattaessa tai muokattaessa on tarkistettava keskitapin kunto.<\/li>\n<li>Jos kulumisen, vaurioiden tai v\u00e4lyksen merkkej\u00e4 on, sylinterin normaalin toiminnan varmistamiseksi on vaihdettava uusi v\u00e4lisokka.<\/li>\n<li>Keskimm\u00e4ist\u00e4 tappia vaihdettaessa on noudatettava valmistajan ohjeita ja teknisi\u00e4 tietoja yhteensopivuuden ja optimaalisen suorituskyvyn varmistamiseksi.<\/li>\n<\/ul>\n<h2><strong>Kuinka mitata hydraulisylinteri?<\/strong><\/h2>\n<ol>\n<li><strong>Rei\u00e4n halkaisija<\/strong>:\n<ul>\n<li>Mittaa sylinteriputken sis\u00e4halkaisija. T\u00e4t\u00e4 kutsutaan \"rei\u00e4n halkaisijaksi\".<\/li>\n<li>Aseta jarrusatulat sylinteriputken sis\u00e4\u00e4n ja ojenna leukoja, kunnes ne koskettavat sis\u00e4seini\u00e4.<\/li>\n<li>Huomioi jarrusatuloissa n\u00e4kyv\u00e4 mittaus.<\/li>\n<\/ul>\n<\/li>\n<li><strong>Tangon halkaisija<\/strong>:\n<ul>\n<li>Mittaa m\u00e4nn\u00e4nvarren ulkohalkaisija. T\u00e4t\u00e4 kutsutaan m\u00e4nn\u00e4nvarren halkaisijaksi.<\/li>\n<li>Aseta jarrusatulat m\u00e4nn\u00e4nvarren ymp\u00e4rille ja s\u00e4\u00e4d\u00e4 leukoja, kunnes ne tarttuvat kevyesti m\u00e4nn\u00e4nvarren pintaan.<\/li>\n<li>Huomioi jarrusatuloissa n\u00e4kyv\u00e4 mittaus.<\/li>\n<\/ul>\n<\/li>\n<li><strong>Iskun pituus<\/strong>:\n<ul>\n<li>M\u00e4\u00e4rit\u00e4 iskunpituus, joka on suurin matka, jonka m\u00e4nt\u00e4 voi kulkea sylinterin sis\u00e4ll\u00e4.<\/li>\n<li>Ojenna m\u00e4nn\u00e4nvarsi t\u00e4ysin ojennettuun asentoon ja mittaa et\u00e4isyys sylinterin etupinnasta m\u00e4nn\u00e4nvarren p\u00e4\u00e4h\u00e4n.<\/li>\n<li>Ota mittaus huomioon iskunpituutena.<\/li>\n<\/ul>\n<\/li>\n<li><strong>Asennusmitat<\/strong>:\n<ul>\n<li>Mittaa kiinnitysmitat m\u00e4\u00e4ritt\u00e4\u00e4ksesi, miten hydraulisylinteri kiinnitet\u00e4\u00e4n laitteeseen tai rakenteeseen.<\/li>\n<li>Mittaa sylinterin kiinnityslaipan kiinnitysreikien tai kiinnikkeiden v\u00e4linen et\u00e4isyys.<\/li>\n<li>Mittaa rei\u00e4n halkaisija, jos sellainen on.<\/li>\n<\/ul>\n<\/li>\n<li><strong>Kokonaispituus<\/strong>:\n<ul>\n<li>Mittaa hydraulisylinterin kokonaispituus, joka sis\u00e4lt\u00e4\u00e4 sylinteriputken, m\u00e4nn\u00e4nvarren ja muiden ulkonevien osien pituuden.<\/li>\n<li>Aseta suorakulma sylinterin etupinnan poikki ja mittaa et\u00e4isyys etupinnasta vastakkaisen p\u00e4\u00e4n kauimmaiseen pisteeseen.<\/li>\n<\/ul>\n<\/li>\n<li><strong>Lis\u00e4mittaukset<\/strong>:\n<ul>\n<li>Sovelluksesi erityisvaatimuksista riippuen saatat joutua mittaamaan lis\u00e4tietoja, kuten m\u00e4nn\u00e4n pituuden, p\u00e4\u00e4tykansien paksuuden tai mahdollisten porttien tai liittimien mitat.<\/li>\n<\/ul>\n<\/li>\n<\/ol>\n<h2><strong>Tehtaan kapasiteetti ja kapasiteetti:<\/strong><\/h2>\n<h3>(1) Kokoonpano<\/h3>\n<p>Meill\u00e4 on ensiluokkainen itsen\u00e4inen tutkimus- ja kehityskokoonpanoalusta. Trukkien sylinterien tuotantopajassa on nelj\u00e4 puoliautomaattista nostosylinterien kokoonpanolinjaa ja yksi automaattinen kallistussylinterien kokoonpanolinja, joiden suunniteltu vuotuinen tuotantokapasiteetti on 1 miljoona kappaletta. Erikoissylinterien ty\u00f6paja on varustettu erilaisilla puoliautomaattisilla puhdistuskokoonpanoj\u00e4rjestelmill\u00e4, joiden suunniteltu vuotuinen tuotantokapasiteetti on 200 000 kappaletta. Varustettu tunnetuilla CNC-koneistuslaitteilla, ty\u00f6st\u00f6keskuksella, tarkkojen sylinterien k\u00e4sittelyn erikoislaitteilla, robottihitsauskoneella, automaattisella puhdistuskoneella, automaattisella sylinterien kokoonpanokoneella ja automaattisella maalaustuotantolinjalla. Olemassa on yli 300 avainlaitteistoa. Laitteiden optimaalinen kohdentaminen ja tehokas k\u00e4ytt\u00f6 varmistavat tuotteiden tarkkuusvaatimukset ja tuotteiden korkeat laatuvaatimukset.<\/p>\n<p><img loading=\"lazy\" decoding=\"async\" class=\"alignnone wp-image-626\" src=\"https:\/\/hydraulic-cylinders.net\/wp-content\/uploads\/2023\/08\/hydraulic-cylinder-product-1-300x158.webp\" alt=\"\" width=\"495\" height=\"260\" srcset=\"https:\/\/hydraulic-cylinders.net\/wp-content\/uploads\/2023\/08\/hydraulic-cylinder-product-1-300x158.webp 495w, https:\/\/hydraulic-cylinders.net\/wp-content\/uploads\/2023\/08\/hydraulic-cylinder-product-1-480x252.webp 480w\" sizes=\"(min-width: 0px) and (max-width: 480px) 480px, (min-width: 481px) 495px, 100vw\" \/> <img loading=\"lazy\" decoding=\"async\" class=\"alignnone wp-image-627\" src=\"https:\/\/hydraulic-cylinders.net\/wp-content\/uploads\/2023\/08\/hydraulic-cylinder-product-2-300x189.webp\" alt=\"\" width=\"413\" height=\"260\" \/><\/p>\n<h3>(2) Koneistus<\/h3>\n<p>Koneistamo on varustettu r\u00e4\u00e4t\u00e4l\u00f6idyll\u00e4 vinokiskosorvauskeskuksella, ty\u00f6st\u00f6keskuksella, nopealla hoonauskoneella, hitsausrobotilla ja muilla niihin liittyvill\u00e4 laitteilla, jotka pystyv\u00e4t k\u00e4sittelem\u00e4\u00e4n enint\u00e4\u00e4n 400 mm:n sis\u00e4halkaisijan ja enint\u00e4\u00e4n 6 metrin pituisia sylinteriputkia.<\/p>\n<p><img loading=\"lazy\" decoding=\"async\" class=\"alignnone wp-image-628 size-large\" src=\"https:\/\/hydraulic-cylinders.net\/wp-content\/uploads\/2023\/08\/hydraulic-cylinder-product-3-1024x391.webp\" alt=\"\" width=\"1024\" height=\"391\" srcset=\"https:\/\/hydraulic-cylinders.net\/wp-content\/uploads\/2023\/08\/hydraulic-cylinder-product-3-980x374.webp 980w, https:\/\/hydraulic-cylinders.net\/wp-content\/uploads\/2023\/08\/hydraulic-cylinder-product-3-480x183.webp 480w\" sizes=\"(min-width: 0px) and (max-width: 480px) 480px, (min-width: 481px) and (max-width: 980px) 980px, (min-width: 981px) 1024px, 100vw\" \/><\/p>\n<h3>(3) Hitsaus<\/h3>\n<p><img loading=\"lazy\" decoding=\"async\" class=\"alignnone wp-image-629 size-large\" src=\"https:\/\/hydraulic-cylinders.net\/wp-content\/uploads\/2023\/08\/hydraulic-cylinder-product-4-1024x510.webp\" alt=\"\" width=\"1024\" height=\"510\" srcset=\"https:\/\/hydraulic-cylinders.net\/wp-content\/uploads\/2023\/08\/hydraulic-cylinder-product-4-980x488.webp 980w, https:\/\/hydraulic-cylinders.net\/wp-content\/uploads\/2023\/08\/hydraulic-cylinder-product-4-480x239.webp 480w\" sizes=\"(min-width: 0px) and (max-width: 480px) 480px, (min-width: 481px) and (max-width: 980px) 980px, (min-width: 981px) 1024px, 100vw\" \/><\/p>\n<h3>(4) Maalaus ja pinnoitus<\/h3>\n<p>Pienell\u00e4 ja keskisuurella sylinterim\u00e4isell\u00e4 automaattisella vesipohjaisella maalipinnoituslinjalla automaattisen robotin lastauksen ja purkamisen sek\u00e4 automaattisen ruiskutuksen saavuttamiseksi suunnittelukapasiteetti on 4000 kappaletta vuorossa;<br \/>\nMeill\u00e4 on my\u00f6s puoliautomaattinen maalintuotantolinja suurille sylintereille, jota k\u00e4ytt\u00e4\u00e4 voimansiirtoketju ja jonka suunnittelukapasiteetti on 60 laatikkoa vuorossa.<\/p>\n<p><img loading=\"lazy\" decoding=\"async\" class=\"alignnone wp-image-630\" src=\"https:\/\/hydraulic-cylinders.net\/wp-content\/uploads\/2023\/08\/hydraulic-cylinder-product-5-300x213.webp\" alt=\"\" width=\"366\" height=\"260\" \/> <img loading=\"lazy\" decoding=\"async\" class=\"alignnone wp-image-631\" src=\"https:\/\/hydraulic-cylinders.net\/wp-content\/uploads\/2023\/08\/hydraulic-cylinder-product-6-300x225.webp\" alt=\"\" width=\"347\" height=\"260\" \/><\/p>\n<h3>(5) Testaus<\/h3>\n<p>Meill\u00e4 on ensiluokkaiset tarkastustilat ja testialustat, joilla varmistetaan, ett\u00e4 sylinterin suorituskyky t\u00e4ytt\u00e4\u00e4 vaatimukset.<\/p>\n<p><img loading=\"lazy\" decoding=\"async\" class=\"alignnone wp-image-632\" src=\"https:\/\/hydraulic-cylinders.net\/wp-content\/uploads\/2023\/08\/hydraulic-cylinder-product-8-300x200.webp\" alt=\"\" width=\"389\" height=\"260\" \/><\/p>\n<p>&nbsp;<\/p>\n<p>&nbsp;<\/p>\n<p>Olemme yksi parhaista matalapaineisten hydraulisylinterien valmistajista. Voimme tarjota laajan matalapaineisten hydraulisylinterien varaston. Tarjoamme my\u00f6s vastaavia <a href=\"https:\/\/hzpt.com\/agricultural-pto-gearbox\/\" target=\"_blank\" rel=\"noopener\">maatalousvaihteistot<\/a>. Olemme vieneet tuotteitamme asiakkaillemme ymp\u00e4ri maailmaa ja ansainneet hyv\u00e4n maineen ylivoimaisen tuotteidemme laadun ja myynnin j\u00e4lkeisen palvelun ansiosta. Toivotamme l\u00e4mpim\u00e4sti tervetulleeksi asiakkaat sek\u00e4 kotimaassa ett\u00e4 ulkomailla ottamaan yhteytt\u00e4 meihin neuvottelemaan liiketoiminnasta, vaihtamaan tietoja ja\u00a0<a href=\"https:\/\/www.hydraulic-cylinders.net\/fi\/contact-us\/\">tehd\u00e4 yhteisty\u00f6t\u00e4 kanssamme<\/a>!<\/p>\n<p>&nbsp;<\/p>","protected":false},"excerpt":{"rendered":"<p>Low-Pressure Hydraulic Cylinder Intermediate Pin In a low-pressure hydraulic cylinder, the intermediate pin refers to the nail or shaft between the piston and the piston rod. A connecting element transfers force from the piston to the rod, allowing for linear motion. Design and construction of the low-pressure hydraulic cylinder Intermediate pins are usually solid metal [&hellip;]<\/p>","protected":false},"featured_media":776,"comment_status":"open","ping_status":"closed","template":"","meta":{"_et_pb_use_builder":"","_et_pb_old_content":"","_et_gb_content_width":""},"product_brand":[],"product_cat":[1376,1388],"product_tag":[1380],"class_list":{"0":"post-773","1":"product","2":"type-product","3":"status-publish","4":"has-post-thumbnail","6":"product_cat-hydraulic-cylinder","7":"product_cat-low-pressure-hydraulic-cylinder","8":"product_tag-hydraulic-cylinder","10":"first","11":"instock","12":"shipping-taxable","13":"product-type-simple"},"amp_enabled":true,"_links":{"self":[{"href":"https:\/\/www.hydraulic-cylinders.net\/fi\/wp-json\/wp\/v2\/product\/773","targetHints":{"allow":["GET"]}}],"collection":[{"href":"https:\/\/www.hydraulic-cylinders.net\/fi\/wp-json\/wp\/v2\/product"}],"about":[{"href":"https:\/\/www.hydraulic-cylinders.net\/fi\/wp-json\/wp\/v2\/types\/product"}],"replies":[{"embeddable":true,"href":"https:\/\/www.hydraulic-cylinders.net\/fi\/wp-json\/wp\/v2\/comments?post=773"}],"wp:featuredmedia":[{"embeddable":true,"href":"https:\/\/www.hydraulic-cylinders.net\/fi\/wp-json\/wp\/v2\/media\/776"}],"wp:attachment":[{"href":"https:\/\/www.hydraulic-cylinders.net\/fi\/wp-json\/wp\/v2\/media?parent=773"}],"wp:term":[{"taxonomy":"product_brand","embeddable":true,"href":"https:\/\/www.hydraulic-cylinders.net\/fi\/wp-json\/wp\/v2\/product_brand?post=773"},{"taxonomy":"product_cat","embeddable":true,"href":"https:\/\/www.hydraulic-cylinders.net\/fi\/wp-json\/wp\/v2\/product_cat?post=773"},{"taxonomy":"product_tag","embeddable":true,"href":"https:\/\/www.hydraulic-cylinders.net\/fi\/wp-json\/wp\/v2\/product_tag?post=773"}],"curies":[{"name":"wp","href":"https:\/\/api.w.org\/{rel}","templated":true}]}}