{"id":827,"date":"2023-08-30T04:00:09","date_gmt":"2023-08-30T04:00:09","guid":{"rendered":"https:\/\/hydraulic-cylinders.net\/?post_type=product&#038;p=827"},"modified":"2025-04-16T02:22:47","modified_gmt":"2025-04-16T02:22:47","slug":"ca-monoaural-type-light-rod-hydraulic-cylinder","status":"publish","type":"product","link":"https:\/\/www.hydraulic-cylinders.net\/fi\/tuote\/ca-monoaural-type-light-rod-hydraulic-cylinder\/","title":{"rendered":"CA Monoauraalinen tyyppi kevyt sauva hydraulinen sylinteri"},"content":{"rendered":"<h1 style=\"text-align: center;\"><strong>CA Monoauraalinen tyyppi kevyt sauva hydraulinen sylinteri<\/strong><\/h1>\n<p>CA-tyyppinen monoauraalinen valotankohydraulisylinteri on edistynyt hydraulisylinteri, joka on suunniteltu optimoimaan tarkkuutta ja tehokkuutta erilaisissa teollisissa sovelluksissa. Monofonisen muotoilunsa ja valaisinpylv\u00e4srakenteensa ansiosta t\u00e4m\u00e4 sylinteri tarjoaa erinomaisen suorituskyvyn, luotettavuuden ja helppok\u00e4ytt\u00f6isyyden.<\/p>\n<p>Kevytsauvan hydraulisylinterin t\u00e4rkeimm\u00e4t ominaisuudet ja edut:<\/p>\n<p><strong>Monofoninen suunnittelu<\/strong>Kevytsauvainen hydraulisylinteri on monofoninen, ja siin\u00e4 on yksi sauva, joka ulottuu toisesta p\u00e4\u00e4st\u00e4. T\u00e4m\u00e4 rakenne mahdollistaa kompaktin ja yksinkertaisen asennuksen, joten se sopii rajoitetun tilan sovelluksiin.<\/p>\n<p><strong>Valotangon rakenne<\/strong>Valosauvarakenne on valmistettu kevyest\u00e4 alumiinista tai komposiittimateriaaleista. T\u00e4m\u00e4 v\u00e4hent\u00e4\u00e4 kokonaispainoa, mahdollistaa nopeamman toiminnan, v\u00e4hent\u00e4\u00e4 energiankulutusta ja lis\u00e4\u00e4 tehokkuutta.<\/p>\n<p><strong>Parannettu tarkkuus<\/strong>CA-tyyppinen monoauraalinen kevytsauvahydraulisylinteri varmistaa tarkan lineaarisen liikkeenohjauksen. Se tarjoaa tarkan paikannuksen ja tasaisen liikkeen, joten se sopii erinomaisesti sovelluksiin, jotka vaativat suurta tarkkuutta, kuten robotiikkaan, automaatioj\u00e4rjestelmiin ja pakkauskoneisiin.<\/p>\n<p><strong>Kompakti ja tilaa s\u00e4\u00e4st\u00e4v\u00e4<\/strong>Kompaktin kokonsa ansiosta sylinteri sopii erinomaisesti asennuksiin ahtaissa tiloissa. Pienen kokonsa ansiosta se on helppo integroida koneisiin ja j\u00e4rjestelmiin suorituskyky\u00e4 vaarantamatta.<\/p>\n<p><img loading=\"lazy\" decoding=\"async\" class=\"wp-image-828 size-full aligncenter\" src=\"https:\/\/hydraulic-cylinders.net\/wp-content\/uploads\/2023\/08\/ca-monoaural-type-light-pull-rod-hydraulic-cylinder-1.webp\" alt=\"\" width=\"790\" height=\"200\" srcset=\"https:\/\/hydraulic-cylinders.net\/wp-content\/uploads\/2023\/08\/ca-monoaural-type-light-pull-rod-hydraulic-cylinder-1.webp 790w, https:\/\/hydraulic-cylinders.net\/wp-content\/uploads\/2023\/08\/ca-monoaural-type-light-pull-rod-hydraulic-cylinder-1-480x122.webp 480w\" sizes=\"(min-width: 0px) and (max-width: 480px) 480px, (min-width: 481px) 790px, 100vw\" \/><\/p>\n<h2><strong>CA Monoauraalinen tyyppi Valosauva Hydraulisylinteri Parametri:<\/strong><\/h2>\n<p><img loading=\"lazy\" decoding=\"async\" class=\"alignnone wp-image-829 size-full\" src=\"https:\/\/hydraulic-cylinders.net\/wp-content\/uploads\/2023\/08\/ca-monoaural-type-light-pull-rod-hydraulic-cylinder-2.webp\" alt=\"\" width=\"790\" height=\"456\" srcset=\"https:\/\/hydraulic-cylinders.net\/wp-content\/uploads\/2023\/08\/ca-monoaural-type-light-pull-rod-hydraulic-cylinder-2.webp 790w, https:\/\/hydraulic-cylinders.net\/wp-content\/uploads\/2023\/08\/ca-monoaural-type-light-pull-rod-hydraulic-cylinder-2-480x277.webp 480w\" sizes=\"(min-width: 0px) and (max-width: 480px) 480px, (min-width: 481px) 790px, 100vw\" \/><\/p>\n<h2><strong>\u00a0CA Monoauraalinen tyyppi kevyt sauva hydraulinen sylinteri <\/strong><strong>K\u00e4ytt\u00f6menetelm\u00e4<\/strong><strong>:<\/strong><\/h2>\n<p><strong>Asennus<\/strong>Asenna sylinteri turvallisesti k\u00e4ytt\u00e4m\u00e4ll\u00e4 sopivia kiinnikkeit\u00e4 vakauden ja oikean kohdistuksen varmistamiseksi.<\/p>\n<p><strong>Hydraulinen liit\u00e4nt\u00e4<\/strong>Liit\u00e4 hydrauliletku sylinterin m\u00e4\u00e4riteltyyn porttiin. Varmista, ett\u00e4 liitokset ovat tiukat vuotojen est\u00e4miseksi.<\/p>\n<p><strong>Virtal\u00e4hde<\/strong>Liit\u00e4 sylinteri luotettavaan hydrauliseen virtal\u00e4hteeseen, kuten pumppuun tai voimayksikk\u00f6\u00f6n.<\/p>\n<p><strong>Testaa ja s\u00e4\u00e4d\u00e4<\/strong>Tarkista kaikki liit\u00e4nn\u00e4t huolellisesti ja varmista niiden turvallisuus ennen k\u00e4ytt\u00f6\u00e4 \u2013 testaa sylinterin liike k\u00e4ynnist\u00e4m\u00e4ll\u00e4 hydraulij\u00e4rjestelm\u00e4 ja varmistamalla, ett\u00e4 liike on tasaista ja lineaarista.<\/p>\n<h2><strong>Kuinka purkaa hydraulisylinteri?<\/strong><\/h2>\n<p>Hydraulisylinterin purkaminen vaatii huolellista k\u00e4sittely\u00e4 ja asianmukaisten purkamismenettelyjen noudattamista. T\u00e4ss\u00e4 on yleinen opas hydraulisylinterin purkamiseen:<\/p>\n<ol>\n<li><strong>Turvallisuusohjeet<\/strong>:\n<ul>\n<li>Varmista, ett\u00e4 hydraulij\u00e4rjestelm\u00e4 on paineeton ja ett\u00e4 sylinteriss\u00e4 ei ole j\u00e4\u00e4nn\u00f6spainetta. Noudata asianmukaisia \u200b\u200blukitus-\/merkint\u00e4menettelyj\u00e4 est\u00e4\u00e4ksesi j\u00e4rjestelm\u00e4n vahingossa tapahtuvan aktivoitumisen.<\/li>\n<li>K\u00e4yt\u00e4 asianmukaisia \u200b\u200bhenkil\u00f6nsuojaimia, kuten k\u00e4sineit\u00e4 ja suojalaseja, suojautuaksesi hydraulinesteelt\u00e4 ja mahdollisilta vaaroilta.<\/li>\n<\/ul>\n<\/li>\n<li><strong>Sylinterin poisto<\/strong>:\n<ul>\n<li>Irrota sylinteriin kytketyt hydrauliikkaletkut ja varmista, ett\u00e4 mahdollinen j\u00e4\u00e4nn\u00f6sneste on ker\u00e4tty riitt\u00e4v\u00e4sti talteen.<\/li>\n<li>Irrota kaikki kiinnikkeet tai asennustelineet sylinterin vapauttamiseksi, jos sylinteri on asennettu tai kiinnitetty muihin osiin.<\/li>\n<li>Nosta ja poista sylinteri varovasti asennuspaikastaan \u200b\u200bvaroen vahingoittamasta tai rasittamasta kiinnitettyj\u00e4 letkuja tai liittimi\u00e4.<\/li>\n<\/ul>\n<\/li>\n<li><strong>Tarkastus ja dokumentointi<\/strong>:\n<ul>\n<li>Tarkasta sylinterin ulkopinta huolellisesti mahdollisten vaurioiden, vuotojen tai liiallisen kulumisen varalta. Kirjaa yl\u00f6s kaikki havainnot tai ongelmat my\u00f6hemp\u00e4\u00e4 tarvetta varten.<\/li>\n<li>Huomioi sylinterin suunta sek\u00e4 tiivisteiden, laakereiden ja muiden osien sijainti ennen purkamista. T\u00e4m\u00e4 auttaa kokoamisessa.<\/li>\n<\/ul>\n<\/li>\n<li><strong>Sylinterin purkaminen<\/strong>:\n<ul>\n<li>Paikanna sylinterin kummassakin p\u00e4\u00e4ss\u00e4 olevat p\u00e4\u00e4tykappaleet tai pid\u00e4tinrenkaat. N\u00e4m\u00e4 osat pit\u00e4v\u00e4t sylinteriputkea ja m\u00e4nt\u00e4kokoonpanoa yhdess\u00e4.<\/li>\n<li>Irrota p\u00e4\u00e4tykappaleet tai kiinnitysrenkaat varovasti sopivilla ty\u00f6kaluilla vahingoittamatta pintoja tai komponentteja.<\/li>\n<li>Kun p\u00e4\u00e4tykannet tai pid\u00e4tinrenkaat on irrotettu, sylinteriputken ja m\u00e4nn\u00e4n pit\u00e4isi voida irrota toisistaan \u200b\u200bvapaasti.<\/li>\n<\/ul>\n<\/li>\n<li><strong>Komponenttien poistaminen<\/strong>:\n<ul>\n<li>Irrota m\u00e4nt\u00e4 sylinteriputkesta ja kiinnit\u00e4 huomiota kaikkiin siihen kiinnitettyihin tiivisteisiin, laakereihin tai muihin osiin.<\/li>\n<li>Tarkasta ja dokumentoi kaikkien irrotettujen osien kunto kulumisen, vaurioiden tai vuotojen varalta. Vaihda kuluneet tai vaurioituneet osat tarvittaessa.<\/li>\n<\/ul>\n<\/li>\n<li><strong>Puhdista ja s\u00e4ilyt\u00e4 komponentit<\/strong>:\n<ul>\n<li>Puhdista kaikki puretut osat huolellisesti liasta, roskista tai hydraulinesteest\u00e4 sopivalla puhdistusaineella.<\/li>\n<li>S\u00e4ilyt\u00e4 komponentit puhtaina ja j\u00e4rjestyksess\u00e4 suojaamalla niit\u00e4 likaantumiselta ja vaurioilta.<\/li>\n<\/ul>\n<\/li>\n<\/ol>\n<h2><strong>Tehtaan kapasiteetti ja kapasiteetti:<\/strong><\/h2>\n<h3>(1) Kokoonpano<\/h3>\n<p>Meill\u00e4 on ensiluokkainen riippumaton tutkimus- ja kehitysty\u00f6n kokoonpanoalusta. Hydraulisylinterien tuotantopajassa on nelj\u00e4 puoliautomaattista nostosylinterin kokoonpanolinjaa ja yksi automaattinen kallistussylinterin kokoonpanolinja, joiden suunniteltu vuotuinen tuotantokapasiteetti on 1 miljoona kappaletta. Erikoissylinterin ty\u00f6paja on varustettu erilaisilla eritelmill\u00e4 puoliautomaattisen puhdistusasennuksen kokoonpanoj\u00e4rjestelm\u00e4ll\u00e4, jonka suunniteltu vuotuinen tuotantokapasiteetti on 200 000, ja se on varustettu kuuluisilla CNC-ty\u00f6st\u00f6laitteilla, ty\u00f6st\u00f6keskuksella, korkean tarkkuuden sylinterin k\u00e4sittelyyn tarkoitetuilla erityislaitteilla, robottihitsauskoneella, automaattisella puhdistuslaitteella, automaattisella sylinterin kokoonpanokoneella ja automaattisella maalaustuotantolinjalla. Olemassa olevat kriittiset laitteet yli 300 sarjaa (sarjaa). Laiteresurssien optimaalinen kohdentaminen ja tehokas k\u00e4ytt\u00f6 varmistavat tuotteiden tarkkuusvaatimukset ja t\u00e4ytt\u00e4v\u00e4t tuotteiden laatuvaatimukset.<\/p>\n<p><img loading=\"lazy\" decoding=\"async\" class=\"alignnone wp-image-626\" src=\"https:\/\/hydraulic-cylinders.net\/wp-content\/uploads\/2023\/08\/hydraulic-cylinder-product-1-300x158.webp\" alt=\"\" width=\"495\" height=\"260\" srcset=\"https:\/\/hydraulic-cylinders.net\/wp-content\/uploads\/2023\/08\/hydraulic-cylinder-product-1-300x158.webp 495w, https:\/\/hydraulic-cylinders.net\/wp-content\/uploads\/2023\/08\/hydraulic-cylinder-product-1-480x252.webp 480w\" sizes=\"(min-width: 0px) and (max-width: 480px) 480px, (min-width: 481px) 495px, 100vw\" \/> <img loading=\"lazy\" decoding=\"async\" class=\"alignnone wp-image-627\" src=\"https:\/\/hydraulic-cylinders.net\/wp-content\/uploads\/2023\/08\/hydraulic-cylinder-product-2-300x189.webp\" alt=\"\" width=\"413\" height=\"260\" \/><\/p>\n<h3>(2) Koneistus<\/h3>\n<p>Ty\u00f6st\u00f6paja on varustettu r\u00e4\u00e4t\u00e4l\u00f6idyll\u00e4 kaltevalla kiskosorvauskeskuksella, ty\u00f6st\u00f6keskuksella, suurnopeus-hiontakoneella, hitsausrobotilla ja muilla vastaavilla laitteilla, joilla voidaan k\u00e4sitell\u00e4 sylinteriputkia, joiden sis\u00e4halkaisija on enint\u00e4\u00e4n 400 mm ja enimm\u00e4ispituus on 6 metri\u00e4.<\/p>\n<p><img loading=\"lazy\" decoding=\"async\" class=\"alignnone wp-image-628 size-large\" src=\"https:\/\/hydraulic-cylinders.net\/wp-content\/uploads\/2023\/08\/hydraulic-cylinder-product-3-1024x391.webp\" alt=\"\" width=\"1024\" height=\"391\" srcset=\"https:\/\/hydraulic-cylinders.net\/wp-content\/uploads\/2023\/08\/hydraulic-cylinder-product-3-980x374.webp 980w, https:\/\/hydraulic-cylinders.net\/wp-content\/uploads\/2023\/08\/hydraulic-cylinder-product-3-480x183.webp 480w\" sizes=\"(min-width: 0px) and (max-width: 480px) 480px, (min-width: 481px) and (max-width: 980px) 980px, (min-width: 981px) 1024px, 100vw\" \/><\/p>\n<h3>(3) Hitsaus<\/h3>\n<p><img loading=\"lazy\" decoding=\"async\" class=\"alignnone wp-image-629 size-large\" src=\"https:\/\/hydraulic-cylinders.net\/wp-content\/uploads\/2023\/08\/hydraulic-cylinder-product-4-1024x510.webp\" alt=\"\" width=\"1024\" height=\"510\" srcset=\"https:\/\/hydraulic-cylinders.net\/wp-content\/uploads\/2023\/08\/hydraulic-cylinder-product-4-980x488.webp 980w, https:\/\/hydraulic-cylinders.net\/wp-content\/uploads\/2023\/08\/hydraulic-cylinder-product-4-480x239.webp 480w\" sizes=\"(min-width: 0px) and (max-width: 480px) 480px, (min-width: 481px) and (max-width: 980px) 980px, (min-width: 981px) 1024px, 100vw\" \/><\/p>\n<h3>(4) Maalaus ja pinnoitus<\/h3>\n<p>Pienill\u00e4 ja keskisuurilla sylinterin automaattisilla vesipohjaisilla maalipinnoituslinjoilla automaattisen robotin lastaus- ja purku- ja automaattisen ruiskutuksen saavuttamiseksi, suunnittelukapasiteetti on 4000 kappaletta vuorossa;<br \/>\nMeill\u00e4 on my\u00f6s puoliautomaattinen maalauslinja suurille sylintereille, joka toimii voimaketjulla ja jonka suunnittelukapasiteetti on 60 laatikkoa ty\u00f6vuorossa.<\/p>\n<p><img loading=\"lazy\" decoding=\"async\" class=\"alignnone wp-image-630\" src=\"https:\/\/hydraulic-cylinders.net\/wp-content\/uploads\/2023\/08\/hydraulic-cylinder-product-5-300x213.webp\" alt=\"\" width=\"366\" height=\"260\" \/> <img loading=\"lazy\" decoding=\"async\" class=\"alignnone wp-image-631\" src=\"https:\/\/hydraulic-cylinders.net\/wp-content\/uploads\/2023\/08\/hydraulic-cylinder-product-6-300x225.webp\" alt=\"\" width=\"347\" height=\"260\" \/><\/p>\n<h3>(5) Testaus<\/h3>\n<p>Meill\u00e4 on ensiluokkaiset tarkastustilat ja testialustat, joilla varmistetaan, ett\u00e4 sylinterin suorituskyky t\u00e4ytt\u00e4\u00e4 vaatimukset.<\/p>\n<p><img loading=\"lazy\" decoding=\"async\" class=\"alignnone wp-image-632\" src=\"https:\/\/hydraulic-cylinders.net\/wp-content\/uploads\/2023\/08\/hydraulic-cylinder-product-8-300x200.webp\" alt=\"\" width=\"389\" height=\"260\" \/><\/p>\n<p>&nbsp;<\/p>\n<p>&nbsp;<\/p>\n<p>Olemme yksi parhaista kevyen tangon hydraulisylinterin valmistajista. Voimme tarjota laajan kevyen sauvan hydraulisylinterin varaston. Tarjoamme my\u00f6s vastaavan <a href=\"https:\/\/hzpt.com\/agricultural-pto-gearbox\/\" target=\"_blank\" rel=\"noopener\">maatalousvaihteistot<\/a>. Olemme vieneet tuotteitamme asiakkaillemme ymp\u00e4ri maailmaa ja ansainneet hyv\u00e4n maineen ylivoimaisen tuotteidemme laadun ja myynnin j\u00e4lkeisen palvelun ansiosta. Toivotamme l\u00e4mpim\u00e4sti tervetulleeksi asiakkaat sek\u00e4 kotimaassa ett\u00e4 ulkomailla ottamaan yhteytt\u00e4 meihin neuvottelemaan liiketoiminnasta, vaihtamaan tietoja ja\u00a0<a href=\"https:\/\/www.hydraulic-cylinders.net\/fi\/contact-us\/\">tehd\u00e4 yhteisty\u00f6t\u00e4 kanssamme<\/a>!<\/p>\n<p>&nbsp;<\/p>\n<h2><\/h2>\n<h2><\/h2>","protected":false},"excerpt":{"rendered":"<p>CA Monoaural Type Light Rod Hydraulic Cylinder The CA monoaural type light rod hydraulic cylinder is an advanced hydraulic cylinder designed to optimize accuracy and efficiency for a variety of industrial applications. With its monophonic design and light pole construction, this cylinder offers superior performance, reliability, and ease of use. The Main Features And Advantages [&hellip;]<\/p>","protected":false},"featured_media":884,"comment_status":"open","ping_status":"closed","template":"","meta":{"_et_pb_use_builder":"","_et_pb_old_content":"","_et_gb_content_width":""},"product_brand":[],"product_cat":[1550,1525,1509,1376,1387],"product_tag":[1380],"class_list":{"0":"post-827","1":"product","2":"type-product","3":"status-publish","4":"has-post-thumbnail","6":"product_cat-double-acting-hydraulic-cylinder","7":"product_cat-machine-tool-hydraulic-cylinders","8":"product_cat-tie-rod-hydraulic-cylinder","9":"product_cat-hydraulic-cylinder","10":"product_cat-light-rod-hydraulic-cylinder","11":"product_tag-hydraulic-cylinder","13":"first","14":"instock","15":"shipping-taxable","16":"product-type-simple"},"amp_enabled":true,"_links":{"self":[{"href":"https:\/\/www.hydraulic-cylinders.net\/fi\/wp-json\/wp\/v2\/product\/827","targetHints":{"allow":["GET"]}}],"collection":[{"href":"https:\/\/www.hydraulic-cylinders.net\/fi\/wp-json\/wp\/v2\/product"}],"about":[{"href":"https:\/\/www.hydraulic-cylinders.net\/fi\/wp-json\/wp\/v2\/types\/product"}],"replies":[{"embeddable":true,"href":"https:\/\/www.hydraulic-cylinders.net\/fi\/wp-json\/wp\/v2\/comments?post=827"}],"wp:featuredmedia":[{"embeddable":true,"href":"https:\/\/www.hydraulic-cylinders.net\/fi\/wp-json\/wp\/v2\/media\/884"}],"wp:attachment":[{"href":"https:\/\/www.hydraulic-cylinders.net\/fi\/wp-json\/wp\/v2\/media?parent=827"}],"wp:term":[{"taxonomy":"product_brand","embeddable":true,"href":"https:\/\/www.hydraulic-cylinders.net\/fi\/wp-json\/wp\/v2\/product_brand?post=827"},{"taxonomy":"product_cat","embeddable":true,"href":"https:\/\/www.hydraulic-cylinders.net\/fi\/wp-json\/wp\/v2\/product_cat?post=827"},{"taxonomy":"product_tag","embeddable":true,"href":"https:\/\/www.hydraulic-cylinders.net\/fi\/wp-json\/wp\/v2\/product_tag?post=827"}],"curies":[{"name":"wp","href":"https:\/\/api.w.org\/{rel}","templated":true}]}}