{"id":852,"date":"2023-08-30T08:12:24","date_gmt":"2023-08-30T08:12:24","guid":{"rendered":"https:\/\/hydraulic-cylinders.net\/?post_type=product&#038;p=852"},"modified":"2025-04-16T02:22:28","modified_gmt":"2025-04-16T02:22:28","slug":"standard-with-adjustable-cap-type-light-rod-hydraulic-cylinder","status":"publish","type":"product","link":"https:\/\/www.hydraulic-cylinders.net\/fi\/tuote\/standard-with-adjustable-cap-type-light-rod-hydraulic-cylinder\/","title":{"rendered":"Vakio s\u00e4\u00e4dett\u00e4v\u00e4ll\u00e4 korkilla Tyyppi Light Rod hydraulinen sylinteri"},"content":{"rendered":"<h1 style=\"text-align: center;\"><strong>Vakio s\u00e4\u00e4dett\u00e4v\u00e4ll\u00e4 korkilla Tyyppi Light Rod hydraulinen sylinteri<\/strong><\/h1>\n<p><img loading=\"lazy\" decoding=\"async\" class=\"aligncenter wp-image-318417 size-full\" src=\"https:\/\/hzpt.com\/wp-content\/uploads\/2023\/08\/standard-with-adjustable-cap-type-light-pull-rod-hydraulic-cylinder-2.webp\" alt=\"\" width=\"304\" height=\"162\" \/><\/p>\n<p>Vakiomallinen s\u00e4\u00e4dett\u00e4v\u00e4ll\u00e4 korkilla varustettu kevyttankoinen hydraulisylinteri on huippuluokan hydraulisylinteri, joka on suunniteltu vastaamaan erilaisten teollisten sovellusten vaatimuksiin. S\u00e4\u00e4dett\u00e4v\u00e4n korkin ja kevyen vetotangon rakenteensa ansiosta t\u00e4m\u00e4 sylinteri tarjoaa erinomaisen suorituskyvyn, kest\u00e4vyyden ja helppok\u00e4ytt\u00f6isyyden. K\u00e4ytettiinp\u00e4 sit\u00e4 sitten valmistuslaitteissa, rakennuskoneissa tai materiaalink\u00e4sittelyj\u00e4rjestelmiss\u00e4, vakiomalliset s\u00e4\u00e4dett\u00e4v\u00e4ll\u00e4 korkilla varustetut kevyttankoiset hydraulisylinterit tarjoavat luotettavan ja tehokkaan toiminnan, mik\u00e4 tekee niist\u00e4 arvokkaita tuottavuuden optimoinnissa.<\/p>\n<p>Kevytsavan hydraulisylinterin olennaiset ominaisuudet:<\/p>\n<p><strong>S\u00e4\u00e4dett\u00e4v\u00e4 lippis<\/strong>Sylinteriss\u00e4 on s\u00e4\u00e4dett\u00e4v\u00e4 kansi, joka mahdollistaa helpon mukauttamisen ja mukauttamisen. S\u00e4\u00e4dett\u00e4v\u00e4 kansi tarjoaa joustavuutta iskunpituuden hienos\u00e4\u00e4t\u00f6\u00f6n, joten se sopii erilaisiin sovelluksiin, joissa on erilaiset iskuvaatimukset.<\/p>\n<p><strong>Kevyt vetotangon rakenne<\/strong>Kevytsangon rakenne on valmistettu kevyist\u00e4 materiaaleista, kuten alumiinista tai komposiittim\u00e4nn\u00e4nvarsista. T\u00e4m\u00e4 rakenne v\u00e4hent\u00e4\u00e4 sylinterin kokonaispainoa, mik\u00e4 johtaa nopeampaan liikkeeseen, parempaan energiatehokkuuteen ja alhaisempiin k\u00e4ytt\u00f6kustannuksiin.<\/p>\n<p><strong>Korkea tarkkuus ja vakaus<\/strong>Vakiomallinen s\u00e4\u00e4dett\u00e4v\u00e4ll\u00e4 korkkityyppisell\u00e4 kevytsauvahydraulisylinteri on suunniteltu tarjoamaan suurta tarkkuutta ja vakaata lineaarista liikett\u00e4. Se varmistaa tarkan paikannuksen, tasaisen liikkeen ja erinomaisen toistettavuuden, joten se sopii erinomaisesti sovelluksiin, jotka vaativat tarkkaa ohjausta ja luotettavuutta.<\/p>\n<h2><strong>Vakiovarusteena s\u00e4\u00e4dett\u00e4v\u00e4ll\u00e4 korkilla varustettu kevytsauva hydraulisylinteri Parametri:<\/strong><\/h2>\n<p><img loading=\"lazy\" decoding=\"async\" class=\"alignnone size-full wp-image-318752\" src=\"https:\/\/hzpt.com\/wp-content\/uploads\/2023\/08\/standard-with-adjustable-cap-type-light-pull-rod-hydraulic-cylinder-3.webp\" alt=\"\" width=\"790\" height=\"320\" \/><\/p>\n<h2><strong>Vakio s\u00e4\u00e4dett\u00e4v\u00e4ll\u00e4 korkilla Tyyppi Light Rod hydraulinen sylinteri <\/strong><strong>K\u00e4ytt\u00f6menetelm\u00e4<\/strong><strong>:<\/strong><\/h2>\n<p><strong>Asennus ja liit\u00e4nt\u00e4:<\/strong> Asenna sylinteri tukevasti paikalleen k\u00e4ytt\u00e4m\u00e4ll\u00e4 m\u00e4\u00e4ritettyj\u00e4 kiinnikkeit\u00e4 tai kiinnikkeit\u00e4. Varmista vakaa asennus ja oikea kohdistus. Noudata valmistajan ohjeita ja m\u00e4\u00e4r\u00e4yksi\u00e4 hydrauliletkujen kytkemiseksi sylinterin portteihin.<\/p>\n<p><strong>Korkin s\u00e4\u00e4t\u00f6:<\/strong> S\u00e4\u00e4dett\u00e4v\u00e4 korkkitoiminto asettaa halutun iskunpituuden. L\u00f6ys\u00e4\u00e4 korkkia mukana toimitetulla ty\u00f6kalulla tai jakoavaimella, s\u00e4\u00e4d\u00e4 korkki valittuun liikkeeseen ja kirist\u00e4 se sitten.<\/p>\n<p><strong>Hydraulij\u00e4rjestelm\u00e4n integrointi:<\/strong> Sylinteri integroidaan hydraulij\u00e4rjestelm\u00e4\u00e4n kytkem\u00e4ll\u00e4 se sopivaan hydraulipumppuun tai voimayksikk\u00f6\u00f6n. Varmista, ett\u00e4 sylinterin tekniset tiedot ja k\u00e4ytt\u00f6vaatimukset t\u00e4yttyv\u00e4t.<\/p>\n<p><strong>Ohjaus ja toiminta:<\/strong> S\u00e4\u00e4d\u00e4 hydrauli\u00f6ljyn virtausta sylinteriin ja sylinterist\u00e4 ulos s\u00e4\u00e4t\u00f6venttiilill\u00e4. S\u00e4\u00e4d\u00e4 s\u00e4\u00e4t\u00f6asetuksia halutun lineaarisen liikkeen ja voimantuoton saavuttamiseksi. Testaa sylinterin liike varmistaaksesi sen toiminnan ja reagointikyvyn.<\/p>\n<h2><strong>Vakio s\u00e4\u00e4dett\u00e4v\u00e4ll\u00e4 korkilla Tyyppi Light Rod hydraulinen sylinteri <\/strong><strong>Huolto<\/strong><strong>:<\/strong><\/h2>\n<p>S\u00e4\u00e4nn\u00f6llinen huolto on v\u00e4ltt\u00e4m\u00e4t\u00f6nt\u00e4 optimaalisen suorituskyvyn varmistamiseksi ja vakiomallisen s\u00e4\u00e4dett\u00e4v\u00e4ll\u00e4 korkilla varustetun kevytsauvan hydraulisylinterin k\u00e4ytt\u00f6i\u00e4n pident\u00e4miseksi. T\u00e4ss\u00e4 on joitakin huolto-ohjeita:<\/p>\n<ol>\n<li><strong>S\u00e4\u00e4nn\u00f6llinen tarkastus<\/strong>Suorita s\u00e4\u00e4nn\u00f6llisi\u00e4 tarkastuksia kulumisen, vaurioiden tai vuotojen merkkien tunnistamiseksi. Tarkista sylinterin runko, m\u00e4nt\u00e4, tiivisteet ja muut osat poikkeavuuksien varalta. Korjaa mahdolliset ongelmat viipym\u00e4tt\u00e4 est\u00e4\u00e4ksesi lis\u00e4vahingot tai toiminnan tehottomuuden.<\/li>\n<li><strong>Voitelu<\/strong>Levit\u00e4 suositeltua voiteluainetta sylinterin liikkuviin osiin, mukaan lukien m\u00e4nt\u00e4 ja tiivisteet. S\u00e4\u00e4nn\u00f6llinen voitelu minimoi kitkan, v\u00e4hent\u00e4\u00e4 kulumista ja varmistaa sujuvan toiminnan. Noudata valmistajan ohjeita asianmukaisista voiteluv\u00e4leist\u00e4 ja voiteluainetyypist\u00e4.<\/li>\n<li><strong>Tiivisteen vaihto<\/strong>Jos huomaat tiivisteiden heikkenemist\u00e4 tai vuotoa, vaihda tiivisteet alkuper\u00e4isiin valmistajan hyv\u00e4ksymiin osiin. V\u00e4\u00e4r\u00e4t tai kuluneet tiivisteet voivat heikent\u00e4\u00e4 sylinterin suorituskyky\u00e4 ja johtaa hydraulinesteen vuotoihin.<\/li>\n<li><strong>Puhdistus<\/strong>Puhdista sylinteri poistamalla lika, roskat ja muut ep\u00e4puhtaudet. K\u00e4yt\u00e4 hankaamatonta puhdistusainetta ja varmista, ett\u00e4 kaikki osat on kuivattu huolellisesti ennen kokoamista. Puhdas sylinteri edist\u00e4\u00e4 optimaalista suorituskyky\u00e4 ja est\u00e4\u00e4 ennenaikaisen kulumisen tai vaurioitumisen.<\/li>\n<\/ol>\n<h2><strong>Kuinka vaihtaa hydraulisylinterin tiivisteet?<\/strong><\/h2>\n<p>Hydraulisylinterin tiivisteiden vaihtaminen on teht\u00e4v\u00e4, joka vaatii tarkkuutta ja yksityiskohtien huomioimista. T\u00e4ss\u00e4 on vaiheittainen opas hydraulisylinterin tiivisteiden vaihtamiseen:<\/p>\n<ol>\n<li><strong>Turvallisuus ennen kaikkea:<\/strong> Ennen hydraulisylintereille teht\u00e4vien huoltot\u00f6iden aloittamista varmista, ett\u00e4 j\u00e4rjestelm\u00e4 on paineeton ja laitteet on kiinnitetty turvallisesti tahattoman liikkumisen est\u00e4miseksi.<\/li>\n<li><strong>Tunnista ongelma:<\/strong> M\u00e4\u00e4rit\u00e4, mitk\u00e4 tiivisteet on vaihdettava. Yleisi\u00e4 tiivisteiden vikaantumisen merkkej\u00e4 ovat vuodot, heikentynyt suorituskyky tai tiivisteiden n\u00e4kyv\u00e4t vauriot.<\/li>\n<li><strong>Ker\u00e4\u00e4 tarvittavat ty\u00f6kalut:<\/strong> Valmistele tiivisteen vaihtoon tarvittavat ty\u00f6kalut, mukaan lukien tiivistesarja, joka sis\u00e4lt\u00e4\u00e4 uudet tiivisteet, kiinnitysrenkaat, O-renkaat, tiivisteen poimijan tai pienen ruuvimeisselin, tiivisteen asennusty\u00f6kalun tai hylsyn sek\u00e4 puhtaan liinan tai r\u00e4tin.<\/li>\n<li><strong>Purkaminen:<\/strong> Pura hydraulisylinteri varovasti. Aloita irrottamalla kaikki ulkoiset komponentit, kuten kiinnitystelineet tai suojukset. Irrota sitten sylinterinkansi tai korkki p\u00e4\u00e4st\u00e4ksesi k\u00e4siksi tiivisteisiin. Huomioi osien j\u00e4rjestys ja suunta purkaessasi niit\u00e4.<\/li>\n<li><strong>Poista vanhat tiivisteet:<\/strong> Kampea vanhat tiivisteet varovasti irti uristaan \u200b\u200btiivistepiikill\u00e4 tai pienell\u00e4 ruuvimeisselill\u00e4. Varo naarmuttamasta tai vahingoittamasta sylinterin sein\u00e4mi\u00e4 tai muita osia.<\/li>\n<li><strong>Puhdista ja tarkista:<\/strong> Puhdista sylinterin reik\u00e4 ja kaikki osat huolellisesti liasta, roskista ja vanhojen tiivisteiden j\u00e4\u00e4nteist\u00e4. Tarkasta sylinterin reik\u00e4 ja muut osat mahdollisten vaurioiden tai kulumisen merkkien varalta. Jos vaurioita havaitaan, voi olla tarpeen k\u00e4\u00e4nty\u00e4 hydrauliikan ammattilaisen puoleen lis\u00e4arviointia varten.<\/li>\n<li><strong>Asenna uudet tiivisteet:<\/strong> Voitele uudet tiivisteet hydrauliikka\u00f6ljyll\u00e4 tai sopivalla tiivistevoiteluaineella asennuksen helpottamiseksi. Aseta uudet tiivisteet varovasti uriinsa varmistaen oikean suuntauksen ja kohdistuksen. Paina tiivisteet paikalleen tiivisteiden asennusty\u00f6kalulla tai hylsyll\u00e4. Ole varovainen, ettet vahingoita tiivisteit\u00e4 asennuksen aikana.<\/li>\n<li><strong>Kokoaminen:<\/strong> Kun uudet tiivisteet ovat paikoillaan, kokoa hydraulisylinteri takaisin purkamiseen n\u00e4hden k\u00e4\u00e4nteisess\u00e4 j\u00e4rjestyksess\u00e4. Kiinnit\u00e4 huomiota kiinnitysrenkaiden, O-renkaiden ja muiden komponenttien oikeaan asetteluun. Varmista, ett\u00e4 kaikki liitokset on kiristetty oikein valmistajan ohjeiden mukaisesti.<\/li>\n<li><strong>Testaa ja tarkista vuodot:<\/strong> Kokoamisen j\u00e4lkeen tarkista sylinteri huolellisesti varmistaaksesi oikean asennuksen. Paineista hydraulij\u00e4rjestelm\u00e4 hitaasti ja tarkista mahdollisten vuotojen varalta. Jos vuotoja havaitaan, tee vianm\u00e4\u00e4ritys ja korjaa ongelma viipym\u00e4tt\u00e4.<\/li>\n<li><strong>J\u00e4rjestelm\u00e4n verenvuoto:<\/strong> Ilmaa tarvittaessa hydraulij\u00e4rjestelm\u00e4 poistaaksesi tiivisteen vaihdon aikana mahdollisesti sis\u00e4\u00e4n p\u00e4\u00e4sseen ilman. Noudata valmistajan suosituksia tai ota yhteytt\u00e4 hydrauliikan ammattilaiseen asianmukaisten ilmausmenetelmien varmistamiseksi.<\/li>\n<\/ol>\n<h2><strong>Tehtaan kapasiteetti ja kapasiteetti:<\/strong><\/h2>\n<h3>(1) Kokoonpano<\/h3>\n<p>Meill\u00e4 on ensiluokkainen riippumaton tutkimus- ja kehitysty\u00f6n kokoonpanoalusta. Hydraulisylinterien tuotantopajassa on nelj\u00e4 puoliautomaattista nostosylinterin kokoonpanolinjaa ja yksi automaattinen kallistussylinterin kokoonpanolinja, joiden suunniteltu vuotuinen tuotantokapasiteetti on 1 miljoona kappaletta. Erikoissylinterin ty\u00f6paja on varustettu erilaisilla eritelmill\u00e4 puoliautomaattisen puhdistusasennuksen kokoonpanoj\u00e4rjestelm\u00e4ll\u00e4, jonka suunniteltu vuotuinen tuotantokapasiteetti on 200 000, ja se on varustettu kuuluisilla CNC-ty\u00f6st\u00f6laitteilla, ty\u00f6st\u00f6keskuksella, korkean tarkkuuden sylinterin k\u00e4sittelyyn tarkoitetuilla erityislaitteilla, robottihitsauskoneella, automaattisella puhdistuslaitteella, automaattisella sylinterin kokoonpanokoneella ja automaattisella maalaustuotantolinjalla. Olemassa olevat kriittiset laitteet yli 300 sarjaa (sarjaa). Laiteresurssien optimaalinen kohdentaminen ja tehokas k\u00e4ytt\u00f6 varmistavat tuotteiden tarkkuusvaatimukset ja t\u00e4ytt\u00e4v\u00e4t tuotteiden laatuvaatimukset.<\/p>\n<p><img loading=\"lazy\" decoding=\"async\" class=\"alignnone wp-image-626\" src=\"https:\/\/hydraulic-cylinders.net\/wp-content\/uploads\/2023\/08\/hydraulic-cylinder-product-1-300x158.webp\" alt=\"\" width=\"495\" height=\"260\" srcset=\"https:\/\/hydraulic-cylinders.net\/wp-content\/uploads\/2023\/08\/hydraulic-cylinder-product-1-300x158.webp 495w, https:\/\/hydraulic-cylinders.net\/wp-content\/uploads\/2023\/08\/hydraulic-cylinder-product-1-480x252.webp 480w\" sizes=\"(min-width: 0px) and (max-width: 480px) 480px, (min-width: 481px) 495px, 100vw\" \/> <img loading=\"lazy\" decoding=\"async\" class=\"alignnone wp-image-627\" src=\"https:\/\/hydraulic-cylinders.net\/wp-content\/uploads\/2023\/08\/hydraulic-cylinder-product-2-300x189.webp\" alt=\"\" width=\"413\" height=\"260\" \/><\/p>\n<h3>(2) Koneistus<\/h3>\n<p>Ty\u00f6st\u00f6paja on varustettu r\u00e4\u00e4t\u00e4l\u00f6idyll\u00e4 kaltevalla kiskosorvauskeskuksella, ty\u00f6st\u00f6keskuksella, suurnopeus-hiontakoneella, hitsausrobotilla ja muilla vastaavilla laitteilla, joilla voidaan k\u00e4sitell\u00e4 sylinteriputkia, joiden sis\u00e4halkaisija on enint\u00e4\u00e4n 400 mm ja enimm\u00e4ispituus on 6 metri\u00e4.<\/p>\n<p><img loading=\"lazy\" decoding=\"async\" class=\"alignnone wp-image-628 size-large\" src=\"https:\/\/hydraulic-cylinders.net\/wp-content\/uploads\/2023\/08\/hydraulic-cylinder-product-3-1024x391.webp\" alt=\"\" width=\"1024\" height=\"391\" srcset=\"https:\/\/hydraulic-cylinders.net\/wp-content\/uploads\/2023\/08\/hydraulic-cylinder-product-3-980x374.webp 980w, https:\/\/hydraulic-cylinders.net\/wp-content\/uploads\/2023\/08\/hydraulic-cylinder-product-3-480x183.webp 480w\" sizes=\"(min-width: 0px) and (max-width: 480px) 480px, (min-width: 481px) and (max-width: 980px) 980px, (min-width: 981px) 1024px, 100vw\" \/><\/p>\n<h3>(3) Hitsaus<\/h3>\n<p><img loading=\"lazy\" decoding=\"async\" class=\"alignnone wp-image-629 size-large\" src=\"https:\/\/hydraulic-cylinders.net\/wp-content\/uploads\/2023\/08\/hydraulic-cylinder-product-4-1024x510.webp\" alt=\"\" width=\"1024\" height=\"510\" srcset=\"https:\/\/hydraulic-cylinders.net\/wp-content\/uploads\/2023\/08\/hydraulic-cylinder-product-4-980x488.webp 980w, https:\/\/hydraulic-cylinders.net\/wp-content\/uploads\/2023\/08\/hydraulic-cylinder-product-4-480x239.webp 480w\" sizes=\"(min-width: 0px) and (max-width: 480px) 480px, (min-width: 481px) and (max-width: 980px) 980px, (min-width: 981px) 1024px, 100vw\" \/><\/p>\n<h3>(4) Maalaus ja pinnoitus<\/h3>\n<p>Pienill\u00e4 ja keskisuurilla sylinterin automaattisilla vesipohjaisilla maalipinnoituslinjoilla automaattisen robotin lastaus- ja purku- ja automaattisen ruiskutuksen saavuttamiseksi, suunnittelukapasiteetti on 4000 kappaletta vuorossa;<br \/>\nMeill\u00e4 on my\u00f6s puoliautomaattinen maalauslinja suurille sylintereille, joka toimii voimaketjulla ja jonka suunnittelukapasiteetti on 60 laatikkoa ty\u00f6vuorossa.<\/p>\n<p><img loading=\"lazy\" decoding=\"async\" class=\"alignnone wp-image-630\" src=\"https:\/\/hydraulic-cylinders.net\/wp-content\/uploads\/2023\/08\/hydraulic-cylinder-product-5-300x213.webp\" alt=\"\" width=\"366\" height=\"260\" \/> <img loading=\"lazy\" decoding=\"async\" class=\"alignnone wp-image-631\" src=\"https:\/\/hydraulic-cylinders.net\/wp-content\/uploads\/2023\/08\/hydraulic-cylinder-product-6-300x225.webp\" alt=\"\" width=\"347\" height=\"260\" \/><\/p>\n<h3>(5) Testaus<\/h3>\n<p>Meill\u00e4 on ensiluokkaiset tarkastustilat ja testialustat, joilla varmistetaan, ett\u00e4 sylinterin suorituskyky t\u00e4ytt\u00e4\u00e4 vaatimukset.<\/p>\n<p><img loading=\"lazy\" decoding=\"async\" class=\"alignnone wp-image-632\" src=\"https:\/\/hydraulic-cylinders.net\/wp-content\/uploads\/2023\/08\/hydraulic-cylinder-product-8-300x200.webp\" alt=\"\" width=\"389\" height=\"260\" \/><\/p>\n<p>&nbsp;<\/p>\n<p>&nbsp;<\/p>\n<p>Olemme yksi parhaista kevyen tangon hydraulisylinterin valmistajista. Voimme tarjota laajan kevyen sauvan hydraulisylinterin varaston. Tarjoamme my\u00f6s vastaavan <a href=\"https:\/\/hzpt.com\/agricultural-pto-gearbox\/\" target=\"_blank\" rel=\"noopener\">maatalousvaihteistot<\/a>Olemme vieneet tuotteitamme asiakkaille maailmanlaajuisesti ja ansainneet hyv\u00e4n maineen erinomaisen tuotelaadun ja huoltopalvelumme ansiosta. Toivotamme tervetulleeksi asiakkaat kotimaassa ja ulkomailla ottamaan meihin yhteytt\u00e4 neuvotellakseen liiketoimista, vaihtaakseen tietoja ja <a href=\"https:\/\/www.hydraulic-cylinders.net\/fi\/contact-us\/\">tehd\u00e4 yhteisty\u00f6t\u00e4 kanssamme<\/a>!<\/p>\n<h2><\/h2>","protected":false},"excerpt":{"rendered":"<p>Standard With Adjustable Cap Type Light Rod Hydraulic Cylinder The standard with adjustable cap type light rod hydraulic cylinder is a cutting-edge hydraulic cylinder designed to meet the demands of various industrial applications. With its adjustable cap and light pull rod construction, this cylinder offers superior performance, durability, and ease of use. Whether used in [&hellip;]<\/p>","protected":false},"featured_media":876,"comment_status":"open","ping_status":"closed","template":"","meta":{"_et_pb_use_builder":"","_et_pb_old_content":"","_et_gb_content_width":""},"product_brand":[],"product_cat":[1550,1525,1509,1376,1387],"product_tag":[1380],"class_list":{"0":"post-852","1":"product","2":"type-product","3":"status-publish","4":"has-post-thumbnail","6":"product_cat-double-acting-hydraulic-cylinder","7":"product_cat-machine-tool-hydraulic-cylinders","8":"product_cat-tie-rod-hydraulic-cylinder","9":"product_cat-hydraulic-cylinder","10":"product_cat-light-rod-hydraulic-cylinder","11":"product_tag-hydraulic-cylinder","13":"first","14":"instock","15":"shipping-taxable","16":"product-type-simple"},"amp_enabled":true,"_links":{"self":[{"href":"https:\/\/www.hydraulic-cylinders.net\/fi\/wp-json\/wp\/v2\/product\/852","targetHints":{"allow":["GET"]}}],"collection":[{"href":"https:\/\/www.hydraulic-cylinders.net\/fi\/wp-json\/wp\/v2\/product"}],"about":[{"href":"https:\/\/www.hydraulic-cylinders.net\/fi\/wp-json\/wp\/v2\/types\/product"}],"replies":[{"embeddable":true,"href":"https:\/\/www.hydraulic-cylinders.net\/fi\/wp-json\/wp\/v2\/comments?post=852"}],"wp:featuredmedia":[{"embeddable":true,"href":"https:\/\/www.hydraulic-cylinders.net\/fi\/wp-json\/wp\/v2\/media\/876"}],"wp:attachment":[{"href":"https:\/\/www.hydraulic-cylinders.net\/fi\/wp-json\/wp\/v2\/media?parent=852"}],"wp:term":[{"taxonomy":"product_brand","embeddable":true,"href":"https:\/\/www.hydraulic-cylinders.net\/fi\/wp-json\/wp\/v2\/product_brand?post=852"},{"taxonomy":"product_cat","embeddable":true,"href":"https:\/\/www.hydraulic-cylinders.net\/fi\/wp-json\/wp\/v2\/product_cat?post=852"},{"taxonomy":"product_tag","embeddable":true,"href":"https:\/\/www.hydraulic-cylinders.net\/fi\/wp-json\/wp\/v2\/product_tag?post=852"}],"curies":[{"name":"wp","href":"https:\/\/api.w.org\/{rel}","templated":true}]}}