{"id":896,"date":"2023-09-01T07:43:48","date_gmt":"2023-09-01T07:43:48","guid":{"rendered":"https:\/\/hydraulic-cylinders.net\/?post_type=product&#038;p=896"},"modified":"2023-09-19T01:27:31","modified_gmt":"2023-09-19T01:27:31","slug":"fa-front-flange-type-heavy-rod-hydraulic-cylinder","status":"publish","type":"product","link":"https:\/\/www.hydraulic-cylinders.net\/fi\/tuote\/fa-front-flange-type-heavy-rod-hydraulic-cylinder\/","title":{"rendered":"FA Etummainen laippatyypin raskas sauvainen hydraulisylinteri"},"content":{"rendered":"<h1 style=\"text-align: center;\"><strong>FA Etummainen laippatyypin raskas sauvainen hydraulisylinteri<\/strong><\/h1>\n<p>FA:n etulaipallinen, raskaalla tangolla varustettu hydraulisylinteri on tehokas komponentti, joka tarjoaa erinomaista tehoa, kest\u00e4vyytt\u00e4 ja luotettavuutta vaativissa teollisissa sovelluksissa. Kest\u00e4v\u00e4n rakenteensa, tarkan suunnittelunsa ja edistyneiden ominaisuuksiensa ansiosta t\u00e4m\u00e4 raskaalla tangolla varustettu hydraulisylinteri on luotettava ratkaisu raskaisiin teht\u00e4viin, jotka vaativat erityist\u00e4 voimantuottoa ja tarkkaa ohjausta. Raskkaista koneista materiaalink\u00e4sittelylaitteisiin, FA:n etulaipalliset raskaalla tangolla varustetut hydraulisylinterit on suunniteltu erottumaan edukseen haastavissa ymp\u00e4rist\u00f6iss\u00e4 varmistaen optimaalisen suorituskyvyn ja tuottavuuden.<\/p>\n<p>Raskastangon hydraulisylinterin keskeiset ominaisuudet:<\/p>\n<p><strong>1. Kest\u00e4v\u00e4 rakenne<\/strong>FA Etulaipalliset raskaan tangon hydraulisylinterit ovat kest\u00e4v\u00e4n rakenteensa ja korkealaatuisista materiaaleista, kuten ter\u00e4ksest\u00e4 tai seoksista, valmistettu kest\u00e4m\u00e4\u00e4n raskaita kuormia, \u00e4\u00e4rimm\u00e4isi\u00e4 paineita ja ankaria k\u00e4ytt\u00f6olosuhteita. Sen kest\u00e4v\u00e4 rakenne takaa pitk\u00e4ik\u00e4isen kest\u00e4vyyden ja kulumis-, korroosio- ja vauriokest\u00e4vyyden.<\/p>\n<p><strong>2. Suuri voimantuotto<\/strong>Suuren m\u00e4nn\u00e4nhalkaisijansa ja korkean paineenkestokykyns\u00e4 ansiosta t\u00e4m\u00e4 raskaaseen k\u00e4ytt\u00f6\u00f6n tarkoitettu hydraulisylinteri tarjoaa vaikuttavan voimantuoton, mik\u00e4 tekee siit\u00e4 ihanteellisen sovelluksiin, joissa vaaditaan raskasta nostamista, ty\u00f6nt\u00e4mist\u00e4 tai vet\u00e4mist\u00e4. Se varmistaa tehokkaan suorituskyvyn ja antaa k\u00e4ytt\u00e4jille mahdollisuuden k\u00e4sitell\u00e4 vaativia teht\u00e4vi\u00e4 tehokkaasti.<\/p>\n<p><strong>3. Tarkka ohjaus<\/strong>FA:n etulaipallinen, raskaalla tangolla varustettu hydraulisylinteri tarjoaa tarkasti ohjatun lineaarisen liikkeen, jonka ansiosta k\u00e4ytt\u00e4j\u00e4 voi saavuttaa tarkan paikannuksen ja sujuvan toiminnan. Sen edistyksellinen suunnittelu ja toteutus minimoivat sis\u00e4isen kitkan ja varmistavat l\u00e4pin\u00e4kyv\u00e4n ja reagoivan liikkeen.<\/p>\n<p><img loading=\"lazy\" decoding=\"async\" class=\"size-full wp-image-897 aligncenter\" src=\"https:\/\/hydraulic-cylinders.net\/wp-content\/uploads\/2023\/09\/fa-front-flange-type-heavy-rod-hydraulic-cylinder-2.webp\" alt=\"\" width=\"275\" height=\"275\" srcset=\"https:\/\/www.hydraulic-cylinders.net\/wp-content\/uploads\/2023\/09\/fa-front-flange-type-heavy-rod-hydraulic-cylinder-2.webp 275w, https:\/\/www.hydraulic-cylinders.net\/wp-content\/uploads\/2023\/09\/fa-front-flange-type-heavy-rod-hydraulic-cylinder-2-100x100.webp 100w, https:\/\/www.hydraulic-cylinders.net\/wp-content\/uploads\/2023\/09\/fa-front-flange-type-heavy-rod-hydraulic-cylinder-2-150x150.webp 150w, https:\/\/www.hydraulic-cylinders.net\/wp-content\/uploads\/2023\/09\/fa-front-flange-type-heavy-rod-hydraulic-cylinder-2-12x12.webp 12w\" sizes=\"(max-width: 275px) 100vw, 275px\" \/><\/p>\n<h2><strong>FA Etulaipan tyyppi Raskastangon hydraulisylinteri Parametri:<\/strong><\/h2>\n<p><img loading=\"lazy\" decoding=\"async\" class=\"alignnone wp-image-898 size-full\" src=\"https:\/\/hydraulic-cylinders.net\/wp-content\/uploads\/2023\/09\/fa-front-flange-type-heavy-rod-hydraulic-cylinder-1.webp\" alt=\"\" width=\"790\" height=\"478\" srcset=\"https:\/\/hydraulic-cylinders.net\/wp-content\/uploads\/2023\/09\/fa-front-flange-type-heavy-rod-hydraulic-cylinder-1.webp 790w, https:\/\/hydraulic-cylinders.net\/wp-content\/uploads\/2023\/09\/fa-front-flange-type-heavy-rod-hydraulic-cylinder-1-480x290.webp 480w\" sizes=\"(min-width: 0px) and (max-width: 480px) 480px, (min-width: 481px) 790px, 100vw\" \/><\/p>\n<h2><strong>FA Etummainen laippatyypin raskas sauvainen hydraulisylinteri <\/strong><strong>K\u00e4ytt\u00f6menetelm\u00e4<\/strong><strong>:<\/strong><\/h2>\n<p><strong>Asennus ja liit\u00e4nt\u00e4<\/strong>K\u00e4yt\u00e4 sopivia kiinnikkeit\u00e4 tai kiinnikkeit\u00e4 asentaaksesi vakiomallisen raskaan tangon hydraulisylinterin turvallisesti. Asennuksen aikana varmista oikea kohdistus ja vakaus. Liit\u00e4 hydrauliletkut sylinterin portteihin valmistajan ohjeiden ja m\u00e4\u00e4r\u00e4ysten mukaisesti.<\/p>\n<p><strong>Hydraulij\u00e4rjestelm\u00e4n integrointi<\/strong>Sylinteri integroidaan hydraulij\u00e4rjestelm\u00e4\u00e4n kytkem\u00e4ll\u00e4 se sopivaan hydraulipumppuun tai voimayksikk\u00f6\u00f6n. Varmista, ett\u00e4 sylinterin tekniset tiedot ja k\u00e4ytt\u00f6vaatimukset t\u00e4yttyv\u00e4t.<\/p>\n<p><strong>Ohjaus ja k\u00e4ytt\u00f6<\/strong>S\u00e4\u00e4d\u00e4 hydrauli\u00f6ljyn virtausta sylinteriin ja sylinterist\u00e4 pois s\u00e4\u00e4t\u00f6venttiilill\u00e4. S\u00e4\u00e4d\u00e4 s\u00e4\u00e4t\u00f6asetuksia halutun lineaarisen liikkeen ja voimantuoton mukaan. Testaa sylinterin liike varmistaaksesi sen toiminnan ja reagoinnin.<\/p>\n<h2><strong>FA Etummainen laippatyypin raskas sauvainen hydraulisylinteri <\/strong><strong>Huolto<\/strong><strong>:<\/strong><\/h2>\n<p>S\u00e4\u00e4nn\u00f6llinen huolto on v\u00e4ltt\u00e4m\u00e4t\u00f6nt\u00e4 Standard Heavy Rod Hydraulisylinterin k\u00e4ytt\u00f6i\u00e4n ja suorituskyvyn maksimoimiseksi. T\u00e4ss\u00e4 on joitakin huolto-ohjeita:<\/p>\n<p><strong>M\u00e4\u00e4r\u00e4aikaistarkastus<\/strong>Suorita rutiinitarkastukset kulumisen, vaurioiden tai vuotojen merkkien tunnistamiseksi. Tarkista sylinterilohkot, m\u00e4nn\u00e4nvarret, tiivisteet ja muut komponentit poikkeavuuksien varalta. Korjaa mahdolliset ongelmat viipym\u00e4tt\u00e4 est\u00e4\u00e4ksesi lis\u00e4vahingot tai toiminnan tehottomuuden.<\/p>\n<p><strong>Voitelu<\/strong>Levit\u00e4 suositeltua voiteluainetta sylinterin liikkuviin osiin, mukaan lukien raidetangot ja tiivisteet. S\u00e4\u00e4nn\u00f6llinen voitelu minimoi kitkan, v\u00e4hent\u00e4\u00e4 kulumista ja varmistaa sujuvan toiminnan. Noudata valmistajan ohjeita voiteluv\u00e4leist\u00e4 ja sopivista voiteluainetyypeist\u00e4.<\/p>\n<p><strong>Tiivisteen vaihto<\/strong>Jos tiivisteet ovat vanhentuneet tai vuotavat, vaihda ne valmistajan hyv\u00e4ksymiin alkuper\u00e4isiin osiin. Vaurioituneet tai kuluneet tiivisteet voivat heikent\u00e4\u00e4 sylinterin suorituskyky\u00e4 ja johtaa hydrauli\u00f6ljyn vuotoon.<\/p>\n<p><strong>Puhdistus<\/strong>Puhdista sylinterit poistamalla lika, roskat ja muut ep\u00e4puhtaudet. Ennen kokoamista k\u00e4yt\u00e4 hankaamatonta puhdistusainetta ja varmista, ett\u00e4 kaikki osat ovat kuivat. S\u00e4\u00e4nn\u00f6llinen puhdistus edist\u00e4\u00e4 optimaalista suorituskyky\u00e4 ja est\u00e4\u00e4 ennenaikaista kulumista tai vaurioita.<\/p>\n<h2><strong>Kuinka purkaa hydraulisylinteri?<\/strong><\/h2>\n<p>Hydraulisylinterin purkaminen vaatii huolellista purkamista osien vaurioitumisen v\u00e4ltt\u00e4miseksi. T\u00e4ss\u00e4 on vaiheittainen opas hydraulisylinterin purkamiseen:<\/p>\n<ol>\n<li><strong>Turvallisuusohjeet<\/strong>Ennen hydraulisylintereille teht\u00e4vien t\u00f6iden aloittamista varmista, ett\u00e4 j\u00e4rjestelm\u00e4 on paineeton ja laitteet on kiinnitetty turvallisesti tahattoman liikkumisen est\u00e4miseksi. K\u00e4yt\u00e4 asianmukaisia \u200b\u200bhenkil\u00f6nsuojaimia, kuten k\u00e4sineit\u00e4 ja suojalaseja.<\/li>\n<li><strong>Tunnista sylinteri<\/strong>: M\u00e4\u00e4rit\u00e4 k\u00e4ytt\u00e4m\u00e4si hydraulisylinterin tyyppi ja rakenne. Eri sylintereill\u00e4 voi olla erilaisia \u200b\u200bpurkamismenettelyj\u00e4, joten tutustu valmistajan dokumentaatioon tai sylinterimallikohtaisiin ohjeisiin.<\/li>\n<li><strong>Sylinterin poisto<\/strong>Irrota kaikki sylinteriin kytketyt hydrauliletkut. Poista kaikki ulkoiset komponentit, kuten kiinnitystelineet tai suojukset, jotka voivat est\u00e4\u00e4 p\u00e4\u00e4syn sylinteriin.<\/li>\n<li><strong>Tyhjenn\u00e4 hydraulineste<\/strong>Aseta sylinterin alle sopiva astia purkamisen aikana mahdollisesti valuvan hydraulinesteen ker\u00e4\u00e4miseksi. Tyhjenn\u00e4 neste varovasti l\u00f6ys\u00e4\u00e4m\u00e4ll\u00e4 liittimi\u00e4 tai irrottamalla tyhjennystulpat.<\/li>\n<li><strong>Pura p\u00e4\u00e4tykappaleet<\/strong>Tunnista sylinterin p\u00e4\u00e4tykappaleet, jotka sijaitsevat yleens\u00e4 sylinterin kummassakin p\u00e4\u00e4ss\u00e4. Irrota kaikki kiinnityspultit, ruuvit tai kiinnikkeet, jotka pit\u00e4v\u00e4t p\u00e4\u00e4tykappaleita paikoillaan. L\u00f6ys\u00e4\u00e4 p\u00e4\u00e4tykappaleita tarvittaessa napauttamalla niit\u00e4 varovasti kumivasaralla.<\/li>\n<li><strong>Erilliset p\u00e4\u00e4tykappaleet<\/strong>Kun p\u00e4\u00e4tykansien kiinnikkeet on irrotettu, kampea p\u00e4\u00e4tykannet varovasti irti sorkkaraudalla tai pehme\u00e4pintaisella vasaralla. Huomioi sylinterin sis\u00e4ll\u00e4 olevien osien suunta ja j\u00e4rjestys purkaessasi sit\u00e4.<\/li>\n<li><strong>Irrota m\u00e4nt\u00e4kokoonpano<\/strong>Kun p\u00e4\u00e4tykannet on irrotettu, m\u00e4nt\u00e4kokoonpanoon pit\u00e4isi p\u00e4\u00e4st\u00e4 k\u00e4siksi. Liu'uta m\u00e4nt\u00e4 ulos sylinterin rei\u00e4st\u00e4 vahingoittamatta m\u00e4nt\u00e4\u00e4 tai sylinterin sein\u00e4mi\u00e4. Jos m\u00e4nt\u00e4 on itsep\u00e4inen, levit\u00e4 sopivaa voiteluainetta ja k\u00e4yt\u00e4 varovasti voimaa sen irrottamiseksi.<\/li>\n<li><strong>Tarkista ja puhdista komponentit<\/strong>Tarkasta kaikki puretut osat kulumisen, vaurioiden tai saastumisen varalta. Puhdista jokainen osa sopivalla puhdistusaineella tai liuottimella lian, roskien tai hydraulinesteen j\u00e4\u00e4mien poistamiseksi. Kuivaa osat huolellisesti ennen jatkotarkastusta tai uudelleenkokoamista.<\/li>\n<li><strong>Vaihda kuluneet tai vaurioituneet osat<\/strong>Jos osissa on merkkej\u00e4 liiallisesta kulumisesta tai vaurioista, ne on vaihdettava uusiin. Varmista, ett\u00e4 valitset oikeat varaosat, tutustu valmistajan ohjeisiin tai pyyd\u00e4 ammattilaisen neuvoja.<\/li>\n<li><strong>Kokoaminen<\/strong>Kokoa hydraulisylinteri purkamalla se p\u00e4invastaisessa j\u00e4rjestyksess\u00e4. Varmista, ett\u00e4 kaikki komponentit ovat oikein kohdistettuja ja ett\u00e4 kaikki tiivisteet tai O-renkaat on voideltu hydrauli\u00f6ljyll\u00e4 tai yhteensopivalla voiteluaineella ennen asennusta. Kirist\u00e4 kiinnittimet ja liittimet valmistajan suosittelemien kiristysmomenttien mukaisesti.<\/li>\n<\/ol>\n<h2><strong>Tehtaan kapasiteetti ja kapasiteetti:<\/strong><\/h2>\n<h3>(1) Kokoonpano<\/h3>\n<p>Meill\u00e4 on ensiluokkainen riippumaton tutkimus- ja kehitysty\u00f6n kokoonpanoalusta. Hydraulisylinterien tuotantopajassa on nelj\u00e4 puoliautomaattista nostosylinterin kokoonpanolinjaa ja yksi automaattinen kallistussylinterin kokoonpanolinja, joiden suunniteltu vuotuinen tuotantokapasiteetti on 1 miljoona kappaletta. Erikoissylinterin ty\u00f6paja on varustettu erilaisilla eritelmill\u00e4 puoliautomaattisen puhdistusasennuksen kokoonpanoj\u00e4rjestelm\u00e4ll\u00e4, jonka suunniteltu vuotuinen tuotantokapasiteetti on 200 000, ja se on varustettu kuuluisilla CNC-ty\u00f6st\u00f6laitteilla, ty\u00f6st\u00f6keskuksella, korkean tarkkuuden sylinterin k\u00e4sittelyyn tarkoitetuilla erityislaitteilla, robottihitsauskoneella, automaattisella puhdistuslaitteella, automaattisella sylinterin kokoonpanokoneella ja automaattisella maalaustuotantolinjalla. Olemassa olevat kriittiset laitteet yli 300 sarjaa (sarjaa). Laiteresurssien optimaalinen kohdentaminen ja tehokas k\u00e4ytt\u00f6 varmistavat tuotteiden tarkkuusvaatimukset ja t\u00e4ytt\u00e4v\u00e4t tuotteiden laatuvaatimukset.<\/p>\n<p><img loading=\"lazy\" decoding=\"async\" class=\"alignnone wp-image-626\" src=\"https:\/\/hydraulic-cylinders.net\/wp-content\/uploads\/2023\/08\/hydraulic-cylinder-product-1-300x158.webp\" alt=\"\" width=\"495\" height=\"260\" srcset=\"https:\/\/hydraulic-cylinders.net\/wp-content\/uploads\/2023\/08\/hydraulic-cylinder-product-1-300x158.webp 495w, https:\/\/hydraulic-cylinders.net\/wp-content\/uploads\/2023\/08\/hydraulic-cylinder-product-1-480x252.webp 480w\" sizes=\"(min-width: 0px) and (max-width: 480px) 480px, (min-width: 481px) 495px, 100vw\" \/> <img loading=\"lazy\" decoding=\"async\" class=\"alignnone wp-image-627\" src=\"https:\/\/hydraulic-cylinders.net\/wp-content\/uploads\/2023\/08\/hydraulic-cylinder-product-2-300x189.webp\" alt=\"\" width=\"413\" height=\"260\" \/><\/p>\n<h3>(2) Koneistus<\/h3>\n<p>Ty\u00f6st\u00f6paja on varustettu r\u00e4\u00e4t\u00e4l\u00f6idyll\u00e4 kaltevalla kiskosorvauskeskuksella, ty\u00f6st\u00f6keskuksella, suurnopeus-hiontakoneella, hitsausrobotilla ja muilla vastaavilla laitteilla, joilla voidaan k\u00e4sitell\u00e4 sylinteriputkia, joiden sis\u00e4halkaisija on enint\u00e4\u00e4n 400 mm ja enimm\u00e4ispituus on 6 metri\u00e4.<\/p>\n<p><img loading=\"lazy\" decoding=\"async\" class=\"alignnone wp-image-628 size-large\" src=\"https:\/\/hydraulic-cylinders.net\/wp-content\/uploads\/2023\/08\/hydraulic-cylinder-product-3-1024x391.webp\" alt=\"\" width=\"1024\" height=\"391\" srcset=\"https:\/\/hydraulic-cylinders.net\/wp-content\/uploads\/2023\/08\/hydraulic-cylinder-product-3-980x374.webp 980w, https:\/\/hydraulic-cylinders.net\/wp-content\/uploads\/2023\/08\/hydraulic-cylinder-product-3-480x183.webp 480w\" sizes=\"(min-width: 0px) and (max-width: 480px) 480px, (min-width: 481px) and (max-width: 980px) 980px, (min-width: 981px) 1024px, 100vw\" \/><\/p>\n<h3>(3) Hitsaus<\/h3>\n<p><img loading=\"lazy\" decoding=\"async\" class=\"alignnone wp-image-629 size-large\" src=\"https:\/\/hydraulic-cylinders.net\/wp-content\/uploads\/2023\/08\/hydraulic-cylinder-product-4-1024x510.webp\" alt=\"\" width=\"1024\" height=\"510\" srcset=\"https:\/\/hydraulic-cylinders.net\/wp-content\/uploads\/2023\/08\/hydraulic-cylinder-product-4-980x488.webp 980w, https:\/\/hydraulic-cylinders.net\/wp-content\/uploads\/2023\/08\/hydraulic-cylinder-product-4-480x239.webp 480w\" sizes=\"(min-width: 0px) and (max-width: 480px) 480px, (min-width: 481px) and (max-width: 980px) 980px, (min-width: 981px) 1024px, 100vw\" \/><\/p>\n<h3>(4) Maalaus ja pinnoitus<\/h3>\n<p>Pienill\u00e4 ja keskisuurilla sylinterin automaattisilla vesipohjaisilla maalipinnoituslinjoilla automaattisen robotin lastaus- ja purku- ja automaattisen ruiskutuksen saavuttamiseksi, suunnittelukapasiteetti on 4000 kappaletta vuorossa;<br \/>\nMeill\u00e4 on my\u00f6s puoliautomaattinen maalauslinja suurille sylintereille, joka toimii voimaketjulla ja jonka suunnittelukapasiteetti on 60 laatikkoa ty\u00f6vuorossa.<\/p>\n<p><img loading=\"lazy\" decoding=\"async\" class=\"alignnone wp-image-630\" src=\"https:\/\/hydraulic-cylinders.net\/wp-content\/uploads\/2023\/08\/hydraulic-cylinder-product-5-300x213.webp\" alt=\"\" width=\"366\" height=\"260\" \/> <img loading=\"lazy\" decoding=\"async\" class=\"alignnone wp-image-631\" src=\"https:\/\/hydraulic-cylinders.net\/wp-content\/uploads\/2023\/08\/hydraulic-cylinder-product-6-300x225.webp\" alt=\"\" width=\"347\" height=\"260\" \/><\/p>\n<h3>(5) Testaus<\/h3>\n<p>Meill\u00e4 on ensiluokkaiset tarkastustilat ja testialustat, joilla varmistetaan, ett\u00e4 sylinterin suorituskyky t\u00e4ytt\u00e4\u00e4 vaatimukset.<\/p>\n<p><img loading=\"lazy\" decoding=\"async\" class=\"alignnone wp-image-632\" src=\"https:\/\/hydraulic-cylinders.net\/wp-content\/uploads\/2023\/08\/hydraulic-cylinder-product-8-300x200.webp\" alt=\"\" width=\"389\" height=\"260\" \/><\/p>\n<p>&nbsp;<\/p>\n<p>&nbsp;<\/p>\n<p>Olemme yksi parhaista raskaiden hydraulisylinterien valmistajista. Voimme tarjota laajan raskaan tangon hydraulisen sylinterin varaston. Tarjoamme my\u00f6s vastaavan <a href=\"https:\/\/hzpt.com\/agricultural-pto-gearbox\/\" target=\"_blank\" rel=\"noopener\">maatalousvaihteistot<\/a>. Olemme vieneet tuotteitamme asiakkaillemme ymp\u00e4ri maailmaa ja ansainneet hyv\u00e4n maineen ylivoimaisen tuotteidemme laadun ja myynnin j\u00e4lkeisen palvelun ansiosta. Toivotamme l\u00e4mpim\u00e4sti tervetulleeksi asiakkaat sek\u00e4 kotimaassa ett\u00e4 ulkomailla ottamaan yhteytt\u00e4 meihin neuvottelemaan liiketoiminnasta, vaihtamaan tietoja ja\u00a0<a href=\"https:\/\/www.hydraulic-cylinders.net\/fi\/contact-us\/\">tehd\u00e4 yhteisty\u00f6t\u00e4 kanssamme<\/a>!<\/p>\n<p>&nbsp;<\/p>\n<h2><\/h2>","protected":false},"excerpt":{"rendered":"<p>FA Front Flange Type Heavy Rod Hydraulic Cylinder The FA front flanged heavy rod hydraulic cylinder is a high-performance component that provides superior power, durability, and reliability in demanding industrial applications. With its robust construction, precise engineering, and advanced features, this heavy rod hydraulic cylinder is a reliable solution for heavy-duty tasks requiring dedicated force [&hellip;]<\/p>","protected":false},"featured_media":899,"comment_status":"open","ping_status":"closed","template":"","meta":{"_et_pb_use_builder":"","_et_pb_old_content":"","_et_gb_content_width":""},"product_brand":[],"product_cat":[1376,1385],"product_tag":[1380],"class_list":{"0":"post-896","1":"product","2":"type-product","3":"status-publish","4":"has-post-thumbnail","6":"product_cat-hydraulic-cylinder","7":"product_cat-heavy-rod-hydraulic-cylinder","8":"product_tag-hydraulic-cylinder","10":"first","11":"instock","12":"shipping-taxable","13":"product-type-simple"},"amp_enabled":true,"_links":{"self":[{"href":"https:\/\/www.hydraulic-cylinders.net\/fi\/wp-json\/wp\/v2\/product\/896","targetHints":{"allow":["GET"]}}],"collection":[{"href":"https:\/\/www.hydraulic-cylinders.net\/fi\/wp-json\/wp\/v2\/product"}],"about":[{"href":"https:\/\/www.hydraulic-cylinders.net\/fi\/wp-json\/wp\/v2\/types\/product"}],"replies":[{"embeddable":true,"href":"https:\/\/www.hydraulic-cylinders.net\/fi\/wp-json\/wp\/v2\/comments?post=896"}],"wp:featuredmedia":[{"embeddable":true,"href":"https:\/\/www.hydraulic-cylinders.net\/fi\/wp-json\/wp\/v2\/media\/899"}],"wp:attachment":[{"href":"https:\/\/www.hydraulic-cylinders.net\/fi\/wp-json\/wp\/v2\/media?parent=896"}],"wp:term":[{"taxonomy":"product_brand","embeddable":true,"href":"https:\/\/www.hydraulic-cylinders.net\/fi\/wp-json\/wp\/v2\/product_brand?post=896"},{"taxonomy":"product_cat","embeddable":true,"href":"https:\/\/www.hydraulic-cylinders.net\/fi\/wp-json\/wp\/v2\/product_cat?post=896"},{"taxonomy":"product_tag","embeddable":true,"href":"https:\/\/www.hydraulic-cylinders.net\/fi\/wp-json\/wp\/v2\/product_tag?post=896"}],"curies":[{"name":"wp","href":"https:\/\/api.w.org\/{rel}","templated":true}]}}