{"id":900,"date":"2023-09-01T08:19:20","date_gmt":"2023-09-01T08:19:20","guid":{"rendered":"https:\/\/hydraulic-cylinders.net\/?post_type=product&#038;p=900"},"modified":"2023-09-19T01:27:26","modified_gmt":"2023-09-19T01:27:26","slug":"fb-rear-flange-type-heavy-rod-hydraulic-cylinder","status":"publish","type":"product","link":"https:\/\/www.hydraulic-cylinders.net\/fi\/tuote\/fb-rear-flange-type-heavy-rod-hydraulic-cylinder\/","title":{"rendered":"FB Takaosan laippatyyppinen raskas sauvahydraulisylinteri"},"content":{"rendered":"<h1 style=\"text-align: center;\"><strong>FB Takaosan laippatyyppinen raskas sauvahydraulisylinteri<\/strong><\/h1>\n<p>FB:n takalaippatyyppinen raskaan tangon hydraulisylinteri on tehokas hydraulinen elementti, joka on suunniteltu tarjoamaan erinomaista tehoa, kest\u00e4vyytt\u00e4 ja monipuolisuutta monenlaisissa teollisissa sovelluksissa. Kest\u00e4v\u00e4n rakenteensa, tarkan suunnittelunsa ja edistyneiden ominaisuuksiensa ansiosta t\u00e4m\u00e4 raskaan tangon hydraulisylinteri erottuu edukseen vaativissa teht\u00e4viss\u00e4, jotka vaativat luotettavaa voimantuottoa ja tarkkaa ohjausta. Raskaista koneista materiaalink\u00e4sittelylaitteisiin, FB:n takalaippatyyppiset raskaan tangon hydraulisylinterit on suunniteltu tarjoamaan optimaalista suorituskyky\u00e4 ja tehokkuutta erilaisissa teollisissa ymp\u00e4rist\u00f6iss\u00e4.<\/p>\n<p>Raskaan sauvan hydraulisylinterin t\u00e4rkeimm\u00e4t ominaisuudet:<\/p>\n<p><strong>Kest\u00e4v\u00e4 rakenne<\/strong>FB:n takalaippatyyppisess\u00e4 raskaalla tangolla varustetussa hydraulisylinteriss\u00e4 on kest\u00e4v\u00e4 rakenne ja se on valmistettu korkealaatuisista materiaaleista, kuten ter\u00e4ksest\u00e4 tai seoksista, kest\u00e4m\u00e4\u00e4n raskaita kuormia, \u00e4\u00e4rimm\u00e4isi\u00e4 paineita ja ankaria k\u00e4ytt\u00f6olosuhteita. Sen kest\u00e4v\u00e4 rakenne varmistaa pitk\u00e4ik\u00e4isyyden ja kulumis-, korroosio- ja vaurionkest\u00e4vyyden.<\/p>\n<p><strong>Suuri voimateho<\/strong>T\u00e4m\u00e4 raskaaseen k\u00e4ytt\u00f6\u00f6n tarkoitettu hydraulisylinteri on suunniteltu tarjoamaan erinomaisen voimantuoton, joten se sopii erinomaisesti raskaisiin nostoihin, ty\u00f6nt\u00f6ihin tai vetoihin. Sen suuri m\u00e4nn\u00e4n halkaisija ja korkea paineenkesto tarjoavat tarvittavan lujuuden vaativien teht\u00e4vien helppoon k\u00e4sittelyyn.<\/p>\n<p><strong>Monipuolinen muotoilu<\/strong>FB:n takalaippatyyppinen raskaan tangon hydraulisylinteri on monipuolinen ja helppo integroida monenlaisiin hydraulij\u00e4rjestelmiin. Takalaipparakenne mahdollistaa joustavat asennusvaihtoehdot ja on yhteensopiva erilaisten laitteiden ja koneiden kanssa.<\/p>\n<p><img loading=\"lazy\" decoding=\"async\" class=\"size-medium wp-image-902 aligncenter\" src=\"https:\/\/hydraulic-cylinders.net\/wp-content\/uploads\/2023\/09\/fb-rear-flange-type-heavy-rod-hydraulic-cylinder-3-300x300.webp\" alt=\"\" width=\"300\" height=\"300\" srcset=\"https:\/\/www.hydraulic-cylinders.net\/wp-content\/uploads\/2023\/09\/fb-rear-flange-type-heavy-rod-hydraulic-cylinder-3-300x300.webp 300w, https:\/\/www.hydraulic-cylinders.net\/wp-content\/uploads\/2023\/09\/fb-rear-flange-type-heavy-rod-hydraulic-cylinder-3-100x100.webp 100w, https:\/\/www.hydraulic-cylinders.net\/wp-content\/uploads\/2023\/09\/fb-rear-flange-type-heavy-rod-hydraulic-cylinder-3-150x150.webp 150w, https:\/\/www.hydraulic-cylinders.net\/wp-content\/uploads\/2023\/09\/fb-rear-flange-type-heavy-rod-hydraulic-cylinder-3-12x12.webp 12w, https:\/\/www.hydraulic-cylinders.net\/wp-content\/uploads\/2023\/09\/fb-rear-flange-type-heavy-rod-hydraulic-cylinder-3.webp 353w\" sizes=\"(max-width: 300px) 100vw, 300px\" \/><\/p>\n<h2><strong>FB:n takalaipan tyyppinen raskastangon hydraulisylinterin parametri:<\/strong><\/h2>\n<p><img loading=\"lazy\" decoding=\"async\" class=\"alignnone wp-image-959 size-full\" src=\"https:\/\/hydraulic-cylinders.net\/wp-content\/uploads\/2023\/09\/fb-rear-flange-type-heavy-rod-hydraulic-cylinder-2.webp\" alt=\"\" width=\"790\" height=\"502\" srcset=\"https:\/\/hydraulic-cylinders.net\/wp-content\/uploads\/2023\/09\/fb-rear-flange-type-heavy-rod-hydraulic-cylinder-2.webp 790w, https:\/\/hydraulic-cylinders.net\/wp-content\/uploads\/2023\/09\/fb-rear-flange-type-heavy-rod-hydraulic-cylinder-2-480x305.webp 480w\" sizes=\"(min-width: 0px) and (max-width: 480px) 480px, (min-width: 481px) 790px, 100vw\" \/><\/p>\n<h2><strong>FB Takaosan laippatyyppinen raskas sauvahydraulisylinteri <\/strong><strong>K\u00e4ytt\u00f6menetelm\u00e4<\/strong><strong>:<\/strong><\/h2>\n<p><strong>Asennus<\/strong>Asenna ensin FA:n etulaippainen raskaan tangon hydraulisylinteri tukevasti paikalleen k\u00e4ytt\u00e4m\u00e4ll\u00e4 sopivia kiinnikkeit\u00e4 tai kiinnikkeit\u00e4. Varmista oikea kohdistus ja vakaus asennuksen aikana, jotta sylintereihin ei aiheudu kohdistusvirheit\u00e4 tai rasitusta.<\/p>\n<p><strong>Hydraulij\u00e4rjestelm\u00e4n integrointi<\/strong>: Noudata valmistajan ohjeita ja m\u00e4\u00e4r\u00e4yksi\u00e4 hydrauliletkujen kytkemisess\u00e4 sylinterin portteihin. Sylinteri integroidaan hydraulij\u00e4rjestelm\u00e4\u00e4n kytkem\u00e4ll\u00e4 se sopivaan pumppuun tai voimayksikk\u00f6\u00f6n. Varmista, ett\u00e4 sylinterin tekniset tiedot ja k\u00e4ytt\u00f6vaatimukset t\u00e4yttyv\u00e4t.<\/p>\n<p><strong>Ohjaus ja k\u00e4ytt\u00f6<\/strong>Hydraulij\u00e4rjestelm\u00e4n ohjausventtiili\u00e4 k\u00e4ytet\u00e4\u00e4n hydrauli\u00f6ljyn virtauksen s\u00e4\u00e4t\u00e4miseen sylinteriin ja sylinterist\u00e4 ulos. S\u00e4\u00e4d\u00e4 ohjausasetuksia halutun lineaarisen liikkeen ja voimantuoton mukaan. Testaa sylinterin liike varmistaaksesi sen toiminnan ja reagointikyvyn.<\/p>\n<h2><strong>FB Takaosan laippatyyppinen raskas sauvahydraulisylinteri <\/strong><strong>Huolto<\/strong><strong>:<\/strong><\/h2>\n<p>FB:n takalaippatyyppisen raskaan tangon hydraulisylinterin optimaalisen suorituskyvyn ja pitk\u00e4n k\u00e4ytt\u00f6i\u00e4n varmistamiseksi s\u00e4\u00e4nn\u00f6llinen huolto on ratkaisevan t\u00e4rke\u00e4\u00e4. T\u00e4ss\u00e4 on joitakin huoltovinkkej\u00e4:<\/p>\n<p><strong>S\u00e4\u00e4nn\u00f6llinen tarkastus<\/strong>Suorita rutiinitarkastukset kulumisen, vaurioiden tai vuotojen havaitsemiseksi. Tarkista sylinterilohkot, m\u00e4nn\u00e4nvarret, tiivisteet ja muut komponentit poikkeavuuksien varalta. Korjaa mahdolliset ongelmat viipym\u00e4tt\u00e4 lis\u00e4vammojen tai toiminnan tehottomuuden est\u00e4miseksi.<\/p>\n<p><strong>Voitelu<\/strong>Levit\u00e4 suositeltua voiteluainetta sylinterin liikkuviin osiin, mukaan lukien raidetangot ja tiivisteet. S\u00e4\u00e4nn\u00f6llinen voitelu minimoi kitkan, v\u00e4hent\u00e4\u00e4 kulumista ja varmistaa sujuvan toiminnan. K\u00e4yt\u00e4 sopivaa voiteluainetyyppi\u00e4 valmistajan voiteluv\u00e4liohjeiden mukaisesti.<\/p>\n<p><strong>Tiivisteen vaihto<\/strong>Jos tiivisteiden havaitaan kuluneen tai vuotavan, vaihda tiivisteet valmistajan hyv\u00e4ksymiin alkuper\u00e4isiin osiin. Vaurioituneet tai kuluneet tiivisteet voivat heikent\u00e4\u00e4 sylinterin suorituskyky\u00e4 ja johtaa hydrauli\u00f6ljyn vuotamiseen.<\/p>\n<p><strong>Puhdistus<\/strong>Poista lika, roskat ja muut ep\u00e4puhtaudet ja pid\u00e4 sylinterit puhtaina. Ennen kokoamista k\u00e4yt\u00e4 hankaamatonta puhdistusainetta ja varmista, ett\u00e4 kaikki osat ovat t\u00e4ysin kuivat. S\u00e4\u00e4nn\u00f6llinen puhdistus edist\u00e4\u00e4 optimaalista suorituskyky\u00e4 ja est\u00e4\u00e4 ennenaikaista kulumista tai vaurioita.<\/p>\n<h2><strong>Kuinka vaihtaa tiivisteet hydraulisylinteriss\u00e4\uff1f<\/strong><\/h2>\n<p>Hydraulisylinterin tiivisteiden vaihtaminen vaatii huolellista huomiota ja asianmukaista menettely\u00e4 onnistuneen vaihdon varmistamiseksi. T\u00e4ss\u00e4 on vaiheittainen opas hydraulisylinterin tiivisteiden vaihtamiseen:<\/p>\n<ol>\n<li><strong>Turvaohjeet:<\/strong> Ennen huoltot\u00f6iden aloittamista on ryhdytt\u00e4v\u00e4 asianmukaisiin turvatoimiin. Varmista, ett\u00e4 hydrauliikkaj\u00e4rjestelm\u00e4 on paineeton ja ett\u00e4 laite on riitt\u00e4v\u00e4sti tuettu ja kiinnitetty. K\u00e4yt\u00e4 suojak\u00e4sineit\u00e4 ja suojalaseja suojautuaksesi mahdollisilta vaaroilta.<\/li>\n<li><strong>Sylinterin irrotus:<\/strong> Hydraulij\u00e4rjestelm\u00e4st\u00e4 ja sylinterin rakenteesta riippuen saatat joutua irrottamaan hydraulisylinterin kiinnityspaikastaan. Noudata valmistajan ohjeita tai katso laitteen k\u00e4ytt\u00f6ohjetta saadaksesi ohjeet sylinterin irrottamiseen.<\/li>\n<li><strong>Sylinterin purkaminen:<\/strong> Kun hydraulisylinteri on irrotettu, pura se varovasti, jotta p\u00e4\u00e4set k\u00e4siksi tiivisteisiin. Tyypillisesti hydraulisylinterit koostuvat sylinteriputkesta, m\u00e4nn\u00e4st\u00e4, m\u00e4nn\u00e4nvarresta ja erilaisista tiivisteist\u00e4. Noudata seuraavia ohjeita: a. Sylinterikannen irrottaminen: Kierr\u00e4 sylinterikansi auki tai pultit auki putkesta, jolloin m\u00e4nt\u00e4 ja m\u00e4nn\u00e4nvarsi tulevat n\u00e4kyviin. b. M\u00e4nn\u00e4n irrottaminen: Liu'uta m\u00e4nt\u00e4 varovasti ulos sylinteriputkesta. Ole varovainen, ettet vahingoita m\u00e4nt\u00e4\u00e4 tai sylinterin sein\u00e4mi\u00e4. c. Vanhat tiivisteet: Tunnista vaihdettavat tiivisteet, kuten m\u00e4nn\u00e4ntiivisteet, m\u00e4nn\u00e4nvarren tiivisteet tai pyyhkij\u00e4n tiivisteet. K\u00e4yt\u00e4 sopivia ty\u00f6kaluja, kuten tiivisteiden irrotuspiikkej\u00e4 tai koukkuja, vanhojen tiivisteiden irrottamiseen uristaan. Huomioi tiivisteiden suunta uusien tiivisteiden oikean asennuksen varmistamiseksi.<\/li>\n<li><strong>Tiivisteen valmistelu:<\/strong> Tarkasta uudet tiivisteet mahdollisten vikojen tai vaurioiden varalta ennen niiden asentamista. Varmista, ett\u00e4 sinulla on oikeat vaihtotiivisteet, jotka vastaavat alkuper\u00e4isten tiivisteiden ominaisuuksia. Levit\u00e4 ohut kerros hydrauliikka\u00f6ljy\u00e4 tai tiivistevoiteluainetta uusiin tiivisteisiin, jotta asennus onnistuu ja kitka v\u00e4henee.<\/li>\n<li><strong>Tiivisteen asennus:<\/strong>a. M\u00e4nn\u00e4n tiivisteet: Aloita asentamalla uudet m\u00e4nn\u00e4n tiivisteet. Aseta tiivisteet varovasti uriinsa varmistaen, ett\u00e4 ne ovat tasaisesti eiv\u00e4tk\u00e4 ole v\u00e4\u00e4ntyneet. Paina tiivisteet varovasti paikalleen tiivisteiden asennusty\u00f6kalulla tai pehme\u00e4pintaisella vasaralla. Varmista, ett\u00e4 tiivisteet ovat tasaisesti paikallaan ja oikein kohdistettuina. b. M\u00e4nn\u00e4nvarren ja pyyhkij\u00e4n tiivisteet: Siirry seuraavaksi m\u00e4nn\u00e4nvarren ja pyyhkij\u00e4n tiivisteiden asentamiseen. Aseta tiivisteet j\u00e4lleen oikein uriinsa varmistaen, ett\u00e4 ne eiv\u00e4t ole v\u00e4\u00e4ntyneet. Kiinnit\u00e4 tiivisteet painamalla niit\u00e4 varovasti tiivisteiden asennusty\u00f6kalulla tai vasaralla.<\/li>\n<li><strong>Kokoaminen:<\/strong> Kun kaikki uudet tiivisteet on asennettu, kokoa hydraulisylinteri takaisin. Noudata seuraavia ohjeita:a. M\u00e4nn\u00e4n asentaminen takaisin: Liu'uta m\u00e4nt\u00e4 varovasti takaisin sylinterin runkoon varmistaen, ett\u00e4 se liikkuu vapaasti ilman esteit\u00e4. Kohdista tarvittaessa kaikki kiinnitysmekanismit, kuten lukkorenkaat tai lukkorenkaat.b. Sylinterinkannen kiinnitt\u00e4minen takaisin: Aseta sylinterinkansi takaisin sylinterin runkoon ja kiinnit\u00e4 se ruuveilla tai pulteilla. Varmista, ett\u00e4 kiristys on asianmukainen valmistajan ohjeiden mukaisesti.<\/li>\n<li><strong>Sylinterin asennus:<\/strong> Jos irrotit hydraulisylinterin asennuspaikastaan, asenna se takaisin asianmukaisten ohjeiden mukaisesti. Varmista, ett\u00e4 sylinterin kohdistus ja liit\u00e4nt\u00e4 hydraulij\u00e4rjestelm\u00e4\u00e4n, mukaan lukien letkut ja liittimet, on oikea.<\/li>\n<li><strong>Testaus ja tarkastus:<\/strong> Testaa sen toimivuus, kun hydraulisylinteri on asennettu takaisin. Paineista j\u00e4rjestelm\u00e4 v\u00e4hitellen ja tarkista, ettei siin\u00e4 ole vuotoja, ep\u00e4normaaleja \u00e4\u00e4ni\u00e4 tai virheellist\u00e4 toimintaa. Suorita perusteellinen tarkastus varmistaaksesi, ett\u00e4 tiivisteet toimivat tarkoitetulla tavalla.<\/li>\n<\/ol>\n<h2><strong>Tehtaan kapasiteetti ja kapasiteetti:<\/strong><\/h2>\n<h3>(1) Kokoonpano<\/h3>\n<p>Meill\u00e4 on ensiluokkainen riippumaton tutkimus- ja kehitysty\u00f6n kokoonpanoalusta. Hydraulisylinterien tuotantopajassa on nelj\u00e4 puoliautomaattista nostosylinterin kokoonpanolinjaa ja yksi automaattinen kallistussylinterin kokoonpanolinja, joiden suunniteltu vuotuinen tuotantokapasiteetti on 1 miljoona kappaletta. Erikoissylinterin ty\u00f6paja on varustettu erilaisilla eritelmill\u00e4 puoliautomaattisen puhdistusasennuksen kokoonpanoj\u00e4rjestelm\u00e4ll\u00e4, jonka suunniteltu vuotuinen tuotantokapasiteetti on 200 000, ja se on varustettu kuuluisilla CNC-ty\u00f6st\u00f6laitteilla, ty\u00f6st\u00f6keskuksella, korkean tarkkuuden sylinterin k\u00e4sittelyyn tarkoitetuilla erityislaitteilla, robottihitsauskoneella, automaattisella puhdistuslaitteella, automaattisella sylinterin kokoonpanokoneella ja automaattisella maalaustuotantolinjalla. Olemassa olevat kriittiset laitteet yli 300 sarjaa (sarjaa). Laiteresurssien optimaalinen kohdentaminen ja tehokas k\u00e4ytt\u00f6 varmistavat tuotteiden tarkkuusvaatimukset ja t\u00e4ytt\u00e4v\u00e4t tuotteiden laatuvaatimukset.<\/p>\n<p><img loading=\"lazy\" decoding=\"async\" class=\"alignnone wp-image-626\" src=\"https:\/\/hydraulic-cylinders.net\/wp-content\/uploads\/2023\/08\/hydraulic-cylinder-product-1-300x158.webp\" alt=\"\" width=\"495\" height=\"260\" srcset=\"https:\/\/hydraulic-cylinders.net\/wp-content\/uploads\/2023\/08\/hydraulic-cylinder-product-1-300x158.webp 495w, https:\/\/hydraulic-cylinders.net\/wp-content\/uploads\/2023\/08\/hydraulic-cylinder-product-1-480x252.webp 480w\" sizes=\"(min-width: 0px) and (max-width: 480px) 480px, (min-width: 481px) 495px, 100vw\" \/> <img loading=\"lazy\" decoding=\"async\" class=\"alignnone wp-image-627\" src=\"https:\/\/hydraulic-cylinders.net\/wp-content\/uploads\/2023\/08\/hydraulic-cylinder-product-2-300x189.webp\" alt=\"\" width=\"413\" height=\"260\" \/><\/p>\n<h3>(2) Koneistus<\/h3>\n<p>Ty\u00f6st\u00f6paja on varustettu r\u00e4\u00e4t\u00e4l\u00f6idyll\u00e4 kaltevalla kiskosorvauskeskuksella, ty\u00f6st\u00f6keskuksella, suurnopeus-hiontakoneella, hitsausrobotilla ja muilla vastaavilla laitteilla, joilla voidaan k\u00e4sitell\u00e4 sylinteriputkia, joiden sis\u00e4halkaisija on enint\u00e4\u00e4n 400 mm ja enimm\u00e4ispituus on 6 metri\u00e4.<\/p>\n<p><img loading=\"lazy\" decoding=\"async\" class=\"alignnone wp-image-628 size-large\" src=\"https:\/\/hydraulic-cylinders.net\/wp-content\/uploads\/2023\/08\/hydraulic-cylinder-product-3-1024x391.webp\" alt=\"\" width=\"1024\" height=\"391\" srcset=\"https:\/\/hydraulic-cylinders.net\/wp-content\/uploads\/2023\/08\/hydraulic-cylinder-product-3-980x374.webp 980w, https:\/\/hydraulic-cylinders.net\/wp-content\/uploads\/2023\/08\/hydraulic-cylinder-product-3-480x183.webp 480w\" sizes=\"(min-width: 0px) and (max-width: 480px) 480px, (min-width: 481px) and (max-width: 980px) 980px, (min-width: 981px) 1024px, 100vw\" \/><\/p>\n<h3>(3) Hitsaus<\/h3>\n<p><img loading=\"lazy\" decoding=\"async\" class=\"alignnone wp-image-629 size-large\" src=\"https:\/\/hydraulic-cylinders.net\/wp-content\/uploads\/2023\/08\/hydraulic-cylinder-product-4-1024x510.webp\" alt=\"\" width=\"1024\" height=\"510\" srcset=\"https:\/\/hydraulic-cylinders.net\/wp-content\/uploads\/2023\/08\/hydraulic-cylinder-product-4-980x488.webp 980w, https:\/\/hydraulic-cylinders.net\/wp-content\/uploads\/2023\/08\/hydraulic-cylinder-product-4-480x239.webp 480w\" sizes=\"(min-width: 0px) and (max-width: 480px) 480px, (min-width: 481px) and (max-width: 980px) 980px, (min-width: 981px) 1024px, 100vw\" \/><\/p>\n<h3>(4) Maalaus ja pinnoitus<\/h3>\n<p>Pienill\u00e4 ja keskisuurilla sylinterin automaattisilla vesipohjaisilla maalipinnoituslinjoilla automaattisen robotin lastaus- ja purku- ja automaattisen ruiskutuksen saavuttamiseksi, suunnittelukapasiteetti on 4000 kappaletta vuorossa;<br \/>\nMeill\u00e4 on my\u00f6s puoliautomaattinen maalauslinja suurille sylintereille, joka toimii voimaketjulla ja jonka suunnittelukapasiteetti on 60 laatikkoa ty\u00f6vuorossa.<\/p>\n<p><img loading=\"lazy\" decoding=\"async\" class=\"alignnone wp-image-630\" src=\"https:\/\/hydraulic-cylinders.net\/wp-content\/uploads\/2023\/08\/hydraulic-cylinder-product-5-300x213.webp\" alt=\"\" width=\"366\" height=\"260\" \/> <img loading=\"lazy\" decoding=\"async\" class=\"alignnone wp-image-631\" src=\"https:\/\/hydraulic-cylinders.net\/wp-content\/uploads\/2023\/08\/hydraulic-cylinder-product-6-300x225.webp\" alt=\"\" width=\"347\" height=\"260\" \/><\/p>\n<h3>(5) Testaus<\/h3>\n<p>Meill\u00e4 on ensiluokkaiset tarkastustilat ja testialustat, joilla varmistetaan, ett\u00e4 sylinterin suorituskyky t\u00e4ytt\u00e4\u00e4 vaatimukset.<\/p>\n<p><img loading=\"lazy\" decoding=\"async\" class=\"alignnone wp-image-632\" src=\"https:\/\/hydraulic-cylinders.net\/wp-content\/uploads\/2023\/08\/hydraulic-cylinder-product-8-300x200.webp\" alt=\"\" width=\"389\" height=\"260\" \/><\/p>\n<p>&nbsp;<\/p>\n<p>&nbsp;<\/p>\n<p>Olemme yksi parhaista raskaiden hydraulisylinterien valmistajista. Voimme tarjota laajan raskaan tangon hydraulisen sylinterin varaston. Tarjoamme my\u00f6s vastaavan <a href=\"https:\/\/hzpt.com\/agricultural-pto-gearbox\/\" target=\"_blank\" rel=\"noopener\">maatalousvaihteistot<\/a>. Olemme vieneet tuotteitamme asiakkaillemme ymp\u00e4ri maailmaa ja ansainneet hyv\u00e4n maineen ylivoimaisen tuotteidemme laadun ja myynnin j\u00e4lkeisen palvelun ansiosta. Toivotamme l\u00e4mpim\u00e4sti tervetulleeksi asiakkaat sek\u00e4 kotimaassa ett\u00e4 ulkomailla ottamaan yhteytt\u00e4 meihin neuvottelemaan liiketoiminnasta, vaihtamaan tietoja ja\u00a0<a href=\"https:\/\/www.hydraulic-cylinders.net\/fi\/contact-us\/\">tehd\u00e4 yhteisty\u00f6t\u00e4 kanssamme<\/a>!<\/p>\n<p>&nbsp;<\/p>\n<h2><\/h2>","protected":false},"excerpt":{"rendered":"<p>FB Rear Flange Type Heavy Rod Hydraulic Cylinder The FB rear flange type heavy rod hydraulic cylinder is a high performance hydraulic element designed to provide superior power, durability and versatility in a wide range of industrial applications. With its robust construction, precise engineering and advanced features, this heavy rod hydraulic cylinder can stand out [&hellip;]<\/p>","protected":false},"featured_media":903,"comment_status":"open","ping_status":"closed","template":"","meta":{"_et_pb_use_builder":"","_et_pb_old_content":"","_et_gb_content_width":""},"product_brand":[],"product_cat":[1376,1385],"product_tag":[1380],"class_list":{"0":"post-900","1":"product","2":"type-product","3":"status-publish","4":"has-post-thumbnail","6":"product_cat-hydraulic-cylinder","7":"product_cat-heavy-rod-hydraulic-cylinder","8":"product_tag-hydraulic-cylinder","10":"first","11":"instock","12":"shipping-taxable","13":"product-type-simple"},"amp_enabled":true,"_links":{"self":[{"href":"https:\/\/www.hydraulic-cylinders.net\/fi\/wp-json\/wp\/v2\/product\/900","targetHints":{"allow":["GET"]}}],"collection":[{"href":"https:\/\/www.hydraulic-cylinders.net\/fi\/wp-json\/wp\/v2\/product"}],"about":[{"href":"https:\/\/www.hydraulic-cylinders.net\/fi\/wp-json\/wp\/v2\/types\/product"}],"replies":[{"embeddable":true,"href":"https:\/\/www.hydraulic-cylinders.net\/fi\/wp-json\/wp\/v2\/comments?post=900"}],"wp:featuredmedia":[{"embeddable":true,"href":"https:\/\/www.hydraulic-cylinders.net\/fi\/wp-json\/wp\/v2\/media\/903"}],"wp:attachment":[{"href":"https:\/\/www.hydraulic-cylinders.net\/fi\/wp-json\/wp\/v2\/media?parent=900"}],"wp:term":[{"taxonomy":"product_brand","embeddable":true,"href":"https:\/\/www.hydraulic-cylinders.net\/fi\/wp-json\/wp\/v2\/product_brand?post=900"},{"taxonomy":"product_cat","embeddable":true,"href":"https:\/\/www.hydraulic-cylinders.net\/fi\/wp-json\/wp\/v2\/product_cat?post=900"},{"taxonomy":"product_tag","embeddable":true,"href":"https:\/\/www.hydraulic-cylinders.net\/fi\/wp-json\/wp\/v2\/product_tag?post=900"}],"curies":[{"name":"wp","href":"https:\/\/api.w.org\/{rel}","templated":true}]}}