{"id":922,"date":"2023-09-04T02:45:33","date_gmt":"2023-09-04T02:45:33","guid":{"rendered":"https:\/\/hydraulic-cylinders.net\/?post_type=product&#038;p=922"},"modified":"2023-09-19T01:26:12","modified_gmt":"2023-09-19T01:26:12","slug":"ca-monaural-type-heavy-rod-hydraulic-cylinder","status":"publish","type":"product","link":"https:\/\/www.hydraulic-cylinders.net\/fi\/tuote\/ca-monaural-type-heavy-rod-hydraulic-cylinder\/","title":{"rendered":"CA Monauraalinen tyyppi Raskaan tangon hydraulinen sylinteri"},"content":{"rendered":"<h1 style=\"text-align: center;\"><strong>CA Monauraalinen tyyppi Raskaan tangon hydraulinen sylinteri<\/strong><\/h1>\n<p>CA-monoauraalinen, raskaaseen k\u00e4ytt\u00f6\u00f6n tarkoitettu hydraulisylinteri on tehokas hydraulinen elementti, joka on suunniteltu t\u00e4ytt\u00e4m\u00e4\u00e4n raskaiden teollisuussovellusten tiukat vaatimukset. Kest\u00e4v\u00e4n rakenteensa, vaikuttavan voimantuottonsa ja luotettavan toimintansa ansiosta t\u00e4m\u00e4 hydraulisylinteri tarjoaa poikkeuksellista tehoa ja kest\u00e4vyytt\u00e4. Olipa kyseess\u00e4 nosto, ty\u00f6nt\u00f6 tai veto, CA-monoauraalisen tyyppiset raskaaseen k\u00e4ytt\u00f6\u00f6n tarkoitetut hydraulisylinterit tarjoavat erinomaisen suorituskyvyn teollisen toiminnan optimoimiseksi.<\/p>\n<p>Raskaan sauvan hydraulisen sylinterin olennaiset ominaisuudet:<\/p>\n<p><strong>Vankka rakenne:<\/strong> T\u00e4m\u00e4 hydraulisylinteri on valmistettu korkealaatuisista materiaaleista, mik\u00e4 takaa lujuuden ja pitk\u00e4n k\u00e4ytt\u00f6i\u00e4n. Vankan rakenteensa ansiosta se kest\u00e4\u00e4 raskaita kuormia, korkeita paineita ja haastavia ty\u00f6olosuhteita, joten se sopii vaativiin teollisiin teht\u00e4viin.<\/p>\n<p><strong>Suuri voimateho:<\/strong>\u00a0 CA-tyyppinen monoauraalinen raskaan tangon hydraulisylinteri tarjoaa suuren voimantuoton, joten se sopii erinomaisesti sovelluksiin, jotka vaativat merkitt\u00e4v\u00e4\u00e4 tehoa. Sen suuri m\u00e4nn\u00e4n halkaisija ja korkeapaineominaisuus takaavat erinomaisen lujuuden ja selviytyv\u00e4t helposti raskaista teht\u00e4vist\u00e4.<\/p>\n<p><strong>Monoauraalinen muotoilu:<\/strong> T\u00e4ss\u00e4 hydraulisylinteriss\u00e4 on monoauraalinen rakenne, joka tarjoaa yksinkertaisen ja helpon asennuksen. Monoauraalinen kokoonpano yksinkertaistaa asennusprosessia ja v\u00e4hent\u00e4\u00e4 hydraulij\u00e4rjestelm\u00e4n integroinnin monimutkaisuutta, mik\u00e4 tarjoaa k\u00e4tevyytt\u00e4 ja aikaa s\u00e4\u00e4st\u00e4vi\u00e4 etuja.<\/p>\n<p><strong>Tarkka ohjaus:<\/strong>\u00a0 CA-tyyppinen monoauraalinen raskaan tangon hydraulisylinteri k\u00e4ytt\u00e4\u00e4 tarkkuuskoneistettuja komponentteja ja korkealaatuisia tiivisteit\u00e4 tarkan ja luotettavan toiminnan varmistamiseksi. Se pystyy ohjaamaan kuormien liikett\u00e4 ja sijoittelua tarkasti tehokasta ja asianmukaista k\u00e4sittely\u00e4 varten.<\/p>\n<p><img loading=\"lazy\" decoding=\"async\" class=\"aligncenter wp-image-926 size-full\" src=\"https:\/\/hydraulic-cylinders.net\/wp-content\/uploads\/2023\/09\/binaural-type-heavy-rod-hydraulic-cylinder-2.webp\" alt=\"\" width=\"790\" height=\"200\" srcset=\"https:\/\/hydraulic-cylinders.net\/wp-content\/uploads\/2023\/09\/binaural-type-heavy-rod-hydraulic-cylinder-2.webp 790w, https:\/\/hydraulic-cylinders.net\/wp-content\/uploads\/2023\/09\/binaural-type-heavy-rod-hydraulic-cylinder-2-480x122.webp 480w\" sizes=\"(min-width: 0px) and (max-width: 480px) 480px, (min-width: 481px) 790px, 100vw\" \/><\/p>\n<h2><strong>CA Monauraalinen tyyppi Raskastangon hydraulisylinterin parametri:<\/strong><\/h2>\n<p><img loading=\"lazy\" decoding=\"async\" class=\"alignnone wp-image-925 size-full\" src=\"https:\/\/hydraulic-cylinders.net\/wp-content\/uploads\/2023\/09\/binaural-type-heavy-rod-hydraulic-cylinder-1.webp\" alt=\"\" width=\"790\" height=\"561\" srcset=\"https:\/\/hydraulic-cylinders.net\/wp-content\/uploads\/2023\/09\/binaural-type-heavy-rod-hydraulic-cylinder-1.webp 790w, https:\/\/hydraulic-cylinders.net\/wp-content\/uploads\/2023\/09\/binaural-type-heavy-rod-hydraulic-cylinder-1-480x341.webp 480w\" sizes=\"(min-width: 0px) and (max-width: 480px) 480px, (min-width: 481px) 790px, 100vw\" \/><\/p>\n<h2><strong>CA Monauraalinen tyyppi Raskaan tangon hydraulinen sylinteri <\/strong><strong>K\u00e4ytt\u00f6menetelm\u00e4<\/strong><strong>:<\/strong><\/h2>\n<p><strong>Asennus:<\/strong>\u00a0 Asenna ensin CA-yksikorvainen raskastankoinen hydraulisylinteri turvallisesti k\u00e4ytt\u00e4m\u00e4ll\u00e4 sopivaa kiinnikett\u00e4 tai kiinnikett\u00e4. Varmista oikea kohdistus ja vakaus asennuksen aikana, jotta sylinterin kohdistusvirheet tai rasitukset eiv\u00e4t synny.<\/p>\n<p><strong>Hydraulij\u00e4rjestelm\u00e4n integrointi:<\/strong>\u00a0 Noudata valmistajan ohjeita ja m\u00e4\u00e4r\u00e4yksi\u00e4 hydrauliletkujen kytkemisess\u00e4 sylinterin portteihin. Sylinteri integroidaan hydraulij\u00e4rjestelm\u00e4\u00e4n kytkem\u00e4ll\u00e4 se sopivaan pumppuun tai voimayksikk\u00f6\u00f6n. Varmista, ett\u00e4 sylinterin tekniset tiedot ja k\u00e4ytt\u00f6vaatimukset t\u00e4yttyv\u00e4t.<\/p>\n<p><strong>Ohjaus ja toiminta:<\/strong> Hydraulij\u00e4rjestelm\u00e4n ohjausventtiili\u00e4 k\u00e4ytet\u00e4\u00e4n hydrauli\u00f6ljyn virtauksen s\u00e4\u00e4t\u00e4miseen sylinteriin ja sylinterist\u00e4 ulos. S\u00e4\u00e4d\u00e4 ohjausasetuksia halutun lineaarisen liikkeen ja voimantuoton mukaan. Testaa sylinterin liike varmistaaksesi sen toiminnan ja reagointikyvyn.<\/p>\n<h2><strong>CA Monauraalinen tyyppi Raskaan tangon hydraulinen sylinteri <\/strong><strong>Huolto<\/strong><strong>:<\/strong><\/h2>\n<p>S\u00e4\u00e4nn\u00f6llinen huolto on ratkaisevan t\u00e4rke\u00e4\u00e4 CA Monaural Type Heavy Tang Hydraulisylinterin optimaalisen suorituskyvyn ja pitk\u00e4n k\u00e4ytt\u00f6i\u00e4n varmistamiseksi. Noudata n\u00e4it\u00e4 huolto-ohjeita:<\/p>\n<p><strong>S\u00e4\u00e4nn\u00f6llinen tarkastus:<\/strong>\u00a0 Suorita rutiinitarkastuksia kulumisen, vaurioiden tai vuotojen merkkien tunnistamiseksi. Tarkista sylinterilohkojen, m\u00e4nn\u00e4nvarsien, tiivisteiden ja muiden osien poikkeavuudet. Korjaa mahdolliset ongelmat viipym\u00e4tt\u00e4 est\u00e4\u00e4ksesi lis\u00e4vahingot tai toiminnan tehottomuuden.<\/p>\n<p><strong>Voitelu:<\/strong>\u00a0 Levit\u00e4 suositeltua voiteluainetta sylinterin liikkuviin osiin, mukaan lukien vetotangot ja tiivisteet. S\u00e4\u00e4nn\u00f6llinen voitelu minimoi kitkaa, v\u00e4hent\u00e4\u00e4 kulumista ja varmistaa tasaisen toiminnan. K\u00e4yt\u00e4 sopivaa voiteluainetyyppi\u00e4 valmistajan voiteluv\u00e4liohjeiden mukaisesti.<\/p>\n<p><strong>Tiivisteen vaihto:<\/strong>\u00a0 Jos tiivisteiden havaitaan heikkenev\u00e4n tai vuotavan, vaihda tiivisteet valmistajan hyv\u00e4ksymiin aitoihin varaosiin. Vaurioituneet tai kuluneet tiivisteet voivat heikent\u00e4\u00e4 sylinterin suorituskyky\u00e4 ja johtaa hydrauli\u00f6ljyvuotoon.<\/p>\n<p><strong>Puhdistus:<\/strong>\u00a0 Puhdista sylinterit poistamalla lika, roskat ja muut ep\u00e4puhtaudet. K\u00e4yt\u00e4 ennen kokoamista hankaamatonta puhdistusainetta ja varmista, ett\u00e4 kaikki osat ovat kuivia. S\u00e4\u00e4nn\u00f6llinen puhdistus edist\u00e4\u00e4 optimaalista suorituskyky\u00e4 ja ehk\u00e4isee ennenaikaista kulumista tai vaurioita.<\/p>\n<h2><strong>Kuinka tarkistaa, vuotaako hydraulisylinteri sis\u00e4isesti?<\/strong><\/h2>\n<p>Voit tarkistaa, vuotaako hydraulisylinteri sis\u00e4isesti, seuraavasti:<\/p>\n<ol>\n<li><strong>Silm\u00e4m\u00e4\u00e4r\u00e4inen tarkastus:<\/strong> Aloita tarkastamalla hydraulisylinterin ulkopinta silm\u00e4m\u00e4\u00e4r\u00e4isesti. Etsi merkkej\u00e4 \u00f6ljyst\u00e4 tai hydraulinesteest\u00e4 sylinterin rungon, m\u00e4nn\u00e4nvarren tai tiivisteiden ymp\u00e4rilt\u00e4. Ulkoiset vuodot voivat viitata my\u00f6s sis\u00e4iseen vuotoon.<\/li>\n<li><strong>Sylinterin toiminta:<\/strong> K\u00e4yt\u00e4 hydraulisylinteri\u00e4 t\u00e4ydell\u00e4 liikeradalla. Kiinnit\u00e4 huomiota kaikkiin ep\u00e4tavallisiin \u00e4\u00e4niin, t\u00e4rin\u00e4\u00e4n tai nykiviin liikkeisiin, jotka voivat viitata sis\u00e4iseen vuotoon. Jos sylinteri toimii sujuvasti ilman ep\u00e4tavallista k\u00e4ytt\u00e4ytymist\u00e4, se ei v\u00e4ltt\u00e4m\u00e4tt\u00e4 sulje pois sis\u00e4ist\u00e4 vuotoa, mutta se viittaa siihen, ett\u00e4 ongelma saattaa olla lievempi.<\/li>\n<li><strong>Ulkoinen vuototesti:<\/strong> Pyyhi sylinteri puhtaaksi ja tarkista se silm\u00e4m\u00e4\u00e4r\u00e4isesti tuoreen \u00f6ljyn tai hydraulinesteen varalta tietyn k\u00e4ytt\u00e4m\u00e4tt\u00f6myysjakson j\u00e4lkeen. Jos huomaat uutta \u00f6ljy\u00e4 tai nestett\u00e4 sylinterin ulkopuolella, se voi viitata sis\u00e4iseen vuotoon.<\/li>\n<li><strong>Paineh\u00e4vi\u00f6testi:<\/strong> Suorita paineh\u00e4vi\u00f6testi tarkistaaksesi sis\u00e4isen vuodon. Noudata seuraavia ohjeita:a. Varmista, ett\u00e4 hydrauliikkaj\u00e4rjestelm\u00e4 on paineeton ja sylinteri on turvallisessa asennossa.b. Irrota hydrauliletkut sylinterist\u00e4 ja sulje aukot varovasti tulppaamalla ne nesteen vuodon est\u00e4miseksi.c. Paineista sylinterin sopivaa porttia k\u00e4sipumpulla tai muulla hydraulisella voimanl\u00e4hteell\u00e4.\n<p>d. Tarkkaile painemittaria. Jos paine laskee merkitt\u00e4v\u00e4sti lyhyess\u00e4 ajassa, se viittaa sylinterin sis\u00e4iseen vuotoon.<\/p>\n<p>e. Toista testi kaksitoimisen sylinterin molemmilla puolilla, jos sellainen on.<\/li>\n<li><strong>Tangon jatkeen testi:<\/strong> Ved\u00e4 sylinterin m\u00e4nt\u00e4\u00e4 osittain tai kokonaan ulos ja tarkista sitten m\u00e4nn\u00e4n paljastunut osa hydraulinesteen varalta. Jos huomaat m\u00e4nn\u00e4n pinnalla \u00f6ljy\u00e4 tai mehua, se voi viitata sis\u00e4iseen vuotoon m\u00e4nn\u00e4n tiivisteiden ohi.<\/li>\n<li><strong>Sylinterin purkaminen:<\/strong> Jos ep\u00e4ilet sis\u00e4ist\u00e4 vuotoa, mutta et ole tunnistanut sit\u00e4 edellisten vaiheiden avulla, sinun on ehk\u00e4 purettava sylinteri yksityiskohtaista tarkastusta varten. Sylinterin purkaminen antaa sinulle mahdollisuuden tutkia m\u00e4nn\u00e4n, tiivisteet ja muut sis\u00e4iset komponentit kulumisen, vaurioiden tai saastumisen merkkien varalta.<\/li>\n<\/ol>\n<h2><strong>Tehtaan kapasiteetti ja kapasiteetti:<\/strong><\/h2>\n<h3>(1) Kokoonpano<\/h3>\n<p>Meill\u00e4 on ensiluokkainen riippumaton tutkimus- ja kehitysty\u00f6n kokoonpanoalusta. Hydraulisylinterien tuotantopajassa on nelj\u00e4 puoliautomaattista nostosylinterin kokoonpanolinjaa ja yksi automaattinen kallistussylinterin kokoonpanolinja, joiden suunniteltu vuotuinen tuotantokapasiteetti on 1 miljoona kappaletta. Erikoissylinterin ty\u00f6paja on varustettu erilaisilla eritelmill\u00e4 puoliautomaattisen puhdistusasennuksen kokoonpanoj\u00e4rjestelm\u00e4ll\u00e4, jonka suunniteltu vuotuinen tuotantokapasiteetti on 200 000, ja se on varustettu kuuluisilla CNC-ty\u00f6st\u00f6laitteilla, ty\u00f6st\u00f6keskuksella, korkean tarkkuuden sylinterin k\u00e4sittelyyn tarkoitetuilla erityislaitteilla, robottihitsauskoneella, automaattisella puhdistuslaitteella, automaattisella sylinterin kokoonpanokoneella ja automaattisella maalaustuotantolinjalla. Olemassa olevat kriittiset laitteet yli 300 sarjaa (sarjaa). Laiteresurssien optimaalinen kohdentaminen ja tehokas k\u00e4ytt\u00f6 varmistavat tuotteiden tarkkuusvaatimukset ja t\u00e4ytt\u00e4v\u00e4t tuotteiden laatuvaatimukset.<\/p>\n<p><img loading=\"lazy\" decoding=\"async\" class=\"alignnone wp-image-626\" src=\"https:\/\/hydraulic-cylinders.net\/wp-content\/uploads\/2023\/08\/hydraulic-cylinder-product-1-300x158.webp\" alt=\"\" width=\"495\" height=\"260\" srcset=\"https:\/\/hydraulic-cylinders.net\/wp-content\/uploads\/2023\/08\/hydraulic-cylinder-product-1-300x158.webp 495w, https:\/\/hydraulic-cylinders.net\/wp-content\/uploads\/2023\/08\/hydraulic-cylinder-product-1-480x252.webp 480w\" sizes=\"(min-width: 0px) and (max-width: 480px) 480px, (min-width: 481px) 495px, 100vw\" \/> <img loading=\"lazy\" decoding=\"async\" class=\"alignnone wp-image-627\" src=\"https:\/\/hydraulic-cylinders.net\/wp-content\/uploads\/2023\/08\/hydraulic-cylinder-product-2-300x189.webp\" alt=\"\" width=\"413\" height=\"260\" \/><\/p>\n<h3>(2) Koneistus<\/h3>\n<p>Ty\u00f6st\u00f6paja on varustettu r\u00e4\u00e4t\u00e4l\u00f6idyll\u00e4 kaltevalla kiskosorvauskeskuksella, ty\u00f6st\u00f6keskuksella, suurnopeus-hiontakoneella, hitsausrobotilla ja muilla vastaavilla laitteilla, joilla voidaan k\u00e4sitell\u00e4 sylinteriputkia, joiden sis\u00e4halkaisija on enint\u00e4\u00e4n 400 mm ja enimm\u00e4ispituus on 6 metri\u00e4.<\/p>\n<p><img loading=\"lazy\" decoding=\"async\" class=\"alignnone wp-image-628 size-large\" src=\"https:\/\/hydraulic-cylinders.net\/wp-content\/uploads\/2023\/08\/hydraulic-cylinder-product-3-1024x391.webp\" alt=\"\" width=\"1024\" height=\"391\" srcset=\"https:\/\/hydraulic-cylinders.net\/wp-content\/uploads\/2023\/08\/hydraulic-cylinder-product-3-980x374.webp 980w, https:\/\/hydraulic-cylinders.net\/wp-content\/uploads\/2023\/08\/hydraulic-cylinder-product-3-480x183.webp 480w\" sizes=\"(min-width: 0px) and (max-width: 480px) 480px, (min-width: 481px) and (max-width: 980px) 980px, (min-width: 981px) 1024px, 100vw\" \/><\/p>\n<h3>(3) Hitsaus<\/h3>\n<p><img loading=\"lazy\" decoding=\"async\" class=\"alignnone wp-image-629 size-large\" src=\"https:\/\/hydraulic-cylinders.net\/wp-content\/uploads\/2023\/08\/hydraulic-cylinder-product-4-1024x510.webp\" alt=\"\" width=\"1024\" height=\"510\" srcset=\"https:\/\/hydraulic-cylinders.net\/wp-content\/uploads\/2023\/08\/hydraulic-cylinder-product-4-980x488.webp 980w, https:\/\/hydraulic-cylinders.net\/wp-content\/uploads\/2023\/08\/hydraulic-cylinder-product-4-480x239.webp 480w\" sizes=\"(min-width: 0px) and (max-width: 480px) 480px, (min-width: 481px) and (max-width: 980px) 980px, (min-width: 981px) 1024px, 100vw\" \/><\/p>\n<h3>(4) Maalaus ja pinnoitus<\/h3>\n<p>Pienill\u00e4 ja keskisuurilla sylinterin automaattisilla vesipohjaisilla maalipinnoituslinjoilla automaattisen robotin lastaus- ja purku- ja automaattisen ruiskutuksen saavuttamiseksi, suunnittelukapasiteetti on 4000 kappaletta vuorossa;<br \/>\nMeill\u00e4 on my\u00f6s puoliautomaattinen maalauslinja suurille sylintereille, joka toimii voimaketjulla ja jonka suunnittelukapasiteetti on 60 laatikkoa ty\u00f6vuorossa.<\/p>\n<p><img loading=\"lazy\" decoding=\"async\" class=\"alignnone wp-image-630\" src=\"https:\/\/hydraulic-cylinders.net\/wp-content\/uploads\/2023\/08\/hydraulic-cylinder-product-5-300x213.webp\" alt=\"\" width=\"366\" height=\"260\" \/> <img loading=\"lazy\" decoding=\"async\" class=\"alignnone wp-image-631\" src=\"https:\/\/hydraulic-cylinders.net\/wp-content\/uploads\/2023\/08\/hydraulic-cylinder-product-6-300x225.webp\" alt=\"\" width=\"347\" height=\"260\" \/><\/p>\n<h3>(5) Testaus<\/h3>\n<p>Meill\u00e4 on ensiluokkaiset tarkastustilat ja testialustat, joilla varmistetaan, ett\u00e4 sylinterin suorituskyky t\u00e4ytt\u00e4\u00e4 vaatimukset.<\/p>\n<p><img loading=\"lazy\" decoding=\"async\" class=\"alignnone wp-image-632\" src=\"https:\/\/hydraulic-cylinders.net\/wp-content\/uploads\/2023\/08\/hydraulic-cylinder-product-8-300x200.webp\" alt=\"\" width=\"389\" height=\"260\" \/><\/p>\n<p>&nbsp;<\/p>\n<p>&nbsp;<\/p>\n<p>Olemme yksi parhaista raskaiden hydraulisylinterien valmistajista. Voimme tarjota laajan raskaan tangon hydraulisen sylinterin varaston. Tarjoamme my\u00f6s vastaavan <a href=\"https:\/\/hzpt.com\/agricultural-pto-gearbox\/\" target=\"_blank\" rel=\"noopener\">maatalousvaihteistot<\/a>. Olemme vieneet tuotteitamme asiakkaillemme ymp\u00e4ri maailmaa ja ansainneet hyv\u00e4n maineen ylivoimaisen tuotteidemme laadun ja myynnin j\u00e4lkeisen palvelun ansiosta. Toivotamme l\u00e4mpim\u00e4sti tervetulleeksi asiakkaat sek\u00e4 kotimaassa ett\u00e4 ulkomailla ottamaan yhteytt\u00e4 meihin neuvottelemaan liiketoiminnasta, vaihtamaan tietoja ja\u00a0<a href=\"https:\/\/www.hydraulic-cylinders.net\/fi\/contact-us\/\">tehd\u00e4 yhteisty\u00f6t\u00e4 kanssamme<\/a>!<\/p>\n<p>&nbsp;<\/p>\n<h2><\/h2>","protected":false},"excerpt":{"rendered":"<p>CA Monaural Type Heavy Rod Hydraulic Cylinder The CA monaural type heavy rod hydraulic cylinder is a high-performance hydraulic element designed to meet the stringent requirements of heavy-duty industrial applications. With its rugged construction, impressive force output, and reliable operation, this hydraulic cylinder offers exceptional power and durability. Whether lifting, pushing, or pulling, CA monaural [&hellip;]<\/p>","protected":false},"featured_media":927,"comment_status":"open","ping_status":"closed","template":"","meta":{"_et_pb_use_builder":"","_et_pb_old_content":"","_et_gb_content_width":""},"product_brand":[],"product_cat":[1376,1385],"product_tag":[1380],"class_list":{"0":"post-922","1":"product","2":"type-product","3":"status-publish","4":"has-post-thumbnail","6":"product_cat-hydraulic-cylinder","7":"product_cat-heavy-rod-hydraulic-cylinder","8":"product_tag-hydraulic-cylinder","10":"first","11":"instock","12":"shipping-taxable","13":"product-type-simple"},"amp_enabled":true,"_links":{"self":[{"href":"https:\/\/www.hydraulic-cylinders.net\/fi\/wp-json\/wp\/v2\/product\/922","targetHints":{"allow":["GET"]}}],"collection":[{"href":"https:\/\/www.hydraulic-cylinders.net\/fi\/wp-json\/wp\/v2\/product"}],"about":[{"href":"https:\/\/www.hydraulic-cylinders.net\/fi\/wp-json\/wp\/v2\/types\/product"}],"replies":[{"embeddable":true,"href":"https:\/\/www.hydraulic-cylinders.net\/fi\/wp-json\/wp\/v2\/comments?post=922"}],"wp:featuredmedia":[{"embeddable":true,"href":"https:\/\/www.hydraulic-cylinders.net\/fi\/wp-json\/wp\/v2\/media\/927"}],"wp:attachment":[{"href":"https:\/\/www.hydraulic-cylinders.net\/fi\/wp-json\/wp\/v2\/media?parent=922"}],"wp:term":[{"taxonomy":"product_brand","embeddable":true,"href":"https:\/\/www.hydraulic-cylinders.net\/fi\/wp-json\/wp\/v2\/product_brand?post=922"},{"taxonomy":"product_cat","embeddable":true,"href":"https:\/\/www.hydraulic-cylinders.net\/fi\/wp-json\/wp\/v2\/product_cat?post=922"},{"taxonomy":"product_tag","embeddable":true,"href":"https:\/\/www.hydraulic-cylinders.net\/fi\/wp-json\/wp\/v2\/product_tag?post=922"}],"curies":[{"name":"wp","href":"https:\/\/api.w.org\/{rel}","templated":true}]}}