{"id":937,"date":"2023-09-04T05:59:10","date_gmt":"2023-09-04T05:59:10","guid":{"rendered":"https:\/\/hydraulic-cylinders.net\/?post_type=product&#038;p=937"},"modified":"2023-09-19T01:25:09","modified_gmt":"2023-09-19T01:25:09","slug":"ca-monaural-type-y-connector-heavy-rod-hydraulic-cylinder","status":"publish","type":"product","link":"https:\/\/www.hydraulic-cylinders.net\/fi\/tuote\/ca-monaural-type-y-connector-heavy-rod-hydraulic-cylinder\/","title":{"rendered":"CA moni\u00e4\u00e4ninen Y-tyypin liitin Raskaan sauvan hydraulinen sylinteri"},"content":{"rendered":"<h1 style=\"text-align: center;\"><strong>CA moni\u00e4\u00e4ninen Y-tyypin liitin Raskaan sauvan hydraulinen sylinteri<\/strong><\/h1>\n<p>CA monauraalinen tyyppi Y-liitin Raskaan tangon hydraulisylinterit ovat v\u00e4ltt\u00e4m\u00e4tt\u00f6mi\u00e4 erilaisissa teollisuussovelluksissa. T\u00e4m\u00e4 hydraulisylinteri tarjoaa luotettavan ja tarkan suorituskyvyn vankan rakenteensa, monipuolisen Y-liittimen rakenteensa ja raskaan k\u00e4yt\u00f6n toimintojensa ansiosta. Olipa kyseess\u00e4 sitten raskaan kuorman nostaminen, ty\u00f6nt\u00e4minen tai vet\u00e4minen, CA-monitoiminen Y-liit\u00e4nt\u00e4tyyppinen Y-liit\u00e4nt\u00e4tyyppinen raskaan tangon hydraulisylinteri tarjoaa parhaan mahdollisen tehon ja tehokkuuden.<\/p>\n<p>Raskaan sauvan hydraulisen sylinterin olennaiset ominaisuudet:<\/p>\n<p><strong>Vankka rakenne:<\/strong> T\u00e4ss\u00e4 hydraulisylinteriss\u00e4 on kest\u00e4v\u00e4 rakenne, jossa on k\u00e4ytetty korkealaatuisia materiaaleja, mik\u00e4 takaa kest\u00e4vyyden ja pitk\u00e4ik\u00e4isyyden. Sen vankan rakenteen ansiosta se kest\u00e4\u00e4 raskaita kuormia, korkeita paineita ja kovia k\u00e4ytt\u00f6olosuhteita, joten se soveltuu erinomaisesti vaativiin teollisuusymp\u00e4rist\u00f6ihin.<\/p>\n<p><strong>Monauraalinen tyyppi Y-liitin:<\/strong> Monauraalinen Y-tyypin liitin takaa paremman vakauden ja hallitun liikkeen. Y-liit\u00e4nt\u00e4kokoonpanon ansiosta sylinteri tarjoaa tarkan asemoinnin ja tasaisen toiminnan, mik\u00e4 minimoi v\u00e4\u00e4r\u00e4n suuntauksen tai taipumisen riskin k\u00e4yt\u00f6n aikana.<\/p>\n<p><strong>Raskas sauva:<\/strong>\u00a0 CA:n yksiaukkoisen Y-liit\u00e4nt\u00e4tyyppisen hydraulisylinterin raskas tankorakenne mahdollistaa suuren voimantuottom\u00e4\u00e4r\u00e4n tuottamisen. T\u00e4m\u00e4n ominaisuuden ansiosta se soveltuu sovelluksiin, jotka edellytt\u00e4v\u00e4t raskaiden kuormien nostamista, ty\u00f6nt\u00e4mist\u00e4 tai vet\u00e4mist\u00e4 nopeasti ja tarkasti.<\/p>\n<p><img loading=\"lazy\" decoding=\"async\" class=\"size-full wp-image-940 aligncenter\" src=\"https:\/\/hydraulic-cylinders.net\/wp-content\/uploads\/2023\/09\/ca-monaural-type-y-connector-heavy-rod-hydraulic-cylinder-2.webp\" alt=\"\" width=\"295\" height=\"295\" srcset=\"https:\/\/www.hydraulic-cylinders.net\/wp-content\/uploads\/2023\/09\/ca-monaural-type-y-connector-heavy-rod-hydraulic-cylinder-2.webp 295w, https:\/\/www.hydraulic-cylinders.net\/wp-content\/uploads\/2023\/09\/ca-monaural-type-y-connector-heavy-rod-hydraulic-cylinder-2-100x100.webp 100w, https:\/\/www.hydraulic-cylinders.net\/wp-content\/uploads\/2023\/09\/ca-monaural-type-y-connector-heavy-rod-hydraulic-cylinder-2-150x150.webp 150w, https:\/\/www.hydraulic-cylinders.net\/wp-content\/uploads\/2023\/09\/ca-monaural-type-y-connector-heavy-rod-hydraulic-cylinder-2-12x12.webp 12w\" sizes=\"(max-width: 295px) 100vw, 295px\" \/><\/p>\n<h2><strong>CA Monauraalinen tyyppi Y-liitin Raskaan sauvan hydraulinen sylinteri Parametri:<\/strong><\/h2>\n<p><img loading=\"lazy\" decoding=\"async\" class=\"alignnone wp-image-941 size-full\" src=\"https:\/\/hydraulic-cylinders.net\/wp-content\/uploads\/2023\/09\/ca-monaural-type-y-connector-heavy-rod-hydraulic-cylinder-1.webp\" alt=\"\" width=\"790\" height=\"437\" srcset=\"https:\/\/hydraulic-cylinders.net\/wp-content\/uploads\/2023\/09\/ca-monaural-type-y-connector-heavy-rod-hydraulic-cylinder-1.webp 790w, https:\/\/hydraulic-cylinders.net\/wp-content\/uploads\/2023\/09\/ca-monaural-type-y-connector-heavy-rod-hydraulic-cylinder-1-480x266.webp 480w\" sizes=\"(min-width: 0px) and (max-width: 480px) 480px, (min-width: 481px) 790px, 100vw\" \/><\/p>\n<h2><strong>CA Monaural Type Y -liittimen k\u00e4ytt\u00f6menetelm\u00e4 Raskaan sauvan hydraulinen sylinteri<\/strong><strong>:<\/strong><\/h2>\n<p><strong>Asennus:<\/strong> Aloita kiinnitt\u00e4m\u00e4ll\u00e4 CA Monaural Type Y Connector Heavy Rod Hydraulic Cylinder tukevasti k\u00e4ytt\u00e4en sopivia kiinnikkeit\u00e4 tai kiinnikkeit\u00e4. Varmista oikea kohdistus ja vakaus asennuksen aikana, jotta sylinteriin ei kohdistuisi virheit\u00e4 eik\u00e4 siihen kohdistuisi liiallista rasitusta.<\/p>\n<p><strong>Hydraulij\u00e4rjestelm\u00e4n integrointi:<\/strong> Kytke hydraulijohdot sylinterin Y-liittimeen valmistajan ohjeiden ja ohjeiden mukaisesti. Liit\u00e4 sylinteri hydraulij\u00e4rjestelm\u00e4\u00e4n liitt\u00e4m\u00e4ll\u00e4 se sopivaan pumppuun tai voimanl\u00e4hteeseen. Varmista yhteensopivuus sylinterin eritelmien ja k\u00e4ytt\u00f6vaatimusten kanssa.<\/p>\n<p><strong>Ohjaus ja toiminta:<\/strong> Hy\u00f6dynn\u00e4 hydraulij\u00e4rjestelm\u00e4n s\u00e4\u00e4t\u00f6venttiilej\u00e4 hydraulinesteen virtauksen s\u00e4\u00e4t\u00e4miseksi sylinteriin ja sylinterist\u00e4 ulos. S\u00e4\u00e4d\u00e4 s\u00e4\u00e4t\u00f6asetuksia halutun lineaarisen liikkeen ja voimantuoton saavuttamiseksi. Testaa sylinterin liike sen toimivuuden ja reagointikyvyn varmistamiseksi.<\/p>\n<h2><strong>CA:n moni\u00e4\u00e4nisen Y-tyypin liittimen huolto Raskas sauva hydraulisylinteri<\/strong><strong>:<\/strong><\/h2>\n<p>S\u00e4\u00e4nn\u00f6llinen kunnossapito on v\u00e4ltt\u00e4m\u00e4t\u00f6nt\u00e4, jotta CA:n yksiaukkoisen Y-liittimen tyyppisen raskaan tankohydraulisylinterin optimaalinen suorituskyky ja pitk\u00e4ik\u00e4isyys voidaan varmistaa. Noudata n\u00e4it\u00e4 huolto-ohjeita:<\/p>\n<p><strong>S\u00e4\u00e4nn\u00f6llinen tarkastus:<\/strong>\u00a0 Suorita rutiinitarkastukset kulumisen, vaurioiden tai vuotojen merkkien tunnistamiseksi. Tarkista sylinterilohkojen, vetotankojen, tiivisteiden ja muiden osien poikkeavuudet. Ratkaise mahdolliset ongelmat nopeasti uusien loukkaantumisten tai toiminnan tehottomuuden est\u00e4miseksi.<\/p>\n<p><strong>Voitelu:<\/strong>\u00a0 Levit\u00e4 suositeltua voiteluainetta sylinterin liikkuviin osiin, mukaan lukien vetotangot ja tiivisteet. S\u00e4\u00e4nn\u00f6llinen voitelu minimoi kitkaa, v\u00e4hent\u00e4\u00e4 kulumista ja varmistaa tasaisen toiminnan. K\u00e4yt\u00e4 sopivaa voiteluainetyyppi\u00e4 valmistajan voiteluv\u00e4liohjeiden mukaisesti.<\/p>\n<p><strong>Tiivisteen vaihto:<\/strong>\u00a0 Jos tiivisteiden havaitaan heikkenev\u00e4n tai vuotavan, vaihda tiivisteet valmistajan hyv\u00e4ksymiin aitoihin varaosiin. Vaurioituneet tai kuluneet tiivisteet voivat heikent\u00e4\u00e4 sylinterin suorituskyky\u00e4 ja johtaa hydrauli\u00f6ljyvuotoon.<\/p>\n<p><strong>Puhdistus:<\/strong>\u00a0 Puhdista sylinterit poistamalla lika, roskat ja muut ep\u00e4puhtaudet. K\u00e4yt\u00e4 ennen kokoamista hankaamatonta puhdistusainetta ja varmista, ett\u00e4 kaikki osat ovat kuivia. S\u00e4\u00e4nn\u00f6llinen puhdistus edist\u00e4\u00e4 optimaalista suorituskyky\u00e4 ja ehk\u00e4isee ennenaikaista kulumista tai vaurioita.<\/p>\n<h2><strong>Miten mitoitat hydraulisen sylinterin\uff1f<\/strong><\/h2>\n<p>Hydraulisylinterin mitoittaminen edellytt\u00e4\u00e4 sylinterin asianmukaisten eritelmien ja mittojen m\u00e4\u00e4ritt\u00e4mist\u00e4, jotta varmistetaan, ett\u00e4 se pystyy suorittamaan halutun teht\u00e4v\u00e4n tehokkaasti. Seuraavassa on lueteltu hydraulisylinterin mitoittamiseen liittyv\u00e4t yleiset vaiheet:<\/p>\n<ol>\n<li><strong>M\u00e4\u00e4rit\u00e4 tarvittava voima:<\/strong> Aloita laskemalla voima, joka tarvitaan aiotun teht\u00e4v\u00e4n siirt\u00e4miseen tai suorittamiseen. Ota huomioon sellaiset tekij\u00e4t kuin kuorman paino, tarvittava kiihtyvyys tai nopeus ja j\u00e4rjestelm\u00e4\u00e4n vaikuttavat lis\u00e4voimat. T\u00e4m\u00e4 voimavaatimus auttaa m\u00e4\u00e4ritt\u00e4m\u00e4\u00e4n hydraulisylinterin v\u00e4himm\u00e4isvoimakapasiteetin.<\/li>\n<li><strong>Arvioi k\u00e4ytt\u00f6paine:<\/strong> M\u00e4\u00e4rit\u00e4 sen hydraulij\u00e4rjestelm\u00e4n suurin k\u00e4ytt\u00f6paine, jossa sylinteri toimii. Ty\u00f6paineen on oltava riitt\u00e4v\u00e4 edellisess\u00e4 vaiheessa lasketun tarvittavan voiman tuottamiseen. Varmista, ett\u00e4 hydraulij\u00e4rjestelm\u00e4, mukaan lukien pumppu, venttiilit ja letkut, kest\u00e4\u00e4 ennakoidun paineen.<\/li>\n<li><strong>Laske sylinterin porauskoko:<\/strong> Sylinterin reik\u00e4koko on ratkaiseva tekij\u00e4 sen voimakapasiteetin m\u00e4\u00e4ritt\u00e4misess\u00e4. K\u00e4yt\u00e4 kaavaa: Voima (F) = Paine (P) x Pinta-ala (A), jossa voima on kiloina tai newtonseina, paine on puntina neli\u00f6tuumaa kohti (psi) tai Pascalina (Pa) ja pinta-ala on neli\u00f6tuumoina tai neli\u00f6metrein\u00e4. J\u00e4rjest\u00e4 kaava uudelleen tarvittavan sylinterin l\u00e4pimitan laskemiseksi: (Voima \/ (Paine x \u03c0)).<\/li>\n<li><strong>Huomioi iskun pituus:<\/strong> M\u00e4\u00e4rit\u00e4 tarvittava iskunpituus eli suurin matka, jonka sylinterin on ulotuttava tai vedett\u00e4v\u00e4 sis\u00e4\u00e4n t\u00e4ytt\u00e4\u00e4kseen aiotun teht\u00e4v\u00e4ns\u00e4. Varmista, ett\u00e4 valitun sylinterin iskunpituus vastaa haluttua liikett\u00e4.<\/li>\n<li><strong>Ota huomioon turvallisuustekij\u00e4t:<\/strong> Harkitse varmuuskertoimen lis\u00e4\u00e4mist\u00e4 laskettuun voimavaatimukseen, jotta sylinteri kest\u00e4\u00e4 odottamattomat kuormitukset tai k\u00e4ytt\u00f6olosuhteiden vaihtelut. Tavallinen varmuuskerroin on 1,5-2 kertaa arvioitu voima.<\/li>\n<li><strong>Tarkista nopeus ja nesteen virtaus:<\/strong> Ota huomioon sylinterin liikkeen haluttu nopeus ja varmista, ett\u00e4 hydraulij\u00e4rjestelm\u00e4 pystyy tuottamaan tarvittavan nestevirtauksen kyseisen nopeuden saavuttamiseksi. V\u00e4lt\u00e4 liian suuria nopeuksia, jotka voivat vaarantaa turvallisuuden tai aiheuttaa j\u00e4rjestelm\u00e4n ep\u00e4vakautta.<\/li>\n<li><strong>Tutustu valmistajan tietoihin ja ohjeisiin:<\/strong> Katso valmistajan luettelot, tekniset tiedotteet ja ohjeet tietyist\u00e4 sylinterimalleista. Valmistajat tarjoavat usein mitoitustaulukoita, suorituskykytietoja ja valintaohjeita, jotka auttavat valitsemaan sovellukseen sopivan sylinterin.<\/li>\n<\/ol>\n<h2><strong>Tehtaan kapasiteetti ja kapasiteetti:<\/strong><\/h2>\n<h3>(1) Kokoonpano<\/h3>\n<p>Meill\u00e4 on ensiluokkainen riippumaton tutkimus- ja kehitysty\u00f6n kokoonpanoalusta. Hydraulisylinterien tuotantopajassa on nelj\u00e4 puoliautomaattista nostosylinterin kokoonpanolinjaa ja yksi automaattinen kallistussylinterin kokoonpanolinja, joiden suunniteltu vuotuinen tuotantokapasiteetti on 1 miljoona kappaletta. Erikoissylinterin ty\u00f6paja on varustettu erilaisilla eritelmill\u00e4 puoliautomaattisen puhdistusasennuksen kokoonpanoj\u00e4rjestelm\u00e4ll\u00e4, jonka suunniteltu vuotuinen tuotantokapasiteetti on 200 000, ja se on varustettu kuuluisilla CNC-ty\u00f6st\u00f6laitteilla, ty\u00f6st\u00f6keskuksella, korkean tarkkuuden sylinterin k\u00e4sittelyyn tarkoitetuilla erityislaitteilla, robottihitsauskoneella, automaattisella puhdistuslaitteella, automaattisella sylinterin kokoonpanokoneella ja automaattisella maalaustuotantolinjalla. Olemassa olevat kriittiset laitteet yli 300 sarjaa (sarjaa). Laiteresurssien optimaalinen kohdentaminen ja tehokas k\u00e4ytt\u00f6 varmistavat tuotteiden tarkkuusvaatimukset ja t\u00e4ytt\u00e4v\u00e4t tuotteiden laatuvaatimukset.<\/p>\n<p><img loading=\"lazy\" decoding=\"async\" class=\"alignnone wp-image-626\" src=\"https:\/\/hydraulic-cylinders.net\/wp-content\/uploads\/2023\/08\/hydraulic-cylinder-product-1-300x158.webp\" alt=\"\" width=\"495\" height=\"260\" srcset=\"https:\/\/hydraulic-cylinders.net\/wp-content\/uploads\/2023\/08\/hydraulic-cylinder-product-1-300x158.webp 495w, https:\/\/hydraulic-cylinders.net\/wp-content\/uploads\/2023\/08\/hydraulic-cylinder-product-1-480x252.webp 480w\" sizes=\"(min-width: 0px) and (max-width: 480px) 480px, (min-width: 481px) 495px, 100vw\" \/> <img loading=\"lazy\" decoding=\"async\" class=\"alignnone wp-image-627\" src=\"https:\/\/hydraulic-cylinders.net\/wp-content\/uploads\/2023\/08\/hydraulic-cylinder-product-2-300x189.webp\" alt=\"\" width=\"413\" height=\"260\" \/><\/p>\n<h3>(2) Koneistus<\/h3>\n<p>Ty\u00f6st\u00f6paja on varustettu r\u00e4\u00e4t\u00e4l\u00f6idyll\u00e4 kaltevalla kiskosorvauskeskuksella, ty\u00f6st\u00f6keskuksella, suurnopeus-hiontakoneella, hitsausrobotilla ja muilla vastaavilla laitteilla, joilla voidaan k\u00e4sitell\u00e4 sylinteriputkia, joiden sis\u00e4halkaisija on enint\u00e4\u00e4n 400 mm ja enimm\u00e4ispituus on 6 metri\u00e4.<\/p>\n<p><img loading=\"lazy\" decoding=\"async\" class=\"alignnone wp-image-628 size-large\" src=\"https:\/\/hydraulic-cylinders.net\/wp-content\/uploads\/2023\/08\/hydraulic-cylinder-product-3-1024x391.webp\" alt=\"\" width=\"1024\" height=\"391\" srcset=\"https:\/\/hydraulic-cylinders.net\/wp-content\/uploads\/2023\/08\/hydraulic-cylinder-product-3-980x374.webp 980w, https:\/\/hydraulic-cylinders.net\/wp-content\/uploads\/2023\/08\/hydraulic-cylinder-product-3-480x183.webp 480w\" sizes=\"(min-width: 0px) and (max-width: 480px) 480px, (min-width: 481px) and (max-width: 980px) 980px, (min-width: 981px) 1024px, 100vw\" \/><\/p>\n<h3>(3) Hitsaus<\/h3>\n<p><img loading=\"lazy\" decoding=\"async\" class=\"alignnone wp-image-629 size-large\" src=\"https:\/\/hydraulic-cylinders.net\/wp-content\/uploads\/2023\/08\/hydraulic-cylinder-product-4-1024x510.webp\" alt=\"\" width=\"1024\" height=\"510\" srcset=\"https:\/\/hydraulic-cylinders.net\/wp-content\/uploads\/2023\/08\/hydraulic-cylinder-product-4-980x488.webp 980w, https:\/\/hydraulic-cylinders.net\/wp-content\/uploads\/2023\/08\/hydraulic-cylinder-product-4-480x239.webp 480w\" sizes=\"(min-width: 0px) and (max-width: 480px) 480px, (min-width: 481px) and (max-width: 980px) 980px, (min-width: 981px) 1024px, 100vw\" \/><\/p>\n<h3>(4) Maalaus ja pinnoitus<\/h3>\n<p>Pienill\u00e4 ja keskisuurilla sylinterin automaattisilla vesipohjaisilla maalipinnoituslinjoilla automaattisen robotin lastaus- ja purku- ja automaattisen ruiskutuksen saavuttamiseksi, suunnittelukapasiteetti on 4000 kappaletta vuorossa;<br \/>\nMeill\u00e4 on my\u00f6s puoliautomaattinen maalauslinja suurille sylintereille, joka toimii voimaketjulla ja jonka suunnittelukapasiteetti on 60 laatikkoa ty\u00f6vuorossa.<\/p>\n<p><img loading=\"lazy\" decoding=\"async\" class=\"alignnone wp-image-630\" src=\"https:\/\/hydraulic-cylinders.net\/wp-content\/uploads\/2023\/08\/hydraulic-cylinder-product-5-300x213.webp\" alt=\"\" width=\"366\" height=\"260\" \/> <img loading=\"lazy\" decoding=\"async\" class=\"alignnone wp-image-631\" src=\"https:\/\/hydraulic-cylinders.net\/wp-content\/uploads\/2023\/08\/hydraulic-cylinder-product-6-300x225.webp\" alt=\"\" width=\"347\" height=\"260\" \/><\/p>\n<h3>(5) Testaus<\/h3>\n<p>Meill\u00e4 on ensiluokkaiset tarkastustilat ja testialustat, joilla varmistetaan, ett\u00e4 sylinterin suorituskyky t\u00e4ytt\u00e4\u00e4 vaatimukset.<\/p>\n<p><img loading=\"lazy\" decoding=\"async\" class=\"alignnone wp-image-632\" src=\"https:\/\/hydraulic-cylinders.net\/wp-content\/uploads\/2023\/08\/hydraulic-cylinder-product-8-300x200.webp\" alt=\"\" width=\"389\" height=\"260\" \/><\/p>\n<p>&nbsp;<\/p>\n<p>&nbsp;<\/p>\n<p>Olemme yksi parhaista raskaiden hydraulisylinterien valmistajista. Voimme tarjota laajan raskaan tangon hydraulisen sylinterin varaston. Tarjoamme my\u00f6s vastaavan <a href=\"https:\/\/hzpt.com\/agricultural-pto-gearbox\/\" target=\"_blank\" rel=\"noopener\">maatalousvaihteistot<\/a>. Olemme vieneet tuotteitamme asiakkaillemme ymp\u00e4ri maailmaa ja ansainneet hyv\u00e4n maineen ylivoimaisen tuotteidemme laadun ja myynnin j\u00e4lkeisen palvelun ansiosta. Toivotamme l\u00e4mpim\u00e4sti tervetulleeksi asiakkaat sek\u00e4 kotimaassa ett\u00e4 ulkomailla ottamaan yhteytt\u00e4 meihin neuvottelemaan liiketoiminnasta, vaihtamaan tietoja ja\u00a0<a href=\"https:\/\/www.hydraulic-cylinders.net\/fi\/contact-us\/\">tehd\u00e4 yhteisty\u00f6t\u00e4 kanssamme<\/a>!<\/p>\n<p>&nbsp;<\/p>\n<h2><\/h2>","protected":false},"excerpt":{"rendered":"<p>CA Monaural Type Y Connector Heavy Rod Hydraulic Cylinder CA monaural type Y connector heavy rod hydraulic cylinders are essential for various industrial applications. This hydraulic cylinder delivers reliable and precise performance with its rugged construction, versatile Y-connector design, and heavy-duty functionality. Whether you need to lift, push, or pull a heavy load, the CA [&hellip;]<\/p>","protected":false},"featured_media":942,"comment_status":"open","ping_status":"closed","template":"","meta":{"_et_pb_use_builder":"","_et_pb_old_content":"","_et_gb_content_width":""},"product_brand":[],"product_cat":[1376,1385],"product_tag":[1380],"class_list":{"0":"post-937","1":"product","2":"type-product","3":"status-publish","4":"has-post-thumbnail","6":"product_cat-hydraulic-cylinder","7":"product_cat-heavy-rod-hydraulic-cylinder","8":"product_tag-hydraulic-cylinder","10":"first","11":"instock","12":"shipping-taxable","13":"product-type-simple"},"amp_enabled":true,"_links":{"self":[{"href":"https:\/\/www.hydraulic-cylinders.net\/fi\/wp-json\/wp\/v2\/product\/937","targetHints":{"allow":["GET"]}}],"collection":[{"href":"https:\/\/www.hydraulic-cylinders.net\/fi\/wp-json\/wp\/v2\/product"}],"about":[{"href":"https:\/\/www.hydraulic-cylinders.net\/fi\/wp-json\/wp\/v2\/types\/product"}],"replies":[{"embeddable":true,"href":"https:\/\/www.hydraulic-cylinders.net\/fi\/wp-json\/wp\/v2\/comments?post=937"}],"wp:featuredmedia":[{"embeddable":true,"href":"https:\/\/www.hydraulic-cylinders.net\/fi\/wp-json\/wp\/v2\/media\/942"}],"wp:attachment":[{"href":"https:\/\/www.hydraulic-cylinders.net\/fi\/wp-json\/wp\/v2\/media?parent=937"}],"wp:term":[{"taxonomy":"product_brand","embeddable":true,"href":"https:\/\/www.hydraulic-cylinders.net\/fi\/wp-json\/wp\/v2\/product_brand?post=937"},{"taxonomy":"product_cat","embeddable":true,"href":"https:\/\/www.hydraulic-cylinders.net\/fi\/wp-json\/wp\/v2\/product_cat?post=937"},{"taxonomy":"product_tag","embeddable":true,"href":"https:\/\/www.hydraulic-cylinders.net\/fi\/wp-json\/wp\/v2\/product_tag?post=937"}],"curies":[{"name":"wp","href":"https:\/\/api.w.org\/{rel}","templated":true}]}}