{"id":1003,"date":"2023-09-06T08:58:05","date_gmt":"2023-09-06T08:58:05","guid":{"rendered":"https:\/\/hydraulic-cylinders.net\/?post_type=product&#038;p=1003"},"modified":"2023-09-19T01:36:55","modified_gmt":"2023-09-19T01:36:55","slug":"rear-earring-with-spherical-bearing-four-rod-hydraulic-cylinder","status":"publish","type":"product","link":"https:\/\/www.hydraulic-cylinders.net\/fr\/produit\/rear-earring-with-spherical-bearing-four-rod-hydraulic-cylinder\/","title":{"rendered":"Oreille arri\u00e8re avec roulement sph\u00e9rique V\u00e9rin hydraulique \u00e0 quatre tiges"},"content":{"rendered":"<h1 style=\"text-align: center;\"><strong>Oreille arri\u00e8re avec roulement sph\u00e9rique V\u00e9rin hydraulique \u00e0 quatre tiges<\/strong><\/h1>\n<p><img loading=\"lazy\" decoding=\"async\" class=\"size-full wp-image-1007 aligncenter\" src=\"https:\/\/hydraulic-cylinders.net\/wp-content\/uploads\/2023\/09\/rear-earring-with-spherical-bearing-four-pull-rod-hydraulic-cylinder-1.webp\" alt=\"\" width=\"236\" height=\"236\" srcset=\"https:\/\/www.hydraulic-cylinders.net\/wp-content\/uploads\/2023\/09\/rear-earring-with-spherical-bearing-four-pull-rod-hydraulic-cylinder-1.webp 236w, https:\/\/www.hydraulic-cylinders.net\/wp-content\/uploads\/2023\/09\/rear-earring-with-spherical-bearing-four-pull-rod-hydraulic-cylinder-1-100x100.webp 100w, https:\/\/www.hydraulic-cylinders.net\/wp-content\/uploads\/2023\/09\/rear-earring-with-spherical-bearing-four-pull-rod-hydraulic-cylinder-1-150x150.webp 150w, https:\/\/www.hydraulic-cylinders.net\/wp-content\/uploads\/2023\/09\/rear-earring-with-spherical-bearing-four-pull-rod-hydraulic-cylinder-1-12x12.webp 12w\" sizes=\"(max-width: 236px) 100vw, 236px\" \/><\/p>\n<p>Le v\u00e9rin hydraulique \u00e0 quatre tiges avec attache arri\u00e8re sph\u00e9rique est un \u00e9l\u00e9ment hydraulique innovant con\u00e7u pour offrir des performances et une polyvalence sup\u00e9rieures dans diverses applications industrielles. Gr\u00e2ce \u00e0 sa conception unique d'attache arri\u00e8re, ses roulements sph\u00e9riques et sa configuration \u00e0 quatre tiges, ce v\u00e9rin hydraulique offre une stabilit\u00e9 accrue, un contr\u00f4le pr\u00e9cis et une capacit\u00e9 de charge sup\u00e9rieure.<\/p>\n<p>Caract\u00e9ristiques essentielles du v\u00e9rin hydraulique \u00e0 quatre tiges\u00a0:<\/p>\n<p><strong>Conception de la boucle d'oreille arri\u00e8re :<\/strong><\/p>\n<ol>\n<li style=\"list-style-type: none;\">\n<ul>\n<li>La conception des goujons arri\u00e8re offre une solution d'installation s\u00fbre et stable qui garantit un fonctionnement fiable m\u00eame sous de lourdes charges et dans des conditions extr\u00eames.<\/li>\n<li>Il simplifie l'installation et permet une int\u00e9gration facile dans divers syst\u00e8mes ou \u00e9quipements hydrauliques.<\/li>\n<\/ul>\n<\/li>\n<\/ol>\n<p><strong>Palier sph\u00e9rique :<\/strong><\/p>\n<ol>\n<li style=\"list-style-type: none;\">\n<ul>\n<li>L'int\u00e9gration de roulements sph\u00e9riques am\u00e9liore la flexibilit\u00e9 du v\u00e9rin hydraulique \u00e0 quatre tiges et compense les d\u00e9fauts d'alignement, r\u00e9duisant ainsi les contraintes et l'usure sur les composants du v\u00e9rin.<\/li>\n<li>Le palier sph\u00e9rique permet un mouvement fluide et pr\u00e9cis, m\u00eame en cas de charges angulaires ou excentr\u00e9es.<\/li>\n<\/ul>\n<\/li>\n<\/ol>\n<p><strong>Configuration \u00e0 quatre tiges :<\/strong><\/p>\n<ol>\n<li style=\"list-style-type: none;\">\n<ul>\n<li>La configuration \u00e0 quatre tiges augmente la capacit\u00e9 de charge et la stabilit\u00e9 du cylindre, emp\u00eache la d\u00e9viation et assure un contr\u00f4le pr\u00e9cis du mouvement lin\u00e9aire.<\/li>\n<li>Elle r\u00e9partit uniform\u00e9ment la charge sur la surface de la tige, r\u00e9duisant ainsi le risque d'usure pr\u00e9matur\u00e9e ou de rupture.<\/li>\n<\/ul>\n<\/li>\n<\/ol>\n<p><strong>Haute performance et efficacit\u00e9 :<\/strong><\/p>\n<ul>\n<li style=\"list-style-type: none;\">\n<ul>\n<li>Ce v\u00e9rin hydraulique \u00e0 quatre tiges offre une force de sortie \u00e9lev\u00e9e et un contr\u00f4le pr\u00e9cis, permettant un fonctionnement efficace et performant.<\/li>\n<li>Il permet un positionnement pr\u00e9cis, des temps de cycle rapides et une productivit\u00e9 optimis\u00e9e dans diverses applications industrielles.<\/li>\n<\/ul>\n<\/li>\n<\/ul>\n<h2><strong>Boucle d'oreille arri\u00e8re avec palier sph\u00e9rique, param\u00e8tre du v\u00e9rin hydraulique \u00e0 quatre tiges\u00a0:<\/strong><\/h2>\n<p><img loading=\"lazy\" decoding=\"async\" class=\"alignnone wp-image-1005 size-full\" src=\"https:\/\/hydraulic-cylinders.net\/wp-content\/uploads\/2023\/09\/rear-earring-with-spherical-bearing-four-pull-rod-hydraulic-cylinder.webp\" alt=\"\" width=\"650\" height=\"196\" srcset=\"https:\/\/hydraulic-cylinders.net\/wp-content\/uploads\/2023\/09\/rear-earring-with-spherical-bearing-four-pull-rod-hydraulic-cylinder.webp 650w, https:\/\/hydraulic-cylinders.net\/wp-content\/uploads\/2023\/09\/rear-earring-with-spherical-bearing-four-pull-rod-hydraulic-cylinder-480x145.webp 480w\" sizes=\"(min-width: 0px) and (max-width: 480px) 480px, (min-width: 481px) 650px, 100vw\" \/><\/p>\n<p><img loading=\"lazy\" decoding=\"async\" class=\"alignnone wp-image-1031 size-full\" src=\"https:\/\/hydraulic-cylinders.net\/wp-content\/uploads\/2023\/09\/b-bb-sbd-four-rod-hydraulic-cylinder.webp\" alt=\"\" width=\"650\" height=\"237\" srcset=\"https:\/\/hydraulic-cylinders.net\/wp-content\/uploads\/2023\/09\/b-bb-sbd-four-rod-hydraulic-cylinder.webp 650w, https:\/\/hydraulic-cylinders.net\/wp-content\/uploads\/2023\/09\/b-bb-sbd-four-rod-hydraulic-cylinder-480x175.webp 480w\" sizes=\"(min-width: 0px) and (max-width: 480px) 480px, (min-width: 481px) 650px, 100vw\" \/><\/p>\n<h2><strong>Oreille arri\u00e8re avec roulement sph\u00e9rique V\u00e9rin hydraulique \u00e0 quatre tiges <\/strong><strong>M\u00e9thode d'utilisation<\/strong><strong>:<\/strong><\/h2>\n<p><strong>Montage et installation :<\/strong><\/p>\n<ol>\n<li style=\"list-style-type: none;\">\n<ul>\n<li>Tenez compte de facteurs tels que les exigences de charge et les contraintes d'espace pour d\u00e9terminer l'emplacement d'installation appropri\u00e9 du v\u00e9rin hydraulique \u00e0 quatre tiges au sein du syst\u00e8me ou de l'\u00e9quipement.<\/li>\n<li>Assurez-vous que la surface de montage est propre, plane et capable de supporter le poids du cylindre.<\/li>\n<li>Alignez la boucle d'oreille arri\u00e8re avec la surface de montage et fixez-la fermement \u00e0 l'aide des boulons ou fixations recommand\u00e9s.<\/li>\n<\/ul>\n<\/li>\n<\/ol>\n<p><strong>Connexions hydrauliques :<\/strong><\/p>\n<ol>\n<li style=\"list-style-type: none;\">\n<ul>\n<li>Raccordez les conduites d'alimentation hydraulique aux orifices du v\u00e9rin en veillant \u00e0 une \u00e9tanch\u00e9it\u00e9 correcte afin d'\u00e9viter les fuites.<\/li>\n<li>Suivez les recommandations du fabricant concernant le type d'huile hydraulique et remplissez le syst\u00e8me jusqu'au niveau recommand\u00e9.<\/li>\n<\/ul>\n<\/li>\n<\/ol>\n<p><strong>Op\u00e9ration:<\/strong><\/p>\n<ul>\n<li style=\"list-style-type: none;\">\n<ul>\n<li>Activez le syst\u00e8me hydraulique et contr\u00f4lez le mouvement du cylindre \u00e0 l'aide d'une vanne de commande hydraulique ou d'un autre m\u00e9canisme de commande appropri\u00e9.<\/li>\n<li>Ajustez les param\u00e8tres de d\u00e9bit et de pression pour obtenir la vitesse et la force de sortie souhait\u00e9es.<\/li>\n<li>Surveillez r\u00e9guli\u00e8rement le fonctionnement du v\u00e9rin hydraulique \u00e0 quatre tiges afin de d\u00e9tecter tout signe de comportement anormal, comme des fuites, une surchauffe ou un bruit inhabituel.<\/li>\n<\/ul>\n<\/li>\n<\/ul>\n<h2><strong>Oreille arri\u00e8re avec roulement sph\u00e9rique V\u00e9rin hydraulique \u00e0 quatre tiges <\/strong><strong>Entretien<\/strong><strong>:<\/strong><\/h2>\n<p><strong>Inspection r\u00e9guli\u00e8re :<\/strong><\/p>\n<ol>\n<li style=\"list-style-type: none;\">\n<ul>\n<li>Effectuez des inspections visuelles de routine pour v\u00e9rifier les signes d\u2019usure, de fuite ou de dommage.<\/li>\n<li>Inspectez les surfaces des tiges, les joints et les points de fixation pour d\u00e9tecter toute anomalie et r\u00e9solvez rapidement tout probl\u00e8me.<\/li>\n<\/ul>\n<\/li>\n<\/ol>\n<p><strong>Lubrification:<\/strong><\/p>\n<ol>\n<li style=\"list-style-type: none;\">\n<ul>\n<li>Respectez les consignes du fabricant concernant les intervalles de lubrification et utilisez le lubrifiant recommand\u00e9 pour assurer un bon fonctionnement.<\/li>\n<li>Lubrifiez les tiges, les joints et autres pi\u00e8ces mobiles afin de minimiser la friction et de prolonger la dur\u00e9e de vie du v\u00e9rin hydraulique \u00e0 quatre tiges.<\/li>\n<\/ul>\n<\/li>\n<\/ol>\n<p><strong>Remplacement du joint :<\/strong><\/p>\n<ul>\n<li style=\"list-style-type: none;\">\n<ul>\n<li>Avec le temps, les joints peuvent s'user et n\u00e9cessiter un remplacement. En cas de fuite, retirez soigneusement l'ancien joint et installez le nouveau conform\u00e9ment aux sp\u00e9cifications du fabricant.<\/li>\n<\/ul>\n<\/li>\n<\/ul>\n<h2><strong>Comment retirer les axes d'un v\u00e9rin hydraulique ?<\/strong><\/h2>\n<p>Le retrait des axes de v\u00e9rin hydraulique n\u00e9cessite une manipulation soigneuse afin de garantir la s\u00e9curit\u00e9 et d'\u00e9viter d'endommager le v\u00e9rin ou les composants environnants. Voici un guide g\u00e9n\u00e9ral \u00e9tape par \u00e9tape pour retirer les axes de v\u00e9rin hydraulique\u00a0:<\/p>\n<ol>\n<li><strong>Pr\u00e9parez la zone de travail :<\/strong>\n<ul>\n<li>Assurez-vous d'avoir un espace de travail propre et bien \u00e9clair\u00e9.<\/li>\n<li>Portez un \u00e9quipement de protection individuelle appropri\u00e9, tel que des lunettes de s\u00e9curit\u00e9 et des gants.<\/li>\n<\/ul>\n<\/li>\n<li><strong>Rel\u00e2cher la pression hydraulique :<\/strong>\n<ul>\n<li>Si le v\u00e9rin fait partie d'un syst\u00e8me hydraulique actif, rel\u00e2chez la pression en r\u00e9tractant ou en d\u00e9sactivant le syst\u00e8me. Consultez le manuel de l'\u00e9quipement pour obtenir des instructions sp\u00e9cifiques.<\/li>\n<\/ul>\n<\/li>\n<li><strong>Fixer le cylindre :<\/strong>\n<ul>\n<li>Utilisez un dispositif de levage ou un support appropri\u00e9 pour fixer le cylindre en place, en veillant \u00e0 ce qu'il soit stable et ne bouge pas pendant le processus de retrait de la goupille.<\/li>\n<\/ul>\n<\/li>\n<li><strong>Localisez les \u00e9pingles\u00a0:<\/strong>\n<ul>\n<li>Identifiez les goupilles \u00e0 retirer. Les v\u00e9rins hydrauliques poss\u00e8dent g\u00e9n\u00e9ralement des goupilles \u00e0 chaque extr\u00e9mit\u00e9 qui les relient aux supports de fixation ou \u00e0 d'autres composants.<\/li>\n<\/ul>\n<\/li>\n<li><strong>Retirer les clips de fixation\u00a0:<\/strong>\n<ul>\n<li>Certaines goupilles peuvent \u00eatre fix\u00e9es par des clips de retenue. Utilisez une pince ou un outil appropri\u00e9 pour retirer ces clips, en prenant soin de ne pas les endommager.<\/li>\n<\/ul>\n<\/li>\n<li><strong>Positionner un coup de poing ou une d\u00e9rive :<\/strong>\n<ul>\n<li>Placez un poin\u00e7on ou un chasse-goupille contre l'extr\u00e9mit\u00e9 de la goupille. Assurez-vous que le poin\u00e7on ou le chasse-goupille est de la taille appropri\u00e9e pour s'ins\u00e9rer dans le diam\u00e8tre de la goupille.<\/li>\n<\/ul>\n<\/li>\n<li><strong>Frapper fort ou d\u00e9river :<\/strong>\n<ul>\n<li>\u00c0 l'aide d'un marteau, frappez d\u00e9licatement le poin\u00e7on ou l'outil de chasse pour appliquer une force sur la goupille. Commencez par de l\u00e9gers coups et augmentez progressivement la force jusqu'\u00e0 ce que la goupille commence \u00e0 bouger.<\/li>\n<\/ul>\n<\/li>\n<li><strong>Retirez la goupille :<\/strong>\n<ul>\n<li>Continuez \u00e0 frapper avec le poin\u00e7on ou l'outil de chasse jusqu'\u00e0 ce que la goupille soit compl\u00e8tement extraite. Appliquez une force uniforme pour \u00e9viter de tordre ou d'endommager la goupille.<\/li>\n<\/ul>\n<\/li>\n<li><strong>R\u00e9p\u00e9tez le processus\u00a0:<\/strong>\n<ul>\n<li>S'il y a plusieurs broches \u00e0 retirer, r\u00e9p\u00e9tez les \u00e9tapes 4 \u00e0 8 pour chaque broche jusqu'\u00e0 ce que toutes aient \u00e9t\u00e9 extraites avec succ\u00e8s.<\/li>\n<\/ul>\n<\/li>\n<li><strong>Inspectez les broches\u00a0:<\/strong><\/li>\n<\/ol>\n<ul>\n<li>Une fois les goupilles retir\u00e9es, v\u00e9rifiez qu'elles ne pr\u00e9sentent aucun signe d'usure, de dommage ou de d\u00e9formation. Si n\u00e9cessaire, nettoyez-les ou remplacez-les avant de les r\u00e9installer.<\/li>\n<\/ul>\n<h2><strong>Capacit\u00e9 de l'usine :<\/strong><\/h2>\n<h3>(1) Assemblage<\/h3>\n<p>Nous disposons d'une plateforme d'assemblage ind\u00e9pendante de recherche et d\u00e9veloppement de premier ordre. Notre atelier de production de v\u00e9rins hydrauliques dispose de quatre lignes d'assemblage semi-automatiques de v\u00e9rins de levage et d'une ligne d'assemblage automatique de v\u00e9rins d'inclinaison, pour une capacit\u00e9 de production annuelle pr\u00e9vue d'un million de pi\u00e8ces. L'atelier de v\u00e9rins sp\u00e9ciaux est \u00e9quip\u00e9 d'un syst\u00e8me d'assemblage de nettoyage semi-automatique de diverses sp\u00e9cifications, d'une capacit\u00e9 de production annuelle pr\u00e9vue de 200\u00a0000 pi\u00e8ces et dispose d'\u00e9quipements d'usinage CNC de pointe, d'un centre d'usinage, d'\u00e9quipements sp\u00e9ciaux d'usinage de haute pr\u00e9cision, d'une machine de soudage robotis\u00e9e, d'une machine de nettoyage automatique, d'une machine d'assemblage automatique de v\u00e9rins et d'une ligne de peinture automatique. Nous disposons de plus de 300 \u00e9quipements critiques. L'allocation optimale et l'utilisation efficace des ressources garantissent la pr\u00e9cision et la qualit\u00e9 des produits.<\/p>\n<p><img loading=\"lazy\" decoding=\"async\" class=\"alignnone wp-image-626\" src=\"https:\/\/hydraulic-cylinders.net\/wp-content\/uploads\/2023\/08\/hydraulic-cylinder-product-1-300x158.webp\" alt=\"\" width=\"495\" height=\"260\" srcset=\"https:\/\/hydraulic-cylinders.net\/wp-content\/uploads\/2023\/08\/hydraulic-cylinder-product-1-300x158.webp 495w, https:\/\/hydraulic-cylinders.net\/wp-content\/uploads\/2023\/08\/hydraulic-cylinder-product-1-480x252.webp 480w\" sizes=\"(min-width: 0px) and (max-width: 480px) 480px, (min-width: 481px) 495px, 100vw\" \/> <img loading=\"lazy\" decoding=\"async\" class=\"alignnone wp-image-627\" src=\"https:\/\/hydraulic-cylinders.net\/wp-content\/uploads\/2023\/08\/hydraulic-cylinder-product-2-300x189.webp\" alt=\"\" width=\"413\" height=\"260\" \/><\/p>\n<h3>(2) Usinage<\/h3>\n<p>L'atelier d'usinage est \u00e9quip\u00e9 d'un centre de tournage sur rail inclin\u00e9 personnalis\u00e9, d'un centre d'usinage, d'une machine \u00e0 honer \u00e0 grande vitesse, d'un robot de soudage et d'autres \u00e9quipements connexes, qui peuvent traiter des tubes cylindriques d'un diam\u00e8tre int\u00e9rieur maximal de 400 mm et d'une longueur maximale de 6 m\u00e8tres.<\/p>\n<p><img loading=\"lazy\" decoding=\"async\" class=\"alignnone wp-image-628 size-large\" src=\"https:\/\/hydraulic-cylinders.net\/wp-content\/uploads\/2023\/08\/hydraulic-cylinder-product-3-1024x391.webp\" alt=\"\" width=\"1024\" height=\"391\" srcset=\"https:\/\/hydraulic-cylinders.net\/wp-content\/uploads\/2023\/08\/hydraulic-cylinder-product-3-980x374.webp 980w, https:\/\/hydraulic-cylinders.net\/wp-content\/uploads\/2023\/08\/hydraulic-cylinder-product-3-480x183.webp 480w\" sizes=\"(min-width: 0px) and (max-width: 480px) 480px, (min-width: 481px) and (max-width: 980px) 980px, (min-width: 981px) 1024px, 100vw\" \/><\/p>\n<h3>(3) Soudage<\/h3>\n<p><img loading=\"lazy\" decoding=\"async\" class=\"alignnone wp-image-629 size-large\" src=\"https:\/\/hydraulic-cylinders.net\/wp-content\/uploads\/2023\/08\/hydraulic-cylinder-product-4-1024x510.webp\" alt=\"\" width=\"1024\" height=\"510\" srcset=\"https:\/\/hydraulic-cylinders.net\/wp-content\/uploads\/2023\/08\/hydraulic-cylinder-product-4-980x488.webp 980w, https:\/\/hydraulic-cylinders.net\/wp-content\/uploads\/2023\/08\/hydraulic-cylinder-product-4-480x239.webp 480w\" sizes=\"(min-width: 0px) and (max-width: 480px) 480px, (min-width: 481px) and (max-width: 980px) 980px, (min-width: 981px) 1024px, 100vw\" \/><\/p>\n<h3>(4) Peinture et rev\u00eatement<\/h3>\n<p>Avec des lignes de rev\u00eatement de peinture \u00e0 base d'eau automatiques \u00e0 cylindre de petite et moyenne taille, pour r\u00e9aliser le chargement et le d\u00e9chargement automatiques par robot et la pulv\u00e9risation automatique, la capacit\u00e9 de conception est de 4 000 pi\u00e8ces par \u00e9quipe ;<br \/>\nNous disposons \u00e9galement d'une ligne de production de peinture semi-automatique pour gros cylindres, aliment\u00e9e par une cha\u00eene de traction, d'une capacit\u00e9 de conception de 60 caisses par \u00e9quipe.<\/p>\n<p><img loading=\"lazy\" decoding=\"async\" class=\"alignnone wp-image-630\" src=\"https:\/\/hydraulic-cylinders.net\/wp-content\/uploads\/2023\/08\/hydraulic-cylinder-product-5-300x213.webp\" alt=\"\" width=\"366\" height=\"260\" \/> <img loading=\"lazy\" decoding=\"async\" class=\"alignnone wp-image-631\" src=\"https:\/\/hydraulic-cylinders.net\/wp-content\/uploads\/2023\/08\/hydraulic-cylinder-product-6-300x225.webp\" alt=\"\" width=\"347\" height=\"260\" \/><\/p>\n<h3>(5) Essais<\/h3>\n<p>Nous disposons d'installations d'inspection et de bancs d'essai de premier ordre pour garantir que les performances de la bouteille sont conformes aux exigences.<\/p>\n<p><img loading=\"lazy\" decoding=\"async\" class=\"alignnone wp-image-632\" src=\"https:\/\/hydraulic-cylinders.net\/wp-content\/uploads\/2023\/08\/hydraulic-cylinder-product-8-300x200.webp\" alt=\"\" width=\"389\" height=\"260\" \/><\/p>\n<p>&nbsp;<\/p>\n<p>&nbsp;<\/p>\n<p>Nous sommes l'un des meilleurs fabricants de v\u00e9rins hydrauliques l\u00e9gers \u00e0 quatre tiges. Nous proposons un stock complet de v\u00e9rins hydrauliques l\u00e9gers \u00e0 quatre tiges. Nous fournissons \u00e9galement les v\u00e9rins correspondants. <a href=\"https:\/\/hzpt.com\/agricultural-pto-gearbox\/\" target=\"_blank\" rel=\"noopener\">bo\u00eetes de vitesses agricoles<\/a>. Nous avons export\u00e9 nos produits vers des clients du monde entier et avons acquis une bonne r\u00e9putation gr\u00e2ce \u00e0 la qualit\u00e9 sup\u00e9rieure de nos produits et \u00e0 notre service apr\u00e8s-vente. Nous invitons chaleureusement nos clients, tant nationaux qu'\u00e9trangers, \u00e0 nous contacter pour n\u00e9gocier des affaires, \u00e9changer des informations, et...\u00a0<a href=\"https:\/\/www.hydraulic-cylinders.net\/fr\/contact-us\/\">coop\u00e9rer avec nous<\/a>!<\/p>\n<h2><\/h2>\n<h2><\/h2>","protected":false},"excerpt":{"rendered":"<p>Rear Earring With Spherical Bearing Four Rod Hydraulic Cylinder The rear earring with a spherical bearing four rod hydraulic cylinder is an innovative hydraulic element designed to provide superior performance and versatility in various industrial applications. With its unique rear earring design, spherical bearings, and four rod configuration, this four rod hydraulic cylinder offers enhanced [&hellip;]<\/p>","protected":false},"featured_media":1006,"comment_status":"open","ping_status":"closed","template":"","meta":{"_et_pb_use_builder":"","_et_pb_old_content":"","_et_gb_content_width":""},"product_brand":[],"product_cat":[1376,1386],"product_tag":[1380],"class_list":{"0":"post-1003","1":"product","2":"type-product","3":"status-publish","4":"has-post-thumbnail","6":"product_cat-hydraulic-cylinder","7":"product_cat-four-rod-hydraulic-cylinder","8":"product_tag-hydraulic-cylinder","10":"first","11":"instock","12":"shipping-taxable","13":"product-type-simple"},"amp_enabled":true,"_links":{"self":[{"href":"https:\/\/www.hydraulic-cylinders.net\/fr\/wp-json\/wp\/v2\/product\/1003","targetHints":{"allow":["GET"]}}],"collection":[{"href":"https:\/\/www.hydraulic-cylinders.net\/fr\/wp-json\/wp\/v2\/product"}],"about":[{"href":"https:\/\/www.hydraulic-cylinders.net\/fr\/wp-json\/wp\/v2\/types\/product"}],"replies":[{"embeddable":true,"href":"https:\/\/www.hydraulic-cylinders.net\/fr\/wp-json\/wp\/v2\/comments?post=1003"}],"wp:featuredmedia":[{"embeddable":true,"href":"https:\/\/www.hydraulic-cylinders.net\/fr\/wp-json\/wp\/v2\/media\/1006"}],"wp:attachment":[{"href":"https:\/\/www.hydraulic-cylinders.net\/fr\/wp-json\/wp\/v2\/media?parent=1003"}],"wp:term":[{"taxonomy":"product_brand","embeddable":true,"href":"https:\/\/www.hydraulic-cylinders.net\/fr\/wp-json\/wp\/v2\/product_brand?post=1003"},{"taxonomy":"product_cat","embeddable":true,"href":"https:\/\/www.hydraulic-cylinders.net\/fr\/wp-json\/wp\/v2\/product_cat?post=1003"},{"taxonomy":"product_tag","embeddable":true,"href":"https:\/\/www.hydraulic-cylinders.net\/fr\/wp-json\/wp\/v2\/product_tag?post=1003"}],"curies":[{"name":"wp","href":"https:\/\/api.w.org\/{rel}","templated":true}]}}