{"id":1012,"date":"2023-09-07T02:00:53","date_gmt":"2023-09-07T02:00:53","guid":{"rendered":"https:\/\/hydraulic-cylinders.net\/?post_type=product&#038;p=1012"},"modified":"2023-09-19T01:36:49","modified_gmt":"2023-09-19T01:36:49","slug":"rear-cover-trunnion-four-rod-hydraulic-cylinder","status":"publish","type":"product","link":"https:\/\/www.hydraulic-cylinders.net\/fr\/produit\/rear-cover-trunnion-four-rod-hydraulic-cylinder\/","title":{"rendered":"Couvercle arri\u00e8re Tourillon V\u00e9rin hydraulique \u00e0 quatre tiges"},"content":{"rendered":"<h1 style=\"text-align: center;\"><strong>Couvercle arri\u00e8re Tourillon V\u00e9rin hydraulique \u00e0 quatre tiges<\/strong><\/h1>\n<p><img loading=\"lazy\" decoding=\"async\" class=\"size-full wp-image-1013 aligncenter\" src=\"https:\/\/hydraulic-cylinders.net\/wp-content\/uploads\/2023\/09\/rear-cover-trunnion-four-rod-hydraulic-cylinder-1-1.webp\" alt=\"\" width=\"231\" height=\"231\" srcset=\"https:\/\/www.hydraulic-cylinders.net\/wp-content\/uploads\/2023\/09\/rear-cover-trunnion-four-rod-hydraulic-cylinder-1-1.webp 231w, https:\/\/www.hydraulic-cylinders.net\/wp-content\/uploads\/2023\/09\/rear-cover-trunnion-four-rod-hydraulic-cylinder-1-1-100x100.webp 100w, https:\/\/www.hydraulic-cylinders.net\/wp-content\/uploads\/2023\/09\/rear-cover-trunnion-four-rod-hydraulic-cylinder-1-1-150x150.webp 150w, https:\/\/www.hydraulic-cylinders.net\/wp-content\/uploads\/2023\/09\/rear-cover-trunnion-four-rod-hydraulic-cylinder-1-1-12x12.webp 12w\" sizes=\"(max-width: 231px) 100vw, 231px\" \/><\/p>\n<p>Le v\u00e9rin hydraulique \u00e0 quatre tiges avec tourillon et couvercle arri\u00e8re est un composant de pointe con\u00e7u pour offrir une puissance exceptionnelle, un contr\u00f4le pr\u00e9cis et des performances in\u00e9gal\u00e9es dans diverses applications industrielles. Gr\u00e2ce \u00e0 sa conception innovante avec tourillon et \u00e0 sa configuration \u00e0 quatre tiges, ce v\u00e9rin hydraulique \u00e0 quatre tiges offre une stabilit\u00e9, une durabilit\u00e9 et une capacit\u00e9 de charge accrues, ce qui en fait un atout indispensable pour les syst\u00e8mes hydrauliques exigeants.<\/p>\n<p>Caract\u00e9ristiques essentielles du v\u00e9rin hydraulique \u00e0 quatre tiges\u00a0:<\/p>\n<p><strong>Conception du tourillon du couvercle arri\u00e8re :<\/strong><\/p>\n<ol>\n<li style=\"list-style-type: none;\">\n<ul>\n<li>La conception du tourillon du couvercle arri\u00e8re offre une solution d'installation s\u00fbre et efficace qui garantit un fonctionnement fiable m\u00eame sous de lourdes charges et des conditions extr\u00eames.<\/li>\n<li>Il simplifie l\u2019installation et peut \u00eatre facilement int\u00e9gr\u00e9 dans divers syst\u00e8mes ou \u00e9quipements hydrauliques.<\/li>\n<\/ul>\n<\/li>\n<\/ol>\n<p><strong>Configuration \u00e0 quatre tiges :<\/strong><\/p>\n<ol>\n<li style=\"list-style-type: none;\">\n<ul>\n<li>La configuration \u00e0 quatre tiges am\u00e9liore la capacit\u00e9 portante du v\u00e9rin hydraulique \u00e0 quatre tiges et assure une stabilit\u00e9 optimale et un positionnement pr\u00e9cis.<\/li>\n<li>Il permet au v\u00e9rin hydraulique \u00e0 quatre tiges de r\u00e9sister efficacement aux charges lat\u00e9rales, offrant une r\u00e9sistance exceptionnelle \u00e0 la torsion et aux forces lat\u00e9rales.<\/li>\n<\/ul>\n<\/li>\n<\/ol>\n<p><strong>Puissance de sortie \u00e9lev\u00e9e :<\/strong><\/p>\n<ol>\n<li style=\"list-style-type: none;\">\n<ul>\n<li>Ce v\u00e9rin hydraulique \u00e0 quatre tiges poss\u00e8de une puissance de sortie impressionnante, lui permettant de g\u00e9rer facilement de lourdes charges.<\/li>\n<li>Il offre une puissance et une pouss\u00e9e sup\u00e9rieures, ce qui le rend adapt\u00e9 aux applications qui n\u00e9cessitent beaucoup de force et de capacit\u00e9 de levage.<\/li>\n<\/ul>\n<\/li>\n<\/ol>\n<p><strong>Contr\u00f4le pr\u00e9cis :<\/strong><\/p>\n<ul>\n<li style=\"list-style-type: none;\">\n<ul>\n<li>Le v\u00e9rin hydraulique \u00e0 quatre tiges du tourillon du couvercle arri\u00e8re fournit un contr\u00f4le pr\u00e9cis du mouvement lin\u00e9aire pour assurer un positionnement pr\u00e9cis et un fonctionnement en douceur.<\/li>\n<li>Il offre un excellent contr\u00f4le de la course, permettant aux op\u00e9rateurs d'atteindre la vitesse et la pr\u00e9cision requises pour des t\u00e2ches sp\u00e9cifiques.<\/li>\n<\/ul>\n<\/li>\n<\/ul>\n<h2><strong>Param\u00e8tre du v\u00e9rin hydraulique \u00e0 quatre tiges du tourillon du couvercle arri\u00e8re :<\/strong><\/h2>\n<p><img loading=\"lazy\" decoding=\"async\" class=\"alignnone wp-image-1010 size-full\" src=\"https:\/\/hydraulic-cylinders.net\/wp-content\/uploads\/2023\/09\/rear-cover-rectangular-flange-four-rod-hydraulic-cylinder-2.webp\" alt=\"\" width=\"655\" height=\"197\" srcset=\"https:\/\/hydraulic-cylinders.net\/wp-content\/uploads\/2023\/09\/rear-cover-rectangular-flange-four-rod-hydraulic-cylinder-2.webp 655w, https:\/\/hydraulic-cylinders.net\/wp-content\/uploads\/2023\/09\/rear-cover-rectangular-flange-four-rod-hydraulic-cylinder-2-480x144.webp 480w\" sizes=\"(min-width: 0px) and (max-width: 480px) 480px, (min-width: 481px) 655px, 100vw\" \/><\/p>\n<p><img loading=\"lazy\" decoding=\"async\" class=\"alignnone wp-image-1033 size-full\" src=\"https:\/\/hydraulic-cylinders.net\/wp-content\/uploads\/2023\/09\/d-db-dd-four-rod-hydraulic-cylinder.webp\" alt=\"\" width=\"655\" height=\"249\" srcset=\"https:\/\/hydraulic-cylinders.net\/wp-content\/uploads\/2023\/09\/d-db-dd-four-rod-hydraulic-cylinder.webp 655w, https:\/\/hydraulic-cylinders.net\/wp-content\/uploads\/2023\/09\/d-db-dd-four-rod-hydraulic-cylinder-480x182.webp 480w\" sizes=\"(min-width: 0px) and (max-width: 480px) 480px, (min-width: 481px) 655px, 100vw\" \/><\/p>\n<h2><strong>Couvercle arri\u00e8re Tourillon V\u00e9rin hydraulique \u00e0 quatre tiges <\/strong><strong>M\u00e9thode d'utilisation<\/strong><strong>:<\/strong><\/h2>\n<p><strong>Montage et installation :<\/strong><\/p>\n<ol>\n<li style=\"list-style-type: none;\">\n<ul>\n<li>Tenez compte des exigences de charge et des contraintes d\u2019espace pour d\u00e9terminer l\u2019emplacement d\u2019installation appropri\u00e9 du v\u00e9rin hydraulique dans le syst\u00e8me ou l\u2019\u00e9quipement.<\/li>\n<li>Assurez-vous que la surface de montage est propre, de niveau et capable de supporter le poids du cylindre.<\/li>\n<li>Placez les tourillons du couvercle arri\u00e8re au ras de la face de montage et fixez-les \u00e0 l'aide des boulons ou des attaches recommand\u00e9s.<\/li>\n<\/ul>\n<\/li>\n<\/ol>\n<p><strong>Connexions hydrauliques :<\/strong><\/p>\n<ol>\n<li style=\"list-style-type: none;\">\n<ul>\n<li>Connectez la conduite d'alimentation du v\u00e9rin hydraulique \u00e0 quatre tiges \u00e0 l'orifice du v\u00e9rin pour assurer une bonne \u00e9tanch\u00e9it\u00e9 afin d'\u00e9viter les fuites.<\/li>\n<li>Suivez les recommandations du fabricant concernant le type d'huile hydraulique et remplissez le syst\u00e8me jusqu'au niveau recommand\u00e9.<\/li>\n<\/ul>\n<\/li>\n<\/ol>\n<p><strong>Op\u00e9ration:<\/strong><\/p>\n<ul>\n<li style=\"list-style-type: none;\">\n<ul>\n<li>Activez le syst\u00e8me hydraulique et contr\u00f4lez le mouvement du cylindre \u00e0 l\u2019aide d\u2019une vanne de commande hydraulique ou d\u2019un autre m\u00e9canisme de commande appropri\u00e9.<\/li>\n<li>Ajustez les param\u00e8tres de d\u00e9bit et de pression pour obtenir la vitesse et la force de sortie souhait\u00e9es.<\/li>\n<li>Surveillez r\u00e9guli\u00e8rement le fonctionnement du cylindre pour d\u00e9tecter tout signe de comportement anormal, tel que des fuites, une surchauffe ou un bruit inhabituel.<\/li>\n<\/ul>\n<\/li>\n<\/ul>\n<h2><strong>Entretien du v\u00e9rin hydraulique \u00e0 quatre tiges du tourillon du couvercle arri\u00e8re<\/strong><strong>:<\/strong><\/h2>\n<ol>\n<li><strong>Inspection r\u00e9guli\u00e8re :<\/strong>\n<ul>\n<li>Effectuez des inspections visuelles de routine pour v\u00e9rifier les signes d\u2019usure, de fuites ou de dommages.<\/li>\n<li>Inspectez la surface de la tige, les joints et les connexions de montage pour d\u00e9tecter toute anomalie et r\u00e9solvez rapidement tout probl\u00e8me.<\/li>\n<\/ul>\n<\/li>\n<li><strong>Lubrification:<\/strong>\n<ul>\n<li>Respectez les consignes du fabricant concernant les intervalles de lubrification et utilisez un lubrifiant recommand\u00e9 pour assurer un bon fonctionnement.<\/li>\n<li>Lubrifiez la tige, les joints et les autres pi\u00e8ces mobiles afin de minimiser la friction et de prolonger la dur\u00e9e de vie du cylindre.<\/li>\n<\/ul>\n<\/li>\n<li><strong>Remplacement du joint :<\/strong>\n<ul>\n<li>Avec le temps, les joints peuvent s'user et n\u00e9cessiter un remplacement. En cas de fuite, retirez soigneusement les anciens joints et installez les nouveaux conform\u00e9ment aux sp\u00e9cifications du fabricant.<\/li>\n<\/ul>\n<\/li>\n<\/ol>\n<h2><strong>Comment reconstruire un v\u00e9rin hydraulique ?<\/strong><\/h2>\n<p>La remise en \u00e9tat d'un v\u00e9rin hydraulique implique son d\u00e9montage, l'inspection de ses composants, le remplacement des pi\u00e8ces us\u00e9es ou endommag\u00e9es, puis son remontage pour r\u00e9tablir son fonctionnement. Voici un guide g\u00e9n\u00e9ral \u00e9tape par \u00e9tape pour la remise en \u00e9tat d'un v\u00e9rin hydraulique\u00a0:<\/p>\n<ol>\n<li><strong>Rassemblez les outils et l'\u00e9quipement n\u00e9cessaires :<\/strong>\n<ul>\n<li>Avant de commencer le processus de reconstruction, rassemblez les outils n\u00e9cessaires, tels que des cl\u00e9s, des pinces, un maillet en caoutchouc, un rodoir de cylindre, de nouveaux joints et joints toriques, un outil d'installation de joints et un kit de r\u00e9paration de cylindre hydraulique.<\/li>\n<\/ul>\n<\/li>\n<li><strong>Pr\u00e9cautions de s\u00e9curit\u00e9 :<\/strong>\n<ul>\n<li>Assurez-vous que le syst\u00e8me hydraulique est d\u00e9pressuris\u00e9 et que le cylindre est d\u00e9connect\u00e9 de toute source d\u2019alimentation.<\/li>\n<li>Utilisez un \u00e9quipement de protection appropri\u00e9 (EPI), tel que des gants et des lunettes de s\u00e9curit\u00e9, pour vous prot\u00e9ger pendant la reconstruction.<\/li>\n<\/ul>\n<\/li>\n<li><strong>D\u00e9montage du cylindre :<\/strong>\n<ul>\n<li>Retirez le v\u00e9rin hydraulique de l\u2019\u00e9quipement ou du syst\u00e8me.<\/li>\n<li>D\u00e9montez soigneusement le cylindre, en commen\u00e7ant par retirer les embouts ou les bagues de retenue.<\/li>\n<li>Rel\u00e2chez la pression \u00e0 l\u2019int\u00e9rieur du cylindre en r\u00e9tractant compl\u00e8tement la tige.<\/li>\n<li>Prenez note de la s\u00e9quence des composants retir\u00e9s pour un remontage pr\u00e9cis.<\/li>\n<\/ul>\n<\/li>\n<li><strong>Inspection des composants :<\/strong>\n<ul>\n<li>Inspectez tous les composants du cylindre, y compris la tige, le piston, les joints et les roulements, pour d\u00e9tecter tout signe d\u2019usure, de dommage ou de corrosion.<\/li>\n<li>Mesurez les dimensions des composants critiques, tels que le diam\u00e8tre de la tige et de l'al\u00e9sage, pour vous assurer qu'ils sont conformes aux sp\u00e9cifications.<\/li>\n<li>Portez une attention particuli\u00e8re \u00e0 l\u2019\u00e9tat des joints et des joints toriques, car ils sont des sources courantes de probl\u00e8mes de v\u00e9rins hydrauliques.<\/li>\n<\/ul>\n<\/li>\n<li><strong>Remplacement des pi\u00e8ces us\u00e9es ou endommag\u00e9es :<\/strong>\n<ul>\n<li>Remplacez tous les joints, joints toriques ou autres composants endommag\u00e9s identifi\u00e9s lors de l'inspection.<\/li>\n<li>Assurez-vous que les pi\u00e8ces de rechange sont compatibles avec le mod\u00e8le de cylindre et r\u00e9pondent aux sp\u00e9cifications requises.<\/li>\n<li>Lubrifiez les nouveaux joints ou joints toriques avec de l\u2019huile hydraulique avant l\u2019installation.<\/li>\n<\/ul>\n<\/li>\n<li><strong>Remontage du cylindre :<\/strong>\n<ul>\n<li>Nettoyez soigneusement tous les composants d\u00e9mont\u00e9s pour \u00e9liminer toute salet\u00e9 ou d\u00e9bris.<\/li>\n<li>Appliquer une fine couche d'huile hydraulique sur les composants lors du remontage pour assurer la lubrification.<\/li>\n<li>Suivez les instructions du fabricant ou le manuel de r\u00e9paration pour garantir un remontage correct des fixations et le respect des couples de serrage.<\/li>\n<\/ul>\n<\/li>\n<li><strong>Test et installation :<\/strong>\n<ul>\n<li>Une fois le cylindre remont\u00e9, testez sa fonctionnalit\u00e9 en appliquant une pression hydraulique.<\/li>\n<li>V\u00e9rifiez les fuites, les bruits anormaux ou les mouvements erratiques pendant les tests.<\/li>\n<li>Si le cylindre fonctionne correctement et sans probl\u00e8me, il peut \u00eatre r\u00e9install\u00e9 dans l\u2019\u00e9quipement ou le syst\u00e8me.<\/li>\n<\/ul>\n<\/li>\n<\/ol>\n<h2><strong>Capacit\u00e9 de l'usine :<\/strong><\/h2>\n<h3>(1) Assemblage<\/h3>\n<p>Nous disposons d'une plateforme d'assemblage ind\u00e9pendante de recherche et d\u00e9veloppement de premier ordre. Notre atelier de production de v\u00e9rins hydrauliques dispose de quatre lignes d'assemblage semi-automatiques de v\u00e9rins de levage et d'une ligne d'assemblage automatique de v\u00e9rins d'inclinaison, pour une capacit\u00e9 de production annuelle pr\u00e9vue d'un million de pi\u00e8ces. L'atelier de v\u00e9rins sp\u00e9ciaux est \u00e9quip\u00e9 d'un syst\u00e8me d'assemblage de nettoyage semi-automatique de diverses sp\u00e9cifications, d'une capacit\u00e9 de production annuelle pr\u00e9vue de 200\u00a0000 pi\u00e8ces et dispose d'\u00e9quipements d'usinage CNC de pointe, d'un centre d'usinage, d'\u00e9quipements sp\u00e9ciaux d'usinage de haute pr\u00e9cision, d'une machine de soudage robotis\u00e9e, d'une machine de nettoyage automatique, d'une machine d'assemblage automatique de v\u00e9rins et d'une ligne de peinture automatique. Nous disposons de plus de 300 \u00e9quipements critiques. L'allocation optimale et l'utilisation efficace des ressources garantissent la pr\u00e9cision et la qualit\u00e9 des produits.<\/p>\n<p><img loading=\"lazy\" decoding=\"async\" class=\"alignnone wp-image-626\" src=\"https:\/\/hydraulic-cylinders.net\/wp-content\/uploads\/2023\/08\/hydraulic-cylinder-product-1-300x158.webp\" alt=\"\" width=\"495\" height=\"260\" srcset=\"https:\/\/hydraulic-cylinders.net\/wp-content\/uploads\/2023\/08\/hydraulic-cylinder-product-1-300x158.webp 495w, https:\/\/hydraulic-cylinders.net\/wp-content\/uploads\/2023\/08\/hydraulic-cylinder-product-1-480x252.webp 480w\" sizes=\"(min-width: 0px) and (max-width: 480px) 480px, (min-width: 481px) 495px, 100vw\" \/> <img loading=\"lazy\" decoding=\"async\" class=\"alignnone wp-image-627\" src=\"https:\/\/hydraulic-cylinders.net\/wp-content\/uploads\/2023\/08\/hydraulic-cylinder-product-2-300x189.webp\" alt=\"\" width=\"413\" height=\"260\" \/><\/p>\n<h3>(2) Usinage<\/h3>\n<p>L'atelier d'usinage est \u00e9quip\u00e9 d'un centre de tournage sur rail inclin\u00e9 personnalis\u00e9, d'un centre d'usinage, d'une machine \u00e0 honer \u00e0 grande vitesse, d'un robot de soudage et d'autres \u00e9quipements connexes, qui peuvent traiter des tubes cylindriques d'un diam\u00e8tre int\u00e9rieur maximal de 400 mm et d'une longueur maximale de 6 m\u00e8tres.<\/p>\n<p><img loading=\"lazy\" decoding=\"async\" class=\"alignnone wp-image-628 size-large\" src=\"https:\/\/hydraulic-cylinders.net\/wp-content\/uploads\/2023\/08\/hydraulic-cylinder-product-3-1024x391.webp\" alt=\"\" width=\"1024\" height=\"391\" srcset=\"https:\/\/hydraulic-cylinders.net\/wp-content\/uploads\/2023\/08\/hydraulic-cylinder-product-3-980x374.webp 980w, https:\/\/hydraulic-cylinders.net\/wp-content\/uploads\/2023\/08\/hydraulic-cylinder-product-3-480x183.webp 480w\" sizes=\"(min-width: 0px) and (max-width: 480px) 480px, (min-width: 481px) and (max-width: 980px) 980px, (min-width: 981px) 1024px, 100vw\" \/><\/p>\n<h3>(3) Soudage<\/h3>\n<p><img loading=\"lazy\" decoding=\"async\" class=\"alignnone wp-image-629 size-large\" src=\"https:\/\/hydraulic-cylinders.net\/wp-content\/uploads\/2023\/08\/hydraulic-cylinder-product-4-1024x510.webp\" alt=\"\" width=\"1024\" height=\"510\" srcset=\"https:\/\/hydraulic-cylinders.net\/wp-content\/uploads\/2023\/08\/hydraulic-cylinder-product-4-980x488.webp 980w, https:\/\/hydraulic-cylinders.net\/wp-content\/uploads\/2023\/08\/hydraulic-cylinder-product-4-480x239.webp 480w\" sizes=\"(min-width: 0px) and (max-width: 480px) 480px, (min-width: 481px) and (max-width: 980px) 980px, (min-width: 981px) 1024px, 100vw\" \/><\/p>\n<h3>(4) Peinture et rev\u00eatement<\/h3>\n<p>Avec des lignes de rev\u00eatement de peinture \u00e0 base d'eau automatiques \u00e0 cylindre de petite et moyenne taille, pour r\u00e9aliser le chargement et le d\u00e9chargement automatiques par robot et la pulv\u00e9risation automatique, la capacit\u00e9 de conception est de 4 000 pi\u00e8ces par \u00e9quipe ;<br \/>\nNous disposons \u00e9galement d'une ligne de production de peinture semi-automatique pour gros cylindres, aliment\u00e9e par une cha\u00eene de traction, d'une capacit\u00e9 de conception de 60 caisses par \u00e9quipe.<\/p>\n<p><img loading=\"lazy\" decoding=\"async\" class=\"alignnone wp-image-630\" src=\"https:\/\/hydraulic-cylinders.net\/wp-content\/uploads\/2023\/08\/hydraulic-cylinder-product-5-300x213.webp\" alt=\"\" width=\"366\" height=\"260\" \/> <img loading=\"lazy\" decoding=\"async\" class=\"alignnone wp-image-631\" src=\"https:\/\/hydraulic-cylinders.net\/wp-content\/uploads\/2023\/08\/hydraulic-cylinder-product-6-300x225.webp\" alt=\"\" width=\"347\" height=\"260\" \/><\/p>\n<h3>(5) Essais<\/h3>\n<p>Nous disposons d'installations d'inspection et de bancs d'essai de premier ordre pour garantir que les performances de la bouteille sont conformes aux exigences.<\/p>\n<p><img loading=\"lazy\" decoding=\"async\" class=\"alignnone wp-image-632\" src=\"https:\/\/hydraulic-cylinders.net\/wp-content\/uploads\/2023\/08\/hydraulic-cylinder-product-8-300x200.webp\" alt=\"\" width=\"389\" height=\"260\" \/><\/p>\n<p>&nbsp;<\/p>\n<p>&nbsp;<\/p>\n<p>Nous sommes l'un des meilleurs fabricants de v\u00e9rins hydrauliques l\u00e9gers \u00e0 quatre tiges. Nous proposons un stock complet de v\u00e9rins hydrauliques l\u00e9gers \u00e0 quatre tiges. Nous fournissons \u00e9galement les v\u00e9rins correspondants. <a href=\"https:\/\/hzpt.com\/agricultural-pto-gearbox\/\" target=\"_blank\" rel=\"noopener\">bo\u00eetes de vitesses agricoles<\/a>. Nous avons export\u00e9 nos produits vers des clients du monde entier et avons acquis une bonne r\u00e9putation gr\u00e2ce \u00e0 la qualit\u00e9 sup\u00e9rieure de nos produits et \u00e0 notre service apr\u00e8s-vente. Nous invitons chaleureusement nos clients, tant nationaux qu'\u00e9trangers, \u00e0 nous contacter pour n\u00e9gocier des affaires, \u00e9changer des informations, et...\u00a0<a href=\"https:\/\/www.hydraulic-cylinders.net\/fr\/contact-us\/\">coop\u00e9rer avec nous<\/a>!<\/p>\n<h2><\/h2>\n<h2><\/h2>\n<h2><\/h2>","protected":false},"excerpt":{"rendered":"<p>Rear Cover Trunnion Four Rod Hydraulic Cylinder The rear cover trunnion four rod hydraulic cylinder is a cutting-edge component designed to provide exceptional power, precise control, and unmatched performance in various industrial applications. With its innovative rear cover trunnion design and four rod configuration, this four rod hydraulic cylinder offers enhanced stability, durability, and load-bearing [&hellip;]<\/p>","protected":false},"featured_media":1039,"comment_status":"open","ping_status":"closed","template":"","meta":{"_et_pb_use_builder":"","_et_pb_old_content":"","_et_gb_content_width":""},"product_brand":[],"product_cat":[1376,1386],"product_tag":[1380],"class_list":{"0":"post-1012","1":"product","2":"type-product","3":"status-publish","4":"has-post-thumbnail","6":"product_cat-hydraulic-cylinder","7":"product_cat-four-rod-hydraulic-cylinder","8":"product_tag-hydraulic-cylinder","10":"first","11":"instock","12":"shipping-taxable","13":"product-type-simple"},"amp_enabled":true,"_links":{"self":[{"href":"https:\/\/www.hydraulic-cylinders.net\/fr\/wp-json\/wp\/v2\/product\/1012","targetHints":{"allow":["GET"]}}],"collection":[{"href":"https:\/\/www.hydraulic-cylinders.net\/fr\/wp-json\/wp\/v2\/product"}],"about":[{"href":"https:\/\/www.hydraulic-cylinders.net\/fr\/wp-json\/wp\/v2\/types\/product"}],"replies":[{"embeddable":true,"href":"https:\/\/www.hydraulic-cylinders.net\/fr\/wp-json\/wp\/v2\/comments?post=1012"}],"wp:featuredmedia":[{"embeddable":true,"href":"https:\/\/www.hydraulic-cylinders.net\/fr\/wp-json\/wp\/v2\/media\/1039"}],"wp:attachment":[{"href":"https:\/\/www.hydraulic-cylinders.net\/fr\/wp-json\/wp\/v2\/media?parent=1012"}],"wp:term":[{"taxonomy":"product_brand","embeddable":true,"href":"https:\/\/www.hydraulic-cylinders.net\/fr\/wp-json\/wp\/v2\/product_brand?post=1012"},{"taxonomy":"product_cat","embeddable":true,"href":"https:\/\/www.hydraulic-cylinders.net\/fr\/wp-json\/wp\/v2\/product_cat?post=1012"},{"taxonomy":"product_tag","embeddable":true,"href":"https:\/\/www.hydraulic-cylinders.net\/fr\/wp-json\/wp\/v2\/product_tag?post=1012"}],"curies":[{"name":"wp","href":"https:\/\/api.w.org\/{rel}","templated":true}]}}