{"id":1019,"date":"2023-09-07T03:16:54","date_gmt":"2023-09-07T03:16:54","guid":{"rendered":"https:\/\/hydraulic-cylinders.net\/?post_type=product&#038;p=1019"},"modified":"2023-09-19T01:36:32","modified_gmt":"2023-09-19T01:36:32","slug":"double-pistion-rod-hydraulic-cylinder","status":"publish","type":"product","link":"https:\/\/www.hydraulic-cylinders.net\/fr\/produit\/double-pistion-rod-hydraulic-cylinder\/","title":{"rendered":"V\u00e9rin hydraulique \u00e0 double tige de piston"},"content":{"rendered":"<h1 style=\"text-align: center;\"><strong>V\u00e9rin hydraulique \u00e0 double tige de piston<\/strong><\/h1>\n<p><img loading=\"lazy\" decoding=\"async\" class=\"size-full wp-image-1022 aligncenter\" src=\"https:\/\/hydraulic-cylinders.net\/wp-content\/uploads\/2023\/09\/double-piston-rod-hydraulic-cylinder-1-1.webp\" alt=\"\" width=\"281\" height=\"281\" srcset=\"https:\/\/www.hydraulic-cylinders.net\/wp-content\/uploads\/2023\/09\/double-piston-rod-hydraulic-cylinder-1-1.webp 281w, https:\/\/www.hydraulic-cylinders.net\/wp-content\/uploads\/2023\/09\/double-piston-rod-hydraulic-cylinder-1-1-100x100.webp 100w, https:\/\/www.hydraulic-cylinders.net\/wp-content\/uploads\/2023\/09\/double-piston-rod-hydraulic-cylinder-1-1-150x150.webp 150w, https:\/\/www.hydraulic-cylinders.net\/wp-content\/uploads\/2023\/09\/double-piston-rod-hydraulic-cylinder-1-1-12x12.webp 12w\" sizes=\"(max-width: 281px) 100vw, 281px\" \/><\/p>\n<p>Le v\u00e9rin hydraulique \u00e0 double tige de piston est un \u00e9l\u00e9ment hydraulique de pointe con\u00e7u pour offrir puissance, stabilit\u00e9 et polyvalence sup\u00e9rieures \u00e0 un large \u00e9ventail d'applications industrielles. Gr\u00e2ce \u00e0 sa configuration unique \u00e0 double tige de piston, ce v\u00e9rin hydraulique offre une capacit\u00e9 de charge accrue, un contr\u00f4le pr\u00e9cis et des performances fiables, ce qui en fait un atout indispensable pour les syst\u00e8mes hydrauliques exigeants.<\/p>\n<p>Caract\u00e9ristiques essentielles du v\u00e9rin hydraulique \u00e0 quatre tiges\u00a0:<\/p>\n<p><strong>Configuration \u00e0 double tige de piston :<\/strong><\/p>\n<ol>\n<li style=\"list-style-type: none;\">\n<ul>\n<li>La configuration \u00e0 double tige de piston rend le v\u00e9rin hydraulique diff\u00e9rent de la conception traditionnelle, avec une stabilit\u00e9, une capacit\u00e9 de charge et une r\u00e9sistance aux charges lat\u00e9rales sup\u00e9rieures.<\/li>\n<li>Il assure une r\u00e9partition sym\u00e9trique des forces, garantissant un mouvement \u00e9quilibr\u00e9 et pr\u00e9cis pendant le fonctionnement.<\/li>\n<\/ul>\n<\/li>\n<\/ol>\n<p><strong>Puissance de sortie \u00e9lev\u00e9e :<\/strong><\/p>\n<ol>\n<li style=\"list-style-type: none;\">\n<ul>\n<li>Ce v\u00e9rin hydraulique dispose d'une puissance de sortie impressionnante, ce qui le rend adapt\u00e9 aux applications n\u00e9cessitant beaucoup de puissance et de capacit\u00e9 de levage.<\/li>\n<li>Il fournit une pouss\u00e9e sp\u00e9ciale qui lui permet de manipuler facilement des charges lourdes.<\/li>\n<\/ul>\n<\/li>\n<\/ol>\n<p><strong>Contr\u00f4le et positionnement pr\u00e9cis :<\/strong><\/p>\n<ol>\n<li style=\"list-style-type: none;\">\n<ul>\n<li>Les v\u00e9rins hydrauliques \u00e0 double tige de piston offrent un contr\u00f4le pr\u00e9cis du mouvement lin\u00e9aire, garantissant un positionnement pr\u00e9cis et un fonctionnement fluide.<\/li>\n<li>Il offre un excellent contr\u00f4le de la course, permettant aux op\u00e9rateurs d'atteindre la vitesse et la pr\u00e9cision requises pour des t\u00e2ches sp\u00e9cifiques.<\/li>\n<\/ul>\n<\/li>\n<\/ol>\n<p><strong>Application polyvalente :<\/strong><\/p>\n<ul>\n<li style=\"list-style-type: none;\">\n<ul>\n<li>Sa construction robuste et sa conception polyvalente rendent ce v\u00e9rin hydraulique adapt\u00e9 \u00e0 diverses industries et applications.<\/li>\n<li>Il peut \u00eatre utilis\u00e9 dans les machines lourdes, les \u00e9quipements de construction, les syst\u00e8mes de manutention, les machines agricoles, etc.<\/li>\n<\/ul>\n<\/li>\n<\/ul>\n<h2><strong>Param\u00e8tre du v\u00e9rin hydraulique \u00e0 double tige de piston :<\/strong><\/h2>\n<p><img loading=\"lazy\" decoding=\"async\" class=\"alignnone wp-image-1023 size-full\" src=\"https:\/\/hydraulic-cylinders.net\/wp-content\/uploads\/2023\/09\/double-piston-rod-hydraulic-cylinder-2.webp\" alt=\"\" width=\"654\" height=\"388\" srcset=\"https:\/\/hydraulic-cylinders.net\/wp-content\/uploads\/2023\/09\/double-piston-rod-hydraulic-cylinder-2.webp 654w, https:\/\/hydraulic-cylinders.net\/wp-content\/uploads\/2023\/09\/double-piston-rod-hydraulic-cylinder-2-480x285.webp 480w\" sizes=\"(min-width: 0px) and (max-width: 480px) 480px, (min-width: 481px) 654px, 100vw\" \/><\/p>\n<h2><strong>V\u00e9rin hydraulique \u00e0 double tige de piston <\/strong><strong>M\u00e9thode d'utilisation<\/strong><strong>:<\/strong><\/h2>\n<p><strong>Montage et installation :<\/strong><\/p>\n<ol>\n<li style=\"list-style-type: none;\">\n<ul>\n<li>Tenez compte des exigences de charge et des contraintes d\u2019espace pour d\u00e9terminer l\u2019emplacement d\u2019installation appropri\u00e9 du v\u00e9rin hydraulique dans le syst\u00e8me ou l\u2019\u00e9quipement.<\/li>\n<li>Assurez-vous que la surface de montage est propre, de niveau et capable de supporter le poids du cylindre.<\/li>\n<li>Fixez les cylindres \u00e0 l'aide des boulons ou fixations recommand\u00e9s, conform\u00e9ment aux instructions du fabricant.<\/li>\n<\/ul>\n<\/li>\n<\/ol>\n<p><strong>Connexions hydrauliques :<\/strong><\/p>\n<ol>\n<li style=\"list-style-type: none;\">\n<ul>\n<li>Connectez la conduite d'alimentation hydraulique \u00e0 l'orifice du cylindre, en assurant une bonne \u00e9tanch\u00e9it\u00e9 pour \u00e9viter les fuites.<\/li>\n<li>Suivez les recommandations du fabricant concernant le type d'huile hydraulique et remplissez le syst\u00e8me jusqu'au niveau recommand\u00e9.<\/li>\n<\/ul>\n<\/li>\n<\/ol>\n<p><strong>Op\u00e9ration:<\/strong><\/p>\n<ul>\n<li style=\"list-style-type: none;\">\n<ul>\n<li>Activez le syst\u00e8me hydraulique et contr\u00f4lez le mouvement du cylindre \u00e0 l\u2019aide d\u2019une vanne de commande hydraulique ou d\u2019un autre m\u00e9canisme de commande appropri\u00e9.<\/li>\n<li>Ajustez les param\u00e8tres de d\u00e9bit et de pression pour obtenir la vitesse et la force de sortie souhait\u00e9es.<\/li>\n<li>Surveillez r\u00e9guli\u00e8rement le fonctionnement du cylindre pour d\u00e9tecter tout comportement anormal, tel qu'une fuite, une surchauffe ou un bruit inhabituel.<\/li>\n<\/ul>\n<\/li>\n<\/ul>\n<h2><strong>V\u00e9rin hydraulique \u00e0 double tige de piston <\/strong><strong>Entretien<\/strong><strong>:<\/strong><\/h2>\n<p><strong>Inspection r\u00e9guli\u00e8re :<\/strong><\/p>\n<ol>\n<li style=\"list-style-type: none;\">\n<ul>\n<li>Effectuez des inspections visuelles de routine pour v\u00e9rifier les signes d\u2019usure, de fuite ou de dommage.<\/li>\n<li>V\u00e9rifiez la tige de piston, les joints et les connexions de montage pour d\u00e9tecter toute anomalie et r\u00e9solvez rapidement tout probl\u00e8me.<\/li>\n<\/ul>\n<\/li>\n<\/ol>\n<p><strong>Lubrification:<\/strong><\/p>\n<ol>\n<li style=\"list-style-type: none;\">\n<ul>\n<li>Respectez les consignes du fabricant concernant les intervalles de lubrification et utilisez le lubrifiant recommand\u00e9 pour assurer un bon fonctionnement.<\/li>\n<li>Lubrifiez les tiges de piston, les joints et autres pi\u00e8ces mobiles pour minimiser la friction et prolonger la dur\u00e9e de vie du cylindre.<\/li>\n<\/ul>\n<\/li>\n<\/ol>\n<p><strong>Remplacement du joint :<\/strong><\/p>\n<ul>\n<li style=\"list-style-type: none;\">\n<ul>\n<li>Avec le temps, les joints peuvent s'user et n\u00e9cessiter un remplacement. En cas de fuite, retirez soigneusement l'ancien joint et installez le nouveau conform\u00e9ment aux sp\u00e9cifications du fabricant.<\/li>\n<\/ul>\n<\/li>\n<\/ul>\n<h2><strong>V\u00e9rin hydraulique \u00e0 quatre tiges de type TB <\/strong><strong>Entretien<\/strong><strong>:<\/strong><\/h2>\n<ol>\n<li><strong>Inspection r\u00e9guli\u00e8re :<\/strong><\/li>\n<\/ol>\n<ul>\n<li>Inspectez p\u00e9riodiquement le cylindre pour d\u00e9tecter toute fuite, tout dommage ou toute usure excessive.<\/li>\n<li>V\u00e9rifiez l\u2019\u00e9tat des joints, des tiges et des composants de montage et remplacez les pi\u00e8ces us\u00e9es ou endommag\u00e9es.<\/li>\n<\/ul>\n<ol start=\"2\">\n<li><strong>Lubrification:<\/strong><\/li>\n<\/ol>\n<ul>\n<li>Respectez les recommandations du fabricant concernant les intervalles de lubrification et utilisez une huile hydraulique ou une graisse de haute qualit\u00e9 adapt\u00e9e aux sp\u00e9cifications du v\u00e9rin.<\/li>\n<li>Appliquez de la lubrification sur la tige, les joints et les autres pi\u00e8ces mobiles pour minimiser la friction et assurer un fonctionnement fluide.<\/li>\n<\/ul>\n<ol start=\"3\">\n<li><strong>Nettoyage:<\/strong><\/li>\n<\/ol>\n<ul>\n<li>Gardez le cylindre et ses environs propres et exempts de d\u00e9bris, de poussi\u00e8re ou de contaminants affectant ses performances.<\/li>\n<li>Utilisez un produit nettoyant doux et un chiffon doux pour essuyer les surfaces externes du cylindre.<\/li>\n<\/ul>\n<h2><strong>Capacit\u00e9 de l'usine :<\/strong><\/h2>\n<h3>(1) Assemblage<\/h3>\n<p>Nous disposons d'une plateforme d'assemblage ind\u00e9pendante de recherche et d\u00e9veloppement de premier ordre. Notre atelier de production de v\u00e9rins hydrauliques dispose de quatre lignes d'assemblage semi-automatiques de v\u00e9rins de levage et d'une ligne d'assemblage automatique de v\u00e9rins d'inclinaison, pour une capacit\u00e9 de production annuelle pr\u00e9vue d'un million de pi\u00e8ces. L'atelier de v\u00e9rins sp\u00e9ciaux est \u00e9quip\u00e9 d'un syst\u00e8me d'assemblage de nettoyage semi-automatique de diverses sp\u00e9cifications, d'une capacit\u00e9 de production annuelle pr\u00e9vue de 200\u00a0000 pi\u00e8ces et dispose d'\u00e9quipements d'usinage CNC de pointe, d'un centre d'usinage, d'\u00e9quipements sp\u00e9ciaux d'usinage de haute pr\u00e9cision, d'une machine de soudage robotis\u00e9e, d'une machine de nettoyage automatique, d'une machine d'assemblage automatique de v\u00e9rins et d'une ligne de peinture automatique. Nous disposons de plus de 300 \u00e9quipements critiques. L'allocation optimale et l'utilisation efficace des ressources garantissent la pr\u00e9cision et la qualit\u00e9 des produits.<\/p>\n<p><img loading=\"lazy\" decoding=\"async\" class=\"alignnone wp-image-626\" src=\"https:\/\/hydraulic-cylinders.net\/wp-content\/uploads\/2023\/08\/hydraulic-cylinder-product-1-300x158.webp\" alt=\"\" width=\"495\" height=\"260\" srcset=\"https:\/\/hydraulic-cylinders.net\/wp-content\/uploads\/2023\/08\/hydraulic-cylinder-product-1-300x158.webp 495w, https:\/\/hydraulic-cylinders.net\/wp-content\/uploads\/2023\/08\/hydraulic-cylinder-product-1-480x252.webp 480w\" sizes=\"(min-width: 0px) and (max-width: 480px) 480px, (min-width: 481px) 495px, 100vw\" \/> <img loading=\"lazy\" decoding=\"async\" class=\"alignnone wp-image-627\" src=\"https:\/\/hydraulic-cylinders.net\/wp-content\/uploads\/2023\/08\/hydraulic-cylinder-product-2-300x189.webp\" alt=\"\" width=\"413\" height=\"260\" \/><\/p>\n<h3>(2) Usinage<\/h3>\n<p>L'atelier d'usinage est \u00e9quip\u00e9 d'un centre de tournage sur rail inclin\u00e9 personnalis\u00e9, d'un centre d'usinage, d'une machine \u00e0 honer \u00e0 grande vitesse, d'un robot de soudage et d'autres \u00e9quipements connexes, qui peuvent traiter des tubes cylindriques d'un diam\u00e8tre int\u00e9rieur maximal de 400 mm et d'une longueur maximale de 6 m\u00e8tres.<\/p>\n<p><img loading=\"lazy\" decoding=\"async\" class=\"alignnone wp-image-628 size-large\" src=\"https:\/\/hydraulic-cylinders.net\/wp-content\/uploads\/2023\/08\/hydraulic-cylinder-product-3-1024x391.webp\" alt=\"\" width=\"1024\" height=\"391\" srcset=\"https:\/\/hydraulic-cylinders.net\/wp-content\/uploads\/2023\/08\/hydraulic-cylinder-product-3-980x374.webp 980w, https:\/\/hydraulic-cylinders.net\/wp-content\/uploads\/2023\/08\/hydraulic-cylinder-product-3-480x183.webp 480w\" sizes=\"(min-width: 0px) and (max-width: 480px) 480px, (min-width: 481px) and (max-width: 980px) 980px, (min-width: 981px) 1024px, 100vw\" \/><\/p>\n<h3>(3) Soudage<\/h3>\n<p><img loading=\"lazy\" decoding=\"async\" class=\"alignnone wp-image-629 size-large\" src=\"https:\/\/hydraulic-cylinders.net\/wp-content\/uploads\/2023\/08\/hydraulic-cylinder-product-4-1024x510.webp\" alt=\"\" width=\"1024\" height=\"510\" srcset=\"https:\/\/hydraulic-cylinders.net\/wp-content\/uploads\/2023\/08\/hydraulic-cylinder-product-4-980x488.webp 980w, https:\/\/hydraulic-cylinders.net\/wp-content\/uploads\/2023\/08\/hydraulic-cylinder-product-4-480x239.webp 480w\" sizes=\"(min-width: 0px) and (max-width: 480px) 480px, (min-width: 481px) and (max-width: 980px) 980px, (min-width: 981px) 1024px, 100vw\" \/><\/p>\n<h3>(4) Peinture et rev\u00eatement<\/h3>\n<p>Avec des lignes de rev\u00eatement de peinture \u00e0 base d'eau automatiques \u00e0 cylindre de petite et moyenne taille, pour r\u00e9aliser le chargement et le d\u00e9chargement automatiques par robot et la pulv\u00e9risation automatique, la capacit\u00e9 de conception est de 4 000 pi\u00e8ces par \u00e9quipe ;<br \/>\nNous disposons \u00e9galement d'une ligne de production de peinture semi-automatique pour gros cylindres, aliment\u00e9e par une cha\u00eene de traction, d'une capacit\u00e9 de conception de 60 caisses par \u00e9quipe.<\/p>\n<p><img loading=\"lazy\" decoding=\"async\" class=\"alignnone wp-image-630\" src=\"https:\/\/hydraulic-cylinders.net\/wp-content\/uploads\/2023\/08\/hydraulic-cylinder-product-5-300x213.webp\" alt=\"\" width=\"366\" height=\"260\" \/> <img loading=\"lazy\" decoding=\"async\" class=\"alignnone wp-image-631\" src=\"https:\/\/hydraulic-cylinders.net\/wp-content\/uploads\/2023\/08\/hydraulic-cylinder-product-6-300x225.webp\" alt=\"\" width=\"347\" height=\"260\" \/><\/p>\n<h3>(5) Essais<\/h3>\n<p>Nous disposons d'installations d'inspection et de bancs d'essai de premier ordre pour garantir que les performances de la bouteille sont conformes aux exigences.<\/p>\n<p><img loading=\"lazy\" decoding=\"async\" class=\"alignnone wp-image-632\" src=\"https:\/\/hydraulic-cylinders.net\/wp-content\/uploads\/2023\/08\/hydraulic-cylinder-product-8-300x200.webp\" alt=\"\" width=\"389\" height=\"260\" \/><\/p>\n<p>&nbsp;<\/p>\n<p>&nbsp;<\/p>\n<p>Nous sommes l'un des meilleurs fabricants de v\u00e9rins hydrauliques l\u00e9gers \u00e0 quatre tiges. Nous proposons un stock complet de v\u00e9rins hydrauliques l\u00e9gers \u00e0 quatre tiges. Nous fournissons \u00e9galement les v\u00e9rins correspondants. <a href=\"https:\/\/hzpt.com\/agricultural-pto-gearbox\/\" target=\"_blank\" rel=\"noopener\">bo\u00eetes de vitesses agricoles<\/a>. Nous avons export\u00e9 nos produits vers des clients du monde entier et avons acquis une bonne r\u00e9putation gr\u00e2ce \u00e0 la qualit\u00e9 sup\u00e9rieure de nos produits et \u00e0 notre service apr\u00e8s-vente. Nous invitons chaleureusement nos clients, tant nationaux qu'\u00e9trangers, \u00e0 nous contacter pour n\u00e9gocier des affaires, \u00e9changer des informations, et...\u00a0<a href=\"https:\/\/www.hydraulic-cylinders.net\/fr\/contact-us\/\">coop\u00e9rer avec nous<\/a>!<\/p>\n<h2><\/h2>\n<h2><\/h2>","protected":false},"excerpt":{"rendered":"<p>Double Piston Rod Hydraulic Cylinder The double piston rod hydraulic cylinder is a cutting-edge hydraulic element designed to provide superior power, stability, and versatility for a wide range of industrial applications. With its unique dual piston rod configuration, this hydraulic cylinder offers enhanced load-carrying capacity, precise control, and reliable performance, making it an indispensable asset [&hellip;]<\/p>","protected":false},"featured_media":1024,"comment_status":"open","ping_status":"closed","template":"","meta":{"_et_pb_use_builder":"","_et_pb_old_content":"","_et_gb_content_width":""},"product_brand":[],"product_cat":[1376,1386],"product_tag":[1380],"class_list":{"0":"post-1019","1":"product","2":"type-product","3":"status-publish","4":"has-post-thumbnail","6":"product_cat-hydraulic-cylinder","7":"product_cat-four-rod-hydraulic-cylinder","8":"product_tag-hydraulic-cylinder","10":"first","11":"instock","12":"shipping-taxable","13":"product-type-simple"},"amp_enabled":true,"_links":{"self":[{"href":"https:\/\/www.hydraulic-cylinders.net\/fr\/wp-json\/wp\/v2\/product\/1019","targetHints":{"allow":["GET"]}}],"collection":[{"href":"https:\/\/www.hydraulic-cylinders.net\/fr\/wp-json\/wp\/v2\/product"}],"about":[{"href":"https:\/\/www.hydraulic-cylinders.net\/fr\/wp-json\/wp\/v2\/types\/product"}],"replies":[{"embeddable":true,"href":"https:\/\/www.hydraulic-cylinders.net\/fr\/wp-json\/wp\/v2\/comments?post=1019"}],"wp:featuredmedia":[{"embeddable":true,"href":"https:\/\/www.hydraulic-cylinders.net\/fr\/wp-json\/wp\/v2\/media\/1024"}],"wp:attachment":[{"href":"https:\/\/www.hydraulic-cylinders.net\/fr\/wp-json\/wp\/v2\/media?parent=1019"}],"wp:term":[{"taxonomy":"product_brand","embeddable":true,"href":"https:\/\/www.hydraulic-cylinders.net\/fr\/wp-json\/wp\/v2\/product_brand?post=1019"},{"taxonomy":"product_cat","embeddable":true,"href":"https:\/\/www.hydraulic-cylinders.net\/fr\/wp-json\/wp\/v2\/product_cat?post=1019"},{"taxonomy":"product_tag","embeddable":true,"href":"https:\/\/www.hydraulic-cylinders.net\/fr\/wp-json\/wp\/v2\/product_tag?post=1019"}],"curies":[{"name":"wp","href":"https:\/\/api.w.org\/{rel}","templated":true}]}}