{"id":1243,"date":"2023-09-14T08:24:48","date_gmt":"2023-09-14T08:24:48","guid":{"rendered":"https:\/\/hydraulic-cylinders.net\/?post_type=product&#038;p=1243"},"modified":"2025-04-11T05:26:12","modified_gmt":"2025-04-11T05:26:12","slug":"hroc-single-trunnion-type-circular-hydraulic-cylinder","status":"publish","type":"product","link":"https:\/\/www.hydraulic-cylinders.net\/fr\/produit\/hroc-single-trunnion-type-circular-hydraulic-cylinder\/","title":{"rendered":"V\u00e9rin hydraulique circulaire \u00e0 tourillon simple HROC"},"content":{"rendered":"<h1 style=\"text-align: center;\"><strong>V\u00e9rin hydraulique circulaire \u00e0 tourillon simple HROC<\/strong><\/h1>\n<p>Le v\u00e9rin hydraulique circulaire \u00e0 simple tourillon HROC est un \u00e9l\u00e9ment hydraulique de pointe con\u00e7u pour assurer une transmission de puissance fiable et efficace dans de nombreuses applications industrielles. Gr\u00e2ce \u00e0 sa conception innovante et \u00e0 ses performances sup\u00e9rieures, ce v\u00e9rin hydraulique offre pr\u00e9cision, durabilit\u00e9 et polyvalence. Que ce soit dans la fabrication, la construction ou la manutention, les v\u00e9rins \u00e0 simple tourillon HROC sont con\u00e7us pour optimiser le fonctionnement hydraulique et accro\u00eetre la productivit\u00e9.<\/p>\n<p>Le v\u00e9rin rond de la s\u00e9rie HRO est s\u00fbr, stable, offre un bon rendement, un entretien facile, une belle apparence, une haute qualit\u00e9 et convient \u00e0 tous types de presses.<\/p>\n<p><img loading=\"lazy\" decoding=\"async\" class=\"wp-image-1244 aligncenter\" src=\"https:\/\/hydraulic-cylinders.net\/wp-content\/uploads\/2023\/09\/hro-circular-hydraulic-cylinder-7-1-300x300.webp\" alt=\"\" width=\"400\" height=\"400\" \/><\/p>\n<h2><strong>Donn\u00e9es caract\u00e9ristiques du v\u00e9rin hydraulique circulaire de type HROA :<\/strong><\/h2>\n<p><img loading=\"lazy\" decoding=\"async\" class=\"alignnone wp-image-1245 size-full\" src=\"https:\/\/hydraulic-cylinders.net\/wp-content\/uploads\/2023\/09\/hro-circular-hydraulic-cylinder-1-1-1-1.webp\" alt=\"\" width=\"1428\" height=\"436\" srcset=\"https:\/\/hydraulic-cylinders.net\/wp-content\/uploads\/2023\/09\/hro-circular-hydraulic-cylinder-1-1-1-1.webp 1428w, https:\/\/hydraulic-cylinders.net\/wp-content\/uploads\/2023\/09\/hro-circular-hydraulic-cylinder-1-1-1-1-1280x391.webp 1280w, https:\/\/hydraulic-cylinders.net\/wp-content\/uploads\/2023\/09\/hro-circular-hydraulic-cylinder-1-1-1-1-980x299.webp 980w, https:\/\/hydraulic-cylinders.net\/wp-content\/uploads\/2023\/09\/hro-circular-hydraulic-cylinder-1-1-1-1-480x147.webp 480w\" sizes=\"(min-width: 0px) and (max-width: 480px) 480px, (min-width: 481px) and (max-width: 980px) 980px, (min-width: 981px) and (max-width: 1280px) 1280px, (min-width: 1281px) 1428px, 100vw\" \/><\/p>\n<h2><strong>Sch\u00e9ma de structure du v\u00e9rin hydraulique circulaire de type HROA\u00a0:<\/strong><\/h2>\n<p><img loading=\"lazy\" decoding=\"async\" class=\"alignnone wp-image-1246 size-full\" src=\"https:\/\/hydraulic-cylinders.net\/wp-content\/uploads\/2023\/09\/hro-circular-hydraulic-cylinder-2-1-1.webp\" alt=\"\" width=\"1404\" height=\"889\" srcset=\"https:\/\/hydraulic-cylinders.net\/wp-content\/uploads\/2023\/09\/hro-circular-hydraulic-cylinder-2-1-1.webp 1404w, https:\/\/hydraulic-cylinders.net\/wp-content\/uploads\/2023\/09\/hro-circular-hydraulic-cylinder-2-1-1-1280x810.webp 1280w, https:\/\/hydraulic-cylinders.net\/wp-content\/uploads\/2023\/09\/hro-circular-hydraulic-cylinder-2-1-1-980x621.webp 980w, https:\/\/hydraulic-cylinders.net\/wp-content\/uploads\/2023\/09\/hro-circular-hydraulic-cylinder-2-1-1-480x304.webp 480w\" sizes=\"(min-width: 0px) and (max-width: 480px) 480px, (min-width: 481px) and (max-width: 980px) 980px, (min-width: 981px) and (max-width: 1280px) 1280px, (min-width: 1281px) 1404px, 100vw\" \/><\/p>\n<h2><strong>Param\u00e8tre du v\u00e9rin hydraulique circulaire \u00e0 tourillon unique HROC\u00a0:<img loading=\"lazy\" decoding=\"async\" class=\"alignnone wp-image-1247 size-full\" src=\"https:\/\/hydraulic-cylinders.net\/wp-content\/uploads\/2023\/09\/hro-circular-hydraulic-cylinder-7.webp\" alt=\"\" width=\"1450\" height=\"1143\" srcset=\"https:\/\/hydraulic-cylinders.net\/wp-content\/uploads\/2023\/09\/hro-circular-hydraulic-cylinder-7.webp 1450w, https:\/\/hydraulic-cylinders.net\/wp-content\/uploads\/2023\/09\/hro-circular-hydraulic-cylinder-7-1280x1009.webp 1280w, https:\/\/hydraulic-cylinders.net\/wp-content\/uploads\/2023\/09\/hro-circular-hydraulic-cylinder-7-980x773.webp 980w, https:\/\/hydraulic-cylinders.net\/wp-content\/uploads\/2023\/09\/hro-circular-hydraulic-cylinder-7-480x378.webp 480w\" sizes=\"(min-width: 0px) and (max-width: 480px) 480px, (min-width: 481px) and (max-width: 980px) 980px, (min-width: 981px) and (max-width: 1280px) 1280px, (min-width: 1281px) 1450px, 100vw\" \/>\u00a0<\/strong><\/h2>\n<h2><strong>V\u00e9rin hydraulique circulaire \u00e0 tourillon simple HROC <\/strong><strong>Fiche technique du type de dent externe :<\/strong><\/h2>\n<h2><strong><img loading=\"lazy\" decoding=\"async\" class=\"alignnone wp-image-1248 size-full\" src=\"https:\/\/hydraulic-cylinders.net\/wp-content\/uploads\/2023\/09\/hro-circular-hydraulic-cylinder-8.webp\" alt=\"\" width=\"1448\" height=\"564\" srcset=\"https:\/\/hydraulic-cylinders.net\/wp-content\/uploads\/2023\/09\/hro-circular-hydraulic-cylinder-8.webp 1448w, https:\/\/hydraulic-cylinders.net\/wp-content\/uploads\/2023\/09\/hro-circular-hydraulic-cylinder-8-1280x499.webp 1280w, https:\/\/hydraulic-cylinders.net\/wp-content\/uploads\/2023\/09\/hro-circular-hydraulic-cylinder-8-980x382.webp 980w, https:\/\/hydraulic-cylinders.net\/wp-content\/uploads\/2023\/09\/hro-circular-hydraulic-cylinder-8-480x187.webp 480w\" sizes=\"(min-width: 0px) and (max-width: 480px) 480px, (min-width: 481px) and (max-width: 980px) 980px, (min-width: 981px) and (max-width: 1280px) 1280px, (min-width: 1281px) 1448px, 100vw\" \/><\/strong><\/h2>\n<h2><strong>V\u00e9rin hydraulique circulaire \u00e0 tourillon simple HROC <\/strong><strong>M\u00e9thode d'utilisation<\/strong><strong>:<\/strong><\/h2>\n<ol>\n<li><strong>Montage et installation :<\/strong>\n<ul>\n<li>D\u00e9terminez l'emplacement d'installation appropri\u00e9 pour les v\u00e9rins \u00e0 tourillon unique HROC en fonction des exigences sp\u00e9cifiques de votre \u00e9quipement ou machine.<\/li>\n<li>Assurez-vous que la surface de montage est bien plane et stable, et qu'elle peut supporter en toute s\u00e9curit\u00e9 le poids et la charge du cylindre.<\/li>\n<\/ul>\n<\/li>\n<li><strong>Connexion du syst\u00e8me hydraulique :<\/strong>\n<ul>\n<li>Connectez le v\u00e9rin hydraulique au syst\u00e8me hydraulique \u00e0 l\u2019aide d\u2019un tuyau ou d\u2019un tuyau hydraulique compatible.<\/li>\n<li>Assurez un alignement correct et des connexions s\u00e9curis\u00e9es pour \u00e9viter les fuites et garantir des performances optimales.<\/li>\n<\/ul>\n<\/li>\n<li><strong>Fonctionnement du cylindre :<\/strong>\n<ul>\n<li>Mettez en marche le syst\u00e8me hydraulique et lancez le mouvement du v\u00e9rin \u00e0 tourillon unique HROC.<\/li>\n<li>Le syst\u00e8me de commande hydraulique contr\u00f4le avec pr\u00e9cision l'extension, la r\u00e9traction et le positionnement du v\u00e9rin pour un fonctionnement efficace.<\/li>\n<\/ul>\n<\/li>\n<\/ol>\n<h2><strong>V\u00e9rin hydraulique circulaire \u00e0 tourillon simple HROC <\/strong><strong>Caract\u00e9ristiques<\/strong><strong>:<\/strong><\/h2>\n<ul>\n<li><strong>Conception innovante\u00a0:<\/strong>\u00a0 Le v\u00e9rin HROC \u00e0 simple tourillon b\u00e9n\u00e9ficie d'une conception de pointe qui optimise les performances, l'efficacit\u00e9 et la durabilit\u00e9.<\/li>\n<li><strong>Contr\u00f4le pr\u00e9cis :<\/strong>\u00a0 Ce v\u00e9rin hydraulique offre un contr\u00f4le sup\u00e9rieur du mouvement et du positionnement, permettant un fonctionnement pr\u00e9cis et efficace.<\/li>\n<li><strong>Capacit\u00e9 de charge \u00e9lev\u00e9e :<\/strong>\u00a0 Les v\u00e9rins HROC \u00e0 simple tourillon sont con\u00e7us pour supporter des charges importantes et r\u00e9sister aux applications industrielles exigeantes.<\/li>\n<li><strong>Applications polyvalentes :<\/strong>\u00a0 Le v\u00e9rin hydraulique poss\u00e8de une conception universelle, adapt\u00e9e \u00e0 la fabrication, \u00e0 la construction, \u00e0 la manutention et \u00e0 d'autres secteurs industriels.<\/li>\n<li><strong>Fiabilit\u00e9 et durabilit\u00e9 :<\/strong>\u00a0 Les v\u00e9rins \u00e0 tourillon unique HROC r\u00e9sistent aux conditions de fonctionnement difficiles, offrant des performances durables et minimisant les temps d'arr\u00eat.<\/li>\n<li><strong>Fonctionnement fluide :<\/strong>\u00a0 Le v\u00e9rin assure un fonctionnement fluide et fiable et minimise les vibrations et le bruit lors des mouvements hydrauliques.<\/li>\n<\/ul>\n<h2><strong>\u00c0 quel point est-il difficile de reconstruire un v\u00e9rin hydraulique\u00a0?<\/strong><\/h2>\n<p>La reconstruction d'un v\u00e9rin hydraulique peut \u00eatre une t\u00e2che complexe qui requiert des connaissances en m\u00e9canique, de l'exp\u00e9rience et des outils adapt\u00e9s. La difficult\u00e9 du processus peut varier selon la conception et l'\u00e9tat du v\u00e9rin. Voici quelques facteurs \u00e0 prendre en compte\u00a0:<\/p>\n<ol>\n<li><strong>Expertise et exp\u00e9rience :<\/strong><br \/>\nLa reconstruction d'un v\u00e9rin hydraulique n\u00e9cessite une bonne compr\u00e9hension de ses composants, de son fonctionnement et de son assemblage. Le processus peut \u00eatre plus facile si vous avez de l'exp\u00e9rience avec les syst\u00e8mes hydrauliques ou si vous avez d\u00e9j\u00e0 reconstruit des v\u00e9rins hydrauliques. Cependant, il est recommand\u00e9 de faire appel \u00e0 un professionnel si vous d\u00e9butez dans ce domaine.<\/li>\n<li><strong>Conception du cylindre :<\/strong><br \/>\nLa complexit\u00e9 de la reconstruction d'un v\u00e9rin hydraulique peut d\u00e9pendre de sa conception. Certains v\u00e9rins pr\u00e9sentent une construction plus simple, avec moins de composants internes, ce qui les rend relativement plus faciles \u00e0 reconstruire. Cependant, des techniques plus avanc\u00e9es, comme celles \u00e0 plusieurs \u00e9tages ou \u00e0 fonctions int\u00e9gr\u00e9es, peuvent \u00eatre plus complexes et difficiles \u00e0 d\u00e9monter, \u00e0 r\u00e9-\u00e9tanch\u00e9ifier et \u00e0 remonter correctement.<\/li>\n<li><strong>\u00c9tat du cylindre :<\/strong><br \/>\nL'\u00e9tat g\u00e9n\u00e9ral du v\u00e9rin hydraulique influence \u00e9galement le processus de reconstruction. Si le v\u00e9rin pr\u00e9sente des dommages importants, une usure importante ou de la corrosion, des r\u00e9parations suppl\u00e9mentaires ou le remplacement de pi\u00e8ces peuvent \u00eatre n\u00e9cessaires, ce qui complexifie la reconstruction. Une \u00e9valuation pr\u00e9alable de l'\u00e9tat du v\u00e9rin permettra de d\u00e9terminer l'ampleur des travaux n\u00e9cessaires.<\/li>\n<li><strong>Outils et \u00e9quipements :<\/strong><br \/>\nLa remise en \u00e9tat d'un v\u00e9rin hydraulique n\u00e9cessite souvent des outils et \u00e9quipements sp\u00e9cifiques, tels que des presses hydrauliques, des outils de pose de joints, des pinces \u00e0 circlips et des cl\u00e9s dynamom\u00e9triques. Disposer des outils n\u00e9cessaires et savoir les utiliser correctement est essentiel \u00e0 la r\u00e9ussite de la remise en \u00e9tat.<\/li>\n<li><strong>Remplacement et assemblage des joints :<\/strong><br \/>\nL'une des \u00e9tapes cruciales de la remise en \u00e9tat d'un v\u00e9rin hydraulique consiste \u00e0 remplacer les joints. Le choix et la pose corrects des joints sont essentiels au bon fonctionnement du v\u00e9rin et \u00e0 la pr\u00e9vention des fuites. Cette op\u00e9ration exige pr\u00e9cision et minutie. De plus, le remontage des composants du v\u00e9rin dans l'ordre et l'alignement corrects est indispensable \u00e0 son fonctionnement optimal.<\/li>\n<li><strong>Tests et v\u00e9rifications :<\/strong><br \/>\nApr\u00e8s avoir remont\u00e9 le v\u00e9rin hydraulique, il est essentiel de proc\u00e9der \u00e0 des tests approfondis pour garantir son bon fonctionnement. Ces tests peuvent inclure des tests de pression, des v\u00e9rifications d'\u00e9tanch\u00e9it\u00e9 et la v\u00e9rification de l'amplitude de mouvement et des performances du v\u00e9rin. Des tests appropri\u00e9s permettent d'identifier les probl\u00e8mes et de garantir la s\u00e9curit\u00e9 et la fiabilit\u00e9 du v\u00e9rin.<\/li>\n<\/ol>\n<h2><strong>Capacit\u00e9 de l'usine :<\/strong><\/h2>\n<h3>(1) Assemblage<\/h3>\n<p>Nous disposons d'une plateforme d'assemblage ind\u00e9pendante de recherche et d\u00e9veloppement de premier ordre. Notre atelier de production de v\u00e9rins hydrauliques dispose de quatre lignes d'assemblage semi-automatiques de v\u00e9rins de levage et d'une ligne d'assemblage automatique de v\u00e9rins d'inclinaison, pour une capacit\u00e9 de production annuelle pr\u00e9vue d'un million de pi\u00e8ces. L'atelier de v\u00e9rins sp\u00e9ciaux est \u00e9quip\u00e9 d'un syst\u00e8me d'assemblage de nettoyage semi-automatique de diverses sp\u00e9cifications, d'une capacit\u00e9 de production annuelle pr\u00e9vue de 200\u00a0000 pi\u00e8ces et dispose d'\u00e9quipements d'usinage CNC de pointe, d'un centre d'usinage, d'\u00e9quipements sp\u00e9ciaux d'usinage de haute pr\u00e9cision, d'une machine de soudage robotis\u00e9e, d'une machine de nettoyage automatique, d'une machine d'assemblage automatique de v\u00e9rins et d'une ligne de peinture automatique. Nous disposons de plus de 300 \u00e9quipements critiques. L'allocation optimale et l'utilisation efficace des ressources garantissent la pr\u00e9cision et la qualit\u00e9 des produits.<\/p>\n<p><img loading=\"lazy\" decoding=\"async\" class=\"alignnone wp-image-626\" src=\"https:\/\/hydraulic-cylinders.net\/wp-content\/uploads\/2023\/08\/hydraulic-cylinder-product-1-300x158.webp\" alt=\"\" width=\"495\" height=\"260\" srcset=\"https:\/\/hydraulic-cylinders.net\/wp-content\/uploads\/2023\/08\/hydraulic-cylinder-product-1-300x158.webp 495w, https:\/\/hydraulic-cylinders.net\/wp-content\/uploads\/2023\/08\/hydraulic-cylinder-product-1-480x252.webp 480w\" sizes=\"(min-width: 0px) and (max-width: 480px) 480px, (min-width: 481px) 495px, 100vw\" \/> <img loading=\"lazy\" decoding=\"async\" class=\"alignnone wp-image-627\" src=\"https:\/\/hydraulic-cylinders.net\/wp-content\/uploads\/2023\/08\/hydraulic-cylinder-product-2-300x189.webp\" alt=\"\" width=\"413\" height=\"260\" \/><\/p>\n<h3>(2) Usinage<\/h3>\n<p>L'atelier d'usinage est \u00e9quip\u00e9 d'un centre de tournage sur rail inclin\u00e9 personnalis\u00e9, d'un centre d'usinage, d'une machine \u00e0 honer \u00e0 grande vitesse, d'un robot de soudage et d'autres \u00e9quipements connexes, qui peuvent traiter des tubes cylindriques d'un diam\u00e8tre int\u00e9rieur maximal de 400 mm et d'une longueur maximale de 6 m\u00e8tres.<\/p>\n<p><img loading=\"lazy\" decoding=\"async\" class=\"alignnone wp-image-628 size-large\" src=\"https:\/\/hydraulic-cylinders.net\/wp-content\/uploads\/2023\/08\/hydraulic-cylinder-product-3-1024x391.webp\" alt=\"\" width=\"1024\" height=\"391\" srcset=\"https:\/\/hydraulic-cylinders.net\/wp-content\/uploads\/2023\/08\/hydraulic-cylinder-product-3-980x374.webp 980w, https:\/\/hydraulic-cylinders.net\/wp-content\/uploads\/2023\/08\/hydraulic-cylinder-product-3-480x183.webp 480w\" sizes=\"(min-width: 0px) and (max-width: 480px) 480px, (min-width: 481px) and (max-width: 980px) 980px, (min-width: 981px) 1024px, 100vw\" \/><\/p>\n<h3>(3) Soudage<\/h3>\n<p><img loading=\"lazy\" decoding=\"async\" class=\"alignnone wp-image-629 size-large\" src=\"https:\/\/hydraulic-cylinders.net\/wp-content\/uploads\/2023\/08\/hydraulic-cylinder-product-4-1024x510.webp\" alt=\"\" width=\"1024\" height=\"510\" srcset=\"https:\/\/hydraulic-cylinders.net\/wp-content\/uploads\/2023\/08\/hydraulic-cylinder-product-4-980x488.webp 980w, https:\/\/hydraulic-cylinders.net\/wp-content\/uploads\/2023\/08\/hydraulic-cylinder-product-4-480x239.webp 480w\" sizes=\"(min-width: 0px) and (max-width: 480px) 480px, (min-width: 481px) and (max-width: 980px) 980px, (min-width: 981px) 1024px, 100vw\" \/><\/p>\n<h3>(4) Peinture et rev\u00eatement<\/h3>\n<p>Avec des lignes de rev\u00eatement de peinture \u00e0 base d'eau automatiques \u00e0 cylindre de petite et moyenne taille, pour r\u00e9aliser le chargement et le d\u00e9chargement automatiques par robot et la pulv\u00e9risation automatique, la capacit\u00e9 de conception est de 4 000 pi\u00e8ces par \u00e9quipe ;<br \/>\nNous disposons \u00e9galement d'une ligne de production de peinture semi-automatique pour gros cylindres, aliment\u00e9e par une cha\u00eene de traction, d'une capacit\u00e9 de conception de 60 caisses par \u00e9quipe.<\/p>\n<p><img loading=\"lazy\" decoding=\"async\" class=\"alignnone wp-image-630\" src=\"https:\/\/hydraulic-cylinders.net\/wp-content\/uploads\/2023\/08\/hydraulic-cylinder-product-5-300x213.webp\" alt=\"\" width=\"366\" height=\"260\" \/> <img loading=\"lazy\" decoding=\"async\" class=\"alignnone wp-image-631\" src=\"https:\/\/hydraulic-cylinders.net\/wp-content\/uploads\/2023\/08\/hydraulic-cylinder-product-6-300x225.webp\" alt=\"\" width=\"347\" height=\"260\" \/><\/p>\n<h3>(5) Essais<\/h3>\n<p>Nous disposons d'installations d'inspection et de bancs d'essai de premier ordre pour garantir que les performances de la bouteille sont conformes aux exigences.<\/p>\n<p><img loading=\"lazy\" decoding=\"async\" class=\"alignnone wp-image-632\" src=\"https:\/\/hydraulic-cylinders.net\/wp-content\/uploads\/2023\/08\/hydraulic-cylinder-product-8-300x200.webp\" alt=\"\" width=\"389\" height=\"260\" \/><\/p>\n<p>&nbsp;<\/p>\n<p>&nbsp;<\/p>\n<p>Nous sommes l'un des meilleurs fabricants de v\u00e9rins hydrauliques m\u00e9tallurgiques. Nous proposons un stock complet de v\u00e9rins hydrauliques m\u00e9tallurgiques. Nous fournissons \u00e9galement les v\u00e9rins correspondants. <a href=\"https:\/\/hzpt.com\/agricultural-pto-gearbox\/\" target=\"_blank\" rel=\"noopener\">bo\u00eetes de vitesses agricoles<\/a>Nous exportons nos produits dans le monde entier et nous avons acquis une excellente r\u00e9putation gr\u00e2ce \u00e0 la qualit\u00e9 sup\u00e9rieure de nos produits et \u00e0 notre service apr\u00e8s-vente. Nous invitons nos clients, nationaux et internationaux, \u00e0 nous contacter pour n\u00e9gocier, \u00e9changer des informations et\u2026 <a href=\"https:\/\/www.hydraulic-cylinders.net\/fr\/contact-us\/\">coop\u00e9rer avec nous<\/a>!<\/p>\n<h2><\/h2>\n<h2><\/h2>","protected":false},"excerpt":{"rendered":"<p>HROC Single Trunnion Type Circular Hydraulic Cylinder The HROC single trunnion type circular hydraulic cylinder is a cutting-edge hydraulic element designed to provide reliable and efficient power transmission for a variety of industrial applications. With its innovative design and superior performance, this hydraulic cylinder offers precise control, durability, and versatility. Whether in manufacturing, construction, or [&hellip;]<\/p>","protected":false},"featured_media":1258,"comment_status":"open","ping_status":"closed","template":"","meta":{"_et_pb_use_builder":"","_et_pb_old_content":"","_et_gb_content_width":""},"product_brand":[],"product_cat":[1526,1550,1376],"product_tag":[1380],"class_list":{"0":"post-1243","1":"product","2":"type-product","3":"status-publish","4":"has-post-thumbnail","6":"product_cat-assembly-line-hydraulic-cylinders","7":"product_cat-double-acting-hydraulic-cylinder","8":"product_cat-hydraulic-cylinder","9":"product_tag-hydraulic-cylinder","11":"first","12":"instock","13":"shipping-taxable","14":"product-type-simple"},"amp_enabled":true,"_links":{"self":[{"href":"https:\/\/www.hydraulic-cylinders.net\/fr\/wp-json\/wp\/v2\/product\/1243","targetHints":{"allow":["GET"]}}],"collection":[{"href":"https:\/\/www.hydraulic-cylinders.net\/fr\/wp-json\/wp\/v2\/product"}],"about":[{"href":"https:\/\/www.hydraulic-cylinders.net\/fr\/wp-json\/wp\/v2\/types\/product"}],"replies":[{"embeddable":true,"href":"https:\/\/www.hydraulic-cylinders.net\/fr\/wp-json\/wp\/v2\/comments?post=1243"}],"wp:featuredmedia":[{"embeddable":true,"href":"https:\/\/www.hydraulic-cylinders.net\/fr\/wp-json\/wp\/v2\/media\/1258"}],"wp:attachment":[{"href":"https:\/\/www.hydraulic-cylinders.net\/fr\/wp-json\/wp\/v2\/media?parent=1243"}],"wp:term":[{"taxonomy":"product_brand","embeddable":true,"href":"https:\/\/www.hydraulic-cylinders.net\/fr\/wp-json\/wp\/v2\/product_brand?post=1243"},{"taxonomy":"product_cat","embeddable":true,"href":"https:\/\/www.hydraulic-cylinders.net\/fr\/wp-json\/wp\/v2\/product_cat?post=1243"},{"taxonomy":"product_tag","embeddable":true,"href":"https:\/\/www.hydraulic-cylinders.net\/fr\/wp-json\/wp\/v2\/product_tag?post=1243"}],"curies":[{"name":"wp","href":"https:\/\/api.w.org\/{rel}","templated":true}]}}