{"id":1272,"date":"2023-09-15T08:13:33","date_gmt":"2023-09-15T08:13:33","guid":{"rendered":"https:\/\/hydraulic-cylinders.net\/?post_type=product&#038;p=1272"},"modified":"2025-04-11T05:25:53","modified_gmt":"2025-04-11T05:25:53","slug":"cx-series-biaxial-compact-hydraulic-cylinder","status":"publish","type":"product","link":"https:\/\/www.hydraulic-cylinders.net\/fr\/produit\/cx-series-biaxial-compact-hydraulic-cylinder\/","title":{"rendered":"V\u00e9rin hydraulique compact biaxial s\u00e9rie CX"},"content":{"rendered":"<h1 style=\"text-align: center;\"><strong>V\u00e9rin hydraulique compact biaxial s\u00e9rie CX<\/strong><\/h1>\n<p>Le v\u00e9rin hydraulique compact \u00e0 deux axes de la s\u00e9rie CX est un \u00e9l\u00e9ment hydraulique de pointe con\u00e7u pour une transmission de puissance efficace et fiable dans diverses applications industrielles. Gr\u00e2ce \u00e0 sa conception compacte, ses performances sup\u00e9rieures et sa durabilit\u00e9, ce v\u00e9rin hydraulique offre un contr\u00f4le pr\u00e9cis et une grande polyvalence. Qu'il soit utilis\u00e9 dans les secteurs de la fabrication, de la manutention ou de la construction, les v\u00e9rins hydrauliques compacts \u00e0 deux axes de la s\u00e9rie CX sont con\u00e7us pour optimiser le fonctionnement hydraulique et augmenter la productivit\u00e9.<\/p>\n<p>Les v\u00e9rins compacts de la s\u00e9rie CX sont utilis\u00e9s pour le serrage des v\u00e9rins. Leur installation est compacte. Notre usine dispose d'\u00e9quipements hydrauliques de pointe, notamment de centres d'usinage verticaux et horizontaux, ainsi que de v\u00e9rins hydrauliques de moyenne et grande taille. La technologie de production des v\u00e9rins fins est excellente.<\/p>\n<p><img loading=\"lazy\" decoding=\"async\" class=\"wp-image-1275 aligncenter\" src=\"https:\/\/hydraulic-cylinders.net\/wp-content\/uploads\/2023\/09\/cx-compact-hydraulic-cylinder-1-300x300.webp\" alt=\"\" width=\"400\" height=\"400\" \/><\/p>\n<h2><strong>Description du mod\u00e8le de v\u00e9rin hydraulique compact biaxial s\u00e9rie CX\u00a0:<\/strong><\/h2>\n<p><img loading=\"lazy\" decoding=\"async\" class=\"alignnone size-full wp-image-323127\" src=\"https:\/\/hzpt.com\/wp-content\/uploads\/2023\/09\/cx-compact-hydraulic-cylinder-2.webp\" alt=\"\" width=\"730\" height=\"119\" \/><\/p>\n<h2><strong>V\u00e9rin hydraulique compact biaxial s\u00e9rie CX <\/strong><strong>Caract\u00e9ristiques<\/strong>:<\/h2>\n<p><img loading=\"lazy\" decoding=\"async\" class=\"alignnone size-full wp-image-323128\" src=\"https:\/\/hzpt.com\/wp-content\/uploads\/2023\/09\/cx-compact-hydraulic-cylinder-3.webp\" alt=\"\" width=\"730\" height=\"87\" \/><\/p>\n<h2><strong>Param\u00e8tre du v\u00e9rin hydraulique compact biaxial s\u00e9rie CX\u00a0:<\/strong><\/h2>\n<p><img loading=\"lazy\" decoding=\"async\" class=\"alignnone wp-image-1274 size-full\" src=\"https:\/\/hydraulic-cylinders.net\/wp-content\/uploads\/2023\/09\/cx-compact-hydraulic-cylinder-5.webp\" alt=\"\" width=\"730\" height=\"871\" srcset=\"https:\/\/hydraulic-cylinders.net\/wp-content\/uploads\/2023\/09\/cx-compact-hydraulic-cylinder-5.webp 730w, https:\/\/hydraulic-cylinders.net\/wp-content\/uploads\/2023\/09\/cx-compact-hydraulic-cylinder-5-480x573.webp 480w\" sizes=\"(min-width: 0px) and (max-width: 480px) 480px, (min-width: 481px) 730px, 100vw\" \/><\/p>\n<h2><strong>V\u00e9rin hydraulique compact biaxial s\u00e9rie CX <\/strong><strong>Principales caract\u00e9ristiques et avantages<\/strong><strong>:<\/strong><\/h2>\n<ol>\n<li><strong>Conception compacte :<\/strong>\n<ul>\n<li>Les v\u00e9rins hydrauliques compacts \u00e0 deux essieux de la s\u00e9rie CX pr\u00e9sentent une conception peu encombrante qui les rend adapt\u00e9s aux applications avec des zones de montage limit\u00e9es.<\/li>\n<li>Sa taille compacte permet une int\u00e9gration facile dans divers param\u00e8tres d'appareils, optimisant ainsi l'utilisation de l'espace.<\/li>\n<\/ul>\n<\/li>\n<li><strong>Contr\u00f4le pr\u00e9cis :<\/strong>\n<ul>\n<li>Ce v\u00e9rin hydraulique offre un contr\u00f4le sup\u00e9rieur du mouvement et du positionnement, permettant un fonctionnement pr\u00e9cis et efficace.<\/li>\n<li>Le m\u00e9canisme de contr\u00f4le pr\u00e9cis garantit un mouvement fluide et contr\u00f4lable et am\u00e9liore l'efficacit\u00e9 globale de la production.<\/li>\n<\/ul>\n<\/li>\n<li><strong>Haute performance :<\/strong>\n<ul>\n<li>Les v\u00e9rins hydrauliques compacts \u00e0 deux axes de la s\u00e9rie CX sont con\u00e7us pour offrir des capacit\u00e9s de transmission de puissance hautes performances.<\/li>\n<li>Il peut g\u00e9rer des charges lourdes et des applications industrielles exigeantes, garantissant des performances fiables et constantes.<\/li>\n<\/ul>\n<\/li>\n<li><strong>Applications polyvalentes :<\/strong>\n<ul>\n<li>Les v\u00e9rins hydrauliques compacts \u00e0 deux essieux de la s\u00e9rie CX sont con\u00e7us pour une vari\u00e9t\u00e9 d'industries, notamment la fabrication, la manutention et la construction.<\/li>\n<li>Il peut \u00eatre utilis\u00e9 dans divers \u00e9quipements tels que des presses, des compacteurs, des chargeurs, etc.<\/li>\n<\/ul>\n<\/li>\n<\/ol>\n<h2><strong>V\u00e9rin hydraulique compact biaxial s\u00e9rie CX <\/strong><strong>M\u00e9thode d'utilisation<\/strong><strong>:<\/strong><\/h2>\n<ol>\n<li><strong>Montage et installation :<\/strong>\n<ul>\n<li>D\u00e9terminez l'emplacement de montage appropri\u00e9 pour le v\u00e9rin hydraulique compact \u00e0 deux essieux de la s\u00e9rie CX en fonction des exigences sp\u00e9cifiques de votre \u00e9quipement ou de votre machine.<\/li>\n<li>Assurez-vous que la surface de montage est solide, plane et peut supporter en toute s\u00e9curit\u00e9 le poids et la charge du cylindre.<\/li>\n<\/ul>\n<\/li>\n<li><strong>Connexion du syst\u00e8me hydraulique :<\/strong>\n<ul>\n<li>Connectez le v\u00e9rin hydraulique au syst\u00e8me hydraulique \u00e0 l\u2019aide d\u2019un tuyau ou d\u2019un tuyau hydraulique compatible.<\/li>\n<li>Un alignement correct et des connexions serr\u00e9es emp\u00eachent les fuites et garantissent des performances optimales.<\/li>\n<\/ul>\n<\/li>\n<li><strong>Fonctionnement du cylindre :<\/strong>\n<ul>\n<li>D\u00e9marrez le syst\u00e8me hydraulique et d\u00e9marrez le mouvement du v\u00e9rin hydraulique compact \u00e0 deux axes de la s\u00e9rie CX.<\/li>\n<\/ul>\n<\/li>\n<\/ol>\n<h2><strong>Comment remplacer les joints dans un v\u00e9rin hydraulique ?<\/strong><\/h2>\n<p>Pour retirer un v\u00e9rin hydraulique d\u2019une chaise, suivez ces \u00e9tapes\u00a0:<\/p>\n<ol>\n<li><strong>Pr\u00e9parez l'espace de travail :<\/strong>\n<ul>\n<li>D\u00e9gagez la zone autour de la chaise pour cr\u00e9er un espace de travail s\u00fbr et d\u00e9gag\u00e9.<\/li>\n<li>Placez une housse ou un chiffon de protection sur le sol pour \u00e9viter d\u2019endommager la chaise ou les surfaces environnantes.<\/li>\n<\/ul>\n<\/li>\n<li><strong>Baisser la chaise :<\/strong>\n<ul>\n<li>Utilisez le levier de r\u00e9glage ou le m\u00e9canisme de commande de la chaise pour l'abaisser \u00e0 sa position la plus basse.<\/li>\n<li>Cette \u00e9tape garantit que le cylindre est enti\u00e8rement comprim\u00e9, ce qui facilite son retrait.<\/li>\n<\/ul>\n<\/li>\n<li><strong>Localiser le cylindre :<\/strong>\n<ul>\n<li>Identifiez le v\u00e9rin hydraulique de la chaise. Il est g\u00e9n\u00e9ralement situ\u00e9 pr\u00e8s de la base et est reli\u00e9 \u00e0 l'assise ou au m\u00e9canisme de la chaise.<\/li>\n<\/ul>\n<\/li>\n<li><strong>Retirer le si\u00e8ge de la chaise :<\/strong>\n<ul>\n<li>Si le si\u00e8ge de la chaise est amovible, localisez les vis ou les boulons de montage qui le fixent au cylindre ou \u00e0 la base de la chaise.<\/li>\n<li>Utilisez l\u2019outil appropri\u00e9, tel qu\u2019un tournevis ou une cl\u00e9, pour retirer les vis ou les boulons.<\/li>\n<li>Soulevez le si\u00e8ge de la chaise, exposant ainsi le v\u00e9rin hydraulique.<\/li>\n<\/ul>\n<\/li>\n<li><strong>Soutenir le pr\u00e9sident :<\/strong>\n<ul>\n<li>\u00c9tant donn\u00e9 que la chaise sera instable sans le si\u00e8ge, pr\u00e9voyez un support pour \u00e9viter qu'elle ne bascule.<\/li>\n<li>Utilisez un objet solide, comme une bo\u00eete ou un bloc de bois, pour soutenir la structure restante de la chaise.<\/li>\n<\/ul>\n<\/li>\n<li><strong>D\u00e9connecter le cylindre :<\/strong>\n<ul>\n<li>Examinez les points de connexion entre le v\u00e9rin hydraulique et le m\u00e9canisme ou la base de la chaise.<\/li>\n<li>Selon la conception de la chaise, vous pouvez trouver des supports de montage, des clips ou des vis fixant le cylindre.<\/li>\n<li>Retirez toutes les fixations qui maintiennent le cylindre en place \u00e0 l\u2019aide des outils appropri\u00e9s.<\/li>\n<li>Une fois les fixations retir\u00e9es, tirez ou remuez doucement le cylindre pour le d\u00e9tacher de la chaise.<\/li>\n<\/ul>\n<\/li>\n<li><strong>Remplacer ou \u00e9liminer le cylindre :<\/strong>\n<ul>\n<li>Si vous remplacez le v\u00e9rin hydraulique, assurez-vous d'avoir un remplacement compatible qui correspond aux sp\u00e9cifications de l'ancien v\u00e9rin.<\/li>\n<li>Si n\u00e9cessaire, consultez le fabricant de la chaise ou un professionnel pour obtenir le cylindre de remplacement appropri\u00e9.<\/li>\n<li>Si vous jetez la bouteille, respectez les r\u00e9glementations et directives locales pour une \u00e9limination appropri\u00e9e.<\/li>\n<\/ul>\n<\/li>\n<li><strong>Remonter la chaise :<\/strong>\n<ul>\n<li>Refixez le si\u00e8ge de la chaise en alignant les trous de vis et en les fixant avec les vis ou boulons appropri\u00e9s si vous avez retir\u00e9 le si\u00e8ge de la chaise.<\/li>\n<li>Assurez-vous que le si\u00e8ge est fermement fix\u00e9 et stable avant de r\u00e9utiliser la chaise.<\/li>\n<\/ul>\n<\/li>\n<\/ol>\n<h2><strong>Capacit\u00e9 de l'usine :<\/strong><\/h2>\n<h3>(1) Assemblage<\/h3>\n<p>Nous disposons d'une plateforme d'assemblage ind\u00e9pendante de recherche et d\u00e9veloppement de premier ordre. Notre atelier de production de v\u00e9rins hydrauliques dispose de quatre lignes d'assemblage semi-automatiques de v\u00e9rins de levage et d'une ligne d'assemblage automatique de v\u00e9rins d'inclinaison, pour une capacit\u00e9 de production annuelle pr\u00e9vue d'un million de pi\u00e8ces. L'atelier de v\u00e9rins sp\u00e9ciaux est \u00e9quip\u00e9 d'un syst\u00e8me d'assemblage de nettoyage semi-automatique de diverses sp\u00e9cifications, d'une capacit\u00e9 de production annuelle pr\u00e9vue de 200\u00a0000 pi\u00e8ces et dispose d'\u00e9quipements d'usinage CNC de pointe, d'un centre d'usinage, d'\u00e9quipements sp\u00e9ciaux d'usinage de haute pr\u00e9cision, d'une machine de soudage robotis\u00e9e, d'une machine de nettoyage automatique, d'une machine d'assemblage automatique de v\u00e9rins et d'une ligne de peinture automatique. Nous disposons de plus de 300 \u00e9quipements critiques. L'allocation optimale et l'utilisation efficace des ressources garantissent la pr\u00e9cision et la qualit\u00e9 des produits.<\/p>\n<p><img loading=\"lazy\" decoding=\"async\" class=\"alignnone wp-image-626\" src=\"https:\/\/hydraulic-cylinders.net\/wp-content\/uploads\/2023\/08\/hydraulic-cylinder-product-1-300x158.webp\" alt=\"\" width=\"495\" height=\"260\" srcset=\"https:\/\/hydraulic-cylinders.net\/wp-content\/uploads\/2023\/08\/hydraulic-cylinder-product-1-300x158.webp 495w, https:\/\/hydraulic-cylinders.net\/wp-content\/uploads\/2023\/08\/hydraulic-cylinder-product-1-480x252.webp 480w\" sizes=\"(min-width: 0px) and (max-width: 480px) 480px, (min-width: 481px) 495px, 100vw\" \/> <img loading=\"lazy\" decoding=\"async\" class=\"alignnone wp-image-627\" src=\"https:\/\/hydraulic-cylinders.net\/wp-content\/uploads\/2023\/08\/hydraulic-cylinder-product-2-300x189.webp\" alt=\"\" width=\"413\" height=\"260\" \/><\/p>\n<h3>(2) Usinage<\/h3>\n<p>L'atelier d'usinage est \u00e9quip\u00e9 d'un centre de tournage sur rail inclin\u00e9 personnalis\u00e9, d'un centre d'usinage, d'une machine \u00e0 honer \u00e0 grande vitesse, d'un robot de soudage et d'autres \u00e9quipements connexes, qui peuvent traiter des tubes cylindriques d'un diam\u00e8tre int\u00e9rieur maximal de 400 mm et d'une longueur maximale de 6 m\u00e8tres.<\/p>\n<p><img loading=\"lazy\" decoding=\"async\" class=\"alignnone wp-image-628 size-large\" src=\"https:\/\/hydraulic-cylinders.net\/wp-content\/uploads\/2023\/08\/hydraulic-cylinder-product-3-1024x391.webp\" alt=\"\" width=\"1024\" height=\"391\" srcset=\"https:\/\/hydraulic-cylinders.net\/wp-content\/uploads\/2023\/08\/hydraulic-cylinder-product-3-980x374.webp 980w, https:\/\/hydraulic-cylinders.net\/wp-content\/uploads\/2023\/08\/hydraulic-cylinder-product-3-480x183.webp 480w\" sizes=\"(min-width: 0px) and (max-width: 480px) 480px, (min-width: 481px) and (max-width: 980px) 980px, (min-width: 981px) 1024px, 100vw\" \/><\/p>\n<h3>(3) Soudage<\/h3>\n<p><img loading=\"lazy\" decoding=\"async\" class=\"alignnone wp-image-629 size-large\" src=\"https:\/\/hydraulic-cylinders.net\/wp-content\/uploads\/2023\/08\/hydraulic-cylinder-product-4-1024x510.webp\" alt=\"\" width=\"1024\" height=\"510\" srcset=\"https:\/\/hydraulic-cylinders.net\/wp-content\/uploads\/2023\/08\/hydraulic-cylinder-product-4-980x488.webp 980w, https:\/\/hydraulic-cylinders.net\/wp-content\/uploads\/2023\/08\/hydraulic-cylinder-product-4-480x239.webp 480w\" sizes=\"(min-width: 0px) and (max-width: 480px) 480px, (min-width: 481px) and (max-width: 980px) 980px, (min-width: 981px) 1024px, 100vw\" \/><\/p>\n<h3>(4) Peinture et rev\u00eatement<\/h3>\n<p>Avec des lignes de rev\u00eatement de peinture \u00e0 base d'eau automatiques \u00e0 cylindre de petite et moyenne taille, pour r\u00e9aliser le chargement et le d\u00e9chargement automatiques par robot et la pulv\u00e9risation automatique, la capacit\u00e9 de conception est de 4 000 pi\u00e8ces par \u00e9quipe ;<br \/>\nNous disposons \u00e9galement d'une ligne de production de peinture semi-automatique pour gros cylindres, aliment\u00e9e par une cha\u00eene de traction, d'une capacit\u00e9 de conception de 60 caisses par \u00e9quipe.<\/p>\n<p><img loading=\"lazy\" decoding=\"async\" class=\"alignnone wp-image-630\" src=\"https:\/\/hydraulic-cylinders.net\/wp-content\/uploads\/2023\/08\/hydraulic-cylinder-product-5-300x213.webp\" alt=\"\" width=\"366\" height=\"260\" \/> <img loading=\"lazy\" decoding=\"async\" class=\"alignnone wp-image-631\" src=\"https:\/\/hydraulic-cylinders.net\/wp-content\/uploads\/2023\/08\/hydraulic-cylinder-product-6-300x225.webp\" alt=\"\" width=\"347\" height=\"260\" \/><\/p>\n<h3>(5) Essais<\/h3>\n<p>Nous disposons d'installations d'inspection et de bancs d'essai de premier ordre pour garantir que les performances de la bouteille sont conformes aux exigences.<\/p>\n<p><img loading=\"lazy\" decoding=\"async\" class=\"alignnone wp-image-632\" src=\"https:\/\/hydraulic-cylinders.net\/wp-content\/uploads\/2023\/08\/hydraulic-cylinder-product-8-300x200.webp\" alt=\"\" width=\"389\" height=\"260\" \/><\/p>\n<p>&nbsp;<\/p>\n<p>&nbsp;<\/p>\n<p>Nous sommes l'un des meilleurs fabricants de v\u00e9rins hydrauliques compacts. Nous proposons un stock complet de v\u00e9rins hydrauliques compacts. Nous fournissons \u00e9galement les v\u00e9rins correspondants. <a href=\"https:\/\/hzpt.com\/agricultural-pto-gearbox\/\" target=\"_blank\" rel=\"noopener\">bo\u00eetes de vitesses agricoles<\/a>Nous exportons nos produits dans le monde entier et nous avons acquis une excellente r\u00e9putation gr\u00e2ce \u00e0 la qualit\u00e9 sup\u00e9rieure de nos produits et \u00e0 notre service apr\u00e8s-vente. Nous invitons nos clients, nationaux et internationaux, \u00e0 nous contacter pour n\u00e9gocier, \u00e9changer des informations et\u2026 <a href=\"https:\/\/www.hydraulic-cylinders.net\/fr\/contact-us\/\">coop\u00e9rer avec nous<\/a>!<\/p>\n<p>&nbsp;<\/p>","protected":false},"excerpt":{"rendered":"<p>CX Series Biaxial Compact Hydraulic Cylinder The cx Series two-axis compact hydraulic cylinder is a cutting-edge hydraulic element designed to provide efficient and reliable power transmission for a variety of industrial applications. With its compact design, superior performance and durability, this hydraulic cylinder offers precise control and versatility. Whether used in manufacturing, material handling or [&hellip;]<\/p>","protected":false},"featured_media":1276,"comment_status":"open","ping_status":"closed","template":"","meta":{"_et_pb_use_builder":"","_et_pb_old_content":"","_et_gb_content_width":""},"product_brand":[],"product_cat":[1526,1550,1376],"product_tag":[1380],"class_list":{"0":"post-1272","1":"product","2":"type-product","3":"status-publish","4":"has-post-thumbnail","6":"product_cat-assembly-line-hydraulic-cylinders","7":"product_cat-double-acting-hydraulic-cylinder","8":"product_cat-hydraulic-cylinder","9":"product_tag-hydraulic-cylinder","11":"first","12":"instock","13":"shipping-taxable","14":"product-type-simple"},"amp_enabled":true,"_links":{"self":[{"href":"https:\/\/www.hydraulic-cylinders.net\/fr\/wp-json\/wp\/v2\/product\/1272","targetHints":{"allow":["GET"]}}],"collection":[{"href":"https:\/\/www.hydraulic-cylinders.net\/fr\/wp-json\/wp\/v2\/product"}],"about":[{"href":"https:\/\/www.hydraulic-cylinders.net\/fr\/wp-json\/wp\/v2\/types\/product"}],"replies":[{"embeddable":true,"href":"https:\/\/www.hydraulic-cylinders.net\/fr\/wp-json\/wp\/v2\/comments?post=1272"}],"wp:featuredmedia":[{"embeddable":true,"href":"https:\/\/www.hydraulic-cylinders.net\/fr\/wp-json\/wp\/v2\/media\/1276"}],"wp:attachment":[{"href":"https:\/\/www.hydraulic-cylinders.net\/fr\/wp-json\/wp\/v2\/media?parent=1272"}],"wp:term":[{"taxonomy":"product_brand","embeddable":true,"href":"https:\/\/www.hydraulic-cylinders.net\/fr\/wp-json\/wp\/v2\/product_brand?post=1272"},{"taxonomy":"product_cat","embeddable":true,"href":"https:\/\/www.hydraulic-cylinders.net\/fr\/wp-json\/wp\/v2\/product_cat?post=1272"},{"taxonomy":"product_tag","embeddable":true,"href":"https:\/\/www.hydraulic-cylinders.net\/fr\/wp-json\/wp\/v2\/product_tag?post=1272"}],"curies":[{"name":"wp","href":"https:\/\/api.w.org\/{rel}","templated":true}]}}