{"id":1286,"date":"2023-09-15T08:52:26","date_gmt":"2023-09-15T08:52:26","guid":{"rendered":"https:\/\/hydraulic-cylinders.net\/?post_type=product&#038;p=1286"},"modified":"2025-03-27T01:00:52","modified_gmt":"2025-03-27T01:00:52","slug":"earring-joint-two-stage-telescopic-hydraulic-cylinder","status":"publish","type":"product","link":"https:\/\/www.hydraulic-cylinders.net\/fr\/produit\/earring-joint-two-stage-telescopic-hydraulic-cylinder\/","title":{"rendered":"Earring Joint Two Stage Telescopic Hydraulic Cylinder"},"content":{"rendered":"<h1 style=\"text-align: center;\"><strong>Earring Joint Two Stage Telescopic Hydraulic Cylinder<\/strong><\/h1>\n<p>The earring joint two-stage telescopic hydraulic cylinder is a cutting-edge hydraulic device designed to provide efficient power transmission in a variety of industrial applications. With its innovative design, superior performance and versatility, this hydraulic cylinder offers precise control and increased productivity. Whether used in construction, material handling, or agricultural machinery, earring Joint two-stage telescopic hydraulic cylinders are designed to optimize hydraulic operation and provide outstanding results.<\/p>\n<p>Les v\u00e9rins compacts de la s\u00e9rie CX sont utilis\u00e9s pour le serrage. Leur installation est simple. Notre usine dispose d'\u00e9quipements hydrauliques de pointe, notamment un centre d'usinage vertical et horizontal ainsi que des v\u00e9rins hydrauliques de moyenne et grande taille. Notre technologie de production de v\u00e9rins fins est excellente.<\/p>\n<p><img loading=\"lazy\" decoding=\"async\" class=\"aligncenter wp-image-1287\" src=\"https:\/\/hydraulic-cylinders.net\/wp-content\/uploads\/2023\/09\/two-stage-telescopic-hydraulic-cylinder-3-300x300.webp\" alt=\"\" width=\"400\" height=\"400\" \/><\/p>\n<h2><strong>Earring Joint Two Stage Telescopic Hydraulic Cylinder Parameter:<\/strong><\/h2>\n<p><img loading=\"lazy\" decoding=\"async\" class=\"alignnone wp-image-1289 size-full\" src=\"https:\/\/hydraulic-cylinders.net\/wp-content\/uploads\/2023\/09\/two-stage-telescopic-hydraulic-cylinder-3-2.webp\" alt=\"\" width=\"1430\" height=\"1123\" srcset=\"https:\/\/hydraulic-cylinders.net\/wp-content\/uploads\/2023\/09\/two-stage-telescopic-hydraulic-cylinder-3-2.webp 1430w, https:\/\/hydraulic-cylinders.net\/wp-content\/uploads\/2023\/09\/two-stage-telescopic-hydraulic-cylinder-3-2-1280x1005.webp 1280w, https:\/\/hydraulic-cylinders.net\/wp-content\/uploads\/2023\/09\/two-stage-telescopic-hydraulic-cylinder-3-2-980x770.webp 980w, https:\/\/hydraulic-cylinders.net\/wp-content\/uploads\/2023\/09\/two-stage-telescopic-hydraulic-cylinder-3-2-480x377.webp 480w\" sizes=\"(min-width: 0px) and (max-width: 480px) 480px, (min-width: 481px) and (max-width: 980px) 980px, (min-width: 981px) and (max-width: 1280px) 1280px, (min-width: 1281px) 1430px, 100vw\" \/><\/p>\n<h2><strong>Earring Joint Two Stage Telescopic Hydraulic Cylinder <\/strong><strong>Principales caract\u00e9ristiques et avantages<\/strong><strong>:<\/strong><\/h2>\n<ol>\n<li><strong>Conception t\u00e9lescopique \u00e0 deux \u00e9tages\u00a0:<\/strong>\n<ul>\n<li>The earring joint two-stage telescopic hydraulic cylinder has a two-stage telescopic design that increases stroke length while maintaining a compact retractable size.<\/li>\n<li>This design provides greater reach without compromising space constraints, making it ideal for applications where distance and compactness are critical.<\/li>\n<\/ul>\n<\/li>\n<li><strong>Earring Joint Construction:<\/strong>\n<ul>\n<li>The cylinder is equipped with an earring joint construction, which enables smooth and synchronized movement of the telescopic stages.<\/li>\n<li>The earring joint mechanism ensures stability, precise alignment, and excellent load-bearing capacity during operation.<\/li>\n<\/ul>\n<\/li>\n<li><strong>Contr\u00f4le pr\u00e9cis :<\/strong>\n<ul>\n<li>The earring joint two-stage telescopic hydraulic cylinder provides excellent expansion and contraction control, allowing precise positioning and efficient operation.<\/li>\n<li>The precision control mechanism ensures smooth and controlled movement, improving overall productivity and accuracy.<\/li>\n<\/ul>\n<\/li>\n<li><strong>Capacit\u00e9 de charge \u00e9lev\u00e9e :<\/strong>\n<ul>\n<li>Designed to handle heavy loads and demanding industrial applications, earring joint two-stage telescopic hydraulic cylinders provide outstanding load-carrying capacity.<\/li>\n<li>It can lift, push, or pull large amounts of weight, making it a reliable choice for tasks that require a lot of force.<\/li>\n<\/ul>\n<\/li>\n<\/ol>\n<h2><strong>Earring Joint Two Stage Telescopic Hydraulic Cylinder <\/strong><strong>M\u00e9thode d'utilisation<\/strong><strong>:<\/strong><\/h2>\n<ol>\n<li><strong>Montage et installation :<\/strong>\n<ul>\n<li>Determine the appropriate installation location of the earring joint secondary telescopic hydraulic cylinder according to your equipment or mechanical requirements.<\/li>\n<li>Assurez-vous que la surface de montage est solide, plane et peut supporter en toute s\u00e9curit\u00e9 le poids et la charge du cylindre.<\/li>\n<\/ul>\n<\/li>\n<li><strong>Connexion du syst\u00e8me hydraulique :<\/strong>\n<ul>\n<li>Connectez le v\u00e9rin hydraulique au syst\u00e8me hydraulique \u00e0 l\u2019aide d\u2019un tuyau ou d\u2019un tuyau hydraulique compatible.<\/li>\n<li>Un alignement correct et des connexions serr\u00e9es emp\u00eachent les fuites et garantissent des performances optimales.<\/li>\n<\/ul>\n<\/li>\n<li><strong>Fonctionnement du cylindre :<\/strong>\n<ul>\n<li>Activate the hydraulic system and initiate the movement of the secondary telescopic hydraulic cylinder of the earring connector.<\/li>\n<li>Use a hydraulic control system, such as a valve or lever, to precisely control the extension and contraction of the cylinder for efficient operation.<\/li>\n<\/ul>\n<\/li>\n<\/ol>\n<h2><strong>Comment fonctionne un v\u00e9rin hydraulique unidirectionnel\u00a0?<\/strong><\/h2>\n<p>A one-way, single-acting hydraulic cylinder operates using a hydraulic system to generate linear motion in one direction. It consists of a cylinder barrel, piston, piston rod, and hydraulic fluid. Here&#8217;s how it works:<\/p>\n<ol>\n<li><strong>Alimentation en fluide hydraulique :<\/strong>\n<ul>\n<li>Le syst\u00e8me hydraulique alimente le cylindre en fluide sous pression, g\u00e9n\u00e9ralement de l'huile, via une pompe hydraulique ou une source d'\u00e9nergie.<\/li>\n<\/ul>\n<\/li>\n<li><strong>Extension du cylindre :<\/strong>\n<ul>\n<li>Lorsque du fluide hydraulique est fourni au cylindre, il p\u00e9n\u00e8tre dans le corps du cylindre par un orifice d'entr\u00e9e.<\/li>\n<li>Le fluide sous pression pousse le piston, le faisant se d\u00e9placer dans la direction souhait\u00e9e (g\u00e9n\u00e9ralement en allongeant la tige du piston).<\/li>\n<li>Lorsque la pression du fluide augmente, elle surmonte la r\u00e9sistance ou la charge sur le piston, ce qui entra\u00eene l'extension de la tige de piston.<\/li>\n<\/ul>\n<\/li>\n<li><strong>M\u00e9canisme d'\u00e9tanch\u00e9it\u00e9 :<\/strong>\n<ul>\n<li>Le cylindre est \u00e9tanche pour \u00e9viter les fuites de fluide. Il comporte g\u00e9n\u00e9ralement des joints autour du piston et de la tige de piston, tels que des joints toriques ou des joints \u00e0 l\u00e8vres.<\/li>\n<li>Ces joints garantissent que le fluide sous pression n'agit que d'un seul c\u00f4t\u00e9 du piston, cr\u00e9ant un d\u00e9s\u00e9quilibre de pression qui pousse le piston dans la direction souhait\u00e9e.<\/li>\n<\/ul>\n<\/li>\n<li><strong>Coup de retour :<\/strong>\n<ul>\n<li>Apr\u00e8s la course d'extension, le fluide hydraulique est lib\u00e9r\u00e9 ou \u00e9vacu\u00e9 du cylindre.<\/li>\n<li>Le syst\u00e8me hydraulique peut utiliser la gravit\u00e9, un ressort ou une force ext\u00e9rieure pour ramener le piston et la tige de piston \u00e0 leurs positions initiales.<\/li>\n<li>Lors de la course de retour, le fluide hydraulique s'\u00e9coule du cylindre par un orifice de sortie.<\/li>\n<\/ul>\n<\/li>\n<li><strong>Support de charge\u00a0:<\/strong>\n<ul>\n<li>La tige de piston du v\u00e9rin hydraulique est souvent reli\u00e9e \u00e0 une charge ou \u00e0 un m\u00e9canisme qui n\u00e9cessite un mouvement lin\u00e9aire ou une force.<\/li>\n<li>Lorsque le piston s'\u00e9tend ou se r\u00e9tracte, il fournit la force n\u00e9cessaire pour d\u00e9placer ou supporter la charge.<\/li>\n<\/ul>\n<\/li>\n<li><strong>Commandes et vannes :<\/strong>\n<ul>\n<li>Pour contr\u00f4ler l'extension et la r\u00e9traction du v\u00e9rin hydraulique unidirectionnel, le syst\u00e8me hydraulique int\u00e8gre des vannes, telles que des clapets anti-retour ou des distributeurs.<\/li>\n<li>Ces soupapes r\u00e9gulent le flux de fluide hydraulique, lui permettant d'entrer et de sortir du cylindre dans la direction souhait\u00e9e.<\/li>\n<\/ul>\n<\/li>\n<li><strong>Sp\u00e9cificit\u00e9s de l'application\u00a0:<\/strong>\n<ul>\n<li>Les v\u00e9rins hydrauliques unidirectionnels sont couramment utilis\u00e9s dans les applications o\u00f9 la force ou le mouvement n'est requis que dans une seule direction, comme le levage, la pouss\u00e9e ou le serrage.<\/li>\n<li>On les trouve souvent dans les v\u00e9rins hydrauliques, les presses hydrauliques, les camions-bennes et divers autres \u00e9quipements industriels et mobiles.<\/li>\n<\/ul>\n<\/li>\n<\/ol>\n<h2><strong>Capacit\u00e9 de l'usine :<\/strong><\/h2>\n<h3>(1) Assemblage<\/h3>\n<p>Nous disposons d'une plateforme d'assemblage ind\u00e9pendante de recherche et d\u00e9veloppement de premier ordre. Notre atelier de production de v\u00e9rins hydrauliques dispose de quatre lignes d'assemblage semi-automatiques de v\u00e9rins de levage et d'une ligne d'assemblage automatique de v\u00e9rins d'inclinaison, pour une capacit\u00e9 de production annuelle pr\u00e9vue d'un million de pi\u00e8ces. L'atelier de v\u00e9rins sp\u00e9ciaux est \u00e9quip\u00e9 d'un syst\u00e8me d'assemblage de nettoyage semi-automatique de diverses sp\u00e9cifications, d'une capacit\u00e9 de production annuelle pr\u00e9vue de 200\u00a0000 pi\u00e8ces et dispose d'\u00e9quipements d'usinage CNC de pointe, d'un centre d'usinage, d'\u00e9quipements sp\u00e9ciaux d'usinage de haute pr\u00e9cision, d'une machine de soudage robotis\u00e9e, d'une machine de nettoyage automatique, d'une machine d'assemblage automatique de v\u00e9rins et d'une ligne de peinture automatique. Nous disposons de plus de 300 \u00e9quipements critiques. L'allocation optimale et l'utilisation efficace des ressources garantissent la pr\u00e9cision et la qualit\u00e9 des produits.<\/p>\n<p><img loading=\"lazy\" decoding=\"async\" class=\"alignnone wp-image-626\" src=\"https:\/\/hydraulic-cylinders.net\/wp-content\/uploads\/2023\/08\/hydraulic-cylinder-product-1-300x158.webp\" alt=\"\" width=\"495\" height=\"260\" srcset=\"https:\/\/hydraulic-cylinders.net\/wp-content\/uploads\/2023\/08\/hydraulic-cylinder-product-1-300x158.webp 495w, https:\/\/hydraulic-cylinders.net\/wp-content\/uploads\/2023\/08\/hydraulic-cylinder-product-1-480x252.webp 480w\" sizes=\"(min-width: 0px) and (max-width: 480px) 480px, (min-width: 481px) 495px, 100vw\" \/> <img loading=\"lazy\" decoding=\"async\" class=\"alignnone wp-image-627\" src=\"https:\/\/hydraulic-cylinders.net\/wp-content\/uploads\/2023\/08\/hydraulic-cylinder-product-2-300x189.webp\" alt=\"\" width=\"413\" height=\"260\" \/><\/p>\n<h3>(2) Usinage<\/h3>\n<p>L'atelier d'usinage est \u00e9quip\u00e9 d'un centre de tournage sur rail inclin\u00e9 personnalis\u00e9, d'un centre d'usinage, d'une machine \u00e0 honer \u00e0 grande vitesse, d'un robot de soudage et d'autres \u00e9quipements connexes, qui peuvent traiter des tubes cylindriques d'un diam\u00e8tre int\u00e9rieur maximal de 400 mm et d'une longueur maximale de 6 m\u00e8tres.<\/p>\n<p><img loading=\"lazy\" decoding=\"async\" class=\"alignnone wp-image-628 size-large\" src=\"https:\/\/hydraulic-cylinders.net\/wp-content\/uploads\/2023\/08\/hydraulic-cylinder-product-3-1024x391.webp\" alt=\"\" width=\"1024\" height=\"391\" srcset=\"https:\/\/hydraulic-cylinders.net\/wp-content\/uploads\/2023\/08\/hydraulic-cylinder-product-3-980x374.webp 980w, https:\/\/hydraulic-cylinders.net\/wp-content\/uploads\/2023\/08\/hydraulic-cylinder-product-3-480x183.webp 480w\" sizes=\"(min-width: 0px) and (max-width: 480px) 480px, (min-width: 481px) and (max-width: 980px) 980px, (min-width: 981px) 1024px, 100vw\" \/><\/p>\n<h3>(3) Soudage<\/h3>\n<p><img loading=\"lazy\" decoding=\"async\" class=\"alignnone wp-image-629 size-large\" src=\"https:\/\/hydraulic-cylinders.net\/wp-content\/uploads\/2023\/08\/hydraulic-cylinder-product-4-1024x510.webp\" alt=\"\" width=\"1024\" height=\"510\" srcset=\"https:\/\/hydraulic-cylinders.net\/wp-content\/uploads\/2023\/08\/hydraulic-cylinder-product-4-980x488.webp 980w, https:\/\/hydraulic-cylinders.net\/wp-content\/uploads\/2023\/08\/hydraulic-cylinder-product-4-480x239.webp 480w\" sizes=\"(min-width: 0px) and (max-width: 480px) 480px, (min-width: 481px) and (max-width: 980px) 980px, (min-width: 981px) 1024px, 100vw\" \/><\/p>\n<h3>(4) Peinture et rev\u00eatement<\/h3>\n<p>Avec des lignes de rev\u00eatement de peinture \u00e0 base d'eau automatiques \u00e0 cylindre de petite et moyenne taille, pour r\u00e9aliser le chargement et le d\u00e9chargement automatiques par robot et la pulv\u00e9risation automatique, la capacit\u00e9 de conception est de 4 000 pi\u00e8ces par \u00e9quipe ;<br \/>\nNous disposons \u00e9galement d'une ligne de production de peinture semi-automatique pour gros cylindres, aliment\u00e9e par une cha\u00eene de traction, d'une capacit\u00e9 de conception de 60 caisses par \u00e9quipe.<\/p>\n<p><img loading=\"lazy\" decoding=\"async\" class=\"alignnone wp-image-630\" src=\"https:\/\/hydraulic-cylinders.net\/wp-content\/uploads\/2023\/08\/hydraulic-cylinder-product-5-300x213.webp\" alt=\"\" width=\"366\" height=\"260\" \/> <img loading=\"lazy\" decoding=\"async\" class=\"alignnone wp-image-631\" src=\"https:\/\/hydraulic-cylinders.net\/wp-content\/uploads\/2023\/08\/hydraulic-cylinder-product-6-300x225.webp\" alt=\"\" width=\"347\" height=\"260\" \/><\/p>\n<h3>(5) Essais<\/h3>\n<p>Nous disposons d'installations d'inspection et de bancs d'essai de premier ordre pour garantir que les performances de la bouteille sont conformes aux exigences.<\/p>\n<p><img loading=\"lazy\" decoding=\"async\" class=\"alignnone wp-image-632\" src=\"https:\/\/hydraulic-cylinders.net\/wp-content\/uploads\/2023\/08\/hydraulic-cylinder-product-8-300x200.webp\" alt=\"\" width=\"389\" height=\"260\" \/><\/p>\n<p>&nbsp;<\/p>\n<p>&nbsp;<\/p>\n<p>Nous sommes l'un des meilleurs fabricants de v\u00e9rins hydrauliques compacts. Nous proposons un stock complet de v\u00e9rins hydrauliques compacts. Nous fournissons \u00e9galement les v\u00e9rins correspondants. <a href=\"https:\/\/hzpt.com\/agricultural-pto-gearbox\/\" target=\"_blank\" rel=\"noopener\">bo\u00eetes de vitesses agricoles<\/a>Nous exportons nos produits dans le monde entier et nous avons acquis une excellente r\u00e9putation gr\u00e2ce \u00e0 la qualit\u00e9 sup\u00e9rieure de nos produits et \u00e0 notre service apr\u00e8s-vente. Nous invitons nos clients, nationaux et internationaux, \u00e0 nous contacter pour n\u00e9gocier, \u00e9changer des informations et\u2026 <a href=\"https:\/\/www.hydraulic-cylinders.net\/fr\/contact-us\/\">coop\u00e9rer avec nous<\/a>!<\/p>\n<h2><\/h2>\n<h2><\/h2>","protected":false},"excerpt":{"rendered":"<p>Earring Joint Two Stage Telescopic Hydraulic Cylinder The earring joint two-stage telescopic hydraulic cylinder is a cutting-edge hydraulic device designed to provide efficient power transmission in a variety of industrial applications. With its innovative design, superior performance and versatility, this hydraulic cylinder offers precise control and increased productivity. Whether used in construction, material handling, or [&hellip;]<\/p>","protected":false},"featured_media":1288,"comment_status":"open","ping_status":"closed","template":"","meta":{"_et_pb_use_builder":"","_et_pb_old_content":"","_et_gb_content_width":""},"product_brand":[],"product_cat":[1376,1393],"product_tag":[1380],"class_list":{"0":"post-1286","1":"product","2":"type-product","3":"status-publish","4":"has-post-thumbnail","6":"product_cat-hydraulic-cylinder","7":"product_cat-telescopic-hydraulic-cylinder","8":"product_tag-hydraulic-cylinder","10":"first","11":"instock","12":"shipping-taxable","13":"product-type-simple"},"amp_enabled":true,"_links":{"self":[{"href":"https:\/\/www.hydraulic-cylinders.net\/fr\/wp-json\/wp\/v2\/product\/1286","targetHints":{"allow":["GET"]}}],"collection":[{"href":"https:\/\/www.hydraulic-cylinders.net\/fr\/wp-json\/wp\/v2\/product"}],"about":[{"href":"https:\/\/www.hydraulic-cylinders.net\/fr\/wp-json\/wp\/v2\/types\/product"}],"replies":[{"embeddable":true,"href":"https:\/\/www.hydraulic-cylinders.net\/fr\/wp-json\/wp\/v2\/comments?post=1286"}],"wp:featuredmedia":[{"embeddable":true,"href":"https:\/\/www.hydraulic-cylinders.net\/fr\/wp-json\/wp\/v2\/media\/1288"}],"wp:attachment":[{"href":"https:\/\/www.hydraulic-cylinders.net\/fr\/wp-json\/wp\/v2\/media?parent=1286"}],"wp:term":[{"taxonomy":"product_brand","embeddable":true,"href":"https:\/\/www.hydraulic-cylinders.net\/fr\/wp-json\/wp\/v2\/product_brand?post=1286"},{"taxonomy":"product_cat","embeddable":true,"href":"https:\/\/www.hydraulic-cylinders.net\/fr\/wp-json\/wp\/v2\/product_cat?post=1286"},{"taxonomy":"product_tag","embeddable":true,"href":"https:\/\/www.hydraulic-cylinders.net\/fr\/wp-json\/wp\/v2\/product_tag?post=1286"}],"curies":[{"name":"wp","href":"https:\/\/api.w.org\/{rel}","templated":true}]}}