{"id":1420,"date":"2023-09-18T08:30:35","date_gmt":"2023-09-18T08:30:35","guid":{"rendered":"https:\/\/hydraulic-cylinders.net\/?post_type=product&#038;p=1420"},"modified":"2025-04-11T02:57:08","modified_gmt":"2025-04-11T02:57:08","slug":"32-mdc-series-compact-mold-cylinder","status":"publish","type":"product","link":"https:\/\/www.hydraulic-cylinders.net\/fr\/produit\/32-mdc-series-compact-mold-cylinder\/","title":{"rendered":"32 V\u00e9rin compact pour moules de la s\u00e9rie MDC"},"content":{"rendered":"<h1 style=\"text-align: center;\"><strong>32 V\u00e9rin compact pour moules de la s\u00e9rie MDC<\/strong><\/h1>\n<p>Le v\u00e9rin de moule compact s\u00e9rie 32 MDC est un v\u00e9rin hydraulique performant et polyvalent, con\u00e7u sp\u00e9cifiquement pour les applications de moulage sous pression. Gr\u00e2ce \u00e0 sa conception compacte, ses performances sup\u00e9rieures et sa construction robuste, ce v\u00e9rin garantit un fonctionnement fiable et pr\u00e9cis dans divers environnements industriels. Qu'il soit utilis\u00e9 dans des presses \u00e0 injecter, des \u00e9quipements de fonderie sous pression ou d'autres applications li\u00e9es au moulage sous pression, le v\u00e9rin de moule compact s\u00e9rie 32 MDC offre une fonctionnalit\u00e9 et une productivit\u00e9 exceptionnelles.<\/p>\n<p>\u00b7 Le MDC est un v\u00e9rin hydraulique compact (cx) avec un bo\u00eetier \u00e9lectrique et une tige de v\u00e9rin pour contr\u00f4ler avec pr\u00e9cision la position des neutrons du moule.<br \/>\n\u00b7 V\u00e9rin hydraulique adapt\u00e9 \u00e0 l'utilisation de moules en plastique.<\/p>\n<p><img loading=\"lazy\" decoding=\"async\" class=\"wp-image-323230 aligncenter\" src=\"https:\/\/hzpt.com\/wp-content\/uploads\/2023\/09\/mdc-compact-hydraulic-cylinder-7.webp\" alt=\"\" width=\"400\" height=\"400\" \/><\/p>\n<h2><strong>Description du mod\u00e8le de cylindre de moule compact :<\/strong><\/h2>\n<p><img loading=\"lazy\" decoding=\"async\" class=\"alignnone size-full wp-image-323234\" src=\"https:\/\/hzpt.com\/wp-content\/uploads\/2023\/09\/mdc-compact-hydraulic-cylinder-2.webp\" alt=\"\" width=\"966\" height=\"882\" \/><\/p>\n<h2><strong>Donn\u00e9es caract\u00e9ristiques du cylindre de moule compact :<\/strong><\/h2>\n<p><img loading=\"lazy\" decoding=\"async\" class=\"alignnone size-full wp-image-323236\" src=\"https:\/\/hzpt.com\/wp-content\/uploads\/2023\/09\/mdc-compact-hydraulic-cylinder-3-1.webp\" alt=\"\" width=\"899\" height=\"262\" \/><\/p>\n<h2><strong>Diagramme de structure du cylindre du moule compact :<\/strong><\/h2>\n<p><img loading=\"lazy\" decoding=\"async\" class=\"alignnone size-full wp-image-323250\" src=\"https:\/\/hzpt.com\/wp-content\/uploads\/2023\/09\/mdc-compact-hydraulic-cylinder-4-1.webp\" alt=\"\" width=\"737\" height=\"808\" \/><\/p>\n<h2><strong>Diagramme des tailles de connexion de la tige de piston\u00a0:<\/strong><\/h2>\n<p><img loading=\"lazy\" decoding=\"async\" class=\"alignnone size-large wp-image-323239\" src=\"https:\/\/hzpt.com\/wp-content\/uploads\/2023\/09\/mdc-compact-hydraulic-cylinder-5-787x1024.webp\" alt=\"\" width=\"787\" height=\"1024\" \/><\/p>\n<h2><strong>Position de la boucle du bo\u00eetier \u00e9lectrique, position du port d'huile et position de la sortie de distribution\u00a0:<\/strong><\/h2>\n<p><img loading=\"lazy\" decoding=\"async\" class=\"alignnone size-large wp-image-323241\" src=\"https:\/\/hzpt.com\/wp-content\/uploads\/2023\/09\/mdc-compact-hydraulic-cylinder-6-616x1024.webp\" alt=\"\" width=\"616\" height=\"1024\" \/><\/p>\n<h2><strong>Param\u00e8tres du cylindre de moule compact s\u00e9rie 32 MDC\u00a0:<\/strong><\/h2>\n<p><img loading=\"lazy\" decoding=\"async\" class=\"alignnone size-large wp-image-323240\" src=\"https:\/\/hzpt.com\/wp-content\/uploads\/2023\/09\/mdc-compact-hydraulic-cylinder-7-1-903x1024.webp\" alt=\"\" width=\"903\" height=\"1024\" \/><\/p>\n<h2><strong>Principales caract\u00e9ristiques et avantages du cylindre de moulage compact s\u00e9rie 32 MDC\u00a0:<\/strong><\/h2>\n<ol>\n<li><strong>Conception compacte :<\/strong>\n<ul>\n<li>Les cylindres de moule compacts de la s\u00e9rie 32 MDC pr\u00e9sentent une conception compacte qui peut \u00eatre facilement int\u00e9gr\u00e9e dans des espaces \u00e9troits et des applications de moules avec un d\u00e9gagement limit\u00e9.<\/li>\n<li>Sa conception compacte assure une utilisation optimale de l'espace de travail disponible tout en maintenant des performances \u00e9lev\u00e9es.<\/li>\n<\/ul>\n<\/li>\n<li><strong>Haute pr\u00e9cision et exactitude :<\/strong>\n<ul>\n<li>Le cylindre est con\u00e7u pour assurer un mouvement pr\u00e9cis et exact, garantissant des r\u00e9sultats constants et reproductibles lors du fonctionnement du moule.<\/li>\n<li>Il offre un excellent contr\u00f4le des mouvements d'ouverture, de fermeture et de serrage du moule, permettant une production de haute qualit\u00e9.<\/li>\n<\/ul>\n<\/li>\n<li><strong>Construction robuste :<\/strong>\n<ul>\n<li>Les cylindres de moule compacts de la s\u00e9rie 32 MDC sont fabriqu\u00e9s \u00e0 partir de mat\u00e9riaux et de composants de haute qualit\u00e9 pour r\u00e9sister \u00e0 des conditions de fonctionnement exigeantes.<\/li>\n<li>Elle pr\u00e9sente une excellente durabilit\u00e9, une grande r\u00e9sistance \u00e0 l'usure et une dur\u00e9e de vie prolong\u00e9e, minimisant ainsi les temps d'arr\u00eat et les co\u00fbts de maintenance.<\/li>\n<\/ul>\n<\/li>\n<li><strong>Temps de r\u00e9ponse rapide\u00a0:<\/strong>\n<ul>\n<li>Gr\u00e2ce \u00e0 son syst\u00e8me hydraulique performant et \u00e0 sa conception optimis\u00e9e, le v\u00e9rin assure des temps de r\u00e9ponse rapides et r\u00e9duit les temps de cycle des op\u00e9rations de moulage.<\/li>\n<li>Une intervention rapide peut am\u00e9liorer la productivit\u00e9 et augmenter le rendement.<\/li>\n<\/ul>\n<\/li>\n<\/ol>\n<h2><strong>Comment d\u00e9monter un v\u00e9rin hydraulique ?<\/strong><\/h2>\n<p>Pour d\u00e9monter un v\u00e9rin hydraulique, suivez ces \u00e9tapes g\u00e9n\u00e9rales\u00a0:<\/p>\n<ol>\n<li><strong>Pr\u00e9cautions de s\u00e9curit\u00e9 :<\/strong>\n<ul>\n<li>Avant de commencer, assurez-vous que le syst\u00e8me hydraulique est d\u00e9pressuris\u00e9 et que la source d'alimentation est d\u00e9branch\u00e9e.<\/li>\n<li>Utilisez un \u00e9quipement de protection individuelle appropri\u00e9, tel que des gants et des lunettes de s\u00e9curit\u00e9, pour vous prot\u00e9ger des dangers potentiels.<\/li>\n<\/ul>\n<\/li>\n<li><strong>Positionnement et soutien :<\/strong>\n<ul>\n<li>Placez le v\u00e9rin hydraulique sur une surface de travail stable, en veillant \u00e0 ce qu'il soit correctement soutenu afin d'\u00e9viter tout mouvement accidentel ou tout dommage.<\/li>\n<\/ul>\n<\/li>\n<li><strong>Supprimer les composants externes\u00a0:<\/strong>\n<ul>\n<li>D\u00e9branchez tous les composants externes fix\u00e9s au cylindre, tels que les tuyaux, les raccords ou les supports de montage.<\/li>\n<li>Utilisez des outils appropri\u00e9s, tels que des cl\u00e9s ou des pinces, pour desserrer et retirer soigneusement ces composants.<\/li>\n<\/ul>\n<\/li>\n<li><strong>Vidangez le fluide hydraulique\u00a0:<\/strong>\n<ul>\n<li>Rep\u00e9rez le bouchon ou la vanne de vidange sur le cylindre et retirez-le pour permettre au fluide hydraulique de s'\u00e9couler dans un r\u00e9cipient appropri\u00e9.<\/li>\n<li>Positionnez le cylindre de mani\u00e8re \u00e0 faciliter un drainage complet.<\/li>\n<\/ul>\n<\/li>\n<li><strong>D\u00e9monter les embouts :<\/strong>\n<ul>\n<li>Rep\u00e9rez les embouts du v\u00e9rin hydraulique. Ils sont g\u00e9n\u00e9ralement situ\u00e9s \u00e0 chaque extr\u00e9mit\u00e9 du corps du v\u00e9rin.<\/li>\n<li>Retirez les boulons, vis ou fixations, et fixez les embouts \u00e0 l'aide des outils appropri\u00e9s.<\/li>\n<li>Si n\u00e9cessaire, tapotez doucement les embouts avec un maillet en caoutchouc pour rompre tout joint ou collage.<\/li>\n<\/ul>\n<\/li>\n<li><strong>Composants s\u00e9par\u00e9s du cylindre :<\/strong>\n<ul>\n<li>Une fois les embouts retir\u00e9s, faites glisser d\u00e9licatement le piston et la tige de piston hors du cylindre.<\/li>\n<li>Veuillez porter une attention particuli\u00e8re aux joints, roulements ou bagues pr\u00e9sents et les retirer si n\u00e9cessaire.<\/li>\n<li>Notez l'ordre et l'orientation des composants pour faciliter le remontage.<\/li>\n<\/ul>\n<\/li>\n<li><strong>Inspecter et nettoyer les composants :<\/strong>\n<ul>\n<li>Inspectez chaque composant d\u00e9mont\u00e9 pour d\u00e9tecter tout signe d\u2019usure, de dommage ou de contamination.<\/li>\n<li>Nettoyez tous les composants \u00e0 l'aide d'un solvant ou d'un nettoyant appropri\u00e9 pour \u00e9liminer la salet\u00e9, les d\u00e9bris ou l'ancien lubrifiant.<\/li>\n<li>Utilisez un chiffon doux ou une brosse pour nettoyer d\u00e9licatement les surfaces sans les ab\u00eemer.<\/li>\n<\/ul>\n<\/li>\n<li><strong>Remplacer ou r\u00e9parer des composants\u00a0:<\/strong>\n<ul>\n<li>Si des composants pr\u00e9sentent une usure ou des dommages importants, envisagez de les remplacer par des neufs.<\/li>\n<li>R\u00e9parer ou remettre en \u00e9tat des composants, comme le remplacement des joints ou la remise en \u00e9tat de la tige de piston.<\/li>\n<\/ul>\n<\/li>\n<li><strong>Remontage:<\/strong>\n<ul>\n<li>Pour remonter le v\u00e9rin hydraulique, proc\u00e9dez dans l'ordre inverse du d\u00e9montage, en veillant \u00e0 un alignement et une orientation corrects des composants.<\/li>\n<li>Lubrifiez les pi\u00e8ces appropri\u00e9es avec le fluide hydraulique ou le lubrifiant recommand\u00e9 lors du remontage.<\/li>\n<li>Serrez toutes les fixations conform\u00e9ment aux sp\u00e9cifications du fabricant, en utilisant une cl\u00e9 dynamom\u00e9trique si n\u00e9cessaire.<\/li>\n<\/ul>\n<\/li>\n<li><strong>Tests et inspections :<\/strong><\/li>\n<\/ol>\n<ul>\n<li>Une fois remont\u00e9, proc\u00e9dez \u00e0 une inspection minutieuse pour vous assurer que tous les composants sont correctement align\u00e9s et fix\u00e9s.<\/li>\n<li>Tester le v\u00e9rin hydraulique de mani\u00e8re contr\u00f4l\u00e9e afin de v\u00e9rifier son fonctionnement et de d\u00e9tecter toute fuite ou tout fonctionnement anormal.<\/li>\n<\/ul>\n<h2><strong>Capacit\u00e9 de l'usine :<\/strong><\/h2>\n<h3>(1) Assemblage<\/h3>\n<p>Nous disposons d'une plateforme d'assemblage ind\u00e9pendante de recherche et d\u00e9veloppement de premier ordre. Notre atelier de production de v\u00e9rins hydrauliques dispose de quatre lignes d'assemblage semi-automatiques de v\u00e9rins de levage et d'une ligne d'assemblage automatique de v\u00e9rins d'inclinaison, pour une capacit\u00e9 de production annuelle pr\u00e9vue d'un million de pi\u00e8ces. L'atelier de v\u00e9rins sp\u00e9ciaux est \u00e9quip\u00e9 d'un syst\u00e8me d'assemblage de nettoyage semi-automatique de diverses sp\u00e9cifications, d'une capacit\u00e9 de production annuelle pr\u00e9vue de 200\u00a0000 pi\u00e8ces et dispose d'\u00e9quipements d'usinage CNC de pointe, d'un centre d'usinage, d'\u00e9quipements sp\u00e9ciaux d'usinage de haute pr\u00e9cision, d'une machine de soudage robotis\u00e9e, d'une machine de nettoyage automatique, d'une machine d'assemblage automatique de v\u00e9rins et d'une ligne de peinture automatique. Nous disposons de plus de 300 \u00e9quipements critiques. L'allocation optimale et l'utilisation efficace des ressources garantissent la pr\u00e9cision et la qualit\u00e9 des produits.<\/p>\n<p><img loading=\"lazy\" decoding=\"async\" class=\"alignnone wp-image-626\" src=\"https:\/\/hydraulic-cylinders.net\/wp-content\/uploads\/2023\/08\/hydraulic-cylinder-product-1-300x158.webp\" alt=\"\" width=\"495\" height=\"260\" srcset=\"https:\/\/hydraulic-cylinders.net\/wp-content\/uploads\/2023\/08\/hydraulic-cylinder-product-1-300x158.webp 495w, https:\/\/hydraulic-cylinders.net\/wp-content\/uploads\/2023\/08\/hydraulic-cylinder-product-1-480x252.webp 480w\" sizes=\"(min-width: 0px) and (max-width: 480px) 480px, (min-width: 481px) 495px, 100vw\" \/> <img loading=\"lazy\" decoding=\"async\" class=\"alignnone wp-image-627\" src=\"https:\/\/hydraulic-cylinders.net\/wp-content\/uploads\/2023\/08\/hydraulic-cylinder-product-2-300x189.webp\" alt=\"\" width=\"413\" height=\"260\" \/><\/p>\n<h3>(2) Usinage<\/h3>\n<p>L'atelier d'usinage est \u00e9quip\u00e9 d'un centre de tournage sur rail inclin\u00e9 personnalis\u00e9, d'un centre d'usinage, d'une machine \u00e0 honer \u00e0 grande vitesse, d'un robot de soudage et d'autres \u00e9quipements connexes, qui peuvent traiter des tubes cylindriques d'un diam\u00e8tre int\u00e9rieur maximal de 400 mm et d'une longueur maximale de 6 m\u00e8tres.<\/p>\n<p><img loading=\"lazy\" decoding=\"async\" class=\"alignnone wp-image-628 size-large\" src=\"https:\/\/hydraulic-cylinders.net\/wp-content\/uploads\/2023\/08\/hydraulic-cylinder-product-3-1024x391.webp\" alt=\"\" width=\"1024\" height=\"391\" srcset=\"https:\/\/hydraulic-cylinders.net\/wp-content\/uploads\/2023\/08\/hydraulic-cylinder-product-3-980x374.webp 980w, https:\/\/hydraulic-cylinders.net\/wp-content\/uploads\/2023\/08\/hydraulic-cylinder-product-3-480x183.webp 480w\" sizes=\"(min-width: 0px) and (max-width: 480px) 480px, (min-width: 481px) and (max-width: 980px) 980px, (min-width: 981px) 1024px, 100vw\" \/><\/p>\n<h3>(3) Soudage<\/h3>\n<p><img loading=\"lazy\" decoding=\"async\" class=\"alignnone wp-image-629 size-large\" src=\"https:\/\/hydraulic-cylinders.net\/wp-content\/uploads\/2023\/08\/hydraulic-cylinder-product-4-1024x510.webp\" alt=\"\" width=\"1024\" height=\"510\" srcset=\"https:\/\/hydraulic-cylinders.net\/wp-content\/uploads\/2023\/08\/hydraulic-cylinder-product-4-980x488.webp 980w, https:\/\/hydraulic-cylinders.net\/wp-content\/uploads\/2023\/08\/hydraulic-cylinder-product-4-480x239.webp 480w\" sizes=\"(min-width: 0px) and (max-width: 480px) 480px, (min-width: 481px) and (max-width: 980px) 980px, (min-width: 981px) 1024px, 100vw\" \/><\/p>\n<h3>(4) Peinture et rev\u00eatement<\/h3>\n<p>Avec des lignes de rev\u00eatement de peinture \u00e0 base d'eau automatiques \u00e0 cylindre de petite et moyenne taille, pour r\u00e9aliser le chargement et le d\u00e9chargement automatiques par robot et la pulv\u00e9risation automatique, la capacit\u00e9 de conception est de 4 000 pi\u00e8ces par \u00e9quipe ;<br \/>\nNous disposons \u00e9galement d'une ligne de production de peinture semi-automatique pour gros cylindres, aliment\u00e9e par une cha\u00eene de traction, d'une capacit\u00e9 de conception de 60 caisses par \u00e9quipe.<\/p>\n<p><img loading=\"lazy\" decoding=\"async\" class=\"alignnone wp-image-630\" src=\"https:\/\/hydraulic-cylinders.net\/wp-content\/uploads\/2023\/08\/hydraulic-cylinder-product-5-300x213.webp\" alt=\"\" width=\"366\" height=\"260\" \/> <img loading=\"lazy\" decoding=\"async\" class=\"alignnone wp-image-631\" src=\"https:\/\/hydraulic-cylinders.net\/wp-content\/uploads\/2023\/08\/hydraulic-cylinder-product-6-300x225.webp\" alt=\"\" width=\"347\" height=\"260\" \/><\/p>\n<h3>(5) Essais<\/h3>\n<p>Nous disposons d'installations d'inspection et de bancs d'essai de premier ordre pour garantir que les performances de la bouteille sont conformes aux exigences.<\/p>\n<p><img loading=\"lazy\" decoding=\"async\" class=\"alignnone wp-image-632\" src=\"https:\/\/hydraulic-cylinders.net\/wp-content\/uploads\/2023\/08\/hydraulic-cylinder-product-8-300x200.webp\" alt=\"\" width=\"389\" height=\"260\" \/><\/p>\n<p>&nbsp;<\/p>\n<p>&nbsp;<\/p>\n<p>Nous sommes l'un des meilleurs fabricants de v\u00e9rins hydrauliques compacts. Nous proposons un stock complet de v\u00e9rins hydrauliques compacts. Nous fournissons \u00e9galement les v\u00e9rins correspondants. <a href=\"https:\/\/hzpt.com\/agricultural-pto-gearbox\/\" target=\"_blank\" rel=\"noopener\">bo\u00eetes de vitesses agricoles<\/a>Nous exportons nos produits dans le monde entier et nous avons acquis une excellente r\u00e9putation gr\u00e2ce \u00e0 la qualit\u00e9 sup\u00e9rieure de nos produits et \u00e0 notre service apr\u00e8s-vente. Nous invitons nos clients, nationaux et internationaux, \u00e0 nous contacter pour n\u00e9gocier, \u00e9changer des informations et\u2026 <a href=\"https:\/\/www.hydraulic-cylinders.net\/fr\/contact-us\/\">coop\u00e9rer avec nous<\/a>!<\/p>\n<h2><\/h2>","protected":false},"excerpt":{"rendered":"<p>32 MDC Series Compact Mold Cylinder The 32 MDC Series compact mold cylinder is an efficient and versatile hydraulic cylinder designed specifically for die applications. With its compact design, superior performance, and durable construction, this cylinder provides reliable and precise operation in various industrial environments. Whether used in injection molding machines, die-casting equipment, or other [&hellip;]<\/p>","protected":false},"featured_media":1421,"comment_status":"open","ping_status":"closed","template":"","meta":{"_et_pb_use_builder":"","_et_pb_old_content":"","_et_gb_content_width":""},"product_brand":[],"product_cat":[1523,1549,1376],"product_tag":[1380],"class_list":{"0":"post-1420","1":"product","2":"type-product","3":"status-publish","4":"has-post-thumbnail","6":"product_cat-injection-molding-hydraulic-cylinders","7":"product_cat-single-acting-hydraulic-cylinder","8":"product_cat-hydraulic-cylinder","9":"product_tag-hydraulic-cylinder","11":"first","12":"instock","13":"shipping-taxable","14":"product-type-simple"},"amp_enabled":true,"_links":{"self":[{"href":"https:\/\/www.hydraulic-cylinders.net\/fr\/wp-json\/wp\/v2\/product\/1420","targetHints":{"allow":["GET"]}}],"collection":[{"href":"https:\/\/www.hydraulic-cylinders.net\/fr\/wp-json\/wp\/v2\/product"}],"about":[{"href":"https:\/\/www.hydraulic-cylinders.net\/fr\/wp-json\/wp\/v2\/types\/product"}],"replies":[{"embeddable":true,"href":"https:\/\/www.hydraulic-cylinders.net\/fr\/wp-json\/wp\/v2\/comments?post=1420"}],"wp:featuredmedia":[{"embeddable":true,"href":"https:\/\/www.hydraulic-cylinders.net\/fr\/wp-json\/wp\/v2\/media\/1421"}],"wp:attachment":[{"href":"https:\/\/www.hydraulic-cylinders.net\/fr\/wp-json\/wp\/v2\/media?parent=1420"}],"wp:term":[{"taxonomy":"product_brand","embeddable":true,"href":"https:\/\/www.hydraulic-cylinders.net\/fr\/wp-json\/wp\/v2\/product_brand?post=1420"},{"taxonomy":"product_cat","embeddable":true,"href":"https:\/\/www.hydraulic-cylinders.net\/fr\/wp-json\/wp\/v2\/product_cat?post=1420"},{"taxonomy":"product_tag","embeddable":true,"href":"https:\/\/www.hydraulic-cylinders.net\/fr\/wp-json\/wp\/v2\/product_tag?post=1420"}],"curies":[{"name":"wp","href":"https:\/\/api.w.org\/{rel}","templated":true}]}}