{"id":14459,"date":"2024-12-12T08:46:03","date_gmt":"2024-12-12T08:46:03","guid":{"rendered":"https:\/\/www.hydraulic-cylinders.net\/product\/replacement-of-vga10742-cargo-box-power-lift-kit\/"},"modified":"2024-12-12T08:46:05","modified_gmt":"2024-12-12T08:46:05","slug":"replacement-of-vga10742-cargo-box-power-lift-kit","status":"publish","type":"product","link":"https:\/\/www.hydraulic-cylinders.net\/fr\/produit\/replacement-of-vga10742-cargo-box-power-lift-kit\/","title":{"rendered":"Kit de remplacement VGA10742 pour coffre de chargement \u00e0 levage \u00e9lectrique"},"content":{"rendered":"<h2>Introduction au remplacement du kit de levage \u00e9lectrique de la benne VGA10742<\/h2>\n<p>Le kit de remplacement VGA10742 pour hayon \u00e9l\u00e9vateur est un v\u00e9rin hydraulique con\u00e7u pour diverses applications. Il sert \u00e0 remplacer les v\u00e9rins hydrauliques endommag\u00e9s ou us\u00e9s et \u00e0 r\u00e9tablir le fonctionnement normal des \u00e9quipements. Ce v\u00e9rin hydraulique joue un r\u00f4le crucial pour garantir la performance et la s\u00e9curit\u00e9 de diff\u00e9rentes machines.<\/p>\n<h2>Sp\u00e9cifications et mod\u00e8les<\/h2>\n<p>Le kit de remplacement VGA10742 pour coffre de chargement \u00e0 v\u00e9rins \u00e9lectriques pr\u00e9sente les sp\u00e9cifications suivantes\u00a0:<\/p>\n<ul>\n<li>Poids : 2,05 lb<\/li>\n<li>Hauteur : 2,3 pouces<\/li>\n<li>Longueur : 9,6 pouces<\/li>\n<\/ul>\n<p>Les mod\u00e8les compatibles avec ce v\u00e9rin hydraulique sont\u00a0:<\/p>\n<ul>\n<li>HPX 4X2<\/li>\n<li>HPX 4X2 D<\/li>\n<li>HPX 4X4<\/li>\n<li>HPX 4X4 D<\/li>\n<li>Lame droite HPX 4X4 Trail<\/li>\n<\/ul>\n<h2>Caract\u00e9ristiques principales du kit de remplacement pour coffre de chargement VGA10742<\/h2>\n<ul>\n<li>Am\u00e9lioration des performances des \u00e9quipements\u00a0: Le remplacement des v\u00e9rins hydrauliques endommag\u00e9s ou us\u00e9s permet de r\u00e9tablir le fonctionnement normal des \u00e9quipements et d\u2019assurer leurs performances dans diverses applications.<\/li>\n<li>S\u00e9curit\u00e9 renforc\u00e9e : Le remplacement r\u00e9gulier des v\u00e9rins hydrauliques r\u00e9duit les risques li\u00e9s aux d\u00e9faillances de ces derniers, garantissant ainsi la s\u00e9curit\u00e9 des op\u00e9rateurs et des \u00e9quipements.<\/li>\n<li>Protection contre les surcharges\u00a0: La nouvelle conception des cylindres int\u00e8gre souvent de meilleurs m\u00e9canismes de protection contre les surcharges, ce qui am\u00e9liore la s\u00e9curit\u00e9.<\/li>\n<li>Installation rapide : les v\u00e9rins hydrauliques modernes sont con\u00e7us pour une installation et un remplacement faciles, minimisant ainsi les temps d'arr\u00eat.<\/li>\n<li>Composants standardis\u00e9s : De nombreux v\u00e9rins hydrauliques sont des produits standardis\u00e9s, ce qui facilite l\u2019obtention de pi\u00e8ces de rechange sur le march\u00e9.<\/li>\n<\/ul>\n<h2>Applications du kit de levage \u00e9lectrique de remplacement VGA10742 pour coffre de chargement<\/h2>\n<p>Le kit de remplacement VGA10742 pour caisson de chargement est utilis\u00e9 dans diverses applications, notamment\u00a0:<\/p>\n<ol>\n<li>Pelles hydrauliques\u00a0: Le v\u00e9rin hydraulique du bras ou du godet de la pelle hydraulique peut s\u2019endommager en raison d\u2019une utilisation prolong\u00e9e ou d\u2019une surcharge et doit \u00eatre remplac\u00e9 pour r\u00e9tablir un fonctionnement normal.<\/li>\n<li>Grues : Le v\u00e9rin hydraulique de la fl\u00e8che de la grue est sujet \u00e0 l'usure lors des op\u00e9rations fr\u00e9quentes de levage et d'abaissement, ce qui n\u00e9cessite un remplacement r\u00e9gulier pour garantir la s\u00e9curit\u00e9.<\/li>\n<li>Tracteurs\u00a0: Le v\u00e9rin hydraulique du chargeur frontal d\u2019un tracteur peut pr\u00e9senter des fuites ou une d\u00e9gradation de ses performances lors d\u2019op\u00e9rations de levage et d\u2019inclinaison continues, ce qui n\u00e9cessite son remplacement.<\/li>\n<li>Moissonneuses-batteuses\u00a0: Le syst\u00e8me hydraulique d\u2019une moissonneuse-batteuse fonctionne sous haute pression, et la fatigue peut endommager les v\u00e9rins, n\u00e9cessitant un remplacement r\u00e9gulier pour maintenir l\u2019efficacit\u00e9 du travail.<\/li>\n<li>Lignes de production automatis\u00e9es\u00a0: Les v\u00e9rins hydrauliques servent \u00e0 commander les bras robotis\u00e9s et autres \u00e9quipements automatis\u00e9s. Une panne de v\u00e9rin peut impacter significativement la productivit\u00e9 et n\u00e9cessite un remplacement imm\u00e9diat.<\/li>\n<\/ol>\n<h2>T\u00e2ches d'entretien pour le remplacement du kit de levage \u00e9lectrique de la caisse de chargement VGA10742<\/h2>\n<p>Les t\u00e2ches d'entretien r\u00e9gulier pour le remplacement du kit de levage \u00e9lectrique de la caisse de chargement VGA10742 comprennent\u00a0:<\/p>\n<ol>\n<li>Inspections p\u00e9riodiques<\/li>\n<li>Lubrification ad\u00e9quate<\/li>\n<li>remplacement du joint<\/li>\n<li>Contr\u00f4les d'\u00e9talonnage<\/li>\n<\/ol>\n<p>Il est essentiel de souligner l'importance d'une installation, d'une lubrification et d'un r\u00e9glage corrects. Fournir des instructions pr\u00e9cises sur l'alignement du v\u00e9rin lors de l'installation et recommander l'utilisation de supports de montage adapt\u00e9s pour le fixer contribuent \u00e0 prolonger sa dur\u00e9e de vie. De plus, il est crucial, pour maintenir les performances du v\u00e9rin, de proposer des proc\u00e9dures d'inspection, de r\u00e9paration et de remplacement, de fournir des pi\u00e8ces de rechange et des services de remise en \u00e9tat, ainsi que des conseils pour optimiser sa long\u00e9vit\u00e9.<\/p>\n<h2>Consid\u00e9rations de s\u00e9curit\u00e9 et facteurs environnementaux<\/h2>\n<p>Lors de l'utilisation du kit de remplacement VGA10742 pour hayon \u00e9l\u00e9vateur, il est primordial de privil\u00e9gier les mesures de s\u00e9curit\u00e9 afin de garantir le bien-\u00eatre des op\u00e9rateurs et de pr\u00e9venir les accidents. Une manipulation correcte et le respect des consignes de s\u00e9curit\u00e9 sont essentiels pour minimiser les risques. De plus, la prise en compte des facteurs environnementaux lors de l'utilisation de v\u00e9rins hydrauliques est cruciale pour des op\u00e9rations durables.<\/p>\n<h2>Diagnostic des pannes et probl\u00e8mes courants<\/h2>\n<p>En cas de d\u00e9fauts ou de probl\u00e8mes avec le kit de levage \u00e9lectrique de remplacement de la caisse \u00e0 chargement VGA10742, les points suivants peuvent aider \u00e0 diagnostiquer et \u00e0 r\u00e9soudre les probl\u00e8mes courants\u00a0:<\/p>\n<ol>\n<li>Fuites : V\u00e9rifiez l'absence de fuites de liquide et inspectez les joints ou les raccords pour d\u00e9tecter tout dommage.<\/li>\n<li>Fonctionnement lent ou irr\u00e9gulier\u00a0: \u00e9valuer le syst\u00e8me hydraulique afin de d\u00e9tecter d\u2019\u00e9ventuels blocages ou des niveaux de fluide insuffisants.<\/li>\n<li>Bruits inhabituels\u00a0: Examinez les bruits et vibrations inhabituels qui pourraient indiquer des probl\u00e8mes m\u00e9caniques ou un mauvais alignement.<\/li>\n<\/ol>\n<p>Fournir des conseils de d\u00e9pannage, des solutions et des mesures pr\u00e9ventives peut aider les lecteurs \u00e0 diagnostiquer et \u00e0 r\u00e9soudre efficacement les probl\u00e8mes li\u00e9s au v\u00e9rin hydraulique. Il est essentiel de donner des indications sur la pr\u00e9vention des probl\u00e8mes potentiels afin de garantir un fonctionnement optimal.<\/p>\n<p><img decoding=\"async\" src=\"https:\/\/www.hydraulic-cylinders.net\/wp-content\/uploads\/2024\/12\/Replacement-Of-John-Deere-Hydraulic-Cylinder-7.webp\" alt=\"Remplacement du v\u00e9rin hydraulique John Deere\" \/><\/p>\n<h2>Consid\u00e9rations de conception et crit\u00e8res de s\u00e9lection<\/h2>\n<p>Lors de la conception du kit de remplacement du syst\u00e8me de levage \u00e9lectrique de la caisse de chargement VGA10742, plusieurs facteurs sont essentiels \u00e0 prendre en compte\u00a0:<\/p>\n<ol>\n<li>Capacit\u00e9 de charge<\/li>\n<li>efficacit\u00e9 d'\u00e9tanch\u00e9it\u00e9<\/li>\n<li>Durabilit\u00e9<\/li>\n<li>Dispositifs de s\u00e9curit\u00e9<\/li>\n<li>Maintenabilit\u00e9<\/li>\n<\/ol>\n<p>L\u2019examen d\u00e9taill\u00e9 de chacun de ces points garantit que les crit\u00e8res de s\u00e9lection du v\u00e9rin hydraulique sont trait\u00e9s en profondeur, offrant ainsi une solution fiable et efficace.<\/p>\n<h2>\u00c9tanch\u00e9it\u00e9 et lubrification pour le remplacement du kit de levage \u00e9lectrique de la caisse de chargement VGA10742<\/h2>\n<p>Le kit de remplacement du v\u00e9rin de benne VGA10742 utilise divers composants d'\u00e9tanch\u00e9it\u00e9, tels que des joints de piston et de tige. Ces joints sont fabriqu\u00e9s \u00e0 partir de mat\u00e9riaux r\u00e9sistants \u00e0 l'usure comme le polyur\u00e9thane et le caoutchouc nitrile. Le corps du v\u00e9rin et la surface d'extr\u00e9mit\u00e9 filet\u00e9e sont usin\u00e9s avec pr\u00e9cision pour une r\u00e9sistance accrue \u00e0 l'usure. Une lubrification r\u00e9guli\u00e8re avec la quantit\u00e9 appropri\u00e9e d'huile hydraulique est n\u00e9cessaire pour garantir un fonctionnement optimal et une longue dur\u00e9e de vie.<\/p>\n<h2>Inspection r\u00e9guli\u00e8re et maintenance pr\u00e9ventive<\/h2>\n<p>Des inspections r\u00e9guli\u00e8res et une maintenance pr\u00e9ventive sont essentielles pour prolonger la dur\u00e9e de vie du kit de levage \u00e9lectrique de caisse VGA10742. En suivant les proc\u00e9dures d'installation, de lubrification et de r\u00e9glage appropri\u00e9es, les op\u00e9rateurs peuvent garantir des performances optimales. Fournir des conseils sur l'alignement correct du v\u00e9rin lors de l'installation, recommander l'utilisation de supports de montage adapt\u00e9s pour le fixer, fournir des proc\u00e9dures d'inspection, de r\u00e9paration et de remplacement recommand\u00e9es, et proposer des pi\u00e8ces de rechange et des services de remise \u00e0 neuf contribuent tous \u00e0 prolonger la dur\u00e9e de vie du v\u00e9rin hydraulique.<\/p>\n<h2>Guide d'installation correct pour le remplacement du kit de levage \u00e9lectrique de la benne VGA10742<\/h2>\n<p>Pour garantir une installation correcte du kit de remplacement de levage \u00e9lectrique de la benne VGA10742, suivez ces \u00e9tapes\u00a0:<\/p>\n<ol>\n<li>Pr\u00e9parez la surface de montage et assurez-vous qu'elle soit propre et exempte de d\u00e9bris.<\/li>\n<li>Alignez le cylindre avec les trous de fixation et fixez-le \u00e0 l'aide des fixations appropri\u00e9es.<\/li>\n<li>Raccordez les flexibles ou tubes hydrauliques en veillant \u00e0 assurer une \u00e9tanch\u00e9it\u00e9 et un serrage corrects.<\/li>\n<li>Tester le fonctionnement du cylindre pour v\u00e9rifier son bon fonctionnement.<\/li>\n<\/ol>\n<p>En suivant ces instructions d'installation, les op\u00e9rateurs peuvent garantir le bon fonctionnement de<\/p>","protected":false},"excerpt":{"rendered":"<p>Introduction to the Replacement Of VGA10742 Cargo Box Power Lift Kit The Replacement Of VGA10742 Cargo Box Power Lift Kit is a hydraulic cylinder designed for various applications. It is used to replace damaged or worn-out hydraulic cylinders and restore the normal operation of equipment. This hydraulic cylinder plays a crucial role in ensuring the [&hellip;]<\/p>","protected":false},"featured_media":12473,"comment_status":"open","ping_status":"closed","template":"","meta":{"_et_pb_use_builder":"","_et_pb_old_content":"","_et_gb_content_width":""},"product_brand":[],"product_cat":[1489],"product_tag":[1380,1490,1491],"class_list":{"0":"post-14459","1":"product","2":"type-product","3":"status-publish","4":"has-post-thumbnail","6":"product_cat-replacement-of-john-deere-hydraulic-cylinder","7":"product_tag-hydraulic-cylinder","8":"product_tag-replacement-of-hydraulic-cylinder","9":"product_tag-replacemet-of-john-deere-hydraulic-cylinder","11":"first","12":"instock","13":"shipping-taxable","14":"product-type-simple"},"amp_enabled":true,"_links":{"self":[{"href":"https:\/\/www.hydraulic-cylinders.net\/fr\/wp-json\/wp\/v2\/product\/14459","targetHints":{"allow":["GET"]}}],"collection":[{"href":"https:\/\/www.hydraulic-cylinders.net\/fr\/wp-json\/wp\/v2\/product"}],"about":[{"href":"https:\/\/www.hydraulic-cylinders.net\/fr\/wp-json\/wp\/v2\/types\/product"}],"replies":[{"embeddable":true,"href":"https:\/\/www.hydraulic-cylinders.net\/fr\/wp-json\/wp\/v2\/comments?post=14459"}],"wp:featuredmedia":[{"embeddable":true,"href":"https:\/\/www.hydraulic-cylinders.net\/fr\/wp-json\/wp\/v2\/media\/12473"}],"wp:attachment":[{"href":"https:\/\/www.hydraulic-cylinders.net\/fr\/wp-json\/wp\/v2\/media?parent=14459"}],"wp:term":[{"taxonomy":"product_brand","embeddable":true,"href":"https:\/\/www.hydraulic-cylinders.net\/fr\/wp-json\/wp\/v2\/product_brand?post=14459"},{"taxonomy":"product_cat","embeddable":true,"href":"https:\/\/www.hydraulic-cylinders.net\/fr\/wp-json\/wp\/v2\/product_cat?post=14459"},{"taxonomy":"product_tag","embeddable":true,"href":"https:\/\/www.hydraulic-cylinders.net\/fr\/wp-json\/wp\/v2\/product_tag?post=14459"}],"curies":[{"name":"wp","href":"https:\/\/api.w.org\/{rel}","templated":true}]}}