{"id":14474,"date":"2024-12-12T08:47:10","date_gmt":"2024-12-12T08:47:10","guid":{"rendered":"https:\/\/www.hydraulic-cylinders.net\/product\/replacement-of-afh200246-cylinder\/"},"modified":"2024-12-12T08:47:12","modified_gmt":"2024-12-12T08:47:12","slug":"replacement-of-afh200246-cylinder","status":"publish","type":"product","link":"https:\/\/www.hydraulic-cylinders.net\/fr\/produit\/replacement-of-afh200246-cylinder\/","title":{"rendered":"Remplacement du cylindre AFH200246"},"content":{"rendered":"<h1>Remplacement du cylindre AFH200246<\/h1>\n<p>Le v\u00e9rin de remplacement AFH200246 est un v\u00e9rin hydraulique con\u00e7u pour remplacer les v\u00e9rins endommag\u00e9s ou us\u00e9s de diff\u00e9rents mod\u00e8les de machines, notamment les mod\u00e8les 730, 735, 830, 835, C300, C350 et C400 GROUPER. Il p\u00e8se 16,7 kg (36,9 lb), mesure 9,1 cm (3,6 po) de hauteur, 12,2 cm (4,8 po) de largeur et 72,4 cm (28,5 po) de longueur.<\/p>\n<h2>Sp\u00e9cifications et mod\u00e8les des produits<\/h2>\n<p>Le cylindre de remplacement AFH200246 est compatible avec diff\u00e9rents mod\u00e8les de machines et pr\u00e9sente les sp\u00e9cifications suivantes\u00a0:<\/p>\n<ul>\n<li>Poids : 16,7 kg<\/li>\n<li>Hauteur : 3,6 pouces<\/li>\n<li>Largeur : 4,8 pouces<\/li>\n<li>Longueur : 28,5 pouces<\/li>\n<\/ul>\n<p>Il est compatible avec les mod\u00e8les de machines suivants : 730, 735, 830, 835, C300, C350 et C400 GROUPER.<\/p>\n<h2>Caract\u00e9ristiques<\/h2>\n<p>Le cylindre de remplacement AFH200246 pr\u00e9sente les caract\u00e9ristiques suivantes\u00a0:<\/p>\n<ul>\n<li>Am\u00e9lioration des performances des \u00e9quipements\u00a0: Le remplacement des v\u00e9rins hydrauliques endommag\u00e9s ou us\u00e9s permet de r\u00e9tablir le fonctionnement normal des \u00e9quipements et d\u2019assurer leurs performances dans diverses applications.<\/li>\n<li>S\u00e9curit\u00e9 renforc\u00e9e : Le remplacement r\u00e9gulier des v\u00e9rins hydrauliques permet de r\u00e9duire les risques pour la s\u00e9curit\u00e9 li\u00e9s aux d\u00e9faillances des v\u00e9rins, garantissant ainsi la s\u00e9curit\u00e9 des op\u00e9rateurs et des \u00e9quipements.<\/li>\n<li>Protection contre les surcharges\u00a0: Les conceptions modernes des cylindres int\u00e8grent g\u00e9n\u00e9ralement de meilleurs m\u00e9canismes de protection contre les surcharges, ce qui am\u00e9liore la s\u00e9curit\u00e9.<\/li>\n<li>Installation rapide : Les conceptions modernes des v\u00e9rins hydrauliques privil\u00e9gient g\u00e9n\u00e9ralement la facilit\u00e9 d'installation et de remplacement, r\u00e9duisant ainsi les temps d'arr\u00eat.<\/li>\n<li>Composants standardis\u00e9s\u00a0: De nombreux v\u00e9rins hydrauliques sont des produits standardis\u00e9s, ce qui facilite l\u2019obtention de pi\u00e8ces de rechange sur le march\u00e9.<\/li>\n<\/ul>\n<p>Nous sommes capables de fabriquer ce produit, et notre produit peut parfaitement remplacer ces v\u00e9rins hydrauliques.<\/p>\n<h2>Applications<\/h2>\n<p>Le cylindre de remplacement AFH200246 peut \u00eatre utilis\u00e9 dans diverses machines, comme indiqu\u00e9 ci-dessous\u00a0:<\/p>\n<h3>Excavatrice<\/h3>\n<p>Sur les excavatrices, le v\u00e9rin hydraulique peut \u00eatre endommag\u00e9 par une utilisation prolong\u00e9e ou une surcharge, ce qui n\u00e9cessite son remplacement pour r\u00e9tablir un fonctionnement normal.<\/p>\n<h3>Grue<\/h3>\n<p>Les v\u00e9rins hydrauliques des bras de levage des grues sont sujets \u00e0 l'usure lors des op\u00e9rations fr\u00e9quentes de levage et d'abaissement et n\u00e9cessitent un remplacement r\u00e9gulier pour garantir la s\u00e9curit\u00e9.<\/p>\n<h3>Tracteur<\/h3>\n<p>Les v\u00e9rins hydrauliques des chargeurs frontaux des tracteurs peuvent fuir ou mal fonctionner lors d'op\u00e9rations de levage et d'inclinaison continues, ce qui n\u00e9cessite leur remplacement.<\/p>\n<h3>Moissonneuse<\/h3>\n<p>Lors de la r\u00e9colte, le syst\u00e8me hydraulique est soumis \u00e0 une pression \u00e9lev\u00e9e et le v\u00e9rin peut \u00eatre endommag\u00e9 par la fatigue, ce qui n\u00e9cessite un remplacement rapide pour maintenir l'efficacit\u00e9 du travail.<\/p>\n<h3>Ligne de production automatis\u00e9e<\/h3>\n<p>Les v\u00e9rins hydrauliques servent \u00e0 commander les bras robotis\u00e9s et autres \u00e9quipements d'automatisation. En cas de d\u00e9faillance d'un v\u00e9rin, la productivit\u00e9 de la production est affect\u00e9e et son remplacement imm\u00e9diat est n\u00e9cessaire.<\/p>\n<h3>Machine de moulage sous pression<\/h3>\n<p>Dans les environnements \u00e0 haute pression et \u00e0 haute temp\u00e9rature, les v\u00e9rins hydrauliques peuvent voir leurs performances diminuer, et un remplacement r\u00e9gulier permet de garantir la qualit\u00e9 du produit.<\/p>\n<h3>\u00c9quipement minier<\/h3>\n<p>Les v\u00e9rins hydrauliques sont utilis\u00e9s dans les \u00e9quipements miniers pour soulever et d\u00e9placer des objets lourds. Compte tenu des conditions de travail difficiles, des inspections et un remplacement r\u00e9guliers sont n\u00e9cessaires pour \u00e9viter les pannes.<\/p>\n<h3>Bulldozer<\/h3>\n<p>L'usure du v\u00e9rin hydraulique du bras de pouss\u00e9e du bulldozer peut entra\u00eener une diminution de la capacit\u00e9 de pouss\u00e9e, n\u00e9cessitant un remplacement opportun pour maintenir l'efficacit\u00e9 op\u00e9rationnelle.<\/p>\n<h2>Entretien<\/h2>\n<p>Un entretien r\u00e9gulier est essentiel pour garantir les performances optimales du v\u00e9rin hydraulique. Voici les t\u00e2ches d'entretien courantes\u00a0:<\/p>\n<ul>\n<li>Inspection r\u00e9guli\u00e8re<\/li>\n<li>Lubrification ad\u00e9quate<\/li>\n<li>remplacement du joint<\/li>\n<li>V\u00e9rification de l'\u00e9talonnage<\/li>\n<\/ul>\n<p>Une installation, une lubrification et un r\u00e9glage corrects sont essentiels. Lors de l'installation, veillez \u00e0 bien guider l'utilisateur pour l'alignement du v\u00e9rin et recommandez l'utilisation de supports de fixation appropri\u00e9s. Nous recommandons de suivre la proc\u00e9dure d'inspection, de r\u00e9paration et de remplacement sugg\u00e9r\u00e9e afin d'optimiser la dur\u00e9e de vie du v\u00e9rin.<\/p>\n<h2>Consid\u00e9rations de s\u00e9curit\u00e9 et facteurs environnementaux<\/h2>\n<p>Les v\u00e9rins hydrauliques sont des composants essentiels et leur manipulation requiert le respect des consignes de s\u00e9curit\u00e9. Afin de pr\u00e9venir les accidents, un entretien et des inspections r\u00e9guliers doivent \u00eatre effectu\u00e9s par un personnel qualifi\u00e9. Les facteurs environnementaux tels que les temp\u00e9ratures \u00e9lev\u00e9es, l'humidit\u00e9 et les milieux corrosifs peuvent affecter la dur\u00e9e de vie du v\u00e9rin. Un entretien et un remplacement appropri\u00e9s permettent d'allonger cette dur\u00e9e de vie dans ces environnements.<\/p>\n<h2>D\u00e9pannage et probl\u00e8mes courants<\/h2>\n<p>Voici quelques probl\u00e8mes courants pouvant survenir avec les v\u00e9rins hydrauliques\u00a0:<\/p>\n<ul>\n<li>Mouvement du cylindre lent ou irr\u00e9gulier<\/li>\n<li>Fuite<\/li>\n<li>Bruit pendant le fonctionnement<\/li>\n<li>Puissance insuffisante<\/li>\n<\/ul>\n<p>Pour diagnostiquer et r\u00e9soudre ces probl\u00e8mes, les conseils suivants peuvent s'av\u00e9rer utiles\u00a0:<\/p>\n<ul>\n<li>V\u00e9rifiez le niveau et le d\u00e9bit du fluide hydraulique.<\/li>\n<li>V\u00e9rifiez si les composants du cylindre sont endommag\u00e9s ou us\u00e9s.<\/li>\n<li>Nettoyer ou remplacer les composants endommag\u00e9s ou us\u00e9s<\/li>\n<\/ul>\n<p>Des mesures pr\u00e9ventives comme l'entretien et l'inspection r\u00e9guliers peuvent contribuer \u00e0 \u00e9viter d'\u00e9ventuels probl\u00e8mes.<\/p>\n<p><img decoding=\"async\" src=\"https:\/\/www.hydraulic-cylinders.net\/wp-content\/uploads\/2024\/12\/Replacement-Of-John-Deere-Hydraulic-Cylinder-7.webp\" alt=\"Remplacement du cylindre AFH200246\" \/><\/p>\n<h2>Consid\u00e9rations de conception et crit\u00e8res de s\u00e9lection<\/h2>\n<p>Lors du choix des v\u00e9rins hydrauliques, il est crucial de prendre en compte les crit\u00e8res de conception et de s\u00e9lection suivants\u00a0:<\/p>\n<ul>\n<li>capacit\u00e9 de charge<\/li>\n<li>Performance d'\u00e9tanch\u00e9it\u00e9<\/li>\n<li>Durabilit\u00e9<\/li>\n<li>S\u00e9curit\u00e9<\/li>\n<li>Maintenabilit\u00e9<\/li>\n<\/ul>\n<p>Une \u00e9tanch\u00e9it\u00e9 et une lubrification ad\u00e9quates garantissent le fonctionnement optimal du v\u00e9rin. L'utilisation de divers composants d'\u00e9tanch\u00e9it\u00e9, tels que des joints de piston et de tige en mat\u00e9riaux durables comme le polyur\u00e9thane et le caoutchouc nitrile, am\u00e9liore la r\u00e9sistance \u00e0 l'usure. Un traitement pr\u00e9cis des surfaces d'al\u00e9sage et de filetage du v\u00e9rin contribue \u00e9galement \u00e0 renforcer cette r\u00e9sistance. Enfin, une lubrification r\u00e9guli\u00e8re \u00e0 l'huile hydraulique prolonge la dur\u00e9e de vie du v\u00e9rin.<\/p>\n<h2>Pr\u00e9sentation de l'entreprise<\/h2>\n<p>Nous sommes un fabricant de v\u00e9rins hydrauliques de remplacement, proposant une gamme compl\u00e8te de produits, et sommes devenus l'un des principaux fabricants et distributeurs en gros de v\u00e9rins hydrauliques sur les march\u00e9s nationaux et internationaux.<\/p>\n<p>Notre entreprise pr\u00e9sente les caract\u00e9ristiques suivantes\u00a0:<\/p>\n<ul>\n<li>expertise professionnelle<\/li>\n<li>Certification internationale<\/li>\n<li>Services de personnalisation<\/li>\n<li>\u00e9quipement de production avanc\u00e9<\/li>\n<li>Service apr\u00e8s-vente<\/li>\n<\/ul>\n<p><img decoding=\"async\" src=\"https:\/\/www.hydraulic-cylinders.net\/wp-content\/uploads\/2024\/12\/hydraulic-cylinder-factory.webp\" alt=\"Pr\u00e9sentation de l&#039;entreprise\" \/><\/p>\n<p>Auteur : lyl<\/p>","protected":false},"excerpt":{"rendered":"<p>Replacement Of AFH200246 Cylinder The Replacement Of AFH200246 Cylinder is a hydraulic cylinder designed to replace damaged or worn out cylinders in various machinery models such as 730, 735, 830, 835, C300, C350, and C400 GROUPER. It weighs 36.9 lb, is 3.6 inches in height, 4.8 inches in width, and 28.5 inches in length. Product [&hellip;]<\/p>","protected":false},"featured_media":10763,"comment_status":"open","ping_status":"closed","template":"","meta":{"_et_pb_use_builder":"","_et_pb_old_content":"","_et_gb_content_width":""},"product_brand":[],"product_cat":[1489],"product_tag":[1380,1490,1491],"class_list":{"0":"post-14474","1":"product","2":"type-product","3":"status-publish","4":"has-post-thumbnail","6":"product_cat-replacement-of-john-deere-hydraulic-cylinder","7":"product_tag-hydraulic-cylinder","8":"product_tag-replacement-of-hydraulic-cylinder","9":"product_tag-replacemet-of-john-deere-hydraulic-cylinder","11":"first","12":"instock","13":"shipping-taxable","14":"product-type-simple"},"amp_enabled":true,"_links":{"self":[{"href":"https:\/\/www.hydraulic-cylinders.net\/fr\/wp-json\/wp\/v2\/product\/14474","targetHints":{"allow":["GET"]}}],"collection":[{"href":"https:\/\/www.hydraulic-cylinders.net\/fr\/wp-json\/wp\/v2\/product"}],"about":[{"href":"https:\/\/www.hydraulic-cylinders.net\/fr\/wp-json\/wp\/v2\/types\/product"}],"replies":[{"embeddable":true,"href":"https:\/\/www.hydraulic-cylinders.net\/fr\/wp-json\/wp\/v2\/comments?post=14474"}],"wp:featuredmedia":[{"embeddable":true,"href":"https:\/\/www.hydraulic-cylinders.net\/fr\/wp-json\/wp\/v2\/media\/10763"}],"wp:attachment":[{"href":"https:\/\/www.hydraulic-cylinders.net\/fr\/wp-json\/wp\/v2\/media?parent=14474"}],"wp:term":[{"taxonomy":"product_brand","embeddable":true,"href":"https:\/\/www.hydraulic-cylinders.net\/fr\/wp-json\/wp\/v2\/product_brand?post=14474"},{"taxonomy":"product_cat","embeddable":true,"href":"https:\/\/www.hydraulic-cylinders.net\/fr\/wp-json\/wp\/v2\/product_cat?post=14474"},{"taxonomy":"product_tag","embeddable":true,"href":"https:\/\/www.hydraulic-cylinders.net\/fr\/wp-json\/wp\/v2\/product_tag?post=14474"}],"curies":[{"name":"wp","href":"https:\/\/api.w.org\/{rel}","templated":true}]}}