{"id":14476,"date":"2024-12-12T08:47:22","date_gmt":"2024-12-12T08:47:22","guid":{"rendered":"https:\/\/www.hydraulic-cylinders.net\/product\/replacement-of-tca17941-cylinder\/"},"modified":"2024-12-12T08:47:24","modified_gmt":"2024-12-12T08:47:24","slug":"replacement-of-tca17941-cylinder","status":"publish","type":"product","link":"https:\/\/www.hydraulic-cylinders.net\/fr\/produit\/replacement-of-tca17941-cylinder\/","title":{"rendered":"Remplacement du cylindre TCA17941"},"content":{"rendered":"<h1>Remplacement du cylindre TCA17941<\/h1>\n<p>Le v\u00e9rin de remplacement TCA17941 est un v\u00e9rin hydraulique con\u00e7u pour remplacer le v\u00e9rin TCA17941 d'origine. Il s'agit d'un composant essentiel dans diverses applications industrielles, fournissant la puissance et le contr\u00f4le n\u00e9cessaires au fonctionnement des \u00e9quipements.<\/p>\n<h2>Caract\u00e9ristiques<\/h2>\n<ul>\n<li>Poids : 3,35 kg<\/li>\n<li>Hauteur : 2,1 pouces<\/li>\n<li>Largeur : 3,9 pouces<\/li>\n<li>Longueur : 18,5 pouces<\/li>\n<\/ul>\n<h2>Mod\u00e8les compatibles<\/h2>\n<ul>\n<li>2653<\/li>\n<li>2653A<\/li>\n<li>2653B<\/li>\n<\/ul>\n<h2>Caract\u00e9ristiques du produit<\/h2>\n<ul>\n<li>Am\u00e9lioration des performances des \u00e9quipements\u00a0: Le remplacement des v\u00e9rins hydrauliques endommag\u00e9s ou us\u00e9s permet de r\u00e9tablir le fonctionnement normal des \u00e9quipements et d\u2019assurer leurs performances dans diverses applications.<\/li>\n<li>S\u00e9curit\u00e9 renforc\u00e9e : le remplacement r\u00e9gulier des v\u00e9rins hydrauliques peut r\u00e9duire les risques de s\u00e9curit\u00e9 caus\u00e9s par les d\u00e9faillances des v\u00e9rins, garantissant ainsi la s\u00e9curit\u00e9 des op\u00e9rateurs et de l'\u00e9quipement.<\/li>\n<li>Protection contre les surcharges\u00a0: Les nouveaux mod\u00e8les de cylindres int\u00e8grent souvent de meilleurs m\u00e9canismes de protection contre les surcharges, ce qui am\u00e9liore la s\u00e9curit\u00e9.<\/li>\n<li>Installation rapide\u00a0: Les v\u00e9rins hydrauliques modernes sont con\u00e7us pour une installation et un remplacement faciles, minimisant ainsi les temps d\u2019arr\u00eat.<\/li>\n<li>Composants standardis\u00e9s : De nombreux v\u00e9rins hydrauliques sont des produits standardis\u00e9s, ce qui facilite l\u2019obtention de pi\u00e8ces de rechange sur le march\u00e9.<\/li>\n<\/ul>\n<p>Nous pouvons fabriquer ce produit, qui constitue un remplacement id\u00e9al pour ces v\u00e9rins hydrauliques. <\/p>\n<h2>Applications<\/h2>\n<p>Le remplacement du cylindre TCA17941 trouve des applications dans diverses industries, notamment\u00a0:<\/p>\n<ol>\n<li>Pelles hydrauliques\u00a0: Les v\u00e9rins hydrauliques du bras ou du godet des pelles hydrauliques peuvent s\u2019endommager en raison d\u2019une utilisation prolong\u00e9e ou d\u2019une surcharge, ce qui n\u00e9cessite leur remplacement pour r\u00e9tablir un fonctionnement normal.<\/li>\n<li>Grues : Les v\u00e9rins hydrauliques de la fl\u00e8che de levage des grues sont sujets \u00e0 l'usure lors des op\u00e9rations fr\u00e9quentes de levage et d'abaissement, ce qui n\u00e9cessite un remplacement r\u00e9gulier pour des raisons de s\u00e9curit\u00e9.<\/li>\n<li>Tracteurs\u00a0: Les v\u00e9rins hydrauliques des chargeurs frontaux des tracteurs peuvent pr\u00e9senter des fuites ou des probl\u00e8mes de performance lors d\u2019op\u00e9rations de levage et d\u2019inclinaison continues, n\u00e9cessitant leur remplacement.<\/li>\n<li>Moissonneuses-batteuses : Les v\u00e9rins hydrauliques du syst\u00e8me hydraulique des moissonneuses-batteuses subissent des pressions \u00e9lev\u00e9es pendant la r\u00e9colte, et leur remplacement en temps voulu garantit l'efficacit\u00e9 du travail.<\/li>\n<li>Lignes de production automatis\u00e9es\u00a0: des v\u00e9rins hydrauliques sont utilis\u00e9s pour commander les bras robotis\u00e9s et autres \u00e9quipements automatis\u00e9s. Leur remplacement imm\u00e9diat est indispensable pour \u00e9viter toute interruption de la production.<\/li>\n<\/ol>\n<h2>T\u00e2ches de maintenance<\/h2>\n<p>Les t\u00e2ches d'entretien r\u00e9gulier pour le remplacement du cylindre TCA17941 comprennent\u00a0:<\/p>\n<ol>\n<li>Inspection p\u00e9riodique<\/li>\n<li>Lubrification ad\u00e9quate<\/li>\n<li>Remplacement du joint<\/li>\n<li>Contr\u00f4les d'\u00e9talonnage<\/li>\n<\/ol>\n<p>Une installation, une lubrification et un r\u00e9glage corrects sont essentiels. Il est primordial de fournir des conseils sur l'alignement pr\u00e9cis du v\u00e9rin lors de l'installation et de recommander l'utilisation de supports de fixation adapt\u00e9s. Nous proposons \u00e9galement des services d'inspection, de r\u00e9paration et de remplacement, ainsi que le remplacement de pi\u00e8ces et la remise \u00e0 neuf de vos v\u00e9rins hydrauliques afin d'en prolonger la dur\u00e9e de vie.<\/p>\n<h2>Consid\u00e9rations de s\u00e9curit\u00e9 et facteurs environnementaux<\/h2>\n<p>Lors de l'utilisation du v\u00e9rin de remplacement TCA17941, il est essentiel de respecter les consignes de s\u00e9curit\u00e9 afin de garantir un environnement de travail s\u00fbr. Des pr\u00e9cautions de s\u00e9curit\u00e9 ad\u00e9quates doivent \u00eatre prises lors de la manipulation des v\u00e9rins hydrauliques afin de pr\u00e9venir les accidents et les blessures. De plus, la prise en compte des facteurs environnementaux lors de l'utilisation de v\u00e9rins hydrauliques est cruciale pour minimiser tout impact n\u00e9gatif potentiel sur l'environnement.<\/p>\n<h2>D\u00e9pannage et probl\u00e8mes courants<\/h2>\n<p>Probl\u00e8mes courants et conseils de d\u00e9pannage li\u00e9s au remplacement du cylindre TCA17941\u00a0:<\/p>\n<ol>\n<li>Probl\u00e8me : Fuite du cylindre<\/li>\n<p>Solution : Inspecter et remplacer les joints endommag\u00e9s, en assurant une \u00e9tanch\u00e9it\u00e9 correcte.<\/p>\n<li>Probl\u00e8me : Le v\u00e9rin ne s'\u00e9tend ni ne se r\u00e9tracte.<\/li>\n<p>Solution : V\u00e9rifier le niveau et la qualit\u00e9 du fluide hydraulique, inspecter les zones obstru\u00e9es et s'assurer d'un bon alignement.<\/p>\n<li>Probl\u00e8me\u00a0: Bruit ou vibration du cylindre<\/li>\n<p>Solution : V\u00e9rifiez les connexions desserr\u00e9es, les composants endommag\u00e9s ou la lubrification insuffisante.<\/p>\n<\/ol>\n<p>Fournir des conseils et des solutions de d\u00e9pannage aide les lecteurs \u00e0 diagnostiquer et \u00e0 r\u00e9soudre efficacement les probl\u00e8mes. Il est \u00e9galement important de proposer des mesures pr\u00e9ventives pour minimiser les probl\u00e8mes potentiels.<\/p>\n<p><img decoding=\"async\" src=\"https:\/\/www.hydraulic-cylinders.net\/wp-content\/uploads\/2024\/12\/Replacement-Of-John-Deere-Hydraulic-Cylinder-7.webp\" alt=\"Image de v\u00e9rin hydraulique\"><\/p>\n<h2>Consid\u00e9rations de conception et crit\u00e8res de s\u00e9lection<\/h2>\n<p>Lors du choix du remplacement du cylindre TCA17941, divers aspects de conception doivent \u00eatre pris en compte\u00a0:<\/p>\n<ol>\n<li>Capacit\u00e9 de charge : La capacit\u00e9 du cylindre \u00e0 supporter la charge requise est cruciale pour des performances optimales.<\/li>\n<li>\u00c9tanch\u00e9it\u00e9 : Utilisation de divers composants d'\u00e9tanch\u00e9it\u00e9, tels que des joints de piston et des joints de tige, fabriqu\u00e9s \u00e0 partir de mat\u00e9riaux r\u00e9sistants \u00e0 l'usure comme le polyur\u00e9thane et le caoutchouc nitrile.<\/li>\n<li>Durabilit\u00e9 : Le corps du cylindre et les extr\u00e9mit\u00e9s filet\u00e9es subissent un traitement m\u00e9ticuleux afin d'am\u00e9liorer la r\u00e9sistance \u00e0 l'usure.<\/li>\n<li>S\u00e9curit\u00e9 : Int\u00e9gration de dispositifs et de m\u00e9canismes de s\u00e9curit\u00e9 pour pr\u00e9venir les accidents et assurer la protection de l'op\u00e9rateur.<\/li>\n<li>Facilit\u00e9 d'entretien : Caract\u00e9ristiques de conception facilitant l'entretien, l'inspection et les r\u00e9parations.<\/li>\n<\/ol>\n<p>L'\u00e9tanch\u00e9it\u00e9 et la lubrification sont essentielles pour un fonctionnement optimal. L'utilisation de joints appropri\u00e9s et une lubrification r\u00e9guli\u00e8re, notamment par l'ajout de l'huile hydraulique recommand\u00e9e, contribuent \u00e0 un fonctionnement fluide et prolongent la dur\u00e9e de vie du v\u00e9rin.<\/p>\n<h2>Inspection r\u00e9guli\u00e8re et maintenance pr\u00e9ventive<\/h2>\n<p>Les inspections r\u00e9guli\u00e8res et la maintenance pr\u00e9ventive pour le remplacement du cylindre TCA17941 comprennent\u00a0:<\/p>\n<ol>\n<li>Inspection p\u00e9riodique<\/li>\n<p>Inspectez le cylindre afin de d\u00e9celer tout signe d'usure, de dommage ou de fuite. V\u00e9rifiez l'alignement et le serrage des supports de fixation.<\/p>\n<li>Lubrification ad\u00e9quate<\/li>\n<p>Respectez les recommandations du fabricant concernant les intervalles de lubrification et utilisez le lubrifiant appropri\u00e9 pour assurer un bon fonctionnement.<\/p>\n<li>Remplacement du joint<\/li>\n<p>Inspectez et remplacez r\u00e9guli\u00e8rement les joints us\u00e9s ou endommag\u00e9s afin de maintenir une \u00e9tanch\u00e9it\u00e9 optimale.<\/p>\n<li>Contr\u00f4les d'\u00e9talonnage<\/li>\n<p>Calibrez p\u00e9riodiquement le cylindre pour garantir des performances pr\u00e9cises et \u00e9viter toute d\u00e9viation.<\/p>\n<\/ol>\n<p>Fournir un guide d'installation correct est essentiel pour garantir le bon fonctionnement et la long\u00e9vit\u00e9 du produit.<\/p>\n<p><img decoding=\"async\" src=\"https:\/\/www.hydraulic-cylinders.net\/wp-content\/uploads\/2024\/12\/Replacement-Of-John-Deere-Hydraulic-Cylinder-8.webp\" alt=\"Image de v\u00e9rin hydraulique\"><\/p>\n<h2>\u00c0 propos de notre entreprise<\/h2>\n<p>Nous sommes un fabricant et distributeur en gros de premier plan de v\u00e9rins hydrauliques de rechange, offrant une gamme compl\u00e8te de produits. Notre entreprise est reconnue pour son professionnalisme, ses certifications internationales, ses services personnalis\u00e9s, ses \u00e9quipements de production de pointe et son excellent service apr\u00e8s-vente.<\/p>\n<p><img decoding=\"async\" src=\"https:\/\/www.hydraulic-cylinders.net\/wp-content\/uploads\/2024\/12\/hydraulic-cylinder-factory.webp\" alt=\"Image de l&#039;entreprise\"><\/p>\n<p>Auteur : lyl<\/p>","protected":false},"excerpt":{"rendered":"<p>Replacement Of TCA17941 Cylinder The Replacement Of TCA17941 Cylinder is a hydraulic cylinder designed to replace the original TCA17941 cylinder. It is an essential component in various industrial applications, providing the necessary power and control for equipment operation. Specifications Weight: 7.29 lb Height: 2.1 in Width: 3.9 in Length: 18.5 in Compatible Models 2653 2653A [&hellip;]<\/p>","protected":false},"featured_media":12445,"comment_status":"open","ping_status":"closed","template":"","meta":{"_et_pb_use_builder":"","_et_pb_old_content":"","_et_gb_content_width":""},"product_brand":[],"product_cat":[1489],"product_tag":[1380,1490,1491],"class_list":{"0":"post-14476","1":"product","2":"type-product","3":"status-publish","4":"has-post-thumbnail","6":"product_cat-replacement-of-john-deere-hydraulic-cylinder","7":"product_tag-hydraulic-cylinder","8":"product_tag-replacement-of-hydraulic-cylinder","9":"product_tag-replacemet-of-john-deere-hydraulic-cylinder","11":"first","12":"instock","13":"shipping-taxable","14":"product-type-simple"},"amp_enabled":true,"_links":{"self":[{"href":"https:\/\/www.hydraulic-cylinders.net\/fr\/wp-json\/wp\/v2\/product\/14476","targetHints":{"allow":["GET"]}}],"collection":[{"href":"https:\/\/www.hydraulic-cylinders.net\/fr\/wp-json\/wp\/v2\/product"}],"about":[{"href":"https:\/\/www.hydraulic-cylinders.net\/fr\/wp-json\/wp\/v2\/types\/product"}],"replies":[{"embeddable":true,"href":"https:\/\/www.hydraulic-cylinders.net\/fr\/wp-json\/wp\/v2\/comments?post=14476"}],"wp:featuredmedia":[{"embeddable":true,"href":"https:\/\/www.hydraulic-cylinders.net\/fr\/wp-json\/wp\/v2\/media\/12445"}],"wp:attachment":[{"href":"https:\/\/www.hydraulic-cylinders.net\/fr\/wp-json\/wp\/v2\/media?parent=14476"}],"wp:term":[{"taxonomy":"product_brand","embeddable":true,"href":"https:\/\/www.hydraulic-cylinders.net\/fr\/wp-json\/wp\/v2\/product_brand?post=14476"},{"taxonomy":"product_cat","embeddable":true,"href":"https:\/\/www.hydraulic-cylinders.net\/fr\/wp-json\/wp\/v2\/product_cat?post=14476"},{"taxonomy":"product_tag","embeddable":true,"href":"https:\/\/www.hydraulic-cylinders.net\/fr\/wp-json\/wp\/v2\/product_tag?post=14476"}],"curies":[{"name":"wp","href":"https:\/\/api.w.org\/{rel}","templated":true}]}}