{"id":15118,"date":"2025-01-19T14:07:43","date_gmt":"2025-01-19T14:07:43","guid":{"rendered":"https:\/\/www.hydraulic-cylinders.net\/product\/bucket-cylinder-for-komatsu-small-excavator-pc40\/"},"modified":"2025-01-19T14:07:45","modified_gmt":"2025-01-19T14:07:45","slug":"bucket-cylinder-for-komatsu-small-excavator-pc40","status":"publish","type":"product","link":"https:\/\/www.hydraulic-cylinders.net\/fr\/produit\/bucket-cylinder-for-komatsu-small-excavator-pc40\/","title":{"rendered":"V\u00e9rin de godet pour petite pelle Komatsu PC40"},"content":{"rendered":"<h2>Introduction<\/h2>\n<h3>Qu'est-ce que le v\u00e9rin de godet pour la petite pelle Komatsu PC40\u00a0?<\/h3>\n<p>Bucket Cylinder for Komatsu Small Excavator PC40 is a specially designed hydraulic cylinder used for controlling the movement of buckets in heavy machinery such as excavators, backhoe excavators, and front-end loaders. Its main function is to enable the bucket to lift, lower, and tilt, thus facilitating various material handling tasks. In the hydraulic system, the bucket cylinder achieves precise control of the bucket&#8217;s movement through changes in hydraulic oil pressure, enabling operators to efficiently handle heavy loads and adapt to complex working environments and diverse operational requirements.<\/p>\n<p><img decoding=\"async\" src=\"https:\/\/www.hydraulic-cylinders.net\/wp-content\/uploads\/2025\/01\/songte-company-2.webp\" alt=\"V\u00e9rin de godet pour petite pelle Komatsu PC40\"><\/p>\n<h2>Caract\u00e9ristiques<\/h2>\n<ul>\n<li><strong>Haute r\u00e9sistance et durabilit\u00e9 :<\/strong> G\u00e9n\u00e9ralement fabriqu\u00e9 en acier ou en aluminium haute r\u00e9sistance, il r\u00e9siste aux fortes pressions et aux charges lourdes, s'adaptant ainsi aux environnements de travail difficiles. Sa conception prend en compte la r\u00e9sistance \u00e0 l'usure et \u00e0 la corrosion, prolongeant ainsi sa dur\u00e9e de vie.<\/li>\n<li><strong>Fonctionnement hydraulique efficace :<\/strong> L'action t\u00e9lescopique douce est obtenue en utilisant la pression d'huile hydraulique, permettant une r\u00e9ponse rapide aux commandes de contr\u00f4le, fournissant une force de pouss\u00e9e-traction puissante et adapt\u00e9e \u00e0 la manipulation de charges lourdes et de t\u00e2ches op\u00e9rationnelles complexes.<\/li>\n<li><strong>Diff\u00e9rents types :<\/strong> Des v\u00e9rins \u00e0 simple effet (hydrauliques utilis\u00e9s dans un seul sens) ou \u00e0 double effet (hydrauliques utilis\u00e9s dans les deux sens) peuvent \u00eatre s\u00e9lectionn\u00e9s selon les besoins op\u00e9rationnels. Certains mod\u00e8les sont t\u00e9lescopiques, permettant une extension plus importante sans augmenter les dimensions ext\u00e9rieures, et conviennent donc aux applications avec un espace restreint.<\/li>\n<li><strong>Production sur mesure :<\/strong> Nous pouvons produire ce produit, qui peut parfaitement remplacer ces v\u00e9rins hydrauliques.<\/li>\n<\/ul>\n<p><img decoding=\"async\" src=\"https:\/\/www.hydraulic-cylinders.net\/wp-content\/uploads\/2025\/01\/songte-cylinder-head-with-all-kinds-excavator-models.webp\" alt=\"V\u00e9rin de godet pour petite pelle Komatsu PC40\"><\/p>\n<h2>Application<\/h2>\n<p>Le v\u00e9rin de godet pour petite excavatrice Komatsu PC40 est largement utilis\u00e9 dans diverses industries telles que les \u00e9quipements de construction, les machines agricoles, les excavatrices et les chargeuses. <\/p>\n<h3>\u00c9quipement de construction :<\/h3>\n<ul>\n<li>Dans les excavatrices, il est essentiel pour l'excavation, le chargement et le d\u00e9placement du sol ou des d\u00e9bris.<\/li>\n<li> Dans les excavatrices r\u00e9trocaveuses, le v\u00e9rin du godet aide \u00e0 la fois au creusement et au levage.<\/li>\n<li> Dans les chargeurs frontaux, il aide \u00e0 soulever et \u00e0 incliner efficacement les marchandises.<\/li>\n<\/ul>\n<h3>Machines agricoles :<\/h3>\n<p>Il est utilis\u00e9 pour les chargeurs frontaux, le ramassage, le levage et le transport de terre, de foin et d'autres mat\u00e9riaux.<\/p>\n<h3>Excavateurs:<\/h3>\n<p>Le v\u00e9rin du godet permet l'action d'excavation en permettant au godet de p\u00e9n\u00e9trer le sol. <\/p>\n<p><img decoding=\"async\" src=\"https:\/\/www.hydraulic-cylinders.net\/wp-content\/uploads\/2025\/01\/songte-bushings-with-all-kinds-of-excavator-models.webp\" alt=\"V\u00e9rin de godet pour petite pelle Komatsu PC40\"><\/p>\n<h2>Consid\u00e9rations de conception et normes de s\u00e9lection<\/h2>\n<ul>\n<li><strong>Capacit\u00e9 portante :<\/strong> Le v\u00e9rin du godet doit r\u00e9sister \u00e0 des charges \u00e0 haute pression.<\/li>\n<li><strong>Scellage:<\/strong> Diff\u00e9rents joints, tels que les joints de piston et les joints de tige, doivent \u00eatre fabriqu\u00e9s \u00e0 partir de mat\u00e9riaux r\u00e9sistants \u00e0 l'usure tels que le polyur\u00e9thane et le caoutchouc nitrile pour garantir les performances d'\u00e9tanch\u00e9it\u00e9.<\/li>\n<li><strong>Durabilit\u00e9:<\/strong> The cylinder&#8217;s body and threaded end surface should be finely processed to improve wear resistance.<\/li>\n<li><strong>S\u00e9curit\u00e9:<\/strong> The design should take into account the safety of the cylinder&#8217;s operation.<\/li>\n<li><strong>Entretien:<\/strong> Le cylindre doit \u00eatre facile \u00e0 r\u00e9parer et \u00e0 entretenir.<\/li>\n<\/ul>\n<p><img decoding=\"async\" src=\"https:\/\/www.hydraulic-cylinders.net\/wp-content\/uploads\/2025\/01\/songte-oil-pipes-and-spare-parts.webp\" alt=\"V\u00e9rin de godet pour petite pelle Komatsu PC40\"><\/p>\n<h2>\u00c9tanch\u00e9it\u00e9 et lubrification<\/h2>\n<p>Divers composants d'\u00e9tanch\u00e9it\u00e9, tels que les joints de piston et de tige, doivent \u00eatre fabriqu\u00e9s dans des mat\u00e9riaux r\u00e9sistants \u00e0 l'usure, comme le polyur\u00e9thane et le caoutchouc nitrile, pour garantir une \u00e9tanch\u00e9it\u00e9 optimale. Le corps du v\u00e9rin et la face filet\u00e9e doivent \u00eatre finement usin\u00e9s pour am\u00e9liorer la r\u00e9sistance \u00e0 l'usure. Un ajout r\u00e9gulier d'huile hydraulique appropri\u00e9e est n\u00e9cessaire pour la lubrification.<\/p>\n<p><img decoding=\"async\" src=\"https:\/\/www.hydraulic-cylinders.net\/wp-content\/uploads\/2025\/01\/songte-chushion-collar.webp\" alt=\"V\u00e9rin de godet pour petite pelle Komatsu PC40\"><\/p>\n<h2>Entretien et r\u00e9paration<\/h2>\n<p>Regular inspection, appropriate lubrication, seal replacement, and calibration checks are common maintenance tasks. Proper installation, lubrication, and adjustment are vital, and proper alignment guidance should be provided during installation. Suitable installation brackets should be recommended to fix the cylinder, and check, repair, and replacement procedures should be provided to extend the cylinder&#8217;s service life.<\/p>\n<h2>Consid\u00e9rations de s\u00e9curit\u00e9 et facteurs environnementaux<\/h2>\n<p>Il est essentiel de respecter les mesures de s\u00e9curit\u00e9 lors de l'utilisation des v\u00e9rins de godet afin de se prot\u00e9ger des risques potentiels. La r\u00e9glementation environnementale doit \u00eatre respect\u00e9e lors de la manipulation d'huile hydraulique et d'autres mat\u00e9riaux.<\/p>\n<h2>Diagnostic des pannes et probl\u00e8mes courants<\/h2>\n<p>Les probl\u00e8mes courants li\u00e9s aux v\u00e9rins de godet comprennent les fuites de liquide, une force insuffisante et un bruit anormal. Le diagnostic de panne doit reposer sur une inspection approfondie du v\u00e9rin et des composants environnants. Un entretien appropri\u00e9 et des r\u00e9parations rapides sont n\u00e9cessaires pour \u00e9viter de tels probl\u00e8mes.<\/p>\n<h2>Pr\u00e9sentation de l'entreprise<\/h2>\n<p>Nous sommes un fabricant de v\u00e9rins hydrauliques de remplacement proposant une gamme compl\u00e8te de produits. Nous sommes l'un des principaux fabricants et distributeurs en gros de v\u00e9rins hydrauliques sur les march\u00e9s nationaux et internationaux. Nous visons l'excellence et nous appuyons sur une gestion de production industrialis\u00e9e dans des ateliers de haute qualit\u00e9. Nous am\u00e9liorons continuellement notre plateforme de fabrication, perfectionnons notre cha\u00eene de production et poss\u00e9dons une forte capacit\u00e9 de cr\u00e9ation. Notre objectif est de r\u00e9pondre aux exigences de nos clients gr\u00e2ce \u00e0 une efficacit\u00e9, une pr\u00e9cision et une qualit\u00e9 irr\u00e9prochables.<\/p>\n<p><img decoding=\"async\" src=\"https:\/\/hzpt.com\/wp-content\/uploads\/2024\/11\/songte-company-1.webp\" alt=\"V\u00e9rin de godet pour petite pelle Komatsu PC40\"><\/p>\n<h2>Professionnalisme et certification internationale<\/h2>\n<p>Notre entreprise s'engage \u00e0 ce que tous ses employ\u00e9s poss\u00e8dent les qualifications et les comp\u00e9tences n\u00e9cessaires pour fournir des services professionnels \u00e0 ses clients. Nous avons obtenu les certifications internationales pertinentes, telles que ISO et CE, garantissant que nos produits r\u00e9pondent aux normes de qualit\u00e9 internationales.<\/p>\n<h2>Services personnalis\u00e9s et \u00e9quipements de production<\/h2>\n<p>We offer customized services to provide tailored hydraulic cylinder solutions according to each customer&#8217;s unique needs. We have advanced production equipment such as CNC machines and professional testing systems to ensure that each product is qualified and reliable.<\/p>\n<h2>Service apr\u00e8s-vente<\/h2>\n<p>Notre entreprise propose une gamme compl\u00e8te de services apr\u00e8s-vente, incluant la r\u00e9paration, le remplacement et la remise \u00e0 neuf de nos produits. Nous nous engageons \u00e0 fournir \u00e0 nos clients des solutions et des services techniques de haute qualit\u00e9 afin de leur garantir le meilleur rapport qualit\u00e9-prix.<\/p>\n<p>Auteur : lyl<\/p>","protected":false},"excerpt":{"rendered":"<p>Introduction What is Bucket Cylinder for Komatsu Small Excavator PC40? Bucket Cylinder for Komatsu Small Excavator PC40 is a specially designed hydraulic cylinder used for controlling the movement of buckets in heavy machinery such as excavators, backhoe excavators, and front-end loaders. Its main function is to enable the bucket to lift, lower, and tilt, thus [&hellip;]<\/p>","protected":false},"featured_media":14788,"comment_status":"open","ping_status":"closed","template":"","meta":{"_et_pb_use_builder":"","_et_pb_old_content":"","_et_gb_content_width":""},"product_brand":[],"product_cat":[1494],"product_tag":[1495,1496],"class_list":{"0":"post-15118","1":"product","2":"type-product","3":"status-publish","4":"has-post-thumbnail","6":"product_cat-bucket-cylinders","7":"product_tag-bucket-cylinders","8":"product_tag-hydraulic-cylinders","10":"first","11":"instock","12":"shipping-taxable","13":"product-type-simple"},"amp_enabled":true,"_links":{"self":[{"href":"https:\/\/www.hydraulic-cylinders.net\/fr\/wp-json\/wp\/v2\/product\/15118","targetHints":{"allow":["GET"]}}],"collection":[{"href":"https:\/\/www.hydraulic-cylinders.net\/fr\/wp-json\/wp\/v2\/product"}],"about":[{"href":"https:\/\/www.hydraulic-cylinders.net\/fr\/wp-json\/wp\/v2\/types\/product"}],"replies":[{"embeddable":true,"href":"https:\/\/www.hydraulic-cylinders.net\/fr\/wp-json\/wp\/v2\/comments?post=15118"}],"wp:featuredmedia":[{"embeddable":true,"href":"https:\/\/www.hydraulic-cylinders.net\/fr\/wp-json\/wp\/v2\/media\/14788"}],"wp:attachment":[{"href":"https:\/\/www.hydraulic-cylinders.net\/fr\/wp-json\/wp\/v2\/media?parent=15118"}],"wp:term":[{"taxonomy":"product_brand","embeddable":true,"href":"https:\/\/www.hydraulic-cylinders.net\/fr\/wp-json\/wp\/v2\/product_brand?post=15118"},{"taxonomy":"product_cat","embeddable":true,"href":"https:\/\/www.hydraulic-cylinders.net\/fr\/wp-json\/wp\/v2\/product_cat?post=15118"},{"taxonomy":"product_tag","embeddable":true,"href":"https:\/\/www.hydraulic-cylinders.net\/fr\/wp-json\/wp\/v2\/product_tag?post=15118"}],"curies":[{"name":"wp","href":"https:\/\/api.w.org\/{rel}","templated":true}]}}