{"id":15120,"date":"2025-01-19T14:07:52","date_gmt":"2025-01-19T14:07:52","guid":{"rendered":"https:\/\/www.hydraulic-cylinders.net\/product\/bucket-cylinder-for-komatsu-small-excavator-pc75uu\/"},"modified":"2025-01-19T14:07:53","modified_gmt":"2025-01-19T14:07:53","slug":"bucket-cylinder-for-komatsu-small-excavator-pc75uu","status":"publish","type":"product","link":"https:\/\/www.hydraulic-cylinders.net\/fr\/produit\/bucket-cylinder-for-komatsu-small-excavator-pc75uu\/","title":{"rendered":"V\u00e9rin de godet pour mini-pelle Komatsu PC75UU"},"content":{"rendered":"<h1>V\u00e9rin de godet pour mini-pelle Komatsu PC75UU<\/h1>\n<h2>Introduction<\/h2>\n<p>Un v\u00e9rin de godet est un v\u00e9rin hydraulique sp\u00e9cialement con\u00e7u pour contr\u00f4ler les mouvements du godet sur les engins de chantier tels que les pelles hydrauliques, les chargeuses-pelleteuses et les chargeuses frontales. Sa fonction principale est de permettre la lev\u00e9e, l'abaissement et l'inclinaison du godet, facilitant ainsi la manutention de divers mat\u00e9riaux. Au sein du syst\u00e8me hydraulique, le v\u00e9rin de godet assure un contr\u00f4le pr\u00e9cis du godet en modulant la pression de l'huile hydraulique, permettant aux op\u00e9rateurs de manipuler efficacement des charges lourdes, de s'adapter \u00e0 des environnements de travail complexes et de r\u00e9pondre \u00e0 des exigences vari\u00e9es.<\/p>\n<p><img decoding=\"async\" src=\"https:\/\/www.hydraulic-cylinders.net\/wp-content\/uploads\/2025\/01\/songte-company-2.webp\"><\/p>\n<h2>Caract\u00e9ristiques<\/h2>\n<ul>\n<li>Haute r\u00e9sistance et durabilit\u00e9 : g\u00e9n\u00e9ralement fabriqu\u00e9 en acier ou en aluminium \u00e0 haute r\u00e9sistance, capable de supporter des pressions \u00e9lev\u00e9es et des charges importantes, et con\u00e7u pour r\u00e9sister \u00e0 l'usure et \u00e0 la corrosion, prolongeant ainsi sa dur\u00e9e de vie.<\/li>\n<li>Fonctionnement hydraulique efficace : utilise la pression de l'huile hydraulique pour obtenir une extension et une r\u00e9traction en douceur, capable de r\u00e9pondre rapidement aux commandes, fournissant une force de pouss\u00e9e et de traction puissante, adapt\u00e9e \u00e0 la manutention de charges lourdes et \u00e0 des t\u00e2ches complexes.<\/li>\n<li>Diff\u00e9rents types de v\u00e9rins sont disponibles\u00a0: \u00e0 simple effet (fonctionnant dans un seul sens) ou \u00e0 double effet (fonctionnant dans les deux sens), selon les besoins. Certains mod\u00e8les sont t\u00e9lescopiques, ce qui permet une plus grande extension sans augmenter l\u2019encombrement et convient aux applications o\u00f9 l\u2019espace est limit\u00e9.<\/li>\n<li>Personnalisable : notre produit peut parfaitement remplacer ces v\u00e9rins hydrauliques.<\/li>\n<\/ul>\n<p><img decoding=\"async\" src=\"https:\/\/www.hydraulic-cylinders.net\/wp-content\/uploads\/2025\/01\/songte-cylinder-head-with-all-kinds-excavator-models.webp\"><\/p>\n<h2>Applications<\/h2>\n<p>Les v\u00e9rins de godet sont indispensables aux engins de chantier, aux machines agricoles, aux excavatrices et aux chargeuses frontales. Ils permettent d'excaver, de charger et de d\u00e9placer la terre ou les d\u00e9bris avec les excavatrices, d'assister le creusement et le levage avec les pelles r\u00e9tro, de faciliter le levage et le d\u00e9versement avec les chargeuses frontales, et sont essentiels pour la manutention de la terre, du foin et autres mat\u00e9riaux avec les machines agricoles.<\/p>\n<h3>\u00c9quipement de construction :<\/h3>\n<ul>\n<li>Excavatrices : les v\u00e9rins du godet permettent \u00e0 celui-ci de p\u00e9n\u00e9trer dans le sol pour effectuer le creusement.<\/li>\n<li>Pelles r\u00e9trocaveuses\u00a0: le v\u00e9rin du godet sert non seulement \u00e0 creuser, mais aussi \u00e0 soulever des mat\u00e9riaux.<\/li>\n<li>Chargeuses frontales : les v\u00e9rins du godet permettent de soulever et de d\u00e9charger efficacement les marchandises.<\/li>\n<\/ul>\n<h3>Machines agricoles :<\/h3>\n<ul>\n<li>Chargeuses frontales : pour la manutention de terre, de foin et autres mat\u00e9riaux.<\/li>\n<\/ul>\n<h3>Excavateurs:<\/h3>\n<ul>\n<li>Les v\u00e9rins du godet permettent \u00e0 celui-ci de p\u00e9n\u00e9trer dans le sol pour effectuer le creusement.<\/li>\n<\/ul>\n<h2>Norme de conception et de s\u00e9lection<\/h2>\n<p>La conception d'un v\u00e9rin de godet doit prendre en compte sa capacit\u00e9 de charge, son \u00e9tanch\u00e9it\u00e9, sa durabilit\u00e9, sa s\u00e9curit\u00e9 et sa maintenance. Voici les principaux aspects \u00e0 consid\u00e9rer et les crit\u00e8res de s\u00e9lection\u00a0:<\/p>\n<ul>\n<li>Capacit\u00e9 de charge : le v\u00e9rin du godet utilise g\u00e9n\u00e9ralement des mat\u00e9riaux \u00e0 haute r\u00e9sistance pour supporter des pressions \u00e9lev\u00e9es et des charges importantes.<\/li>\n<li>Performances d'\u00e9tanch\u00e9it\u00e9\u00a0: le cylindre utilise divers joints tels que des joints de piston, des joints de tige, etc., fabriqu\u00e9s \u00e0 partir de mat\u00e9riaux r\u00e9sistants \u00e0 l'usure tels que le polyur\u00e9thane et le caoutchouc nitrile pour am\u00e9liorer les performances d'\u00e9tanch\u00e9it\u00e9, prolonger la dur\u00e9e de vie et r\u00e9duire les fuites d'huile.<\/li>\n<li>Durabilit\u00e9 : le corps du cylindre et la surface du filetage sont usin\u00e9s avec pr\u00e9cision pour am\u00e9liorer la r\u00e9sistance \u00e0 l'usure et prolonger la dur\u00e9e de vie.<\/li>\n<li>S\u00e9curit\u00e9 : la conception des cylindres doit prendre en compte des dispositifs de s\u00e9curit\u00e9 tels que des soupapes de d\u00e9charge de pression afin de r\u00e9duire les risques d'accidents.<\/li>\n<li>Entretien : un entretien r\u00e9gulier, comme les vidanges d'huile, le remplacement des joints et les contr\u00f4les d'\u00e9talonnage, peut prolonger la dur\u00e9e de vie du cylindre et maintenir ses performances.<\/li>\n<\/ul>\n<p><img decoding=\"async\" src=\"https:\/\/www.hydraulic-cylinders.net\/wp-content\/uploads\/2025\/01\/songte-oil-pipes-and-spare-parts.webp\"><\/p>\n<h2>\u00c9tanch\u00e9it\u00e9 et lubrification<\/h2>\n<p>Le v\u00e9rin du godet utilise diff\u00e9rents joints, tels que des joints de piston et de tige, fabriqu\u00e9s \u00e0 partir de mat\u00e9riaux r\u00e9sistants \u00e0 l'usure comme le polyur\u00e9thane et le caoutchouc nitrile, afin d'am\u00e9liorer l'\u00e9tanch\u00e9it\u00e9, d'allonger sa dur\u00e9e de vie et de r\u00e9duire les fuites d'huile. Une lubrification r\u00e9guli\u00e8re \u00e0 l'huile hydraulique est n\u00e9cessaire pour maintenir les performances du v\u00e9rin et prolonger sa dur\u00e9e de vie.<\/p>\n<h2>Entretien et r\u00e9paration<\/h2>\n<p>Un entretien et des r\u00e9parations r\u00e9guliers sont essentiels pour assurer le bon fonctionnement du v\u00e9rin du godet et pr\u00e9venir d'\u00e9ventuels probl\u00e8mes. Voici les t\u00e2ches d'entretien courantes\u00a0:<\/p>\n<ul>\n<li>Inspection r\u00e9guli\u00e8re\u00a0: v\u00e9rifier tout signe d\u2019usure, fuite d\u2019huile ou autre dommage.<\/li>\n<li>Lubrification : lubrifier les pi\u00e8ces mobiles et v\u00e9rifier r\u00e9guli\u00e8rement le niveau d'huile hydraulique.<\/li>\n<li>Remplacement des joints : remplacer les joints us\u00e9s ou endommag\u00e9s pour \u00e9viter les fuites d'huile.<\/li>\n<li>Contr\u00f4le d'\u00e9talonnage\u00a0: v\u00e9rifiez la pression et la course du v\u00e9rin pour vous assurer qu'elles r\u00e9pondent aux sp\u00e9cifications requises.<\/li>\n<\/ul>\n<p><img decoding=\"async\" src=\"https:\/\/www.hydraulic-cylinders.net\/wp-content\/uploads\/2025\/01\/songte-chushion-collar.webp\"><\/p>\n<h2>Consid\u00e9rations de s\u00e9curit\u00e9 et facteurs environnementaux<\/h2>\n<p>Lors de l'utilisation du v\u00e9rin de godet, il est important de respecter les consignes de s\u00e9curit\u00e9, notamment le port d'\u00e9quipements de protection individuelle et la v\u00e9rification de la bonne installation et de l'utilisation. Il est \u00e9galement essentiel de prendre en compte les facteurs environnementaux tels que les fuites ou d\u00e9versements d'huile et l'\u00e9limination appropri\u00e9e de l'huile hydraulique usag\u00e9e.<\/p>\n<h2>D\u00e9pannage et probl\u00e8mes courants<\/h2>\n<p>Les probl\u00e8mes courants li\u00e9s au v\u00e9rin du godet incluent les fuites d'huile, les joints d'\u00e9tanch\u00e9it\u00e9 endommag\u00e9s et les dysfonctionnements d'extension ou de r\u00e9traction. Le d\u00e9pannage peut comprendre la v\u00e9rification du niveau d'huile, l'inspection des joints et la recherche de dommages ou de connexions desserr\u00e9es. Un entretien r\u00e9gulier permet de pr\u00e9venir ces probl\u00e8mes.<\/p>\n<h2>\u00c0 propos de notre entreprise<\/h2>\n<p>Nous sommes un fabricant de v\u00e9rins hydrauliques de remplacement et proposons une gamme compl\u00e8te de produits. Nous figurons parmi les principaux fabricants et distributeurs de v\u00e9rins hydrauliques au monde. Notre priorit\u00e9 est l'excellence, et nous nous appuyons sur des strat\u00e9gies de gestion de la production industrialis\u00e9e, reposant sur des ateliers de fabrication performants, des techniciens qualifi\u00e9s, des \u00e9quipements de production num\u00e9riques de pointe et des syst\u00e8mes de contr\u00f4le qualit\u00e9 rigoureux. Nous optimisons constamment nos processus de fabrication, perfectionnons nos lignes de production et faisons preuve d'une grande cr\u00e9ativit\u00e9 pour r\u00e9pondre aux besoins vari\u00e9s de nos clients. Nous proposons notamment des certifications internationales, des services personnalis\u00e9s, des \u00e9quipements de production et un service apr\u00e8s-vente de qualit\u00e9.<\/p>\n<p><img decoding=\"async\" src=\"https:\/\/hzpt.com\/wp-content\/uploads\/2024\/11\/songte-company-1.webp\"><\/p>\n<p>Auteur : lyl<\/p>","protected":false},"excerpt":{"rendered":"<p>Bucket Cylinder For Komatsu Small Excavator PC75UU Introduction A bucket cylinder is a specially designed hydraulic cylinder used to control the movement of buckets in heavy machinery such as excavators, backhoe excavators, and front-end loaders. Its primary function is to allow the bucket to lift, lower, and tilt, making it easier to handle various material [&hellip;]<\/p>","protected":false},"featured_media":14785,"comment_status":"open","ping_status":"closed","template":"","meta":{"_et_pb_use_builder":"","_et_pb_old_content":"","_et_gb_content_width":""},"product_brand":[],"product_cat":[1494],"product_tag":[1495,1496],"class_list":{"0":"post-15120","1":"product","2":"type-product","3":"status-publish","4":"has-post-thumbnail","6":"product_cat-bucket-cylinders","7":"product_tag-bucket-cylinders","8":"product_tag-hydraulic-cylinders","10":"first","11":"instock","12":"shipping-taxable","13":"product-type-simple"},"amp_enabled":true,"_links":{"self":[{"href":"https:\/\/www.hydraulic-cylinders.net\/fr\/wp-json\/wp\/v2\/product\/15120","targetHints":{"allow":["GET"]}}],"collection":[{"href":"https:\/\/www.hydraulic-cylinders.net\/fr\/wp-json\/wp\/v2\/product"}],"about":[{"href":"https:\/\/www.hydraulic-cylinders.net\/fr\/wp-json\/wp\/v2\/types\/product"}],"replies":[{"embeddable":true,"href":"https:\/\/www.hydraulic-cylinders.net\/fr\/wp-json\/wp\/v2\/comments?post=15120"}],"wp:featuredmedia":[{"embeddable":true,"href":"https:\/\/www.hydraulic-cylinders.net\/fr\/wp-json\/wp\/v2\/media\/14785"}],"wp:attachment":[{"href":"https:\/\/www.hydraulic-cylinders.net\/fr\/wp-json\/wp\/v2\/media?parent=15120"}],"wp:term":[{"taxonomy":"product_brand","embeddable":true,"href":"https:\/\/www.hydraulic-cylinders.net\/fr\/wp-json\/wp\/v2\/product_brand?post=15120"},{"taxonomy":"product_cat","embeddable":true,"href":"https:\/\/www.hydraulic-cylinders.net\/fr\/wp-json\/wp\/v2\/product_cat?post=15120"},{"taxonomy":"product_tag","embeddable":true,"href":"https:\/\/www.hydraulic-cylinders.net\/fr\/wp-json\/wp\/v2\/product_tag?post=15120"}],"curies":[{"name":"wp","href":"https:\/\/api.w.org\/{rel}","templated":true}]}}