{"id":15121,"date":"2025-01-19T14:07:55","date_gmt":"2025-01-19T14:07:55","guid":{"rendered":"https:\/\/www.hydraulic-cylinders.net\/product\/bucket-cylinder-for-komatsu-small-excavator-pc120-3-5-6-6e-7\/"},"modified":"2025-01-19T14:07:57","modified_gmt":"2025-01-19T14:07:57","slug":"bucket-cylinder-for-komatsu-small-excavator-pc120-3-5-6-6e-7","status":"publish","type":"product","link":"https:\/\/www.hydraulic-cylinders.net\/fr\/produit\/bucket-cylinder-for-komatsu-small-excavator-pc120-3-5-6-6e-7\/","title":{"rendered":"Cylindre de godet pour mini-pelle Komatsu PC120-3-5-6-6E-7"},"content":{"rendered":"<h1>Cylindre de godet pour mini-pelle Komatsu PC120-3-5-6-6E-7<\/h1>\n<h2>Introduction<\/h2>\n<p>Un v\u00e9rin de godet est un v\u00e9rin hydraulique sp\u00e9cialement con\u00e7u pour contr\u00f4ler les mouvements du godet sur les engins de chantier tels que les pelles hydrauliques, les tractopelles et les chargeuses frontales. Sa fonction principale est de permettre la lev\u00e9e, l'abaissement et l'inclinaison du godet, facilitant ainsi la manutention de divers mat\u00e9riaux. Au sein du syst\u00e8me hydraulique, le v\u00e9rin de godet assure un contr\u00f4le pr\u00e9cis du godet gr\u00e2ce \u00e0 la variation de la pression d'huile hydraulique, permettant aux op\u00e9rateurs de manipuler efficacement des charges lourdes et de s'adapter \u00e0 des environnements de travail complexes et \u00e0 des exigences vari\u00e9es.<\/p>\n<p><img decoding=\"async\" src=\"https:\/\/www.hydraulic-cylinders.net\/wp-content\/uploads\/2025\/01\/songte-company-2.webp\" alt=\"Image du cylindre du godet\"><\/p>\n<h2>Caract\u00e9ristiques<\/h2>\n<ul>\n<li>Haute r\u00e9sistance et durabilit\u00e9\u00a0: Fabriqu\u00e9 g\u00e9n\u00e9ralement en acier ou en aluminium haute r\u00e9sistance, il supporte les hautes pressions et les charges importantes, s\u2019adaptant ainsi aux environnements de travail difficiles. Sa conception prend en compte la r\u00e9sistance \u00e0 l\u2019usure et \u00e0 la corrosion afin d\u2019en prolonger la dur\u00e9e de vie.<\/li>\n<li>Fonctionnement hydraulique efficace\u00a0: des mouvements d\u2019extension et de contraction fluides sont obtenus gr\u00e2ce \u00e0 la pression de l\u2019huile hydraulique, qui peut r\u00e9pondre rapidement aux commandes, fournissant une force de pouss\u00e9e et de traction importante, adapt\u00e9e \u00e0 la manutention de charges lourdes et \u00e0 des t\u00e2ches op\u00e9rationnelles complexes.<\/li>\n<li>Diff\u00e9rents types de v\u00e9rins\u00a0: Le type de v\u00e9rin peut \u00eatre choisi en fonction des besoins, par exemple en version simple effet (actionnement hydraulique dans un seul sens) ou double effet (actionnement hydraulique dans les deux sens), afin de r\u00e9pondre \u00e0 diff\u00e9rentes exigences op\u00e9rationnelles. Certains mod\u00e8les sont t\u00e9lescopiques, ce qui permet une plus grande extension sans augmenter les dimensions ext\u00e9rieures et convient aux applications o\u00f9 l\u2019espace est limit\u00e9.<\/li>\n<li>Remplacement parfait : notre produit peut parfaitement remplacer ces v\u00e9rins hydrauliques.<\/li>\n<\/ul>\n<p><img decoding=\"async\" src=\"https:\/\/www.hydraulic-cylinders.net\/wp-content\/uploads\/2025\/01\/songte-cylinder-head-with-all-kinds-excavator-models.webp\" alt=\"Image du cylindre du godet\"><\/p>\n<h2>Applications<\/h2>\n<p>Les v\u00e9rins de godet sont couramment utilis\u00e9s dans diverses machines lourdes, notamment\u00a0:<\/p>\n<ul>\n<li>Mat\u00e9riel de construction\u00a0: Sur les excavatrices, le v\u00e9rin du godet est essentiel pour creuser, charger et d\u00e9placer la terre ou les d\u00e9bris. Sur les pelles r\u00e9trocaveuses, il contribue \u00e0 la fois au creusement et au levage. <\/li>\n<li>Machines agricoles : utilis\u00e9es dans les chargeurs frontaux pour ramasser, soulever et transporter de la terre, du foin et d'autres mat\u00e9riaux. <\/li>\n<li>Pelles m\u00e9caniques : Le v\u00e9rin du godet permet \u00e0 la pelle m\u00e9canique de creuser en permettant au godet de p\u00e9n\u00e9trer dans le sol. <\/li>\n<li>Chargeuses : Sur les chargeuses frontales, elles permettent de soulever et d'incliner efficacement les charges. <\/li>\n<\/ul>\n<h2>Consid\u00e9rations de conception et normes de s\u00e9lection<\/h2>\n<p>Lors de la conception d'un v\u00e9rin de godet, il convient d'accorder une attention particuli\u00e8re \u00e0 sa capacit\u00e9 de charge, son \u00e9tanch\u00e9it\u00e9, sa durabilit\u00e9, sa s\u00e9curit\u00e9 et sa facilit\u00e9 d'entretien. Voici quelques points \u00e0 prendre en compte\u00a0:<\/p>\n<ul>\n<li>Capacit\u00e9 de charge : Le cylindre doit pouvoir supporter la charge maximale pr\u00e9vue en fonctionnement.<\/li>\n<li>\u00c9tanch\u00e9it\u00e9 : L'utilisation de divers mat\u00e9riaux d'\u00e9tanch\u00e9it\u00e9, tels que des joints de piston, des joints de tige, etc., avec des mat\u00e9riaux r\u00e9sistants \u00e0 l'usure comme le polyur\u00e9thane et le caoutchouc nitrile, peut prolonger la dur\u00e9e de vie du cylindre.<\/li>\n<li>Durabilit\u00e9 : Le corps du cylindre et la surface d'extr\u00e9mit\u00e9 du filetage doivent \u00eatre finement usin\u00e9s, augmentant ainsi la r\u00e9sistance \u00e0 l'usure du cylindre.<\/li>\n<li>S\u00e9curit\u00e9 : Les bouteilles de gaz doivent \u00eatre con\u00e7ues pour \u00e9viter les fuites, les ruptures ou les d\u00e9pressurisations soudaines afin de garantir la s\u00e9curit\u00e9 des \u00e9quipements et des op\u00e9rateurs.<\/li>\n<li>Entretien : Un entretien r\u00e9gulier, tel que la v\u00e9rification et le r\u00e9glage du cylindre, permet d'assurer son bon fonctionnement et d'allonger sa dur\u00e9e de vie.<\/li>\n<\/ul>\n<p><img decoding=\"async\" src=\"https:\/\/www.hydraulic-cylinders.net\/wp-content\/uploads\/2025\/01\/songte-oil-pipes-and-spare-parts.webp\" alt=\"Image du cylindre du godet\"><\/p>\n<h2>\u00c9tanch\u00e9it\u00e9 et lubrification<\/h2>\n<p>Les v\u00e9rins de godet utilisent divers composants d'\u00e9tanch\u00e9it\u00e9, tels que des joints de piston et des joints de tige, pour pr\u00e9venir les fuites d'huile hydraulique. Les mat\u00e9riaux d'\u00e9tanch\u00e9it\u00e9 utilis\u00e9s sont g\u00e9n\u00e9ralement du polyur\u00e9thane et du caoutchouc nitrile, r\u00e9sistants \u00e0 l'usure et offrant d'excellentes propri\u00e9t\u00e9s d'\u00e9tanch\u00e9it\u00e9. Une lubrification ad\u00e9quate est \u00e9galement essentielle au bon fonctionnement du v\u00e9rin. Il est recommand\u00e9 d'ajouter r\u00e9guli\u00e8rement la quantit\u00e9 appropri\u00e9e d'huile hydraulique.<\/p>\n<h2>Maintenance pr\u00e9ventive et d\u00e9pannage<\/h2>\n<p>La maintenance pr\u00e9ventive est essentielle pour garantir la long\u00e9vit\u00e9 du v\u00e9rin de godet. Les contr\u00f4les r\u00e9guliers, la lubrification ad\u00e9quate, le remplacement des joints d'\u00e9tanch\u00e9it\u00e9 et les v\u00e9rifications d'\u00e9talonnage constituent des op\u00e9rations de maintenance courantes. En cas de probl\u00e8me, des techniques de d\u00e9pannage appropri\u00e9es permettent de diagnostiquer et de r\u00e9soudre efficacement la panne. Il est \u00e9galement important de prendre des mesures pr\u00e9ventives afin de minimiser les risques de dysfonctionnement.<\/p>\n<p><img decoding=\"async\" src=\"https:\/\/www.hydraulic-cylinders.net\/wp-content\/uploads\/2025\/01\/songte-chushion-collar.webp\" alt=\"Image du cylindre du godet\"><\/p>\n<h2>Consid\u00e9rations relatives \u00e0 la s\u00e9curit\u00e9 et \u00e0 l'environnement<\/h2>\n<p>Lors de l'utilisation de v\u00e9rins de godet, des pr\u00e9cautions de s\u00e9curit\u00e9 doivent \u00eatre prises afin de pr\u00e9venir les accidents et les blessures. Il est important de suivre les consignes de s\u00e9curit\u00e9 et les instructions relatives \u00e0 l'installation et au fonctionnement corrects du v\u00e9rin. Sur le plan environnemental, l'\u00e9limination appropri\u00e9e de l'huile hydraulique usag\u00e9e et des autres composants du v\u00e9rin est essentielle pour \u00e9viter toute contamination de l'environnement.<\/p>\n<h2>Pr\u00e9sentation de l'entreprise<\/h2>\n<p>Nous sommes un fabricant et distributeur de premier plan de v\u00e9rins hydrauliques sur les march\u00e9s nationaux et internationaux. Notre gamme de produits est compl\u00e8te et nous visons l'excellence en mati\u00e8re de qualit\u00e9. Gr\u00e2ce \u00e0 des strat\u00e9gies de gestion de la production industrialis\u00e9e, \u00e0 des \u00e9quipes qualifi\u00e9es, \u00e0 des \u00e9quipements de fabrication num\u00e9rique de pointe et \u00e0 des syst\u00e8mes de test professionnels, nous am\u00e9liorons constamment notre plateforme de production, optimisons nos processus et disposons d'une forte capacit\u00e9 d'innovation pour r\u00e9pondre aux besoins vari\u00e9s de nos clients.<\/p>\n<ul>\n<li>Professionnalisme : Nous disposons d'une \u00e9quipe d'ing\u00e9nieurs professionnels capables de fournir des services personnalis\u00e9s en fonction des exigences du client.<\/li>\n<li>Certification internationale : Nos produits ont obtenu des certifications internationales telles que l'ISO9001 et le marquage CE.<\/li>\n<li>Service de personnalisation\u00a0: Nous proposons des services de personnalisation pour diff\u00e9rents v\u00e9rins hydrauliques, selon les exigences du client.<\/li>\n<li>\u00c9quipements de production : Nous disposons d'\u00e9quipements de production de pointe tels que des tours CNC, des centres d'usinage et des robots de soudage.<\/li>\n<li>Service apr\u00e8s-vente\u00a0: Nous fournissons un service apr\u00e8s-vente de haute qualit\u00e9, comprenant le remplacement de pi\u00e8ces et des services de remise \u00e0 neuf.<\/li>\n<\/ul>\n<p><img decoding=\"async\" src=\"https:\/\/hzpt.com\/wp-content\/uploads\/2024\/11\/songte-company-1.webp\" alt=\"Image du cylindre du godet\"><\/p>\n<p>Auteur : lyl<\/p>","protected":false},"excerpt":{"rendered":"<p>Bucket Cylinder For Komatsu Small Excavator PC120-3-5-6-6E-7 Introduction A bucket cylinder is a specially designed hydraulic cylinder that is primarily used to control the movement of the bucket in heavy machinery, such as excavators, backhoes, and front-end loaders. Its main function is to enable the bucket to be raised, lowered, and tilted, making it easier [&hellip;]<\/p>","protected":false},"featured_media":14784,"comment_status":"open","ping_status":"closed","template":"","meta":{"_et_pb_use_builder":"","_et_pb_old_content":"","_et_gb_content_width":""},"product_brand":[],"product_cat":[1494],"product_tag":[1495,1496],"class_list":{"0":"post-15121","1":"product","2":"type-product","3":"status-publish","4":"has-post-thumbnail","6":"product_cat-bucket-cylinders","7":"product_tag-bucket-cylinders","8":"product_tag-hydraulic-cylinders","10":"first","11":"instock","12":"shipping-taxable","13":"product-type-simple"},"amp_enabled":true,"_links":{"self":[{"href":"https:\/\/www.hydraulic-cylinders.net\/fr\/wp-json\/wp\/v2\/product\/15121","targetHints":{"allow":["GET"]}}],"collection":[{"href":"https:\/\/www.hydraulic-cylinders.net\/fr\/wp-json\/wp\/v2\/product"}],"about":[{"href":"https:\/\/www.hydraulic-cylinders.net\/fr\/wp-json\/wp\/v2\/types\/product"}],"replies":[{"embeddable":true,"href":"https:\/\/www.hydraulic-cylinders.net\/fr\/wp-json\/wp\/v2\/comments?post=15121"}],"wp:featuredmedia":[{"embeddable":true,"href":"https:\/\/www.hydraulic-cylinders.net\/fr\/wp-json\/wp\/v2\/media\/14784"}],"wp:attachment":[{"href":"https:\/\/www.hydraulic-cylinders.net\/fr\/wp-json\/wp\/v2\/media?parent=15121"}],"wp:term":[{"taxonomy":"product_brand","embeddable":true,"href":"https:\/\/www.hydraulic-cylinders.net\/fr\/wp-json\/wp\/v2\/product_brand?post=15121"},{"taxonomy":"product_cat","embeddable":true,"href":"https:\/\/www.hydraulic-cylinders.net\/fr\/wp-json\/wp\/v2\/product_cat?post=15121"},{"taxonomy":"product_tag","embeddable":true,"href":"https:\/\/www.hydraulic-cylinders.net\/fr\/wp-json\/wp\/v2\/product_tag?post=15121"}],"curies":[{"name":"wp","href":"https:\/\/api.w.org\/{rel}","templated":true}]}}