{"id":15132,"date":"2025-01-19T14:08:45","date_gmt":"2025-01-19T14:08:45","guid":{"rendered":"https:\/\/www.hydraulic-cylinders.net\/product\/bucket-cylinder-for-komatsu-middle-excavator-pc150-5\/"},"modified":"2025-01-19T14:08:47","modified_gmt":"2025-01-19T14:08:47","slug":"bucket-cylinder-for-komatsu-middle-excavator-pc150-5","status":"publish","type":"product","link":"https:\/\/www.hydraulic-cylinders.net\/fr\/produit\/bucket-cylinder-for-komatsu-middle-excavator-pc150-5\/","title":{"rendered":"V\u00e9rin de godet pour pelle moyenne Komatsu PC150-5"},"content":{"rendered":"<h1>V\u00e9rin de godet pour pelle moyenne Komatsu PC150-5<\/h1>\n<h2>Introduction<\/h2>\n<p>Le v\u00e9rin de godet de la pelle Komatsu PC150-5 est un v\u00e9rin hydraulique con\u00e7u sp\u00e9cifiquement pour contr\u00f4ler les mouvements du godet sur les engins de chantier tels que les pelles hydrauliques, les tractopelles et les chargeuses frontales. Sa fonction principale est de permettre la lev\u00e9e, l'abaissement et l'inclinaison du godet, facilitant ainsi la manutention de divers mat\u00e9riaux. Au sein du syst\u00e8me hydraulique, le v\u00e9rin de godet assure un contr\u00f4le pr\u00e9cis des mouvements du godet gr\u00e2ce \u00e0 la variation de la pression d'huile hydraulique, permettant \u00e0 l'op\u00e9rateur de manipuler efficacement des charges lourdes et de s'adapter \u00e0 des environnements de travail complexes et \u00e0 des exigences vari\u00e9es.<\/p>\n<p><img decoding=\"async\" src=\"https:\/\/www.hydraulic-cylinders.net\/wp-content\/uploads\/2025\/01\/songte-company-2.webp\"><\/p>\n<h2>Caract\u00e9ristiques<\/h2>\n<ul>\n<li>Haute r\u00e9sistance et durabilit\u00e9 : g\u00e9n\u00e9ralement fabriqu\u00e9s en acier ou en aluminium \u00e0 haute r\u00e9sistance, capables de supporter une pression \u00e9lev\u00e9e et des charges importantes, adapt\u00e9s aux environnements de travail difficiles et con\u00e7us pour prendre en compte la r\u00e9sistance \u00e0 l'usure et \u00e0 la corrosion afin de prolonger leur dur\u00e9e de vie.<\/li>\n<li>Fonctionnement hydraulique efficace\u00a0: mouvement d\u2019extension et de contraction fluide obtenu gr\u00e2ce \u00e0 la pression de l\u2019huile hydraulique, r\u00e9ponse rapide aux commandes, force de pouss\u00e9e et de traction puissante, adapt\u00e9 \u00e0 la manutention d\u2019objets lourds et aux t\u00e2ches complexes.<\/li>\n<li>Diff\u00e9rents types : des v\u00e9rins \u00e0 simple effet (hydrauliques utilis\u00e9s dans un seul sens) ou \u00e0 double effet (hydrauliques utilis\u00e9s dans les deux sens) peuvent \u00eatre s\u00e9lectionn\u00e9s en fonction des besoins pour r\u00e9pondre \u00e0 diff\u00e9rents besoins op\u00e9rationnels, et certains mod\u00e8les sont t\u00e9lescopiques, permettant une plus grande extension sans augmenter les dimensions ext\u00e9rieures, adapt\u00e9s aux applications avec un espace limit\u00e9.<\/li>\n<li>Interchangeables : nos produits peuvent parfaitement remplacer ces v\u00e9rins hydrauliques.<\/li>\n<li>Personnalisable : nous pouvons fabriquer le v\u00e9rin du godet selon les exigences du client.<\/li>\n<\/ul>\n<p><img decoding=\"async\" src=\"https:\/\/www.hydraulic-cylinders.net\/wp-content\/uploads\/2025\/01\/songte-cylinder-head-with-all-kinds-excavator-models.webp\"><\/p>\n<h2>Applications<\/h2>\n<p>Le v\u00e9rin \u00e0 godet trouve de nombreuses applications dans divers secteurs industriels, notamment\u00a0:<\/p>\n<ul>\n<li>Les engins de chantier\u00a0: les excavatrices, les pelles r\u00e9trocaveuses et les chargeuses frontales utilisent le v\u00e9rin du godet pour creuser, charger et d\u00e9placer la terre ou les d\u00e9bris.<\/li>\n<li>Machines agricoles\u00a0: utilis\u00e9es dans les chargeuses frontales pour ramasser, soulever et transporter la terre, le foin et autres mat\u00e9riaux.<\/li>\n<li>Excavatrices : les v\u00e9rins du godet permettent l'excavation en permettant au godet de p\u00e9n\u00e9trer dans le sol.<\/li>\n<li>Chargeurs : sur les chargeurs frontaux, ils permettent de soulever et d'incliner efficacement la charge.<\/li>\n<\/ul>\n<h2>Consid\u00e9rations de conception et crit\u00e8res de s\u00e9lection<\/h2>\n<p>La conception d'un v\u00e9rin de godet doit prendre en compte sa capacit\u00e9 de charge, son \u00e9tanch\u00e9it\u00e9, sa durabilit\u00e9, sa s\u00e9curit\u00e9 et sa facilit\u00e9 d'entretien. Les principaux crit\u00e8res de conception sont les suivants\u00a0:<\/p>\n<ul>\n<li>Capacit\u00e9 de charge : le cylindre doit pouvoir supporter des charges \u00e9lev\u00e9es sans se d\u00e9former ni se rompre.<\/li>\n<li>\u00c9tanch\u00e9it\u00e9 : divers composants d'\u00e9tanch\u00e9it\u00e9, tels que les joints de piston et les joints de tige, sont utilis\u00e9s pour pr\u00e9venir les fuites d'huile et maintenir la pression du syst\u00e8me.<\/li>\n<li>Durabilit\u00e9 : le cylindre doit r\u00e9sister aux environnements de travail difficiles et \u00e0 l'usure et \u00e0 la corrosion.<\/li>\n<li>S\u00e9curit\u00e9 : des mesures telles que l'utilisation de soupapes de s\u00e9curit\u00e9 et de dispositifs de protection contre les surcharges sont n\u00e9cessaires pour garantir un fonctionnement s\u00fbr.<\/li>\n<li>Facilit\u00e9 d'entretien : le cylindre doit \u00eatre facile \u00e0 d\u00e9monter, \u00e0 nettoyer, \u00e0 inspecter et \u00e0 remonter afin de faciliter l'entretien et la r\u00e9paration.<\/li>\n<\/ul>\n<p><img decoding=\"async\" src=\"https:\/\/www.hydraulic-cylinders.net\/wp-content\/uploads\/2025\/01\/songte-oil-pipes-and-spare-parts.webp\"><\/p>\n<h2>\u00c9tanch\u00e9it\u00e9 et lubrification<\/h2>\n<p>Le v\u00e9rin du godet utilise diff\u00e9rents types de joints, tels que des joints de piston et des joints de tige, fabriqu\u00e9s en mat\u00e9riaux r\u00e9sistants \u00e0 l'usure comme le polyur\u00e9thane et le caoutchouc nitrile, afin de pr\u00e9venir les fuites d'huile. Le corps du v\u00e9rin et la surface d'extr\u00e9mit\u00e9 filet\u00e9e sont usin\u00e9s avec pr\u00e9cision pour une meilleure r\u00e9sistance \u00e0 l'usure. Un appoint r\u00e9gulier d'huile hydraulique est n\u00e9cessaire pour assurer une lubrification optimale.<\/p>\n<h2>Entretien et r\u00e9paration<\/h2>\n<p>Une inspection r\u00e9guli\u00e8re et un entretien pr\u00e9ventif sont n\u00e9cessaires pour garantir le fonctionnement fiable et durable du v\u00e9rin du godet. Les t\u00e2ches d'entretien courantes comprennent\u00a0:<\/p>\n<ul>\n<li>Inspection r\u00e9guli\u00e8re\u00a0: v\u00e9rifier l\u2019\u00e9tat du cylindre, notamment la pr\u00e9sence de fissures, d\u2019usure, de d\u00e9formations et de fuites.<\/li>\n<li>Lubrification ad\u00e9quate\u00a0: utilisez le lubrifiant et la graisse appropri\u00e9s et veillez \u00e0 les ajouter r\u00e9guli\u00e8rement.<\/li>\n<li>Remplacement des joints : remplacez rapidement les joints s'ils pr\u00e9sentent des signes d'usure ou de dommages.<\/li>\n<li>Contr\u00f4le d'\u00e9talonnage\u00a0: v\u00e9rifiez la pression du cylindre et ajustez-la si n\u00e9cessaire.<\/li>\n<\/ul>\n<p><img decoding=\"async\" src=\"https:\/\/www.hydraulic-cylinders.net\/wp-content\/uploads\/2025\/01\/songte-chushion-collar.webp\"><\/p>\n<h2>Consid\u00e9rations relatives \u00e0 la s\u00e9curit\u00e9 et \u00e0 l'environnement<\/h2>\n<p>Lors de l'utilisation du v\u00e9rin de godet, il est essentiel de respecter les consignes de s\u00e9curit\u00e9 afin de pr\u00e9venir les accidents, notamment le port d'\u00e9quipements de protection individuelle et le montage correct du v\u00e9rin. Il convient \u00e9galement de veiller \u00e0 ce que l'huile hydraulique utilis\u00e9e dans le v\u00e9rin soit \u00e9limin\u00e9e conform\u00e9ment aux normes environnementales afin d'\u00e9viter toute pollution.<\/p>\n<h2>Diagnostic et pr\u00e9vention des pannes<\/h2>\n<p>Les pannes courantes du v\u00e9rin de godet comprennent les fuites d'huile, les dommages au piston et \u00e0 la tige, ainsi que les bruits anormaux. Pour pr\u00e9venir ces pannes, une inspection et un entretien r\u00e9guliers sont n\u00e9cessaires, et toute r\u00e9paration rapide est essentielle.<\/p>\n<p><img decoding=\"async\" src=\"https:\/\/www.hydraulic-cylinders.net\/wp-content\/uploads\/2025\/01\/songte-bushings-with-all-kinds-of-excavator-models.webp\"><\/p>\n<h2>\u00c0 propos de notre entreprise<\/h2>\n<p>Nous sommes un fabricant de v\u00e9rins hydrauliques compatibles avec d'autres mod\u00e8les. Notre entreprise propose une large gamme de produits et s'est impos\u00e9e comme l'un des principaux fabricants et distributeurs de v\u00e9rins hydrauliques sur les march\u00e9s nationaux et internationaux. Nous privil\u00e9gions l'excellence et nous appuyons sur des strat\u00e9gies de production industrialis\u00e9es au sein d'ateliers de fabrication de pointe. Nous am\u00e9liorons constamment notre plateforme de production, optimisons nos lignes de fabrication et disposons d'une forte capacit\u00e9 d'innovation pour r\u00e9pondre aux besoins vari\u00e9s de nos clients avec efficacit\u00e9, pr\u00e9cision et qualit\u00e9.<\/p>\n<ul>\n<li>Professionnalisme : Nous disposons d'une \u00e9quipe d'ing\u00e9nieurs et de techniciens exp\u00e9riment\u00e9s pour fournir des services et un soutien professionnels \u00e0 nos clients.<\/li>\n<li>Certifications internationales\u00a0: Nos produits ont obtenu les certifications ISO9001, CE et SGS et sont reconnus par des clients du monde entier.<\/li>\n<li>Service de personnalisation\u00a0: Nous pouvons personnaliser nos produits en fonction des besoins sp\u00e9cifiques de nos clients.<\/li>\n<li>\u00c9quipements de production : Nous utilisons des \u00e9quipements de production de pointe, tels que des machines CNC et des robots, afin de garantir une qualit\u00e9 et une efficacit\u00e9 \u00e9lev\u00e9es.<\/li>\n<li>Service apr\u00e8s-vente\u00a0: Nous assurons un service apr\u00e8s-vente complet, incluant la maintenance, la r\u00e9paration et le remplacement des pi\u00e8ces, afin de garantir la satisfaction de nos clients.<\/li>\n<\/ul>\n<p>Auteur : lyl<\/p>","protected":false},"excerpt":{"rendered":"<p>Bucket Cylinder For Komatsu Middle Excavator PC150-5 Introduction The bucket cylinder for Komatsu Middle Excavator PC150-5 is a hydraulic cylinder specially designed to control the movement of the bucket in heavy machinery such as excavators, backhoes, and front loaders. Its main function is to enable the bucket to lift, lower, and tilt, making it easier [&hellip;]<\/p>","protected":false},"featured_media":14789,"comment_status":"open","ping_status":"closed","template":"","meta":{"_et_pb_use_builder":"","_et_pb_old_content":"","_et_gb_content_width":""},"product_brand":[],"product_cat":[1494],"product_tag":[1495,1496],"class_list":{"0":"post-15132","1":"product","2":"type-product","3":"status-publish","4":"has-post-thumbnail","6":"product_cat-bucket-cylinders","7":"product_tag-bucket-cylinders","8":"product_tag-hydraulic-cylinders","10":"first","11":"instock","12":"shipping-taxable","13":"product-type-simple"},"amp_enabled":true,"_links":{"self":[{"href":"https:\/\/www.hydraulic-cylinders.net\/fr\/wp-json\/wp\/v2\/product\/15132","targetHints":{"allow":["GET"]}}],"collection":[{"href":"https:\/\/www.hydraulic-cylinders.net\/fr\/wp-json\/wp\/v2\/product"}],"about":[{"href":"https:\/\/www.hydraulic-cylinders.net\/fr\/wp-json\/wp\/v2\/types\/product"}],"replies":[{"embeddable":true,"href":"https:\/\/www.hydraulic-cylinders.net\/fr\/wp-json\/wp\/v2\/comments?post=15132"}],"wp:featuredmedia":[{"embeddable":true,"href":"https:\/\/www.hydraulic-cylinders.net\/fr\/wp-json\/wp\/v2\/media\/14789"}],"wp:attachment":[{"href":"https:\/\/www.hydraulic-cylinders.net\/fr\/wp-json\/wp\/v2\/media?parent=15132"}],"wp:term":[{"taxonomy":"product_brand","embeddable":true,"href":"https:\/\/www.hydraulic-cylinders.net\/fr\/wp-json\/wp\/v2\/product_brand?post=15132"},{"taxonomy":"product_cat","embeddable":true,"href":"https:\/\/www.hydraulic-cylinders.net\/fr\/wp-json\/wp\/v2\/product_cat?post=15132"},{"taxonomy":"product_tag","embeddable":true,"href":"https:\/\/www.hydraulic-cylinders.net\/fr\/wp-json\/wp\/v2\/product_tag?post=15132"}],"curies":[{"name":"wp","href":"https:\/\/api.w.org\/{rel}","templated":true}]}}