{"id":1514,"date":"2023-09-27T09:17:18","date_gmt":"2023-09-27T09:17:18","guid":{"rendered":"https:\/\/hydraulic-cylinders.net\/?post_type=product&#038;p=1514"},"modified":"2025-04-11T01:49:35","modified_gmt":"2025-04-11T01:49:35","slug":"aerial-work-platform-electric-cylinder","status":"publish","type":"product","link":"https:\/\/www.hydraulic-cylinders.net\/fr\/produit\/aerial-work-platform-electric-cylinder\/","title":{"rendered":"V\u00e9rin \u00e9lectrique pour nacelle \u00e9l\u00e9vatrice"},"content":{"rendered":"<h1 style=\"text-align: center;\"><strong>V\u00e9rin \u00e9lectrique pour nacelle \u00e9l\u00e9vatrice<\/strong><\/h1>\n<p><img loading=\"lazy\" decoding=\"async\" class=\"wp-image-1515 aligncenter\" src=\"https:\/\/hydraulic-cylinders.net\/wp-content\/uploads\/2023\/09\/electric-cylinder-1-300x300.webp\" alt=\"\" width=\"400\" height=\"400\" \/><\/p>\n<p>Le v\u00e9rin \u00e9lectrique pour nacelles \u00e9l\u00e9vatrices est un composant hydraulique de pointe con\u00e7u pour am\u00e9liorer l'efficacit\u00e9 et la s\u00e9curit\u00e9 dans les environnements de travail en hauteur. Ce v\u00e9rin innovant est essentiel aux nacelles \u00e9l\u00e9vatrices, permettant un mouvement vertical pr\u00e9cis et contr\u00f4l\u00e9 des op\u00e9rateurs, des outils et des \u00e9quipements.<\/p>\n<p>Avec des lois et r\u00e9glementations environnementales de plus en plus strictes, la sensibilisation \u00e0 l'environnement s'accro\u00eet et les exigences en mati\u00e8re d'engins de chantier augmentent. Gr\u00e2ce \u00e0 leur faible bruit et \u00e0 d'autres avantages, les v\u00e9rins \u00e9lectriques, sans fuite, \u00e0 haut rendement et \u00e0 faible pollution, r\u00e9pondent parfaitement \u00e0 ce besoin. L'utilisation de v\u00e9rins \u00e9lectriques comme supports m\u00e9caniques pour tous types d'engins de chantier est devenue de plus en plus courante dans de nombreuses entreprises.<\/p>\n<p>Actionneur \u00e9lectrique, le v\u00e9rin \u00e9lectrique se caract\u00e9rise par un faible co\u00fbt, une structure compacte, une installation ais\u00e9e, une grande pr\u00e9cision de contr\u00f4le et une grande souplesse d'utilisation. En tant que support m\u00e9canique, il entra\u00eene la vis \u00e0 billes par la rotation du servomoteur, transformant ainsi le d\u00e9placement angulaire en d\u00e9placement lin\u00e9aire, permettant ainsi un contr\u00f4le pr\u00e9cis de la vitesse, de la position et de la pouss\u00e9e.<\/p>\n<p>Le v\u00e9rin \u00e9lectrique pr\u00e9sente les avantages d'une efficacit\u00e9 \u00e9lev\u00e9e, d'une grande capacit\u00e9 de charge, d'une vitesse rapide, d'un mouvement pr\u00e9cis et contr\u00f4lable, etc. Il est largement utilis\u00e9 dans les tests a\u00e9rospatiaux, la simulation \u00e0 plusieurs degr\u00e9s de libert\u00e9, le divertissement dynamique \u00e0 plusieurs degr\u00e9s de libert\u00e9, l'usinage de pr\u00e9cision \u00e0 plusieurs degr\u00e9s de libert\u00e9, la robotique, la fabrication automobile et d'autres domaines d'\u00e9quipement, la coul\u00e9e de connexions en acier, la p\u00e9trochimie, la manutention des mat\u00e9riaux, les machines de moulage par injection, le contr\u00f4le des moules, le contr\u00f4le des vannes, les machines de pr\u00e9cision, les machines pharmaceutiques, la transformation des aliments et d'autres domaines.<\/p>\n<p>Principales caract\u00e9ristiques du v\u00e9rin \u00e9lectrique pour plate-forme \u00e9l\u00e9vatrice :<\/p>\n<ol>\n<li>Mouvement vertical fluide et pr\u00e9cis :<\/li>\n<\/ol>\n<ul>\n<li>Le v\u00e9rin \u00e9lectrique de la plate-forme \u00e9l\u00e9vatrice offre un mouvement vertical fluide et pr\u00e9cis, garantissant un positionnement pr\u00e9cis aux hauteurs souhait\u00e9es.<\/li>\n<li>Il permet aux op\u00e9rateurs de r\u00e9gler facilement la hauteur de la plate-forme, facilitant ainsi l'ex\u00e9cution efficace du travail et une productivit\u00e9 accrue.<\/li>\n<\/ul>\n<ol start=\"2\">\n<li>Performances \u00e9lectriques :<\/li>\n<\/ol>\n<ul>\n<li>Ce v\u00e9rin fonctionne \u00e0 l\u2019\u00e9nergie \u00e9lectrique, \u00e9liminant ainsi le besoin de pompage manuel ou de sources d\u2019alimentation externes.<\/li>\n<li>Il offre un fonctionnement silencieux et efficace, ce qui le rend adapt\u00e9 aux applications int\u00e9rieures o\u00f9 le bruit et les \u00e9missions doivent \u00eatre minimis\u00e9s.<\/li>\n<\/ul>\n<ol start=\"3\">\n<li>Capacit\u00e9 de charge \u00e9lev\u00e9e :<\/li>\n<\/ol>\n<ul>\n<li>Le v\u00e9rin \u00e9lectrique de la plate-forme \u00e9l\u00e9vatrice dispose d'une capacit\u00e9 de charge \u00e9lev\u00e9e, lui permettant de supporter facilement les travailleurs, les outils et les \u00e9quipements lourds.<\/li>\n<li>Il est con\u00e7u pour r\u00e9sister aux environnements de travail exigeants et g\u00e9rer des charges importantes sans compromettre la s\u00e9curit\u00e9 ou les performances.<\/li>\n<\/ul>\n<ol start=\"4\">\n<li>Caract\u00e9ristiques de s\u00e9curit\u00e9 :<\/li>\n<\/ol>\n<ul>\n<li>Ce v\u00e9rin int\u00e8gre des fonctions de s\u00e9curit\u00e9 avanc\u00e9es telles que des interrupteurs de fin de course, des boutons d'arr\u00eat d'urgence et une protection contre les surcharges.<\/li>\n<li>Ces m\u00e9canismes de s\u00e9curit\u00e9 garantissent la s\u00e9curit\u00e9 de l'op\u00e9rateur en emp\u00eachant tout mouvement excessif de la plate-forme, toute surcharge ou tout fonctionnement involontaire.<\/li>\n<\/ul>\n<h2><strong>Param\u00e8tre du v\u00e9rin \u00e9lectrique de la plate-forme \u00e9l\u00e9vatrice\u00a0:<\/strong><\/h2>\n<table border=\"1\" cellspacing=\"0\" cellpadding=\"0\">\n<tbody>\n<tr>\n<td>Nom du produit<\/td>\n<td>V\u00e9rin \u00e9lectrique pour nacelle \u00e9l\u00e9vatrice<\/td>\n<\/tr>\n<tr>\n<td>Caract\u00e9ristiques:<\/td>\n<td>R\u00e9aliser la fonction t\u00e9lescopique<\/td>\n<\/tr>\n<tr>\n<td>Force de pouss\u00e9e :<\/td>\n<td>1-1000KN<\/td>\n<\/tr>\n<tr>\n<td>tension:<\/td>\n<td>24V, 48V, 220V, 380V\u2026<\/td>\n<\/tr>\n<tr>\n<td>Caract\u00e9ristiques du v\u00e9rin \u00e9lectrique :<\/td>\n<td>Haute efficacit\u00e9, vitesse rapide,<br \/>\nCharge lourde, haute pr\u00e9cision<\/td>\n<\/tr>\n<tr>\n<td>Applications des v\u00e9rins \u00e9lectriques :<\/td>\n<td>Nacelle \u00e9l\u00e9vatrice \u00e0 ciseaux, Nacelle \u00e9l\u00e9vatrice \u00e0 m\u00e2t,<br \/>\nCamion de pompier, ligne de production automatique, etc.<\/td>\n<\/tr>\n<\/tbody>\n<\/table>\n<h2><strong>Sch\u00e9ma d'identification de la plate-forme \u00e9l\u00e9vatrice :<\/strong><\/h2>\n<p><img loading=\"lazy\" decoding=\"async\" class=\"alignnone wp-image-1517 size-full\" src=\"https:\/\/hydraulic-cylinders.net\/wp-content\/uploads\/2023\/09\/aerial-work-platform-cylinder-construct.webp\" alt=\"\" width=\"600\" height=\"400\" srcset=\"https:\/\/hydraulic-cylinders.net\/wp-content\/uploads\/2023\/09\/aerial-work-platform-cylinder-construct.webp 600w, https:\/\/hydraulic-cylinders.net\/wp-content\/uploads\/2023\/09\/aerial-work-platform-cylinder-construct-480x320.webp 480w\" sizes=\"(min-width: 0px) and (max-width: 480px) 480px, (min-width: 481px) 600px, 100vw\" \/><img loading=\"lazy\" decoding=\"async\" class=\"alignnone wp-image-1518\" src=\"https:\/\/hydraulic-cylinders.net\/wp-content\/uploads\/2023\/09\/electric-cylinder-3.webp\" alt=\"\" width=\"600\" height=\"277\" srcset=\"https:\/\/hydraulic-cylinders.net\/wp-content\/uploads\/2023\/09\/electric-cylinder-3.webp 600w, https:\/\/hydraulic-cylinders.net\/wp-content\/uploads\/2023\/09\/electric-cylinder-3-480x222.webp 480w\" sizes=\"(min-width: 0px) and (max-width: 480px) 480px, (min-width: 481px) 600px, 100vw\" \/><\/p>\n<h2><strong>M\u00e9thode d'utilisation du v\u00e9rin \u00e9lectrique de la plate-forme de travail a\u00e9rienne :<\/strong><\/h2>\n<ol>\n<li><strong>Installation de la plateforme :<\/strong><\/li>\n<\/ol>\n<ul>\n<li>Suivez les instructions du fabricant pour installer correctement le v\u00e9rin \u00e9lectrique de la nacelle \u00e9l\u00e9vatrice.<\/li>\n<li>Assurez-vous que le cylindre est solidement fix\u00e9 au ch\u00e2ssis de la plate-forme \u00e9l\u00e9vatrice, offrant une connexion stable et fiable.<\/li>\n<\/ul>\n<ol start=\"2\">\n<li><strong>Connexion \u00e9lectrique :<\/strong><\/li>\n<\/ol>\n<ul>\n<li>Connectez le cylindre \u00e0 l\u2019alimentation \u00e9lectrique conform\u00e9ment aux instructions fournies.<\/li>\n<li>Assurez-vous que toutes les connexions \u00e9lectriques sont s\u00e9curis\u00e9es et correctement isol\u00e9es pour \u00e9viter les risques \u00e9lectriques.<\/li>\n<\/ul>\n<ol start=\"3\">\n<li><strong>R\u00e9glage de la hauteur de la plate-forme :<\/strong><\/li>\n<\/ol>\n<ul>\n<li>Utilisez le panneau de commande ou l\u2019interface fourni pour r\u00e9gler la hauteur de la plate-forme.<\/li>\n<li>Suivez les proc\u00e9dures d\u2019utilisation et les consignes de s\u00e9curit\u00e9 recommand\u00e9es pour un mouvement vertical fluide et contr\u00f4l\u00e9.<\/li>\n<\/ul>\n<ol start=\"4\">\n<li><strong>Consid\u00e9rations de s\u00e9curit\u00e9 :<\/strong><\/li>\n<\/ol>\n<ul>\n<li>Avant d\u2019utiliser la plateforme \u00e9l\u00e9vatrice, familiarisez-vous avec les dispositifs de s\u00e9curit\u00e9 et les proc\u00e9dures d\u2019urgence.<\/li>\n<li>Assurez-vous que tous les op\u00e9rateurs re\u00e7oivent une formation ad\u00e9quate sur l'utilisation s\u00e9curitaire de la plate-forme et du v\u00e9rin \u00e9lectrique de la plate-forme \u00e9l\u00e9vatrice.<\/li>\n<\/ul>\n<h2><strong>Application du v\u00e9rin \u00e9lectrique :<\/strong><\/h2>\n<p><img loading=\"lazy\" decoding=\"async\" id=\"thepasted-1\" class=\"alignnone wp-image-1519 size-full\" src=\"https:\/\/hydraulic-cylinders.net\/wp-content\/uploads\/2023\/09\/electric-cylinder-4.webp\" alt=\"\" width=\"968\" height=\"831\" srcset=\"https:\/\/hydraulic-cylinders.net\/wp-content\/uploads\/2023\/09\/electric-cylinder-4.webp 968w, https:\/\/hydraulic-cylinders.net\/wp-content\/uploads\/2023\/09\/electric-cylinder-4-480x412.webp 480w\" sizes=\"(min-width: 0px) and (max-width: 480px) 480px, (min-width: 481px) 968px, 100vw\" \/><\/p>\n<h2><strong>Comment fonctionne un syst\u00e8me hydraulique ?<\/strong><\/h2>\n<p>Un syst\u00e8me hydraulique est un syst\u00e8me de transmission de puissance m\u00e9canique qui utilise la force d'un fluide pour g\u00e9n\u00e9rer et transmettre de la puissance. Son fonctionnement repose sur la loi de Pascal, selon laquelle lorsqu'une pression est appliqu\u00e9e \u00e0 un fluide confin\u00e9, elle est transmise uniform\u00e9ment dans toutes les directions.<\/p>\n<p>Voici une explication simplifi\u00e9e du fonctionnement d\u2019un syst\u00e8me hydraulique :<\/p>\n<ol>\n<li><strong>Composants d'un syst\u00e8me hydraulique :<\/strong>\n<ul>\n<li>Fluide hydraulique : G\u00e9n\u00e9ralement \u00e0 base d\u2019huile, c\u2019est le moyen de transmission de puissance.<\/li>\n<li>Pompe hydraulique : Elle g\u00e9n\u00e8re un d\u00e9bit de fluide et cr\u00e9e une pression dans le syst\u00e8me.<\/li>\n<li>V\u00e9rin hydraulique : convertit la pression du fluide en mouvement lin\u00e9aire ou en force.<\/li>\n<li>Vannes de r\u00e9gulation : r\u00e9gulent le d\u00e9bit et la direction du fluide hydraulique.<\/li>\n<li>Moteur hydraulique : convertit la pression du fluide en mouvement de rotation.<\/li>\n<\/ul>\n<\/li>\n<li><strong>Pompage de fluide :<\/strong>\n<ul>\n<li>La pompe hydraulique aspire le fluide hydraulique d'un r\u00e9servoir et le refoule sous pression au reste du syst\u00e8me.<\/li>\n<li>Lorsque la pompe fonctionne, elle cr\u00e9e un vide qui aspire le fluide dans son orifice d\u2019admission.<\/li>\n<\/ul>\n<\/li>\n<li><strong>Distribution des fluides :<\/strong>\n<ul>\n<li>Le fluide sous pression circule dans des conduites ou des tuyaux hydrauliques pour atteindre divers composants du syst\u00e8me.<\/li>\n<li>Ces lignes sont con\u00e7ues pour r\u00e9sister \u00e0 des conditions de haute pression et transmettre le fluide sans fuite.<\/li>\n<\/ul>\n<\/li>\n<li><strong>Vannes de r\u00e9gulation :<\/strong>\n<ul>\n<li>Les vannes de r\u00e9gulation d\u00e9terminent le sens d'\u00e9coulement, le d\u00e9bit et la pression du fluide hydraulique.<\/li>\n<li>Ils sont actionn\u00e9s manuellement ou \u00e9lectroniquement et sont responsables de l'activation ou de la d\u00e9sactivation de composants hydrauliques sp\u00e9cifiques.<\/li>\n<\/ul>\n<\/li>\n<li><strong>V\u00e9rin hydraulique :<\/strong>\n<ul>\n<li>Un v\u00e9rin hydraulique se compose d\u2019un tube cylindrique, d\u2019un piston et d\u2019une tige.<\/li>\n<li>Lorsque le fluide sous pression p\u00e9n\u00e8tre d\u2019un c\u00f4t\u00e9 du cylindre, il pousse le piston, ce qui d\u00e9place la tige.<\/li>\n<li>Ce mouvement lin\u00e9aire peut soulever, pousser ou d\u00e9placer des charges externes.<\/li>\n<\/ul>\n<\/li>\n<li><strong>Moteur hydraulique :<\/strong>\n<ul>\n<li>Un moteur hydraulique convertit la pression du fluide en mouvement de rotation.<\/li>\n<li>Il se compose d'un rotor et d'un stator, et le fluide sous pression fait tourner le rotor.<\/li>\n<li>La sortie rotative peut \u00eatre utilis\u00e9e pour entra\u00eener des machines ou effectuer des travaux.<\/li>\n<\/ul>\n<\/li>\n<li><strong>Retour et filtration :<\/strong>\n<ul>\n<li>Apr\u00e8s avoir rempli sa fonction pr\u00e9vue, le fluide hydraulique retourne au r\u00e9servoir pour \u00eatre r\u00e9utilis\u00e9.<\/li>\n<li>Les syst\u00e8mes de filtration garantissent que le fluide est propre et exempt de contaminants, \u00e9vitant ainsi d'endommager les composants hydrauliques.<\/li>\n<\/ul>\n<\/li>\n<li><strong>Contr\u00f4le et s\u00e9curit\u00e9 :<\/strong>\n<ul>\n<li>Les syst\u00e8mes hydrauliques int\u00e8grent divers m\u00e9canismes de contr\u00f4le, tels que des soupapes de surpression, pour \u00e9viter une accumulation excessive de pression et garantir la s\u00e9curit\u00e9 du syst\u00e8me.<\/li>\n<li>Les capteurs et les dispositifs de r\u00e9troaction peuvent surveiller et r\u00e9guler les param\u00e8tres du syst\u00e8me tels que la pression, la temp\u00e9rature et le d\u00e9bit.<\/li>\n<\/ul>\n<\/li>\n<\/ol>\n<h2><strong>Capacit\u00e9 de l'usine :<\/strong><\/h2>\n<h3>(1) Assemblage<\/h3>\n<p>Nous disposons d'une plateforme d'assemblage ind\u00e9pendante de recherche et d\u00e9veloppement de premier ordre. Notre atelier de production de v\u00e9rins hydrauliques dispose de quatre lignes d'assemblage semi-automatiques de v\u00e9rins de levage et d'une ligne d'assemblage automatique de v\u00e9rins d'inclinaison, pour une capacit\u00e9 de production annuelle pr\u00e9vue d'un million de pi\u00e8ces. L'atelier de v\u00e9rins sp\u00e9ciaux est \u00e9quip\u00e9 d'un syst\u00e8me d'assemblage de nettoyage semi-automatique de diverses sp\u00e9cifications, d'une capacit\u00e9 de production annuelle pr\u00e9vue de 200\u00a0000 pi\u00e8ces et dispose d'\u00e9quipements d'usinage CNC de pointe, d'un centre d'usinage, d'\u00e9quipements sp\u00e9ciaux d'usinage de haute pr\u00e9cision, d'une machine de soudage robotis\u00e9e, d'une machine de nettoyage automatique, d'une machine d'assemblage automatique de v\u00e9rins et d'une ligne de peinture automatique. Nous disposons de plus de 300 \u00e9quipements critiques. L'allocation optimale et l'utilisation efficace des ressources garantissent la pr\u00e9cision et la qualit\u00e9 des produits.<\/p>\n<p><img loading=\"lazy\" decoding=\"async\" class=\"alignnone wp-image-626\" src=\"https:\/\/hydraulic-cylinders.net\/wp-content\/uploads\/2023\/08\/hydraulic-cylinder-product-1-300x158.webp\" alt=\"\" width=\"495\" height=\"260\" srcset=\"https:\/\/hydraulic-cylinders.net\/wp-content\/uploads\/2023\/08\/hydraulic-cylinder-product-1-300x158.webp 495w, https:\/\/hydraulic-cylinders.net\/wp-content\/uploads\/2023\/08\/hydraulic-cylinder-product-1-480x252.webp 480w\" sizes=\"(min-width: 0px) and (max-width: 480px) 480px, (min-width: 481px) 495px, 100vw\" \/> <img loading=\"lazy\" decoding=\"async\" class=\"alignnone wp-image-627\" src=\"https:\/\/hydraulic-cylinders.net\/wp-content\/uploads\/2023\/08\/hydraulic-cylinder-product-2-300x189.webp\" alt=\"\" width=\"413\" height=\"260\" \/><\/p>\n<h3>(2) Usinage<\/h3>\n<p>L'atelier d'usinage est \u00e9quip\u00e9 d'un centre de tournage sur rail inclin\u00e9 personnalis\u00e9, d'un centre d'usinage, d'une machine \u00e0 honer \u00e0 grande vitesse, d'un robot de soudage et d'autres \u00e9quipements connexes, qui peuvent traiter des tubes cylindriques d'un diam\u00e8tre int\u00e9rieur maximal de 400 mm et d'une longueur maximale de 6 m\u00e8tres.<\/p>\n<p><img loading=\"lazy\" decoding=\"async\" class=\"alignnone wp-image-628 size-large\" src=\"https:\/\/hydraulic-cylinders.net\/wp-content\/uploads\/2023\/08\/hydraulic-cylinder-product-3-1024x391.webp\" alt=\"\" width=\"1024\" height=\"391\" srcset=\"https:\/\/hydraulic-cylinders.net\/wp-content\/uploads\/2023\/08\/hydraulic-cylinder-product-3-980x374.webp 980w, https:\/\/hydraulic-cylinders.net\/wp-content\/uploads\/2023\/08\/hydraulic-cylinder-product-3-480x183.webp 480w\" sizes=\"(min-width: 0px) and (max-width: 480px) 480px, (min-width: 481px) and (max-width: 980px) 980px, (min-width: 981px) 1024px, 100vw\" \/><\/p>\n<h3>(3) Soudage<\/h3>\n<p><img loading=\"lazy\" decoding=\"async\" class=\"alignnone wp-image-629 size-large\" src=\"https:\/\/hydraulic-cylinders.net\/wp-content\/uploads\/2023\/08\/hydraulic-cylinder-product-4-1024x510.webp\" alt=\"\" width=\"1024\" height=\"510\" srcset=\"https:\/\/hydraulic-cylinders.net\/wp-content\/uploads\/2023\/08\/hydraulic-cylinder-product-4-980x488.webp 980w, https:\/\/hydraulic-cylinders.net\/wp-content\/uploads\/2023\/08\/hydraulic-cylinder-product-4-480x239.webp 480w\" sizes=\"(min-width: 0px) and (max-width: 480px) 480px, (min-width: 481px) and (max-width: 980px) 980px, (min-width: 981px) 1024px, 100vw\" \/><\/p>\n<h3>(4) Peinture et rev\u00eatement<\/h3>\n<p>Avec des lignes de rev\u00eatement de peinture \u00e0 base d'eau automatiques \u00e0 cylindre de petite et moyenne taille, pour r\u00e9aliser le chargement et le d\u00e9chargement automatiques par robot et la pulv\u00e9risation automatique, la capacit\u00e9 de conception est de 4 000 pi\u00e8ces par \u00e9quipe ;<br \/>\nNous disposons \u00e9galement d'une ligne de production de peinture semi-automatique pour gros cylindres, aliment\u00e9e par une cha\u00eene de traction, d'une capacit\u00e9 de conception de 60 caisses par \u00e9quipe.<\/p>\n<p><img loading=\"lazy\" decoding=\"async\" class=\"alignnone wp-image-630\" src=\"https:\/\/hydraulic-cylinders.net\/wp-content\/uploads\/2023\/08\/hydraulic-cylinder-product-5-300x213.webp\" alt=\"\" width=\"366\" height=\"260\" \/> <img loading=\"lazy\" decoding=\"async\" class=\"alignnone wp-image-631\" src=\"https:\/\/hydraulic-cylinders.net\/wp-content\/uploads\/2023\/08\/hydraulic-cylinder-product-6-300x225.webp\" alt=\"\" width=\"347\" height=\"260\" \/><\/p>\n<h3>(5) Essais<\/h3>\n<p>Nous disposons d'installations d'inspection et de bancs d'essai de premier ordre pour garantir que les performances de la bouteille sont conformes aux exigences.<\/p>\n<p><img loading=\"lazy\" decoding=\"async\" class=\"alignnone wp-image-632\" src=\"https:\/\/hydraulic-cylinders.net\/wp-content\/uploads\/2023\/08\/hydraulic-cylinder-product-8-300x200.webp\" alt=\"\" width=\"389\" height=\"260\" \/><\/p>\n<p>&nbsp;<\/p>\n<p>&nbsp;<\/p>\n<p>Nous sommes l'un des meilleurs fabricants de v\u00e9rins hydrauliques. Nous proposons une gamme compl\u00e8te de v\u00e9rins hydrauliques. Nous fournissons \u00e9galement les v\u00e9rins correspondants. <a href=\"https:\/\/hzpt.com\/agricultural-pto-gearbox\/\" target=\"_blank\" rel=\"noopener\">bo\u00eetes de vitesses agricoles<\/a>Nous exportons nos produits dans le monde entier et nous avons acquis une excellente r\u00e9putation gr\u00e2ce \u00e0 la qualit\u00e9 sup\u00e9rieure de nos produits et \u00e0 notre service apr\u00e8s-vente. Nous invitons nos clients, nationaux et internationaux, \u00e0 nous contacter pour n\u00e9gocier, \u00e9changer des informations et\u2026 <a href=\"https:\/\/www.hydraulic-cylinders.net\/fr\/contact-us\/\">coop\u00e9rer avec nous<\/a>!<\/p>","protected":false},"excerpt":{"rendered":"<p>Aerial Work Platform Electric Cylinder The aerial work platform electric cylinder is a cutting-edge hydraulic component designed to enhance efficiency and safety in elevated work environments. This innovative cylinder is critical in aerial work platforms, providing precise and controlled vertical movement for workers, tools, and equipment. With the increasingly strict environmental protection laws and regulations, [&hellip;]<\/p>","protected":false},"featured_media":1516,"comment_status":"open","ping_status":"closed","template":"","meta":{"_et_pb_use_builder":"","_et_pb_old_content":"","_et_gb_content_width":""},"product_brand":[],"product_cat":[1500,1549,1376],"product_tag":[1380],"class_list":{"0":"post-1514","1":"product","2":"type-product","3":"status-publish","4":"has-post-thumbnail","6":"product_cat-aerial-work-vehicle-hydraulic-cylinder","7":"product_cat-single-acting-hydraulic-cylinder","8":"product_cat-hydraulic-cylinder","9":"product_tag-hydraulic-cylinder","11":"first","12":"instock","13":"shipping-taxable","14":"product-type-simple"},"amp_enabled":true,"_links":{"self":[{"href":"https:\/\/www.hydraulic-cylinders.net\/fr\/wp-json\/wp\/v2\/product\/1514","targetHints":{"allow":["GET"]}}],"collection":[{"href":"https:\/\/www.hydraulic-cylinders.net\/fr\/wp-json\/wp\/v2\/product"}],"about":[{"href":"https:\/\/www.hydraulic-cylinders.net\/fr\/wp-json\/wp\/v2\/types\/product"}],"replies":[{"embeddable":true,"href":"https:\/\/www.hydraulic-cylinders.net\/fr\/wp-json\/wp\/v2\/comments?post=1514"}],"wp:featuredmedia":[{"embeddable":true,"href":"https:\/\/www.hydraulic-cylinders.net\/fr\/wp-json\/wp\/v2\/media\/1516"}],"wp:attachment":[{"href":"https:\/\/www.hydraulic-cylinders.net\/fr\/wp-json\/wp\/v2\/media?parent=1514"}],"wp:term":[{"taxonomy":"product_brand","embeddable":true,"href":"https:\/\/www.hydraulic-cylinders.net\/fr\/wp-json\/wp\/v2\/product_brand?post=1514"},{"taxonomy":"product_cat","embeddable":true,"href":"https:\/\/www.hydraulic-cylinders.net\/fr\/wp-json\/wp\/v2\/product_cat?post=1514"},{"taxonomy":"product_tag","embeddable":true,"href":"https:\/\/www.hydraulic-cylinders.net\/fr\/wp-json\/wp\/v2\/product_tag?post=1514"}],"curies":[{"name":"wp","href":"https:\/\/api.w.org\/{rel}","templated":true}]}}