{"id":15144,"date":"2025-01-19T14:09:36","date_gmt":"2025-01-19T14:09:36","guid":{"rendered":"https:\/\/www.hydraulic-cylinders.net\/product\/bucket-cylinder-for-komatsu-large-excavator-pc450-6-7-8\/"},"modified":"2025-01-19T14:09:43","modified_gmt":"2025-01-19T14:09:43","slug":"bucket-cylinder-for-komatsu-large-excavator-pc450-6-7-8","status":"publish","type":"product","link":"https:\/\/www.hydraulic-cylinders.net\/fr\/produit\/bucket-cylinder-for-komatsu-large-excavator-pc450-6-7-8\/","title":{"rendered":"Cylindre de godet pour pelle Komatsu PC450-6-7-8"},"content":{"rendered":"<p><!DOCTYPE html><br \/>\n<html><br \/>\n<head><br \/>\n    <title>Cylindre de godet pour pelle Komatsu PC450-6-7-8<\/title><br \/>\n<\/head><br \/>\n<body><\/p>\n<h1>Cylindre de godet pour pelle Komatsu PC450-6-7-8<\/h1>\n<p>    <img decoding=\"async\" src=\"https:\/\/hzpt.com\/wp-content\/uploads\/2024\/11\/songte-company-1.webp\"><\/p>\n<h2>Introduction<\/h2>\n<p>Un v\u00e9rin de godet est un v\u00e9rin hydraulique sp\u00e9cialement con\u00e7u pour contr\u00f4ler les mouvements du godet sur les engins de chantier tels que les pelles hydrauliques, les chargeuses-pelleteuses et les chargeuses frontales. Sa fonction principale est de permettre le levage, l'abaissement et l'inclinaison du godet, facilitant ainsi diverses op\u00e9rations de manutention. Au sein du syst\u00e8me hydraulique, le v\u00e9rin de godet assure un contr\u00f4le pr\u00e9cis du godet gr\u00e2ce aux variations de pression de l'huile hydraulique, permettant aux op\u00e9rateurs de manipuler efficacement des charges lourdes et de s'adapter \u00e0 des environnements de travail complexes et \u00e0 des besoins op\u00e9rationnels vari\u00e9s.<\/p>\n<p>    <img decoding=\"async\" src=\"https:\/\/www.hydraulic-cylinders.net\/wp-content\/uploads\/2025\/01\/songte-company-2.webp\"><\/p>\n<h2>Caract\u00e9ristiques<\/h2>\n<ul>\n<li>Haute r\u00e9sistance et durabilit\u00e9\u00a0: g\u00e9n\u00e9ralement fabriqu\u00e9 en acier ou en aluminium haute r\u00e9sistance, le v\u00e9rin du godet supporte les hautes pressions et les charges importantes, s\u2019adaptant ainsi aux conditions de travail difficiles. Sa conception assure une r\u00e9sistance \u00e0 l\u2019usure et \u00e0 la corrosion, prolongeant sa dur\u00e9e de vie.<\/li>\n<li>Fonctionnement hydraulique efficace\u00a0: gr\u00e2ce \u00e0 la pression de l\u2019huile hydraulique, le v\u00e9rin du godet assure des mouvements d\u2019extension et de r\u00e9traction fluides, permettant une r\u00e9ponse rapide aux commandes et fournissant des forces de pouss\u00e9e et de traction puissantes, ce qui le rend adapt\u00e9 \u00e0 la manutention de charges lourdes et \u00e0 des t\u00e2ches op\u00e9rationnelles complexes.<\/li>\n<li>Diff\u00e9rents types\u00a0: Le v\u00e9rin du godet peut \u00eatre choisi en version simple effet (pression hydraulique unidirectionnelle) ou double effet (pression hydraulique bidirectionnelle), selon les besoins op\u00e9rationnels. Certains mod\u00e8les sont t\u00e9lescopiques, ce qui permet une plus grande extension sans augmenter les dimensions ext\u00e9rieures et les rend adapt\u00e9s aux applications \u00e0 espace restreint.<\/li>\n<li>Remplacement parfait : notre produit peut parfaitement remplacer ces v\u00e9rins hydrauliques.<\/li>\n<\/ul>\n<p>    <img decoding=\"async\" src=\"https:\/\/www.hydraulic-cylinders.net\/wp-content\/uploads\/2025\/01\/songte-cylinder-head-with-all-kinds-excavator-models.webp\"><\/p>\n<h2>Applications<\/h2>\n<ul>\n<li>Mat\u00e9riel de construction\u00a0: Pr\u00e9sents dans les excavatrices, ils sont essentiels pour l\u2019excavation, le chargement et le transport des mat\u00e9riaux.<\/li>\n<li>Machines agricoles\u00a0: Utilis\u00e9es dans les chargeuses frontales, elles aident \u00e0 ramasser, soulever et transporter la terre, le foin et d\u2019autres mat\u00e9riaux.<\/li>\n<li>Excavatrices : Le v\u00e9rin du godet permet l'excavation en permettant au godet de p\u00e9n\u00e9trer dans le sol.<\/li>\n<li>Chargeuses : Sur les chargeuses frontales, elles facilitent le levage et le d\u00e9chargement efficace des marchandises.<\/li>\n<\/ul>\n<h2>Consid\u00e9rations de conception et crit\u00e8res de s\u00e9lection<\/h2>\n<ul>\n<li>Capacit\u00e9 de charge : Discutez de la capacit\u00e9 du cylindre \u00e0 supporter des charges.<\/li>\n<li>\u00c9tanch\u00e9it\u00e9\u00a0: D\u00e9crire l\u2019utilisation des diff\u00e9rents composants d\u2019\u00e9tanch\u00e9it\u00e9, tels que les joints de piston et les joints de tige, fabriqu\u00e9s \u00e0 partir de mat\u00e9riaux r\u00e9sistants \u00e0 l\u2019usure comme le polyur\u00e9thane et le caoutchouc nitrile. Mentionner le traitement de surface du corps du cylindre et de l\u2019extr\u00e9mit\u00e9 du filetage afin d\u2019am\u00e9liorer la r\u00e9sistance \u00e0 l\u2019usure.<\/li>\n<li>Durabilit\u00e9 : Discuter de l'importance de la durabilit\u00e9 dans la conception et mentionner les consid\u00e9rations relatives \u00e0 la r\u00e9sistance \u00e0 la corrosion.<\/li>\n<li>S\u00e9curit\u00e9 : Abordez les consignes de s\u00e9curit\u00e9 et l'importance d'un entretien ad\u00e9quat.<\/li>\n<li>Facilit\u00e9 d'entretien : Discuter de la facilit\u00e9 d'entretien et de l'importance des inspections r\u00e9guli\u00e8res et des mesures pr\u00e9ventives.<\/li>\n<\/ul>\n<p>    <img decoding=\"async\" src=\"https:\/\/www.hydraulic-cylinders.net\/wp-content\/uploads\/2025\/01\/songte-oil-pipes-and-spare-parts.webp\"><\/p>\n<h2>\u00c9tanch\u00e9it\u00e9 et lubrification<\/h2>\n<p>Le v\u00e9rin du godet utilise diff\u00e9rents joints, tels que des joints de piston et des joints de tige, fabriqu\u00e9s en mat\u00e9riaux r\u00e9sistants \u00e0 l'usure. Le corps du v\u00e9rin et la surface d'extr\u00e9mit\u00e9 du filetage b\u00e9n\u00e9ficient d'un traitement de surface pour une meilleure r\u00e9sistance \u00e0 l'usure. Une lubrification r\u00e9guli\u00e8re avec la quantit\u00e9 appropri\u00e9e d'huile hydraulique est n\u00e9cessaire.<\/p>\n<h2>Inspections et maintenance pr\u00e9ventive<\/h2>\n<ul>\n<li>Inspections r\u00e9guli\u00e8res\u00a0: Soulignez l\u2019importance des inspections r\u00e9guli\u00e8res pour identifier tout probl\u00e8me ou dysfonctionnement potentiel.<\/li>\n<li>Lubrification ad\u00e9quate\u00a0: Soulignez l\u2019importance d\u2019une lubrification ad\u00e9quate pour assurer un fonctionnement optimal et prolonger la dur\u00e9e de vie du cylindre.<\/li>\n<li>Remplacement des joints : Discuter de la n\u00e9cessit\u00e9 de remplacer les joints lorsque cela est n\u00e9cessaire pour maintenir des performances optimales.<\/li>\n<li>Contr\u00f4les d'\u00e9talonnage\u00a0: Il est recommand\u00e9 de proc\u00e9der \u00e0 des contr\u00f4les d'\u00e9talonnage p\u00e9riodiques afin de garantir un fonctionnement pr\u00e9cis.<\/li>\n<\/ul>\n<p>    <img decoding=\"async\" src=\"https:\/\/www.hydraulic-cylinders.net\/wp-content\/uploads\/2025\/01\/songte-chushion-collar.webp\"><\/p>\n<h2>Consid\u00e9rations de s\u00e9curit\u00e9 et facteurs environnementaux<\/h2>\n<p>Soulignez l'importance des mesures de s\u00e9curit\u00e9 lors de l'utilisation du v\u00e9rin \u00e0 godet et mentionnez tous les facteurs environnementaux \u00e0 prendre en compte.<\/p>\n<h2>D\u00e9pannage et probl\u00e8mes courants<\/h2>\n<p>Abordez les probl\u00e8mes courants susceptibles de survenir et proposez des conseils et des solutions de d\u00e9pannage pour aider les lecteurs \u00e0 diagnostiquer et \u00e0 r\u00e9soudre efficacement les probl\u00e8mes. Fournissez \u00e9galement des mesures pr\u00e9ventives pour minimiser les probl\u00e8mes potentiels.<\/p>\n<p>    <img decoding=\"async\" src=\"https:\/\/www.hydraulic-cylinders.net\/wp-content\/uploads\/2025\/01\/songte-bushings-with-all-kinds-of-excavator-models.webp\"><\/p>\n<h2>\u00c0 propos de notre entreprise<\/h2>\n<p>Nous sommes un fabricant de v\u00e9rins hydrauliques de remplacement et proposons une large gamme de produits. Nous figurons parmi les principaux fabricants et distributeurs de v\u00e9rins hydrauliques sur les march\u00e9s nationaux et internationaux. Notre entreprise applique une strat\u00e9gie de gestion de la production industrialis\u00e9e, privil\u00e9giant l'excellence et utilisant des \u00e9quipements de fabrication de pointe et des syst\u00e8mes de contr\u00f4le professionnels. Notre plateforme de production a fait l'objet d'am\u00e9liorations constantes, garantissant une efficacit\u00e9, une pr\u00e9cision et une qualit\u00e9 \u00e9lev\u00e9es afin de r\u00e9pondre aux besoins vari\u00e9s de nos clients.<\/p>\n<p>    <img decoding=\"async\" src=\"https:\/\/www.hydraulic-cylinders.net\/wp-content\/uploads\/2025\/01\/songte-company-3.webp\"><\/p>\n<h3>Professionnalisme<\/h3>\n<p>Discutez du professionnalisme de l'entreprise en termes d'expertise technique et de respect des certifications internationales.<\/p>\n<h3>Services de personnalisation<\/h3>\n<p>Mettez en avant la capacit\u00e9 de l'entreprise \u00e0 fournir des services personnalis\u00e9s pour r\u00e9pondre aux exigences sp\u00e9cifiques de ses clients.<\/p>\n<h3>\u00c9quipement de production<\/h3>\n<p>Pr\u00e9sentez les \u00e9quipements de production de pointe utilis\u00e9s par l'entreprise.<\/p>\n<h3>Service apr\u00e8s-vente<\/h3>\n<p>D\u00e9crivez l'engagement de l'entreprise \u00e0 fournir un excellent service apr\u00e8s-vente.<\/p>\n<h4>Auteur : lyl<\/h4>\n<p><\/body><br \/>\n<\/html><\/p>","protected":false},"excerpt":{"rendered":"<p>Bucket Cylinder For Komatsu Large Excavator PC450-6-7-8 Bucket Cylinder For Komatsu Large Excavator PC450-6-7-8 Introduction A bucket cylinder is a specially designed hydraulic cylinder used to control the movement of the bucket in heavy machinery such as excavators, backhoe loaders, and front loaders. Its main function is to enable the lifting, lowering, and tilting of [&hellip;]<\/p>","protected":false},"featured_media":14765,"comment_status":"open","ping_status":"closed","template":"","meta":{"_et_pb_use_builder":"","_et_pb_old_content":"","_et_gb_content_width":""},"product_brand":[],"product_cat":[1494],"product_tag":[1495,1496],"class_list":{"0":"post-15144","1":"product","2":"type-product","3":"status-publish","4":"has-post-thumbnail","6":"product_cat-bucket-cylinders","7":"product_tag-bucket-cylinders","8":"product_tag-hydraulic-cylinders","10":"first","11":"instock","12":"shipping-taxable","13":"product-type-simple"},"amp_enabled":true,"_links":{"self":[{"href":"https:\/\/www.hydraulic-cylinders.net\/fr\/wp-json\/wp\/v2\/product\/15144","targetHints":{"allow":["GET"]}}],"collection":[{"href":"https:\/\/www.hydraulic-cylinders.net\/fr\/wp-json\/wp\/v2\/product"}],"about":[{"href":"https:\/\/www.hydraulic-cylinders.net\/fr\/wp-json\/wp\/v2\/types\/product"}],"replies":[{"embeddable":true,"href":"https:\/\/www.hydraulic-cylinders.net\/fr\/wp-json\/wp\/v2\/comments?post=15144"}],"wp:featuredmedia":[{"embeddable":true,"href":"https:\/\/www.hydraulic-cylinders.net\/fr\/wp-json\/wp\/v2\/media\/14765"}],"wp:attachment":[{"href":"https:\/\/www.hydraulic-cylinders.net\/fr\/wp-json\/wp\/v2\/media?parent=15144"}],"wp:term":[{"taxonomy":"product_brand","embeddable":true,"href":"https:\/\/www.hydraulic-cylinders.net\/fr\/wp-json\/wp\/v2\/product_brand?post=15144"},{"taxonomy":"product_cat","embeddable":true,"href":"https:\/\/www.hydraulic-cylinders.net\/fr\/wp-json\/wp\/v2\/product_cat?post=15144"},{"taxonomy":"product_tag","embeddable":true,"href":"https:\/\/www.hydraulic-cylinders.net\/fr\/wp-json\/wp\/v2\/product_tag?post=15144"}],"curies":[{"name":"wp","href":"https:\/\/api.w.org\/{rel}","templated":true}]}}