{"id":15145,"date":"2025-01-19T14:09:45","date_gmt":"2025-01-19T14:09:45","guid":{"rendered":"https:\/\/www.hydraulic-cylinders.net\/product\/bucket-cylinder-for-komatsu-large-excavator-pc850-8\/"},"modified":"2025-01-19T14:09:47","modified_gmt":"2025-01-19T14:09:47","slug":"bucket-cylinder-for-komatsu-large-excavator-pc850-8","status":"publish","type":"product","link":"https:\/\/www.hydraulic-cylinders.net\/fr\/produit\/bucket-cylinder-for-komatsu-large-excavator-pc850-8\/","title":{"rendered":"V\u00e9rin de godet pour pelle Komatsu PC850-8"},"content":{"rendered":"<h2>Introduction<\/h2>\n<h3>V\u00e9rin de godet pour pelle Komatsu PC850-8<\/h3>\n<p>Un v\u00e9rin de godet est un v\u00e9rin hydraulique sp\u00e9cialement con\u00e7u pour commander les mouvements du godet sur les engins de chantier tels que les pelles hydrauliques, les chargeuses-pelleteuses et les chargeuses frontales. Sa fonction principale est de permettre au godet de se lever, de s'abaisser et de s'incliner pour diverses op\u00e9rations de manutention. Au sein du syst\u00e8me hydraulique, le v\u00e9rin de godet assure un contr\u00f4le pr\u00e9cis des mouvements du godet, permettant ainsi aux op\u00e9rateurs de manipuler efficacement des charges lourdes et de s'adapter \u00e0 des environnements de travail complexes et \u00e0 des exigences vari\u00e9es.<\/p>\n<p><img decoding=\"async\" src=\"https:\/\/www.hydraulic-cylinders.net\/wp-content\/uploads\/2025\/01\/songte-company-2.webp\" alt=\"Image du cylindre du godet\"\/><\/p>\n<h2>Caract\u00e9ristiques<\/h2>\n<ul>\n<li>\n<h3>Haute r\u00e9sistance et durabilit\u00e9<\/h3>\n<p>Le v\u00e9rin du godet est g\u00e9n\u00e9ralement fabriqu\u00e9 en acier ou en aluminium \u00e0 haute r\u00e9sistance, capable de supporter une pression \u00e9lev\u00e9e et des charges importantes, et con\u00e7u en tenant compte de la r\u00e9sistance \u00e0 l'usure et \u00e0 la corrosion afin d'allonger sa dur\u00e9e de vie.<\/p>\n<\/li>\n<li>\n<h3>Fonctionnement hydraulique efficace<\/h3>\n<p>Le v\u00e9rin du godet utilise la pression de l'huile hydraulique pour assurer une extension et une r\u00e9traction fluides, une r\u00e9ponse rapide aux commandes et une force de pouss\u00e9e et de traction puissante, adapt\u00e9e \u00e0 la manutention de charges lourdes et aux op\u00e9rations complexes.<\/p>\n<\/li>\n<li>\n<h3>Diff\u00e9rents types<\/h3>\n<p>Le v\u00e9rin du godet peut \u00eatre choisi en version simple effet (utilisant l'hydraulique dans une seule direction) ou double effet (utilisant l'hydraulique dans les deux directions) selon les besoins, et certains mod\u00e8les sont t\u00e9lescopiques, permettant une plus grande extension sans augmenter les dimensions ext\u00e9rieures, convenant aux applications avec un espace limit\u00e9.<\/p>\n<\/li>\n<li>\n<h3>Interchangeable avec des produits similaires<\/h3>\n<p>Notre v\u00e9rin de godet peut parfaitement remplacer les v\u00e9rins hydrauliques similaires, offrant ainsi une solution \u00e9conomique \u00e0 nos clients.<\/p>\n<\/li>\n<li>\n<h3>Personnalisable<\/h3>\n<p>Nous pouvons personnaliser le v\u00e9rin du godet selon vos besoins sp\u00e9cifiques.<\/p>\n<\/li>\n<\/ul>\n<p><img decoding=\"async\" src=\"https:\/\/www.hydraulic-cylinders.net\/wp-content\/uploads\/2025\/01\/songte-cylinder-head-with-all-kinds-excavator-models.webp\" alt=\"Image du cylindre du godet\"\/><\/p>\n<h2>Applications<\/h2>\n<p>Le v\u00e9rin \u00e0 godet est largement utilis\u00e9 dans diverses machines lourdes, telles que\u00a0:<\/p>\n<ul>\n<li>\n<h3>Excavateurs<\/h3>\n<p>Le v\u00e9rin du godet permet \u00e0 celui-ci de p\u00e9n\u00e9trer dans le sol pour l'excavation.<\/p>\n<\/li>\n<li>\n<h3>chargeuses-pelleteuses<\/h3>\n<p>Le v\u00e9rin du godet facilite \u00e0 la fois l'excavation et le levage.<\/p>\n<\/li>\n<li>\n<h3>Chargeuses frontales<\/h3>\n<p>Le v\u00e9rin du godet contribue \u00e0 lever et \u00e0 d\u00e9charger efficacement les mat\u00e9riaux.<\/p>\n<\/li>\n<\/ul>\n<h2>Consid\u00e9rations de conception et crit\u00e8res de s\u00e9lection<\/h2>\n<ul>\n<li>\n<h3>Capacit\u00e9 de charge<\/h3>\n<p>Le v\u00e9rin du godet doit avoir une capacit\u00e9 de charge suffisante pour r\u00e9sister \u00e0 des charges lourdes et \u00e0 une pression \u00e9lev\u00e9e.<\/p>\n<\/li>\n<li>\n<h3>Scellage<\/h3>\n<p>Le v\u00e9rin du godet n\u00e9cessite diff\u00e9rents joints d'\u00e9tanch\u00e9it\u00e9 pour \u00e9viter les fuites et garantir un fonctionnement fiable. Il est pr\u00e9f\u00e9rable de choisir des joints en mat\u00e9riaux r\u00e9sistants \u00e0 l'usure tels que le polyur\u00e9thane et le caoutchouc nitrile.<\/p>\n<\/li>\n<li>\n<h3>Durabilit\u00e9<\/h3>\n<p>Le v\u00e9rin du godet doit \u00eatre con\u00e7u en tenant compte de sa r\u00e9sistance \u00e0 l'usure et \u00e0 la corrosion afin de garantir une longue dur\u00e9e de vie. Le corps du v\u00e9rin et ses extr\u00e9mit\u00e9s filet\u00e9es doivent faire l'objet d'un usinage de pr\u00e9cision pour am\u00e9liorer leur r\u00e9sistance \u00e0 l'usure.<\/p>\n<\/li>\n<li>\n<h3>S\u00e9curit\u00e9<\/h3>\n<p>Le v\u00e9rin du godet doit \u00eatre conforme aux normes de s\u00e9curit\u00e9 et \u00eatre install\u00e9 et utilis\u00e9 correctement afin d'\u00e9viter les accidents.<\/p>\n<\/li>\n<li>\n<h3>Entretien<\/h3>\n<p>Le v\u00e9rin du godet doit \u00eatre facile \u00e0 entretenir et \u00e0 r\u00e9parer, et une inspection et une lubrification r\u00e9guli\u00e8res sont n\u00e9cessaires pour un fonctionnement efficace \u00e0 long terme.<\/p>\n<\/li>\n<\/ul>\n<p><img decoding=\"async\" src=\"https:\/\/www.hydraulic-cylinders.net\/wp-content\/uploads\/2025\/01\/songte-oil-pipes-and-spare-parts.webp\" alt=\"Image du cylindre du godet\"\/><\/p>\n<h2>Entretien et r\u00e9paration<\/h2>\n<p>Un entretien et des r\u00e9parations r\u00e9guliers sont essentiels pour garantir le fonctionnement efficace et s\u00fbr du v\u00e9rin du godet. Les t\u00e2ches d'entretien courantes comprennent\u00a0:<\/p>\n<ul>\n<li>\n<h3>Inspection r\u00e9guli\u00e8re<\/h3>\n<p>Inspectez r\u00e9guli\u00e8rement le v\u00e9rin du godet afin de d\u00e9tecter toute usure ou tout dommage et de pr\u00e9venir d'\u00e9ventuels probl\u00e8mes.<\/p>\n<\/li>\n<li>\n<h3>Lubrification<\/h3>\n<p>Appliquez r\u00e9guli\u00e8rement l'huile hydraulique appropri\u00e9e pour lubrifier le v\u00e9rin du godet et pr\u00e9venir l'usure et les fuites.<\/p>\n<\/li>\n<li>\n<h3>Remplacement du joint<\/h3>\n<p>Remplacez r\u00e9guli\u00e8rement les joints pour garantir un fonctionnement fiable et \u00e9viter les fuites.<\/p>\n<\/li>\n<li>\n<h3>V\u00e9rification de l'alignement<\/h3>\n<p>Lors de l'installation, alignez correctement le v\u00e9rin du godet afin d'\u00e9viter les accidents et de garantir un fonctionnement efficace.<\/p>\n<\/li>\n<li>\n<h3>Service de reconstruction<\/h3>\n<p>Nous proposons un service de remise en \u00e9tat pour les v\u00e9rins de godet us\u00e9s ou endommag\u00e9s afin de prolonger leur dur\u00e9e de vie et d'\u00e9viter les co\u00fbts de remplacement.<\/p>\n<\/li>\n<\/ul>\n<p><img decoding=\"async\" src=\"https:\/\/www.hydraulic-cylinders.net\/wp-content\/uploads\/2025\/01\/songte-chushion-collar.webp\" alt=\"Image du cylindre du godet\"\/><\/p>\n<h2>Consid\u00e9rations de s\u00e9curit\u00e9 et facteurs environnementaux<\/h2>\n<p>When using the bucket cylinder, safety measures such as wearing protective equipment, using appropriate lifting devices, and avoiding overload should be taken to prevent accidents. Environmental factors such as temperature, humidity, and corrosive substances should also be considered to ensure the bucket cylinder&#8217;s reliable operation and long service life.<\/p>\n<p><img decoding=\"async\" src=\"https:\/\/hzpt.com\/wp-content\/uploads\/2024\/11\/songte-company-1.webp\" alt=\"Image du cylindre du godet\"\/><\/p>\n<h2>Probl\u00e8mes courants et d\u00e9pannage<\/h2>\n<p>Les probl\u00e8mes courants du v\u00e9rin de godet incluent les fuites, l'usure et les dommages. Des conseils et solutions de d\u00e9pannage, tels que la v\u00e9rification des joints, le remplacement des pi\u00e8ces endommag\u00e9es et la remise en \u00e9tat, permettent de diagnostiquer et de r\u00e9soudre efficacement les probl\u00e8mes. Des mesures pr\u00e9ventives, comme l'inspection et la lubrification r\u00e9guli\u00e8res, contribuent \u00e0 r\u00e9duire les risques de dysfonctionnement.<\/p>\n<p><img decoding=\"async\" src=\"https:\/\/www.hydraulic-cylinders.net\/wp-content\/uploads\/2025\/01\/songte-bushings-with-all-kinds-of-excavator-models.webp\" alt=\"Image du cylindre du godet\"\/><\/p>\n<h2>\u00c0 propos de nous<\/h2>\n<p>Nous sommes un fabricant de v\u00e9rins hydrauliques offrant une large gamme de produits et figurant parmi les principaux fabricants et distributeurs de v\u00e9rins hydrauliques sur les march\u00e9s nationaux et internationaux. Notre engagement envers l'excellence repose sur des strat\u00e9gies de gestion de production industrialis\u00e9es au sein d'ateliers de fabrication de pointe. Nous optimisons constamment nos installations de production gr\u00e2ce \u00e0 une \u00e9quipe technique comp\u00e9tente, des \u00e9quipements de fabrication num\u00e9riques haut de gamme et des syst\u00e8mes de contr\u00f4le professionnels, perfectionnant ainsi notre ligne de production et notre capacit\u00e9 d'innovation pour r\u00e9pondre aux besoins vari\u00e9s de nos clients avec efficacit\u00e9, pr\u00e9cision et qualit\u00e9.<\/p>\n<p>Nous nous engageons \u00e0 fournir des produits et services professionnels, certifi\u00e9s \u00e0 l'\u00e9chelle internationale, personnalis\u00e9s et de haute qualit\u00e9, notamment\u00a0:<\/p>\n<ul>\n<li>\n<h3>Professionnalisme<\/h3>\n<p>Nous disposons d'une \u00e9quipe de professionnels exp\u00e9riment\u00e9s et qualifi\u00e9s, capables de fournir des conseils professionnels et un soutien technique.<\/p>\n<\/li>\n<li>\n<h3>Certification internationale<\/h3>\n<p>Nos produits ont obtenu des certifications internationales telles que ISO9001:2015, CE et RoHS, garantissant leur qualit\u00e9 et leur s\u00e9curit\u00e9.<\/p>\n<\/li>\n<li>\n<h3>Personnalisation<\/h3>\n<p>Nous pouvons personnaliser les v\u00e9rins hydrauliques selon des exigences sp\u00e9cifiques.<\/p>\n<\/li>\n<li>\n<h3>\u00c9quipements de production avanc\u00e9s<\/h3>\n<p>Nous disposons d'\u00e9quipements de production de pointe tels que des machines CNC, des tours et des rectifieuses, garantissant la pr\u00e9cision et l'efficacit\u00e9 de la fabrication.<\/p>\n<\/li>\n<li>\n<h3>Service apr\u00e8s-vente<\/h3>\n<p>Nous proposons des services apr\u00e8s-vente complets tels que la maintenance, la r\u00e9paration et le remplacement, garantissant ainsi le bon fonctionnement et l'efficacit\u00e9 des v\u00e9rins hydrauliques.<\/p>\n<\/li>\n<\/ul>\n<p><img decoding=\"async\" src=\"https:\/\/www.hydraulic-cylinders.net\/wp-content\/uploads\/2025\/01\/songte-company-3.webp\" alt=\"Image du cylindre du godet\"\/><\/p>\n<p>Auteur : lyl<\/p>","protected":false},"excerpt":{"rendered":"<p>Introduction Bucket Cylinder For Komatsu Large Excavator PC850-8 A bucket cylinder is a specially designed hydraulic cylinder used to control the movement of buckets in heavy machinery such as excavators, backhoe loaders, and front-end loaders. Its main function is to enable the bucket to lift, lower, and tilt for various material handling tasks. In the [&hellip;]<\/p>","protected":false},"featured_media":14762,"comment_status":"open","ping_status":"closed","template":"","meta":{"_et_pb_use_builder":"","_et_pb_old_content":"","_et_gb_content_width":""},"product_brand":[],"product_cat":[1494],"product_tag":[1495,1496],"class_list":{"0":"post-15145","1":"product","2":"type-product","3":"status-publish","4":"has-post-thumbnail","6":"product_cat-bucket-cylinders","7":"product_tag-bucket-cylinders","8":"product_tag-hydraulic-cylinders","10":"first","11":"instock","12":"shipping-taxable","13":"product-type-simple"},"amp_enabled":true,"_links":{"self":[{"href":"https:\/\/www.hydraulic-cylinders.net\/fr\/wp-json\/wp\/v2\/product\/15145","targetHints":{"allow":["GET"]}}],"collection":[{"href":"https:\/\/www.hydraulic-cylinders.net\/fr\/wp-json\/wp\/v2\/product"}],"about":[{"href":"https:\/\/www.hydraulic-cylinders.net\/fr\/wp-json\/wp\/v2\/types\/product"}],"replies":[{"embeddable":true,"href":"https:\/\/www.hydraulic-cylinders.net\/fr\/wp-json\/wp\/v2\/comments?post=15145"}],"wp:featuredmedia":[{"embeddable":true,"href":"https:\/\/www.hydraulic-cylinders.net\/fr\/wp-json\/wp\/v2\/media\/14762"}],"wp:attachment":[{"href":"https:\/\/www.hydraulic-cylinders.net\/fr\/wp-json\/wp\/v2\/media?parent=15145"}],"wp:term":[{"taxonomy":"product_brand","embeddable":true,"href":"https:\/\/www.hydraulic-cylinders.net\/fr\/wp-json\/wp\/v2\/product_brand?post=15145"},{"taxonomy":"product_cat","embeddable":true,"href":"https:\/\/www.hydraulic-cylinders.net\/fr\/wp-json\/wp\/v2\/product_cat?post=15145"},{"taxonomy":"product_tag","embeddable":true,"href":"https:\/\/www.hydraulic-cylinders.net\/fr\/wp-json\/wp\/v2\/product_tag?post=15145"}],"curies":[{"name":"wp","href":"https:\/\/api.w.org\/{rel}","templated":true}]}}