{"id":15148,"date":"2025-01-19T14:09:58","date_gmt":"2025-01-19T14:09:58","guid":{"rendered":"https:\/\/www.hydraulic-cylinders.net\/product\/bucket-cylinder-for-komatsu-large-excavator-pc650lc-8r-650lccse-8r\/"},"modified":"2025-01-19T14:10:00","modified_gmt":"2025-01-19T14:10:00","slug":"bucket-cylinder-for-komatsu-large-excavator-pc650lc-8r-650lccse-8r","status":"publish","type":"product","link":"https:\/\/www.hydraulic-cylinders.net\/fr\/produit\/bucket-cylinder-for-komatsu-large-excavator-pc650lc-8r-650lccse-8r\/","title":{"rendered":"V\u00e9rin de godet pour pelle Komatsu PC650LC-8R\/650LCCSE-8R"},"content":{"rendered":"<h1>V\u00e9rin de godet pour pelle Komatsu PC650LC-8R\/650LCCSE-8R<\/h1>\n<h2>Introduction<\/h2>\n<p>Le v\u00e9rin de godet est un v\u00e9rin hydraulique sp\u00e9cialement con\u00e7u pour contr\u00f4ler les mouvements du godet sur les engins de chantier tels que les pelles hydrauliques, les chargeuses-pelleteuses et les chargeuses frontales. Sa fonction principale est de permettre la lev\u00e9e, l'abaissement et l'inclinaison du godet, le rendant ainsi adapt\u00e9 \u00e0 diverses op\u00e9rations de manutention. Au sein du syst\u00e8me hydraulique, le v\u00e9rin de godet assure un contr\u00f4le pr\u00e9cis du godet gr\u00e2ce \u00e0 la variation de la pression d'huile hydraulique, permettant aux op\u00e9rateurs de manipuler efficacement des charges lourdes et de s'adapter \u00e0 des environnements de travail complexes et \u00e0 des exigences op\u00e9rationnelles vari\u00e9es.<\/p>\n<p><img decoding=\"async\" src=\"https:\/\/www.hydraulic-cylinders.net\/wp-content\/uploads\/2025\/01\/songte-company-2.webp\"><\/p>\n<h2>Caract\u00e9ristiques<\/h2>\n<ul>\n<li>Haute r\u00e9sistance et durabilit\u00e9 : g\u00e9n\u00e9ralement fabriqu\u00e9 en acier ou en aluminium \u00e0 haute r\u00e9sistance, capable de r\u00e9sister \u00e0 une pression \u00e9lev\u00e9e et \u00e0 des charges importantes, adapt\u00e9 aux environnements de travail difficiles, con\u00e7u en tenant compte de la r\u00e9sistance \u00e0 l'usure et \u00e0 la corrosion, prolongeant ainsi sa dur\u00e9e de vie.<\/li>\n<li>Fonctionnement hydraulique efficace\u00a0: extension et contraction fluides gr\u00e2ce \u00e0 la pression de l\u2019huile hydraulique, capable de r\u00e9pondre rapidement aux commandes, fournissant une force de pouss\u00e9e et de traction puissante, adapt\u00e9e \u00e0 la manutention de charges lourdes et \u00e0 des t\u00e2ches op\u00e9rationnelles complexes.<\/li>\n<li>Diff\u00e9rents types de v\u00e9rins peuvent \u00eatre s\u00e9lectionn\u00e9s en fonction des besoins op\u00e9rationnels\u00a0: \u00e0 simple effet (fonctionnement hydraulique dans un seul sens) ou \u00e0 double effet (fonctionnement hydraulique dans les deux sens). Certains mod\u00e8les sont t\u00e9lescopiques, ce qui permet une plus grande extension sans augmenter l\u2019encombrement, et convient donc aux applications o\u00f9 l\u2019espace est limit\u00e9.<\/li>\n<li>Facilement rempla\u00e7ables : nos produits peuvent parfaitement remplacer ces v\u00e9rins hydrauliques.<\/li>\n<\/ul>\n<p><img decoding=\"async\" src=\"https:\/\/www.hydraulic-cylinders.net\/wp-content\/uploads\/2025\/01\/songte-cylinder-head-with-all-kinds-excavator-models.webp\"><\/p>\n<h2>Applications<\/h2>\n<p>Le v\u00e9rin de godet est indispensable pour l'excavation, le chargement et le d\u00e9placement de terre ou de d\u00e9bris avec des engins de chantier tels que les pelles hydrauliques et les chargeuses-pelleteuses. Sur les chargeuses frontales, il permet de lever et d'incliner efficacement les mat\u00e9riaux. Il est \u00e9galement utilis\u00e9 sur les machines agricoles pour le chargement, le levage et le transport de terre, de foin et d'autres mat\u00e9riaux. Le v\u00e9rin de godet permet aux pelles hydrauliques de p\u00e9n\u00e9trer le sol pour les travaux d'excavation. Voici quelques exemples d'applications\u00a0:<\/p>\n<h3>Mat\u00e9riel de construction<\/h3>\n<p>Sur les excavatrices, les v\u00e9rins de godet sont indispensables pour creuser, charger et d\u00e9placer la terre ou les d\u00e9bris. Sur les chargeuses-pelleteuses, ils facilitent \u00e0 la fois l'excavation et le levage. Ils sont \u00e9galement essentiels sur les chargeuses frontales, o\u00f9 ils permettent de lever et de basculer efficacement les marchandises.<\/p>\n<h3>machines agricoles<\/h3>\n<p>Les v\u00e9rins de godet sont utilis\u00e9s sur les chargeuses frontales pour charger, soulever et transporter de la terre, du foin et d'autres mat\u00e9riaux. Ils sont \u00e9galement utilis\u00e9s dans divers types de machines agricoles.<\/p>\n<h3>Excavateurs<\/h3>\n<p>Les v\u00e9rins du godet permettent aux excavatrices de p\u00e9n\u00e9trer le sol pour effectuer des travaux d'excavation, ce qui est essentiel dans divers projets de construction et d'excavation.<\/p>\n<h3>chargeurs frontaux<\/h3>\n<p>Sur les chargeuses frontales, les v\u00e9rins du godet permettent de soulever et d'incliner efficacement les marchandises, ce qui est essentiel pour diverses op\u00e9rations de chargement et de d\u00e9chargement.<\/p>\n<h3>chargeuses-pelleteuses<\/h3>\n<p>Sur les chargeuses-pelleteuses, les v\u00e9rins du godet facilitent \u00e0 la fois les t\u00e2ches d'excavation et de levage, ce qui les rend id\u00e9ales pour divers projets de construction et d'excavation.<\/p>\n<p><img decoding=\"async\" src=\"https:\/\/www.hydraulic-cylinders.net\/wp-content\/uploads\/2025\/01\/songte-bushings-with-all-kinds-of-excavator-models.webp\"><\/p>\n<h2>Consid\u00e9rations de conception et normes de s\u00e9lection<\/h2>\n<p>Les v\u00e9rins de godet sont soumis \u00e0 de nombreuses consid\u00e9rations de conception et \u00e0 des normes de s\u00e9lection qui garantissent leur fonctionnalit\u00e9 et leur durabilit\u00e9.<\/p>\n<h3>capacit\u00e9 de charge<\/h3>\n<p>La capacit\u00e9 de charge des v\u00e9rins de godet est un aspect important de leur conception. Le v\u00e9rin doit pouvoir supporter des charges importantes et une pression \u00e9lev\u00e9e, ce qui rend indispensable l'utilisation de mat\u00e9riaux \u00e0 haute r\u00e9sistance pour sa fabrication.<\/p>\n<h3>propri\u00e9t\u00e9s d'\u00e9tanch\u00e9it\u00e9<\/h3>\n<p>Le v\u00e9rin du godet doit assurer une \u00e9tanch\u00e9it\u00e9 parfaite afin d'\u00e9viter les fuites d'huile hydraulique. Il doit utiliser des mat\u00e9riaux d'\u00e9tanch\u00e9it\u00e9 de haute qualit\u00e9, tels que des joints de piston et de tige en polyur\u00e9thane ou en caoutchouc nitrile. Un traitement de surface appropri\u00e9 et un usinage de pr\u00e9cision de la t\u00eate de v\u00e9rin et de la tige de piston permettent d'am\u00e9liorer consid\u00e9rablement l'\u00e9tanch\u00e9it\u00e9 et de pr\u00e9venir les fuites d'huile.<\/p>\n<h3>Durabilit\u00e9<\/h3>\n<p>Le v\u00e9rin du godet doit \u00eatre suffisamment robuste pour r\u00e9sister aux conditions de travail difficiles et \u00e0 l'usure. Il doit \u00eatre con\u00e7u avec des mat\u00e9riaux r\u00e9sistants \u00e0 l'usure et des rev\u00eatements anticorrosion afin d'allonger sa dur\u00e9e de vie.<\/p>\n<h3>S\u00e9curit\u00e9<\/h3>\n<p>Les v\u00e9rins de godet doivent \u00eatre con\u00e7us en tenant compte de la s\u00e9curit\u00e9. Ils doivent pouvoir r\u00e9sister \u00e0 une pression \u00e9lev\u00e9e et \u00e0 des charges importantes et \u00eatre \u00e9quip\u00e9s de dispositifs de s\u00e9curit\u00e9 tels que des soupapes de d\u00e9charge de pression afin de pr\u00e9venir les accidents.<\/p>\n<h3>Maintenabilit\u00e9<\/h3>\n<p>Les v\u00e9rins de godet doivent \u00eatre con\u00e7us pour faciliter la maintenance. Ils doivent \u00eatre faciles \u00e0 d\u00e9monter et \u00e0 remonter, et utiliser des pi\u00e8ces de rechange facilement disponibles. La qualit\u00e9 de l'\u00e9tat de surface et l'usinage de pr\u00e9cision des v\u00e9rins peuvent \u00e9galement simplifier les op\u00e9rations de maintenance, comme le remplacement et le r\u00e9glage des joints et des roulements.<\/p>\n<p><img decoding=\"async\" src=\"https:\/\/www.hydraulic-cylinders.net\/wp-content\/uploads\/2025\/01\/songte-oil-pipes-and-spare-parts.webp\"><\/p>\n<h2>\u00c9tanch\u00e9it\u00e9 et lubrification<\/h2>\n<p>Pour fonctionner efficacement, les v\u00e9rins de godet n\u00e9cessitent une \u00e9tanch\u00e9it\u00e9 et une lubrification ad\u00e9quates. Les joints de piston et de tige doivent \u00eatre fabriqu\u00e9s \u00e0 partir de mat\u00e9riaux de haute qualit\u00e9, tels que le polyur\u00e9thane ou le caoutchouc nitrile, afin de garantir une \u00e9tanch\u00e9it\u00e9 parfaite et d'\u00e9viter les fuites d'huile. La finition de surface du v\u00e9rin et l'usinage de pr\u00e9cision de la t\u00eate de v\u00e9rin et de la tige de piston optimisent l'\u00e9tanch\u00e9it\u00e9 et pr\u00e9viennent les fuites d'huile. Le v\u00e9rin doit \u00eatre lubrifi\u00e9 avec l'huile hydraulique appropri\u00e9e pour assurer son bon fonctionnement. Le niveau d'huile hydraulique doit \u00eatre r\u00e9guli\u00e8rement renouvel\u00e9 afin de maintenir les performances du v\u00e9rin.<\/p>\n<h2>Entretien et r\u00e9paration<\/h2>\n<p>L'inspection r\u00e9guli\u00e8re, la lubrification, le remplacement des joints et les contr\u00f4les d'\u00e9talonnage sont essentiels au bon fonctionnement du v\u00e9rin de godet. Une installation, une lubrification et un r\u00e9glage corrects sont indispensables pour prolonger sa dur\u00e9e de vie. Voici quelques op\u00e9rations d'entretien courantes\u00a0:<\/p>\n<h3>L'inspection<\/h3>\n<p>Des inspections r\u00e9guli\u00e8res permettent de pr\u00e9venir d'\u00e9ventuels probl\u00e8mes en d\u00e9tectant l'usure, les fuites et autres anomalies. Inspectez l'ext\u00e9rieur du cylindre pour rep\u00e9rer tout signe de dommage, de fuite ou d'usure. V\u00e9rifiez que les boulons de fixation du cylindre sont bien serr\u00e9s.<\/p>\n<h3>Lubrification<\/h3>\n<p>La lubrification est essentielle au bon fonctionnement du v\u00e9rin. Utilisez le type et la quantit\u00e9 d'huile hydraulique appropri\u00e9s pour lubrifier le v\u00e9rin et pr\u00e9venir les dommages dus au frottement et \u00e0 la chaleur.<\/p>\n<h3>remplacement du joint<\/h3>\n<p>Remplacez r\u00e9guli\u00e8rement les joints pour \u00e9viter les fuites d'huile et garantir une \u00e9tanch\u00e9it\u00e9 optimale. Utilisez des joints en polyur\u00e9thane ou en caoutchouc nitrile de haute qualit\u00e9 pour des performances et une \u00e9tanch\u00e9it\u00e9 optimales.<\/p>\n<h3>V\u00e9rification de l'\u00e9talonnage<\/h3>\n<p>Les contr\u00f4les d'\u00e9talonnage sont essentiels pour garantir que les performances du v\u00e9rin restent dans les limites acceptables. V\u00e9rifiez la course d'extension et de contraction du v\u00e9rin, les limites de pression et les autres param\u00e8tres critiques pour assurer des performances optimales.<\/p>\n<p><img decoding=\"async\" src=\"https:\/\/www.hydraulic-cylinders.net\/wp-content\/uploads\/2025\/01\/songte-chushion-collar.webp\"><\/p>\n<h2>Consid\u00e9rations de s\u00e9curit\u00e9 et facteurs environnementaux<\/h2>\n<p>Les v\u00e9rins de godet fonctionnent sous haute pression et peuvent pr\u00e9senter des risques importants pour la s\u00e9curit\u00e9 en cas de mauvaise manipulation. Les op\u00e9rateurs doivent imp\u00e9rativement respecter les consignes et proc\u00e9dures de s\u00e9curit\u00e9 lors de leur manipulation. Le strict respect des consignes de s\u00e9curit\u00e9 et un entretien r\u00e9gulier permettent de r\u00e9duire les risques d'accidents et de blessures. Les facteurs environnementaux tels que la temp\u00e9rature, l'humidit\u00e9 et les agents corrosifs peuvent \u00e9galement affecter les performances et la dur\u00e9e de vie des v\u00e9rins. Un choix judicieux des mat\u00e9riaux et des finitions permet d'att\u00e9nuer les effets de ces facteurs environnementaux.<\/p>\n<h2>D\u00e9pannage et probl\u00e8mes courants<\/h2>\n<p>Les v\u00e9rins de godet peuvent pr\u00e9senter divers probl\u00e8mes dus \u00e0 l'usure, aux fuites ou \u00e0 d'autres dysfonctionnements. Parmi les probl\u00e8mes courants, on retrouve les fuites d'huile, les joints endommag\u00e9s et les composants hydrauliques d\u00e9fectueux. Le d\u00e9pannage permet d'identifier la cause premi\u00e8re du probl\u00e8me et de pr\u00e9venir les incidents futurs. Un entretien appropri\u00e9, la r\u00e9paration et le remplacement des pi\u00e8ces endommag\u00e9es contribuent \u00e0 r\u00e9tablir le bon fonctionnement du v\u00e9rin. Voici quelques \u00e9tapes courantes de d\u00e9pannage\u00a0:<\/p>\n<h3>Diagnostic des probl\u00e8mes<\/h3>\n<p>Identifiez la cause du probl\u00e8me en inspectant le v\u00e9rin afin de d\u00e9tecter tout signe de dommage, d'usure, de fuite ou autre anomalie. V\u00e9rifiez la pression et le niveau de fluide du syst\u00e8me hydraulique. Inspectez les boulons de fixation du v\u00e9rin afin de d\u00e9celer tout signe de desserrage ou de dommage.<\/p>\n<h3>R\u00e9paration et remplacement<\/h3>\n<p>R\u00e9parer ou remplacer les pi\u00e8ces endommag\u00e9es. Remplacer les joints us\u00e9s ou endommag\u00e9s par des joints en polyur\u00e9thane ou en caoutchouc nitrile de haute qualit\u00e9. V\u00e9rifier l'\u00e9tanch\u00e9it\u00e9 et le bon fonctionnement du syst\u00e8me hydraulique et r\u00e9parer ou remplacer les composants endommag\u00e9s.<\/p>\n<h3>Mesures pr\u00e9ventives<\/h3>\n<p>Prenez des mesures pr\u00e9ventives pour r\u00e9duire les risques de probl\u00e8mes futurs. Un entretien, une inspection et des r\u00e9parations r\u00e9guliers permettent de pr\u00e9venir les fuites, l'usure et autres dysfonctionnements. Une installation, un \u00e9talonnage et une lubrification corrects contribuent \u00e9galement \u00e0 maintenir des performances optimales et \u00e0 prolonger la dur\u00e9e de vie du v\u00e9rin.<\/p>\n<h1>\u00c0 propos de nous<\/h1>\n<p>Nous sommes un fabricant et grossiste de premier plan de v\u00e9rins hydrauliques, sp\u00e9cialis\u00e9 dans les v\u00e9rins de remplacement. Notre vaste gamme de produits nous a permis de devenir un acteur majeur sur les march\u00e9s nationaux et internationaux. Soucieux de l'excellence, nous nous appuyons sur des strat\u00e9gies de gestion de production industrialis\u00e9es au sein de nos ateliers de fabrication ultramodernes. Nous am\u00e9liorons constamment notre plateforme de production, perfectionnons nos lignes de production et cultivons une forte capacit\u00e9 d'innovation. Nous nous engageons \u00e0 fournir \u00e0 nos clients des produits performants, pr\u00e9cis et de haute qualit\u00e9, r\u00e9pondant \u00e0 un large \u00e9ventail de besoins.<\/p>\n<p><img decoding=\"async\" src=\"https:\/\/hzpt.com\/wp-content\/uploads\/2024\/11\/songte-company-1.webp\"><\/p>\n<h2>Professionnalisme<\/h2>\n<p>Notre \u00e9quipe est compos\u00e9e d'ing\u00e9nieurs et de techniciens exp\u00e9riment\u00e9s, sp\u00e9cialis\u00e9s dans la fabrication de v\u00e9rins hydrauliques. Nous utilisons des technologies et des \u00e9quipements de pointe pour garantir une fabrication de haute qualit\u00e9 et un usinage de pr\u00e9cision.<\/p>\n<h2>Certification internationale<\/h2>\n<p>Nos produits r\u00e9pondent aux normes de qualit\u00e9 internationales et sont certifi\u00e9s ISO 9001:2015. Nous nous engageons \u00e0 fournir \u00e0 nos clients des produits de haute qualit\u00e9 conformes aux normes internationales.<\/p>\n<h2>Service de personnalisation<\/h2>\n<p>Nous proposons des solutions de v\u00e9rins hydrauliques sur mesure pour r\u00e9pondre aux besoins sp\u00e9cifiques de chaque client. Nos ing\u00e9nieurs exp\u00e9riment\u00e9s travaillent en \u00e9troite collaboration avec les clients afin de d\u00e9velopper des solutions personnalis\u00e9es qui r\u00e9pondent \u00e0 leurs exigences particuli\u00e8res.<\/p>\n<h2>Installations de production<\/h2>\n<p>Nos installations de production sont dot\u00e9es d'\u00e9quipements et de technologies de pointe, garantissant des processus de fabrication efficaces et de haute qualit\u00e9. Nous nous engageons \u00e0 utiliser les technologies et les \u00e9quipements les plus r\u00e9cents pour fabriquer des produits de haute qualit\u00e9.<\/p>\n<h2>Service apr\u00e8s-vente<\/h2>\n<p>Nous assurons un service apr\u00e8s-vente et une assistance pour garantir la satisfaction de nos clients. Nous proposons une gamme de services incluant la r\u00e9paration, le remplacement et la maintenance des v\u00e9rins hydrauliques.<\/p>\n<p><img decoding=\"async\" src=\"https:\/\/www.hydraulic-cylinders.net\/wp-content\/uploads\/2025\/01\/songte-company-3.webp\"><\/p>\n<p>Auteur : lyl<\/p>","protected":false},"excerpt":{"rendered":"<p>Bucket Cylinder For Komatsu Large Excavator PC650LC-8R\/650LCCSE-8R Introduction The bucket cylinder is a specially designed hydraulic cylinder used to control the movement of the bucket in heavy machinery such as excavators, backhoe loaders, and front loaders. Its main function is to enable the bucket to be lifted, lowered, and tilted, making it suitable for various [&hellip;]<\/p>","protected":false},"featured_media":14788,"comment_status":"open","ping_status":"closed","template":"","meta":{"_et_pb_use_builder":"","_et_pb_old_content":"","_et_gb_content_width":""},"product_brand":[],"product_cat":[1494],"product_tag":[1495,1496],"class_list":{"0":"post-15148","1":"product","2":"type-product","3":"status-publish","4":"has-post-thumbnail","6":"product_cat-bucket-cylinders","7":"product_tag-bucket-cylinders","8":"product_tag-hydraulic-cylinders","10":"first","11":"instock","12":"shipping-taxable","13":"product-type-simple"},"amp_enabled":true,"_links":{"self":[{"href":"https:\/\/www.hydraulic-cylinders.net\/fr\/wp-json\/wp\/v2\/product\/15148","targetHints":{"allow":["GET"]}}],"collection":[{"href":"https:\/\/www.hydraulic-cylinders.net\/fr\/wp-json\/wp\/v2\/product"}],"about":[{"href":"https:\/\/www.hydraulic-cylinders.net\/fr\/wp-json\/wp\/v2\/types\/product"}],"replies":[{"embeddable":true,"href":"https:\/\/www.hydraulic-cylinders.net\/fr\/wp-json\/wp\/v2\/comments?post=15148"}],"wp:featuredmedia":[{"embeddable":true,"href":"https:\/\/www.hydraulic-cylinders.net\/fr\/wp-json\/wp\/v2\/media\/14788"}],"wp:attachment":[{"href":"https:\/\/www.hydraulic-cylinders.net\/fr\/wp-json\/wp\/v2\/media?parent=15148"}],"wp:term":[{"taxonomy":"product_brand","embeddable":true,"href":"https:\/\/www.hydraulic-cylinders.net\/fr\/wp-json\/wp\/v2\/product_brand?post=15148"},{"taxonomy":"product_cat","embeddable":true,"href":"https:\/\/www.hydraulic-cylinders.net\/fr\/wp-json\/wp\/v2\/product_cat?post=15148"},{"taxonomy":"product_tag","embeddable":true,"href":"https:\/\/www.hydraulic-cylinders.net\/fr\/wp-json\/wp\/v2\/product_tag?post=15148"}],"curies":[{"name":"wp","href":"https:\/\/api.w.org\/{rel}","templated":true}]}}