{"id":15159,"date":"2025-01-19T14:10:49","date_gmt":"2025-01-19T14:10:49","guid":{"rendered":"https:\/\/www.hydraulic-cylinders.net\/product\/bucket-cylinder-for-komatsu-wheel-excavator-pw130es-6\/"},"modified":"2025-01-19T14:10:51","modified_gmt":"2025-01-19T14:10:51","slug":"bucket-cylinder-for-komatsu-wheel-excavator-pw130es-6","status":"publish","type":"product","link":"https:\/\/www.hydraulic-cylinders.net\/fr\/produit\/bucket-cylinder-for-komatsu-wheel-excavator-pw130es-6\/","title":{"rendered":"V\u00e9rin de godet pour pelle sur pneus Komatsu PW130ES-6"},"content":{"rendered":"<p><!DOCTYPE html><br \/>\n<html><\/p>\n<p><head><br \/>\n    <title>V\u00e9rin de godet pour pelle sur pneus Komatsu PW130ES-6<\/title><br \/>\n<\/head><\/p>\n<p><body><\/p>\n<h1>V\u00e9rin de godet pour pelle sur pneus Komatsu PW130ES-6<\/h1>\n<h2>D\u00e9finition du cylindre \u00e0 godet<\/h2>\n<p>Un v\u00e9rin de godet est un v\u00e9rin hydraulique sp\u00e9cialement con\u00e7u pour contr\u00f4ler les mouvements du godet sur les engins de chantier tels que les pelles hydrauliques, les chargeuses-pelleteuses et les chargeuses sur pneus. Sa fonction principale est de permettre au godet d'effectuer des op\u00e9rations de levage, d'abaissement et d'inclinaison, facilitant ainsi la manutention de divers mat\u00e9riaux. Au sein du syst\u00e8me hydraulique, le v\u00e9rin de godet assure un contr\u00f4le pr\u00e9cis du godet gr\u00e2ce aux variations de pression de l'huile hydraulique, permettant aux op\u00e9rateurs de manipuler efficacement des charges lourdes et de s'adapter \u00e0 des environnements de travail complexes et \u00e0 des exigences op\u00e9rationnelles vari\u00e9es.<\/p>\n<p>    <img decoding=\"async\" src=\"https:\/\/www.hydraulic-cylinders.net\/wp-content\/uploads\/2025\/01\/songte-company-2.webp\"><\/p>\n<h2>Caract\u00e9ristiques du v\u00e9rin de godet<\/h2>\n<ul>\n<li>Haute r\u00e9sistance et durabilit\u00e9 : g\u00e9n\u00e9ralement fabriqu\u00e9 en acier ou en aluminium \u00e0 haute r\u00e9sistance, capable de r\u00e9sister \u00e0 une pression \u00e9lev\u00e9e et \u00e0 des charges importantes, s'adaptant aux environnements de travail difficiles et con\u00e7u en tenant compte de la r\u00e9sistance \u00e0 l'usure et \u00e0 la corrosion afin d'allonger sa dur\u00e9e de vie.<\/li>\n<li>Fonctionnement hydraulique efficace : Utilisant la pression de l'huile hydraulique pour obtenir des mouvements d'extension et de r\u00e9traction fluides, capable de r\u00e9pondre rapidement aux commandes, fournissant des forces de pouss\u00e9e et de traction puissantes, adapt\u00e9 \u00e0 la manutention de charges lourdes et \u00e0 des t\u00e2ches op\u00e9rationnelles complexes.<\/li>\n<li>Diff\u00e9rents types\u00a0: Il est possible de choisir entre des v\u00e9rins simple effet (fonctionnement hydraulique dans un seul sens) ou double effet (fonctionnement hydraulique dans les deux sens) selon les besoins sp\u00e9cifiques. Certains mod\u00e8les sont t\u00e9lescopiques, ce qui permet une plus grande extension sans augmenter l\u2019encombrement, et convient aux applications o\u00f9 l\u2019espace est limit\u00e9.<\/li>\n<\/ul>\n<p>    <img decoding=\"async\" src=\"https:\/\/www.hydraulic-cylinders.net\/wp-content\/uploads\/2025\/01\/songte-cylinder-head-with-all-kinds-excavator-models.webp\"><\/p>\n<h2>Applications du v\u00e9rin \u00e0 godet<\/h2>\n<p>Les v\u00e9rins de godet trouvent des applications dans divers \u00e9quipements\u00a0:<\/p>\n<ul>\n<li>Mat\u00e9riel de construction\u00a0: Pr\u00e9sents dans les excavatrices, ils sont indispensables pour creuser, charger et d\u00e9placer la terre ou les d\u00e9bris. Dans les chargeuses-pelleteuses, les v\u00e9rins de godet participent \u00e0 la fois au creusement et au levage.<\/li>\n<li>Machines agricoles : utilis\u00e9es dans les chargeurs frontaux pour ramasser, soulever et transporter de la terre, du foin et d'autres mat\u00e9riaux.<\/li>\n<li>Excavatrices : Les v\u00e9rins du godet permettent le creusement en permettant au godet de p\u00e9n\u00e9trer dans le sol.<\/li>\n<li>Chargeuses sur pneus\u00a0: Sur les chargeuses sur pneus, elles facilitent le levage et l\u2019inclinaison pour un d\u00e9chargement efficace des marchandises.<\/li>\n<\/ul>\n<h2>Consid\u00e9rations de conception et crit\u00e8res de s\u00e9lection<\/h2>\n<p>Lors de la conception et de la s\u00e9lection des v\u00e9rins de godet, plusieurs facteurs doivent \u00eatre pris en compte\u00a0:<\/p>\n<ul>\n<li>Capacit\u00e9 de charge : Le cylindre doit pouvoir supporter la charge pr\u00e9vue sans d\u00e9faillance.<\/li>\n<li>\u00c9tanch\u00e9it\u00e9 : Diff\u00e9rents \u00e9l\u00e9ments d'\u00e9tanch\u00e9it\u00e9, tels que des joints de piston et des joints de tige fabriqu\u00e9s \u00e0 partir de mat\u00e9riaux r\u00e9sistants \u00e0 l'usure comme le polyur\u00e9thane ou le caoutchouc nitrile, doivent \u00eatre utilis\u00e9s pour assurer une \u00e9tanch\u00e9it\u00e9 correcte et \u00e9viter les fuites.<\/li>\n<li>Durabilit\u00e9 : Le corps du cylindre et les extr\u00e9mit\u00e9s filet\u00e9es doivent subir un traitement de pr\u00e9cision pour am\u00e9liorer leur r\u00e9sistance \u00e0 l'usure.<\/li>\n<li>S\u00e9curit\u00e9 : Des dispositifs de s\u00e9curit\u00e9 tels que des soupapes de d\u00e9charge de pression doivent \u00eatre int\u00e9gr\u00e9s afin d'\u00e9viter les surcharges et de garantir un fonctionnement s\u00fbr.<\/li>\n<li>Maintenance : Un acc\u00e8s facile pour la maintenance et la r\u00e9paration doit \u00eatre pris en compte, permettant un entretien efficace et minimisant les temps d'arr\u00eat.<\/li>\n<\/ul>\n<p>    <img decoding=\"async\" src=\"https:\/\/www.hydraulic-cylinders.net\/wp-content\/uploads\/2025\/01\/songte-oil-pipes-and-spare-parts.webp\"><\/p>\n<h2>\u00c9tanch\u00e9it\u00e9 et lubrification<\/h2>\n<p>Les v\u00e9rins de godet utilisent diff\u00e9rents types de joints, tels que des joints de piston et des joints de tige, fabriqu\u00e9s \u00e0 partir de mat\u00e9riaux r\u00e9sistants \u00e0 l'usure comme le polyur\u00e9thane ou le caoutchouc nitrile. Le corps du v\u00e9rin et ses extr\u00e9mit\u00e9s filet\u00e9es b\u00e9n\u00e9ficient d'un traitement de surface pr\u00e9cis pour une meilleure r\u00e9sistance \u00e0 l'usure. Une lubrification r\u00e9guli\u00e8re avec la quantit\u00e9 appropri\u00e9e d'huile hydraulique est indispensable pour garantir un fonctionnement optimal et prolonger la dur\u00e9e de vie du v\u00e9rin.<\/p>\n<h2>Maintenance et mesures pr\u00e9ventives<\/h2>\n<p>Une inspection r\u00e9guli\u00e8re et une maintenance pr\u00e9ventive sont essentielles pour garantir des performances optimales et une longue dur\u00e9e de vie aux v\u00e9rins de godet. Voici quelques mesures \u00e0 envisager\u00a0:<\/p>\n<ul>\n<li>Inspection r\u00e9guli\u00e8re du cylindre afin de d\u00e9tecter tout signe de dommage ou d'usure.<\/li>\n<li>Une lubrification ad\u00e9quate est essentielle pour assurer un fonctionnement fluide et pr\u00e9venir les probl\u00e8mes li\u00e9s au frottement.<\/li>\n<li>Remplacement p\u00e9riodique des joints pour assurer une \u00e9tanch\u00e9it\u00e9 optimale et pr\u00e9venir les fuites.<\/li>\n<li>Contr\u00f4les d'\u00e9talonnage pour garantir un fonctionnement pr\u00e9cis du cylindre.<\/li>\n<\/ul>\n<p>    <img decoding=\"async\" src=\"https:\/\/www.hydraulic-cylinders.net\/wp-content\/uploads\/2025\/01\/songte-chushion-collar.webp\"><\/p>\n<h2>Consid\u00e9rations de s\u00e9curit\u00e9 et facteurs environnementaux<\/h2>\n<p>Lors de l'utilisation de v\u00e9rins de godet, il est essentiel de privil\u00e9gier les mesures de s\u00e9curit\u00e9 afin de pr\u00e9venir les accidents et d'assurer le bien-\u00eatre des op\u00e9rateurs et du personnel environnant. Il convient de veiller au respect des proc\u00e9dures d'utilisation s\u00e9curitaires, \u00e0 la formation ad\u00e9quate des op\u00e9rateurs et \u00e0 la conformit\u00e9 aux consignes de s\u00e9curit\u00e9 \u00e9tablies par les organismes de r\u00e9glementation.<\/p>\n<h2>Diagnostic des pannes et probl\u00e8mes courants<\/h2>\n<p>En cas de dysfonctionnement du syst\u00e8me, il est important de diagnostiquer et de r\u00e9soudre rapidement le probl\u00e8me. Voici quelques probl\u00e8mes courants pouvant survenir\u00a0:<\/p>\n<ul>\n<li>Fuites : V\u00e9rifiez l'\u00e9tat des joints et des connexions, et remplacez ou resserrez-les en cons\u00e9quence.<\/li>\n<li>Mouvement lent ou irr\u00e9gulier\u00a0: inspectez le syst\u00e8me hydraulique pour d\u00e9tecter tout blocage ou niveau de fluide insuffisant, et rem\u00e9diez au probl\u00e8me en \u00e9liminant les obstructions ou en compl\u00e9tant le niveau de fluide.<\/li>\n<li>Bruit ou vibrations excessifs\u00a0: recherchez les causes possibles telles qu\u2019un mauvais alignement, des composants us\u00e9s ou une lubrification insuffisante, et prenez les mesures correctives appropri\u00e9es.<\/li>\n<\/ul>\n<p>    <img decoding=\"async\" src=\"https:\/\/www.hydraulic-cylinders.net\/wp-content\/uploads\/2025\/01\/songte-bushings-with-all-kinds-of-excavator-models.webp\"><\/p>\n<h2>T\u00e2ches de maintenance<\/h2>\n<p>Les t\u00e2ches d'entretien courantes des v\u00e9rins de godet comprennent\u00a0:<\/p>\n<ul>\n<li>Inspection r\u00e9guli\u00e8re pour identifier tout probl\u00e8me ou usure.<\/li>\n<li>Une lubrification appropri\u00e9e assure un fonctionnement fluide et minimise les frottements.<\/li>\n<li>Remplacement des joints pour assurer une \u00e9tanch\u00e9it\u00e9 optimale et pr\u00e9venir les fuites.<\/li>\n<li>Contr\u00f4les d'\u00e9talonnage pour garantir un fonctionnement pr\u00e9cis.<\/li>\n<\/ul>\n<h2>Importance d'une installation correcte<\/h2>\n<p>Une installation correcte des v\u00e9rins de godet est essentielle pour garantir leur performance optimale et leur long\u00e9vit\u00e9. Il est important d'aligner correctement le v\u00e9rin lors de l'installation. L'utilisation de supports de fixation appropri\u00e9s est recommand\u00e9e. Cet article pr\u00e9sente les proc\u00e9dures recommand\u00e9es pour l'inspection, la r\u00e9paration et le remplacement, ainsi que des conseils pour prolonger la dur\u00e9e de vie du v\u00e9rin de godet.<\/p>\n<p>    <img decoding=\"async\" src=\"https:\/\/www.hydraulic-cylinders.net\/wp-content\/uploads\/2025\/01\/songte-company-1.webp\"><\/p>\n<h2>Pr\u00e9sentation de l'entreprise<\/h2>\n<p>Nous sommes un fabricant de v\u00e9rins hydrauliques de remplacement et l'un des principaux fabricants et distributeurs en gros sur les march\u00e9s nationaux et internationaux. Notre gamme de produits est compl\u00e8te et nous nous engageons \u00e0 fournir une qualit\u00e9 irr\u00e9prochable et une gestion de production efficace. Gr\u00e2ce \u00e0 des \u00e9quipements de fabrication de pointe, des syst\u00e8mes de contr\u00f4le qualit\u00e9 performants et une \u00e9quipe de techniciens qualifi\u00e9s, nous am\u00e9liorons constamment nos processus de production et la qualit\u00e9 de nos produits afin de r\u00e9pondre aux besoins vari\u00e9s de nos clients.<\/p>\n<h3>Points forts de notre entreprise\u00a0:<\/h3>\n<ul>\n<li>Professionnalisme : Nous privil\u00e9gions l'expertise en mati\u00e8re de v\u00e9rins hydrauliques, garantissant des produits et des services de la plus haute qualit\u00e9.<\/li>\n<li>Certifications internationales\u00a0: Nos produits r\u00e9pondent aux normes internationales et sont soumis \u00e0 des processus de contr\u00f4le qualit\u00e9 rigoureux.<\/li>\n<li>Services de personnalisation\u00a0: Nous proposons des solutions personnalis\u00e9es pour r\u00e9pondre aux exigences sp\u00e9cifiques de nos clients.<\/li>\n<li>\u00c9quipements de production de pointe : Nous utilisons des \u00e9quipements de fabrication avanc\u00e9s pour garantir efficacit\u00e9 et pr\u00e9cision.<\/li>","protected":false},"excerpt":{"rendered":"<p>Bucket Cylinder For Komatsu Wheel Excavator PW130ES-6 Bucket Cylinder For Komatsu Wheel Excavator PW130ES-6 Definition of Bucket Cylinder A bucket cylinder is a specially designed hydraulic cylinder used to control the movement of the bucket in heavy machinery such as excavators, backhoe excavators, and wheel loaders. Its main function is to enable the bucket to [&hellip;]<\/p>","protected":false},"featured_media":14765,"comment_status":"open","ping_status":"closed","template":"","meta":{"_et_pb_use_builder":"","_et_pb_old_content":"","_et_gb_content_width":""},"product_brand":[],"product_cat":[1494],"product_tag":[1495,1496],"class_list":{"0":"post-15159","1":"product","2":"type-product","3":"status-publish","4":"has-post-thumbnail","6":"product_cat-bucket-cylinders","7":"product_tag-bucket-cylinders","8":"product_tag-hydraulic-cylinders","10":"first","11":"instock","12":"shipping-taxable","13":"product-type-simple"},"amp_enabled":true,"_links":{"self":[{"href":"https:\/\/www.hydraulic-cylinders.net\/fr\/wp-json\/wp\/v2\/product\/15159","targetHints":{"allow":["GET"]}}],"collection":[{"href":"https:\/\/www.hydraulic-cylinders.net\/fr\/wp-json\/wp\/v2\/product"}],"about":[{"href":"https:\/\/www.hydraulic-cylinders.net\/fr\/wp-json\/wp\/v2\/types\/product"}],"replies":[{"embeddable":true,"href":"https:\/\/www.hydraulic-cylinders.net\/fr\/wp-json\/wp\/v2\/comments?post=15159"}],"wp:featuredmedia":[{"embeddable":true,"href":"https:\/\/www.hydraulic-cylinders.net\/fr\/wp-json\/wp\/v2\/media\/14765"}],"wp:attachment":[{"href":"https:\/\/www.hydraulic-cylinders.net\/fr\/wp-json\/wp\/v2\/media?parent=15159"}],"wp:term":[{"taxonomy":"product_brand","embeddable":true,"href":"https:\/\/www.hydraulic-cylinders.net\/fr\/wp-json\/wp\/v2\/product_brand?post=15159"},{"taxonomy":"product_cat","embeddable":true,"href":"https:\/\/www.hydraulic-cylinders.net\/fr\/wp-json\/wp\/v2\/product_cat?post=15159"},{"taxonomy":"product_tag","embeddable":true,"href":"https:\/\/www.hydraulic-cylinders.net\/fr\/wp-json\/wp\/v2\/product_tag?post=15159"}],"curies":[{"name":"wp","href":"https:\/\/api.w.org\/{rel}","templated":true}]}}