{"id":15168,"date":"2025-01-19T14:11:26","date_gmt":"2025-01-19T14:11:26","guid":{"rendered":"https:\/\/www.hydraulic-cylinders.net\/product\/bucket-cylinder-for-sumitomo-small-excavator-sh100a1a2a3\/"},"modified":"2025-01-19T14:11:28","modified_gmt":"2025-01-19T14:11:28","slug":"bucket-cylinder-for-sumitomo-small-excavator-sh100a1a2a3","status":"publish","type":"product","link":"https:\/\/www.hydraulic-cylinders.net\/fr\/produit\/bucket-cylinder-for-sumitomo-small-excavator-sh100a1a2a3\/","title":{"rendered":"Cylindre de godet pour mini-pelle Sumitomo SH100A1A2A3"},"content":{"rendered":"<h1>Cylindre de godet pour mini-pelle Sumitomo SH100A1A2A3<\/h1>\n<h2>Introduction<\/h2>\n<p>Le v\u00e9rin de godet pour mini-pelle Sumitomo SH100A1A2A3 est un v\u00e9rin hydraulique sp\u00e9cialis\u00e9 con\u00e7u pour contr\u00f4ler les mouvements du godet sur les engins de chantier tels que les pelles, les chargeuses-pelleteuses et les chargeuses frontales. Sa fonction principale est de permettre la lev\u00e9e, l'abaissement et l'inclinaison du godet, facilitant ainsi la manutention de divers mat\u00e9riaux. Le v\u00e9rin de godet assure un contr\u00f4le pr\u00e9cis des mouvements du godet gr\u00e2ce aux variations de pression d'huile hydraulique dans le circuit hydraulique, permettant aux op\u00e9rateurs de manipuler efficacement des charges lourdes et de s'adapter \u00e0 des environnements de travail complexes et \u00e0 des exigences vari\u00e9es.<\/p>\n<p><img decoding=\"async\" src=\"https:\/\/www.hydraulic-cylinders.net\/wp-content\/uploads\/2025\/01\/songte-company-2.webp\"><\/p>\n<h2>Caract\u00e9ristiques<\/h2>\n<ul>\n<li>Haute r\u00e9sistance et durabilit\u00e9 : G\u00e9n\u00e9ralement fabriqu\u00e9 en acier ou en aluminium \u00e0 haute r\u00e9sistance, il peut supporter une pression \u00e9lev\u00e9e et des charges importantes, s'adapter aux environnements de travail difficiles et est con\u00e7u pour r\u00e9sister \u00e0 l'usure et \u00e0 la corrosion afin d'allonger sa dur\u00e9e de vie.<\/li>\n<li>Fonctionnement hydraulique efficace\u00a0: l\u2019extension et la contraction sont r\u00e9alis\u00e9es en douceur gr\u00e2ce \u00e0 la pression de l\u2019huile hydraulique. Le syst\u00e8me r\u00e9pond rapidement aux commandes, fournit des forces de pouss\u00e9e et de traction importantes et convient \u00e0 la manutention d\u2019objets lourds et aux t\u00e2ches complexes.<\/li>\n<li>Divers types de v\u00e9rins sont disponibles\u00a0: \u00e0 simple effet (actionnement hydraulique unidirectionnel) ou \u00e0 double effet (actionnement hydraulique bidirectionnel), selon les besoins. Certains mod\u00e8les sont t\u00e9lescopiques, ce qui permet une extension plus importante sans augmentation de l\u2019encombrement et les rend particuli\u00e8rement adapt\u00e9s aux espaces restreints.<\/li>\n<li>Facile \u00e0 installer : Notre entreprise peut fabriquer ce produit, et celui-ci peut parfaitement remplacer ces v\u00e9rins hydrauliques.<\/li>\n<\/ul>\n<p><img decoding=\"async\" src=\"https:\/\/www.hydraulic-cylinders.net\/wp-content\/uploads\/2025\/01\/songte-cylinder-head-with-all-kinds-excavator-models.webp\"><\/p>\n<h2>Applications<\/h2>\n<p>Le v\u00e9rin \u00e0 godet a une large gamme d'applications, telles que\u00a0:<\/p>\n<ul>\n<li>Mat\u00e9riel de construction\u00a0: Sur les pelles hydrauliques, le v\u00e9rin du godet est essentiel pour l\u2019excavation, le chargement et le d\u00e9placement de la terre ou des d\u00e9bris. Sur les chargeuses-pelleteuses, le v\u00e9rin du godet contribue \u00e0 la fois au creusement et au levage. <\/li>\n<li>Machines agricoles : Utilis\u00e9es dans les chargeuses frontales, pour ramasser, soulever et transporter la terre, le foin et autres mat\u00e9riaux. <\/li>\n<li>Excavatrices : Le v\u00e9rin du godet assure l'excavation en permettant au godet de p\u00e9n\u00e9trer dans le sol.<\/li>\n<li>Chargeurs : Sur les chargeurs frontaux, ils permettent de soulever et de basculer efficacement les marchandises.<\/li>\n<\/ul>\n<p>Voici quelques exemples d'utilisation du v\u00e9rin \u00e0 godet dans diff\u00e9rentes applications\u00a0:<\/p>\n<h3>Mat\u00e9riel de construction<\/h3>\n<p>Sur les excavatrices, ils sont essentiels pour l'excavation, le chargement et le d\u00e9placement de la terre ou des d\u00e9bris. Sur les chargeuses-pelleteuses, le v\u00e9rin du godet contribue \u00e0 la fois au creusement et au levage.<\/p>\n<h3>machines agricoles<\/h3>\n<p>Utilis\u00e9 sur les chargeuses frontales, pour ramasser, soulever et transporter de la terre, du foin et d'autres mat\u00e9riaux.<\/p>\n<h3>Excavateurs<\/h3>\n<p>Le v\u00e9rin du godet assure l'action de creusement en permettant au godet de p\u00e9n\u00e9trer dans le sol.<\/p>\n<h3>Chargeurs<\/h3>\n<p>Dans les chargeuses frontales, elles permettent de soulever et d'incliner efficacement les marchandises.<\/p>\n<h2>Consid\u00e9rations de conception et crit\u00e8res de s\u00e9lection<\/h2>\n<h3>Capacit\u00e9 de charge<\/h3>\n<p>Le v\u00e9rin du godet est con\u00e7u pour supporter des charges importantes et une pression \u00e9lev\u00e9e. Les mat\u00e9riaux utilis\u00e9s, tels que l'acier \u00e0 haute r\u00e9sistance ou l'aluminium, sont choisis pour leur durabilit\u00e9 et leur r\u00e9sistance \u00e0 l'usure et \u00e0 la corrosion. <\/p>\n<h3>\u00c9tanch\u00e9it\u00e9 et durabilit\u00e9<\/h3>\n<p>Divers composants d'\u00e9tanch\u00e9it\u00e9, tels que les joints de piston et les joints de tige, assurent l'\u00e9tanch\u00e9it\u00e9 du cylindre hydraulique. Fabriqu\u00e9s en mat\u00e9riaux r\u00e9sistants \u00e0 l'usure comme le polyur\u00e9thane et le caoutchouc nitrile, ils sont usin\u00e9s avec pr\u00e9cision sur la surface int\u00e9rieure du corps du cylindre et l'extr\u00e9mit\u00e9 filet\u00e9e afin d'optimiser sa r\u00e9sistance \u00e0 l'usure. Un apport r\u00e9gulier d'huile hydraulique, en quantit\u00e9 appropri\u00e9e, est n\u00e9cessaire pour garantir la durabilit\u00e9 du cylindre.<\/p>\n<p><img decoding=\"async\" src=\"https:\/\/www.hydraulic-cylinders.net\/wp-content\/uploads\/2025\/01\/songte-oil-pipes-and-spare-parts.webp\"><\/p>\n<h2>Entretien et r\u00e9paration<\/h2>\n<p>Un entretien r\u00e9gulier et des mesures pr\u00e9ventives sont n\u00e9cessaires pour assurer le bon fonctionnement du v\u00e9rin du godet. Voici quelques t\u00e2ches importantes\u00a0:<\/p>\n<h3>Installation<\/h3>\n<p>Lors de l'installation du cylindre, il est essentiel de bien l'aligner et de pr\u00e9voir des supports de montage appropri\u00e9s pour le fixer en place.<\/p>\n<h3>Entretien<\/h3>\n<p>Les t\u00e2ches d'entretien r\u00e9gulier comprennent une lubrification ad\u00e9quate, la v\u00e9rification de l'usure et de l'\u00e9tanch\u00e9it\u00e9 des joints, et l'inspection du cylindre pour d\u00e9tecter tout signe de dommage ou de dysfonctionnement.<\/p>\n<h3>R\u00e9paration<\/h3>\n<p>En cas de dommage ou de dysfonctionnement, il peut \u00eatre n\u00e9cessaire de remplacer certains composants du v\u00e9rin ou de le remettre \u00e0 neuf enti\u00e8rement. Notre entreprise propose des pi\u00e8ces de rechange et des services de remise \u00e0 neuf afin de prolonger la dur\u00e9e de vie du v\u00e9rin et de r\u00e9duire les temps d'arr\u00eat.<\/p>\n<p><img decoding=\"async\" src=\"https:\/\/www.hydraulic-cylinders.net\/wp-content\/uploads\/2025\/01\/songte-chushion-collar.webp\"><\/p>\n<h2>Consid\u00e9rations de s\u00e9curit\u00e9 et facteurs environnementaux<\/h2>\n<p>Les mesures de s\u00e9curit\u00e9 sont essentielles lors de l'utilisation du v\u00e9rin de godet. Une formation ad\u00e9quate est n\u00e9cessaire pour garantir que les op\u00e9rateurs puissent utiliser le v\u00e9rin en toute s\u00e9curit\u00e9 et efficacement. Les facteurs environnementaux tels que la temp\u00e9rature et l'humidit\u00e9 peuvent \u00e9galement affecter les performances et la dur\u00e9e de vie du v\u00e9rin.<\/p>\n<h2>Probl\u00e8mes courants et d\u00e9pannage<\/h2>\n<p>Le v\u00e9rin du godet peut pr\u00e9senter divers probl\u00e8mes lors de son utilisation, tels que des fuites, du bruit ou un fonctionnement lent. Il est essentiel de diagnostiquer ces probl\u00e8mes avec pr\u00e9cision et efficacit\u00e9 afin de minimiser les temps d'arr\u00eat. Un entretien r\u00e9gulier et une installation correcte constituent \u00e9galement d'importantes mesures pr\u00e9ventives.<\/p>\n<p><img decoding=\"async\" src=\"https:\/\/www.hydraulic-cylinders.net\/wp-content\/uploads\/2025\/01\/songte-bushings-with-all-kinds-of-excavator-models.webp\"><\/p>\n<h2>\u00c0 propos de notre entreprise<\/h2>\n<p>Notre entreprise est un fabricant et grossiste de premier plan de v\u00e9rins hydrauliques sur les march\u00e9s nationaux et internationaux. Nous nous engageons \u00e0 fournir des produits d'excellente qualit\u00e9 et nous appuyons sur nos strat\u00e9gies de gestion de la production industrielle, notamment l'utilisation de technologies de pointe et de syst\u00e8mes de contr\u00f4le professionnels, pour am\u00e9liorer constamment nos plateformes de fabrication et la qualit\u00e9 de nos produits. Notre forte capacit\u00e9 d'innovation et de cr\u00e9ativit\u00e9 nous permet de r\u00e9pondre aux besoins vari\u00e9s de nos clients avec un haut niveau d'efficacit\u00e9, de pr\u00e9cision et de qualit\u00e9.<\/p>\n<h3>Professionnalisme<\/h3>\n<p>Nous disposons d'une \u00e9quipe de professionnels exp\u00e9riment\u00e9s qui s'engagent \u00e0 fournir les meilleures solutions pour r\u00e9pondre aux besoins de nos clients.<\/p>\n<h3>Certification internationale<\/h3>\n<p>Notre entreprise a obtenu diverses certifications internationales, telles que ISO9001, CE et SGS, garantissant que la qualit\u00e9 de nos produits r\u00e9pond aux normes internationales.<\/p>\n<h3>Personnalisation<\/h3>\n<p>Nous proposons des services personnalis\u00e9s pour r\u00e9pondre aux divers besoins de nos clients, notamment la conception, la production et l'emballage sur mesure, ainsi que des services apr\u00e8s-vente adapt\u00e9s.<\/p>\n<h3>\u00c9quipement de production<\/h3>\n<p>Notre entreprise utilise des \u00e9quipements de fabrication de pointe, tels que des machines CNC et des lignes d'assemblage automatis\u00e9es, afin de garantir une efficacit\u00e9 et une pr\u00e9cision \u00e9lev\u00e9es dans la production.<\/p>\n<h3>Service apr\u00e8s-vente<\/h3>\n<p>Nous assurons un service apr\u00e8s-vente professionnel pour aider nos clients \u00e0 r\u00e9soudre les probl\u00e8mes rencontr\u00e9s lors de l'utilisation de nos produits, et nous proposons \u00e9galement une assistance technique et des formations pour les aider \u00e0 am\u00e9liorer leurs comp\u00e9tences et leurs connaissances.<\/p>\n<p><img decoding=\"async\" src=\"https:\/\/www.hydraulic-cylinders.net\/wp-content\/uploads\/2025\/01\/songte-company-3.webp\"><\/p>\n<p>Auteur : lyl.<\/p>","protected":false},"excerpt":{"rendered":"<p>Bucket Cylinder For Sumitomo Small Excavator SH100A1A2A3 Introduction The bucket cylinder for Sumitomo small excavator SH100A1A2A3 is a specialized hydraulic cylinder designed to control the movement of the bucket in heavy machinery such as excavators, backhoe loaders, and front-end loaders. Its main function is to enable the bucket to lift, lower, and tilt, making it [&hellip;]<\/p>","protected":false},"featured_media":14780,"comment_status":"open","ping_status":"closed","template":"","meta":{"_et_pb_use_builder":"","_et_pb_old_content":"","_et_gb_content_width":""},"product_brand":[],"product_cat":[1494],"product_tag":[1495,1496],"class_list":{"0":"post-15168","1":"product","2":"type-product","3":"status-publish","4":"has-post-thumbnail","6":"product_cat-bucket-cylinders","7":"product_tag-bucket-cylinders","8":"product_tag-hydraulic-cylinders","10":"first","11":"instock","12":"shipping-taxable","13":"product-type-simple"},"amp_enabled":true,"_links":{"self":[{"href":"https:\/\/www.hydraulic-cylinders.net\/fr\/wp-json\/wp\/v2\/product\/15168","targetHints":{"allow":["GET"]}}],"collection":[{"href":"https:\/\/www.hydraulic-cylinders.net\/fr\/wp-json\/wp\/v2\/product"}],"about":[{"href":"https:\/\/www.hydraulic-cylinders.net\/fr\/wp-json\/wp\/v2\/types\/product"}],"replies":[{"embeddable":true,"href":"https:\/\/www.hydraulic-cylinders.net\/fr\/wp-json\/wp\/v2\/comments?post=15168"}],"wp:featuredmedia":[{"embeddable":true,"href":"https:\/\/www.hydraulic-cylinders.net\/fr\/wp-json\/wp\/v2\/media\/14780"}],"wp:attachment":[{"href":"https:\/\/www.hydraulic-cylinders.net\/fr\/wp-json\/wp\/v2\/media?parent=15168"}],"wp:term":[{"taxonomy":"product_brand","embeddable":true,"href":"https:\/\/www.hydraulic-cylinders.net\/fr\/wp-json\/wp\/v2\/product_brand?post=15168"},{"taxonomy":"product_cat","embeddable":true,"href":"https:\/\/www.hydraulic-cylinders.net\/fr\/wp-json\/wp\/v2\/product_cat?post=15168"},{"taxonomy":"product_tag","embeddable":true,"href":"https:\/\/www.hydraulic-cylinders.net\/fr\/wp-json\/wp\/v2\/product_tag?post=15168"}],"curies":[{"name":"wp","href":"https:\/\/api.w.org\/{rel}","templated":true}]}}