{"id":15174,"date":"2025-01-19T14:11:57","date_gmt":"2025-01-19T14:11:57","guid":{"rendered":"https:\/\/www.hydraulic-cylinders.net\/product\/bucket-cylinder-for-sumitomo-middle-excavator-sh200a1a2a3\/"},"modified":"2025-01-19T14:11:58","modified_gmt":"2025-01-19T14:11:58","slug":"bucket-cylinder-for-sumitomo-middle-excavator-sh200a1a2a3","status":"publish","type":"product","link":"https:\/\/www.hydraulic-cylinders.net\/fr\/produit\/bucket-cylinder-for-sumitomo-middle-excavator-sh200a1a2a3\/","title":{"rendered":"Cylindre de godet pour pelle hydraulique Sumitomo SH200A1A2A3"},"content":{"rendered":"<h1>Cylindre de godet pour pelle hydraulique Sumitomo SH200A1A2A3<\/h1>\n<h2>Introduction<\/h2>\n<p>Le v\u00e9rin de godet de la pelle moyenne Sumitomo SH200A1A2A3 est un v\u00e9rin hydraulique sp\u00e9cialis\u00e9 servant \u00e0 commander les mouvements du godet des engins de chantier tels que les pelles hydrauliques, les pelles r\u00e9tro et les chargeuses frontales. Son r\u00f4le principal est de faciliter les op\u00e9rations de manutention en permettant au godet de se lever, de s'abaisser et de s'incliner avec pr\u00e9cision. Dans les syst\u00e8mes hydrauliques, le v\u00e9rin de godet assure un contr\u00f4le pr\u00e9cis du godet gr\u00e2ce \u00e0 la variation de la pression d'huile hydraulique, permettant ainsi aux op\u00e9rateurs de manipuler efficacement des charges lourdes et de s'adapter \u00e0 des environnements de travail complexes et \u00e0 des exigences vari\u00e9es.<\/p>\n<p><img decoding=\"async\" src=\"https:\/\/www.hydraulic-cylinders.net\/wp-content\/uploads\/2025\/01\/songte-company-2.webp\" alt=\"Image du cylindre du godet\"><\/p>\n<h2>Caract\u00e9ristiques<\/h2>\n<ul>\n<li>\n<h3>Haute r\u00e9sistance et durabilit\u00e9<\/h3>\n<p>Le v\u00e9rin du godet est g\u00e9n\u00e9ralement fabriqu\u00e9 en acier ou en aluminium \u00e0 haute r\u00e9sistance, capable de supporter une pression \u00e9lev\u00e9e et des charges importantes, et con\u00e7u pour r\u00e9sister \u00e0 l'usure et \u00e0 la corrosion afin de prolonger sa dur\u00e9e de vie.<\/p>\n<\/li>\n<li>\n<h3>Fonctionnement hydraulique efficace<\/h3>\n<p>Le v\u00e9rin du godet utilise la pression de l'huile hydraulique pour assurer un mouvement t\u00e9lescopique fluide, r\u00e9pondre rapidement aux commandes, fournir des forces de pouss\u00e9e et de traction puissantes et convient \u00e0 la manutention de charges lourdes et \u00e0 des t\u00e2ches d'exploitation complexes.<\/p>\n<\/li>\n<li>\n<h3>Plusieurs types<\/h3>\n<p>Le v\u00e9rin du godet peut \u00eatre un v\u00e9rin hydraulique \u00e0 simple effet (utilisant l'hydraulique dans une seule direction) ou un v\u00e9rin hydraulique \u00e0 double effet (utilisant l'hydraulique dans les deux directions) selon les besoins, et certains mod\u00e8les sont t\u00e9lescopiques, permettant une plus grande extension sans augmenter les dimensions ext\u00e9rieures, convenant aux applications \u00e0 espace limit\u00e9.<\/p>\n<\/li>\n<li>\n<h3>Rempla\u00e7able<\/h3>\n<p>Notre entreprise peut fabriquer ce produit et celui-ci peut parfaitement remplacer ces v\u00e9rins hydrauliques.<\/p>\n<\/li>\n<li>\n<h3>Applications<\/h3>\n<p>Le v\u00e9rin \u00e0 godet peut \u00eatre utilis\u00e9 pour divers \u00e9quipements, tels que\u00a0:<\/p>\n<ul>\n<li>Mat\u00e9riel de construction\u00a0: Sur les excavatrices, le v\u00e9rin de godet est indispensable pour creuser, charger et d\u00e9placer la terre ou les d\u00e9bris. Sur les pelles r\u00e9trocaveuses, le v\u00e9rin de godet facilite le creusement et le levage. <\/li>\n<li>Machines agricoles : Utilis\u00e9es pour les chargeuses frontales, pour ramasser, soulever et transporter la terre, le foin et autres mat\u00e9riaux. <\/li>\n<li>Excavatrices : Le cylindre de la pelle permet l'excavation en permettant \u00e0 la pelle de p\u00e9n\u00e9trer dans le sol. <\/li>\n<li>Chargeurs : Sur les chargeurs frontaux, ils permettent de soulever et d'incliner efficacement les marchandises. <\/li>\n<\/ul>\n<\/li>\n<\/ul>\n<h2>Consid\u00e9rations de conception et crit\u00e8res de s\u00e9lection<\/h2>\n<p>Du point de vue de la conception, le v\u00e9rin du godet doit prendre en compte les \u00e9l\u00e9ments suivants\u00a0:<\/p>\n<ul>\n<li>\n<h3>Capacit\u00e9 de charge<\/h3>\n<p>Le v\u00e9rin du godet doit avoir une capacit\u00e9 de charge suffisante pour supporter la charge requise, afin d'\u00e9viter toute d\u00e9formation, fissure ou rupture pendant son fonctionnement. <\/p>\n<\/li>\n<li>\n<h3>\u00c9tanch\u00e9it\u00e9 et durabilit\u00e9<\/h3>\n<p>Le v\u00e9rin du godet doit assurer une \u00e9tanch\u00e9it\u00e9 parfaite, emp\u00eachant les fuites d'huile hydraulique et les infiltrations d'eau ou de boue. Il doit \u00eatre fabriqu\u00e9 \u00e0 partir de mat\u00e9riaux haute r\u00e9sistance et r\u00e9sistants \u00e0 l'usure, et son corps ainsi que la surface filet\u00e9e doivent \u00eatre usin\u00e9s avec pr\u00e9cision pour une meilleure r\u00e9sistance \u00e0 l'usure.<\/p>\n<\/li>\n<li>\n<h3>S\u00e9curit\u00e9 et entretien<\/h3>\n<p>Le v\u00e9rin du godet doit \u00eatre con\u00e7u en tenant compte de la s\u00e9curit\u00e9 et de la maintenance, afin de garantir qu'il ne provoque pas d'accidents pendant son fonctionnement et qu'il soit facile \u00e0 d\u00e9monter, \u00e0 inspecter et \u00e0 r\u00e9parer si n\u00e9cessaire. <\/p>\n<\/li>\n<\/ul>\n<p><img decoding=\"async\" src=\"https:\/\/www.hydraulic-cylinders.net\/wp-content\/uploads\/2025\/01\/songte-oil-pipes-and-spare-parts.webp\" alt=\"Image des pi\u00e8ces\"><\/p>\n<h2>\u00c9tanch\u00e9it\u00e9 et lubrification<\/h2>\n<p>The bucket cylinder uses various types of seals, such as piston seals, rod seals, etc. The sealing materials are typically made of wear-resistant materials such as polyurethane and nitrile rubber. The cylinder body and threaded end surface are finely processed to improve wear resistance and prolong the service life of the cylinder. Regularly adding an appropriate amount of hydraulic oil is necessary to maintain the bucket cylinder&#8217;s lubrication for smooth operation.<\/p>\n<h2>Entretien et r\u00e9paration<\/h2>\n<p>Un entretien et des r\u00e9parations appropri\u00e9s sont essentiels au bon fonctionnement et \u00e0 la s\u00e9curit\u00e9 du v\u00e9rin de godet. Les inspections r\u00e9guli\u00e8res, la lubrification ad\u00e9quate, le remplacement des joints et les contr\u00f4les d'\u00e9talonnage font partie des op\u00e9rations d'entretien courantes. Un alignement correct du v\u00e9rin lors de son installation est primordial, et l'utilisation de supports de fixation appropri\u00e9s est recommand\u00e9e. Nous vous conseillons de recourir \u00e0 nos programmes d'inspection, de r\u00e9paration et de remplacement afin d'optimiser la dur\u00e9e de vie du v\u00e9rin.<\/p>\n<p><img decoding=\"async\" src=\"https:\/\/www.hydraulic-cylinders.net\/wp-content\/uploads\/2025\/01\/songte-chushion-collar.webp\" alt=\"Image du collier coussin\u00e9\"><\/p>\n<h2>Consid\u00e9rations de s\u00e9curit\u00e9 et facteurs environnementaux<\/h2>\n<p>Lors de l'utilisation du v\u00e9rin de godet, il est essentiel de respecter les consignes de s\u00e9curit\u00e9, notamment le port d'\u00e9quipements de protection individuelle et la r\u00e9alisation d'un entretien r\u00e9gulier. Les facteurs environnementaux tels que la temp\u00e9rature, l'humidit\u00e9 et la poussi\u00e8re doivent \u00e9galement \u00eatre pris en compte, et des mesures de protection appropri\u00e9es doivent \u00eatre mises en \u0153uvre afin d'\u00e9viter tout dommage au v\u00e9rin.<\/p>\n<h2>Diagnostic et probl\u00e8mes courants<\/h2>\n<p>Les v\u00e9rins de godet peuvent pr\u00e9senter des probl\u00e8mes courants tels que des fuites d'huile, une r\u00e9ponse lente, une puissance insuffisante et des bruits anormaux. Notre entreprise propose des conseils et des solutions pour r\u00e9soudre ces probl\u00e8mes, notamment le remplacement des joints, le nettoyage de l'huile, ainsi que le diagnostic et la r\u00e9paration des probl\u00e8mes structurels.<\/p>\n<p><img decoding=\"async\" src=\"https:\/\/www.hydraulic-cylinders.net\/wp-content\/uploads\/2025\/01\/songte-bushings-with-all-kinds-of-excavator-models.webp\" alt=\"Image des bagues\"><\/p>\n<h2>\u00c0 propos de notre entreprise<\/h2>\n<p>Notre entreprise est sp\u00e9cialis\u00e9e dans la fabrication de v\u00e9rins hydrauliques de remplacement. Gr\u00e2ce \u00e0 une gamme compl\u00e8te de produits, nous sommes devenus l'un des principaux fabricants et distributeurs de v\u00e9rins hydrauliques sur les march\u00e9s nationaux et internationaux. Attach\u00e9s \u00e0 l'excellence, nous nous appuyons sur une gestion de production industrialis\u00e9e au sein d'un atelier de fabrication performant. Nous optimisons constamment nos processus de production afin de garantir la qualit\u00e9 de nos produits, et notre forte capacit\u00e9 d'innovation nous permet de proposer des solutions efficaces, pr\u00e9cises et performantes, r\u00e9pondant aux besoins vari\u00e9s de nos clients.<\/p>\n<p>Notre entreprise est sp\u00e9cialis\u00e9e dans la fourniture de services et d'\u00e9quipements de production professionnels, certifi\u00e9s \u00e0 l'international et personnalis\u00e9s. Notre service apr\u00e8s-vente comprend la maintenance r\u00e9guli\u00e8re, la lubrification, le remplacement des joints et les contr\u00f4les d'\u00e9talonnage. Nous recommandons d'utiliser nos programmes d'inspection, de r\u00e9paration et de remplacement afin d'optimiser la dur\u00e9e de vie de votre v\u00e9rin.<\/p>\n<p><img decoding=\"async\" src=\"https:\/\/hzpt.com\/wp-content\/uploads\/2024\/11\/songte-company-1.webp\" alt=\"Image de l&#039;entreprise\"><\/p>\n<p>Auteur : lyl<\/p>","protected":false},"excerpt":{"rendered":"<p>Bucket Cylinder For Sumitomo Middle Excavator SH200A1A2A3 Introduction The bucket cylinder for Sumitomo middle excavator SH200A1A2A3 is a specialized hydraulic cylinder used to control the movement of shovels in heavy machinery such as excavators, backhoe excavators, and front loaders. Its main purpose is to facilitate various material handling tasks by enabling the shovel to lift, [&hellip;]<\/p>","protected":false},"featured_media":14765,"comment_status":"open","ping_status":"closed","template":"","meta":{"_et_pb_use_builder":"","_et_pb_old_content":"","_et_gb_content_width":""},"product_brand":[],"product_cat":[1494],"product_tag":[1495,1496],"class_list":{"0":"post-15174","1":"product","2":"type-product","3":"status-publish","4":"has-post-thumbnail","6":"product_cat-bucket-cylinders","7":"product_tag-bucket-cylinders","8":"product_tag-hydraulic-cylinders","10":"first","11":"instock","12":"shipping-taxable","13":"product-type-simple"},"amp_enabled":true,"_links":{"self":[{"href":"https:\/\/www.hydraulic-cylinders.net\/fr\/wp-json\/wp\/v2\/product\/15174","targetHints":{"allow":["GET"]}}],"collection":[{"href":"https:\/\/www.hydraulic-cylinders.net\/fr\/wp-json\/wp\/v2\/product"}],"about":[{"href":"https:\/\/www.hydraulic-cylinders.net\/fr\/wp-json\/wp\/v2\/types\/product"}],"replies":[{"embeddable":true,"href":"https:\/\/www.hydraulic-cylinders.net\/fr\/wp-json\/wp\/v2\/comments?post=15174"}],"wp:featuredmedia":[{"embeddable":true,"href":"https:\/\/www.hydraulic-cylinders.net\/fr\/wp-json\/wp\/v2\/media\/14765"}],"wp:attachment":[{"href":"https:\/\/www.hydraulic-cylinders.net\/fr\/wp-json\/wp\/v2\/media?parent=15174"}],"wp:term":[{"taxonomy":"product_brand","embeddable":true,"href":"https:\/\/www.hydraulic-cylinders.net\/fr\/wp-json\/wp\/v2\/product_brand?post=15174"},{"taxonomy":"product_cat","embeddable":true,"href":"https:\/\/www.hydraulic-cylinders.net\/fr\/wp-json\/wp\/v2\/product_cat?post=15174"},{"taxonomy":"product_tag","embeddable":true,"href":"https:\/\/www.hydraulic-cylinders.net\/fr\/wp-json\/wp\/v2\/product_tag?post=15174"}],"curies":[{"name":"wp","href":"https:\/\/api.w.org\/{rel}","templated":true}]}}