{"id":15175,"date":"2025-01-19T14:12:01","date_gmt":"2025-01-19T14:12:01","guid":{"rendered":"https:\/\/www.hydraulic-cylinders.net\/product\/bucket-cylinder-for-sumitomo-middle-excavator-sh210-5\/"},"modified":"2025-01-19T14:12:03","modified_gmt":"2025-01-19T14:12:03","slug":"bucket-cylinder-for-sumitomo-middle-excavator-sh210-5","status":"publish","type":"product","link":"https:\/\/www.hydraulic-cylinders.net\/fr\/produit\/bucket-cylinder-for-sumitomo-middle-excavator-sh210-5\/","title":{"rendered":"Cylindre de godet pour pelle hydraulique Sumitomo SH210-5"},"content":{"rendered":"<h1>Cylindre de godet pour pelle hydraulique Sumitomo SH210-5<\/h1>\n<h2>Introduction<\/h2>\n<p>Le v\u00e9rin de godet de la pelle moyenne Sumitomo SH210-5 est un v\u00e9rin hydraulique sp\u00e9cialement con\u00e7u pour commander les mouvements du godet sur les engins de chantier tels que les pelles hydrauliques, les pelles r\u00e9tro et les chargeuses frontales. Sa fonction principale est de permettre la lev\u00e9e, l'abaissement et l'inclinaison du godet, le rendant ainsi adapt\u00e9 \u00e0 diverses op\u00e9rations de manutention. Au sein du syst\u00e8me hydraulique, le v\u00e9rin de godet exploite la variation de pression de l'huile hydraulique pour un contr\u00f4le pr\u00e9cis du godet, permettant aux op\u00e9rateurs de manipuler efficacement des charges lourdes et de s'adapter \u00e0 des environnements de travail complexes et \u00e0 des exigences vari\u00e9es.<\/p>\n<p><img decoding=\"async\" src=\"https:\/\/www.hydraulic-cylinders.net\/wp-content\/uploads\/2025\/01\/songte-company-2.webp\" alt=\"Cylindre de godet pour pelle hydraulique Sumitomo SH210-5\"><\/p>\n<h2>Caract\u00e9ristiques<\/h2>\n<ul>\n<li>\n<h3>Haute r\u00e9sistance et durabilit\u00e9<\/h3>\n<p>Le v\u00e9rin du godet est g\u00e9n\u00e9ralement fabriqu\u00e9 en acier haute r\u00e9sistance ou en aluminium, capable de supporter des pressions et des charges importantes, et adapt\u00e9 aux environnements de travail difficiles. Sa conception prend en compte la r\u00e9sistance \u00e0 l'usure et \u00e0 la corrosion, prolongeant ainsi sa dur\u00e9e de vie.<\/p>\n<\/li>\n<li>\n<h3>Fonctionnement hydraulique efficace<\/h3>\n<p>Utilisant la pression de l'huile hydraulique pour assurer une extension et une contraction fluides, le v\u00e9rin du godet peut r\u00e9pondre rapidement aux commandes de fonctionnement, fournissant une force de pouss\u00e9e et de traction importante, adapt\u00e9e \u00e0 la manutention de charges lourdes et aux t\u00e2ches complexes.<\/p>\n<\/li>\n<li>\n<h3>Divers types<\/h3>\n<p>Le v\u00e9rin du godet peut \u00eatre choisi en version simple effet (fonctionnant dans un seul sens) ou double effet (fonctionnant dans les deux sens) selon les besoins, afin de r\u00e9pondre \u00e0 diff\u00e9rentes exigences op\u00e9rationnelles. Certains mod\u00e8les sont t\u00e9lescopiques, permettant une plus grande extension sans augmenter les dimensions ext\u00e9rieures, ce qui les rend adapt\u00e9s aux espaces restreints.<\/p>\n<\/li>\n<li>\n<h3>Rempla\u00e7able<\/h3>\n<p>Nos produits peuvent parfaitement remplacer ces v\u00e9rins hydrauliques et nous sommes en mesure de fabriquer ce produit.<\/p>\n<\/li>\n<\/ul>\n<p><img decoding=\"async\" src=\"https:\/\/www.hydraulic-cylinders.net\/wp-content\/uploads\/2025\/01\/songte-cylinder-head-with-all-kinds-excavator-models.webp\" alt=\"Cylindre de godet pour pelle hydraulique Sumitomo SH210-5\"><\/p>\n<h2>Application<\/h2>\n<p>Le v\u00e9rin de godet est largement utilis\u00e9 dans diverses machines lourdes ; voici quelques applications typiques :<\/p>\n<ul>\n<li>\n<h3>Mat\u00e9riel de construction<\/h3>\n<p>Ils sont essentiels pour l'excavation, le chargement et le d\u00e9placement de terre ou de d\u00e9bris \u00e0 l'aide d'excavatrices et de pelles r\u00e9tro. Dans une pelle r\u00e9tro, le v\u00e9rin du godet contribue au creusement et au levage.<\/p>\n<\/li>\n<li>\n<h3>machines agricoles<\/h3>\n<p>Utilis\u00e9 sur les chargeuses frontales pour ramasser, soulever et transporter de la terre, du foin et d'autres mat\u00e9riaux. Sur les pelles hydrauliques, le v\u00e9rin du godet permet le creusement en autorisant la p\u00e9n\u00e9tration du godet dans le sol.<\/p>\n<\/li>\n<li>\n<h3>Chargeur<\/h3>\n<p>Sur les chargeuses frontales, elles permettent de soulever et d'incliner efficacement les charges.<\/p>\n<\/li>\n<\/ul>\n<h2>Normes de conception et de s\u00e9lection<\/h2>\n<ul>\n<li>\n<h3>Capacit\u00e9 de charge<\/h3>\n<p>La capacit\u00e9 de charge du v\u00e9rin du godet est un param\u00e8tre essentiel \u00e0 prendre en compte lors de sa conception. Il doit pouvoir supporter le poids de charges importantes et r\u00e9sister aux forces internes et externes en fonctionnement.<\/p>\n<\/li>\n<li>\n<h3>Scellage<\/h3>\n<p>L'\u00e9tanch\u00e9it\u00e9 du v\u00e9rin est essentielle pour pr\u00e9venir les fuites d'huile et la contamination du syst\u00e8me hydraulique. Elle repose sur diff\u00e9rents types de joints, notamment des joints de piston, des joints de tige et des joints en mat\u00e9riaux r\u00e9sistants \u00e0 l'usure comme le polyur\u00e9thane et le caoutchouc nitrile. Le corps du v\u00e9rin et la surface d'extr\u00e9mit\u00e9 du filetage b\u00e9n\u00e9ficient d'un usinage de pr\u00e9cision pour une meilleure r\u00e9sistance \u00e0 l'usure. Un remplissage r\u00e9gulier avec la quantit\u00e9 appropri\u00e9e d'huile hydraulique est n\u00e9cessaire pour assurer la lubrification du v\u00e9rin.<\/p>\n<\/li>\n<li>\n<h3>Durabilit\u00e9 et s\u00e9curit\u00e9<\/h3>\n<p>Le v\u00e9rin du godet doit \u00eatre robuste pour r\u00e9sister aux conditions de travail difficiles et aux charges lourdes. Il doit \u00e9galement prendre en compte des consid\u00e9rations de s\u00e9curit\u00e9 afin de garantir sa conformit\u00e9 aux normes de s\u00e9curit\u00e9 en cours d'utilisation. <\/p>\n<\/li>\n<li>\n<h3>Entretien<\/h3>\n<p>Le v\u00e9rin n\u00e9cessite une inspection p\u00e9riodique, une lubrification r\u00e9guli\u00e8re et le remplacement des joints pour garantir un fonctionnement optimal. Il requiert \u00e9galement un alignement pr\u00e9cis lors de son installation, \u00e0 l'aide de supports de fixation appropri\u00e9s.<\/p>\n<\/li>\n<\/ul>\n<p><img decoding=\"async\" src=\"https:\/\/www.hydraulic-cylinders.net\/wp-content\/uploads\/2025\/01\/songte-oil-pipes-and-spare-parts.webp\" alt=\"Cylindre de godet pour pelle hydraulique Sumitomo SH210-5\"><\/p>\n<h2>Guide d'entretien<\/h2>\n<p>Voici les t\u00e2ches d'entretien courantes pour les v\u00e9rins de godet\u00a0:<\/p>\n<ul>\n<li>\n<h3>Inspection r\u00e9guli\u00e8re<\/h3>\n<p>Inspectez r\u00e9guli\u00e8rement le cylindre afin de d\u00e9celer toute usure ou fuite.<\/p>\n<\/li>\n<li>\n<h3>Lubrification<\/h3>\n<p>Lubrifiez r\u00e9guli\u00e8rement le cylindre pour assurer un bon fonctionnement.<\/p>\n<\/li>\n<li>\n<h3>Remplacement des joints et v\u00e9rification de l'\u00e9talonnage<\/h3>\n<p>Remplacez les joints us\u00e9s et v\u00e9rifiez r\u00e9guli\u00e8rement l'\u00e9talonnage.<\/p>\n<\/li>\n<\/ul>\n<p>Il est important d'installer, de lubrifier et de r\u00e9gler correctement le v\u00e9rin lors de la mise en service afin d'assurer des performances optimales. Un guidage pr\u00e9cis pour l'alignement doit \u00eatre fourni lors de l'installation, et des supports de fixation appropri\u00e9s doivent \u00eatre utilis\u00e9s pour maintenir le v\u00e9rin en place. Nous recommandons de suivre les proc\u00e9dures d'inspection, de r\u00e9paration et de remplacement pr\u00e9conis\u00e9es afin de prolonger la dur\u00e9e de vie du v\u00e9rin de godet.<\/p>\n<p><img decoding=\"async\" src=\"https:\/\/www.hydraulic-cylinders.net\/wp-content\/uploads\/2025\/01\/songte-chushion-collar.webp\" alt=\"Cylindre de godet pour pelle hydraulique Sumitomo SH210-5\"><\/p>\n<h2>Consid\u00e9rations relatives \u00e0 la s\u00e9curit\u00e9 et \u00e0 l'environnement<\/h2>\n<p>Des mesures de s\u00e9curit\u00e9 appropri\u00e9es doivent \u00eatre prises lors de l'utilisation du v\u00e9rin de godet afin de pr\u00e9venir les blessures. Le v\u00e9rin ne doit \u00eatre utilis\u00e9 que par du personnel form\u00e9, muni d'\u00e9quipements de protection individuelle adapt\u00e9s et conform\u00e9ment aux r\u00e8gles de s\u00e9curit\u00e9. Les consid\u00e9rations environnementales comprennent l'\u00e9limination appropri\u00e9e de l'huile hydraulique usag\u00e9e et le respect des r\u00e9glementations environnementales pendant la production et l'exploitation.<\/p>\n<p><img decoding=\"async\" src=\"https:\/\/hzpt.com\/wp-content\/uploads\/2024\/11\/songte-company-1.webp\" alt=\"Cylindre de godet pour pelle hydraulique Sumitomo SH210-5\"><\/p>\n<h2>Diagnostic des pannes et probl\u00e8mes courants<\/h2>\n<p>Le v\u00e9rin du godet peut pr\u00e9senter des probl\u00e8mes courants, tels que des fuites d'huile, un fonctionnement d\u00e9grad\u00e9 et des bruits anormaux. Un graissage insuffisant et l'usure des joints sont des causes fr\u00e9quentes de ces probl\u00e8mes. Pour diagnostiquer et r\u00e9soudre ces probl\u00e8mes, nous vous recommandons de consulter un ing\u00e9nieur qualifi\u00e9 afin de garantir un diagnostic pr\u00e9cis et des solutions efficaces. Afin de pr\u00e9venir d'\u00e9ventuels probl\u00e8mes, nous vous sugg\u00e9rons de prendre des mesures pr\u00e9ventives, telles qu'une inspection p\u00e9riodique, une lubrification ad\u00e9quate et le remplacement des joints us\u00e9s.<\/p>\n<p><img decoding=\"async\" src=\"https:\/\/www.hydraulic-cylinders.net\/wp-content\/uploads\/2025\/01\/songte-bushings-with-all-kinds-of-excavator-models.webp\" alt=\"Cylindre de godet pour pelle hydraulique Sumitomo SH210-5\"><\/p>\n<h2>\u00c0 propos de notre entreprise<\/h2>\n<p>Nous sommes un fabricant de v\u00e9rins hydrauliques de remplacement, offrant une gamme compl\u00e8te de produits. Nous figurons parmi les principaux fabricants et distributeurs de v\u00e9rins hydrauliques sur les march\u00e9s nationaux et internationaux. Attach\u00e9s \u00e0 l'excellence, nous nous appuyons sur des strat\u00e9gies de gestion de la production industrialis\u00e9e, soutenues par des ateliers de fabrication de pointe. Nous am\u00e9liorons constamment nos installations de production afin d'optimiser la qualit\u00e9 de nos produits et nous nous distinguons par notre grande cr\u00e9ativit\u00e9. Notre objectif est de satisfaire les besoins vari\u00e9s de nos clients gr\u00e2ce \u00e0 une efficacit\u00e9, une pr\u00e9cision et une qualit\u00e9 irr\u00e9prochables.<\/p>\n<p>Notre entreprise est sp\u00e9cialis\u00e9e dans la fourniture de services professionnels, de services personnalis\u00e9s et de certifications internationales. Nous utilisons des \u00e9quipements de production de pointe et des syst\u00e8mes de test professionnels pour am\u00e9liorer la qualit\u00e9 de nos produits et assurer un service apr\u00e8s-vente complet. Nous am\u00e9liorons constamment notre capacit\u00e9 de production et la qualit\u00e9 de nos produits, ce qui nous a permis de gagner la confiance et les \u00e9loges de nos clients gr\u00e2ce \u00e0 l'excellence de nos produits et services.<\/p>\n<p><img decoding=\"async\" src=\"https:\/\/www.hydraulic-cylinders.net\/wp-content\/uploads\/2025\/01\/songte-company-3.webp\" alt=\"Cylindre de godet pour pelle hydraulique Sumitomo SH210-5\"><\/p>\n<p>Auteur : lyl.<\/p>","protected":false},"excerpt":{"rendered":"<p>Bucket Cylinder For Sumitomo Middle Excavator SH210-5 Introduction The bucket cylinder for Sumitomo middle excavator SH210-5 is a specially designed hydraulic cylinder used to control the movement of the bucket in heavy machinery such as excavators, backhoe excavators, and front-end loaders. Its main function is to enable the bucket to lift, lower, and tilt, making [&hellip;]<\/p>","protected":false},"featured_media":14762,"comment_status":"open","ping_status":"closed","template":"","meta":{"_et_pb_use_builder":"","_et_pb_old_content":"","_et_gb_content_width":""},"product_brand":[],"product_cat":[1494],"product_tag":[1495,1496],"class_list":{"0":"post-15175","1":"product","2":"type-product","3":"status-publish","4":"has-post-thumbnail","6":"product_cat-bucket-cylinders","7":"product_tag-bucket-cylinders","8":"product_tag-hydraulic-cylinders","10":"first","11":"instock","12":"shipping-taxable","13":"product-type-simple"},"amp_enabled":true,"_links":{"self":[{"href":"https:\/\/www.hydraulic-cylinders.net\/fr\/wp-json\/wp\/v2\/product\/15175","targetHints":{"allow":["GET"]}}],"collection":[{"href":"https:\/\/www.hydraulic-cylinders.net\/fr\/wp-json\/wp\/v2\/product"}],"about":[{"href":"https:\/\/www.hydraulic-cylinders.net\/fr\/wp-json\/wp\/v2\/types\/product"}],"replies":[{"embeddable":true,"href":"https:\/\/www.hydraulic-cylinders.net\/fr\/wp-json\/wp\/v2\/comments?post=15175"}],"wp:featuredmedia":[{"embeddable":true,"href":"https:\/\/www.hydraulic-cylinders.net\/fr\/wp-json\/wp\/v2\/media\/14762"}],"wp:attachment":[{"href":"https:\/\/www.hydraulic-cylinders.net\/fr\/wp-json\/wp\/v2\/media?parent=15175"}],"wp:term":[{"taxonomy":"product_brand","embeddable":true,"href":"https:\/\/www.hydraulic-cylinders.net\/fr\/wp-json\/wp\/v2\/product_brand?post=15175"},{"taxonomy":"product_cat","embeddable":true,"href":"https:\/\/www.hydraulic-cylinders.net\/fr\/wp-json\/wp\/v2\/product_cat?post=15175"},{"taxonomy":"product_tag","embeddable":true,"href":"https:\/\/www.hydraulic-cylinders.net\/fr\/wp-json\/wp\/v2\/product_tag?post=15175"}],"curies":[{"name":"wp","href":"https:\/\/api.w.org\/{rel}","templated":true}]}}