{"id":15177,"date":"2025-01-19T14:12:08","date_gmt":"2025-01-19T14:12:08","guid":{"rendered":"https:\/\/www.hydraulic-cylinders.net\/product\/bucket-cylinder-for-sumitomo-middle-excavator-sh240-5lr\/"},"modified":"2025-01-19T14:12:10","modified_gmt":"2025-01-19T14:12:10","slug":"bucket-cylinder-for-sumitomo-middle-excavator-sh240-5lr","status":"publish","type":"product","link":"https:\/\/www.hydraulic-cylinders.net\/fr\/produit\/bucket-cylinder-for-sumitomo-middle-excavator-sh240-5lr\/","title":{"rendered":"Cylindre de godet pour pelle moyenne Sumitomo SH240-5LR"},"content":{"rendered":"<h1>Cylindre de godet pour pelle moyenne Sumitomo SH240-5LR<\/h1>\n<h2>Introduction<\/h2>\n<p>Un v\u00e9rin de godet est un v\u00e9rin hydraulique sp\u00e9cialement con\u00e7u pour contr\u00f4ler les mouvements du godet sur les engins de chantier tels que les pelles hydrauliques, les chargeuses-pelleteuses et les chargeuses frontales. Sa fonction principale est de permettre la lev\u00e9e, l'abaissement et l'inclinaison du godet, facilitant ainsi diverses op\u00e9rations de manutention. Au sein du syst\u00e8me hydraulique, le v\u00e9rin de godet assure un contr\u00f4le pr\u00e9cis du godet en modulant la pression de l'huile hydraulique, permettant aux op\u00e9rateurs de manipuler efficacement des charges lourdes et de s'adapter \u00e0 des environnements de travail complexes et \u00e0 des exigences vari\u00e9es.<\/p>\n<p><img decoding=\"async\" src=\"https:\/\/www.hydraulic-cylinders.net\/wp-content\/uploads\/2025\/01\/songte-company-2.webp\" alt=\"Image du cylindre du godet\"><\/p>\n<h2>Caract\u00e9ristiques<\/h2>\n<ul>\n<li>\n<h3>Haute r\u00e9sistance et durabilit\u00e9<\/h3>\n<p>Les v\u00e9rins de godet sont g\u00e9n\u00e9ralement fabriqu\u00e9s en acier haute r\u00e9sistance ou en aluminium, ce qui leur permet de supporter des pressions et des charges importantes et de s'adapter aux environnements de travail difficiles. Leur conception prend en compte la r\u00e9sistance \u00e0 l'usure et \u00e0 la corrosion, prolongeant ainsi leur dur\u00e9e de vie.<\/p>\n<\/li>\n<li>\n<h3>Fonctionnement hydraulique efficace<\/h3>\n<p>Les v\u00e9rins de godet utilisent la pression de l'huile hydraulique pour assurer des mouvements d'extension et de contraction fluides, r\u00e9pondre rapidement aux commandes, fournir des forces de pouss\u00e9e et de traction puissantes et sont adapt\u00e9s \u00e0 la manutention de charges lourdes et \u00e0 des t\u00e2ches complexes.<\/p>\n<\/li>\n<li>\n<h3>Diff\u00e9rents types<\/h3>\n<p>Les v\u00e9rins de godet peuvent \u00eatre \u00e0 simple effet (actionnement hydraulique dans un seul sens) ou \u00e0 double effet (actionnement hydraulique dans les deux sens), selon les besoins. Certains mod\u00e8les sont t\u00e9lescopiques, ce qui permet une plus grande extension sans augmenter les dimensions ext\u00e9rieures et convient aux applications o\u00f9 l'espace est limit\u00e9.<\/p>\n<\/li>\n<li>\n<h3>Remplacement parfait<\/h3>\n<p>Nos produits peuvent parfaitement remplacer ces v\u00e9rins hydrauliques. Nous pouvons fabriquer ce produit.<\/p>\n<\/li>\n<\/ul>\n<p><img decoding=\"async\" src=\"https:\/\/www.hydraulic-cylinders.net\/wp-content\/uploads\/2025\/01\/songte-cylinder-head-with-all-kinds-excavator-models.webp\" alt=\"Image de remplacement du v\u00e9rin de godet\"><\/p>\n<h2>Applications<\/h2>\n<p>Les v\u00e9rins \u00e0 godet peuvent \u00eatre utilis\u00e9s dans diverses industries, notamment\u00a0:<\/p>\n<ul>\n<li>\n<h3>\u00c9quipement de construction<\/h3>\n<p>Sur les excavatrices, les v\u00e9rins de godet sont indispensables pour creuser, charger et d\u00e9placer la terre ou les d\u00e9bris. Sur les chargeuses-pelleteuses, les v\u00e9rins de godet servent \u00e0 la fois au creusement et au levage. <\/p>\n<\/li>\n<li>\n<h3>machines agricoles<\/h3>\n<p>Les v\u00e9rins de godet sont utilis\u00e9s sur les chargeuses frontales pour ramasser, soulever et transporter de la terre, du foin et d'autres mat\u00e9riaux. <\/p>\n<\/li>\n<li>\n<h3>Excavateurs<\/h3>\n<p>Le v\u00e9rin du godet permet \u00e0 celui-ci de p\u00e9n\u00e9trer dans le sol et d'effectuer le mouvement d'excavation. <\/p>\n<\/li>\n<li>\n<h3>Chargeur<\/h3>\n<p>Les v\u00e9rins de godet des chargeuses frontales permettent de lever et de d\u00e9charger efficacement les marchandises. <\/p>\n<\/li>\n<\/ul>\n<h2>Consid\u00e9rations de conception et normes de s\u00e9lection<\/h2>\n<p>Lors de la conception et de la s\u00e9lection des v\u00e9rins de godet, les ing\u00e9nieurs doivent prendre en compte les \u00e9l\u00e9ments suivants\u00a0:<\/p>\n<ul>\n<li>\n<h3>Capacit\u00e9 de charge<\/h3>\n<p>Le cylindre doit avoir une capacit\u00e9 de charge suffisante pour supporter le poids de la charge.<\/p>\n<\/li>\n<li>\n<h3>Performances d'\u00e9tanch\u00e9it\u00e9<\/h3>\n<p>Divers composants d'\u00e9tanch\u00e9it\u00e9, tels que les joints de piston et les joints de tige, doivent \u00eatre fabriqu\u00e9s \u00e0 partir de mat\u00e9riaux r\u00e9sistants \u00e0 l'usure comme le polyur\u00e9thane et le caoutchouc nitrile afin de garantir une bonne \u00e9tanch\u00e9it\u00e9 et d'\u00e9viter les fuites d'huile.<\/p>\n<\/li>\n<li>\n<h3>Durabilit\u00e9<\/h3>\n<p>Le cylindre doit \u00eatre con\u00e7u pour r\u00e9sister \u00e0 l'usure, \u00e0 la corrosion et \u00e0 d'autres formes de dommages sur une p\u00e9riode prolong\u00e9e.<\/p>\n<\/li>\n<li>\n<h3>S\u00e9curit\u00e9<\/h3>\n<p>Le cylindre doit \u00eatre s\u00fbr \u00e0 utiliser, avec des mesures de s\u00e9curit\u00e9 et des syst\u00e8mes d'avertissement appropri\u00e9s. <\/p>\n<\/li>\n<li>\n<h3>Maintenabilit\u00e9<\/h3>\n<p>Le cylindre doit \u00eatre facile \u00e0 entretenir, avec des pi\u00e8ces de rechange, des services de r\u00e9paration et de remise en \u00e9tat facilement disponibles.<\/p>\n<\/li>\n<\/ul>\n<p><img decoding=\"async\" src=\"https:\/\/www.hydraulic-cylinders.net\/wp-content\/uploads\/2025\/01\/songte-oil-pipes-and-spare-parts.webp\" alt=\"Image des pi\u00e8ces de rechange pour v\u00e9rin de godet\"><\/p>\n<h2>\u00c9tanch\u00e9it\u00e9 et lubrification<\/h2>\n<p>Les v\u00e9rins de godet n\u00e9cessitent diff\u00e9rents types de joints, tels que les joints de piston et les joints de tige, fabriqu\u00e9s dans des mat\u00e9riaux r\u00e9sistants \u00e0 l'usure comme le polyur\u00e9thane et le caoutchouc nitrile, assurant une \u00e9tanch\u00e9it\u00e9 optimale et pr\u00e9venant les fuites d'huile. Le corps du v\u00e9rin, la tige et les surfaces d'extr\u00e9mit\u00e9 du filetage sont usin\u00e9s avec pr\u00e9cision pour une meilleure r\u00e9sistance \u00e0 l'usure. Un appoint r\u00e9gulier d'huile hydraulique est n\u00e9cessaire pour la lubrification.<\/p>\n<h2>Entretien et r\u00e9paration<\/h2>\n<p>L'inspection r\u00e9guli\u00e8re et la maintenance pr\u00e9ventive sont essentielles pour garantir des performances optimales et une longue dur\u00e9e de vie aux v\u00e9rins de godet. Parmi les t\u00e2ches de maintenance courantes, on peut citer la lubrification ad\u00e9quate, le remplacement r\u00e9gulier des joints et les contr\u00f4les d'\u00e9talonnage. Une installation, une lubrification et un r\u00e9glage corrects sont cruciaux pour assurer la long\u00e9vit\u00e9 et la durabilit\u00e9 des v\u00e9rins de godet. Les conseils suivants peuvent vous aider \u00e0 diagnostiquer et \u00e0 r\u00e9soudre efficacement les probl\u00e8mes\u00a0:<\/p>\n<ul>\n<li>\n<h3>Inspection r\u00e9guli\u00e8re<\/h3>\n<p>Une inspection r\u00e9guli\u00e8re peut aider \u00e0 d\u00e9tecter les probl\u00e8mes potentiels avant qu'ils ne s'aggravent.<\/p>\n<\/li>\n<li>\n<h3>Lubrification ad\u00e9quate<\/h3>\n<p>Une lubrification ad\u00e9quate peut contribuer \u00e0 pr\u00e9venir l'usure et \u00e0 prolonger la dur\u00e9e de vie du cylindre.<\/p>\n<\/li>\n<li>\n<h3>Remplacement du joint<\/h3>\n<p>Un remplacement fr\u00e9quent des joints est n\u00e9cessaire pour garantir une \u00e9tanch\u00e9it\u00e9 optimale. <\/p>\n<\/li>\n<li>\n<h3>Installation et r\u00e9glage corrects<\/h3>\n<p>Une installation et un r\u00e9glage corrects du cylindre sont essentiels \u00e0 sa long\u00e9vit\u00e9 et \u00e0 sa durabilit\u00e9. <\/p>\n<\/li>\n<\/ul>\n<p><img decoding=\"async\" src=\"https:\/\/www.hydraulic-cylinders.net\/wp-content\/uploads\/2025\/01\/songte-chushion-collar.webp\" alt=\"Image d&#039;installation du v\u00e9rin de godet\"><\/p>\n<h2>Consid\u00e9rations de s\u00e9curit\u00e9 et facteurs environnementaux<\/h2>\n<p>Lors de l'utilisation de v\u00e9rins de godet, il est imp\u00e9ratif de respecter les consignes de s\u00e9curit\u00e9 afin de pr\u00e9venir les blessures et d'\u00e9viter d'endommager le mat\u00e9riel. Les facteurs environnementaux, tels que la temp\u00e9rature, l'humidit\u00e9 et la poussi\u00e8re, doivent \u00e9galement \u00eatre pris en compte et g\u00e9r\u00e9s pour garantir des performances optimales et une dur\u00e9e de vie maximale. <\/p>\n<h2>Diagnostic et d\u00e9pannage des pannes<\/h2>\n<p>Parmi les probl\u00e8mes courants des v\u00e9rins de godet, on retrouve les fuites d'huile, une pression insuffisante et une \u00e9tanch\u00e9it\u00e9 d\u00e9fectueuse. Un diagnostic et un d\u00e9pannage pr\u00e9cis permettent de r\u00e9soudre ces probl\u00e8mes rapidement et efficacement. Un entretien et une inspection r\u00e9guliers contribuent \u00e0 pr\u00e9venir leur apparition.<\/p>\n<p><img decoding=\"async\" src=\"https:\/\/www.hydraulic-cylinders.net\/wp-content\/uploads\/2025\/01\/songte-bushings-with-all-kinds-of-excavator-models.webp\" alt=\"Probl\u00e8mes de v\u00e9rin de godet (image)\"><\/p>\n<h2>\u00c0 propos de notre entreprise<\/h2>\n<p>Nous sommes un fabricant de v\u00e9rins hydrauliques de remplacement. Notre entreprise propose une gamme compl\u00e8te de produits et figure parmi les principaux fabricants et grossistes de v\u00e9rins hydrauliques sur les march\u00e9s nationaux et internationaux. Attach\u00e9s \u00e0 l'excellence, nous nous appuyons sur des strat\u00e9gies de gestion de la production industrielle rigoureuses et optimisons constamment nos processus gr\u00e2ce \u00e0 une \u00e9quipe technique comp\u00e9tente, des \u00e9quipements de pointe et des syst\u00e8mes de contr\u00f4le qualit\u00e9 performants. Forts d'une grande capacit\u00e9 d'innovation, nous r\u00e9pondons aux exigences vari\u00e9es de nos clients avec efficacit\u00e9, pr\u00e9cision et un souci constant de la qualit\u00e9. <\/p>\n<p><img decoding=\"async\" src=\"https:\/\/hzpt.com\/wp-content\/uploads\/2024\/11\/songte-company-1.webp\" alt=\"Image de l&#039;entreprise\"><\/p>\n<h3>Sp\u00e9cialit\u00e9<\/h3>\n<p>Nous sommes sp\u00e9cialis\u00e9s dans la production de v\u00e9rins hydrauliques, qui peuvent remplacer les v\u00e9rins d'origine.<\/p>\n<h3>Certification internationale<\/h3>\n<p>Nos produits ont obtenu les certifications ISO9001, CE et autres certifications internationales, garantissant leur qualit\u00e9 et leur fiabilit\u00e9. <\/p>\n<h3>Service de personnalisation<\/h3>\n<p>Notre entreprise propose des services personnalis\u00e9s pour r\u00e9pondre aux besoins sp\u00e9cifiques de ses clients.<\/p>\n<h3>\u00c9quipement de production<\/h3>\n<p>Notre atelier est \u00e9quip\u00e9 de tours \u00e0 commande num\u00e9rique de pointe, de centres d'usinage CNC et d'autres \u00e9quipements de haute pr\u00e9cision afin de garantir la qualit\u00e9 et la pr\u00e9cision de nos produits. <\/p>\n<h3>Service apr\u00e8s-vente<\/h3>\n<p>Nous offrons \u00e0 nos clients un excellent service apr\u00e8s-vente, comprenant la maintenance, la r\u00e9paration et le remplacement des produits.<\/p>\n<h4>Auteur : lyl<\/h4>","protected":false},"excerpt":{"rendered":"<p>Bucket Cylinder For Sumitomo Middle Excavator SH240-5LR Introduction A bucket cylinder is a specially designed hydraulic cylinder used to control the movement of the bucket in heavy machinery such as excavators, backhoe loaders, and front-end loaders. Its main function is to enable lifting, lowering and tilting of the bucket, thus facilitating various material handling tasks. [&hellip;]<\/p>","protected":false},"featured_media":14789,"comment_status":"open","ping_status":"closed","template":"","meta":{"_et_pb_use_builder":"","_et_pb_old_content":"","_et_gb_content_width":""},"product_brand":[],"product_cat":[1494],"product_tag":[1495,1496],"class_list":{"0":"post-15177","1":"product","2":"type-product","3":"status-publish","4":"has-post-thumbnail","6":"product_cat-bucket-cylinders","7":"product_tag-bucket-cylinders","8":"product_tag-hydraulic-cylinders","10":"first","11":"instock","12":"shipping-taxable","13":"product-type-simple"},"amp_enabled":true,"_links":{"self":[{"href":"https:\/\/www.hydraulic-cylinders.net\/fr\/wp-json\/wp\/v2\/product\/15177","targetHints":{"allow":["GET"]}}],"collection":[{"href":"https:\/\/www.hydraulic-cylinders.net\/fr\/wp-json\/wp\/v2\/product"}],"about":[{"href":"https:\/\/www.hydraulic-cylinders.net\/fr\/wp-json\/wp\/v2\/types\/product"}],"replies":[{"embeddable":true,"href":"https:\/\/www.hydraulic-cylinders.net\/fr\/wp-json\/wp\/v2\/comments?post=15177"}],"wp:featuredmedia":[{"embeddable":true,"href":"https:\/\/www.hydraulic-cylinders.net\/fr\/wp-json\/wp\/v2\/media\/14789"}],"wp:attachment":[{"href":"https:\/\/www.hydraulic-cylinders.net\/fr\/wp-json\/wp\/v2\/media?parent=15177"}],"wp:term":[{"taxonomy":"product_brand","embeddable":true,"href":"https:\/\/www.hydraulic-cylinders.net\/fr\/wp-json\/wp\/v2\/product_brand?post=15177"},{"taxonomy":"product_cat","embeddable":true,"href":"https:\/\/www.hydraulic-cylinders.net\/fr\/wp-json\/wp\/v2\/product_cat?post=15177"},{"taxonomy":"product_tag","embeddable":true,"href":"https:\/\/www.hydraulic-cylinders.net\/fr\/wp-json\/wp\/v2\/product_tag?post=15177"}],"curies":[{"name":"wp","href":"https:\/\/api.w.org\/{rel}","templated":true}]}}