{"id":15186,"date":"2025-01-19T14:12:44","date_gmt":"2025-01-19T14:12:44","guid":{"rendered":"https:\/\/www.hydraulic-cylinders.net\/product\/bucket-cylinder-for-sumitomo-large-excavator-sh350hb-3b\/"},"modified":"2025-01-19T14:12:52","modified_gmt":"2025-01-19T14:12:52","slug":"bucket-cylinder-for-sumitomo-large-excavator-sh350hb-3b","status":"publish","type":"product","link":"https:\/\/www.hydraulic-cylinders.net\/fr\/produit\/bucket-cylinder-for-sumitomo-large-excavator-sh350hb-3b\/","title":{"rendered":"Cylindre de godet pour pelle hydraulique Sumitomo SH350HB-3B"},"content":{"rendered":"<h1>Cylindre de godet pour pelle hydraulique Sumitomo SH350HB-3B<\/h1>\n<h2>Introduction<\/h2>\n<p>Le v\u00e9rin de godet de la pelle hydraulique Sumitomo SH350HB-3B est un v\u00e9rin sp\u00e9cialement con\u00e7u pour contr\u00f4ler les mouvements du godet sur les engins de chantier tels que les pelles hydrauliques, les chargeuses-pelleteuses et les chargeuses frontales. Sa fonction principale est de permettre la lev\u00e9e, l'abaissement et l'inclinaison du godet, facilitant ainsi diverses op\u00e9rations de manutention. Au sein du syst\u00e8me hydraulique, le v\u00e9rin de godet assure un contr\u00f4le pr\u00e9cis du godet gr\u00e2ce aux variations de pression de l'huile hydraulique, permettant aux op\u00e9rateurs de manipuler efficacement des charges lourdes et de s'adapter \u00e0 des environnements de travail complexes et \u00e0 des exigences op\u00e9rationnelles vari\u00e9es.<\/p>\n<p><img decoding=\"async\" src=\"https:\/\/www.hydraulic-cylinders.net\/wp-content\/uploads\/2025\/01\/songte-company-2.webp\" alt=\"V\u00e9rin de godet\"><\/p>\n<h2>Caract\u00e9ristiques<\/h2>\n<ul>\n<li>Haute r\u00e9sistance et durabilit\u00e9\u00a0: g\u00e9n\u00e9ralement fabriqu\u00e9 en acier ou en aluminium haute r\u00e9sistance, le v\u00e9rin de godet supporte les hautes pressions et les charges importantes, s\u2019adaptant ainsi aux environnements de travail difficiles. Sa conception assure une r\u00e9sistance \u00e0 l\u2019usure et \u00e0 la corrosion, prolongeant sa dur\u00e9e de vie.<\/li>\n<li>Fonctionnement hydraulique efficace\u00a0: gr\u00e2ce \u00e0 la pression de l\u2019huile hydraulique, le v\u00e9rin du godet assure des mouvements d\u2019extension et de r\u00e9traction fluides, permettant une r\u00e9ponse rapide aux commandes et fournissant des forces de pouss\u00e9e et de traction puissantes, adapt\u00e9es \u00e0 la manutention de charges lourdes et aux t\u00e2ches complexes.<\/li>\n<li>Diff\u00e9rents types\u00a0: Le v\u00e9rin du godet peut \u00eatre choisi en version simple effet (pression hydraulique dans un seul sens) ou double effet (pression hydraulique dans les deux sens), selon les besoins op\u00e9rationnels. Certains mod\u00e8les sont t\u00e9lescopiques, ce qui permet une plus grande extension sans augmenter les dimensions ext\u00e9rieures et convient aux applications dans des espaces restreints.<\/li>\n<li>Remplacement id\u00e9al : Nos produits peuvent parfaitement remplacer ces v\u00e9rins hydrauliques. <\/li>\n<\/ul>\n<p><img decoding=\"async\" src=\"https:\/\/www.hydraulic-cylinders.net\/wp-content\/uploads\/2025\/01\/songte-cylinder-head-with-all-kinds-excavator-models.webp\" alt=\"Remplacement\"><\/p>\n<h2>Applications<\/h2>\n<p>Le v\u00e9rin \u00e0 godet trouve ses applications dans divers \u00e9quipements\u00a0:<\/p>\n<ul>\n<li>Engins de chantier\u00a0: Sur les pelles hydrauliques, les v\u00e9rins sont indispensables pour l\u2019excavation, le chargement et le transport des mat\u00e9riaux. Sur les chargeuses-pelleteuses, le v\u00e9rin du godet sert \u00e0 la fois au creusement et au levage.<\/li>\n<li>Machines agricoles : Utilis\u00e9es dans les chargeuses frontales pour ramasser, soulever et transporter la terre, le foin et autres mat\u00e9riaux.<\/li>\n<li>Excavateurs : Le v\u00e9rin de godet permet les actions de creusement en permettant au godet de p\u00e9n\u00e9trer le sol.<\/li>\n<li>Chargeurs frontaux\u00a0: Sur les chargeurs frontaux, ils permettent de soulever et d\u2019incliner efficacement les marchandises.<\/li>\n<\/ul>\n<h2>Consid\u00e9rations de conception et crit\u00e8res de s\u00e9lection<\/h2>\n<p>Lors de la conception du v\u00e9rin de godet, plusieurs consid\u00e9rations cl\u00e9s et crit\u00e8res de s\u00e9lection sont pris en compte\u00a0:<\/p>\n<ul>\n<li>Capacit\u00e9 de charge : Le v\u00e9rin du godet est con\u00e7u pour supporter la capacit\u00e9 de charge requise.<\/li>\n<li>\u00c9tanch\u00e9it\u00e9\u00a0: Diff\u00e9rents composants d\u2019\u00e9tanch\u00e9it\u00e9, tels que les joints de piston et les joints de tige, sont utilis\u00e9s pour assurer une \u00e9tanch\u00e9it\u00e9 efficace. Ils sont fabriqu\u00e9s \u00e0 partir de mat\u00e9riaux r\u00e9sistants \u00e0 l\u2019usure, comme le polyur\u00e9thane et le caoutchouc nitrile.<\/li>\n<li>Durabilit\u00e9 : Le corps du cylindre et les extr\u00e9mit\u00e9s filet\u00e9es subissent un traitement de surface soign\u00e9 afin d'am\u00e9liorer la r\u00e9sistance \u00e0 l'usure.<\/li>\n<li>S\u00e9curit\u00e9 : La conception int\u00e8gre des dispositifs de s\u00e9curit\u00e9 pour garantir un fonctionnement s\u00fbr.<\/li>\n<li>Facilit\u00e9 d'entretien : Le v\u00e9rin du godet est con\u00e7u pour faciliter l'entretien et la r\u00e9paration.<\/li>\n<\/ul>\n<p><img decoding=\"async\" src=\"https:\/\/www.hydraulic-cylinders.net\/wp-content\/uploads\/2025\/01\/songte-oil-pipes-and-spare-parts.webp\" alt=\"\u00c9tanch\u00e9it\u00e9 et lubrification\"><\/p>\n<h2>Maintenance et mesures de pr\u00e9caution<\/h2>\n<p>Pour assurer la long\u00e9vit\u00e9 du v\u00e9rin du godet, des inspections r\u00e9guli\u00e8res et des mesures de maintenance pr\u00e9ventive doivent \u00eatre effectu\u00e9es\u00a0:<\/p>\n<ul>\n<li>Inspections r\u00e9guli\u00e8res\u00a0: v\u00e9rifiez tout signe de dommage ou d\u2019usure et rem\u00e9diez-y rapidement.<\/li>\n<li>Lubrification ad\u00e9quate\u00a0: Ajouter r\u00e9guli\u00e8rement une quantit\u00e9 appropri\u00e9e d\u2019huile hydraulique pour la lubrification.<\/li>\n<li>Remplacement des joints : Remplacez les joints si n\u00e9cessaire pour maintenir une \u00e9tanch\u00e9it\u00e9 efficace.<\/li>\n<li>Contr\u00f4les d'\u00e9talonnage\u00a0: V\u00e9rifier et \u00e9talonner p\u00e9riodiquement le v\u00e9rin du godet pour garantir son bon fonctionnement.<\/li>\n<\/ul>\n<p><img decoding=\"async\" src=\"https:\/\/www.hydraulic-cylinders.net\/wp-content\/uploads\/2025\/01\/songte-chushion-collar.webp\" alt=\"Entretien\"><\/p>\n<h2>Consid\u00e9rations de s\u00e9curit\u00e9 et facteurs environnementaux<\/h2>\n<p>Lors de l'utilisation du v\u00e9rin \u00e0 godet, il est primordial de respecter les mesures de s\u00e9curit\u00e9 afin de pr\u00e9venir les accidents et de tenir compte des facteurs environnementaux\u00a0:<\/p>\n<ul>\n<li>Respectez les consignes de s\u00e9curit\u00e9 et utilisez l'\u00e9quipement de protection individuelle appropri\u00e9.<\/li>\n<li>\u00c9liminez les fluides hydrauliques et autres mat\u00e9riaux de mani\u00e8re respectueuse de l'environnement.<\/li>\n<\/ul>\n<p><img decoding=\"async\" src=\"https:\/\/www.hydraulic-cylinders.net\/wp-content\/uploads\/2025\/01\/songte-bushings-with-all-kinds-of-excavator-models.webp\" alt=\"S\u00e9curit\u00e9 et environnement\"><\/p>\n<h2>D\u00e9pannage et probl\u00e8mes courants<\/h2>\n<p>Voici quelques conseils et solutions de d\u00e9pannage courants pour les probl\u00e8mes fr\u00e9quents li\u00e9s au v\u00e9rin du godet\u00a0:<\/p>\n<ul>\n<li>Probl\u00e8me\u00a0: Fuite. Solution\u00a0: V\u00e9rifier et remplacer les joints endommag\u00e9s.<\/li>\n<li>Probl\u00e8me\u00a0: Le v\u00e9rin ne s\u2019\u00e9tend\/ne se r\u00e9tracte pas. Solution\u00a0: V\u00e9rifiez le niveau et la pression du fluide hydraulique et recherchez tout blocage ou dysfonctionnement dans le syst\u00e8me.<\/li>\n<li>Probl\u00e8me\u00a0: Puissance insuffisante. Solution\u00a0: V\u00e9rifier la pression du syst\u00e8me hydraulique et rechercher toute restriction ou tout dysfonctionnement.<\/li>\n<\/ul>\n<p><img decoding=\"async\" src=\"https:\/\/hzpt.com\/wp-content\/uploads\/2024\/11\/songte-company-1.webp\" alt=\"D\u00e9pannage\"><\/p>\n<h2>\u00c0 propos de notre entreprise<\/h2>\n<p>Nous sommes un fabricant de v\u00e9rins hydrauliques de remplacement et l'un des principaux fabricants et distributeurs en gros sur les march\u00e9s nationaux et internationaux. Notre entreprise propose une gamme compl\u00e8te de produits et applique une strat\u00e9gie de gestion de la production industrialis\u00e9e, s'appuyant sur une qualit\u00e9 irr\u00e9prochable, des \u00e9quipements de fabrication de pointe et des syst\u00e8mes de contr\u00f4le professionnels. Nous am\u00e9liorons constamment notre plateforme de production afin d'atteindre un haut niveau d'efficacit\u00e9, de pr\u00e9cision et de qualit\u00e9, et ainsi r\u00e9pondre aux divers besoins de nos clients.<\/p>\n<p><img decoding=\"async\" src=\"https:\/\/www.hydraulic-cylinders.net\/wp-content\/uploads\/2025\/01\/songte-company-3.webp\" alt=\"Entreprise\"><\/p>\n<p>De l'expertise et des certifications internationales aux services personnalis\u00e9s, en passant par les \u00e9quipements de production et le service apr\u00e8s-vente, notre entreprise s'efforce de fournir les meilleures solutions pour r\u00e9pondre aux besoins de ses clients en mati\u00e8re de v\u00e9rins hydrauliques.<\/p>\n<p>Auteur : lyl<\/p>","protected":false},"excerpt":{"rendered":"<p>Bucket Cylinder For Sumitomo Large Excavator SH350HB-3B Introduction The bucket cylinder for Sumitomo large excavator SH350HB-3B is a specially designed hydraulic cylinder that is primarily used to control the movement of the bucket in heavy machinery such as excavators, backhoe loaders, and front loaders. Its main function is to enable the lifting, lowering, and tilting [&hellip;]<\/p>","protected":false},"featured_media":14773,"comment_status":"open","ping_status":"closed","template":"","meta":{"_et_pb_use_builder":"","_et_pb_old_content":"","_et_gb_content_width":""},"product_brand":[],"product_cat":[1494],"product_tag":[1495,1496],"class_list":{"0":"post-15186","1":"product","2":"type-product","3":"status-publish","4":"has-post-thumbnail","6":"product_cat-bucket-cylinders","7":"product_tag-bucket-cylinders","8":"product_tag-hydraulic-cylinders","10":"first","11":"instock","12":"shipping-taxable","13":"product-type-simple"},"amp_enabled":true,"_links":{"self":[{"href":"https:\/\/www.hydraulic-cylinders.net\/fr\/wp-json\/wp\/v2\/product\/15186","targetHints":{"allow":["GET"]}}],"collection":[{"href":"https:\/\/www.hydraulic-cylinders.net\/fr\/wp-json\/wp\/v2\/product"}],"about":[{"href":"https:\/\/www.hydraulic-cylinders.net\/fr\/wp-json\/wp\/v2\/types\/product"}],"replies":[{"embeddable":true,"href":"https:\/\/www.hydraulic-cylinders.net\/fr\/wp-json\/wp\/v2\/comments?post=15186"}],"wp:featuredmedia":[{"embeddable":true,"href":"https:\/\/www.hydraulic-cylinders.net\/fr\/wp-json\/wp\/v2\/media\/14773"}],"wp:attachment":[{"href":"https:\/\/www.hydraulic-cylinders.net\/fr\/wp-json\/wp\/v2\/media?parent=15186"}],"wp:term":[{"taxonomy":"product_brand","embeddable":true,"href":"https:\/\/www.hydraulic-cylinders.net\/fr\/wp-json\/wp\/v2\/product_brand?post=15186"},{"taxonomy":"product_cat","embeddable":true,"href":"https:\/\/www.hydraulic-cylinders.net\/fr\/wp-json\/wp\/v2\/product_cat?post=15186"},{"taxonomy":"product_tag","embeddable":true,"href":"https:\/\/www.hydraulic-cylinders.net\/fr\/wp-json\/wp\/v2\/product_tag?post=15186"}],"curies":[{"name":"wp","href":"https:\/\/api.w.org\/{rel}","templated":true}]}}