{"id":1520,"date":"2023-09-27T09:31:49","date_gmt":"2023-09-27T09:31:49","guid":{"rendered":"https:\/\/hydraulic-cylinders.net\/?post_type=product&#038;p=1520"},"modified":"2025-04-11T03:26:00","modified_gmt":"2025-04-11T03:26:00","slug":"aerial-work-platform-rotary-actuator","status":"publish","type":"product","link":"https:\/\/www.hydraulic-cylinders.net\/fr\/produit\/aerial-work-platform-rotary-actuator\/","title":{"rendered":"Actionneur rotatif de plateforme de travail a\u00e9rienne"},"content":{"rendered":"<h1 style=\"text-align: center;\"><strong>Actionneur rotatif de plateforme de travail a\u00e9rienne<\/strong><\/h1>\n<p><img loading=\"lazy\" decoding=\"async\" class=\"size-medium wp-image-1521 aligncenter\" src=\"https:\/\/hydraulic-cylinders.net\/wp-content\/uploads\/2023\/09\/rotary-actuator-1-2-300x300.webp\" alt=\"\" width=\"300\" height=\"300\" \/><\/p>\n<p>L'actionneur rotatif de la s\u00e9rie HBM est con\u00e7u et d\u00e9velopp\u00e9 sp\u00e9cifiquement pour la commande des bras des plateformes \u00e9l\u00e9vatrices articul\u00e9es. Une conception personnalis\u00e9e, adapt\u00e9e aux exigences d'installation et de performance du client, peut \u00eatre r\u00e9alis\u00e9e afin de garantir une grande adaptabilit\u00e9 et une flexibilit\u00e9 d'utilisation optimale.<\/p>\n<p>Gr\u00e2ce \u00e0 sa conception en unit\u00e9s m\u00e9triques, son joint et sa construction uniques permettent un faible coefficient de frottement et un couple de sortie \u00e9lev\u00e9. De plus, l'analyse par \u00e9l\u00e9ments finis et les tests de durabilit\u00e9 contribuent \u00e0 la stabilit\u00e9 et \u00e0 la fiabilit\u00e9 du produit. Compar\u00e9 aux produits similaires du march\u00e9, l'actionneur rotatif de la s\u00e9rie HBM, \u00e0 dimensions \u00e9gales, offre un couple de sortie sup\u00e9rieur de 101 \u00e0 201 TPI\u00b3, une pression d'ouverture r\u00e9duite de 501 TPI\u00b3, un fonctionnement stable, une efficacit\u00e9 accrue et une pression d'ouverture optimis\u00e9e, garantissant ainsi un fonctionnement s\u00fbr, fiable et performant des plateformes de travail en hauteur.<\/p>\n<p>Caract\u00e9ristiques principales de l'actionneur rotatif pour plateforme de travail a\u00e9rienne\u00a0:<\/p>\n<ol>\n<li><strong>Faible coefficient de frottement :<\/strong><\/li>\n<\/ol>\n<ul>\n<li>L'\u00e9l\u00e9ment essentiel de l'actionneur rotatif de la s\u00e9rie HBM est la cannelure spirale assurant la rotation et la transmission du couple.<br \/>\nL'actionneur rotatif de la s\u00e9rie HBM se distingue par une excellente pr\u00e9cision, une r\u00e9partition \u00e9quilibr\u00e9e des contraintes et une transmission stable. Gr\u00e2ce \u00e0 ses roulements axiaux \u00e0 faible frottement et \u00e0 un syst\u00e8me d'\u00e9tanch\u00e9it\u00e9 unique, il pr\u00e9sente un faible coefficient de frottement lors de la transmission.<\/li>\n<\/ul>\n<ol start=\"2\">\n<li><strong>Couple de sortie \u00e9lev\u00e9\u00a0:<\/strong><\/li>\n<\/ol>\n<ul>\n<li>Gr\u00e2ce \u00e0 une recherche et une validation continues et innovantes, l'actionneur rotatif de la s\u00e9rie HBM est con\u00e7u de mani\u00e8re compacte afin d'optimiser l'espace interne limit\u00e9 et de transmettre un couple de sortie \u00e9lev\u00e9 par pression hydraulique. \u00c0 dimensions \u00e9gales, l'actionneur rotatif de la s\u00e9rie HBM offre un couple de sortie sup\u00e9rieur (de 10% \u00e0 20%).<\/li>\n<\/ul>\n<ol start=\"3\">\n<li><strong>Longue dur\u00e9e de vie :<\/strong><\/li>\n<\/ol>\n<ul>\n<li>Une analyse et un calcul complets sont effectu\u00e9s pour chaque dimension de l'actionneur rotatif HBM \u00e0 l'aide d'un logiciel d'\u00e9l\u00e9ments finis (FEA) lors de la conception. De plus, une optimisation continue du produit est mise en \u0153uvre afin de garantir que chaque dimension r\u00e9ponde aux exigences de longue dur\u00e9e de vie.<\/li>\n<li>Outre les tests r\u00e9guliers en usine, deux bancs d'essai d'endurance d\u00e9di\u00e9s aux actionneurs rotatifs sont disponibles pour les tests selon les exigences du client et de l'application, garantissant une excellente durabilit\u00e9 et une longue dur\u00e9e de vie.<\/li>\n<\/ul>\n<h2><strong>Param\u00e8tre de l'actionneur rotatif de la plateforme de travail a\u00e9rienne\u00a0:<\/strong><\/h2>\n<table border=\"1\" cellspacing=\"0\" cellpadding=\"0\">\n<tbody>\n<tr>\n<td>Nom du produit<\/td>\n<td>Actionneur rotatif de plateforme de travail a\u00e9rienne<\/td>\n<\/tr>\n<tr>\n<td>Caract\u00e9ristiques:<\/td>\n<td>R\u00e9alisez le mouvement de la plateforme et du bras de manivelle<\/td>\n<\/tr>\n<tr>\n<td>Couple :<\/td>\n<td>500 \u00e0 5000 N.m<\/td>\n<\/tr>\n<tr>\n<td>Angle de balancement :<\/td>\n<td>0\uff5e360\u00b0<\/td>\n<\/tr>\n<tr>\n<td>Pression:<\/td>\n<td>21 MPa (pression de service standard)<\/td>\n<\/tr>\n<tr>\n<td>Applications des actionneurs rotatifs\u00a0:<\/td>\n<td>Plateforme \u00e9l\u00e9vatrice<\/td>\n<\/tr>\n<\/tbody>\n<\/table>\n<h2><strong>Sch\u00e9ma d'identification de la plate-forme \u00e9l\u00e9vatrice :<\/strong><\/h2>\n<p><img loading=\"lazy\" decoding=\"async\" class=\"alignnone wp-image-1517 size-full\" src=\"https:\/\/hydraulic-cylinders.net\/wp-content\/uploads\/2023\/09\/aerial-work-platform-cylinder-construct.webp\" alt=\"\" width=\"600\" height=\"400\" srcset=\"https:\/\/hydraulic-cylinders.net\/wp-content\/uploads\/2023\/09\/aerial-work-platform-cylinder-construct.webp 600w, https:\/\/hydraulic-cylinders.net\/wp-content\/uploads\/2023\/09\/aerial-work-platform-cylinder-construct-480x320.webp 480w\" sizes=\"(min-width: 0px) and (max-width: 480px) 480px, (min-width: 481px) 600px, 100vw\" \/><\/p>\n<h2><strong>Dimensions et sp\u00e9cifications de l'actionneur rotatif pour plateforme de travail a\u00e9rienne\u00a0:<\/strong><\/h2>\n<p><img loading=\"lazy\" decoding=\"async\" class=\"alignnone wp-image-1522 size-full\" src=\"https:\/\/hydraulic-cylinders.net\/wp-content\/uploads\/2023\/09\/rotary-actuator-2.webp\" alt=\"\" width=\"729\" height=\"992\" srcset=\"https:\/\/hydraulic-cylinders.net\/wp-content\/uploads\/2023\/09\/rotary-actuator-2.webp 729w, https:\/\/hydraulic-cylinders.net\/wp-content\/uploads\/2023\/09\/rotary-actuator-2-480x653.webp 480w\" sizes=\"(min-width: 0px) and (max-width: 480px) 480px, (min-width: 481px) 729px, 100vw\" \/><\/p>\n<h2><strong>Mode d'utilisation de l'actionneur rotatif de la plateforme de travail a\u00e9rienne\u00a0:<\/strong><\/h2>\n<ol>\n<li><strong>Installation de l'actionneur\u00a0:<\/strong><\/li>\n<\/ol>\n<ul>\n<li>Suivez les instructions du fabricant pour une installation correcte de l'actionneur rotatif de la plateforme de travail a\u00e9rienne.<\/li>\n<li>Veillez \u00e0 ce que l'actionneur soit solidement fix\u00e9 \u00e0 la structure de la plateforme de travail a\u00e9rienne, assurant ainsi une connexion stable et fiable.<\/li>\n<\/ul>\n<ol start=\"2\">\n<li><strong>Raccordement \u00e9lectrique et hydraulique\u00a0:<\/strong><\/li>\n<\/ol>\n<ul>\n<li>Raccordez l'actionneur aux syst\u00e8mes \u00e9lectriques et hydrauliques de la plateforme de travail a\u00e9rienne conform\u00e9ment aux instructions fournies.<\/li>\n<li>Assurez-vous que tous les raccordements sont bien fix\u00e9s et correctement \u00e9tanches afin d'\u00e9viter les fuites ou les dysfonctionnements \u00e9lectriques.<\/li>\n<\/ul>\n<ol start=\"3\">\n<li><strong>Contr\u00f4le de la rotation :<\/strong><\/li>\n<\/ol>\n<ul>\n<li>Utilisez le panneau de commande ou l'interface fournis pour contr\u00f4ler le mouvement de rotation de la plateforme de travail a\u00e9rienne.<\/li>\n<li>Suivez les proc\u00e9dures d'utilisation recommand\u00e9es et les consignes de s\u00e9curit\u00e9 pour une rotation fluide et pr\u00e9cise.<\/li>\n<\/ul>\n<ol start=\"4\">\n<li><strong>Consid\u00e9rations de s\u00e9curit\u00e9 :<\/strong><\/li>\n<\/ol>\n<ul>\n<li>Avant d\u2019utiliser la plateforme \u00e9l\u00e9vatrice, familiarisez-vous avec les dispositifs de s\u00e9curit\u00e9 et les proc\u00e9dures d\u2019urgence.<\/li>\n<li>Veillez \u00e0 ce que tous les op\u00e9rateurs re\u00e7oivent une formation ad\u00e9quate sur le fonctionnement en toute s\u00e9curit\u00e9 de la plateforme et du v\u00e9rin rotatif de la plateforme de travail a\u00e9rienne.<\/li>\n<\/ul>\n<h2><strong>Comment purger l'air d'un syst\u00e8me hydraulique ?<\/strong><\/h2>\n<p>La purge d'air d'un syst\u00e8me hydraulique est une op\u00e9ration de maintenance essentielle pour garantir des performances optimales et \u00e9viter un fonctionnement hydraulique irr\u00e9gulier ou impr\u00e9cis. Voici un guide \u00e9tape par \u00e9tape pour purger l'air d'un syst\u00e8me hydraulique\u00a0:<\/p>\n<ol>\n<li><strong>Identifier les points de saignement\u00a0:<\/strong><\/li>\n<\/ol>\n<ul>\n<li>Rep\u00e9rez les points de purge du syst\u00e8me hydraulique. Ils se trouvent g\u00e9n\u00e9ralement aux endroits o\u00f9 l'\u00e9nergie est \u00e9lev\u00e9e, par exemple sur le dessus des v\u00e9rins hydrauliques, des distributeurs ou des r\u00e9servoirs de pompe.<\/li>\n<li>Consultez le manuel du syst\u00e8me hydraulique ou les instructions du fabricant pour identifier les points de purge sp\u00e9cifiques \u00e0 votre syst\u00e8me.<\/li>\n<\/ul>\n<ol start=\"2\">\n<li><strong>Pr\u00e9parer le syst\u00e8me\u00a0:<\/strong><\/li>\n<\/ol>\n<ul>\n<li>Coupez l'alimentation du syst\u00e8me hydraulique et rel\u00e2chez la pression en abaissant ou en r\u00e9tractant les v\u00e9rins hydrauliques ou en rel\u00e2chant la soupape de pression.<\/li>\n<li>Assurez-vous de disposer des outils et \u00e9quipements de s\u00e9curit\u00e9 n\u00e9cessaires pour effectuer la saign\u00e9e, notamment des lunettes de s\u00e9curit\u00e9 et des gants.<\/li>\n<\/ul>\n<ol start=\"3\">\n<li><strong>Positionnez un conteneur de collecte\u00a0:<\/strong><\/li>\n<\/ol>\n<ul>\n<li>Placez un r\u00e9cipient appropri\u00e9 ou un bac de r\u00e9cup\u00e9ration sous le point de purge pour recueillir tout liquide hydraulique qui pourrait \u00eatre lib\u00e9r\u00e9 pendant la purge.<\/li>\n<li>Cela permettra d'\u00e9viter les d\u00e9versements et de garder votre espace de travail propre.<\/li>\n<\/ul>\n<ol start=\"4\">\n<li><strong>Ouvrir la vanne de purge\u00a0:<\/strong><\/li>\n<\/ol>\n<ul>\n<li>Ouvrez lentement et partiellement la vanne de purge au point de purge d\u00e9sign\u00e9 \u00e0 l'aide d'une cl\u00e9 ou d'un outil appropri\u00e9.<\/li>\n<li>Veillez \u00e0 ne pas retirer compl\u00e8tement la valve \u00e0 ce stade ; cr\u00e9ez plut\u00f4t une petite ouverture pour permettre \u00e0 l'air et au liquide de s'\u00e9chapper.<\/li>\n<\/ul>\n<ol start=\"5\">\n<li><strong>D\u00e9but du saignement :<\/strong><\/li>\n<\/ol>\n<ul>\n<li>Avec la vanne de purge partiellement ouverte, activez le syst\u00e8me hydraulique en le mettant en marche ou en actionnant les commandes appropri\u00e9es.<\/li>\n<li>Laissez le fluide hydraulique circuler dans le syst\u00e8me afin d'\u00e9liminer les bulles d'air emprisonn\u00e9es. Vous constaterez que de l'air et du fluide s'\u00e9chappent par la vis de purge partiellement ouverte.<\/li>\n<\/ul>\n<ol start=\"6\">\n<li><strong>Surveiller et r\u00e9p\u00e9ter :<\/strong><\/li>\n<\/ol>\n<ul>\n<li>Surveillez le d\u00e9bit du fluide et observez toute bulle d'air s'\u00e9chappant de la soupape de purge.<\/li>\n<li>Une fois que le d\u00e9bit du fluide est r\u00e9gulier et exempt de bulles d'air, fermez herm\u00e9tiquement la vanne de purge pour emp\u00eacher toute entr\u00e9e d'air suppl\u00e9mentaire dans le syst\u00e8me.<\/li>\n<li>Si des bulles d'air persistent, r\u00e9p\u00e9tez la purge en ouvrant partiellement la vanne de purge et en laissant passer davantage de liquide jusqu'\u00e0 ce que l'air soit \u00e9limin\u00e9.<\/li>\n<\/ul>\n<ol start=\"7\">\n<li><strong>V\u00e9rifier les niveaux de liquide\u00a0:<\/strong><\/li>\n<\/ol>\n<ul>\n<li>Apr\u00e8s avoir purg\u00e9 l'air, v\u00e9rifiez le niveau d'huile hydraulique dans le r\u00e9servoir du syst\u00e8me.<\/li>\n<li>Ajoutez du liquide suppl\u00e9mentaire si n\u00e9cessaire pour maintenir le niveau de liquide recommand\u00e9.<\/li>\n<\/ul>\n<ol start=\"8\">\n<li><strong>Tester et v\u00e9rifier :<\/strong><\/li>\n<\/ol>\n<ul>\n<li>Une fois la purge termin\u00e9e et le syst\u00e8me hydraulique remont\u00e9, testez le fonctionnement du syst\u00e8me pour garantir des performances hydrauliques fluides et constantes.<\/li>\n<li>V\u00e9rifiez qu'il n'y a pas de bruits ou de vibrations inhabituels et que le syst\u00e8me r\u00e9pond correctement aux commandes.<\/li>\n<\/ul>\n<h2><strong>Capacit\u00e9 de l'usine :<\/strong><\/h2>\n<h3>(1) Assemblage<\/h3>\n<p>Nous disposons d'une plateforme d'assemblage ind\u00e9pendante de recherche et d\u00e9veloppement de premier ordre. Notre atelier de production de v\u00e9rins hydrauliques dispose de quatre lignes d'assemblage semi-automatiques de v\u00e9rins de levage et d'une ligne d'assemblage automatique de v\u00e9rins d'inclinaison, pour une capacit\u00e9 de production annuelle pr\u00e9vue d'un million de pi\u00e8ces. L'atelier de v\u00e9rins sp\u00e9ciaux est \u00e9quip\u00e9 d'un syst\u00e8me d'assemblage de nettoyage semi-automatique de diverses sp\u00e9cifications, d'une capacit\u00e9 de production annuelle pr\u00e9vue de 200\u00a0000 pi\u00e8ces et dispose d'\u00e9quipements d'usinage CNC de pointe, d'un centre d'usinage, d'\u00e9quipements sp\u00e9ciaux d'usinage de haute pr\u00e9cision, d'une machine de soudage robotis\u00e9e, d'une machine de nettoyage automatique, d'une machine d'assemblage automatique de v\u00e9rins et d'une ligne de peinture automatique. Nous disposons de plus de 300 \u00e9quipements critiques. L'allocation optimale et l'utilisation efficace des ressources garantissent la pr\u00e9cision et la qualit\u00e9 des produits.<\/p>\n<p><img loading=\"lazy\" decoding=\"async\" class=\"alignnone wp-image-626\" src=\"https:\/\/hydraulic-cylinders.net\/wp-content\/uploads\/2023\/08\/hydraulic-cylinder-product-1-300x158.webp\" alt=\"\" width=\"495\" height=\"260\" srcset=\"https:\/\/hydraulic-cylinders.net\/wp-content\/uploads\/2023\/08\/hydraulic-cylinder-product-1-300x158.webp 495w, https:\/\/hydraulic-cylinders.net\/wp-content\/uploads\/2023\/08\/hydraulic-cylinder-product-1-480x252.webp 480w\" sizes=\"(min-width: 0px) and (max-width: 480px) 480px, (min-width: 481px) 495px, 100vw\" \/> <img loading=\"lazy\" decoding=\"async\" class=\"alignnone wp-image-627\" src=\"https:\/\/hydraulic-cylinders.net\/wp-content\/uploads\/2023\/08\/hydraulic-cylinder-product-2-300x189.webp\" alt=\"\" width=\"413\" height=\"260\" \/><\/p>\n<h3>(2) Usinage<\/h3>\n<p>L'atelier d'usinage est \u00e9quip\u00e9 d'un centre de tournage sur rail inclin\u00e9 personnalis\u00e9, d'un centre d'usinage, d'une machine \u00e0 honer \u00e0 grande vitesse, d'un robot de soudage et d'autres \u00e9quipements connexes, qui peuvent traiter des tubes cylindriques d'un diam\u00e8tre int\u00e9rieur maximal de 400 mm et d'une longueur maximale de 6 m\u00e8tres.<\/p>\n<p><img loading=\"lazy\" decoding=\"async\" class=\"alignnone wp-image-628 size-large\" src=\"https:\/\/hydraulic-cylinders.net\/wp-content\/uploads\/2023\/08\/hydraulic-cylinder-product-3-1024x391.webp\" alt=\"\" width=\"1024\" height=\"391\" srcset=\"https:\/\/hydraulic-cylinders.net\/wp-content\/uploads\/2023\/08\/hydraulic-cylinder-product-3-980x374.webp 980w, https:\/\/hydraulic-cylinders.net\/wp-content\/uploads\/2023\/08\/hydraulic-cylinder-product-3-480x183.webp 480w\" sizes=\"(min-width: 0px) and (max-width: 480px) 480px, (min-width: 481px) and (max-width: 980px) 980px, (min-width: 981px) 1024px, 100vw\" \/><\/p>\n<h3>(3) Soudage<\/h3>\n<p><img loading=\"lazy\" decoding=\"async\" class=\"alignnone wp-image-629 size-large\" src=\"https:\/\/hydraulic-cylinders.net\/wp-content\/uploads\/2023\/08\/hydraulic-cylinder-product-4-1024x510.webp\" alt=\"\" width=\"1024\" height=\"510\" srcset=\"https:\/\/hydraulic-cylinders.net\/wp-content\/uploads\/2023\/08\/hydraulic-cylinder-product-4-980x488.webp 980w, https:\/\/hydraulic-cylinders.net\/wp-content\/uploads\/2023\/08\/hydraulic-cylinder-product-4-480x239.webp 480w\" sizes=\"(min-width: 0px) and (max-width: 480px) 480px, (min-width: 481px) and (max-width: 980px) 980px, (min-width: 981px) 1024px, 100vw\" \/><\/p>\n<h3>(4) Peinture et rev\u00eatement<\/h3>\n<p>Avec des lignes de rev\u00eatement de peinture \u00e0 base d'eau automatiques \u00e0 cylindre de petite et moyenne taille, pour r\u00e9aliser le chargement et le d\u00e9chargement automatiques par robot et la pulv\u00e9risation automatique, la capacit\u00e9 de conception est de 4 000 pi\u00e8ces par \u00e9quipe ;<br \/>\nNous disposons \u00e9galement d'une ligne de production de peinture semi-automatique pour gros cylindres, aliment\u00e9e par une cha\u00eene de traction, d'une capacit\u00e9 de conception de 60 caisses par \u00e9quipe.<\/p>\n<p><img loading=\"lazy\" decoding=\"async\" class=\"alignnone wp-image-630\" src=\"https:\/\/hydraulic-cylinders.net\/wp-content\/uploads\/2023\/08\/hydraulic-cylinder-product-5-300x213.webp\" alt=\"\" width=\"366\" height=\"260\" \/> <img loading=\"lazy\" decoding=\"async\" class=\"alignnone wp-image-631\" src=\"https:\/\/hydraulic-cylinders.net\/wp-content\/uploads\/2023\/08\/hydraulic-cylinder-product-6-300x225.webp\" alt=\"\" width=\"347\" height=\"260\" \/><\/p>\n<h3>(5) Essais<\/h3>\n<p>Nous disposons d'installations d'inspection et de bancs d'essai de premier ordre pour garantir que les performances de la bouteille sont conformes aux exigences.<\/p>\n<p><img loading=\"lazy\" decoding=\"async\" class=\"alignnone wp-image-632\" src=\"https:\/\/hydraulic-cylinders.net\/wp-content\/uploads\/2023\/08\/hydraulic-cylinder-product-8-300x200.webp\" alt=\"\" width=\"389\" height=\"260\" \/><\/p>\n<p>&nbsp;<\/p>\n<p>&nbsp;<\/p>\n<p>Nous sommes l'un des meilleurs fabricants de v\u00e9rins hydrauliques. Nous proposons une gamme compl\u00e8te de v\u00e9rins hydrauliques. Nous fournissons \u00e9galement les v\u00e9rins correspondants. <a href=\"https:\/\/hzpt.com\/agricultural-pto-gearbox\/\" target=\"_blank\" rel=\"noopener\">bo\u00eetes de vitesses agricoles<\/a>Nous exportons nos produits dans le monde entier et nous avons acquis une excellente r\u00e9putation gr\u00e2ce \u00e0 la qualit\u00e9 sup\u00e9rieure de nos produits et \u00e0 notre service apr\u00e8s-vente. Nous invitons nos clients, nationaux et internationaux, \u00e0 nous contacter pour n\u00e9gocier, \u00e9changer des informations et\u2026 <a href=\"https:\/\/www.hydraulic-cylinders.net\/fr\/contact-us\/\">coop\u00e9rer avec nous<\/a>!<\/p>","protected":false},"excerpt":{"rendered":"<p>Aerial Work Platform Rotary Actuator HBM series rotary actuator is a rotary actuator independently designed and developed for the arms control of articulated aerial work platforms. According to customer installation and performance requirements, the corresponding customized design can be realized to ensure the adaptability and flexibility of operation. Based on the metric unit design, the [&hellip;]<\/p>","protected":false},"featured_media":1523,"comment_status":"open","ping_status":"closed","template":"","meta":{"_et_pb_use_builder":"","_et_pb_old_content":"","_et_gb_content_width":""},"product_brand":[],"product_cat":[1500,1550,1376],"product_tag":[1380],"class_list":{"0":"post-1520","1":"product","2":"type-product","3":"status-publish","4":"has-post-thumbnail","6":"product_cat-aerial-work-vehicle-hydraulic-cylinder","7":"product_cat-double-acting-hydraulic-cylinder","8":"product_cat-hydraulic-cylinder","9":"product_tag-hydraulic-cylinder","11":"first","12":"instock","13":"shipping-taxable","14":"product-type-simple"},"amp_enabled":true,"_links":{"self":[{"href":"https:\/\/www.hydraulic-cylinders.net\/fr\/wp-json\/wp\/v2\/product\/1520","targetHints":{"allow":["GET"]}}],"collection":[{"href":"https:\/\/www.hydraulic-cylinders.net\/fr\/wp-json\/wp\/v2\/product"}],"about":[{"href":"https:\/\/www.hydraulic-cylinders.net\/fr\/wp-json\/wp\/v2\/types\/product"}],"replies":[{"embeddable":true,"href":"https:\/\/www.hydraulic-cylinders.net\/fr\/wp-json\/wp\/v2\/comments?post=1520"}],"wp:featuredmedia":[{"embeddable":true,"href":"https:\/\/www.hydraulic-cylinders.net\/fr\/wp-json\/wp\/v2\/media\/1523"}],"wp:attachment":[{"href":"https:\/\/www.hydraulic-cylinders.net\/fr\/wp-json\/wp\/v2\/media?parent=1520"}],"wp:term":[{"taxonomy":"product_brand","embeddable":true,"href":"https:\/\/www.hydraulic-cylinders.net\/fr\/wp-json\/wp\/v2\/product_brand?post=1520"},{"taxonomy":"product_cat","embeddable":true,"href":"https:\/\/www.hydraulic-cylinders.net\/fr\/wp-json\/wp\/v2\/product_cat?post=1520"},{"taxonomy":"product_tag","embeddable":true,"href":"https:\/\/www.hydraulic-cylinders.net\/fr\/wp-json\/wp\/v2\/product_tag?post=1520"}],"curies":[{"name":"wp","href":"https:\/\/api.w.org\/{rel}","templated":true}]}}