{"id":15201,"date":"2025-01-19T14:13:56","date_gmt":"2025-01-19T14:13:56","guid":{"rendered":"https:\/\/www.hydraulic-cylinders.net\/product\/bucket-cylinder-for-caterpillar-small-excavator-e302-4d\/"},"modified":"2025-01-19T14:13:58","modified_gmt":"2025-01-19T14:13:58","slug":"bucket-cylinder-for-caterpillar-small-excavator-e302-4d","status":"publish","type":"product","link":"https:\/\/www.hydraulic-cylinders.net\/fr\/produit\/bucket-cylinder-for-caterpillar-small-excavator-e302-4d\/","title":{"rendered":"Cylindre de godet pour petite pelle Caterpillar E302.4D"},"content":{"rendered":"<h1>Cylindre de godet pour petite pelle Caterpillar E302.4D<\/h1>\n<h2>Introduction<\/h2>\n<p>Un v\u00e9rin de godet est un v\u00e9rin hydraulique sp\u00e9cialement con\u00e7u pour contr\u00f4ler les mouvements du godet sur les engins de chantier tels que les pelles hydrauliques, les chargeuses-pelleteuses et les chargeuses frontales. Sa fonction principale est de permettre la lev\u00e9e, l'abaissement et l'inclinaison du godet afin de faciliter diverses op\u00e9rations de manutention. Dans le syst\u00e8me hydraulique, le v\u00e9rin de godet assure un contr\u00f4le pr\u00e9cis des mouvements du godet en modulant la pression de l'huile hydraulique, permettant ainsi aux op\u00e9rateurs de manipuler efficacement des charges lourdes et de s'adapter \u00e0 des environnements de travail complexes et \u00e0 des besoins op\u00e9rationnels vari\u00e9s.<\/p>\n<p><img decoding=\"async\" src=\"https:\/\/www.hydraulic-cylinders.net\/wp-content\/uploads\/2025\/01\/songte-company-2.webp\" alt=\"Image du cylindre du godet\"><\/p>\n<h2>Caract\u00e9ristiques<\/h2>\n<ul>\n<li>\n<h3>Haute r\u00e9sistance et durabilit\u00e9<\/h3>\n<p>Les v\u00e9rins de godet sont g\u00e9n\u00e9ralement fabriqu\u00e9s en acier haute r\u00e9sistance ou en aluminium, ce qui leur permet de supporter des pressions et des charges importantes et les rend adapt\u00e9s aux environnements de travail difficiles. Leur conception prend \u00e9galement en compte la r\u00e9sistance \u00e0 l'usure et \u00e0 la corrosion, prolongeant ainsi leur dur\u00e9e de vie.<\/p>\n<\/li>\n<li>\n<h3>Fonctionnement hydraulique efficace<\/h3>\n<p>Les v\u00e9rins de godet utilisent la pression de l'huile hydraulique pour assurer une extension et une r\u00e9traction fluides, permettant une r\u00e9ponse rapide aux commandes et fournissant une force de pouss\u00e9e et de traction importante, ce qui les rend adapt\u00e9s \u00e0 la manutention de charges lourdes et \u00e0 des t\u00e2ches op\u00e9rationnelles complexes.<\/p>\n<\/li>\n<li>\n<h3>Diff\u00e9rents types<\/h3>\n<p>Les v\u00e9rins de godet peuvent \u00eatre choisis en version simple effet (hydrauliques utilis\u00e9s dans une seule direction) ou double effet (hydrauliques utilis\u00e9s dans deux directions) selon les besoins, et certains mod\u00e8les sont t\u00e9lescopiques, permettant une plus grande extension sans augmenter les dimensions ext\u00e9rieures, ce qui les rend adapt\u00e9s aux applications avec un espace limit\u00e9.<\/p>\n<\/li>\n<li>\n<h3>Disponibilit\u00e9 des produits<\/h3>\n<p>Nos v\u00e9rins de godet peuvent parfaitement remplacer ces v\u00e9rins hydrauliques ; nous proposons diff\u00e9rents mod\u00e8les et types de v\u00e9rins de godet parmi lesquels nos clients peuvent choisir.<\/p>\n<\/li>\n<\/ul>\n<p><img decoding=\"async\" src=\"https:\/\/www.hydraulic-cylinders.net\/wp-content\/uploads\/2025\/01\/songte-cylinder-head-with-all-kinds-excavator-models.webp\" alt=\"Image de remplacement du v\u00e9rin de godet\"><\/p>\n<h2>Applications<\/h2>\n<p>Les v\u00e9rins de godet jouent un r\u00f4le crucial dans diff\u00e9rents types de machines lourdes, telles que\u00a0:<\/p>\n<ul>\n<li>\n<h3>\u00c9quipement de construction<\/h3>\n<p>Ils sont indispensables aux excavatrices pour creuser, charger et d\u00e9placer la terre ou les d\u00e9bris. Sur les chargeuses-pelleteuses, le v\u00e9rin du godet contribue \u00e0 la fois au creusement et au levage. <\/p>\n<\/li>\n<li>\n<h3>machines agricoles<\/h3>\n<p>Ils servent sur les chargeuses frontales \u00e0 ramasser, soulever et transporter de la terre, du foin et d'autres mat\u00e9riaux. Sur les pelles hydrauliques, le v\u00e9rin du godet permet le creusement en autorisant la p\u00e9n\u00e9tration du godet dans le sol. Sur les chargeuses frontales, ils facilitent le levage et le d\u00e9chargement des marchandises.<\/p>\n<\/li>\n<\/ul>\n<h2>Consid\u00e9rations de conception et normes de s\u00e9lection<\/h2>\n<p>Les v\u00e9rins de godet sont con\u00e7us en tenant compte de plusieurs facteurs cl\u00e9s, tels que\u00a0:<\/p>\n<ul>\n<li>\n<h3>Capacit\u00e9 de charge<\/h3>\n<p>Les v\u00e9rins de godet sont fabriqu\u00e9s \u00e0 partir de mat\u00e9riaux \u00e0 haute r\u00e9sistance et sont con\u00e7us pour supporter des charges lourdes et une pression \u00e9lev\u00e9e.<\/p>\n<\/li>\n<li>\n<h3>Scellage<\/h3>\n<p>Divers composants d'\u00e9tanch\u00e9it\u00e9, tels que les joints de piston et les joints de tige, sont fabriqu\u00e9s en mat\u00e9riaux r\u00e9sistants \u00e0 l'usure afin de garantir une longue dur\u00e9e de vie. Les corps de cylindre et les surfaces d'extr\u00e9mit\u00e9 des filetages sont usin\u00e9s avec pr\u00e9cision pour am\u00e9liorer la r\u00e9sistance \u00e0 l'usure.<\/p>\n<\/li>\n<li>\n<h3>Durabilit\u00e9 et s\u00e9curit\u00e9<\/h3>\n<p>Les v\u00e9rins de godet sont soumis \u00e0 des contr\u00f4les qualit\u00e9 rigoureux afin de garantir leur conformit\u00e9 aux normes industrielles et leur s\u00e9curit\u00e9 d'utilisation. Leur conception facilite l'entretien et la r\u00e9paration, assurant ainsi une longue dur\u00e9e de vie.<\/p>\n<\/li>\n<\/ul>\n<p><img decoding=\"async\" src=\"https:\/\/www.hydraulic-cylinders.net\/wp-content\/uploads\/2025\/01\/songte-oil-pipes-and-spare-parts.webp\" alt=\"Image des pi\u00e8ces du v\u00e9rin de godet\"><\/p>\n<h2>\u00c9tanch\u00e9it\u00e9 et lubrification<\/h2>\n<p>Les v\u00e9rins de godet utilisent diff\u00e9rents types de joints, tels que des joints de piston et des joints de tige, fabriqu\u00e9s dans des mat\u00e9riaux r\u00e9sistants \u00e0 l'usure comme le polyur\u00e9thane et le caoutchouc nitrile. Les corps de v\u00e9rin et les surfaces d'extr\u00e9mit\u00e9 des filetages sont usin\u00e9s avec pr\u00e9cision pour optimiser la r\u00e9sistance \u00e0 l'usure. Il est important d'ajouter r\u00e9guli\u00e8rement de l'huile hydraulique adapt\u00e9e pour assurer la lubrification du v\u00e9rin.<\/p>\n<h2>Maintenance p\u00e9riodique et mesures pr\u00e9ventives<\/h2>\n<p>Un entretien r\u00e9gulier est essentiel pour garantir la long\u00e9vit\u00e9 et le fonctionnement optimal des v\u00e9rins de godet. Les t\u00e2ches d'entretien courantes comprennent\u00a0:<\/p>\n<ul>\n<li>\n<h3>Inspection r\u00e9guli\u00e8re<\/h3>\n<p>Des inspections r\u00e9guli\u00e8res permettent d'identifier les probl\u00e8mes potentiels et de pr\u00e9venir les dommages importants avant qu'ils ne surviennent.<\/p>\n<\/li>\n<li>\n<h3>Lubrification<\/h3>\n<p>Une lubrification r\u00e9guli\u00e8re est n\u00e9cessaire pour assurer le bon fonctionnement du cylindre.<\/p>\n<\/li>\n<li>\n<h3>Remplacement des joints et v\u00e9rification de l'\u00e9talonnage<\/h3>\n<p>Le remplacement r\u00e9gulier des joints us\u00e9s et les contr\u00f4les d'\u00e9talonnage contribuent \u00e0 maintenir des performances optimales.<\/p>\n<\/li>\n<\/ul>\n<p><img decoding=\"async\" src=\"https:\/\/www.hydraulic-cylinders.net\/wp-content\/uploads\/2025\/01\/songte-chushion-collar.webp\" alt=\"Image d&#039;entretien du v\u00e9rin de godet\"><\/p>\n<h2>Consid\u00e9rations de s\u00e9curit\u00e9 et facteurs environnementaux<\/h2>\n<p>Les v\u00e9rins de godet sont con\u00e7us pour une utilisation en toute s\u00e9curit\u00e9, et des mesures de s\u00e9curit\u00e9 appropri\u00e9es doivent \u00eatre prises lors de la manipulation d'engins lourds. Les facteurs environnementaux tels que la temp\u00e9rature et l'humidit\u00e9 peuvent affecter les performances des v\u00e9rins de godet\u00a0; il convient donc de prendre les mesures n\u00e9cessaires pour garantir leur fonctionnement optimal dans diverses conditions environnementales.<\/p>\n<h2>Diagnostic des pannes et probl\u00e8mes courants<\/h2>\n<p>Les probl\u00e8mes courants des v\u00e9rins de godet incluent les fuites, l'endommagement des joints et un fonctionnement anormal. Un contr\u00f4le et un entretien r\u00e9guliers permettent de pr\u00e9venir ces probl\u00e8mes. En cas de probl\u00e8me, un diagnostic pr\u00e9cis est essentiel\u00a0; les solutions courantes consistent \u00e0 r\u00e9parer ou \u00e0 remplacer les composants endommag\u00e9s.<\/p>\n<p><img decoding=\"async\" src=\"https:\/\/www.hydraulic-cylinders.net\/wp-content\/uploads\/2025\/01\/songte-bushings-with-all-kinds-of-excavator-models.webp\" alt=\"Image du probl\u00e8me du v\u00e9rin de godet\"><\/p>\n<h2>\u00c0 propos de notre entreprise<\/h2>\n<p>Nous sommes un fabricant et distributeur de premier plan de v\u00e9rins hydrauliques, offrant une gamme compl\u00e8te de produits aux march\u00e9s nationaux et internationaux. Notre entreprise s'appuie sur une strat\u00e9gie de gestion de la production industrialis\u00e9e ax\u00e9e sur l'excellence, et notamment sur un atelier de fabrication sophistiqu\u00e9, des techniciens qualifi\u00e9s, des \u00e9quipements de production num\u00e9riques de pointe et des syst\u00e8mes de contr\u00f4le professionnels. Nous am\u00e9liorons ainsi constamment notre plateforme de production, optimisons notre processus de fabrication et cultivons une forte capacit\u00e9 d'innovation. Nous nous engageons \u00e0 r\u00e9pondre aux besoins vari\u00e9s de nos clients avec efficacit\u00e9, pr\u00e9cision et qualit\u00e9.<\/p>\n<p><img decoding=\"async\" src=\"https:\/\/hzpt.com\/wp-content\/uploads\/2024\/11\/songte-company-1.webp\" alt=\"Image de l&#039;entreprise\"><\/p>\n<h3>Professionnalisme<\/h3>\n<p>Nous nous engageons \u00e0 fournir \u00e0 nos clients des conseils et des solutions professionnels, en veillant \u00e0 ce qu'ils obtiennent le produit adapt\u00e9 \u00e0 leurs besoins sp\u00e9cifiques.<\/p>\n<h3>Certification internationale<\/h3>\n<p>Nos produits sont certifi\u00e9s conformes aux normes internationales, garantissant ainsi qu'ils r\u00e9pondent aux besoins du march\u00e9 mondial.<\/p>\n<h3>Service de personnalisation<\/h3>\n<p>Nous proposons des services personnalis\u00e9s pour r\u00e9pondre aux besoins individuels de chaque client, en veillant \u00e0 ce qu'ils obtiennent un produit qui r\u00e9ponde \u00e0 leurs exigences sp\u00e9cifiques.<\/p>\n<h3>\u00c9quipement de production<\/h3>\n<p>Nos ateliers de fabrication sont \u00e9quip\u00e9s de machines ultramodernes afin de garantir une production de haute qualit\u00e9 de nos v\u00e9rins hydrauliques.<\/p>\n<h3>Service apr\u00e8s-vente<\/h3>\n<p>Nous proposons un service apr\u00e8s-vente complet afin de garantir \u00e0 nos clients l'assistance dont ils ont besoin tout au long de la dur\u00e9e de vie de leur v\u00e9rin hydraulique.<\/p>\n<h4>Auteur : lyl<\/h4>","protected":false},"excerpt":{"rendered":"<p>Bucket Cylinder For Caterpillar Small Excavator E302.4D Introduction A bucket cylinder is a specially designed hydraulic cylinder mainly used to control the movement of the bucket in heavy machinery such as excavators, backhoe loaders, and front loaders. Its main function is to enable the bucket to lift, lower and tilt to facilitate various material handling [&hellip;]<\/p>","protected":false},"featured_media":14773,"comment_status":"open","ping_status":"closed","template":"","meta":{"_et_pb_use_builder":"","_et_pb_old_content":"","_et_gb_content_width":""},"product_brand":[],"product_cat":[1494],"product_tag":[1495,1496],"class_list":{"0":"post-15201","1":"product","2":"type-product","3":"status-publish","4":"has-post-thumbnail","6":"product_cat-bucket-cylinders","7":"product_tag-bucket-cylinders","8":"product_tag-hydraulic-cylinders","10":"first","11":"instock","12":"shipping-taxable","13":"product-type-simple"},"amp_enabled":true,"_links":{"self":[{"href":"https:\/\/www.hydraulic-cylinders.net\/fr\/wp-json\/wp\/v2\/product\/15201","targetHints":{"allow":["GET"]}}],"collection":[{"href":"https:\/\/www.hydraulic-cylinders.net\/fr\/wp-json\/wp\/v2\/product"}],"about":[{"href":"https:\/\/www.hydraulic-cylinders.net\/fr\/wp-json\/wp\/v2\/types\/product"}],"replies":[{"embeddable":true,"href":"https:\/\/www.hydraulic-cylinders.net\/fr\/wp-json\/wp\/v2\/comments?post=15201"}],"wp:featuredmedia":[{"embeddable":true,"href":"https:\/\/www.hydraulic-cylinders.net\/fr\/wp-json\/wp\/v2\/media\/14773"}],"wp:attachment":[{"href":"https:\/\/www.hydraulic-cylinders.net\/fr\/wp-json\/wp\/v2\/media?parent=15201"}],"wp:term":[{"taxonomy":"product_brand","embeddable":true,"href":"https:\/\/www.hydraulic-cylinders.net\/fr\/wp-json\/wp\/v2\/product_brand?post=15201"},{"taxonomy":"product_cat","embeddable":true,"href":"https:\/\/www.hydraulic-cylinders.net\/fr\/wp-json\/wp\/v2\/product_cat?post=15201"},{"taxonomy":"product_tag","embeddable":true,"href":"https:\/\/www.hydraulic-cylinders.net\/fr\/wp-json\/wp\/v2\/product_tag?post=15201"}],"curies":[{"name":"wp","href":"https:\/\/api.w.org\/{rel}","templated":true}]}}