{"id":15203,"date":"2025-01-19T14:14:05","date_gmt":"2025-01-19T14:14:05","guid":{"rendered":"https:\/\/www.hydraulic-cylinders.net\/product\/bucket-cylinder-for-caterpillar-small-excavator-e308b\/"},"modified":"2025-01-19T14:14:07","modified_gmt":"2025-01-19T14:14:07","slug":"bucket-cylinder-for-caterpillar-small-excavator-e308b","status":"publish","type":"product","link":"https:\/\/www.hydraulic-cylinders.net\/fr\/produit\/bucket-cylinder-for-caterpillar-small-excavator-e308b\/","title":{"rendered":"V\u00e9rin de godet pour mini-pelle Caterpillar E308B"},"content":{"rendered":"<h1>V\u00e9rin de godet pour mini-pelle Caterpillar E308B<\/h1>\n<h2>Introduction<\/h2>\n<p>Un v\u00e9rin de godet est un v\u00e9rin hydraulique sp\u00e9cialis\u00e9, con\u00e7u principalement pour contr\u00f4ler les mouvements du godet sur les engins de chantier tels que les pelles hydrauliques, les tractopelles et les chargeuses frontales. Sa fonction principale est de permettre la lev\u00e9e, l'abaissement et l'inclinaison du godet, facilitant ainsi la manutention de divers mat\u00e9riaux. Dans un syst\u00e8me hydraulique, le v\u00e9rin de godet assure un contr\u00f4le pr\u00e9cis des mouvements du godet gr\u00e2ce \u00e0 la variation de la pression d'huile hydraulique, permettant aux op\u00e9rateurs de manipuler efficacement des charges lourdes et de s'adapter \u00e0 des environnements de travail complexes et \u00e0 des exigences vari\u00e9es.<\/p>\n<p><img decoding=\"async\" src=\"https:\/\/www.hydraulic-cylinders.net\/wp-content\/uploads\/2025\/01\/songte-company-2.webp\"><\/p>\n<h2>Caract\u00e9ristiques<\/h2>\n<ul>\n<li><strong>Haute r\u00e9sistance et durabilit\u00e9 :<\/strong> Fabriqu\u00e9 g\u00e9n\u00e9ralement en acier ou en aluminium \u00e0 haute r\u00e9sistance, il peut supporter une pression \u00e9lev\u00e9e et des charges importantes, s'adapter aux environnements de travail difficiles et est con\u00e7u pour r\u00e9sister \u00e0 l'usure et \u00e0 la corrosion afin d'allonger sa dur\u00e9e de vie.<\/li>\n<li><strong>Fonctionnement hydraulique efficace :<\/strong> Le v\u00e9rin du godet assure une extension et une r\u00e9traction fluides gr\u00e2ce \u00e0 la pression de l'huile hydraulique, permettant une r\u00e9ponse rapide aux commandes, fournissant des forces de pouss\u00e9e et de traction puissantes, et convient \u00e0 la manutention de charges lourdes et \u00e0 des t\u00e2ches complexes.<\/li>\n<li><strong>Diff\u00e9rents types :<\/strong> Le v\u00e9rin du godet peut \u00eatre choisi en version simple effet (fonctionnement hydraulique dans un seul sens) ou double effet (fonctionnement hydraulique dans les deux sens) afin de r\u00e9pondre aux diff\u00e9rentes exigences op\u00e9rationnelles. Certains mod\u00e8les sont t\u00e9lescopiques, ce qui permet une plus grande extension sans augmenter les dimensions ext\u00e9rieures et les rend adapt\u00e9s aux applications dans des espaces restreints.<\/li>\n<li><strong>Remplacement facile\u00a0:<\/strong> Nos produits peuvent parfaitement remplacer ces v\u00e9rins hydrauliques. <\/li>\n<\/ul>\n<p><img decoding=\"async\" src=\"https:\/\/www.hydraulic-cylinders.net\/wp-content\/uploads\/2025\/01\/songte-cylinder-head-with-all-kinds-excavator-models.webp\"><\/p>\n<h2>Applications<\/h2>\n<p>Le v\u00e9rin du godet est essentiel pour l'excavation, le chargement et le d\u00e9placement de terre ou de d\u00e9bris dans diverses machines lourdes, notamment\u00a0:<\/p>\n<ul>\n<li><strong>\u00c9quipement de construction :<\/strong> Sur les excavatrices, ils sont essentiels pour creuser, charger et d\u00e9placer la terre ou les d\u00e9bris. Sur les pelles r\u00e9trocaveuses, le v\u00e9rin du godet contribue au creusement et au levage. <\/li>\n<li><strong>Machines agricoles :<\/strong> Utilis\u00e9 pour les chargeuses frontales, pour ramasser, soulever et transporter de la terre, du foin et d'autres mat\u00e9riaux. <\/li>\n<li><strong>Excavateurs:<\/strong> Le v\u00e9rin du godet assure l'action de creusement en permettant au godet de p\u00e9n\u00e9trer dans le sol. <\/li>\n<li><strong>Chargeurs:<\/strong> Dans les chargeuses frontales, elles contribuent \u00e0 lever et \u00e0 d\u00e9charger efficacement les marchandises.<\/li>\n<\/ul>\n<h2>Consid\u00e9rations de conception et crit\u00e8res de s\u00e9lection<\/h2>\n<p>Lors du choix d'un v\u00e9rin de godet, plusieurs facteurs doivent \u00eatre pris en compte, notamment\u00a0:<\/p>\n<ul>\n<li><strong>Capacit\u00e9 portante :<\/strong> Le v\u00e9rin du godet doit pouvoir supporter le poids du mat\u00e9riau manipul\u00e9.<\/li>\n<li><strong>Scellage:<\/strong> Les diff\u00e9rents joints, tels que les joints de piston, les joints de tige, etc., doivent \u00eatre fabriqu\u00e9s \u00e0 partir de mat\u00e9riaux r\u00e9sistants \u00e0 l'usure comme le polyur\u00e9thane et le caoutchouc nitrile, et la surface du corps du cylindre et des extr\u00e9mit\u00e9s filet\u00e9es doit \u00eatre finement usin\u00e9e pour am\u00e9liorer la r\u00e9sistance \u00e0 l'usure.<\/li>\n<li><strong>Durabilit\u00e9:<\/strong> Le v\u00e9rin du godet doit \u00eatre fabriqu\u00e9 \u00e0 partir de mat\u00e9riaux \u00e0 haute r\u00e9sistance pour supporter une pression \u00e9lev\u00e9e et des charges importantes, et con\u00e7u avec des mat\u00e9riaux r\u00e9sistants \u00e0 l'usure et \u00e0 la corrosion afin d'allonger sa dur\u00e9e de vie.<\/li>\n<li><strong>S\u00e9curit\u00e9 et entretien :<\/strong> Le v\u00e9rin du godet doit \u00eatre con\u00e7u pour garantir un entretien s\u00fbr et facile, notamment un acc\u00e8s ais\u00e9 aux raccords pour l'inspection, un remplacement facile des joints ou autres pi\u00e8ces, etc.<\/li>\n<\/ul>\n<p><img decoding=\"async\" src=\"https:\/\/www.hydraulic-cylinders.net\/wp-content\/uploads\/2025\/01\/songte-oil-pipes-and-spare-parts.webp\"><\/p>\n<h2>\u00c9tanch\u00e9it\u00e9 et lubrification<\/h2>\n<p>Le v\u00e9rin du godet utilise divers joints d'\u00e9tanch\u00e9it\u00e9, tels que des joints de piston et de tige, fabriqu\u00e9s en mat\u00e9riaux r\u00e9sistants \u00e0 l'usure comme le polyur\u00e9thane et le caoutchouc nitrile. Le corps du v\u00e9rin et les surfaces des extr\u00e9mit\u00e9s filet\u00e9es sont usin\u00e9s avec pr\u00e9cision pour une meilleure r\u00e9sistance \u00e0 l'usure\u00a0; un apport r\u00e9gulier d'huile hydraulique est n\u00e9cessaire pour assurer la lubrification.<\/p>\n<h2>Maintenance pr\u00e9ventive et inspection<\/h2>\n<p>Une inspection r\u00e9guli\u00e8re et une maintenance pr\u00e9ventive permettent de r\u00e9duire les risques d'arr\u00eats impr\u00e9vus et d'allonger la dur\u00e9e de vie du v\u00e9rin du godet. Les t\u00e2ches de maintenance courantes comprennent\u00a0:<\/p>\n<ul>\n<li>Inspection r\u00e9guli\u00e8re<\/li>\n<li>Lubrification ad\u00e9quate<\/li>\n<li>remplacement du joint<\/li>\n<li>V\u00e9rification de l'\u00e9talonnage<\/li>\n<\/ul>\n<p><img decoding=\"async\" src=\"https:\/\/www.hydraulic-cylinders.net\/wp-content\/uploads\/2025\/01\/songte-chushion-collar.webp\"><\/p>\n<h2>Consid\u00e9rations de s\u00e9curit\u00e9 et facteurs environnementaux<\/h2>\n<p>Lors de l'utilisation du v\u00e9rin de godet, il est essentiel de respecter les consignes de s\u00e9curit\u00e9 afin de pr\u00e9venir les blessures et les dommages mat\u00e9riels. Des mesures de s\u00e9curit\u00e9 appropri\u00e9es doivent \u00eatre prises pour garantir une utilisation s\u00fbre du v\u00e9rin. Les facteurs environnementaux doivent \u00e9galement \u00eatre pris en compte afin de s'assurer que l'utilisation du v\u00e9rin est conforme \u00e0 la r\u00e9glementation en vigueur en mati\u00e8re de protection de l'environnement.<\/p>\n<h2>D\u00e9pannage et probl\u00e8mes courants<\/h2>\n<p>Voici quelques probl\u00e8mes courants pouvant survenir lors de l'utilisation du v\u00e9rin de godet\u00a0:<\/p>\n<ul>\n<li>Fuite de fluide hydraulique<\/li>\n<li>Bruits inhabituels pendant le fonctionnement<\/li>\n<li>Difficult\u00e9 \u00e0 contr\u00f4ler le godet<\/li>\n<\/ul>\n<p>Pour r\u00e9soudre ces probl\u00e8mes, il est conseill\u00e9 de consulter un professionnel. Un entretien r\u00e9gulier peut contribuer \u00e0 pr\u00e9venir leur apparition.<\/p>\n<p><img decoding=\"async\" src=\"https:\/\/www.hydraulic-cylinders.net\/wp-content\/uploads\/2025\/01\/songte-bushings-with-all-kinds-of-excavator-models.webp\"><\/p>\n<h2>\u00c0 propos de notre entreprise<\/h2>\n<p>Nous sommes un fabricant de v\u00e9rins hydrauliques de remplacement, offrant une gamme compl\u00e8te de produits. Nous figurons parmi les principaux fabricants et distributeurs de v\u00e9rins hydrauliques sur les march\u00e9s nationaux et internationaux. Attach\u00e9s \u00e0 l'excellence, nous nous appuyons sur des strat\u00e9gies de gestion de production industrialis\u00e9es au sein d'ateliers de fabrication \u00e0 la pointe de la technologie. Notre entreprise am\u00e9liore constamment ses installations de production, optimise ses processus de fabrication et fait preuve d'une grande cr\u00e9ativit\u00e9. Gr\u00e2ce \u00e0 nos principes d'efficacit\u00e9, de pr\u00e9cision et de qualit\u00e9, nous r\u00e9pondons aux besoins vari\u00e9s de nos clients.<\/p>\n<p>Notre entreprise poss\u00e8de plusieurs certifications internationales et propose des services personnalis\u00e9s, des \u00e9quipements de fabrication num\u00e9rique haut de gamme et des syst\u00e8mes de test professionnels. Nous mettons tout en \u0153uvre pour vous offrir les meilleurs produits et services.<\/p>\n<h3>Sp\u00e9cialit\u00e9s<\/h3>\n<ul>\n<li>Certification internationale<\/li>\n<li>Services de personnalisation<\/li>\n<li>\u00c9quipements de fabrication haut de gamme<\/li>\n<li>Service apr\u00e8s-vente<\/li>\n<\/ul>\n<p><img decoding=\"async\" src=\"https:\/\/hzpt.com\/wp-content\/uploads\/2024\/11\/songte-company-1.webp\"><\/p>\n<p>Auteur : lyl.<\/p>","protected":false},"excerpt":{"rendered":"<p>Bucket Cylinder For Caterpillar Small Excavator E308B Introduction A bucket cylinder is a specialized hydraulic cylinder designed primarily for controlling the movement of the bucket in heavy machinery such as excavators, backhoes, and front-end loaders. Its main function is to enable the bucket to lift, lower, and tilt, making it easy to handle various material-handling [&hellip;]<\/p>","protected":false},"featured_media":14769,"comment_status":"open","ping_status":"closed","template":"","meta":{"_et_pb_use_builder":"","_et_pb_old_content":"","_et_gb_content_width":""},"product_brand":[],"product_cat":[1494],"product_tag":[1495,1496],"class_list":{"0":"post-15203","1":"product","2":"type-product","3":"status-publish","4":"has-post-thumbnail","6":"product_cat-bucket-cylinders","7":"product_tag-bucket-cylinders","8":"product_tag-hydraulic-cylinders","10":"first","11":"instock","12":"shipping-taxable","13":"product-type-simple"},"amp_enabled":true,"_links":{"self":[{"href":"https:\/\/www.hydraulic-cylinders.net\/fr\/wp-json\/wp\/v2\/product\/15203","targetHints":{"allow":["GET"]}}],"collection":[{"href":"https:\/\/www.hydraulic-cylinders.net\/fr\/wp-json\/wp\/v2\/product"}],"about":[{"href":"https:\/\/www.hydraulic-cylinders.net\/fr\/wp-json\/wp\/v2\/types\/product"}],"replies":[{"embeddable":true,"href":"https:\/\/www.hydraulic-cylinders.net\/fr\/wp-json\/wp\/v2\/comments?post=15203"}],"wp:featuredmedia":[{"embeddable":true,"href":"https:\/\/www.hydraulic-cylinders.net\/fr\/wp-json\/wp\/v2\/media\/14769"}],"wp:attachment":[{"href":"https:\/\/www.hydraulic-cylinders.net\/fr\/wp-json\/wp\/v2\/media?parent=15203"}],"wp:term":[{"taxonomy":"product_brand","embeddable":true,"href":"https:\/\/www.hydraulic-cylinders.net\/fr\/wp-json\/wp\/v2\/product_brand?post=15203"},{"taxonomy":"product_cat","embeddable":true,"href":"https:\/\/www.hydraulic-cylinders.net\/fr\/wp-json\/wp\/v2\/product_cat?post=15203"},{"taxonomy":"product_tag","embeddable":true,"href":"https:\/\/www.hydraulic-cylinders.net\/fr\/wp-json\/wp\/v2\/product_tag?post=15203"}],"curies":[{"name":"wp","href":"https:\/\/api.w.org\/{rel}","templated":true}]}}