{"id":15205,"date":"2025-01-19T14:14:12","date_gmt":"2025-01-19T14:14:12","guid":{"rendered":"https:\/\/www.hydraulic-cylinders.net\/product\/bucket-cylinder-for-caterpillar-small-excavator-e314dcr\/"},"modified":"2025-01-19T14:14:14","modified_gmt":"2025-01-19T14:14:14","slug":"bucket-cylinder-for-caterpillar-small-excavator-e314dcr","status":"publish","type":"product","link":"https:\/\/www.hydraulic-cylinders.net\/fr\/produit\/bucket-cylinder-for-caterpillar-small-excavator-e314dcr\/","title":{"rendered":"V\u00e9rin de godet pour mini-pelle Caterpillar E314DCR"},"content":{"rendered":"<h1>V\u00e9rin de godet pour mini-pelle Caterpillar E314DCR<\/h1>\n<h2>Introduction<\/h2>\n<p>Le v\u00e9rin de godet pour mini-pelle Caterpillar E314DCR est un v\u00e9rin hydraulique sp\u00e9cialis\u00e9 con\u00e7u pour contr\u00f4ler les mouvements du godet sur les engins de chantier tels que les pelles hydrauliques, les pelles r\u00e9tro et les chargeuses frontales. Sa fonction principale est de permettre la lev\u00e9e, l'abaissement et l'inclinaison du godet, facilitant ainsi la manutention de divers mat\u00e9riaux. Au sein du syst\u00e8me hydraulique, le v\u00e9rin de godet assure un contr\u00f4le pr\u00e9cis des mouvements du godet gr\u00e2ce \u00e0 la variation de la pression d'huile hydraulique, permettant aux op\u00e9rateurs de manipuler efficacement des charges lourdes et de s'adapter \u00e0 des environnements de travail complexes et \u00e0 des exigences vari\u00e9es.<\/p>\n<p><img decoding=\"async\" src=\"https:\/\/www.hydraulic-cylinders.net\/wp-content\/uploads\/2025\/01\/songte-company-2.webp\"><\/p>\n<h2>Caract\u00e9ristiques<\/h2>\n<ul>\n<li>Haute r\u00e9sistance et durabilit\u00e9 : G\u00e9n\u00e9ralement fabriqu\u00e9 en acier ou en aluminium \u00e0 haute r\u00e9sistance, il peut supporter une pression \u00e9lev\u00e9e et des charges importantes, s'adapter aux environnements de travail difficiles et est con\u00e7u pour r\u00e9sister \u00e0 l'usure et \u00e0 la corrosion afin de prolonger sa dur\u00e9e de vie.<\/li>\n<li>Fonctionnement hydraulique efficace : Utilisant la pression de l'huile hydraulique pour assurer une expansion et une contraction en douceur, il peut r\u00e9pondre rapidement aux commandes, fournir une force de pouss\u00e9e et de traction puissante et convient \u00e0 la manutention de charges lourdes et \u00e0 des t\u00e2ches de travail complexes.<\/li>\n<li>Diff\u00e9rents types sont disponibles\u00a0: les v\u00e9rins \u00e0 simple effet (actionnement hydraulique dans un seul sens) ou \u00e0 double effet (actionnement hydraulique dans les deux sens) peuvent \u00eatre s\u00e9lectionn\u00e9s en fonction des besoins pour r\u00e9pondre \u00e0 diff\u00e9rentes exigences op\u00e9rationnelles. Certains mod\u00e8les sont t\u00e9lescopiques, ce qui permet une plus grande extension sans augmenter les dimensions ext\u00e9rieures et les rend adapt\u00e9s aux applications \u00e0 espace restreint.<\/li>\n<li>Personnalisable : Nous pouvons fabriquer ce produit et nos produits peuvent parfaitement remplacer ces v\u00e9rins hydrauliques.<\/li>\n<\/ul>\n<p><img decoding=\"async\" src=\"https:\/\/www.hydraulic-cylinders.net\/wp-content\/uploads\/2025\/01\/songte-cylinder-head-with-all-kinds-excavator-models.webp\"><\/p>\n<h2>Applications<\/h2>\n<p>Le v\u00e9rin de godet pour la petite pelle Caterpillar E314DCR est largement utilis\u00e9 dans diverses industries, notamment\u00a0:<\/p>\n<ul>\n<li>Mat\u00e9riel de construction\u00a0: Sur les pelles hydrauliques, les v\u00e9rins sont indispensables pour l\u2019excavation, le chargement et le d\u00e9placement de terre ou de d\u00e9bris. Sur les pelles r\u00e9tro, les v\u00e9rins du godet facilitent \u00e0 la fois l\u2019excavation et le levage. Sur les chargeuses frontales, ils permettent de lever et de d\u00e9charger efficacement les mat\u00e9riaux.<\/li>\n<li>Machines agricoles\u00a0: Utilis\u00e9s dans les chargeuses frontales pour ramasser, soulever et transporter la terre, le foin et autres mat\u00e9riaux. Dans les excavatrices, les v\u00e9rins du godet permettent l\u2019excavation en faisant p\u00e9n\u00e9trer le godet dans le sol.<\/li>\n<\/ul>\n<p>Ce ne sont l\u00e0 que quelques exemples des nombreuses applications des v\u00e9rins de godet dans diverses industries.<\/p>\n<h2>Consid\u00e9rations de conception et crit\u00e8res de s\u00e9lection<\/h2>\n<p>Lors du choix d'un v\u00e9rin de godet, plusieurs facteurs doivent \u00eatre pris en compte\u00a0:<\/p>\n<ul>\n<li>Capacit\u00e9 de charge : Le v\u00e9rin doit pouvoir supporter le poids de la charge soulev\u00e9e sans d\u00e9faillance.<\/li>\n<li>\u00c9tanch\u00e9it\u00e9\u00a0: Diff\u00e9rents types de joints, tels que les joints de piston et les joints de tige, doivent \u00eatre utilis\u00e9s de mani\u00e8re appropri\u00e9e afin de pr\u00e9venir les fuites d\u2019huile hydraulique et d\u2019assurer un fonctionnement optimal. Ces joints doivent \u00eatre fabriqu\u00e9s dans des mat\u00e9riaux r\u00e9sistants \u00e0 l\u2019usure, comme le polyur\u00e9thane et le caoutchouc nitrile.<\/li>\n<li>Durabilit\u00e9 : Le cylindre doit \u00eatre con\u00e7u en tenant compte de sa r\u00e9sistance \u00e0 l'usure et \u00e0 la corrosion afin de prolonger sa dur\u00e9e de vie.<\/li>\n<li>S\u00e9curit\u00e9 : Le cylindre doit \u00eatre con\u00e7u avec des dispositifs de s\u00e9curit\u00e9 tels que des soupapes de d\u00e9charge de pression et des verrous de s\u00e9curit\u00e9 afin de pr\u00e9venir les accidents.<\/li>\n<li>Facilit\u00e9 d'entretien\u00a0: Le cylindre doit \u00eatre con\u00e7u pour un entretien facile, avec des pi\u00e8ces rempla\u00e7ables et des proc\u00e9dures de remise en \u00e9tat claires.<\/li>\n<\/ul>\n<p><img decoding=\"async\" src=\"https:\/\/www.hydraulic-cylinders.net\/wp-content\/uploads\/2025\/01\/songte-oil-pipes-and-spare-parts.webp\"><\/p>\n<h2>\u00c9tanch\u00e9it\u00e9 et lubrification<\/h2>\n<p>Le v\u00e9rin du godet doit \u00eatre \u00e9quip\u00e9 de joints d'\u00e9tanch\u00e9it\u00e9 afin de pr\u00e9venir les fuites d'huile hydraulique et d'assurer un fonctionnement optimal. Ces joints doivent \u00eatre fabriqu\u00e9s dans des mat\u00e9riaux r\u00e9sistants \u00e0 l'usure, tels que le polyur\u00e9thane et le caoutchouc nitrile. Le corps du v\u00e9rin et la surface filet\u00e9e doivent \u00eatre usin\u00e9s avec pr\u00e9cision pour une meilleure r\u00e9sistance \u00e0 l'usure. Enfin, il est n\u00e9cessaire d'ajouter r\u00e9guli\u00e8rement une quantit\u00e9 appropri\u00e9e d'huile hydraulique pour la lubrification.<\/p>\n<h2>Mesures d'inspection et de maintenance pr\u00e9ventive<\/h2>\n<p>Des inspections r\u00e9guli\u00e8res et des mesures d'entretien pr\u00e9ventif peuvent prolonger la dur\u00e9e de vie du v\u00e9rin du godet. Voici quelques t\u00e2ches d'entretien courantes\u00a0:<\/p>\n<ul>\n<li>Inspection r\u00e9guli\u00e8re\u00a0: v\u00e9rifier l\u2019absence de fuites d\u2019huile, de signes d\u2019usure et tout bruit inhabituel pendant le fonctionnement.<\/li>\n<li>Lubrification ad\u00e9quate\u00a0: ajouter la quantit\u00e9 appropri\u00e9e d\u2019huile hydraulique \u00e0 intervalles r\u00e9guliers.<\/li>\n<li>Remplacement des joints et contr\u00f4le d'\u00e9talonnage\u00a0: Remplacez r\u00e9guli\u00e8rement les joints us\u00e9s et v\u00e9rifiez l'\u00e9talonnage du cylindre.<\/li>\n<\/ul>\n<p>Lors de l'installation, il est important d'aligner correctement le cylindre et d'utiliser les supports de fixation appropri\u00e9s pour le maintenir en place. Le respect des proc\u00e9dures d'inspection, de r\u00e9paration et de remplacement recommand\u00e9es permet de prolonger la dur\u00e9e de vie du cylindre.<\/p>\n<p><img decoding=\"async\" src=\"https:\/\/www.hydraulic-cylinders.net\/wp-content\/uploads\/2025\/01\/songte-chushion-collar.webp\"><\/p>\n<h2>Consid\u00e9rations de s\u00e9curit\u00e9 et facteurs environnementaux<\/h2>\n<p>Lors de l'utilisation du v\u00e9rin de godet, il est important de respecter les consignes de s\u00e9curit\u00e9, notamment le port d'\u00e9quipements de protection individuelle et le travail dans un endroit bien ventil\u00e9. L'\u00e9limination appropri\u00e9e de l'huile hydraulique usag\u00e9e est \u00e9galement essentielle pour la protection de l'environnement.<\/p>\n<h2>D\u00e9pannage et probl\u00e8mes courants<\/h2>\n<p>Les probl\u00e8mes courants rencontr\u00e9s avec les v\u00e9rins de godet incluent les fuites d'huile, une pression insuffisante et des bruits anormaux pendant le fonctionnement. Des conseils et des solutions de d\u00e9pannage sont disponibles pour vous aider \u00e0 diagnostiquer et \u00e0 r\u00e9soudre ces probl\u00e8mes, et des mesures pr\u00e9ventives peuvent contribuer \u00e0 r\u00e9duire les risques.<\/p>\n<p><img decoding=\"async\" src=\"https:\/\/www.hydraulic-cylinders.net\/wp-content\/uploads\/2025\/01\/songte-bushings-with-all-kinds-of-excavator-models.webp\"><\/p>\n<h2>\u00c0 propos de notre entreprise<\/h2>\n<p>Nous sommes un fabricant de v\u00e9rins hydrauliques de remplacement offrant une gamme compl\u00e8te de produits et figurant parmi les principaux fabricants et distributeurs de v\u00e9rins hydrauliques sur les march\u00e9s nationaux et internationaux. Notre priorit\u00e9 est la qualit\u00e9, et nous nous appuyons sur une strat\u00e9gie de gestion de production industrialis\u00e9e au sein d'ateliers de fabrication de pointe. Nous am\u00e9liorons constamment nos installations et la qualit\u00e9 de notre production. Notre forte capacit\u00e9 d'innovation nous permet de r\u00e9pondre aux besoins vari\u00e9s de nos clients avec efficacit\u00e9, pr\u00e9cision et un souci constant de la qualit\u00e9.<\/p>\n<p>Nous proposons des services professionnels, une certification internationale, des services personnalis\u00e9s, des \u00e9quipements de production et un service apr\u00e8s-vente pour r\u00e9pondre aux besoins et aux attentes de nos clients.<\/p>\n<p><img decoding=\"async\" src=\"https:\/\/hzpt.com\/wp-content\/uploads\/2024\/11\/songte-company-1.webp\"><\/p>\n<h2>\u00c0 propos de l'auteur<\/h2>\n<p>Auteur : lyl<\/p>","protected":false},"excerpt":{"rendered":"<p>Bucket Cylinder For Caterpillar Small Excavator E314DCR Introduction The bucket cylinder for Caterpillar small excavator E314DCR is a specialized hydraulic cylinder designed for controlling the movement of the bucket in heavy machinery, such as excavators, backhoe excavators, and front-end loaders. Its main function is to enable the bucket to lift, lower, and tilt, making it [&hellip;]<\/p>","protected":false},"featured_media":14762,"comment_status":"open","ping_status":"closed","template":"","meta":{"_et_pb_use_builder":"","_et_pb_old_content":"","_et_gb_content_width":""},"product_brand":[],"product_cat":[1494],"product_tag":[1495,1496],"class_list":{"0":"post-15205","1":"product","2":"type-product","3":"status-publish","4":"has-post-thumbnail","6":"product_cat-bucket-cylinders","7":"product_tag-bucket-cylinders","8":"product_tag-hydraulic-cylinders","10":"first","11":"instock","12":"shipping-taxable","13":"product-type-simple"},"amp_enabled":true,"_links":{"self":[{"href":"https:\/\/www.hydraulic-cylinders.net\/fr\/wp-json\/wp\/v2\/product\/15205","targetHints":{"allow":["GET"]}}],"collection":[{"href":"https:\/\/www.hydraulic-cylinders.net\/fr\/wp-json\/wp\/v2\/product"}],"about":[{"href":"https:\/\/www.hydraulic-cylinders.net\/fr\/wp-json\/wp\/v2\/types\/product"}],"replies":[{"embeddable":true,"href":"https:\/\/www.hydraulic-cylinders.net\/fr\/wp-json\/wp\/v2\/comments?post=15205"}],"wp:featuredmedia":[{"embeddable":true,"href":"https:\/\/www.hydraulic-cylinders.net\/fr\/wp-json\/wp\/v2\/media\/14762"}],"wp:attachment":[{"href":"https:\/\/www.hydraulic-cylinders.net\/fr\/wp-json\/wp\/v2\/media?parent=15205"}],"wp:term":[{"taxonomy":"product_brand","embeddable":true,"href":"https:\/\/www.hydraulic-cylinders.net\/fr\/wp-json\/wp\/v2\/product_brand?post=15205"},{"taxonomy":"product_cat","embeddable":true,"href":"https:\/\/www.hydraulic-cylinders.net\/fr\/wp-json\/wp\/v2\/product_cat?post=15205"},{"taxonomy":"product_tag","embeddable":true,"href":"https:\/\/www.hydraulic-cylinders.net\/fr\/wp-json\/wp\/v2\/product_tag?post=15205"}],"curies":[{"name":"wp","href":"https:\/\/api.w.org\/{rel}","templated":true}]}}