{"id":15211,"date":"2025-01-19T14:14:36","date_gmt":"2025-01-19T14:14:36","guid":{"rendered":"https:\/\/www.hydraulic-cylinders.net\/product\/bucket-cylinder-for-caterpillar-small-excavator-e315c\/"},"modified":"2025-01-19T14:14:38","modified_gmt":"2025-01-19T14:14:38","slug":"bucket-cylinder-for-caterpillar-small-excavator-e315c","status":"publish","type":"product","link":"https:\/\/www.hydraulic-cylinders.net\/fr\/produit\/bucket-cylinder-for-caterpillar-small-excavator-e315c\/","title":{"rendered":"Cylindre de godet pour petite pelle Caterpillar E315C"},"content":{"rendered":"<h1>Cylindre de godet pour petite pelle Caterpillar E315C<\/h1>\n<h2>Introduction<\/h2>\n<p>Le v\u00e9rin de godet de la mini-pelle Caterpillar E315C est un v\u00e9rin hydraulique sp\u00e9cialis\u00e9 con\u00e7u pour contr\u00f4ler les mouvements du godet sur les engins de chantier tels que les pelles hydrauliques, les chargeuses-pelleteuses et les chargeuses frontales. Sa fonction principale est de permettre le levage, l'abaissement et l'inclinaison du godet, facilitant ainsi diverses op\u00e9rations de manutention. Dans un syst\u00e8me hydraulique, le v\u00e9rin de godet assure un contr\u00f4le pr\u00e9cis du godet gr\u00e2ce aux variations de pression d'huile hydraulique, permettant aux op\u00e9rateurs de manipuler efficacement des charges lourdes et de s'adapter \u00e0 des environnements de travail complexes et \u00e0 des exigences vari\u00e9es.<\/p>\n<p><img decoding=\"async\" src=\"https:\/\/www.hydraulic-cylinders.net\/wp-content\/uploads\/2025\/01\/songte-company-2.webp\" \/><\/p>\n<h2>Caract\u00e9ristiques<\/h2>\n<ul>\n<li>Haute r\u00e9sistance et durabilit\u00e9\u00a0: g\u00e9n\u00e9ralement fabriqu\u00e9 en acier ou en aluminium haute r\u00e9sistance, le v\u00e9rin du godet supporte les hautes pressions et les charges importantes, s\u2019adaptant ainsi aux environnements de travail difficiles. Sa conception assure une r\u00e9sistance \u00e0 l\u2019usure et \u00e0 la corrosion, prolongeant sa dur\u00e9e de vie.<\/li>\n<li>Fonctionnement hydraulique efficace\u00a0: gr\u00e2ce \u00e0 la pression de l\u2019huile hydraulique, le v\u00e9rin du godet assure des mouvements d\u2019extension et de r\u00e9traction fluides, permettant une r\u00e9ponse rapide aux commandes et fournissant des forces de pouss\u00e9e et de traction puissantes, adapt\u00e9es \u00e0 la manutention de charges lourdes et aux t\u00e2ches complexes.<\/li>\n<li>Diff\u00e9rents types\u00a0: Le v\u00e9rin du godet peut \u00eatre choisi en version simple effet (fluide hydraulique circulant dans un seul sens) ou double effet (fluide hydraulique circulant dans les deux sens), selon les besoins op\u00e9rationnels. Certains mod\u00e8les sont t\u00e9lescopiques, ce qui permet une plus grande extension sans augmenter les dimensions ext\u00e9rieures et les rend adapt\u00e9s aux applications dans des espaces restreints.<\/li>\n<li>Pi\u00e8ce de rechange id\u00e9ale : Notre entreprise peut fabriquer ce produit et offrir une solution de remplacement id\u00e9ale pour ces v\u00e9rins hydrauliques.<\/li>\n<\/ul>\n<p><img decoding=\"async\" src=\"https:\/\/www.hydraulic-cylinders.net\/wp-content\/uploads\/2025\/01\/songte-cylinder-head-with-all-kinds-excavator-models.webp\" \/><\/p>\n<h2>Applications<\/h2>\n<p>Le v\u00e9rin de godet pour la petite pelle Caterpillar E315C trouve son utilisation dans divers \u00e9quipements et industries, notamment\u00a0:<\/p>\n<h3>\u00c9quipement de construction<\/h3>\n<p>Sur les excavatrices, ils sont essentiels pour creuser, charger et d\u00e9placer la terre ou les d\u00e9bris. Sur les chargeuses-pelleteuses, le v\u00e9rin du godet participe \u00e0 la fois au creusement et au levage.<\/p>\n<h3>machines agricoles<\/h3>\n<p>Utilis\u00e9 dans les chargeurs frontaux pour ramasser, soulever et transporter de la terre, du foin et d'autres mat\u00e9riaux.<\/p>\n<h3>Excavateurs<\/h3>\n<p>Le v\u00e9rin du godet permet \u00e0 celui-ci de p\u00e9n\u00e9trer dans le sol, permettant ainsi l'action de creuser.<\/p>\n<h3>Chargeurs<\/h3>\n<p>Sur les chargeuses frontales, elles facilitent le levage et le d\u00e9chargement efficace des marchandises.<\/p>\n<h2>Consid\u00e9rations de conception et crit\u00e8res de s\u00e9lection<\/h2>\n<ul>\n<li>Capacit\u00e9 de charge : La conception du v\u00e9rin du godet prend en compte sa capacit\u00e9 \u00e0 r\u00e9sister \u00e0 des charges lourdes et \u00e0 une pression \u00e9lev\u00e9e.<\/li>\n<li>\u00c9tanch\u00e9it\u00e9\u00a0: Diff\u00e9rents types de joints, tels que les joints de piston et les joints de tige, sont utilis\u00e9s. Ces joints sont fabriqu\u00e9s \u00e0 partir de mat\u00e9riaux r\u00e9sistants \u00e0 l\u2019usure, comme le polyur\u00e9thane et le caoutchouc nitrile. Le corps du cylindre et les surfaces d\u2019extr\u00e9mit\u00e9 filet\u00e9es subissent un traitement de pr\u00e9cision afin d\u2019am\u00e9liorer leur r\u00e9sistance \u00e0 l\u2019usure.<\/li>\n<li>Durabilit\u00e9 : Le v\u00e9rin du godet est con\u00e7u pour \u00eatre durable et r\u00e9sister aux conditions d'utilisation difficiles.<\/li>\n<li>S\u00e9curit\u00e9 : Les consid\u00e9rations de s\u00e9curit\u00e9 sont prises en compte lors du processus de conception afin de garantir un fonctionnement s\u00fbr.<\/li>\n<li>Facilit\u00e9 d'entretien : Le produit est con\u00e7u pour faciliter l'entretien et la r\u00e9paration.<\/li>\n<\/ul>\n<p><img decoding=\"async\" src=\"https:\/\/www.hydraulic-cylinders.net\/wp-content\/uploads\/2025\/01\/songte-oil-pipes-and-spare-parts.webp\" \/><\/p>\n<h2>\u00c9tanch\u00e9it\u00e9 et lubrification<\/h2>\n<p>Le v\u00e9rin du godet utilise diff\u00e9rents composants d'\u00e9tanch\u00e9it\u00e9, tels que des joints de piston et des joints de tige. Ces joints sont fabriqu\u00e9s \u00e0 partir de mat\u00e9riaux r\u00e9sistants \u00e0 l'usure, comme le polyur\u00e9thane et le caoutchouc nitrile. Le corps du v\u00e9rin et les surfaces d'extr\u00e9mit\u00e9 filet\u00e9es subissent un traitement de pr\u00e9cision afin d'am\u00e9liorer leur r\u00e9sistance \u00e0 l'usure. Une lubrification r\u00e9guli\u00e8re est n\u00e9cessaire, et une quantit\u00e9 appropri\u00e9e d'huile hydraulique doit \u00eatre ajout\u00e9e pour assurer un fonctionnement optimal.<\/p>\n<h2>Mesures d'inspection r\u00e9guli\u00e8re et de maintenance pr\u00e9ventive<\/h2>\n<ul>\n<li>Inspectez r\u00e9guli\u00e8rement le v\u00e9rin du godet pour d\u00e9tecter tout signe d'usure, de dommage ou de fuite.<\/li>\n<li>Assurer une lubrification ad\u00e9quate de toutes les pi\u00e8ces mobiles.<\/li>\n<li>Remplacez les joints si n\u00e9cessaire.<\/li>\n<li>Effectuez des contr\u00f4les d'\u00e9talonnage pour maintenir des performances optimales.<\/li>\n<\/ul>\n<h2>Guide d'installation du produit<\/h2>\n<p>Une installation correcte est essentielle au bon fonctionnement du v\u00e9rin du godet. Suivez ces instructions\u00a0:<\/p>\n<ul>\n<li>Veillez \u00e0 aligner correctement le cylindre lors de l'installation.<\/li>\n<li>Utilisez les supports de fixation appropri\u00e9s pour monter solidement le cylindre.<\/li>\n<li>Suivez les proc\u00e9dures d\u2019inspection, de r\u00e9paration et de remplacement recommand\u00e9es.<\/li>\n<li>Fournir des conseils pour prolonger la dur\u00e9e de vie du v\u00e9rin du godet.<\/li>\n<\/ul>\n<p><img decoding=\"async\" src=\"https:\/\/www.hydraulic-cylinders.net\/wp-content\/uploads\/2025\/01\/songte-chushion-collar.webp\" \/><\/p>\n<h2>Consid\u00e9rations de s\u00e9curit\u00e9 et facteurs environnementaux<\/h2>\n<p>Lors de l'utilisation du v\u00e9rin de godet, il est important de privil\u00e9gier les mesures de s\u00e9curit\u00e9 afin de pr\u00e9venir les accidents et d'assurer le bien-\u00eatre des op\u00e9rateurs et de l'environnement.<\/p>\n<h2>D\u00e9pannage et probl\u00e8mes courants<\/h2>\n<p>En cas de probl\u00e8me avec le v\u00e9rin du godet, reportez-vous aux conseils et solutions de d\u00e9pannage suivants\u00a0:<\/p>\n<ul>\n<li>Fournir des conseils et des solutions pour un diagnostic et une r\u00e9solution de probl\u00e8mes efficaces.<\/li>\n<li>Proposer des mesures pr\u00e9ventives pour minimiser les probl\u00e8mes potentiels.<\/li>\n<\/ul>\n<p><img decoding=\"async\" src=\"https:\/\/www.hydraulic-cylinders.net\/wp-content\/uploads\/2025\/01\/songte-bushings-with-all-kinds-of-excavator-models.webp\" \/><\/p>\n<p>N'oubliez pas d'organiser l'article de mani\u00e8re logique, d'utiliser des sous-titres pour faciliter la navigation, d'int\u00e9grer des images ou des graphiques pertinents pour une meilleure compr\u00e9hension et de veiller \u00e0 ce que le contenu soit clair, concis et adapt\u00e9 aux lecteurs ayant diff\u00e9rents niveaux de connaissances techniques.<\/p>\n<h2>\u00c0 propos de notre entreprise<\/h2>\n<p>Nous sommes un fabricant de v\u00e9rins hydrauliques de remplacement et proposons une large gamme de produits. Nous figurons parmi les principaux fabricants et distributeurs de v\u00e9rins hydrauliques sur les march\u00e9s nationaux et internationaux. Nous nous engageons \u00e0 fournir une qualit\u00e9 irr\u00e9prochable et mettons en \u0153uvre des strat\u00e9gies de gestion de production industrialis\u00e9es dans nos ateliers de fabrication de pointe. Gr\u00e2ce \u00e0 nos \u00e9quipes techniques qualifi\u00e9es, \u00e0 nos \u00e9quipements de production avanc\u00e9s et \u00e0 nos syst\u00e8mes de contr\u00f4le qualit\u00e9 professionnels, nous am\u00e9liorons constamment notre plateforme de production et nos processus de fabrication. Notre forte capacit\u00e9 d'innovation nous permet de fournir des produits performants, pr\u00e9cis et de haute qualit\u00e9, r\u00e9pondant ainsi aux besoins vari\u00e9s de nos clients.<\/p>\n<p><img decoding=\"async\" src=\"https:\/\/www.hydraulic-cylinders.net\/wp-content\/uploads\/2025\/01\/songte-company-3.webp\" \/><\/p>\n<h3>Professionnalisme<\/h3>\n<p>Nous mettons l'accent sur le professionnalisme dans tous les aspects de nos op\u00e9rations, de la production au service \u00e0 la client\u00e8le.<\/p>\n<h3>Certifications internationales<\/h3>\n<p>Nous avons obtenu diverses certifications internationales, garantissant la qualit\u00e9 et la fiabilit\u00e9 de nos produits.<\/p>\n<h3>Services de personnalisation<\/h3>\n<p>Nous proposons des services de personnalisation pour r\u00e9pondre aux besoins sp\u00e9cifiques de nos clients.<\/p>\n<h3>\u00c9quipement de production<\/h3>\n<p>Nous utilisons des \u00e9quipements de production de pointe pour garantir la pr\u00e9cision et la qualit\u00e9 de nos v\u00e9rins hydrauliques.<\/p>\n<h3>Service apr\u00e8s-vente<\/h3>\n<p>Nous assurons un service apr\u00e8s-vente complet, incluant le remplacement et la remise en \u00e9tat des pi\u00e8ces, afin de prolonger la dur\u00e9e de vie de nos v\u00e9rins hydrauliques.<\/p>\n<p>Auteur : lyl<\/p>\n<p><img decoding=\"async\" src=\"https:\/\/hzpt.com\/wp-content\/uploads\/2024\/11\/songte-company-1.webp\" \/><\/p>","protected":false},"excerpt":{"rendered":"<p>Bucket Cylinder For Caterpillar Small Excavator E315C Introduction The bucket cylinder for Caterpillar small excavator E315C is a specialized hydraulic cylinder designed to control the movement of the bucket in heavy machinery such as excavators, backhoe loaders, and front-end loaders. Its main function is to enable the lifting, lowering, and tilting of the bucket, facilitating [&hellip;]<\/p>","protected":false},"featured_media":14784,"comment_status":"open","ping_status":"closed","template":"","meta":{"_et_pb_use_builder":"","_et_pb_old_content":"","_et_gb_content_width":""},"product_brand":[],"product_cat":[1494],"product_tag":[1495,1496],"class_list":{"0":"post-15211","1":"product","2":"type-product","3":"status-publish","4":"has-post-thumbnail","6":"product_cat-bucket-cylinders","7":"product_tag-bucket-cylinders","8":"product_tag-hydraulic-cylinders","10":"first","11":"instock","12":"shipping-taxable","13":"product-type-simple"},"amp_enabled":true,"_links":{"self":[{"href":"https:\/\/www.hydraulic-cylinders.net\/fr\/wp-json\/wp\/v2\/product\/15211","targetHints":{"allow":["GET"]}}],"collection":[{"href":"https:\/\/www.hydraulic-cylinders.net\/fr\/wp-json\/wp\/v2\/product"}],"about":[{"href":"https:\/\/www.hydraulic-cylinders.net\/fr\/wp-json\/wp\/v2\/types\/product"}],"replies":[{"embeddable":true,"href":"https:\/\/www.hydraulic-cylinders.net\/fr\/wp-json\/wp\/v2\/comments?post=15211"}],"wp:featuredmedia":[{"embeddable":true,"href":"https:\/\/www.hydraulic-cylinders.net\/fr\/wp-json\/wp\/v2\/media\/14784"}],"wp:attachment":[{"href":"https:\/\/www.hydraulic-cylinders.net\/fr\/wp-json\/wp\/v2\/media?parent=15211"}],"wp:term":[{"taxonomy":"product_brand","embeddable":true,"href":"https:\/\/www.hydraulic-cylinders.net\/fr\/wp-json\/wp\/v2\/product_brand?post=15211"},{"taxonomy":"product_cat","embeddable":true,"href":"https:\/\/www.hydraulic-cylinders.net\/fr\/wp-json\/wp\/v2\/product_cat?post=15211"},{"taxonomy":"product_tag","embeddable":true,"href":"https:\/\/www.hydraulic-cylinders.net\/fr\/wp-json\/wp\/v2\/product_tag?post=15211"}],"curies":[{"name":"wp","href":"https:\/\/api.w.org\/{rel}","templated":true}]}}