{"id":15217,"date":"2025-01-19T14:15:08","date_gmt":"2025-01-19T14:15:08","guid":{"rendered":"https:\/\/www.hydraulic-cylinders.net\/product\/bucket-cylinder-for-caterpillar-small-excavator-e313bcr\/"},"modified":"2025-01-19T14:15:11","modified_gmt":"2025-01-19T14:15:11","slug":"bucket-cylinder-for-caterpillar-small-excavator-e313bcr","status":"publish","type":"product","link":"https:\/\/www.hydraulic-cylinders.net\/fr\/produit\/bucket-cylinder-for-caterpillar-small-excavator-e313bcr\/","title":{"rendered":"V\u00e9rin de godet pour mini-pelle Caterpillar E313BCR"},"content":{"rendered":"<h1>V\u00e9rin de godet pour mini-pelle Caterpillar E313BCR<\/h1>\n<h2>Introduction<\/h2>\n<p>The Bucket Cylinder for Caterpillar Small Excavator E313BCR is a specially designed hydraulic cylinder primarily used to control the movement of buckets in heavy machinery such as excavators, backhoe loaders, and front-end loaders. Its main function is to enable the bucket to lift, lower, and tilt, making it easier to handle various materials. In the hydraulic system, the bucket cylinder precisely controls the bucket&#8217;s movements through changes in hydraulic oil pressure, enabling operators to efficiently handle heavy loads and adapt to complex work environments and diverse operational demands.<\/p>\n<p><img decoding=\"async\" src=\"https:\/\/www.hydraulic-cylinders.net\/wp-content\/uploads\/2025\/01\/songte-company-2.webp\" alt=\"Image du cylindre du godet\"><\/p>\n<h2>Caract\u00e9ristiques<\/h2>\n<ul>\n<li>Haute r\u00e9sistance et durabilit\u00e9 : G\u00e9n\u00e9ralement fabriqu\u00e9 en acier ou en aluminium \u00e0 haute r\u00e9sistance, il peut supporter une pression \u00e9lev\u00e9e et des charges importantes et est con\u00e7u pour r\u00e9sister \u00e0 l'usure et \u00e0 la corrosion, prolongeant ainsi sa dur\u00e9e de vie.<\/li>\n<li>Fonctionnement hydraulique efficace : il utilise la pression de l'huile hydraulique pour assurer une extension et une r\u00e9traction en douceur, peut r\u00e9pondre rapidement aux commandes, fournit une force de pouss\u00e9e et de traction puissante et convient \u00e0 la manutention de charges lourdes et \u00e0 des t\u00e2ches op\u00e9rationnelles complexes.<\/li>\n<li>Diff\u00e9rents types de v\u00e9rins sont disponibles\u00a0: \u00e0 simple effet (fonctionnant dans un seul sens) ou \u00e0 double effet (fonctionnant dans les deux sens), selon les besoins. Certains mod\u00e8les sont t\u00e9lescopiques, ce qui permet une plus grande extension sans augmenter l\u2019encombrement et les rend id\u00e9aux pour les espaces restreints.<\/li>\n<li>Facile \u00e0 produire : Nous pouvons fabriquer ce produit, et nos produits peuvent parfaitement remplacer ces v\u00e9rins hydrauliques.<\/li>\n<\/ul>\n<p><img decoding=\"async\" src=\"https:\/\/www.hydraulic-cylinders.net\/wp-content\/uploads\/2025\/01\/songte-cylinder-head-with-all-kinds-excavator-models.webp\" alt=\"Image du cylindre du godet\"><\/p>\n<h2>Applications<\/h2>\n<h3>\u00c9quipement de construction<\/h3>\n<p>Sur les excavatrices, ils sont indispensables pour creuser, charger et d\u00e9placer la terre ou les d\u00e9bris. Sur les chargeuses-pelleteuses, le v\u00e9rin du godet facilite le creusement et le levage. Sur les chargeuses frontales, il contribue au levage et au d\u00e9chargement efficaces des mat\u00e9riaux.<\/p>\n<h3>machines agricoles<\/h3>\n<p>Utilis\u00e9 sur les chargeuses frontales, pour le pelletage, le levage et le transport de terre, de foin et d'autres mat\u00e9riaux. Sur les pelles hydrauliques, le v\u00e9rin du godet permet le creusement en autorisant la p\u00e9n\u00e9tration du godet dans le sol. <\/p>\n<p><img decoding=\"async\" src=\"https:\/\/www.hydraulic-cylinders.net\/wp-content\/uploads\/2025\/01\/songte-chushion-collar.webp\" alt=\"Image du cylindre du godet\"><\/p>\n<h2>Consid\u00e9rations de conception et crit\u00e8res de s\u00e9lection<\/h2>\n<ul>\n<li>Capacit\u00e9 de charge : La capacit\u00e9 de charge du cylindre doit pouvoir supporter la charge maximale pr\u00e9vue.<\/li>\n<li>\u00c9tanch\u00e9it\u00e9 : Les joints, tels que les joints de piston et les joints de tige, doivent \u00eatre fabriqu\u00e9s \u00e0 partir de mat\u00e9riaux r\u00e9sistants \u00e0 l'usure tels que le polyur\u00e9thane et le caoutchouc nitrile, et le corps du cylindre et la surface d'extr\u00e9mit\u00e9 filet\u00e9e doivent \u00eatre finement usin\u00e9s pour am\u00e9liorer la r\u00e9sistance \u00e0 l'usure.<\/li>\n<li>Durabilit\u00e9 : Le cylindre doit \u00eatre con\u00e7u pour r\u00e9sister aux conditions environnementales difficiles et \u00eatre r\u00e9sistant \u00e0 la corrosion.<\/li>\n<li>S\u00e9curit\u00e9 : Des mesures de s\u00e9curit\u00e9 doivent \u00eatre con\u00e7ues pour garantir un fonctionnement s\u00fbr et pr\u00e9venir les accidents.<\/li>\n<li>Entretien : Le cylindre doit \u00eatre con\u00e7u de mani\u00e8re \u00e0 faciliter son entretien, et des contr\u00f4les d'entretien r\u00e9guliers doivent \u00eatre effectu\u00e9s pour garantir son bon fonctionnement.<\/li>\n<\/ul>\n<p><img decoding=\"async\" src=\"https:\/\/www.hydraulic-cylinders.net\/wp-content\/uploads\/2025\/01\/songte-oil-pipes-and-spare-parts.webp\" alt=\"Image du cylindre du godet\"><\/p>\n<h2>\u00c9tanch\u00e9it\u00e9 et lubrification<\/h2>\n<p>Divers dispositifs d'\u00e9tanch\u00e9it\u00e9, tels que les joints de piston et les joints de tige, sont utilis\u00e9s pour garantir l'\u00e9tanch\u00e9it\u00e9 du v\u00e9rin hydraulique. Le polyur\u00e9thane et le caoutchouc nitrile sont couramment employ\u00e9s comme mat\u00e9riaux d'\u00e9tanch\u00e9it\u00e9 r\u00e9sistants \u00e0 l'usure. Le corps du v\u00e9rin et la surface filet\u00e9e sont usin\u00e9s avec pr\u00e9cision pour accro\u00eetre leur r\u00e9sistance \u00e0 l'usure. Un graissage r\u00e9gulier avec une quantit\u00e9 appropri\u00e9e d'huile hydraulique est n\u00e9cessaire au bon fonctionnement du v\u00e9rin.<\/p>\n<h2>Maintenance pr\u00e9ventive et inspection<\/h2>\n<p>Afin de minimiser les probl\u00e8mes potentiels, des inspections r\u00e9guli\u00e8res et une maintenance pr\u00e9ventive doivent \u00eatre effectu\u00e9es, notamment\u00a0:<\/p>\n<ul>\n<li>Lubrification r\u00e9guli\u00e8re<\/li>\n<li>Inspection r\u00e9guli\u00e8re des joints pour d\u00e9tecter les fuites ou l'usure<\/li>\n<li>Contr\u00f4les d'\u00e9talonnage p\u00e9riodiques<\/li>\n<\/ul>\n<h2>Consid\u00e9rations de s\u00e9curit\u00e9 et facteurs environnementaux<\/h2>\n<p>Lors de l'utilisation de machines lourdes, il convient de toujours prendre des mesures de s\u00e9curit\u00e9, notamment une formation ad\u00e9quate des op\u00e9rateurs, une inspection r\u00e9guli\u00e8re du mat\u00e9riel et le respect des proc\u00e9dures de s\u00e9curit\u00e9 recommand\u00e9es. Le choix d'un v\u00e9rin hydraulique doit \u00e9galement tenir compte des facteurs environnementaux, tels que l'utilisation d'une huile hydraulique biod\u00e9gradable.<\/p>\n<h2>D\u00e9pannage et probl\u00e8mes courants<\/h2>\n<p>Les probl\u00e8mes courants incluent les fuites d'\u00e9tanch\u00e9it\u00e9, les dommages \u00e0 la tige de piston et une lubrification insuffisante. Pour les r\u00e9soudre, il est conseill\u00e9 de v\u00e9rifier l'absence de fuites, d'inspecter la tige de piston et de s'assurer d'une lubrification ad\u00e9quate.<\/p>\n<p><img decoding=\"async\" src=\"https:\/\/www.hydraulic-cylinders.net\/wp-content\/uploads\/2025\/01\/songte-bushings-with-all-kinds-of-excavator-models.webp\" alt=\"Image du cylindre du godet\"><\/p>\n<h2>\u00c0 propos de notre entreprise<\/h2>\n<p>Nous sommes un fabricant de v\u00e9rins hydrauliques de remplacement, offrant une gamme compl\u00e8te de produits. Nous sommes devenus l'un des principaux fabricants et grossistes de v\u00e9rins hydrauliques sur les march\u00e9s nationaux et internationaux. Notre politique d'excellence repose sur une gestion de production industrielle rigoureuse, au sein d'ateliers de fabrication de pointe. Nous am\u00e9liorons constamment nos installations, optimisons nos processus de production et cultivons une grande cr\u00e9ativit\u00e9. Nous r\u00e9pondons aux besoins vari\u00e9s de nos clients gr\u00e2ce \u00e0 notre engagement envers l'efficacit\u00e9, la pr\u00e9cision et la qualit\u00e9.<\/p>\n<ul>\n<li>Professionnalisme<\/li>\n<li>Certification internationale<\/li>\n<li>Services de personnalisation<\/li>\n<li>\u00e9quipement de production avanc\u00e9<\/li>\n<li>Service apr\u00e8s-vente<\/li>\n<\/ul>\n<p><img decoding=\"async\" src=\"https:\/\/hzpt.com\/wp-content\/uploads\/2024\/11\/songte-company-1.webp\" alt=\"Image du cylindre du godet\"><\/p>\n<p>Auteur : lyl<\/p>","protected":false},"excerpt":{"rendered":"<p>Bucket Cylinder For Caterpillar Small Excavator E313BCR Introduction The Bucket Cylinder for Caterpillar Small Excavator E313BCR is a specially designed hydraulic cylinder primarily used to control the movement of buckets in heavy machinery such as excavators, backhoe loaders, and front-end loaders. Its main function is to enable the bucket to lift, lower, and tilt, making [&hellip;]<\/p>","protected":false},"featured_media":14771,"comment_status":"open","ping_status":"closed","template":"","meta":{"_et_pb_use_builder":"","_et_pb_old_content":"","_et_gb_content_width":""},"product_brand":[],"product_cat":[1494],"product_tag":[1495,1496],"class_list":{"0":"post-15217","1":"product","2":"type-product","3":"status-publish","4":"has-post-thumbnail","6":"product_cat-bucket-cylinders","7":"product_tag-bucket-cylinders","8":"product_tag-hydraulic-cylinders","10":"first","11":"instock","12":"shipping-taxable","13":"product-type-simple"},"amp_enabled":true,"_links":{"self":[{"href":"https:\/\/www.hydraulic-cylinders.net\/fr\/wp-json\/wp\/v2\/product\/15217","targetHints":{"allow":["GET"]}}],"collection":[{"href":"https:\/\/www.hydraulic-cylinders.net\/fr\/wp-json\/wp\/v2\/product"}],"about":[{"href":"https:\/\/www.hydraulic-cylinders.net\/fr\/wp-json\/wp\/v2\/types\/product"}],"replies":[{"embeddable":true,"href":"https:\/\/www.hydraulic-cylinders.net\/fr\/wp-json\/wp\/v2\/comments?post=15217"}],"wp:featuredmedia":[{"embeddable":true,"href":"https:\/\/www.hydraulic-cylinders.net\/fr\/wp-json\/wp\/v2\/media\/14771"}],"wp:attachment":[{"href":"https:\/\/www.hydraulic-cylinders.net\/fr\/wp-json\/wp\/v2\/media?parent=15217"}],"wp:term":[{"taxonomy":"product_brand","embeddable":true,"href":"https:\/\/www.hydraulic-cylinders.net\/fr\/wp-json\/wp\/v2\/product_brand?post=15217"},{"taxonomy":"product_cat","embeddable":true,"href":"https:\/\/www.hydraulic-cylinders.net\/fr\/wp-json\/wp\/v2\/product_cat?post=15217"},{"taxonomy":"product_tag","embeddable":true,"href":"https:\/\/www.hydraulic-cylinders.net\/fr\/wp-json\/wp\/v2\/product_tag?post=15217"}],"curies":[{"name":"wp","href":"https:\/\/api.w.org\/{rel}","templated":true}]}}