{"id":15218,"date":"2025-01-19T14:15:13","date_gmt":"2025-01-19T14:15:13","guid":{"rendered":"https:\/\/www.hydraulic-cylinders.net\/product\/bucket-cylinder-for-caterpillar-small-excavator-e313d2\/"},"modified":"2025-01-19T14:15:15","modified_gmt":"2025-01-19T14:15:15","slug":"bucket-cylinder-for-caterpillar-small-excavator-e313d2","status":"publish","type":"product","link":"https:\/\/www.hydraulic-cylinders.net\/fr\/produit\/bucket-cylinder-for-caterpillar-small-excavator-e313d2\/","title":{"rendered":"Cylindre de godet pour petite pelle Caterpillar E313D2"},"content":{"rendered":"<p><!DOCTYPE html><br \/>\n<html><br \/>\n<head><br \/>\n<title>Cylindre de godet pour petite pelle Caterpillar E313D2<\/title><br \/>\n<\/head><br \/>\n<body><\/p>\n<h1>Cylindre de godet pour petite pelle Caterpillar E313D2<\/h1>\n<h2>Introduction<\/h2>\n<p>Un v\u00e9rin de godet est un v\u00e9rin hydraulique sp\u00e9cialement con\u00e7u pour contr\u00f4ler les mouvements du godet sur les engins de chantier tels que les pelles hydrauliques, les chargeuses-pelleteuses et les chargeuses frontales. Sa fonction principale est de permettre la lev\u00e9e, l'abaissement et l'inclinaison du godet, facilitant ainsi diverses op\u00e9rations de manutention. Au sein du syst\u00e8me hydraulique, le v\u00e9rin de godet assure un contr\u00f4le pr\u00e9cis du godet gr\u00e2ce aux variations de pression de l'huile hydraulique, permettant aux op\u00e9rateurs de manipuler efficacement des charges lourdes et de s'adapter \u00e0 des environnements de travail complexes et \u00e0 des exigences op\u00e9rationnelles vari\u00e9es.<\/p>\n<p><img decoding=\"async\" src=\"https:\/\/www.hydraulic-cylinders.net\/wp-content\/uploads\/2025\/01\/songte-company-2.webp\" alt=\"Image du cylindre du godet\"><\/p>\n<h2>Caract\u00e9ristiques<\/h2>\n<ul>\n<li><strong>Haute r\u00e9sistance et durabilit\u00e9 :<\/strong> Fabriqu\u00e9 g\u00e9n\u00e9ralement en acier haute r\u00e9sistance ou en aluminium, le v\u00e9rin de godet supporte les hautes pressions et les charges importantes, s'adaptant ainsi aux conditions de travail difficiles. Sa conception prend en compte la r\u00e9sistance \u00e0 l'usure et \u00e0 la corrosion, prolongeant sa dur\u00e9e de vie.<\/li>\n<li><strong>Fonctionnement hydraulique efficace :<\/strong> Gr\u00e2ce \u00e0 la pression de l'huile hydraulique, le v\u00e9rin du godet assure une extension et une r\u00e9traction fluides, permettant une r\u00e9ponse rapide aux commandes et fournissant une force de pouss\u00e9e et de traction importante. Il est adapt\u00e9 \u00e0 la manutention de charges lourdes et aux t\u00e2ches op\u00e9rationnelles complexes.<\/li>\n<li><strong>Diff\u00e9rents types :<\/strong> Le v\u00e9rin du godet peut \u00eatre choisi en version simple effet (actionnement hydraulique dans un seul sens) ou double effet (actionnement hydraulique dans les deux sens), selon les besoins op\u00e9rationnels. Certains mod\u00e8les sont t\u00e9lescopiques, ce qui permet une plus grande extension sans augmenter les dimensions ext\u00e9rieures et les rend adapt\u00e9s aux applications \u00e0 espace restreint.<\/li>\n<li><strong>Remplacement id\u00e9al\u00a0:<\/strong> Nos produits peuvent parfaitement remplacer ces v\u00e9rins hydrauliques. <\/li>\n<\/ul>\n<p><img decoding=\"async\" src=\"https:\/\/www.hydraulic-cylinders.net\/wp-content\/uploads\/2025\/01\/songte-cylinder-head-with-all-kinds-excavator-models.webp\" alt=\"Image de remplacement du v\u00e9rin de godet\"><\/p>\n<h2>Applications<\/h2>\n<ul>\n<li><strong>\u00c9quipement de construction :<\/strong> Pr\u00e9sents sur les excavatrices, ils sont indispensables pour creuser, charger et d\u00e9placer la terre ou les d\u00e9bris. Sur les chargeuses-pelleteuses, le v\u00e9rin du godet contribue \u00e0 la fois au creusement et au levage.<\/li>\n<li><strong>Machines agricoles :<\/strong> Utilis\u00e9s sur les chargeuses frontales, ils facilitent le ramassage, le levage et le transport de la terre, du foin et d'autres mat\u00e9riaux.<\/li>\n<li><strong>Excavateurs:<\/strong> Le v\u00e9rin du godet permet des actions de creusement en permettant au godet de p\u00e9n\u00e9trer le sol.<\/li>\n<li><strong>Chargeurs:<\/strong> Sur les chargeuses frontales, elles facilitent le levage et le d\u00e9chargement efficaces des marchandises.<\/li>\n<\/ul>\n<h2>Consid\u00e9rations de conception et crit\u00e8res de s\u00e9lection<\/h2>\n<ul>\n<li><strong>Capacit\u00e9 de charge :<\/strong> Discussing the cylinder&#8217;s ability to bear loads.<\/li>\n<li><strong>Scellage:<\/strong> Discuter de l'importance d'utiliser diff\u00e9rents types de joints, tels que les joints de piston et les joints de tige, fabriqu\u00e9s \u00e0 partir de mat\u00e9riaux r\u00e9sistants \u00e0 l'usure comme le polyur\u00e9thane et le caoutchouc nitrile.<\/li>\n<li><strong>Durabilit\u00e9:<\/strong> Explication du traitement de pr\u00e9cision appliqu\u00e9 au corps du cylindre et aux extr\u00e9mit\u00e9s filet\u00e9es afin d'am\u00e9liorer leur r\u00e9sistance \u00e0 l'usure.<\/li>\n<li><strong>S\u00e9curit\u00e9:<\/strong> Discuter des aspects li\u00e9s \u00e0 la s\u00e9curit\u00e9 d\u00e8s la phase de conception.<\/li>\n<li><strong>Entretien:<\/strong> Discuter de l'importance des inspections r\u00e9guli\u00e8res et de la maintenance pr\u00e9ventive.<\/li>\n<\/ul>\n<p><img decoding=\"async\" src=\"https:\/\/www.hydraulic-cylinders.net\/wp-content\/uploads\/2025\/01\/songte-oil-pipes-and-spare-parts.webp\" alt=\"Image des pi\u00e8ces du v\u00e9rin hydraulique\"><\/p>\n<h2>\u00c9tanch\u00e9it\u00e9 et lubrification<\/h2>\n<p>Le v\u00e9rin du godet utilise diff\u00e9rents joints, tels que des joints de piston et des joints de tige, fabriqu\u00e9s dans des mat\u00e9riaux r\u00e9sistants \u00e0 l'usure comme le polyur\u00e9thane et le caoutchouc nitrile. Le corps du v\u00e9rin et ses extr\u00e9mit\u00e9s filet\u00e9es sont usin\u00e9s avec pr\u00e9cision pour une meilleure r\u00e9sistance \u00e0 l'usure. Une lubrification r\u00e9guli\u00e8re avec une huile hydraulique adapt\u00e9e est indispensable \u00e0 un fonctionnement optimal.<\/p>\n<h2>Inspection r\u00e9guli\u00e8re et maintenance pr\u00e9ventive<\/h2>\n<ul>\n<li>V\u00e9rifiez r\u00e9guli\u00e8rement le cylindre pour d\u00e9tecter tout signe de fuite ou de dommage.<\/li>\n<li>Assurer une lubrification ad\u00e9quate de toutes les pi\u00e8ces mobiles.<\/li>\n<li>Remplacez p\u00e9riodiquement les joints pour maintenir des performances optimales.<\/li>\n<\/ul>\n<p><img decoding=\"async\" src=\"https:\/\/www.hydraulic-cylinders.net\/wp-content\/uploads\/2025\/01\/songte-chushion-collar.webp\" alt=\"Image de maintenance du v\u00e9rin hydraulique\"><\/p>\n<h2>Consid\u00e9rations de s\u00e9curit\u00e9 et facteurs environnementaux<\/h2>\n<p>Lors de l'utilisation du v\u00e9rin de godet, il est important de respecter les mesures de s\u00e9curit\u00e9 afin de pr\u00e9venir les accidents et de garantir un environnement de travail s\u00fbr.<\/p>\n<h2>Diagnostic des pannes et probl\u00e8mes courants<\/h2>\n<p>Ce document aborde les probl\u00e8mes de d\u00e9faillance courants et propose des conseils et des solutions de d\u00e9pannage pour diagnostiquer et r\u00e9soudre efficacement les probl\u00e8mes. Des mesures pr\u00e9ventives sont \u00e9galement sugg\u00e9r\u00e9es afin de minimiser les risques.<\/p>\n<p><img decoding=\"async\" src=\"https:\/\/www.hydraulic-cylinders.net\/wp-content\/uploads\/2025\/01\/songte-bushings-with-all-kinds-of-excavator-models.webp\" alt=\"Image de d\u00e9pannage du v\u00e9rin hydraulique\"><\/p>\n<h2>Pr\u00e9sentation de l'entreprise<\/h2>\n<p>Nous sommes un fabricant de v\u00e9rins hydrauliques de remplacement et proposons une large gamme de produits. Comptant parmi les principaux fabricants et distributeurs de v\u00e9rins hydrauliques sur les march\u00e9s nationaux et internationaux, nous privil\u00e9gions l'excellence. Gr\u00e2ce \u00e0 notre strat\u00e9gie de gestion de la production industrialis\u00e9e, \u00e0 l'utilisation d'\u00e9quipements de fabrication de pointe et \u00e0 des syst\u00e8mes de contr\u00f4le qualit\u00e9 professionnels, nous am\u00e9liorons constamment notre plateforme de production et nos processus de fabrication. Forts d'une grande capacit\u00e9 d'innovation, nous nous effor\u00e7ons de r\u00e9pondre aux besoins vari\u00e9s de nos clients avec efficacit\u00e9, pr\u00e9cision et qualit\u00e9. <\/p>\n<p><img decoding=\"async\" src=\"https:\/\/hzpt.com\/wp-content\/uploads\/2024\/11\/songte-company-1.webp\" alt=\"Image de l&#039;entreprise\"><\/p>\n<h3>Professionnalisme:<\/h3>\n<p>Nous respectons des normes \u00e9lev\u00e9es de professionnalisme dans tous les aspects de nos op\u00e9rations.<\/p>\n<h3>Certifications internationales :<\/h3>\n<p>Nous poss\u00e9dons diverses certifications internationales afin de garantir la qualit\u00e9 et la fiabilit\u00e9 de nos produits.<\/p>\n<h3>Services de personnalisation\u00a0:<\/h3>\n<p>Nous proposons des services de personnalisation pour r\u00e9pondre aux exigences sp\u00e9cifiques de nos clients.<\/p>\n<h3>\u00c9quipement de production :<\/h3>\n<p>Nous utilisons des \u00e9quipements de production de pointe pour garantir la pr\u00e9cision et la qualit\u00e9 de nos produits.<\/p>\n<h3>Service apr\u00e8s-vente :<\/h3>\n<p>Nous offrons un service apr\u00e8s-vente complet pour aider nos clients \u00e0 r\u00e9soudre tous leurs probl\u00e8mes et \u00e0 r\u00e9pondre \u00e0 leurs questions.<\/p>\n<p><img decoding=\"async\" src=\"https:\/\/www.hydraulic-cylinders.net\/wp-content\/uploads\/2025\/01\/songte-company-3.webp\" alt=\"D\u00e9tails de l&#039;entreprise Image\"><\/p>\n<p>Auteur : lyl<\/p>\n<p><\/body><br \/>\n<\/html><\/p>","protected":false},"excerpt":{"rendered":"<p>Bucket Cylinder For Caterpillar Small Excavator E313D2 Bucket Cylinder For Caterpillar Small Excavator E313D2 Introduction A bucket cylinder is a specially designed hydraulic cylinder used to control the movement of the bucket in heavy machinery such as excavators, backhoe loaders, and front-end loaders. Its main function is to enable the bucket to lift, lower, and [&hellip;]<\/p>","protected":false},"featured_media":14769,"comment_status":"open","ping_status":"closed","template":"","meta":{"_et_pb_use_builder":"","_et_pb_old_content":"","_et_gb_content_width":""},"product_brand":[],"product_cat":[1494],"product_tag":[1495,1496],"class_list":{"0":"post-15218","1":"product","2":"type-product","3":"status-publish","4":"has-post-thumbnail","6":"product_cat-bucket-cylinders","7":"product_tag-bucket-cylinders","8":"product_tag-hydraulic-cylinders","10":"first","11":"instock","12":"shipping-taxable","13":"product-type-simple"},"amp_enabled":true,"_links":{"self":[{"href":"https:\/\/www.hydraulic-cylinders.net\/fr\/wp-json\/wp\/v2\/product\/15218","targetHints":{"allow":["GET"]}}],"collection":[{"href":"https:\/\/www.hydraulic-cylinders.net\/fr\/wp-json\/wp\/v2\/product"}],"about":[{"href":"https:\/\/www.hydraulic-cylinders.net\/fr\/wp-json\/wp\/v2\/types\/product"}],"replies":[{"embeddable":true,"href":"https:\/\/www.hydraulic-cylinders.net\/fr\/wp-json\/wp\/v2\/comments?post=15218"}],"wp:featuredmedia":[{"embeddable":true,"href":"https:\/\/www.hydraulic-cylinders.net\/fr\/wp-json\/wp\/v2\/media\/14769"}],"wp:attachment":[{"href":"https:\/\/www.hydraulic-cylinders.net\/fr\/wp-json\/wp\/v2\/media?parent=15218"}],"wp:term":[{"taxonomy":"product_brand","embeddable":true,"href":"https:\/\/www.hydraulic-cylinders.net\/fr\/wp-json\/wp\/v2\/product_brand?post=15218"},{"taxonomy":"product_cat","embeddable":true,"href":"https:\/\/www.hydraulic-cylinders.net\/fr\/wp-json\/wp\/v2\/product_cat?post=15218"},{"taxonomy":"product_tag","embeddable":true,"href":"https:\/\/www.hydraulic-cylinders.net\/fr\/wp-json\/wp\/v2\/product_tag?post=15218"}],"curies":[{"name":"wp","href":"https:\/\/api.w.org\/{rel}","templated":true}]}}