{"id":15219,"date":"2025-01-19T14:15:18","date_gmt":"2025-01-19T14:15:18","guid":{"rendered":"https:\/\/www.hydraulic-cylinders.net\/product\/bucket-cylinder-for-caterpillar-small-excavator-e301-7dcr\/"},"modified":"2025-01-19T14:15:20","modified_gmt":"2025-01-19T14:15:20","slug":"bucket-cylinder-for-caterpillar-small-excavator-e301-7dcr","status":"publish","type":"product","link":"https:\/\/www.hydraulic-cylinders.net\/fr\/produit\/bucket-cylinder-for-caterpillar-small-excavator-e301-7dcr\/","title":{"rendered":"Cylindre de godet pour mini-pelle Caterpillar E301.7DCR"},"content":{"rendered":"<h1>Cylindre de godet pour mini-pelle Caterpillar E301.7DCR<\/h1>\n<h2>Introduction<\/h2>\n<p>Le v\u00e9rin de godet pour mini-pelle Caterpillar E301.7DCR est un v\u00e9rin hydraulique sp\u00e9cialis\u00e9, principalement utilis\u00e9 pour commander les mouvements du godet sur les engins de chantier tels que les pelles hydrauliques, les pelles r\u00e9tro et les chargeuses frontales. Sa fonction principale est de permettre la lev\u00e9e, l'abaissement et l'inclinaison du godet, facilitant ainsi le transport de divers mat\u00e9riaux. Dans les syst\u00e8mes hydrauliques, le v\u00e9rin de godet exploite les variations de pression de l'huile hydraulique pour un contr\u00f4le pr\u00e9cis du godet, permettant \u00e0 l'op\u00e9rateur de manipuler efficacement des charges lourdes et de s'adapter \u00e0 des environnements de travail complexes et \u00e0 des exigences op\u00e9rationnelles vari\u00e9es. <\/p>\n<p><img decoding=\"async\" src=\"https:\/\/www.hydraulic-cylinders.net\/wp-content\/uploads\/2025\/01\/songte-company-2.webp\" alt=\"Image du cylindre du godet\"><\/p>\n<h2>Caract\u00e9ristiques<\/h2>\n<ul>\n<li>\n<h3>Haute r\u00e9sistance et durabilit\u00e9 :<\/h3>\n<p> G\u00e9n\u00e9ralement fabriqu\u00e9 en acier \u00e0 haute r\u00e9sistance ou en aluminium, il peut r\u00e9sister \u00e0 une pression \u00e9lev\u00e9e et \u00e0 des charges importantes, s'adapter \u00e0 des environnements de travail difficiles et prendre en compte la r\u00e9sistance \u00e0 l'usure et \u00e0 la corrosion dans sa conception afin d'allonger sa dur\u00e9e de vie.<\/li>\n<li>\n<h3>Fonctionnement hydraulique efficace :<\/h3>\n<p> Il utilise la pression de l'huile hydraulique pour assurer des mouvements d'expansion et de contraction fluides, peut r\u00e9pondre rapidement aux commandes, fournit une force de pouss\u00e9e et de traction puissante et convient \u00e0 la manutention d'objets lourds et \u00e0 des t\u00e2ches op\u00e9rationnelles complexes.<\/li>\n<li>\n<h3>Types divers :<\/h3>\n<p> Le choix du v\u00e9rin d\u00e9pend des besoins op\u00e9rationnels\u00a0: simple effet (actionnement hydraulique dans un seul sens) ou double effet (actionnement hydraulique dans les deux sens). Certains mod\u00e8les sont t\u00e9lescopiques, ce qui permet une plus grande extension sans augmentation de l\u2019encombrement et convient aux espaces restreints.<\/li>\n<li>\n<h3>Personnalisable :<\/h3>\n<p> Nous pouvons produire ce produit et notre produit peut parfaitement remplacer ces v\u00e9rins hydrauliques.<\/li>\n<\/ul>\n<p><img decoding=\"async\" src=\"https:\/\/www.hydraulic-cylinders.net\/wp-content\/uploads\/2025\/01\/songte-cylinder-head-with-all-kinds-excavator-models.webp\" alt=\"Image du produit personnalisable\"><\/p>\n<h2>Applications<\/h2>\n<p>Le v\u00e9rin de godet pour petite pelle Caterpillar E301.7DCR peut \u00eatre utilis\u00e9 dans diverses industries, telles que les engins de construction, les machines agricoles, les pelles hydrauliques et les chargeuses frontales.<\/p>\n<ul>\n<li>\n<h3>\u00c9quipement de construction :<\/h3>\n<p> Sur les excavatrices, ils sont indispensables pour creuser, charger et d\u00e9placer la terre ou les d\u00e9bris. Sur les pelles r\u00e9tro, le v\u00e9rin du godet contribue \u00e0 la fois au creusement et au levage. <\/li>\n<li>\n<h3>Machines agricoles :<\/h3>\n<p> Utilis\u00e9s sur les chargeuses frontales, ils facilitent le ramassage, le levage et le d\u00e9placement de la terre, du foin et d'autres mat\u00e9riaux.<\/li>\n<li>\n<h3>Excavateurs:<\/h3>\n<p> Le v\u00e9rin du godet permet l'excavation en permettant au godet de p\u00e9n\u00e9trer dans le sol. <\/li>\n<li>\n<h3>Chargeuses frontales :<\/h3>\n<p> Dans les chargeuses frontales, elles contribuent \u00e0 lever et \u00e0 d\u00e9charger efficacement les marchandises. <\/li>\n<\/ul>\n<h2>Consid\u00e9rations de conception et crit\u00e8res de s\u00e9lection<\/h2>\n<ul>\n<li>\n<h3>Capacit\u00e9 de charge :<\/h3>\n<p> Le v\u00e9rin hydraulique doit \u00eatre suffisamment robuste pour r\u00e9sister aux contraintes engendr\u00e9es par des charges importantes.<\/li>\n<li>\n<h3>Scellage:<\/h3>\n<p> Il convient de choisir avec soin les diff\u00e9rents composants d'\u00e9tanch\u00e9it\u00e9, tels que les joints de piston, les joints de tige, les joints racleurs et les bagues d'usure. Ils doivent \u00eatre fabriqu\u00e9s dans des mat\u00e9riaux r\u00e9sistants \u00e0 l'usure comme le polyur\u00e9thane ou le caoutchouc nitrile afin de garantir une longue dur\u00e9e de vie. <\/li>\n<li>\n<h3>Durabilit\u00e9:<\/h3>\n<p> Le corps du cylindre et les surfaces d'extr\u00e9mit\u00e9 filet\u00e9es doivent \u00eatre usin\u00e9s avec pr\u00e9cision afin d'accro\u00eetre la r\u00e9sistance \u00e0 l'usure. <\/li>\n<li>\n<h3>S\u00e9curit\u00e9:<\/h3>\n<p> Tous les v\u00e9rins doivent \u00eatre conformes aux normes de s\u00e9curit\u00e9 afin d'\u00e9viter les d\u00e9faillances du syst\u00e8me hydraulique, qui pourraient entra\u00eener des accidents.<\/li>\n<li>\n<h3>Maintenabilit\u00e9 :<\/h3>\n<p> La conception du v\u00e9rin hydraulique doit prendre en compte la facilit\u00e9 d'entretien afin de simplifier les r\u00e9parations et la maintenance.<\/li>\n<\/ul>\n<p><img decoding=\"async\" src=\"https:\/\/www.hydraulic-cylinders.net\/wp-content\/uploads\/2025\/01\/songte-oil-pipes-and-spare-parts.webp\" alt=\"Image des pi\u00e8ces d\u00e9tach\u00e9es\"><\/p>\n<h2>\u00c9tanch\u00e9it\u00e9 et lubrification<\/h2>\n<p>Il convient d'utiliser une large gamme de composants d'\u00e9tanch\u00e9it\u00e9, notamment des joints de piston, des joints de tige, des joints racleurs et des bagues d'usure. Ces composants doivent \u00eatre fabriqu\u00e9s dans des mat\u00e9riaux r\u00e9sistants \u00e0 l'usure tels que le polyur\u00e9thane ou le caoutchouc nitrile afin de garantir une longue dur\u00e9e de vie. Le corps du v\u00e9rin et les surfaces filet\u00e9es doivent \u00eatre usin\u00e9s avec pr\u00e9cision pour optimiser la r\u00e9sistance \u00e0 l'usure. Une lubrification r\u00e9guli\u00e8re est essentielle au bon fonctionnement du v\u00e9rin hydraulique. Il est n\u00e9cessaire d'ajouter de l'huile hydraulique \u00e0 intervalles r\u00e9guliers pour lubrifier les composants et les maintenir en bon \u00e9tat de fonctionnement.<\/p>\n<h2>Entretien et r\u00e9paration<\/h2>\n<p>Un entretien r\u00e9gulier est essentiel pour garantir la long\u00e9vit\u00e9 du v\u00e9rin hydraulique. Il est recommand\u00e9 de le contr\u00f4ler et de l'entretenir r\u00e9guli\u00e8rement. Les t\u00e2ches d'entretien courant peuvent inclure la lubrification, le remplacement des joints et les v\u00e9rifications d'\u00e9talonnage. Une installation et un alignement corrects du v\u00e9rin sont indispensables pour un fonctionnement optimal. Des proc\u00e9dures d'entretien et de r\u00e9paration appropri\u00e9es facilitent le diagnostic et la r\u00e9solution des probl\u00e8mes.<\/p>\n<p><img decoding=\"async\" src=\"https:\/\/www.hydraulic-cylinders.net\/wp-content\/uploads\/2025\/01\/songte-chushion-collar.webp\" alt=\"Image de maintenance\"><\/p>\n<h2>Consid\u00e9rations de s\u00e9curit\u00e9 et facteurs environnementaux<\/h2>\n<p>Lors de l'utilisation de v\u00e9rins hydrauliques, des pr\u00e9cautions de s\u00e9curit\u00e9 doivent \u00eatre prises afin de pr\u00e9venir les accidents. Il est essentiel de respecter scrupuleusement les consignes et r\u00e9glementations de s\u00e9curit\u00e9. Les syst\u00e8mes hydrauliques doivent \u00eatre contr\u00f4l\u00e9s r\u00e9guli\u00e8rement afin de d\u00e9tecter les fuites, la corrosion et tout autre signe d'usure, et ainsi garantir leur s\u00e9curit\u00e9 et leur bon fonctionnement. <\/p>\n<p><img decoding=\"async\" src=\"https:\/\/hzpt.com\/wp-content\/uploads\/2024\/11\/songte-company-1.webp\" alt=\"Image de s\u00e9curit\u00e9\"><\/p>\n<h2>Probl\u00e8mes courants et d\u00e9pannage<\/h2>\n<ul>\n<li>\n<h3>Fuite:<\/h3>\n<p> L'un des probl\u00e8mes les plus fr\u00e9quents est la fuite d'huile du v\u00e9rin hydraulique. Celle-ci peut \u00eatre due \u00e0 des joints d\u00e9fectueux ou \u00e0 des composants us\u00e9s. Pour \u00e9viter les fuites, tous les joints doivent \u00eatre contr\u00f4l\u00e9s r\u00e9guli\u00e8rement et remplac\u00e9s si n\u00e9cessaire. <\/li>\n<li>\n<h3>Fonctionnement lent :<\/h3>\n<p> Un fonctionnement lent des v\u00e9rins hydrauliques peut avoir diverses causes, notamment une pression hydraulique insuffisante, un filtre hydraulique obstru\u00e9 ou encrass\u00e9, ou des composants us\u00e9s. Il convient de v\u00e9rifier le syst\u00e8me hydraulique afin d'identifier l'origine du probl\u00e8me. <\/li>\n<li>\n<h3>Bruit excessif :<\/h3>\n<p> Un bruit excessif peut \u00eatre caus\u00e9 par la pr\u00e9sence d'air dans le circuit hydraulique ou par un v\u00e9rin hydraulique us\u00e9. Il convient de purger le circuit et de v\u00e9rifier l'\u00e9tat du v\u00e9rin hydraulique afin de d\u00e9celer tout signe d'usure.<\/li>\n<\/ul>\n<p>Des mesures pr\u00e9ventives doivent \u00eatre prises pour \u00e9viter ces probl\u00e8mes. Cela peut inclure des t\u00e2ches d'entretien r\u00e9guli\u00e8res telles que la lubrification, le nettoyage et le remplacement des joints. <\/p>\n<p><img decoding=\"async\" src=\"https:\/\/www.hydraulic-cylinders.net\/wp-content\/uploads\/2025\/01\/songte-bushings-with-all-kinds-of-excavator-models.webp\" alt=\"Image de d\u00e9pannage\"><\/p>\n<h2>\u00c0 propos de notre entreprise<\/h2>\n<p>Nous sommes un fabricant de v\u00e9rins hydrauliques de remplacement. Notre entreprise propose une large gamme de produits et s'est impos\u00e9e comme l'un des principaux fabricants et distributeurs de v\u00e9rins hydrauliques sur les march\u00e9s nationaux et internationaux. Nous privil\u00e9gions l'excellence et nous appuyons sur une strat\u00e9gie de production industrialis\u00e9e au sein d'ateliers de fabrication de pointe. Nos produits sont fabriqu\u00e9s \u00e0 l'aide d'\u00e9quipements de production num\u00e9rique haut de gamme et de syst\u00e8mes de contr\u00f4le professionnels. Nous optimisons constamment nos lignes de production afin de garantir une qualit\u00e9 toujours meilleure. Notre capacit\u00e9 \u00e0 produire avec efficacit\u00e9, pr\u00e9cision et qualit\u00e9 nous permet de r\u00e9pondre aux besoins vari\u00e9s de nos clients. <\/p>\n<p><img decoding=\"async\" src=\"https:\/\/www.hydraulic-cylinders.net\/wp-content\/uploads\/2025\/01\/songte-company-3.webp\" alt=\"Image de l&#039;entreprise\"><\/p>\n<h2>Professionnalisme, certification internationale, services de personnalisation, \u00e9quipements de production et services apr\u00e8s-vente<\/h2>\n<ul>\n<li>\n<h3>Professionnalisme:<\/h3>\n<p> Nous disposons d'une \u00e9quipe technique professionnelle et d'une \u00e9quipe de fabrication de produits de haute qualit\u00e9.<\/li>\n<li>\n<h3>Certification internationale :<\/h3>\n<p> Nos produits ont obtenu des certifications internationales telles que l'ISO9001 et le marquage CE.<\/li>\n<li>\n<h3>Services de personnalisation\u00a0:<\/h3>\n<p> Nous pouvons fournir des produits personnalis\u00e9s en fonction des besoins du client et des exigences techniques.<\/li>\n<li>\n<h3>\u00c9quipement de production :<\/h3>\n<p> Nous utilisons des \u00e9quipements de fabrication num\u00e9rique haut de gamme et des syst\u00e8mes de test professionnels pour am\u00e9liorer la qualit\u00e9 de nos produits.<\/li>\n<li>\n<h3>Services apr\u00e8s-vente\u00a0:<\/h3>\n<p> Nous offrons \u00e0 nos clients une gamme compl\u00e8te de services apr\u00e8s-vente, incluant la maintenance des produits, l'assistance technique et le remplacement des produits.<\/li>\n<\/ul>\n<p>Notre entreprise s'engage \u00e0 fournir \u00e0 ses clients des v\u00e9rins hydrauliques de haute qualit\u00e9, un support technique professionnel et un excellent service apr\u00e8s-vente. <\/p>\n<p>Auteur : lyl.<\/p>","protected":false},"excerpt":{"rendered":"<p>Bucket Cylinder For Caterpillar Small Excavator E301.7DCR Introduction The Bucket Cylinder for Caterpillar Small Excavator E301.7DCR is a specialized hydraulic cylinder primarily used for controlling the movement of buckets in heavy machinery such as excavators, backhoe excavators, and front-end loaders. Its main function is to enable the bucket to lift, lower, and tilt, making it [&hellip;]<\/p>","protected":false},"featured_media":14765,"comment_status":"open","ping_status":"closed","template":"","meta":{"_et_pb_use_builder":"","_et_pb_old_content":"","_et_gb_content_width":""},"product_brand":[],"product_cat":[1494],"product_tag":[1495,1496],"class_list":{"0":"post-15219","1":"product","2":"type-product","3":"status-publish","4":"has-post-thumbnail","6":"product_cat-bucket-cylinders","7":"product_tag-bucket-cylinders","8":"product_tag-hydraulic-cylinders","10":"first","11":"instock","12":"shipping-taxable","13":"product-type-simple"},"amp_enabled":true,"_links":{"self":[{"href":"https:\/\/www.hydraulic-cylinders.net\/fr\/wp-json\/wp\/v2\/product\/15219","targetHints":{"allow":["GET"]}}],"collection":[{"href":"https:\/\/www.hydraulic-cylinders.net\/fr\/wp-json\/wp\/v2\/product"}],"about":[{"href":"https:\/\/www.hydraulic-cylinders.net\/fr\/wp-json\/wp\/v2\/types\/product"}],"replies":[{"embeddable":true,"href":"https:\/\/www.hydraulic-cylinders.net\/fr\/wp-json\/wp\/v2\/comments?post=15219"}],"wp:featuredmedia":[{"embeddable":true,"href":"https:\/\/www.hydraulic-cylinders.net\/fr\/wp-json\/wp\/v2\/media\/14765"}],"wp:attachment":[{"href":"https:\/\/www.hydraulic-cylinders.net\/fr\/wp-json\/wp\/v2\/media?parent=15219"}],"wp:term":[{"taxonomy":"product_brand","embeddable":true,"href":"https:\/\/www.hydraulic-cylinders.net\/fr\/wp-json\/wp\/v2\/product_brand?post=15219"},{"taxonomy":"product_cat","embeddable":true,"href":"https:\/\/www.hydraulic-cylinders.net\/fr\/wp-json\/wp\/v2\/product_cat?post=15219"},{"taxonomy":"product_tag","embeddable":true,"href":"https:\/\/www.hydraulic-cylinders.net\/fr\/wp-json\/wp\/v2\/product_tag?post=15219"}],"curies":[{"name":"wp","href":"https:\/\/api.w.org\/{rel}","templated":true}]}}