{"id":15220,"date":"2025-01-19T14:15:22","date_gmt":"2025-01-19T14:15:22","guid":{"rendered":"https:\/\/www.hydraulic-cylinders.net\/product\/bucket-cylinder-for-caterpillar-small-excavator-e305-5e\/"},"modified":"2025-01-19T14:15:24","modified_gmt":"2025-01-19T14:15:24","slug":"bucket-cylinder-for-caterpillar-small-excavator-e305-5e","status":"publish","type":"product","link":"https:\/\/www.hydraulic-cylinders.net\/fr\/produit\/bucket-cylinder-for-caterpillar-small-excavator-e305-5e\/","title":{"rendered":"Cylindre de godet pour mini-pelle Caterpillar E305.5E"},"content":{"rendered":"<h1>Cylindre de godet pour mini-pelle Caterpillar E305.5E<\/h1>\n<h2>Introduction<\/h2>\n<h3>D\u00e9finition du v\u00e9rin \u00e0 godet<\/h3>\n<p>Un v\u00e9rin de godet est un v\u00e9rin hydraulique sp\u00e9cialement con\u00e7u pour commander les mouvements des godets ou des pelles sur les engins de chantier tels que les pelles hydrauliques, les chargeuses-pelleteuses et les chargeuses frontales. Sa fonction principale est de permettre la lev\u00e9e, l'abaissement et l'inclinaison du godet, facilitant ainsi les op\u00e9rations de manutention. Au sein du syst\u00e8me hydraulique, les v\u00e9rins de godet contr\u00f4lent avec pr\u00e9cision les mouvements du godet gr\u00e2ce \u00e0 la variation de la pression d'huile hydraulique, permettant aux op\u00e9rateurs de manipuler efficacement des charges lourdes et de s'adapter \u00e0 des environnements de travail complexes et \u00e0 des besoins op\u00e9rationnels vari\u00e9s.<\/p>\n<p><img decoding=\"async\" src=\"https:\/\/www.hydraulic-cylinders.net\/wp-content\/uploads\/2025\/01\/songte-company-2.webp\"\/><\/p>\n<h3>Caract\u00e9ristiques<\/h3>\n<ul>\n<li>Haute r\u00e9sistance et durabilit\u00e9 : g\u00e9n\u00e9ralement fabriqu\u00e9 en acier ou en aluminium \u00e0 haute r\u00e9sistance, il peut supporter une pression \u00e9lev\u00e9e et des charges importantes, s'adapter aux environnements de travail difficiles et prendre en compte la r\u00e9sistance \u00e0 l'usure et \u00e0 la corrosion dans sa conception, prolongeant ainsi sa dur\u00e9e de vie.<\/li>\n<li>Fonctionnement hydraulique efficace\u00a0: des mouvements d\u2019extension et de r\u00e9traction fluides sont obtenus gr\u00e2ce \u00e0 la pression hydraulique, qui peut r\u00e9pondre rapidement aux commandes, fournir des forces de pouss\u00e9e et de traction importantes et convient \u00e0 la manutention de charges lourdes et de t\u00e2ches complexes.<\/li>\n<li>Diff\u00e9rents types sont disponibles\u00a0: les v\u00e9rins \u00e0 simple effet (fonctionnement hydraulique dans un seul sens) ou \u00e0 double effet (fonctionnement hydraulique dans les deux sens) peuvent \u00eatre s\u00e9lectionn\u00e9s en fonction des besoins op\u00e9rationnels. Certains mod\u00e8les sont t\u00e9lescopiques, ce qui permet une plus grande extension sans augmenter les dimensions ext\u00e9rieures et les rend id\u00e9aux pour les applications \u00e0 espace restreint.<\/li>\n<li>Faciles \u00e0 produire : Nos produits peuvent parfaitement remplacer ces v\u00e9rins hydrauliques.<\/li>\n<\/ul>\n<p><img decoding=\"async\" src=\"https:\/\/www.hydraulic-cylinders.net\/wp-content\/uploads\/2025\/01\/songte-cylinder-head-with-all-kinds-excavator-models.webp\"\/><\/p>\n<h3>Applications<\/h3>\n<p>Les v\u00e9rins \u00e0 godet sont largement utilis\u00e9s dans diverses industries en raison de leurs excellentes performances. Voici quelques applications courantes\u00a0:<\/p>\n<h4>\u00c9quipement de construction<\/h4>\n<p>Sur les excavatrices, ils sont indispensables pour creuser, charger et d\u00e9placer la terre ou les d\u00e9bris. Sur les chargeuses-pelleteuses, les v\u00e9rins du godet participent \u00e0 la fois au creusement et au levage. <\/p>\n<h4>machines agricoles<\/h4>\n<p>Utilis\u00e9 dans les chargeurs frontaux pour ramasser, soulever et transporter de la terre, du foin et d'autres mat\u00e9riaux.<\/p>\n<h4>Excavateurs<\/h4>\n<p>Les v\u00e9rins de godet permettent au godet de p\u00e9n\u00e9trer dans le sol.<\/p>\n<h4>Chargeurs<\/h4>\n<p>Sur les chargeuses frontales, elles facilitent le levage et le d\u00e9chargement efficaces des marchandises.<\/p>\n<h3>Consid\u00e9rations de conception et normes de s\u00e9lection<\/h3>\n<p>Les v\u00e9rins de godet sont des composants essentiels des syst\u00e8mes hydrauliques, et leur conception ainsi que les normes de s\u00e9lection sont cruciales. Voici quelques facteurs cl\u00e9s \u00e0 prendre en compte\u00a0:<\/p>\n<h4>Capacit\u00e9 de charge<\/h4>\n<p>Les v\u00e9rins des godets doivent \u00eatre con\u00e7us pour r\u00e9sister aux charges induites par l'\u00e9quipement et le mat\u00e9riau \u00e0 d\u00e9placer.<\/p>\n<h4>Scellage<\/h4>\n<p>Les joints de piston et de tige doivent \u00eatre soigneusement s\u00e9lectionn\u00e9s afin d'\u00e9viter les fuites et la contamination. Le caoutchouc polyur\u00e9thane ou nitrile est souvent utilis\u00e9 comme mat\u00e9riau en raison de sa r\u00e9sistance \u00e0 l'usure et de ses propri\u00e9t\u00e9s anticorrosion.<\/p>\n<h4>Durabilit\u00e9<\/h4>\n<p>Le cylindre doit \u00eatre con\u00e7u pour r\u00e9sister aux conditions d'exploitation difficiles et pour r\u00e9sister \u00e0 l'usure et \u00e0 la corrosion sur une longue p\u00e9riode.<\/p>\n<h4>S\u00e9curit\u00e9<\/h4>\n<p>La conception doit prendre en compte les aspects de s\u00e9curit\u00e9 afin de minimiser les risques d'accidents.<\/p>\n<h4>Entretien<\/h4>\n<p>Le cylindre doit \u00eatre con\u00e7u pour faciliter les inspections, l'entretien et les r\u00e9parations, et \u00eatre facile \u00e0 d\u00e9monter et \u00e0 remonter.<\/p>\n<p><img decoding=\"async\" src=\"https:\/\/www.hydraulic-cylinders.net\/wp-content\/uploads\/2025\/01\/songte-oil-pipes-and-spare-parts.webp\"\/><\/p>\n<h3>\u00c9tanch\u00e9it\u00e9 et lubrification<\/h3>\n<p>Les v\u00e9rins de godet n\u00e9cessitent une \u00e9tanch\u00e9it\u00e9 et une lubrification ad\u00e9quates pour garantir des performances optimales et une dur\u00e9e de vie prolong\u00e9e. Les \u00e9tapes suivantes sont essentielles\u00a0:<\/p>\n<ul>\n<li>Divers \u00e9l\u00e9ments d'\u00e9tanch\u00e9it\u00e9, tels que les joints de piston, les joints de tige, etc., doivent \u00eatre r\u00e9guli\u00e8rement contr\u00f4l\u00e9s et remplac\u00e9s si n\u00e9cessaire.<\/li>\n<li>Le corps du cylindre et la surface du filetage doivent \u00eatre usin\u00e9s avec pr\u00e9cision afin d'am\u00e9liorer la r\u00e9sistance \u00e0 l'usure.<\/li>\n<li>Lubrifiez r\u00e9guli\u00e8rement le v\u00e9rin hydraulique avec l'huile hydraulique appropri\u00e9e afin d'assurer un bon fonctionnement et de prolonger sa dur\u00e9e de vie.<\/li>\n<\/ul>\n<p><img decoding=\"async\" src=\"https:\/\/www.hydraulic-cylinders.net\/wp-content\/uploads\/2025\/01\/songte-chushion-collar.webp\"\/><\/p>\n<h3>Maintenance r\u00e9guli\u00e8re et mesures pr\u00e9ventives<\/h3>\n<ul>\n<li>Regular inspections and appropriate lubrication are essential to ensuring the cylinder&#8217;s optimal performance.<\/li>\n<li>Remplacez d\u00e8s que possible les pi\u00e8ces us\u00e9es ou endommag\u00e9es.<\/li>\n<li>Un alignement correct lors de l'installation est essentiel pour garantir des performances optimales.<\/li>\n<li>Un alignement correct du cylindre et l'utilisation de supports de montage appropri\u00e9s peuvent am\u00e9liorer la durabilit\u00e9 du cylindre et r\u00e9duire le risque de dommages.<\/li>\n<li>Des recommandations concernant les proc\u00e9dures d'inspection, de r\u00e9paration et de remplacement sont fournies afin d'accro\u00eetre la dur\u00e9e de vie du v\u00e9rin du godet.<\/li>\n<\/ul>\n<p><img decoding=\"async\" src=\"https:\/\/www.hydraulic-cylinders.net\/wp-content\/uploads\/2025\/01\/songte-bushings-with-all-kinds-of-excavator-models.webp\"\/><\/p>\n<h3>Consid\u00e9rations de s\u00e9curit\u00e9 et facteurs environnementaux<\/h3>\n<p>Lors de l'utilisation de v\u00e9rins de godet, le respect des mesures de s\u00e9curit\u00e9 est primordial pour minimiser les risques d'accidents. Il est essentiel de suivre les consignes de s\u00e9curit\u00e9 et les instructions d'utilisation.<\/p>\n<h3>Diagnostic des pannes et probl\u00e8mes courants<\/h3>\n<p>Voici quelques probl\u00e8mes courants rencontr\u00e9s avec les v\u00e9rins de godet\u00a0:<\/p>\n<ul>\n<li>Fuite d'huile hydraulique.<\/li>\n<li>D\u00e9rive ou incapacit\u00e9 \u00e0 maintenir la pression.<\/li>\n<li>Fonctionnement lent ou irr\u00e9gulier.<\/li>\n<\/ul>\n<p>Lorsque ces probl\u00e8mes surviennent, les mesures suivantes peuvent \u00eatre prises pour les r\u00e9soudre\u00a0:<\/p>\n<ul>\n<li>V\u00e9rifiez et remplacez les joints ou autres composants us\u00e9s ou endommag\u00e9s.<\/li>\n<li>V\u00e9rifiez la pr\u00e9sence de toute contamination dans l'huile hydraulique et remplacez-la si n\u00e9cessaire.<\/li>\n<li>V\u00e9rifiez que toutes les conduites et connexions hydrauliques sont bien fix\u00e9es et en bon \u00e9tat.<\/li>\n<\/ul>\n<p><img decoding=\"async\" src=\"https:\/\/hzpt.com\/wp-content\/uploads\/2024\/11\/songte-company-1.webp\"\/><\/p>\n<h2>\u00c0 propos de nous<\/h2>\n<p>Nous sommes un fabricant de v\u00e9rins hydrauliques de remplacement proposant une large gamme de produits, ce qui fait de nous l'un des principaux fabricants et distributeurs de v\u00e9rins hydrauliques sur les march\u00e9s nationaux et internationaux. Attach\u00e9s \u00e0 l'excellence, nous nous appuyons sur des strat\u00e9gies de gestion de la production industrielle performantes, reposant sur des ateliers de fabrication de pr\u00e9cision, des techniciens qualifi\u00e9s, des \u00e9quipements de production num\u00e9rique de pointe et des syst\u00e8mes de contr\u00f4le qualit\u00e9 rigoureux. Nous optimisons ainsi en permanence nos processus de fabrication, nos lignes de production et cultivons une forte cr\u00e9ativit\u00e9. Notre objectif est de d\u00e9velopper et de fabriquer des produits r\u00e9pondant aux exigences de nos clients, en nous appuyant sur les principes d'efficacit\u00e9, de pr\u00e9cision et de qualit\u00e9.<\/p>\n<p><img decoding=\"async\" src=\"https:\/\/www.hydraulic-cylinders.net\/wp-content\/uploads\/2025\/01\/songte-company-3.webp\"\/><\/p>\n<h3>Professionnalisme<\/h3>\n<p>Nous disposons d'une \u00e9quipe d'experts techniques poss\u00e9dant une riche exp\u00e9rience dans la production, les essais et le contr\u00f4le des v\u00e9rins hydrauliques, garantissant ainsi que nos produits r\u00e9pondent aux normes de qualit\u00e9 internationales.<\/p>\n<h3>Certification internationale<\/h3>\n<p>Nos produits ont obtenu diverses certifications internationales, telles que ISO9001:2015, CE, RoHS, UL et autres, garantissant ainsi \u00e0 nos clients un haut degr\u00e9 de confiance en nos produits.<\/p>\n<h3>Services de personnalisation<\/h3>\n<p>Nous pouvons personnaliser le produit en fonction des exigences sp\u00e9cifiques de nos clients, garantissant ainsi que leurs besoins individuels soient satisfaits.<\/p>\n<h3>\u00c9quipement de production<\/h3>\n<p>Nous utilisons des \u00e9quipements de production et des syst\u00e8mes d'inspection de pointe pour garantir que nos produits sont de la plus haute qualit\u00e9 et r\u00e9pondent aux exigences de nos clients.<\/p>\n<h3>Services apr\u00e8s-vente<\/h3>\n<p>Nous assurons un excellent service apr\u00e8s-vente, garantissant la satisfaction de nos clients. Nous proposons des pi\u00e8ces de rechange et des services de remise \u00e0 neuf, ainsi que des conseils pour prolonger la dur\u00e9e de vie des v\u00e9rins hydrauliques, et bien plus encore.<\/p>\n<h4>Auteur : lyl<\/h4>","protected":false},"excerpt":{"rendered":"<p>Bucket Cylinder For Caterpillar Small Excavator E305.5E Introduction Defining Bucket Cylinder A bucket cylinder is a specially designed hydraulic cylinder mainly used to control the movement of shovels or buckets in heavy machinery such as excavators, backhoe loaders, and front-end loaders. Its primary function is to enable the bucket to lift, lower, and tilt, making [&hellip;]<\/p>","protected":false},"featured_media":14762,"comment_status":"open","ping_status":"closed","template":"","meta":{"_et_pb_use_builder":"","_et_pb_old_content":"","_et_gb_content_width":""},"product_brand":[],"product_cat":[1494],"product_tag":[1495,1496],"class_list":{"0":"post-15220","1":"product","2":"type-product","3":"status-publish","4":"has-post-thumbnail","6":"product_cat-bucket-cylinders","7":"product_tag-bucket-cylinders","8":"product_tag-hydraulic-cylinders","10":"first","11":"instock","12":"shipping-taxable","13":"product-type-simple"},"amp_enabled":true,"_links":{"self":[{"href":"https:\/\/www.hydraulic-cylinders.net\/fr\/wp-json\/wp\/v2\/product\/15220","targetHints":{"allow":["GET"]}}],"collection":[{"href":"https:\/\/www.hydraulic-cylinders.net\/fr\/wp-json\/wp\/v2\/product"}],"about":[{"href":"https:\/\/www.hydraulic-cylinders.net\/fr\/wp-json\/wp\/v2\/types\/product"}],"replies":[{"embeddable":true,"href":"https:\/\/www.hydraulic-cylinders.net\/fr\/wp-json\/wp\/v2\/comments?post=15220"}],"wp:featuredmedia":[{"embeddable":true,"href":"https:\/\/www.hydraulic-cylinders.net\/fr\/wp-json\/wp\/v2\/media\/14762"}],"wp:attachment":[{"href":"https:\/\/www.hydraulic-cylinders.net\/fr\/wp-json\/wp\/v2\/media?parent=15220"}],"wp:term":[{"taxonomy":"product_brand","embeddable":true,"href":"https:\/\/www.hydraulic-cylinders.net\/fr\/wp-json\/wp\/v2\/product_brand?post=15220"},{"taxonomy":"product_cat","embeddable":true,"href":"https:\/\/www.hydraulic-cylinders.net\/fr\/wp-json\/wp\/v2\/product_cat?post=15220"},{"taxonomy":"product_tag","embeddable":true,"href":"https:\/\/www.hydraulic-cylinders.net\/fr\/wp-json\/wp\/v2\/product_tag?post=15220"}],"curies":[{"name":"wp","href":"https:\/\/api.w.org\/{rel}","templated":true}]}}