{"id":15223,"date":"2025-01-19T14:15:33","date_gmt":"2025-01-19T14:15:33","guid":{"rendered":"https:\/\/www.hydraulic-cylinders.net\/product\/bucket-cylinder-for-caterpillar-small-excavator-e313d\/"},"modified":"2025-01-19T14:15:35","modified_gmt":"2025-01-19T14:15:35","slug":"bucket-cylinder-for-caterpillar-small-excavator-e313d","status":"publish","type":"product","link":"https:\/\/www.hydraulic-cylinders.net\/fr\/produit\/bucket-cylinder-for-caterpillar-small-excavator-e313d\/","title":{"rendered":"Cylindre de godet pour petite pelle Caterpillar E313D"},"content":{"rendered":"<h1>Cylindre de godet pour petite pelle Caterpillar E313D<\/h1>\n<p><img decoding=\"async\" src=\"https:\/\/www.hydraulic-cylinders.net\/wp-content\/uploads\/2025\/01\/songte-company-2.webp\"><\/p>\n<h2>Introduction<\/h2>\n<p>Le v\u00e9rin de godet pour mini-pelle Caterpillar E313D est un v\u00e9rin hydraulique sp\u00e9cialement con\u00e7u pour contr\u00f4ler les mouvements du godet sur les engins de chantier tels que les pelles, les chargeuses-pelleteuses et les chargeuses frontales. Sa fonction principale est de permettre la lev\u00e9e, l'abaissement et l'inclinaison du godet, facilitant ainsi diverses op\u00e9rations de manutention. Dans un syst\u00e8me hydraulique, le v\u00e9rin de godet assure un contr\u00f4le pr\u00e9cis du godet gr\u00e2ce \u00e0 la variation de pression de l'huile hydraulique, permettant aux op\u00e9rateurs de manipuler efficacement des charges lourdes et de s'adapter \u00e0 des environnements de travail complexes et \u00e0 des besoins op\u00e9rationnels vari\u00e9s.<\/p>\n<h2>Caract\u00e9ristiques<\/h2>\n<ul>\n<li>Haute r\u00e9sistance et durabilit\u00e9\u00a0: g\u00e9n\u00e9ralement fabriqu\u00e9 en acier haute r\u00e9sistance ou en aluminium, il supporte les hautes pressions et les charges importantes, s\u2019adaptant ainsi aux environnements de travail difficiles. Sa conception prend en compte la r\u00e9sistance \u00e0 l\u2019usure et \u00e0 la corrosion, prolongeant ainsi sa dur\u00e9e de vie.<\/li>\n<li>Fonctionnement hydraulique efficace\u00a0: gr\u00e2ce \u00e0 la pression de l\u2019huile hydraulique, il assure des mouvements d\u2019extension et de r\u00e9traction fluides, r\u00e9pond rapidement aux commandes, fournit des forces de pouss\u00e9e et de traction puissantes et convient \u00e0 la manutention de charges lourdes et \u00e0 des t\u00e2ches op\u00e9rationnelles complexes.<\/li>\n<li>Diff\u00e9rents types\u00a0: Le v\u00e9rin de godet peut \u00eatre choisi en version simple effet (actionnement hydraulique dans un seul sens) ou double effet (actionnement hydraulique dans les deux sens), selon les besoins, afin de r\u00e9pondre \u00e0 diff\u00e9rentes exigences op\u00e9rationnelles. Certains mod\u00e8les sont t\u00e9lescopiques, ce qui permet une plus grande extension sans augmenter les dimensions ext\u00e9rieures et les rend adapt\u00e9s aux applications dans des espaces restreints.<\/li>\n<li>Remplacement des v\u00e9rins hydrauliques : Nos produits peuvent parfaitement remplacer ces v\u00e9rins hydrauliques. <img decoding=\"async\" src=\"https:\/\/www.hydraulic-cylinders.net\/wp-content\/uploads\/2025\/01\/songte-cylinder-head-with-all-kinds-excavator-models.webp\"><\/li>\n<\/ul>\n<h2>Applications<\/h2>\n<p>Le v\u00e9rin de godet pour la petite pelle Caterpillar E313D trouve son application dans divers \u00e9quipements\u00a0:<\/p>\n<ul>\n<li>Mat\u00e9riel de construction\u00a0: Sur les excavatrices, les v\u00e9rins sont indispensables pour creuser, charger et d\u00e9placer la terre ou les d\u00e9bris. Sur les chargeuses-pelleteuses, le v\u00e9rin du godet contribue \u00e0 la fois \u00e0 l\u2019excavation et au levage.<\/li>\n<li>Machines agricoles : utilis\u00e9es dans les chargeurs frontaux pour ramasser, soulever et transporter de la terre, du foin et d'autres mat\u00e9riaux.<\/li>\n<li>Excavatrices : Le v\u00e9rin du godet permet l'action de creuser en permettant au godet de p\u00e9n\u00e9trer dans le sol.<\/li>\n<li>Chargeuses : Sur les chargeuses frontales, elles permettent de lever et de d\u00e9charger efficacement les marchandises.<\/li>\n<\/ul>\n<h2>Consid\u00e9rations de conception et crit\u00e8res de s\u00e9lection<\/h2>\n<p>Les consid\u00e9rations de conception et les crit\u00e8res de s\u00e9lection du v\u00e9rin de godet sont les suivants\u00a0:<\/p>\n<ul>\n<li>Capacit\u00e9 de charge : Le cylindre doit \u00eatre con\u00e7u pour supporter la charge requise sans d\u00e9faillance.<\/li>\n<li>Capacit\u00e9 d'\u00e9tanch\u00e9it\u00e9 : Une \u00e9tanch\u00e9it\u00e9 correcte est essentielle pour \u00e9viter les fuites et garantir l'efficacit\u00e9 du syst\u00e8me hydraulique.<\/li>\n<li>Durabilit\u00e9 : Le cylindre doit pouvoir r\u00e9sister aux conditions de travail pr\u00e9vues et avoir une longue dur\u00e9e de vie.<\/li>\n<li>S\u00e9curit\u00e9 : Des dispositifs de s\u00e9curit\u00e9 doivent \u00eatre int\u00e9gr\u00e9s afin de pr\u00e9venir les accidents et d'assurer la protection de l'op\u00e9rateur.<\/li>\n<li>Facilit\u00e9 d'entretien : La conception du cylindre doit permettre un entretien, des r\u00e9parations et des remplacements faciles en cas de besoin. <img decoding=\"async\" src=\"https:\/\/www.hydraulic-cylinders.net\/wp-content\/uploads\/2025\/01\/songte-oil-pipes-and-spare-parts.webp\"><\/li>\n<\/ul>\n<h2>\u00c9tanch\u00e9it\u00e9 et lubrification<\/h2>\n<p>Le v\u00e9rin du godet utilise divers \u00e9l\u00e9ments d'\u00e9tanch\u00e9it\u00e9, tels que des joints de piston et des joints de tige, fabriqu\u00e9s en mat\u00e9riaux r\u00e9sistants \u00e0 l'usure comme le polyur\u00e9thane et le caoutchouc nitrile. Le corps du v\u00e9rin et ses extr\u00e9mit\u00e9s filet\u00e9es b\u00e9n\u00e9ficient d'un traitement de pr\u00e9cision pour une meilleure r\u00e9sistance \u00e0 l'usure. Une lubrification r\u00e9guli\u00e8re avec la quantit\u00e9 appropri\u00e9e d'huile hydraulique est indispensable \u00e0 un fonctionnement optimal.<\/p>\n<h2>Inspection r\u00e9guli\u00e8re et maintenance pr\u00e9ventive<\/h2>\n<p>Pour garantir des performances optimales et une longue dur\u00e9e de vie, des inspections r\u00e9guli\u00e8res et des mesures d'entretien pr\u00e9ventif sont recommand\u00e9es. Voici quelques points cl\u00e9s\u00a0:<\/p>\n<ul>\n<li>V\u00e9rifier l'absence de fuites ou de dommages<\/li>\n<li>Lubrification ad\u00e9quate<\/li>\n<li>Remplacement des joints et v\u00e9rifications d'\u00e9talonnage<\/li>\n<\/ul>\n<p>Une installation correcte est essentielle \u00e0 la long\u00e9vit\u00e9 du v\u00e9rin de godet. Un alignement pr\u00e9cis et l'utilisation de supports de fixation adapt\u00e9s sont recommand\u00e9s. Des proc\u00e9dures d'inspection, de r\u00e9paration et de remplacement sont disponibles, ainsi que des services de remplacement et de remise \u00e0 neuf des composants pour optimiser la dur\u00e9e de vie du v\u00e9rin. <img decoding=\"async\" src=\"https:\/\/www.hydraulic-cylinders.net\/wp-content\/uploads\/2025\/01\/songte-chushion-collar.webp\"><\/p>\n<h2>Consid\u00e9rations de s\u00e9curit\u00e9 et facteurs environnementaux<\/h2>\n<p>Lors de l'utilisation du v\u00e9rin \u00e0 godet, il est important de privil\u00e9gier les mesures de s\u00e9curit\u00e9 afin de pr\u00e9venir les accidents et de minimiser l'impact environnemental.<\/p>\n<h2>D\u00e9pannage et probl\u00e8mes courants<\/h2>\n<p>Probl\u00e8mes courants et conseils de d\u00e9pannage pour le v\u00e9rin de godet\u00a0:<\/p>\n<ul>\n<li>Identifier et r\u00e9soudre les probl\u00e8mes<\/li>\n<li>Mettre en place des mesures pr\u00e9ventives pour minimiser les probl\u00e8mes potentiels<\/li>\n<\/ul>\n<p>Des techniques efficaces de diagnostic et de r\u00e9solution de probl\u00e8mes sont propos\u00e9es pour aider les lecteurs \u00e0 identifier et \u00e0 r\u00e9soudre les difficult\u00e9s rencontr\u00e9es. L'entretien r\u00e9gulier et le respect des consignes d'installation, de lubrification et de r\u00e9glage sont essentiels pour garantir des performances optimales et une dur\u00e9e de vie prolong\u00e9e du v\u00e9rin du godet. <img decoding=\"async\" src=\"https:\/\/www.hydraulic-cylinders.net\/wp-content\/uploads\/2025\/01\/songte-bushings-with-all-kinds-of-excavator-models.webp\"><\/p>\n<p>N'oubliez pas d'organiser l'article de mani\u00e8re logique, d'utiliser des sous-titres pour faciliter la navigation, d'int\u00e9grer des images ou des graphiques pertinents pour une meilleure compr\u00e9hension et de veiller \u00e0 ce que le contenu soit clair, concis et adapt\u00e9 aux lecteurs ayant diff\u00e9rents niveaux de connaissances techniques.<\/p>\n<h2>\u00c0 propos de notre entreprise<\/h2>\n<p>Nous sommes un fabricant de v\u00e9rins hydrauliques de remplacement et proposons une large gamme de produits. Nous figurons parmi les principaux fabricants et distributeurs de v\u00e9rins hydrauliques sur les march\u00e9s nationaux et internationaux. Notre entreprise applique une strat\u00e9gie de gestion de la production industrialis\u00e9e, s'appuyant sur une qualit\u00e9 irr\u00e9prochable, des ateliers de fabrication performants et l'utilisation d'\u00e9quipements de production de pointe et de syst\u00e8mes de contr\u00f4le professionnels. Nous am\u00e9liorons constamment notre plateforme de production, optimisons notre processus de fabrication et disposons d'une forte capacit\u00e9 d'innovation, r\u00e9pondant ainsi aux divers besoins de nos clients avec efficacit\u00e9, pr\u00e9cision et rigueur. <img decoding=\"async\" src=\"https:\/\/www.hydraulic-cylinders.net\/wp-content\/uploads\/2025\/01\/songte-company-3.webp\"><\/p>\n<p>De plus, nous mettons l'accent sur notre professionnalisme, nos certifications internationales, nos services personnalis\u00e9s, nos \u00e9quipements de production et nos services apr\u00e8s-vente.<\/p>\n<p>Auteur : lyl<\/p>","protected":false},"excerpt":{"rendered":"<p>Bucket Cylinder For Caterpillar Small Excavator E313D Introduction Bucket cylinder for Caterpillar small excavator E313D is a specially designed hydraulic cylinder used to control the movement of the bucket in heavy machinery such as excavators, backhoe loaders, and front loaders. Its main function is to enable the bucket to lift, lower, and tilt, making it [&hellip;]<\/p>","protected":false},"featured_media":14788,"comment_status":"open","ping_status":"closed","template":"","meta":{"_et_pb_use_builder":"","_et_pb_old_content":"","_et_gb_content_width":""},"product_brand":[],"product_cat":[1494],"product_tag":[1495,1496],"class_list":{"0":"post-15223","1":"product","2":"type-product","3":"status-publish","4":"has-post-thumbnail","6":"product_cat-bucket-cylinders","7":"product_tag-bucket-cylinders","8":"product_tag-hydraulic-cylinders","10":"first","11":"instock","12":"shipping-taxable","13":"product-type-simple"},"amp_enabled":true,"_links":{"self":[{"href":"https:\/\/www.hydraulic-cylinders.net\/fr\/wp-json\/wp\/v2\/product\/15223","targetHints":{"allow":["GET"]}}],"collection":[{"href":"https:\/\/www.hydraulic-cylinders.net\/fr\/wp-json\/wp\/v2\/product"}],"about":[{"href":"https:\/\/www.hydraulic-cylinders.net\/fr\/wp-json\/wp\/v2\/types\/product"}],"replies":[{"embeddable":true,"href":"https:\/\/www.hydraulic-cylinders.net\/fr\/wp-json\/wp\/v2\/comments?post=15223"}],"wp:featuredmedia":[{"embeddable":true,"href":"https:\/\/www.hydraulic-cylinders.net\/fr\/wp-json\/wp\/v2\/media\/14788"}],"wp:attachment":[{"href":"https:\/\/www.hydraulic-cylinders.net\/fr\/wp-json\/wp\/v2\/media?parent=15223"}],"wp:term":[{"taxonomy":"product_brand","embeddable":true,"href":"https:\/\/www.hydraulic-cylinders.net\/fr\/wp-json\/wp\/v2\/product_brand?post=15223"},{"taxonomy":"product_cat","embeddable":true,"href":"https:\/\/www.hydraulic-cylinders.net\/fr\/wp-json\/wp\/v2\/product_cat?post=15223"},{"taxonomy":"product_tag","embeddable":true,"href":"https:\/\/www.hydraulic-cylinders.net\/fr\/wp-json\/wp\/v2\/product_tag?post=15223"}],"curies":[{"name":"wp","href":"https:\/\/api.w.org\/{rel}","templated":true}]}}