{"id":15225,"date":"2025-01-19T14:15:41","date_gmt":"2025-01-19T14:15:41","guid":{"rendered":"https:\/\/www.hydraulic-cylinders.net\/product\/bucket-cylinder-for-caterpillar-middle-excavator-e200b\/"},"modified":"2025-01-19T14:15:43","modified_gmt":"2025-01-19T14:15:43","slug":"bucket-cylinder-for-caterpillar-middle-excavator-e200b","status":"publish","type":"product","link":"https:\/\/www.hydraulic-cylinders.net\/fr\/produit\/bucket-cylinder-for-caterpillar-middle-excavator-e200b\/","title":{"rendered":"V\u00e9rin de godet pour pelle hydraulique Caterpillar E200B"},"content":{"rendered":"<h1>V\u00e9rin de godet pour pelle hydraulique Caterpillar E200B<\/h1>\n<h2>Introduction<\/h2>\n<p>Un v\u00e9rin de godet est un type de v\u00e9rin hydraulique con\u00e7u sp\u00e9cifiquement pour contr\u00f4ler les mouvements du godet sur les engins de chantier tels que les pelles hydrauliques, les tractopelles et les chargeuses frontales. Sa fonction principale est de permettre au godet d'effectuer des op\u00e9rations de levage, d'abaissement et d'inclinaison, facilitant ainsi la manutention de mat\u00e9riaux divers. Dans le syst\u00e8me hydraulique, le v\u00e9rin de godet assure un contr\u00f4le pr\u00e9cis des mouvements du godet gr\u00e2ce \u00e0 la variation de la pression d'huile hydraulique, permettant aux op\u00e9rateurs de manipuler efficacement des charges lourdes et de s'adapter \u00e0 des environnements de travail complexes et \u00e0 des exigences vari\u00e9es.<\/p>\n<p><img decoding=\"async\" src=\"https:\/\/www.hydraulic-cylinders.net\/wp-content\/uploads\/2025\/01\/songte-company-2.webp\" alt=\"V\u00e9rin de godet\"><\/p>\n<h2>Caract\u00e9ristiques<\/h2>\n<ul>\n<li>Haute r\u00e9sistance et durabilit\u00e9\u00a0: g\u00e9n\u00e9ralement fabriqu\u00e9 en acier ou en aluminium haute r\u00e9sistance, il supporte les hautes pressions et les charges importantes, s\u2019adaptant ainsi aux environnements de travail difficiles. Sa conception, ax\u00e9e sur la r\u00e9sistance \u00e0 l\u2019usure et \u00e0 la corrosion, prolonge sa dur\u00e9e de vie.<\/li>\n<li>Fonctionnement hydraulique efficace : Utilisant la pression de l'huile hydraulique pour obtenir une extension et une r\u00e9traction en douceur, il peut r\u00e9pondre rapidement aux commandes, fournissant une force de pouss\u00e9e et de traction puissante adapt\u00e9e \u00e0 la manutention de charges lourdes et \u00e0 des t\u00e2ches complexes.<\/li>\n<li>Diff\u00e9rents types de v\u00e9rins sont disponibles\u00a0: \u00e0 simple effet (fonctionnement hydraulique dans un seul sens) ou \u00e0 double effet (fonctionnement hydraulique dans les deux sens), selon les besoins et les exigences op\u00e9rationnelles. Certains mod\u00e8les sont t\u00e9lescopiques, permettant une plus grande extension sans augmentation des dimensions ext\u00e9rieures, ce qui les rend adapt\u00e9s aux applications o\u00f9 l\u2019espace est limit\u00e9.<\/li>\n<li>Remplacement id\u00e9al : Notre produit peut parfaitement remplacer les autres v\u00e9rins hydrauliques.<\/li>\n<\/ul>\n<p><img decoding=\"async\" src=\"https:\/\/www.hydraulic-cylinders.net\/wp-content\/uploads\/2025\/01\/songte-cylinder-head-with-all-kinds-excavator-models.webp\" alt=\"Remplacement du v\u00e9rin de godet\"><\/p>\n<h2>Applications<\/h2>\n<p>Les v\u00e9rins \u00e0 godet sont largement utilis\u00e9s dans diverses applications telles que\u00a0:<\/p>\n<ul>\n<li>Engins de chantier\u00a0: Sur les excavatrices, les v\u00e9rins sont essentiels pour creuser, charger et d\u00e9placer la terre ou les d\u00e9bris. Sur les pelles r\u00e9trocaveuses, les v\u00e9rins du godet contribuent \u00e0 la fois au creusement et au levage. <\/li>\n<li>Machines agricoles : Utilis\u00e9es dans les chargeuses frontales pour ramasser, soulever et transporter la terre, le foin et autres mat\u00e9riaux. <\/li>\n<li>Excavatrices : Les v\u00e9rins du godet permettent l'excavation en laissant le godet p\u00e9n\u00e9trer dans le sol. <\/li>\n<li>Chargeurs : Sur les chargeurs frontaux, ils permettent de soulever et de basculer efficacement les marchandises. <\/li>\n<\/ul>\n<h2>Consid\u00e9rations de conception et crit\u00e8res de s\u00e9lection<\/h2>\n<p>Lors du choix des v\u00e9rins de godet, plusieurs points cl\u00e9s concernant leur conception sont \u00e0 prendre en compte\u00a0:<\/p>\n<ul>\n<li>Capacit\u00e9 de charge : Le cylindre doit pouvoir r\u00e9sister \u00e0 une pression \u00e9lev\u00e9e et \u00e0 des charges importantes. <\/li>\n<li>\u00c9tanch\u00e9it\u00e9 : La bague d'\u00e9tanch\u00e9it\u00e9 du piston, la bague d'\u00e9tanch\u00e9it\u00e9 de la tige et les autres composants d'\u00e9tanch\u00e9it\u00e9 doivent \u00eatre fabriqu\u00e9s en mat\u00e9riaux r\u00e9sistants \u00e0 l'usure tels que le polyur\u00e9thane ou le caoutchouc nitrile, et le corps du cylindre et la surface d'extr\u00e9mit\u00e9 du filetage doivent \u00eatre finement usin\u00e9s pour am\u00e9liorer la r\u00e9sistance \u00e0 l'usure. <\/li>\n<li>Durabilit\u00e9 : Le cylindre doit pouvoir r\u00e9sister \u00e0 des conditions de fonctionnement difficiles et avoir une longue dur\u00e9e de vie. <\/li>\n<li>S\u00e9curit\u00e9 : Le cylindre doit \u00eatre con\u00e7u en tenant compte de la s\u00e9curit\u00e9, afin de garantir qu'il ne tombe pas en panne et ne provoque pas de blessures pendant son fonctionnement. <\/li>\n<li>Facilit\u00e9 d'entretien : Le cylindre doit \u00eatre facile \u00e0 entretenir et \u00e0 r\u00e9parer, permettant un remplacement rapide des pi\u00e8ces us\u00e9es et minimisant les temps d'arr\u00eat.<\/li>\n<\/ul>\n<p><img decoding=\"async\" src=\"https:\/\/www.hydraulic-cylinders.net\/wp-content\/uploads\/2025\/01\/songte-oil-pipes-and-spare-parts.webp\" alt=\"Pi\u00e8ces de v\u00e9rin de godet\"><\/p>\n<h2>\u00c9tanch\u00e9it\u00e9 et lubrification<\/h2>\n<p>Les v\u00e9rins de godet utilisent divers composants d'\u00e9tanch\u00e9it\u00e9, tels que des joints de piston et des joints de tige, fabriqu\u00e9s dans des mat\u00e9riaux r\u00e9sistants \u00e0 l'usure comme le polyur\u00e9thane ou le caoutchouc nitrile. Le corps du v\u00e9rin et la surface d'extr\u00e9mit\u00e9 du filetage sont usin\u00e9s avec pr\u00e9cision pour une meilleure r\u00e9sistance \u00e0 l'usure. Un graissage r\u00e9gulier \u00e0 l'huile hydraulique est n\u00e9cessaire pour un fonctionnement optimal.<\/p>\n<h2>Entretien et r\u00e9paration<\/h2>\n<p>Pour garantir des performances optimales et prolonger la dur\u00e9e de vie des v\u00e9rins de godet, un entretien r\u00e9gulier est n\u00e9cessaire. Les t\u00e2ches d'entretien courantes comprennent\u00a0:<\/p>\n<ul>\n<li>inspections r\u00e9guli\u00e8res<\/li>\n<li>Lubrification ad\u00e9quate<\/li>\n<li>remplacement du joint<\/li>\n<li>Contr\u00f4les d'\u00e9talonnage<\/li>\n<\/ul>\n<p>Une installation correcte est essentielle et des instructions d'alignement doivent \u00eatre fournies. Le v\u00e9rin doit \u00eatre fix\u00e9 \u00e0 l'aide de supports de montage appropri\u00e9s. Les proc\u00e9dures recommand\u00e9es d'inspection, de r\u00e9paration et de remplacement doivent \u00eatre suivies afin d'optimiser la dur\u00e9e de vie du v\u00e9rin.<\/p>\n<p><img decoding=\"async\" src=\"https:\/\/www.hydraulic-cylinders.net\/wp-content\/uploads\/2025\/01\/songte-chushion-collar.webp\" alt=\"Installation du v\u00e9rin de godet\"><\/p>\n<h2>Consid\u00e9rations de s\u00e9curit\u00e9 et facteurs environnementaux<\/h2>\n<p>Les v\u00e9rins de godet doivent \u00eatre utilis\u00e9s conform\u00e9ment \u00e0 toutes les r\u00e9glementations et consignes de s\u00e9curit\u00e9 en vigueur. Des mesures de s\u00e9curit\u00e9 appropri\u00e9es doivent \u00eatre prises lors de la manipulation d'engins lourds. Les facteurs environnementaux tels que la temp\u00e9rature et l'humidit\u00e9 doivent \u00e9galement \u00eatre pris en compte lors du choix et de l'utilisation des v\u00e9rins de godet.<\/p>\n<h2>Pannes courantes et d\u00e9pannage<\/h2>\n<p>Les pannes courantes pouvant affecter les v\u00e9rins de godet comprennent\u00a0:<\/p>\n<ul>\n<li>Fuite d'huile<\/li>\n<li>Fonctionnement lent<\/li>\n<li>Mouvement erratique<\/li>\n<\/ul>\n<p>Pour diagnostiquer et r\u00e9soudre efficacement ces probl\u00e8mes, il convient de suivre les techniques de d\u00e9pannage appropri\u00e9es. Un entretien et une inspection r\u00e9guliers permettent de pr\u00e9venir d'\u00e9ventuels probl\u00e8mes.<\/p>\n<p><img decoding=\"async\" src=\"https:\/\/www.hydraulic-cylinders.net\/wp-content\/uploads\/2025\/01\/songte-bushings-with-all-kinds-of-excavator-models.webp\" alt=\"Bagues de v\u00e9rin de godet\"><\/p>\n<h2>\u00c0 propos de nous<\/h2>\n<p>Nous sommes un fabricant et grossiste de premier plan de v\u00e9rins hydrauliques sur les march\u00e9s nationaux et internationaux. Notre gamme compl\u00e8te de produits et leur excellente qualit\u00e9 nous ont permis de devenir une r\u00e9f\u00e9rence dans le secteur. Nous accordons une importance capitale \u00e0 la qualit\u00e9 de nos produits, en utilisant un syst\u00e8me de gestion de production performant dans nos installations de fabrication modernes. Nous am\u00e9liorons constamment la qualit\u00e9 de nos produits gr\u00e2ce \u00e0 la technologie, \u00e0 un personnel qualifi\u00e9 et \u00e0 des syst\u00e8mes de test professionnels. Notre \u00e9quipe de recherche et d\u00e9veloppement est performante et nous nous engageons \u00e0 fournir des produits de haute efficacit\u00e9, de haute pr\u00e9cision et de haute qualit\u00e9, r\u00e9pondant aux besoins vari\u00e9s de nos clients.<\/p>\n<p><img decoding=\"async\" src=\"https:\/\/hzpt.com\/wp-content\/uploads\/2024\/11\/songte-company-1.webp\" alt=\"Entreprise\"><\/p>\n<h3>Nos points forts sont les suivants\u00a0:<\/h3>\n<ul>\n<li>Professionnalisme<\/li>\n<li>Certification internationale<\/li>\n<li>Services de personnalisation<\/li>\n<li>\u00e9quipement de production avanc\u00e9<\/li>\n<li>Service apr\u00e8s-vente<\/li>\n<\/ul>\n<p>Auteur : lyl<\/p>","protected":false},"excerpt":{"rendered":"<p>Bucket Cylinder For Caterpillar Middle Excavator E200B Introduction A bucket cylinder is a type of hydraulic cylinder specially designed for controlling the movement of the bucket in heavy machinery such as excavators, backhoes, and front loaders. Its main function is to enable the bucket to perform lifting, lowering, and tilting operations, thus facilitating material handling [&hellip;]<\/p>","protected":false},"featured_media":14785,"comment_status":"open","ping_status":"closed","template":"","meta":{"_et_pb_use_builder":"","_et_pb_old_content":"","_et_gb_content_width":""},"product_brand":[],"product_cat":[1494],"product_tag":[1495,1496],"class_list":{"0":"post-15225","1":"product","2":"type-product","3":"status-publish","4":"has-post-thumbnail","6":"product_cat-bucket-cylinders","7":"product_tag-bucket-cylinders","8":"product_tag-hydraulic-cylinders","10":"first","11":"instock","12":"shipping-taxable","13":"product-type-simple"},"amp_enabled":true,"_links":{"self":[{"href":"https:\/\/www.hydraulic-cylinders.net\/fr\/wp-json\/wp\/v2\/product\/15225","targetHints":{"allow":["GET"]}}],"collection":[{"href":"https:\/\/www.hydraulic-cylinders.net\/fr\/wp-json\/wp\/v2\/product"}],"about":[{"href":"https:\/\/www.hydraulic-cylinders.net\/fr\/wp-json\/wp\/v2\/types\/product"}],"replies":[{"embeddable":true,"href":"https:\/\/www.hydraulic-cylinders.net\/fr\/wp-json\/wp\/v2\/comments?post=15225"}],"wp:featuredmedia":[{"embeddable":true,"href":"https:\/\/www.hydraulic-cylinders.net\/fr\/wp-json\/wp\/v2\/media\/14785"}],"wp:attachment":[{"href":"https:\/\/www.hydraulic-cylinders.net\/fr\/wp-json\/wp\/v2\/media?parent=15225"}],"wp:term":[{"taxonomy":"product_brand","embeddable":true,"href":"https:\/\/www.hydraulic-cylinders.net\/fr\/wp-json\/wp\/v2\/product_brand?post=15225"},{"taxonomy":"product_cat","embeddable":true,"href":"https:\/\/www.hydraulic-cylinders.net\/fr\/wp-json\/wp\/v2\/product_cat?post=15225"},{"taxonomy":"product_tag","embeddable":true,"href":"https:\/\/www.hydraulic-cylinders.net\/fr\/wp-json\/wp\/v2\/product_tag?post=15225"}],"curies":[{"name":"wp","href":"https:\/\/api.w.org\/{rel}","templated":true}]}}