{"id":15230,"date":"2025-01-19T14:16:10","date_gmt":"2025-01-19T14:16:10","guid":{"rendered":"https:\/\/www.hydraulic-cylinders.net\/product\/bucket-cylinder-for-caterpillar-middle-excavator-e240bl\/"},"modified":"2025-01-19T14:16:12","modified_gmt":"2025-01-19T14:16:12","slug":"bucket-cylinder-for-caterpillar-middle-excavator-e240bl","status":"publish","type":"product","link":"https:\/\/www.hydraulic-cylinders.net\/fr\/produit\/bucket-cylinder-for-caterpillar-middle-excavator-e240bl\/","title":{"rendered":"Cylindre de godet pour pelle hydraulique Caterpillar E240BL"},"content":{"rendered":"<h1>Cylindre de godet pour pelle hydraulique Caterpillar E240BL<\/h1>\n<h2>Introduction<\/h2>\n<p>A bucket cylinder is a specially designed hydraulic cylinder used to control the movement of buckets in heavy-duty machinery such as excavators, backhoes, and front loaders. Its main function is to enable the bucket to perform lifting, lowering, and tilting actions, making it easier to handle various material handling tasks. In the hydraulic system, the bucket cylinder achieves precise control of the bucket&#8217;s movement through changes in hydraulic oil pressure, allowing operators to efficiently handle heavy loads and adapt to complex work environments and diverse operational requirements.<\/p>\n<p><img decoding=\"async\" src=\"https:\/\/www.hydraulic-cylinders.net\/wp-content\/uploads\/2025\/01\/songte-company-2.webp\" alt=\"Image du cylindre du godet\"><\/p>\n<h2>Caract\u00e9ristiques<\/h2>\n<ul>\n<li>Haute r\u00e9sistance et durabilit\u00e9 : G\u00e9n\u00e9ralement fabriqu\u00e9 en acier ou en aluminium \u00e0 haute r\u00e9sistance, il peut supporter une pression \u00e9lev\u00e9e et des charges importantes, s'adapter aux environnements de travail difficiles et est con\u00e7u pour prendre en compte la r\u00e9sistance \u00e0 l'usure et \u00e0 la corrosion, prolongeant ainsi sa dur\u00e9e de vie.<\/li>\n<li>Fonctionnement hydraulique efficace\u00a0: des mouvements d\u2019extension et de contraction fluides sont obtenus gr\u00e2ce \u00e0 la pression de l\u2019huile hydraulique, et le syst\u00e8me peut r\u00e9pondre rapidement aux commandes, fournissant des forces de pouss\u00e9e et de traction puissantes, ce qui le rend adapt\u00e9 \u00e0 la manutention de charges lourdes et \u00e0 des t\u00e2ches complexes.<\/li>\n<li>Diff\u00e9rents types de v\u00e9rins sont disponibles\u00a0: \u00e0 simple effet (actionnement hydraulique dans un seul sens) ou \u00e0 double effet (actionnement hydraulique dans les deux sens), selon les besoins op\u00e9rationnels. Certains mod\u00e8les sont t\u00e9lescopiques, ce qui permet une plus grande extension sans augmenter l\u2019encombrement et les rend particuli\u00e8rement adapt\u00e9s aux espaces restreints.<\/li>\n<li>Notre produit peut parfaitement remplacer ces v\u00e9rins hydrauliques.<\/li>\n<\/ul>\n<p><img decoding=\"async\" src=\"https:\/\/www.hydraulic-cylinders.net\/wp-content\/uploads\/2025\/01\/songte-cylinder-head-with-all-kinds-excavator-models.webp\" alt=\"Image du cylindre du godet\"><\/p>\n<h2>Applications<\/h2>\n<p>Le v\u00e9rin \u00e0 godet est utilis\u00e9 dans diverses machines lourdes\u00a0:<\/p>\n<ul>\n<li>Mat\u00e9riel de chantier\u00a0: indispensable aux excavatrices pour creuser, charger et d\u00e9placer la terre ou les d\u00e9bris. Sur les pelles r\u00e9trocaveuses, le v\u00e9rin du godet sert \u00e0 la fois \u00e0 l\u2019excavation et au levage. <\/li>\n<li>Machines agricoles : Utilis\u00e9es dans les chargeuses frontales pour ramasser, soulever et transporter la terre, le foin et autres mat\u00e9riaux. <\/li>\n<li>Excavatrices : Les v\u00e9rins du godet permettent l'excavation en permettant au godet de p\u00e9n\u00e9trer dans le sol. <\/li>\n<li>Chargeurs : Sur les chargeurs frontaux, ils permettent de soulever et d'incliner efficacement les marchandises. <\/li>\n<\/ul>\n<h2>Consid\u00e9rations de conception et crit\u00e8res de s\u00e9lection<\/h2>\n<p>La conception du v\u00e9rin du godet est essentielle pour garantir son bon fonctionnement dans des conditions de travail difficiles. Voici quelques consid\u00e9rations de conception et crit\u00e8res de s\u00e9lection critiques\u00a0:<\/p>\n<ul>\n<li>Capacit\u00e9 de charge : Elle doit pouvoir r\u00e9sister \u00e0 une pression \u00e9lev\u00e9e et \u00e0 des charges importantes. <\/li>\n<li>\u00c9tanch\u00e9it\u00e9 : Elle doit comporter des \u00e9l\u00e9ments d'\u00e9tanch\u00e9it\u00e9 de haute qualit\u00e9, tels que des joints de piston et des joints de tige, fabriqu\u00e9s \u00e0 partir de mat\u00e9riaux r\u00e9sistants \u00e0 l'usure comme le polyur\u00e9thane et le caoutchouc nitrile. <\/li>\n<li>Durabilit\u00e9 : Le corps du cylindre et les surfaces d'extr\u00e9mit\u00e9 filet\u00e9es doivent \u00eatre finement usin\u00e9s pour am\u00e9liorer la r\u00e9sistance \u00e0 l'usure. <\/li>\n<li>S\u00e9curit\u00e9 : Il doit comporter des dispositifs de s\u00e9curit\u00e9 tels que des soupapes de d\u00e9rivation et des soupapes de d\u00e9charge de pression afin d'\u00e9viter toute surcharge. <\/li>\n<li>Facilit\u00e9 d'entretien : Il doit comporter des pi\u00e8ces d'usure faciles \u00e0 remplacer et une conception facile \u00e0 d\u00e9monter pour l'entretien. <\/li>\n<\/ul>\n<p><img decoding=\"async\" src=\"https:\/\/www.hydraulic-cylinders.net\/wp-content\/uploads\/2025\/01\/songte-oil-pipes-and-spare-parts.webp\" alt=\"Image du cylindre du godet\"><\/p>\n<h2>\u00c9tanch\u00e9it\u00e9 et lubrification<\/h2>\n<p>Le v\u00e9rin du godet n\u00e9cessite divers \u00e9l\u00e9ments d'\u00e9tanch\u00e9it\u00e9 pour pr\u00e9venir les fuites d'huile et assurer une lubrification optimale. Voici quelques points importants \u00e0 prendre en compte\u00a0:<\/p>\n<ul>\n<li>Utilisez diff\u00e9rents \u00e9l\u00e9ments d'\u00e9tanch\u00e9it\u00e9 tels que des joints de piston et des joints de tige.<\/li>\n<li>Choisissez des \u00e9l\u00e9ments d'\u00e9tanch\u00e9it\u00e9 fabriqu\u00e9s \u00e0 partir de mat\u00e9riaux r\u00e9sistants \u00e0 l'usure tels que le polyur\u00e9thane et le caoutchouc nitrile.<\/li>\n<li>Veillez \u00e0 ce que le corps du cylindre et les surfaces d'extr\u00e9mit\u00e9 filet\u00e9es soient finement usin\u00e9s afin d'am\u00e9liorer la r\u00e9sistance \u00e0 l'usure.<\/li>\n<li>Ajouter r\u00e9guli\u00e8rement de l'huile hydraulique appropri\u00e9e pour lubrifier<\/li>\n<\/ul>\n<h2>Entretien et r\u00e9paration<\/h2>\n<p>Le v\u00e9rin du godet n\u00e9cessite une inspection r\u00e9guli\u00e8re et un entretien pr\u00e9ventif pour garantir son fonctionnement optimal et sa durabilit\u00e9. Voici quelques op\u00e9rations d'entretien courantes\u00a0:<\/p>\n<ul>\n<li>Inspection r\u00e9guli\u00e8re<\/li>\n<li>Lubrification ad\u00e9quate<\/li>\n<li>remplacement du joint<\/li>\n<li>V\u00e9rification de l'\u00e9talonnage<\/li>\n<\/ul>\n<p><img decoding=\"async\" src=\"https:\/\/www.hydraulic-cylinders.net\/wp-content\/uploads\/2025\/01\/songte-chushion-collar.webp\" alt=\"Image du cylindre du godet\"><\/p>\n<h2>Consid\u00e9rations relatives \u00e0 la s\u00e9curit\u00e9 et \u00e0 l'environnement<\/h2>\n<p>Lors de l'utilisation du v\u00e9rin de godet, des mesures de s\u00e9curit\u00e9 doivent \u00eatre prises pour garantir un fonctionnement s\u00fbr. De plus, les consid\u00e9rations environnementales, telles que les fuites d'huile, doivent \u00e9galement \u00eatre prises en compte.<\/p>\n<h2>Diagnostic et probl\u00e8mes courants<\/h2>\n<p>Voici quelques probl\u00e8mes courants pouvant survenir lors de l'utilisation du v\u00e9rin de godet\u00a0:<\/p>\n<ul>\n<li>Fuite d'huile<\/li>\n<li>Pression insuffisante<\/li>\n<li>Mouvement lent<\/li>\n<li>Vibrations excessives<\/li>\n<\/ul>\n<h2>Pr\u00e9sentation de l'entreprise<\/h2>\n<p>We are a manufacturer of hydraulic cylinders that can replace the original cylinders. Our company&#8217;s products are diverse and have become one of the leading manufacturers and wholesale distributors of hydraulic cylinders in the domestic and international markets. We follow the principle of excellent quality and rely on industrial production management strategies in finely-manufactured workshops. We continuously improve our manufacturing platforms and perfect our product quality production lines, and have strong creation capabilities. Our customers&#8217; diverse needs are met based on our principles of high efficiency, high accuracy, and high quality.<\/p>\n<p>Notre entreprise propose \u00e9galement des services personnalis\u00e9s et des certifications internationales, notamment ISO 9001, ISO 14001 et CE. Nous disposons d'\u00e9quipements de production professionnels et d'un service apr\u00e8s-vente complet, incluant le remplacement de pi\u00e8ces d\u00e9tach\u00e9es et la remise \u00e0 neuf de nos produits, afin de garantir leur longue dur\u00e9e de vie.<\/p>\n<p><img decoding=\"async\" src=\"https:\/\/hzpt.com\/wp-content\/uploads\/2024\/11\/songte-company-1.webp\" alt=\"Image du cylindre du godet\"><\/p>\n<p>Auteur : lyl<\/p>","protected":false},"excerpt":{"rendered":"<p>Bucket Cylinder For Caterpillar Middle Excavator E240BL Introduction A bucket cylinder is a specially designed hydraulic cylinder used to control the movement of buckets in heavy-duty machinery such as excavators, backhoes, and front loaders. Its main function is to enable the bucket to perform lifting, lowering, and tilting actions, making it easier to handle various [&hellip;]<\/p>","protected":false},"featured_media":14776,"comment_status":"open","ping_status":"closed","template":"","meta":{"_et_pb_use_builder":"","_et_pb_old_content":"","_et_gb_content_width":""},"product_brand":[],"product_cat":[1494],"product_tag":[1495,1496],"class_list":{"0":"post-15230","1":"product","2":"type-product","3":"status-publish","4":"has-post-thumbnail","6":"product_cat-bucket-cylinders","7":"product_tag-bucket-cylinders","8":"product_tag-hydraulic-cylinders","10":"first","11":"instock","12":"shipping-taxable","13":"product-type-simple"},"amp_enabled":true,"_links":{"self":[{"href":"https:\/\/www.hydraulic-cylinders.net\/fr\/wp-json\/wp\/v2\/product\/15230","targetHints":{"allow":["GET"]}}],"collection":[{"href":"https:\/\/www.hydraulic-cylinders.net\/fr\/wp-json\/wp\/v2\/product"}],"about":[{"href":"https:\/\/www.hydraulic-cylinders.net\/fr\/wp-json\/wp\/v2\/types\/product"}],"replies":[{"embeddable":true,"href":"https:\/\/www.hydraulic-cylinders.net\/fr\/wp-json\/wp\/v2\/comments?post=15230"}],"wp:featuredmedia":[{"embeddable":true,"href":"https:\/\/www.hydraulic-cylinders.net\/fr\/wp-json\/wp\/v2\/media\/14776"}],"wp:attachment":[{"href":"https:\/\/www.hydraulic-cylinders.net\/fr\/wp-json\/wp\/v2\/media?parent=15230"}],"wp:term":[{"taxonomy":"product_brand","embeddable":true,"href":"https:\/\/www.hydraulic-cylinders.net\/fr\/wp-json\/wp\/v2\/product_brand?post=15230"},{"taxonomy":"product_cat","embeddable":true,"href":"https:\/\/www.hydraulic-cylinders.net\/fr\/wp-json\/wp\/v2\/product_cat?post=15230"},{"taxonomy":"product_tag","embeddable":true,"href":"https:\/\/www.hydraulic-cylinders.net\/fr\/wp-json\/wp\/v2\/product_tag?post=15230"}],"curies":[{"name":"wp","href":"https:\/\/api.w.org\/{rel}","templated":true}]}}