{"id":15231,"date":"2025-01-19T14:16:14","date_gmt":"2025-01-19T14:16:14","guid":{"rendered":"https:\/\/www.hydraulic-cylinders.net\/product\/bucket-cylinder-for-caterpillar-middle-excavator-e320c-320d\/"},"modified":"2025-01-19T14:16:16","modified_gmt":"2025-01-19T14:16:16","slug":"bucket-cylinder-for-caterpillar-middle-excavator-e320c-320d","status":"publish","type":"product","link":"https:\/\/www.hydraulic-cylinders.net\/fr\/produit\/bucket-cylinder-for-caterpillar-middle-excavator-e320c-320d\/","title":{"rendered":"V\u00e9rin de godet pour pelle hydraulique Caterpillar E320C\/320D"},"content":{"rendered":"<h1>V\u00e9rin de godet pour pelle hydraulique Caterpillar E320C\/320D<\/h1>\n<h2>Introduction<\/h2>\n<h3>D\u00e9finition<\/h3>\n<p>Un v\u00e9rin de godet est un v\u00e9rin hydraulique sp\u00e9cialement con\u00e7u pour contr\u00f4ler les mouvements du godet sur les engins de chantier tels que les pelles hydrauliques, les tractopelles et les chargeuses frontales. Sa fonction principale est de permettre la lev\u00e9e, l'abaissement et l'inclinaison du godet, facilitant ainsi la manutention de divers mat\u00e9riaux. Au sein du syst\u00e8me hydraulique, le v\u00e9rin de godet assure un contr\u00f4le pr\u00e9cis du godet gr\u00e2ce \u00e0 la variation de la pression d'huile hydraulique, permettant \u00e0 l'op\u00e9rateur de manipuler efficacement des charges lourdes et de s'adapter \u00e0 des environnements de travail complexes et \u00e0 des exigences vari\u00e9es.<\/p>\n<p><img decoding=\"async\" src=\"https:\/\/www.hydraulic-cylinders.net\/wp-content\/uploads\/2025\/01\/songte-company-2.webp\"\/><\/p>\n<h3>Caract\u00e9ristiques<\/h3>\n<ul>\n<li><strong>Haute r\u00e9sistance et durabilit\u00e9 :<\/strong> Fabriqu\u00e9s g\u00e9n\u00e9ralement en acier haute r\u00e9sistance ou en aluminium, ils supportent les hautes pressions et les charges importantes, et s'adaptent aux environnements de travail difficiles. Leur conception prend en compte l'usure et la r\u00e9sistance \u00e0 la corrosion, ce qui prolonge leur dur\u00e9e de vie.<\/li>\n<li><strong>Fonctionnement hydraulique efficace :<\/strong> Utilise la pression de l'huile hydraulique pour assurer une extension et une r\u00e9traction en douceur, peut r\u00e9pondre rapidement aux commandes, fournissant une force de traction et de pouss\u00e9e puissante, adapt\u00e9e \u00e0 la manutention de charges lourdes et \u00e0 des t\u00e2ches complexes.<\/li>\n<li><strong>Plusieurs types :<\/strong> Il est possible de choisir des v\u00e9rins \u00e0 simple effet (fonctionnant dans un seul sens) ou \u00e0 double effet (fonctionnant dans les deux sens) selon les besoins. Certains mod\u00e8les sont t\u00e9lescopiques, ce qui permet une plus grande extension sans augmenter l'encombrement et convient aux applications o\u00f9 l'espace est limit\u00e9.<\/li>\n<li><strong>Application g\u00e9n\u00e9rale :<\/strong> Les v\u00e9rins de godet sont largement utilis\u00e9s dans les engins de construction, les machines agricoles, les excavatrices et les chargeuses, fournissant un soutien essentiel pour creuser, charger et transporter la terre, le foin et d'autres mat\u00e9riaux.<\/li>\n<li><strong>Rempla\u00e7able:<\/strong> Nos produits peuvent parfaitement remplacer ces v\u00e9rins hydrauliques, offrant ainsi une solution de remplacement \u00e9conomique.<\/li>\n<\/ul>\n<p><img decoding=\"async\" src=\"https:\/\/www.hydraulic-cylinders.net\/wp-content\/uploads\/2025\/01\/songte-cylinder-head-with-all-kinds-excavator-models.webp\"\/><\/p>\n<h2>Applications<\/h2>\n<h3>\u00c9quipement de construction<\/h3>\n<p>Sur les excavatrices, les v\u00e9rins de godet sont indispensables pour creuser, charger et d\u00e9placer la terre ou les d\u00e9bris. Sur les pelles r\u00e9tro, ils servent \u00e0 la fois au creusement et au levage. Sur les chargeuses frontales, ils facilitent le levage et le basculement efficaces des charges.<\/p>\n<h3>machines agricoles<\/h3>\n<p>Utilis\u00e9 sur les chargeuses frontales pour le pelletage, le levage et le transport de terre, de foin et autres mat\u00e9riaux. Sur les pelles hydrauliques, le v\u00e9rin du godet permet le creusement en permettant au godet de p\u00e9n\u00e9trer dans le sol. Convient \u00e0 diverses applications agricoles.<\/p>\n<h3>Excavateurs<\/h3>\n<p>Les v\u00e9rins de godet servent \u00e0 creuser, charger et transporter de la terre, du gravier et d'autres mat\u00e9riaux. Le v\u00e9rin permet au godet de p\u00e9n\u00e9trer dans le sol, rendant ainsi possible l'excavation du mat\u00e9riau.<\/p>\n<h3>Chargeurs<\/h3>\n<p>Sur les chargeuses frontales, elles facilitent le levage et le basculement efficaces des charges. Elles conviennent au chargement et au d\u00e9chargement de mat\u00e9riaux dans divers secteurs industriels.<\/p>\n<p><img decoding=\"async\" src=\"https:\/\/www.hydraulic-cylinders.net\/wp-content\/uploads\/2025\/01\/songte-bushings-with-all-kinds-of-excavator-models.webp\"\/><\/p>\n<h2>Consid\u00e9rations de conception et crit\u00e8res de s\u00e9lection<\/h2>\n<h3>Capacit\u00e9 de charge<\/h3>\n<p>La capacit\u00e9 de charge d'un v\u00e9rin hydraulique correspond \u00e0 la charge maximale qu'il peut supporter. Elle est d\u00e9termin\u00e9e par le diam\u00e8tre int\u00e9rieur du v\u00e9rin, le diam\u00e8tre de la tige et la course. La conception du v\u00e9rin hydraulique doit garantir sa capacit\u00e9 \u00e0 supporter la charge requise.<\/p>\n<h3>Scellage<\/h3>\n<p>La technologie d'\u00e9tanch\u00e9it\u00e9 d'un v\u00e9rin hydraulique d\u00e9termine sa dur\u00e9e de vie et sa fiabilit\u00e9. L'utilisation de mat\u00e9riaux d'\u00e9tanch\u00e9it\u00e9 de haute qualit\u00e9, tels que le polyur\u00e9thane et le caoutchouc nitrile, permet de r\u00e9duire efficacement l'usure et de prolonger la dur\u00e9e de vie du v\u00e9rin.<\/p>\n<h3>Durabilit\u00e9<\/h3>\n<p>La durabilit\u00e9 d'un v\u00e9rin hydraulique d\u00e9pend des mat\u00e9riaux et du traitement de surface utilis\u00e9s pour sa fabrication. Le corps du v\u00e9rin et la tige de piston sont g\u00e9n\u00e9ralement en acier de haute qualit\u00e9, et le traitement de surface permet d'am\u00e9liorer leur r\u00e9sistance \u00e0 l'usure et \u00e0 la corrosion.<\/p>\n<h3>S\u00e9curit\u00e9<\/h3>\n<p>Les v\u00e9rins hydrauliques doivent \u00eatre con\u00e7us en tenant compte de la s\u00e9curit\u00e9 afin de pr\u00e9venir les accidents dus \u00e0 une d\u00e9faillance. Le syst\u00e8me hydraulique doit \u00eatre dimensionn\u00e9 pour \u00e9vacuer les surpressions, et le v\u00e9rin doit pr\u00e9senter un coefficient de s\u00e9curit\u00e9 pour r\u00e9sister aux surcharges \u00e9ventuelles.<\/p>\n<h3>Entretien<\/h3>\n<p>Le v\u00e9rin hydraulique n\u00e9cessite un entretien r\u00e9gulier pour garantir son bon fonctionnement. Une inspection r\u00e9guli\u00e8re, une lubrification ad\u00e9quate, le remplacement des joints et des contr\u00f4les d'\u00e9talonnage sont essentiels pour assurer sa long\u00e9vit\u00e9.<\/p>\n<p><img decoding=\"async\" src=\"https:\/\/hydraulic-cylinders.net\/wp-content\/uploads\/2024\/11\/songte-oil-pipes-and-spare-parts.webp\"\/><\/p>\n<h2>Installation et maintenance<\/h2>\n<h3>Installation<\/h3>\n<p>Une installation correcte est essentielle au bon fonctionnement des v\u00e9rins hydrauliques. Le v\u00e9rin doit \u00eatre parfaitement align\u00e9 et fix\u00e9 \u00e0 l'aide de supports de montage appropri\u00e9s. Un niveau \u00e0 bulle ou un fil \u00e0 plomb permet d'obtenir un alignement correct. <\/p>\n<h3>Entretien<\/h3>\n<p>Une inspection r\u00e9guli\u00e8re, une lubrification ad\u00e9quate et le remplacement des joints sont indispensables pour assurer la long\u00e9vit\u00e9 du v\u00e9rin hydraulique. Un entretien appropri\u00e9 permet de pr\u00e9venir les pannes et de prolonger sa dur\u00e9e de vie.<\/p>\n<h3>Maintenance pr\u00e9ventive<\/h3>\n<ul>\n<li><strong>Inspection r\u00e9guli\u00e8re :<\/strong> Pour v\u00e9rifier tout signe d'usure ou de dommage sur le cylindre et ses composants.<\/li>\n<li><strong>Lubrification appropri\u00e9e :<\/strong> Pour assurer le bon fonctionnement du v\u00e9rin, lubrifiez r\u00e9guli\u00e8rement les pi\u00e8ces mobiles avec l'huile hydraulique recommand\u00e9e.<\/li>\n<li><strong>Remplacement du joint :<\/strong> Pour \u00e9viter les fuites et garantir la fiabilit\u00e9, remplacez les joints conform\u00e9ment aux recommandations du fabricant.<\/li>\n<\/ul>\n<p><img decoding=\"async\" src=\"https:\/\/www.hydraulic-cylinders.net\/wp-content\/uploads\/2025\/01\/songte-chushion-collar.webp\"\/><\/p>\n<h2>Consid\u00e9rations relatives \u00e0 la s\u00e9curit\u00e9 et \u00e0 l'environnement<\/h2>\n<p>Des pr\u00e9cautions de s\u00e9curit\u00e9 strictes doivent \u00eatre respect\u00e9es lors de la manipulation de v\u00e9rins hydrauliques. Il est imp\u00e9ratif de suivre les proc\u00e9dures appropri\u00e9es pour la manipulation, l'installation et l'entretien du v\u00e9rin afin de pr\u00e9venir tout accident. La manipulation et l'\u00e9limination correctes de l'huile hydraulique et des autres composants du v\u00e9rin sont \u00e9galement essentielles pour pr\u00e9server l'environnement.<\/p>\n<h2>Diagnostic et d\u00e9pannage des pannes<\/h2>\n<p>En cas de d\u00e9faillance d'un v\u00e9rin hydraulique, il est essentiel de diagnostiquer correctement le probl\u00e8me et d'intervenir rapidement. Les probl\u00e8mes courants incluent les fuites, les dommages au corps ou \u00e0 la tige du v\u00e9rin et les d\u00e9faillances du distributeur. Un diagnostic pr\u00e9cis permet de d\u00e9terminer la cause du probl\u00e8me et la solution appropri\u00e9e.<\/p>\n<h2>Pr\u00e9sentation de l'entreprise<\/h2>\n<p>Nous sommes un fabricant de v\u00e9rins hydrauliques de remplacement. Gr\u00e2ce \u00e0 notre gamme compl\u00e8te de produits, nous sommes devenus l'un des principaux fabricants et distributeurs de v\u00e9rins hydrauliques sur les march\u00e9s nationaux et internationaux. Nous privil\u00e9gions l'excellence et nous appuyons sur une strat\u00e9gie de gestion de production industrialis\u00e9e au sein de nos ateliers de fabrication de pointe. Nous am\u00e9liorons constamment nos installations, perfectionnons nos processus de production et mettons en \u0153uvre une forte capacit\u00e9 d'innovation, alliant efficacit\u00e9, pr\u00e9cision et qualit\u00e9, afin de r\u00e9pondre aux besoins vari\u00e9s de nos clients. <\/p>\n<h3>Professionnalisme<\/h3>\n<p>Notre entreprise dispose d'une \u00e9quipe de recherche et d\u00e9veloppement professionnelle et d'\u00e9quipements de production de pointe afin de garantir la qualit\u00e9 de nos produits et de r\u00e9pondre aux besoins de nos clients.<\/p>\n<h3>Certification internationale<\/h3>\n<p>Nos produits ont obtenu des certifications de qualit\u00e9 internationales, telles que ISO9001, CE et ROHS, garantissant ainsi leur conformit\u00e9 aux normes internationales et leur excellente qualit\u00e9.<\/p>\n<h3>Services de personnalisation<\/h3>\n<p>Nous proposons des services de v\u00e9rins hydrauliques sur mesure afin de r\u00e9pondre aux besoins sp\u00e9cifiques de nos clients. Nous concevons et fabriquons des v\u00e9rins hydrauliques r\u00e9pondant \u00e0 leurs exigences particuli\u00e8res.<\/p>\n<h3>\u00c9quipement de production<\/h3>\n<p>Notre entreprise dispose d'\u00e9quipements de production de pointe, tels que des tours CNC, des rectifieuses CNC et des fraiseuses CNC, qui garantissent la pr\u00e9cision et la qualit\u00e9 de nos produits.<\/p>\n<h3>Services apr\u00e8s-vente<\/h3>\n<p>Nous proposons des services apr\u00e8s-vente, tels que le remplacement de pi\u00e8ces et la remise en \u00e9tat, afin d'aider nos clients \u00e0 entretenir et r\u00e9parer leurs v\u00e9rins hydrauliques de mani\u00e8re efficace.<\/p>\n<p><img decoding=\"async\" src=\"https:\/\/www.hydraulic-cylinders.net\/wp-content\/uploads\/2025\/01\/songte-company-3.webp\"\/><\/p>\n<p>Auteur : lyl<\/p>","protected":false},"excerpt":{"rendered":"<p>Bucket Cylinder For Caterpillar Middle Excavator E320C\/320D Introduction Definition A bucket cylinder is a specially designed hydraulic cylinder primarily used to control the movement of the bucket in heavy machinery such as excavators, backhoes, and front loaders. Its main function is to enable the bucket to lift, lower, and tilt, making it easier to handle [&hellip;]<\/p>","protected":false},"featured_media":14773,"comment_status":"open","ping_status":"closed","template":"","meta":{"_et_pb_use_builder":"","_et_pb_old_content":"","_et_gb_content_width":""},"product_brand":[],"product_cat":[1494],"product_tag":[1495,1496],"class_list":{"0":"post-15231","1":"product","2":"type-product","3":"status-publish","4":"has-post-thumbnail","6":"product_cat-bucket-cylinders","7":"product_tag-bucket-cylinders","8":"product_tag-hydraulic-cylinders","10":"first","11":"instock","12":"shipping-taxable","13":"product-type-simple"},"amp_enabled":true,"_links":{"self":[{"href":"https:\/\/www.hydraulic-cylinders.net\/fr\/wp-json\/wp\/v2\/product\/15231","targetHints":{"allow":["GET"]}}],"collection":[{"href":"https:\/\/www.hydraulic-cylinders.net\/fr\/wp-json\/wp\/v2\/product"}],"about":[{"href":"https:\/\/www.hydraulic-cylinders.net\/fr\/wp-json\/wp\/v2\/types\/product"}],"replies":[{"embeddable":true,"href":"https:\/\/www.hydraulic-cylinders.net\/fr\/wp-json\/wp\/v2\/comments?post=15231"}],"wp:featuredmedia":[{"embeddable":true,"href":"https:\/\/www.hydraulic-cylinders.net\/fr\/wp-json\/wp\/v2\/media\/14773"}],"wp:attachment":[{"href":"https:\/\/www.hydraulic-cylinders.net\/fr\/wp-json\/wp\/v2\/media?parent=15231"}],"wp:term":[{"taxonomy":"product_brand","embeddable":true,"href":"https:\/\/www.hydraulic-cylinders.net\/fr\/wp-json\/wp\/v2\/product_brand?post=15231"},{"taxonomy":"product_cat","embeddable":true,"href":"https:\/\/www.hydraulic-cylinders.net\/fr\/wp-json\/wp\/v2\/product_cat?post=15231"},{"taxonomy":"product_tag","embeddable":true,"href":"https:\/\/www.hydraulic-cylinders.net\/fr\/wp-json\/wp\/v2\/product_tag?post=15231"}],"curies":[{"name":"wp","href":"https:\/\/api.w.org\/{rel}","templated":true}]}}